{"id":20812,"date":"2025-07-04T11:39:56","date_gmt":"2025-07-04T03:39:56","guid":{"rendered":"https:\/\/www.insurepart.com\/?post_type=product&#038;p=20812"},"modified":"2026-01-14T11:20:26","modified_gmt":"2026-01-14T03:20:26","slug":"compatible-lcd-screen-and-capacitive-touch-digitizer-for-ipad-mini-2-retina-display-a1489-a1490-a1491","status":"publish","type":"product","link":"https:\/\/www.dt-smart.com\/de\/produkt\/compatible-lcd-screen-and-capacitive-touch-digitizer-for-ipad-mini-2-retina-display-a1489-a1490-a1491\/","title":{"rendered":"iPad Mini 2 Retina Display (A1489\/A1490\/A1491) LCD-Bildschirm &amp; Digitizer-Austausch \u2013 Komplettes Set mit kapazitivem Touchscreen \u2013 Hohe Bildsch\u00e4rfe &amp; Reaktionsschnelligkeit \u2013 Qualit\u00e4tsgarantie \u2013 Schneller Versand"},"content":{"rendered":"<p style=\"text-align: center;\"><img fetchpriority=\"high\" decoding=\"async\" class=\"alignnone size-full wp-image-15567\" src=\"https:\/\/www.insurepart.com\/wp-content\/uploads\/2024\/08\/\u4e3a\u4ec0\u4e48\u9009\u62e9\u6211\u4eec22.webp\" alt=\"\" width=\"1000\" height=\"786\" srcset=\"https:\/\/www.dt-smart.com\/wp-content\/uploads\/2024\/08\/\u4e3a\u4ec0\u4e48\u9009\u62e9\u6211\u4eec22.webp 1000w, https:\/\/www.dt-smart.com\/wp-content\/uploads\/2024\/08\/\u4e3a\u4ec0\u4e48\u9009\u62e9\u6211\u4eec22-300x236.webp 300w, https:\/\/www.dt-smart.com\/wp-content\/uploads\/2024\/08\/\u4e3a\u4ec0\u4e48\u9009\u62e9\u6211\u4eec22-150x118.webp 150w, https:\/\/www.dt-smart.com\/wp-content\/uploads\/2024\/08\/\u4e3a\u4ec0\u4e48\u9009\u62e9\u6211\u4eec22-800x629.webp 800w, https:\/\/www.dt-smart.com\/wp-content\/uploads\/2024\/08\/\u4e3a\u4ec0\u4e48\u9009\u62e9\u6211\u4eec22-768x604.webp 768w, https:\/\/www.dt-smart.com\/wp-content\/uploads\/2024\/08\/\u4e3a\u4ec0\u4e48\u9009\u62e9\u6211\u4eec22-15x12.webp 15w\" sizes=\"(max-width: 1000px) 100vw, 1000px\" \/><\/p>","protected":false},"excerpt":{"rendered":"<p><span style=\"font-size: 10pt;\">Dieser Bildschirmersatz f\u00fcr das iPad mini 2 umfasst sowohl das Retina-LCD als auch den Touch-Digitizer. Er bietet eine Aufl\u00f6sung von 2048 \u00d7 1536 Pixeln mit hervorragender Farbgenauigkeit und Helligkeit. Die Touch-Reaktion ist schnell und fl\u00fcssig. Kompatibel mit den Modellen A1489, A1490 und A1491. Der Bildschirm ist nicht laminiert, LCD und Digitizer sind also separat. Jede Einheit wird vor dem Versand werkseitig auf ihre Funktion gepr\u00fcft. Geeignet zur Behebung von Glasbruch, defekten Displays oder Touch-Problemen. F\u00fcr eine optimale Performance empfehlen wir die Installation durch einen Fachmann.<\/span><\/p>","protected":false},"featured_media":20827,"comment_status":"open","ping_status":"closed","template":"","meta":[],"product_brand":[],"product_cat":[596,43,408],"product_tag":[],"class_list":{"0":"post-20812","1":"product","2":"type-product","3":"status-publish","4":"has-post-thumbnail","6":"product_cat-all-ipad-tplcd","7":"product_cat-ipad","8":"product_cat-ipad-mini-2","10":"first","11":"instock","12":"taxable","13":"shipping-taxable","14":"purchasable","15":"product-type-simple"},"yoast_head":"<!-- This site is optimized with the Yoast SEO plugin v27.4 - https:\/\/yoast.com\/product\/yoast-seo-wordpress\/ -->\n<title>iPad Mini 2 Retina Display (A1489\/A1490\/A1491) LCD Screen &amp; Digitizer Replacement - Full Assembly with Capacitive Touch - High Clarity &amp; Responsive - Quality Guaranteed - Fast Shipping - InsurePart<\/title>\n<meta name=\"description\" content=\"iPad Mini 2 Retina Display (A1489\/A1490\/A1491) LCD Screen &amp; Digitizer Replacement - Full Assembly with Capacitive Touch - High Clarity &amp; Responsive - Quality Guaranteed - Fast Shipping\" \/>\n<meta name=\"robots\" content=\"index, follow, max-snippet:-1, max-image-preview:large, max-video-preview:-1\" \/>\n<link rel=\"canonical\" href=\"https:\/\/www.dt-smart.com\/de\/produkt\/compatible-lcd-screen-and-capacitive-touch-digitizer-for-ipad-mini-2-retina-display-a1489-a1490-a1491\/\" \/>\n<meta property=\"og:locale\" content=\"de_DE\" \/>\n<meta property=\"og:type\" content=\"article\" \/>\n<meta property=\"og:title\" content=\"iPad Mini 2 Retina Display (A1489\/A1490\/A1491) LCD Screen &amp; Digitizer Replacement - Full Assembly with Capacitive Touch - High Clarity &amp; Responsive - Quality Guaranteed - Fast Shipping - InsurePart\" \/>\n<meta property=\"og:description\" content=\"iPad Mini 2 Retina Display (A1489\/A1490\/A1491) LCD Screen &amp; Digitizer Replacement - Full Assembly with Capacitive Touch - High Clarity &amp; Responsive - Quality Guaranteed - Fast Shipping\" \/>\n<meta property=\"og:url\" content=\"https:\/\/www.dt-smart.com\/de\/produkt\/compatible-lcd-screen-and-capacitive-touch-digitizer-for-ipad-mini-2-retina-display-a1489-a1490-a1491\/\" \/>\n<meta property=\"og:site_name\" content=\"InsurePart\" \/>\n<meta property=\"article:publisher\" content=\"https:\/\/www.facebook.com\/anjinleeEva\" \/>\n<meta property=\"article:modified_time\" content=\"2026-01-14T03:20:26+00:00\" \/>\n<meta property=\"og:image\" content=\"https:\/\/www.dt-smart.com\/wp-content\/uploads\/2025\/07\/Mini2-3-1.jpg\" \/>\n\t<meta property=\"og:image:width\" content=\"800\" \/>\n\t<meta property=\"og:image:height\" content=\"800\" \/>\n\t<meta property=\"og:image:type\" content=\"image\/jpeg\" \/>\n<meta name=\"twitter:card\" content=\"summary_large_image\" \/>\n<meta name=\"twitter:label1\" content=\"Gesch\u00e4tzte Lesezeit\" \/>\n\t<meta name=\"twitter:data1\" content=\"1\u00a0Minute\" \/>\n<script type=\"application\/ld+json\" class=\"yoast-schema-graph\">{\"@context\":\"https:\\\/\\\/schema.org\",\"@graph\":[{\"@type\":\"WebPage\",\"@id\":\"https:\\\/\\\/www.dt-smart.com\\\/product\\\/compatible-lcd-screen-and-capacitive-touch-digitizer-for-ipad-mini-2-retina-display-a1489-a1490-a1491\\\/\",\"url\":\"https:\\\/\\\/www.dt-smart.com\\\/product\\\/compatible-lcd-screen-and-capacitive-touch-digitizer-for-ipad-mini-2-retina-display-a1489-a1490-a1491\\\/\",\"name\":\"iPad Mini 2 Retina Display (A1489\\\/A1490\\\/A1491) LCD Screen & Digitizer Replacement - Full Assembly with Capacitive Touch - High Clarity & Responsive - Quality Guaranteed - Fast Shipping - InsurePart\",\"isPartOf\":{\"@id\":\"https:\\\/\\\/www.dt-smart.com\\\/#website\"},\"primaryImageOfPage\":{\"@id\":\"https:\\\/\\\/www.dt-smart.com\\\/product\\\/compatible-lcd-screen-and-capacitive-touch-digitizer-for-ipad-mini-2-retina-display-a1489-a1490-a1491\\\/#primaryimage\"},\"image\":{\"@id\":\"https:\\\/\\\/www.dt-smart.com\\\/product\\\/compatible-lcd-screen-and-capacitive-touch-digitizer-for-ipad-mini-2-retina-display-a1489-a1490-a1491\\\/#primaryimage\"},\"thumbnailUrl\":\"https:\\\/\\\/www.dt-smart.com\\\/wp-content\\\/uploads\\\/2025\\\/07\\\/Mini2-3-1.jpg\",\"datePublished\":\"2025-07-04T03:39:56+00:00\",\"dateModified\":\"2026-01-14T03:20:26+00:00\",\"description\":\"iPad Mini 2 Retina Display (A1489\\\/A1490\\\/A1491) LCD Screen & Digitizer Replacement - Full Assembly with Capacitive Touch - High Clarity & Responsive - Quality Guaranteed - Fast Shipping\",\"breadcrumb\":{\"@id\":\"https:\\\/\\\/www.dt-smart.com\\\/product\\\/compatible-lcd-screen-and-capacitive-touch-digitizer-for-ipad-mini-2-retina-display-a1489-a1490-a1491\\\/#breadcrumb\"},\"inLanguage\":\"de\",\"potentialAction\":[{\"@type\":\"ReadAction\",\"target\":[\"https:\\\/\\\/www.dt-smart.com\\\/product\\\/compatible-lcd-screen-and-capacitive-touch-digitizer-for-ipad-mini-2-retina-display-a1489-a1490-a1491\\\/\"]}]},{\"@type\":\"ImageObject\",\"inLanguage\":\"de\",\"@id\":\"https:\\\/\\\/www.dt-smart.com\\\/product\\\/compatible-lcd-screen-and-capacitive-touch-digitizer-for-ipad-mini-2-retina-display-a1489-a1490-a1491\\\/#primaryimage\",\"url\":\"https:\\\/\\\/www.dt-smart.com\\\/wp-content\\\/uploads\\\/2025\\\/07\\\/Mini2-3-1.jpg\",\"contentUrl\":\"https:\\\/\\\/www.dt-smart.com\\\/wp-content\\\/uploads\\\/2025\\\/07\\\/Mini2-3-1.jpg\",\"width\":800,\"height\":800},{\"@type\":\"BreadcrumbList\",\"@id\":\"https:\\\/\\\/www.dt-smart.com\\\/product\\\/compatible-lcd-screen-and-capacitive-touch-digitizer-for-ipad-mini-2-retina-display-a1489-a1490-a1491\\\/#breadcrumb\",\"itemListElement\":[{\"@type\":\"ListItem\",\"position\":1,\"name\":\"Home\",\"item\":\"https:\\\/\\\/www.dt-smart.com\\\/\"},{\"@type\":\"ListItem\",\"position\":2,\"name\":\"Product\",\"item\":\"https:\\\/\\\/www.dt-smart.com\\\/ru\\\/product\\\/\"},{\"@type\":\"ListItem\",\"position\":3,\"name\":\"iPad Mini 2 Retina Display (A1489\\\/A1490\\\/A1491) LCD Screen &#038; Digitizer Replacement &#8211; Full Assembly with Capacitive Touch &#8211; High Clarity &#038; Responsive &#8211; Quality Guaranteed &#8211; Fast Shipping\"}]},{\"@type\":\"WebSite\",\"@id\":\"https:\\\/\\\/www.dt-smart.com\\\/#website\",\"url\":\"https:\\\/\\\/www.dt-smart.com\\\/\",\"name\":\"InsurePart\",\"description\":\"Cell Phone Repair Parts; iPhone Parts Wholesale;Samsung Parts Supplier\",\"potentialAction\":[{\"@type\":\"SearchAction\",\"target\":{\"@type\":\"EntryPoint\",\"urlTemplate\":\"https:\\\/\\\/www.dt-smart.com\\\/?s={search_term_string}\"},\"query-input\":{\"@type\":\"PropertyValueSpecification\",\"valueRequired\":true,\"valueName\":\"search_term_string\"}}],\"inLanguage\":\"de\"}]}<\/script>\n<!-- \/ Yoast SEO plugin. -->","yoast_head_json":{"title":"iPad Mini 2 Retina Display (A1489\/A1490\/A1491) LCD Screen & Digitizer Replacement - Full Assembly with Capacitive Touch - High Clarity & Responsive - Quality Guaranteed - Fast Shipping - InsurePart","description":"iPad Mini 2 Retina Display (A1489\/A1490\/A1491) LCD Screen & Digitizer Replacement - Full Assembly with Capacitive Touch - High Clarity & Responsive - Quality Guaranteed - Fast Shipping","robots":{"index":"index","follow":"follow","max-snippet":"max-snippet:-1","max-image-preview":"max-image-preview:large","max-video-preview":"max-video-preview:-1"},"canonical":"https:\/\/www.dt-smart.com\/de\/produkt\/compatible-lcd-screen-and-capacitive-touch-digitizer-for-ipad-mini-2-retina-display-a1489-a1490-a1491\/","og_locale":"de_DE","og_type":"article","og_title":"iPad Mini 2 Retina Display (A1489\/A1490\/A1491) LCD Screen & Digitizer Replacement - Full Assembly with Capacitive Touch - High Clarity & Responsive - Quality Guaranteed - Fast Shipping - InsurePart","og_description":"iPad Mini 2 Retina Display (A1489\/A1490\/A1491) LCD Screen & Digitizer Replacement - Full Assembly with Capacitive Touch - High Clarity & Responsive - Quality Guaranteed - Fast Shipping","og_url":"https:\/\/www.dt-smart.com\/de\/produkt\/compatible-lcd-screen-and-capacitive-touch-digitizer-for-ipad-mini-2-retina-display-a1489-a1490-a1491\/","og_site_name":"InsurePart","article_publisher":"https:\/\/www.facebook.com\/anjinleeEva","article_modified_time":"2026-01-14T03:20:26+00:00","og_image":[{"width":800,"height":800,"url":"https:\/\/www.dt-smart.com\/wp-content\/uploads\/2025\/07\/Mini2-3-1.jpg","type":"image\/jpeg"}],"twitter_card":"summary_large_image","twitter_misc":{"Gesch\u00e4tzte Lesezeit":"1\u00a0Minute"},"schema":{"@context":"https:\/\/schema.org","@graph":[{"@type":"WebPage","@id":"https:\/\/www.dt-smart.com\/product\/compatible-lcd-screen-and-capacitive-touch-digitizer-for-ipad-mini-2-retina-display-a1489-a1490-a1491\/","url":"https:\/\/www.dt-smart.com\/product\/compatible-lcd-screen-and-capacitive-touch-digitizer-for-ipad-mini-2-retina-display-a1489-a1490-a1491\/","name":"iPad Mini 2 Retina Display (A1489\/A1490\/A1491) LCD Screen & Digitizer Replacement - Full Assembly with Capacitive Touch - High Clarity & Responsive - Quality Guaranteed - Fast Shipping - InsurePart","isPartOf":{"@id":"https:\/\/www.dt-smart.com\/#website"},"primaryImageOfPage":{"@id":"https:\/\/www.dt-smart.com\/product\/compatible-lcd-screen-and-capacitive-touch-digitizer-for-ipad-mini-2-retina-display-a1489-a1490-a1491\/#primaryimage"},"image":{"@id":"https:\/\/www.dt-smart.com\/product\/compatible-lcd-screen-and-capacitive-touch-digitizer-for-ipad-mini-2-retina-display-a1489-a1490-a1491\/#primaryimage"},"thumbnailUrl":"https:\/\/www.dt-smart.com\/wp-content\/uploads\/2025\/07\/Mini2-3-1.jpg","datePublished":"2025-07-04T03:39:56+00:00","dateModified":"2026-01-14T03:20:26+00:00","description":"iPad Mini 2 Retina Display (A1489\/A1490\/A1491) LCD Screen & Digitizer Replacement - Full Assembly with Capacitive Touch - High Clarity & Responsive - Quality Guaranteed - Fast Shipping","breadcrumb":{"@id":"https:\/\/www.dt-smart.com\/product\/compatible-lcd-screen-and-capacitive-touch-digitizer-for-ipad-mini-2-retina-display-a1489-a1490-a1491\/#breadcrumb"},"inLanguage":"de","potentialAction":[{"@type":"ReadAction","target":["https:\/\/www.dt-smart.com\/product\/compatible-lcd-screen-and-capacitive-touch-digitizer-for-ipad-mini-2-retina-display-a1489-a1490-a1491\/"]}]},{"@type":"ImageObject","inLanguage":"de","@id":"https:\/\/www.dt-smart.com\/product\/compatible-lcd-screen-and-capacitive-touch-digitizer-for-ipad-mini-2-retina-display-a1489-a1490-a1491\/#primaryimage","url":"https:\/\/www.dt-smart.com\/wp-content\/uploads\/2025\/07\/Mini2-3-1.jpg","contentUrl":"https:\/\/www.dt-smart.com\/wp-content\/uploads\/2025\/07\/Mini2-3-1.jpg","width":800,"height":800},{"@type":"BreadcrumbList","@id":"https:\/\/www.dt-smart.com\/product\/compatible-lcd-screen-and-capacitive-touch-digitizer-for-ipad-mini-2-retina-display-a1489-a1490-a1491\/#breadcrumb","itemListElement":[{"@type":"ListItem","position":1,"name":"Home","item":"https:\/\/www.dt-smart.com\/"},{"@type":"ListItem","position":2,"name":"Product","item":"https:\/\/www.dt-smart.com\/ru\/product\/"},{"@type":"ListItem","position":3,"name":"iPad Mini 2 Retina Display (A1489\/A1490\/A1491) LCD Screen &#038; Digitizer Replacement &#8211; Full Assembly with Capacitive Touch &#8211; High Clarity &#038; Responsive &#8211; Quality Guaranteed &#8211; Fast Shipping"}]},{"@type":"WebSite","@id":"https:\/\/www.dt-smart.com\/#website","url":"https:\/\/www.dt-smart.com\/","name":"InsurePart","description":"Handy-Ersatzteile; iPhone-Ersatzteile im Gro\u00dfhandel; Samsung-Ersatzteillieferant","potentialAction":[{"@type":"SearchAction","target":{"@type":"EntryPoint","urlTemplate":"https:\/\/www.dt-smart.com\/?s={search_term_string}"},"query-input":{"@type":"PropertyValueSpecification","valueRequired":true,"valueName":"search_term_string"}}],"inLanguage":"de"}]}},"_links":{"self":[{"href":"https:\/\/www.dt-smart.com\/de\/wp-json\/wp\/v2\/product\/20812","targetHints":{"allow":["GET"]}}],"collection":[{"href":"https:\/\/www.dt-smart.com\/de\/wp-json\/wp\/v2\/product"}],"about":[{"href":"https:\/\/www.dt-smart.com\/de\/wp-json\/wp\/v2\/types\/product"}],"replies":[{"embeddable":true,"href":"https:\/\/www.dt-smart.com\/de\/wp-json\/wp\/v2\/comments?post=20812"}],"version-history":[{"count":3,"href":"https:\/\/www.dt-smart.com\/de\/wp-json\/wp\/v2\/product\/20812\/revisions"}],"predecessor-version":[{"id":24871,"href":"https:\/\/www.dt-smart.com\/de\/wp-json\/wp\/v2\/product\/20812\/revisions\/24871"}],"wp:featuredmedia":[{"embeddable":true,"href":"https:\/\/www.dt-smart.com\/de\/wp-json\/wp\/v2\/media\/20827"}],"wp:attachment":[{"href":"https:\/\/www.dt-smart.com\/de\/wp-json\/wp\/v2\/media?parent=20812"}],"wp:term":[{"taxonomy":"product_brand","embeddable":true,"href":"https:\/\/www.dt-smart.com\/de\/wp-json\/wp\/v2\/product_brand?post=20812"},{"taxonomy":"product_cat","embeddable":true,"href":"https:\/\/www.dt-smart.com\/de\/wp-json\/wp\/v2\/product_cat?post=20812"},{"taxonomy":"product_tag","embeddable":true,"href":"https:\/\/www.dt-smart.com\/de\/wp-json\/wp\/v2\/product_tag?post=20812"}],"curies":[{"name":"wp","href":"https:\/\/api.w.org\/{rel}","templated":true}]}}