{"id":20816,"date":"2025-07-04T11:45:13","date_gmt":"2025-07-04T03:45:13","guid":{"rendered":"https:\/\/www.insurepart.com\/?post_type=product&#038;p=20816"},"modified":"2025-12-20T14:47:09","modified_gmt":"2025-12-20T06:47:09","slug":"laminated-lcd-and-touch-digitizer-screen-assembly-replacement-for-ipad-mini-4-a1538-a1550","status":"publish","type":"product","link":"https:\/\/www.dt-smart.com\/de\/produkt\/laminated-lcd-and-touch-digitizer-screen-assembly-replacement-for-ipad-mini-4-a1538-a1550\/","title":{"rendered":"iPad Mini 4 (A1538\/A1550) Displayeinheit mit laminiertem LCD und Touchscreen \u2013 Retina-Display mit Antireflexbeschichtung \u2013 Schlankes und leichtes Design \u2013 Erstausr\u00fcsterqualit\u00e4t \u2013 Qualit\u00e4tsgarantie \u2013 Schneller Versand"},"content":{"rendered":"<p style=\"text-align: center;\"><img fetchpriority=\"high\" decoding=\"async\" class=\"alignnone size-full wp-image-15567\" src=\"https:\/\/www.insurepart.com\/wp-content\/uploads\/2024\/08\/\u4e3a\u4ec0\u4e48\u9009\u62e9\u6211\u4eec22.webp\" alt=\"\" width=\"1000\" height=\"786\" srcset=\"https:\/\/www.dt-smart.com\/wp-content\/uploads\/2024\/08\/\u4e3a\u4ec0\u4e48\u9009\u62e9\u6211\u4eec22.webp 1000w, https:\/\/www.dt-smart.com\/wp-content\/uploads\/2024\/08\/\u4e3a\u4ec0\u4e48\u9009\u62e9\u6211\u4eec22-300x236.webp 300w, https:\/\/www.dt-smart.com\/wp-content\/uploads\/2024\/08\/\u4e3a\u4ec0\u4e48\u9009\u62e9\u6211\u4eec22-150x118.webp 150w, https:\/\/www.dt-smart.com\/wp-content\/uploads\/2024\/08\/\u4e3a\u4ec0\u4e48\u9009\u62e9\u6211\u4eec22-800x629.webp 800w, https:\/\/www.dt-smart.com\/wp-content\/uploads\/2024\/08\/\u4e3a\u4ec0\u4e48\u9009\u62e9\u6211\u4eec22-768x604.webp 768w, https:\/\/www.dt-smart.com\/wp-content\/uploads\/2024\/08\/\u4e3a\u4ec0\u4e48\u9009\u62e9\u6211\u4eec22-15x12.webp 15w\" sizes=\"(max-width: 1000px) 100vw, 1000px\" \/><\/p>","protected":false},"excerpt":{"rendered":"<p>Das iPad mini 4 verf\u00fcgt \u00fcber ein vollst\u00e4ndig laminiertes Display, und dieses Ersatzdisplay entspricht diesem Standard. LCD und Digitizer sind bereits miteinander verbunden, was die Installation vereinfacht. Kompatibel mit den Modellen A1538 und A1550. Das Display bietet brillante Farben, weite Betrachtungswinkel und eine zuverl\u00e4ssige Touch-Reaktion. Dieses Ersatzteil eignet sich ideal zur Behebung von Displayfehlern, Touchscreen-Problemen oder anderen Anzeigedefekten. Jedes Display wird auf Helligkeit, Pixelfehler und Genauigkeit der Touch-Eingabe gepr\u00fcft. Der Home-Button ist nicht im Lieferumfang enthalten. Nur mit kompatiblen iPad mini 4 Modellen verwenden.<\/p>","protected":false},"featured_media":20829,"comment_status":"open","ping_status":"closed","template":"","meta":[],"product_brand":[],"product_cat":[596,43,406],"product_tag":[],"class_list":{"0":"post-20816","1":"product","2":"type-product","3":"status-publish","4":"has-post-thumbnail","6":"product_cat-all-ipad-tplcd","7":"product_cat-ipad","8":"product_cat-ipad-mini-4","10":"first","11":"instock","12":"taxable","13":"shipping-taxable","14":"purchasable","15":"product-type-simple"},"yoast_head":"<!-- This site is optimized with the Yoast SEO plugin v27.4 - https:\/\/yoast.com\/product\/yoast-seo-wordpress\/ -->\n<title>iPad Mini 4 (A1538\/A1550) Laminated LCD &amp; Touch Digitizer Screen Assembly Replacement - Retina Display with Anti-Reflective Coating - Slim &amp; Lightweight Design - OEM Grade - Quality Guaranteed - Fast Shipping - InsurePart<\/title>\n<meta name=\"description\" content=\"Laminated LCD and Touch Digitizer Screen Assembly Replacement for iPad Mini 4 A1538 A1550\" \/>\n<meta name=\"robots\" content=\"index, follow, max-snippet:-1, max-image-preview:large, max-video-preview:-1\" \/>\n<link rel=\"canonical\" href=\"https:\/\/www.dt-smart.com\/de\/produkt\/laminated-lcd-and-touch-digitizer-screen-assembly-replacement-for-ipad-mini-4-a1538-a1550\/\" \/>\n<meta property=\"og:locale\" content=\"de_DE\" \/>\n<meta property=\"og:type\" content=\"article\" \/>\n<meta property=\"og:title\" content=\"iPad Mini 4 (A1538\/A1550) Laminated LCD &amp; Touch Digitizer Screen Assembly Replacement - Retina Display with Anti-Reflective Coating - Slim &amp; Lightweight Design - OEM Grade - Quality Guaranteed - Fast Shipping - InsurePart\" \/>\n<meta property=\"og:description\" content=\"Laminated LCD and Touch Digitizer Screen Assembly Replacement for iPad Mini 4 A1538 A1550\" \/>\n<meta property=\"og:url\" content=\"https:\/\/www.dt-smart.com\/de\/produkt\/laminated-lcd-and-touch-digitizer-screen-assembly-replacement-for-ipad-mini-4-a1538-a1550\/\" \/>\n<meta property=\"og:site_name\" content=\"InsurePart\" \/>\n<meta property=\"article:publisher\" content=\"https:\/\/www.facebook.com\/anjinleeEva\" \/>\n<meta property=\"article:modified_time\" content=\"2025-12-20T06:47:09+00:00\" \/>\n<meta property=\"og:image\" content=\"https:\/\/www.dt-smart.com\/wp-content\/uploads\/2025\/07\/mini4-1.webp\" \/>\n\t<meta property=\"og:image:width\" content=\"800\" \/>\n\t<meta property=\"og:image:height\" content=\"800\" \/>\n\t<meta property=\"og:image:type\" content=\"image\/webp\" \/>\n<meta name=\"twitter:card\" content=\"summary_large_image\" \/>\n<meta name=\"twitter:label1\" content=\"Gesch\u00e4tzte Lesezeit\" \/>\n\t<meta name=\"twitter:data1\" content=\"1\u00a0Minute\" \/>\n<script type=\"application\/ld+json\" class=\"yoast-schema-graph\">{\"@context\":\"https:\\\/\\\/schema.org\",\"@graph\":[{\"@type\":\"WebPage\",\"@id\":\"https:\\\/\\\/www.dt-smart.com\\\/product\\\/laminated-lcd-and-touch-digitizer-screen-assembly-replacement-for-ipad-mini-4-a1538-a1550\\\/\",\"url\":\"https:\\\/\\\/www.dt-smart.com\\\/product\\\/laminated-lcd-and-touch-digitizer-screen-assembly-replacement-for-ipad-mini-4-a1538-a1550\\\/\",\"name\":\"iPad Mini 4 (A1538\\\/A1550) Laminated LCD & Touch Digitizer Screen Assembly Replacement - Retina Display with Anti-Reflective Coating - Slim & Lightweight Design - OEM Grade - Quality Guaranteed - Fast Shipping - InsurePart\",\"isPartOf\":{\"@id\":\"https:\\\/\\\/www.dt-smart.com\\\/#website\"},\"primaryImageOfPage\":{\"@id\":\"https:\\\/\\\/www.dt-smart.com\\\/product\\\/laminated-lcd-and-touch-digitizer-screen-assembly-replacement-for-ipad-mini-4-a1538-a1550\\\/#primaryimage\"},\"image\":{\"@id\":\"https:\\\/\\\/www.dt-smart.com\\\/product\\\/laminated-lcd-and-touch-digitizer-screen-assembly-replacement-for-ipad-mini-4-a1538-a1550\\\/#primaryimage\"},\"thumbnailUrl\":\"https:\\\/\\\/www.dt-smart.com\\\/wp-content\\\/uploads\\\/2025\\\/07\\\/mini4-1.webp\",\"datePublished\":\"2025-07-04T03:45:13+00:00\",\"dateModified\":\"2025-12-20T06:47:09+00:00\",\"description\":\"Laminated LCD and Touch Digitizer Screen Assembly Replacement for iPad Mini 4 A1538 A1550\",\"breadcrumb\":{\"@id\":\"https:\\\/\\\/www.dt-smart.com\\\/product\\\/laminated-lcd-and-touch-digitizer-screen-assembly-replacement-for-ipad-mini-4-a1538-a1550\\\/#breadcrumb\"},\"inLanguage\":\"de\",\"potentialAction\":[{\"@type\":\"ReadAction\",\"target\":[\"https:\\\/\\\/www.dt-smart.com\\\/product\\\/laminated-lcd-and-touch-digitizer-screen-assembly-replacement-for-ipad-mini-4-a1538-a1550\\\/\"]}]},{\"@type\":\"ImageObject\",\"inLanguage\":\"de\",\"@id\":\"https:\\\/\\\/www.dt-smart.com\\\/product\\\/laminated-lcd-and-touch-digitizer-screen-assembly-replacement-for-ipad-mini-4-a1538-a1550\\\/#primaryimage\",\"url\":\"https:\\\/\\\/www.dt-smart.com\\\/wp-content\\\/uploads\\\/2025\\\/07\\\/mini4-1.webp\",\"contentUrl\":\"https:\\\/\\\/www.dt-smart.com\\\/wp-content\\\/uploads\\\/2025\\\/07\\\/mini4-1.webp\",\"width\":800,\"height\":800},{\"@type\":\"BreadcrumbList\",\"@id\":\"https:\\\/\\\/www.dt-smart.com\\\/product\\\/laminated-lcd-and-touch-digitizer-screen-assembly-replacement-for-ipad-mini-4-a1538-a1550\\\/#breadcrumb\",\"itemListElement\":[{\"@type\":\"ListItem\",\"position\":1,\"name\":\"Home\",\"item\":\"https:\\\/\\\/www.dt-smart.com\\\/\"},{\"@type\":\"ListItem\",\"position\":2,\"name\":\"Product\",\"item\":\"https:\\\/\\\/www.dt-smart.com\\\/ru\\\/product\\\/\"},{\"@type\":\"ListItem\",\"position\":3,\"name\":\"iPad Mini 4 (A1538\\\/A1550) Laminated LCD &#038; Touch Digitizer Screen Assembly Replacement &#8211; Retina Display with Anti-Reflective Coating &#8211; Slim &#038; Lightweight Design &#8211; OEM Grade &#8211; Quality Guaranteed &#8211; Fast Shipping\"}]},{\"@type\":\"WebSite\",\"@id\":\"https:\\\/\\\/www.dt-smart.com\\\/#website\",\"url\":\"https:\\\/\\\/www.dt-smart.com\\\/\",\"name\":\"InsurePart\",\"description\":\"Cell Phone Repair Parts; iPhone Parts Wholesale;Samsung Parts Supplier\",\"potentialAction\":[{\"@type\":\"SearchAction\",\"target\":{\"@type\":\"EntryPoint\",\"urlTemplate\":\"https:\\\/\\\/www.dt-smart.com\\\/?s={search_term_string}\"},\"query-input\":{\"@type\":\"PropertyValueSpecification\",\"valueRequired\":true,\"valueName\":\"search_term_string\"}}],\"inLanguage\":\"de\"}]}<\/script>\n<!-- \/ Yoast SEO plugin. -->","yoast_head_json":{"title":"iPad Mini 4 (A1538\/A1550) Laminated LCD & Touch Digitizer Screen Assembly Replacement - Retina Display with Anti-Reflective Coating - Slim & Lightweight Design - OEM Grade - Quality Guaranteed - Fast Shipping - InsurePart","description":"Laminated LCD and Touch Digitizer Screen Assembly Replacement for iPad Mini 4 A1538 A1550","robots":{"index":"index","follow":"follow","max-snippet":"max-snippet:-1","max-image-preview":"max-image-preview:large","max-video-preview":"max-video-preview:-1"},"canonical":"https:\/\/www.dt-smart.com\/de\/produkt\/laminated-lcd-and-touch-digitizer-screen-assembly-replacement-for-ipad-mini-4-a1538-a1550\/","og_locale":"de_DE","og_type":"article","og_title":"iPad Mini 4 (A1538\/A1550) Laminated LCD & Touch Digitizer Screen Assembly Replacement - Retina Display with Anti-Reflective Coating - Slim & Lightweight Design - OEM Grade - Quality Guaranteed - Fast Shipping - InsurePart","og_description":"Laminated LCD and Touch Digitizer Screen Assembly Replacement for iPad Mini 4 A1538 A1550","og_url":"https:\/\/www.dt-smart.com\/de\/produkt\/laminated-lcd-and-touch-digitizer-screen-assembly-replacement-for-ipad-mini-4-a1538-a1550\/","og_site_name":"InsurePart","article_publisher":"https:\/\/www.facebook.com\/anjinleeEva","article_modified_time":"2025-12-20T06:47:09+00:00","og_image":[{"width":800,"height":800,"url":"https:\/\/www.dt-smart.com\/wp-content\/uploads\/2025\/07\/mini4-1.webp","type":"image\/webp"}],"twitter_card":"summary_large_image","twitter_misc":{"Gesch\u00e4tzte Lesezeit":"1\u00a0Minute"},"schema":{"@context":"https:\/\/schema.org","@graph":[{"@type":"WebPage","@id":"https:\/\/www.dt-smart.com\/product\/laminated-lcd-and-touch-digitizer-screen-assembly-replacement-for-ipad-mini-4-a1538-a1550\/","url":"https:\/\/www.dt-smart.com\/product\/laminated-lcd-and-touch-digitizer-screen-assembly-replacement-for-ipad-mini-4-a1538-a1550\/","name":"iPad Mini 4 (A1538\/A1550) Laminated LCD & Touch Digitizer Screen Assembly Replacement - Retina Display with Anti-Reflective Coating - Slim & Lightweight Design - OEM Grade - Quality Guaranteed - Fast Shipping - InsurePart","isPartOf":{"@id":"https:\/\/www.dt-smart.com\/#website"},"primaryImageOfPage":{"@id":"https:\/\/www.dt-smart.com\/product\/laminated-lcd-and-touch-digitizer-screen-assembly-replacement-for-ipad-mini-4-a1538-a1550\/#primaryimage"},"image":{"@id":"https:\/\/www.dt-smart.com\/product\/laminated-lcd-and-touch-digitizer-screen-assembly-replacement-for-ipad-mini-4-a1538-a1550\/#primaryimage"},"thumbnailUrl":"https:\/\/www.dt-smart.com\/wp-content\/uploads\/2025\/07\/mini4-1.webp","datePublished":"2025-07-04T03:45:13+00:00","dateModified":"2025-12-20T06:47:09+00:00","description":"Laminated LCD and Touch Digitizer Screen Assembly Replacement for iPad Mini 4 A1538 A1550","breadcrumb":{"@id":"https:\/\/www.dt-smart.com\/product\/laminated-lcd-and-touch-digitizer-screen-assembly-replacement-for-ipad-mini-4-a1538-a1550\/#breadcrumb"},"inLanguage":"de","potentialAction":[{"@type":"ReadAction","target":["https:\/\/www.dt-smart.com\/product\/laminated-lcd-and-touch-digitizer-screen-assembly-replacement-for-ipad-mini-4-a1538-a1550\/"]}]},{"@type":"ImageObject","inLanguage":"de","@id":"https:\/\/www.dt-smart.com\/product\/laminated-lcd-and-touch-digitizer-screen-assembly-replacement-for-ipad-mini-4-a1538-a1550\/#primaryimage","url":"https:\/\/www.dt-smart.com\/wp-content\/uploads\/2025\/07\/mini4-1.webp","contentUrl":"https:\/\/www.dt-smart.com\/wp-content\/uploads\/2025\/07\/mini4-1.webp","width":800,"height":800},{"@type":"BreadcrumbList","@id":"https:\/\/www.dt-smart.com\/product\/laminated-lcd-and-touch-digitizer-screen-assembly-replacement-for-ipad-mini-4-a1538-a1550\/#breadcrumb","itemListElement":[{"@type":"ListItem","position":1,"name":"Home","item":"https:\/\/www.dt-smart.com\/"},{"@type":"ListItem","position":2,"name":"Product","item":"https:\/\/www.dt-smart.com\/ru\/product\/"},{"@type":"ListItem","position":3,"name":"iPad Mini 4 (A1538\/A1550) Laminated LCD &#038; Touch Digitizer Screen Assembly Replacement &#8211; Retina Display with Anti-Reflective Coating &#8211; Slim &#038; Lightweight Design &#8211; OEM Grade &#8211; Quality Guaranteed &#8211; Fast Shipping"}]},{"@type":"WebSite","@id":"https:\/\/www.dt-smart.com\/#website","url":"https:\/\/www.dt-smart.com\/","name":"InsurePart","description":"Handy-Ersatzteile; iPhone-Ersatzteile im Gro\u00dfhandel; Samsung-Ersatzteillieferant","potentialAction":[{"@type":"SearchAction","target":{"@type":"EntryPoint","urlTemplate":"https:\/\/www.dt-smart.com\/?s={search_term_string}"},"query-input":{"@type":"PropertyValueSpecification","valueRequired":true,"valueName":"search_term_string"}}],"inLanguage":"de"}]}},"_links":{"self":[{"href":"https:\/\/www.dt-smart.com\/de\/wp-json\/wp\/v2\/product\/20816","targetHints":{"allow":["GET"]}}],"collection":[{"href":"https:\/\/www.dt-smart.com\/de\/wp-json\/wp\/v2\/product"}],"about":[{"href":"https:\/\/www.dt-smart.com\/de\/wp-json\/wp\/v2\/types\/product"}],"replies":[{"embeddable":true,"href":"https:\/\/www.dt-smart.com\/de\/wp-json\/wp\/v2\/comments?post=20816"}],"version-history":[{"count":2,"href":"https:\/\/www.dt-smart.com\/de\/wp-json\/wp\/v2\/product\/20816\/revisions"}],"predecessor-version":[{"id":23314,"href":"https:\/\/www.dt-smart.com\/de\/wp-json\/wp\/v2\/product\/20816\/revisions\/23314"}],"wp:featuredmedia":[{"embeddable":true,"href":"https:\/\/www.dt-smart.com\/de\/wp-json\/wp\/v2\/media\/20829"}],"wp:attachment":[{"href":"https:\/\/www.dt-smart.com\/de\/wp-json\/wp\/v2\/media?parent=20816"}],"wp:term":[{"taxonomy":"product_brand","embeddable":true,"href":"https:\/\/www.dt-smart.com\/de\/wp-json\/wp\/v2\/product_brand?post=20816"},{"taxonomy":"product_cat","embeddable":true,"href":"https:\/\/www.dt-smart.com\/de\/wp-json\/wp\/v2\/product_cat?post=20816"},{"taxonomy":"product_tag","embeddable":true,"href":"https:\/\/www.dt-smart.com\/de\/wp-json\/wp\/v2\/product_tag?post=20816"}],"curies":[{"name":"wp","href":"https:\/\/api.w.org\/{rel}","templated":true}]}}