{"id":20818,"date":"2025-07-04T11:52:44","date_gmt":"2025-07-04T03:52:44","guid":{"rendered":"https:\/\/www.insurepart.com\/?post_type=product&#038;p=20818"},"modified":"2025-12-20T15:11:01","modified_gmt":"2025-12-20T07:11:01","slug":"replacement-touch-screen-digitizer-and-lcd-display-for-ipad-mini-5-a2133-a2124-a2126-a2125","status":"publish","type":"product","link":"https:\/\/www.dt-smart.com\/de\/produkt\/replacement-touch-screen-digitizer-and-lcd-display-for-ipad-mini-5-a2133-a2124-a2126-a2125\/","title":{"rendered":"iPad Mini 5 (A2133\/A2124\/A2126\/A2125) Ersatz-Touchscreen-Digitizer &amp; LCD-Display \u2013 Retina-Display mit True Tone &amp; A12 Bionic Chip \u2013 Hochaufl\u00f6send &amp; reaktionsschnell \u2013 Erstausr\u00fcsterqualit\u00e4t \u2013 Qualit\u00e4tsgarantie \u2013 Schneller Versand"},"content":{"rendered":"<p style=\"text-align: center;\"><img fetchpriority=\"high\" decoding=\"async\" class=\"alignnone size-full wp-image-15567\" src=\"https:\/\/www.insurepart.com\/wp-content\/uploads\/2024\/08\/\u4e3a\u4ec0\u4e48\u9009\u62e9\u6211\u4eec22.webp\" alt=\"\" width=\"1000\" height=\"786\" srcset=\"https:\/\/www.dt-smart.com\/wp-content\/uploads\/2024\/08\/\u4e3a\u4ec0\u4e48\u9009\u62e9\u6211\u4eec22.webp 1000w, https:\/\/www.dt-smart.com\/wp-content\/uploads\/2024\/08\/\u4e3a\u4ec0\u4e48\u9009\u62e9\u6211\u4eec22-300x236.webp 300w, https:\/\/www.dt-smart.com\/wp-content\/uploads\/2024\/08\/\u4e3a\u4ec0\u4e48\u9009\u62e9\u6211\u4eec22-150x118.webp 150w, https:\/\/www.dt-smart.com\/wp-content\/uploads\/2024\/08\/\u4e3a\u4ec0\u4e48\u9009\u62e9\u6211\u4eec22-800x629.webp 800w, https:\/\/www.dt-smart.com\/wp-content\/uploads\/2024\/08\/\u4e3a\u4ec0\u4e48\u9009\u62e9\u6211\u4eec22-768x604.webp 768w, https:\/\/www.dt-smart.com\/wp-content\/uploads\/2024\/08\/\u4e3a\u4ec0\u4e48\u9009\u62e9\u6211\u4eec22-15x12.webp 15w\" sizes=\"(max-width: 1000px) 100vw, 1000px\" \/><\/p>","protected":false},"excerpt":{"rendered":"<p>Diese LCD- und Digitizer-Einheit ist f\u00fcr das iPad mini 5 (5. Generation) konzipiert. Sie umfasst ein hochaufl\u00f6sendes LCD und einen Digitizer mit pr\u00e4ziser Ber\u00fchrungsempfindlichkeit. Kompatibel mit den Modellnummern A2133, A2124, A2125 und A2126. Ideal zur Reparatur von gesprungenem Glas, nicht reagierendem Touchscreen oder Anzeigefehlern wie Pixelfehlern oder schwacher Hintergrundbeleuchtung. Jede Einheit wird vor dem Versand auf volle Funktionsf\u00e4higkeit gepr\u00fcft. Home-Button, Frontkamera und Klebstoffe sind nicht enthalten. Dank hoher Kompatibilit\u00e4t und Langlebigkeit eignet sie sich sowohl f\u00fcr den Einzelhandel als auch f\u00fcr den Gro\u00dfhandel.<\/p>","protected":false},"featured_media":20833,"comment_status":"open","ping_status":"closed","template":"","meta":[],"product_brand":[],"product_cat":[596,43,405],"product_tag":[],"class_list":{"0":"post-20818","1":"product","2":"type-product","3":"status-publish","4":"has-post-thumbnail","6":"product_cat-all-ipad-tplcd","7":"product_cat-ipad","8":"product_cat-ipad-mini-5-2019","10":"first","11":"instock","12":"taxable","13":"shipping-taxable","14":"purchasable","15":"product-type-simple"},"yoast_head":"<!-- This site is optimized with the Yoast SEO plugin v27.4 - https:\/\/yoast.com\/product\/yoast-seo-wordpress\/ -->\n<title>iPad Mini 5 (A2133\/A2124\/A2126\/A2125) Replacement Touch Screen Digitizer &amp; LCD Display - Retina Display with True Tone &amp; A12 Bionic Chip - High Resolution &amp; Responsive - OEM Grade - Quality Guaranteed - Fast Shipping - InsurePart<\/title>\n<meta name=\"description\" content=\"Replacement Touch Screen Digitizer and LCD Display for iPad Mini 5 A2133 A2124 A2126 A2125\" \/>\n<meta name=\"robots\" content=\"index, follow, max-snippet:-1, max-image-preview:large, max-video-preview:-1\" \/>\n<link rel=\"canonical\" href=\"https:\/\/www.dt-smart.com\/de\/produkt\/replacement-touch-screen-digitizer-and-lcd-display-for-ipad-mini-5-a2133-a2124-a2126-a2125\/\" \/>\n<meta property=\"og:locale\" content=\"de_DE\" \/>\n<meta property=\"og:type\" content=\"article\" \/>\n<meta property=\"og:title\" content=\"iPad Mini 5 (A2133\/A2124\/A2126\/A2125) Replacement Touch Screen Digitizer &amp; LCD Display - Retina Display with True Tone &amp; A12 Bionic Chip - High Resolution &amp; Responsive - OEM Grade - Quality Guaranteed - Fast Shipping - InsurePart\" \/>\n<meta property=\"og:description\" content=\"Replacement Touch Screen Digitizer and LCD Display for iPad Mini 5 A2133 A2124 A2126 A2125\" \/>\n<meta property=\"og:url\" content=\"https:\/\/www.dt-smart.com\/de\/produkt\/replacement-touch-screen-digitizer-and-lcd-display-for-ipad-mini-5-a2133-a2124-a2126-a2125\/\" \/>\n<meta property=\"og:site_name\" content=\"InsurePart\" \/>\n<meta property=\"article:publisher\" content=\"https:\/\/www.facebook.com\/anjinleeEva\" \/>\n<meta property=\"article:modified_time\" content=\"2025-12-20T07:11:01+00:00\" \/>\n<meta property=\"og:image\" content=\"https:\/\/www.dt-smart.com\/wp-content\/uploads\/2025\/07\/mini5-b-2.webp\" \/>\n\t<meta property=\"og:image:width\" content=\"800\" \/>\n\t<meta property=\"og:image:height\" content=\"800\" \/>\n\t<meta property=\"og:image:type\" content=\"image\/webp\" \/>\n<meta name=\"twitter:card\" content=\"summary_large_image\" \/>\n<meta name=\"twitter:label1\" content=\"Gesch\u00e4tzte Lesezeit\" \/>\n\t<meta name=\"twitter:data1\" content=\"1\u00a0Minute\" \/>\n<script type=\"application\/ld+json\" class=\"yoast-schema-graph\">{\"@context\":\"https:\\\/\\\/schema.org\",\"@graph\":[{\"@type\":\"WebPage\",\"@id\":\"https:\\\/\\\/www.dt-smart.com\\\/product\\\/replacement-touch-screen-digitizer-and-lcd-display-for-ipad-mini-5-a2133-a2124-a2126-a2125\\\/\",\"url\":\"https:\\\/\\\/www.dt-smart.com\\\/product\\\/replacement-touch-screen-digitizer-and-lcd-display-for-ipad-mini-5-a2133-a2124-a2126-a2125\\\/\",\"name\":\"iPad Mini 5 (A2133\\\/A2124\\\/A2126\\\/A2125) Replacement Touch Screen Digitizer & LCD Display - Retina Display with True Tone & A12 Bionic Chip - High Resolution & Responsive - OEM Grade - Quality Guaranteed - Fast Shipping - InsurePart\",\"isPartOf\":{\"@id\":\"https:\\\/\\\/www.dt-smart.com\\\/#website\"},\"primaryImageOfPage\":{\"@id\":\"https:\\\/\\\/www.dt-smart.com\\\/product\\\/replacement-touch-screen-digitizer-and-lcd-display-for-ipad-mini-5-a2133-a2124-a2126-a2125\\\/#primaryimage\"},\"image\":{\"@id\":\"https:\\\/\\\/www.dt-smart.com\\\/product\\\/replacement-touch-screen-digitizer-and-lcd-display-for-ipad-mini-5-a2133-a2124-a2126-a2125\\\/#primaryimage\"},\"thumbnailUrl\":\"https:\\\/\\\/www.dt-smart.com\\\/wp-content\\\/uploads\\\/2025\\\/07\\\/mini5-b-2.webp\",\"datePublished\":\"2025-07-04T03:52:44+00:00\",\"dateModified\":\"2025-12-20T07:11:01+00:00\",\"description\":\"Replacement Touch Screen Digitizer and LCD Display for iPad Mini 5 A2133 A2124 A2126 A2125\",\"breadcrumb\":{\"@id\":\"https:\\\/\\\/www.dt-smart.com\\\/product\\\/replacement-touch-screen-digitizer-and-lcd-display-for-ipad-mini-5-a2133-a2124-a2126-a2125\\\/#breadcrumb\"},\"inLanguage\":\"de\",\"potentialAction\":[{\"@type\":\"ReadAction\",\"target\":[\"https:\\\/\\\/www.dt-smart.com\\\/product\\\/replacement-touch-screen-digitizer-and-lcd-display-for-ipad-mini-5-a2133-a2124-a2126-a2125\\\/\"]}]},{\"@type\":\"ImageObject\",\"inLanguage\":\"de\",\"@id\":\"https:\\\/\\\/www.dt-smart.com\\\/product\\\/replacement-touch-screen-digitizer-and-lcd-display-for-ipad-mini-5-a2133-a2124-a2126-a2125\\\/#primaryimage\",\"url\":\"https:\\\/\\\/www.dt-smart.com\\\/wp-content\\\/uploads\\\/2025\\\/07\\\/mini5-b-2.webp\",\"contentUrl\":\"https:\\\/\\\/www.dt-smart.com\\\/wp-content\\\/uploads\\\/2025\\\/07\\\/mini5-b-2.webp\",\"width\":800,\"height\":800},{\"@type\":\"BreadcrumbList\",\"@id\":\"https:\\\/\\\/www.dt-smart.com\\\/product\\\/replacement-touch-screen-digitizer-and-lcd-display-for-ipad-mini-5-a2133-a2124-a2126-a2125\\\/#breadcrumb\",\"itemListElement\":[{\"@type\":\"ListItem\",\"position\":1,\"name\":\"Home\",\"item\":\"https:\\\/\\\/www.dt-smart.com\\\/\"},{\"@type\":\"ListItem\",\"position\":2,\"name\":\"Product\",\"item\":\"https:\\\/\\\/www.dt-smart.com\\\/ru\\\/product\\\/\"},{\"@type\":\"ListItem\",\"position\":3,\"name\":\"iPad Mini 5 (A2133\\\/A2124\\\/A2126\\\/A2125) Replacement Touch Screen Digitizer &#038; LCD Display &#8211; Retina Display with True Tone &#038; A12 Bionic Chip &#8211; High Resolution &#038; Responsive &#8211; OEM Grade &#8211; Quality Guaranteed &#8211; Fast Shipping\"}]},{\"@type\":\"WebSite\",\"@id\":\"https:\\\/\\\/www.dt-smart.com\\\/#website\",\"url\":\"https:\\\/\\\/www.dt-smart.com\\\/\",\"name\":\"InsurePart\",\"description\":\"Cell Phone Repair Parts; iPhone Parts Wholesale;Samsung Parts Supplier\",\"potentialAction\":[{\"@type\":\"SearchAction\",\"target\":{\"@type\":\"EntryPoint\",\"urlTemplate\":\"https:\\\/\\\/www.dt-smart.com\\\/?s={search_term_string}\"},\"query-input\":{\"@type\":\"PropertyValueSpecification\",\"valueRequired\":true,\"valueName\":\"search_term_string\"}}],\"inLanguage\":\"de\"}]}<\/script>\n<!-- \/ Yoast SEO plugin. -->","yoast_head_json":{"title":"iPad Mini 5 (A2133\/A2124\/A2126\/A2125) Replacement Touch Screen Digitizer & LCD Display - Retina Display with True Tone & A12 Bionic Chip - High Resolution & Responsive - OEM Grade - Quality Guaranteed - Fast Shipping - InsurePart","description":"Replacement Touch Screen Digitizer and LCD Display for iPad Mini 5 A2133 A2124 A2126 A2125","robots":{"index":"index","follow":"follow","max-snippet":"max-snippet:-1","max-image-preview":"max-image-preview:large","max-video-preview":"max-video-preview:-1"},"canonical":"https:\/\/www.dt-smart.com\/de\/produkt\/replacement-touch-screen-digitizer-and-lcd-display-for-ipad-mini-5-a2133-a2124-a2126-a2125\/","og_locale":"de_DE","og_type":"article","og_title":"iPad Mini 5 (A2133\/A2124\/A2126\/A2125) Replacement Touch Screen Digitizer & LCD Display - Retina Display with True Tone & A12 Bionic Chip - High Resolution & Responsive - OEM Grade - Quality Guaranteed - Fast Shipping - InsurePart","og_description":"Replacement Touch Screen Digitizer and LCD Display for iPad Mini 5 A2133 A2124 A2126 A2125","og_url":"https:\/\/www.dt-smart.com\/de\/produkt\/replacement-touch-screen-digitizer-and-lcd-display-for-ipad-mini-5-a2133-a2124-a2126-a2125\/","og_site_name":"InsurePart","article_publisher":"https:\/\/www.facebook.com\/anjinleeEva","article_modified_time":"2025-12-20T07:11:01+00:00","og_image":[{"width":800,"height":800,"url":"https:\/\/www.dt-smart.com\/wp-content\/uploads\/2025\/07\/mini5-b-2.webp","type":"image\/webp"}],"twitter_card":"summary_large_image","twitter_misc":{"Gesch\u00e4tzte Lesezeit":"1\u00a0Minute"},"schema":{"@context":"https:\/\/schema.org","@graph":[{"@type":"WebPage","@id":"https:\/\/www.dt-smart.com\/product\/replacement-touch-screen-digitizer-and-lcd-display-for-ipad-mini-5-a2133-a2124-a2126-a2125\/","url":"https:\/\/www.dt-smart.com\/product\/replacement-touch-screen-digitizer-and-lcd-display-for-ipad-mini-5-a2133-a2124-a2126-a2125\/","name":"iPad Mini 5 (A2133\/A2124\/A2126\/A2125) Replacement Touch Screen Digitizer & LCD Display - Retina Display with True Tone & A12 Bionic Chip - High Resolution & Responsive - OEM Grade - Quality Guaranteed - Fast Shipping - InsurePart","isPartOf":{"@id":"https:\/\/www.dt-smart.com\/#website"},"primaryImageOfPage":{"@id":"https:\/\/www.dt-smart.com\/product\/replacement-touch-screen-digitizer-and-lcd-display-for-ipad-mini-5-a2133-a2124-a2126-a2125\/#primaryimage"},"image":{"@id":"https:\/\/www.dt-smart.com\/product\/replacement-touch-screen-digitizer-and-lcd-display-for-ipad-mini-5-a2133-a2124-a2126-a2125\/#primaryimage"},"thumbnailUrl":"https:\/\/www.dt-smart.com\/wp-content\/uploads\/2025\/07\/mini5-b-2.webp","datePublished":"2025-07-04T03:52:44+00:00","dateModified":"2025-12-20T07:11:01+00:00","description":"Replacement Touch Screen Digitizer and LCD Display for iPad Mini 5 A2133 A2124 A2126 A2125","breadcrumb":{"@id":"https:\/\/www.dt-smart.com\/product\/replacement-touch-screen-digitizer-and-lcd-display-for-ipad-mini-5-a2133-a2124-a2126-a2125\/#breadcrumb"},"inLanguage":"de","potentialAction":[{"@type":"ReadAction","target":["https:\/\/www.dt-smart.com\/product\/replacement-touch-screen-digitizer-and-lcd-display-for-ipad-mini-5-a2133-a2124-a2126-a2125\/"]}]},{"@type":"ImageObject","inLanguage":"de","@id":"https:\/\/www.dt-smart.com\/product\/replacement-touch-screen-digitizer-and-lcd-display-for-ipad-mini-5-a2133-a2124-a2126-a2125\/#primaryimage","url":"https:\/\/www.dt-smart.com\/wp-content\/uploads\/2025\/07\/mini5-b-2.webp","contentUrl":"https:\/\/www.dt-smart.com\/wp-content\/uploads\/2025\/07\/mini5-b-2.webp","width":800,"height":800},{"@type":"BreadcrumbList","@id":"https:\/\/www.dt-smart.com\/product\/replacement-touch-screen-digitizer-and-lcd-display-for-ipad-mini-5-a2133-a2124-a2126-a2125\/#breadcrumb","itemListElement":[{"@type":"ListItem","position":1,"name":"Home","item":"https:\/\/www.dt-smart.com\/"},{"@type":"ListItem","position":2,"name":"Product","item":"https:\/\/www.dt-smart.com\/ru\/product\/"},{"@type":"ListItem","position":3,"name":"iPad Mini 5 (A2133\/A2124\/A2126\/A2125) Replacement Touch Screen Digitizer &#038; LCD Display &#8211; Retina Display with True Tone &#038; A12 Bionic Chip &#8211; High Resolution &#038; Responsive &#8211; OEM Grade &#8211; Quality Guaranteed &#8211; Fast Shipping"}]},{"@type":"WebSite","@id":"https:\/\/www.dt-smart.com\/#website","url":"https:\/\/www.dt-smart.com\/","name":"InsurePart","description":"Handy-Ersatzteile; iPhone-Ersatzteile im Gro\u00dfhandel; Samsung-Ersatzteillieferant","potentialAction":[{"@type":"SearchAction","target":{"@type":"EntryPoint","urlTemplate":"https:\/\/www.dt-smart.com\/?s={search_term_string}"},"query-input":{"@type":"PropertyValueSpecification","valueRequired":true,"valueName":"search_term_string"}}],"inLanguage":"de"}]}},"_links":{"self":[{"href":"https:\/\/www.dt-smart.com\/de\/wp-json\/wp\/v2\/product\/20818","targetHints":{"allow":["GET"]}}],"collection":[{"href":"https:\/\/www.dt-smart.com\/de\/wp-json\/wp\/v2\/product"}],"about":[{"href":"https:\/\/www.dt-smart.com\/de\/wp-json\/wp\/v2\/types\/product"}],"replies":[{"embeddable":true,"href":"https:\/\/www.dt-smart.com\/de\/wp-json\/wp\/v2\/comments?post=20818"}],"version-history":[{"count":2,"href":"https:\/\/www.dt-smart.com\/de\/wp-json\/wp\/v2\/product\/20818\/revisions"}],"predecessor-version":[{"id":23334,"href":"https:\/\/www.dt-smart.com\/de\/wp-json\/wp\/v2\/product\/20818\/revisions\/23334"}],"wp:featuredmedia":[{"embeddable":true,"href":"https:\/\/www.dt-smart.com\/de\/wp-json\/wp\/v2\/media\/20833"}],"wp:attachment":[{"href":"https:\/\/www.dt-smart.com\/de\/wp-json\/wp\/v2\/media?parent=20818"}],"wp:term":[{"taxonomy":"product_brand","embeddable":true,"href":"https:\/\/www.dt-smart.com\/de\/wp-json\/wp\/v2\/product_brand?post=20818"},{"taxonomy":"product_cat","embeddable":true,"href":"https:\/\/www.dt-smart.com\/de\/wp-json\/wp\/v2\/product_cat?post=20818"},{"taxonomy":"product_tag","embeddable":true,"href":"https:\/\/www.dt-smart.com\/de\/wp-json\/wp\/v2\/product_tag?post=20818"}],"curies":[{"name":"wp","href":"https:\/\/api.w.org\/{rel}","templated":true}]}}