{"id":20873,"date":"2025-07-04T16:21:45","date_gmt":"2025-07-04T08:21:45","guid":{"rendered":"https:\/\/www.insurepart.com\/?post_type=product&#038;p=20873"},"modified":"2025-12-20T10:30:01","modified_gmt":"2025-12-20T02:30:01","slug":"complete-touch-digitizer-and-laminated-retina-display-lcd-screen-replacement-for-ipad-air-4-10-9-inch-a2316-a2324-a2325-a2072","status":"publish","type":"product","link":"https:\/\/www.dt-smart.com\/de\/produkt\/complete-touch-digitizer-and-laminated-retina-display-lcd-screen-replacement-for-ipad-air-4-10-9-inch-a2316-a2324-a2325-a2072\/","title":{"rendered":"iPad Air 4 10,9 Zoll (A2316\/A2324\/A2325\/A2072) Retina-Display &amp; Digitizer-Austausch \u2013 Laminierter Bildschirm &amp; vollst\u00e4ndige Touch-Einheit \u2013 Hohe Aufl\u00f6sung &amp; Reaktionsschnelligkeit \u2013 Qualit\u00e4tsgarantie \u2013 Schneller Versand"},"content":{"rendered":"<p style=\"text-align: center;\"><img fetchpriority=\"high\" decoding=\"async\" class=\"alignnone size-full wp-image-15567\" src=\"https:\/\/www.insurepart.com\/wp-content\/uploads\/2024\/08\/\u4e3a\u4ec0\u4e48\u9009\u62e9\u6211\u4eec22.webp\" alt=\"\" width=\"1000\" height=\"786\" srcset=\"https:\/\/www.dt-smart.com\/wp-content\/uploads\/2024\/08\/\u4e3a\u4ec0\u4e48\u9009\u62e9\u6211\u4eec22.webp 1000w, https:\/\/www.dt-smart.com\/wp-content\/uploads\/2024\/08\/\u4e3a\u4ec0\u4e48\u9009\u62e9\u6211\u4eec22-300x236.webp 300w, https:\/\/www.dt-smart.com\/wp-content\/uploads\/2024\/08\/\u4e3a\u4ec0\u4e48\u9009\u62e9\u6211\u4eec22-150x118.webp 150w, https:\/\/www.dt-smart.com\/wp-content\/uploads\/2024\/08\/\u4e3a\u4ec0\u4e48\u9009\u62e9\u6211\u4eec22-800x629.webp 800w, https:\/\/www.dt-smart.com\/wp-content\/uploads\/2024\/08\/\u4e3a\u4ec0\u4e48\u9009\u62e9\u6211\u4eec22-768x604.webp 768w, https:\/\/www.dt-smart.com\/wp-content\/uploads\/2024\/08\/\u4e3a\u4ec0\u4e48\u9009\u62e9\u6211\u4eec22-15x12.webp 15w\" sizes=\"(max-width: 1000px) 100vw, 1000px\" \/><\/p>","protected":false},"excerpt":{"rendered":"<p>Diese Ersatzbildschirmeinheit f\u00fcr das iPad Air 4 (10,9&quot;) besteht aus einem laminierten LCD- und Digitizer-Panel. Sie bietet eine Aufl\u00f6sung von 2360 x 1640 Pixeln mit True Tone-Unterst\u00fctzung und Antireflexbeschichtung. Sie wurde entwickelt, um die volle Display- und Touch-Funktionalit\u00e4t der Modelle A2316, A2324, A2325 und A2072 wiederherzustellen. Die laminierte Struktur minimiert die Dicke und verbessert die Reaktionsf\u00e4higkeit. Ideal zur Behebung von Displaybr\u00fcchen, Pixelfehlern oder fehlerhafter Touch-Eingabe. Jeder Bildschirm wird umfassend auf Displayhelligkeit, Touch-Genauigkeit und Farbtreue gepr\u00fcft. Touch ID, Kamera und Klebstoffe sind nicht enthalten. Nur f\u00fcr die Installation durch Fachpersonal.<\/p>","protected":false},"featured_media":20861,"comment_status":"open","ping_status":"closed","template":"","meta":[],"product_brand":[],"product_cat":[596,43,400],"product_tag":[],"class_list":{"0":"post-20873","1":"product","2":"type-product","3":"status-publish","4":"has-post-thumbnail","6":"product_cat-all-ipad-tplcd","7":"product_cat-ipad","8":"product_cat-ipad-air-4-2020","10":"first","11":"instock","12":"taxable","13":"shipping-taxable","14":"purchasable","15":"product-type-simple"},"yoast_head":"<!-- This site is optimized with the Yoast SEO plugin v27.4 - https:\/\/yoast.com\/product\/yoast-seo-wordpress\/ -->\n<title>iPad Air 4 10.9-Inch (A2316\/A2324\/A2325\/A2072) Retina Display &amp; Digitizer Replacement - Laminated Screen &amp; Full Touch Assembly - High Resolution &amp; Responsive - Quality Guaranteed - Fast Shipping - InsurePart<\/title>\n<meta name=\"description\" content=\"Complete Touch Digitizer and Laminated Retina Display LCD Screen Replacement for iPad Air 4 10.9-Inch A2316 A2324 A2325 A2072\" \/>\n<meta name=\"robots\" content=\"index, follow, max-snippet:-1, max-image-preview:large, max-video-preview:-1\" \/>\n<link rel=\"canonical\" href=\"https:\/\/www.dt-smart.com\/de\/produkt\/complete-touch-digitizer-and-laminated-retina-display-lcd-screen-replacement-for-ipad-air-4-10-9-inch-a2316-a2324-a2325-a2072\/\" \/>\n<meta property=\"og:locale\" content=\"de_DE\" \/>\n<meta property=\"og:type\" content=\"article\" \/>\n<meta property=\"og:title\" content=\"iPad Air 4 10.9-Inch (A2316\/A2324\/A2325\/A2072) Retina Display &amp; Digitizer Replacement - Laminated Screen &amp; Full Touch Assembly - High Resolution &amp; Responsive - Quality Guaranteed - Fast Shipping - InsurePart\" \/>\n<meta property=\"og:description\" content=\"Complete Touch Digitizer and Laminated Retina Display LCD Screen Replacement for iPad Air 4 10.9-Inch A2316 A2324 A2325 A2072\" \/>\n<meta property=\"og:url\" content=\"https:\/\/www.dt-smart.com\/de\/produkt\/complete-touch-digitizer-and-laminated-retina-display-lcd-screen-replacement-for-ipad-air-4-10-9-inch-a2316-a2324-a2325-a2072\/\" \/>\n<meta property=\"og:site_name\" content=\"InsurePart\" \/>\n<meta property=\"article:publisher\" content=\"https:\/\/www.facebook.com\/anjinleeEva\" \/>\n<meta property=\"article:modified_time\" content=\"2025-12-20T02:30:01+00:00\" \/>\n<meta property=\"og:image\" content=\"https:\/\/www.dt-smart.com\/wp-content\/uploads\/2025\/07\/Air4-1.webp\" \/>\n\t<meta property=\"og:image:width\" content=\"800\" \/>\n\t<meta property=\"og:image:height\" content=\"800\" \/>\n\t<meta property=\"og:image:type\" content=\"image\/webp\" \/>\n<meta name=\"twitter:card\" content=\"summary_large_image\" \/>\n<meta name=\"twitter:label1\" content=\"Gesch\u00e4tzte Lesezeit\" \/>\n\t<meta name=\"twitter:data1\" content=\"1\u00a0Minute\" \/>\n<script type=\"application\/ld+json\" class=\"yoast-schema-graph\">{\"@context\":\"https:\\\/\\\/schema.org\",\"@graph\":[{\"@type\":\"WebPage\",\"@id\":\"https:\\\/\\\/www.dt-smart.com\\\/product\\\/complete-touch-digitizer-and-laminated-retina-display-lcd-screen-replacement-for-ipad-air-4-10-9-inch-a2316-a2324-a2325-a2072\\\/\",\"url\":\"https:\\\/\\\/www.dt-smart.com\\\/product\\\/complete-touch-digitizer-and-laminated-retina-display-lcd-screen-replacement-for-ipad-air-4-10-9-inch-a2316-a2324-a2325-a2072\\\/\",\"name\":\"iPad Air 4 10.9-Inch (A2316\\\/A2324\\\/A2325\\\/A2072) Retina Display & Digitizer Replacement - Laminated Screen & Full Touch Assembly - High Resolution & Responsive - Quality Guaranteed - Fast Shipping - InsurePart\",\"isPartOf\":{\"@id\":\"https:\\\/\\\/www.dt-smart.com\\\/#website\"},\"primaryImageOfPage\":{\"@id\":\"https:\\\/\\\/www.dt-smart.com\\\/product\\\/complete-touch-digitizer-and-laminated-retina-display-lcd-screen-replacement-for-ipad-air-4-10-9-inch-a2316-a2324-a2325-a2072\\\/#primaryimage\"},\"image\":{\"@id\":\"https:\\\/\\\/www.dt-smart.com\\\/product\\\/complete-touch-digitizer-and-laminated-retina-display-lcd-screen-replacement-for-ipad-air-4-10-9-inch-a2316-a2324-a2325-a2072\\\/#primaryimage\"},\"thumbnailUrl\":\"https:\\\/\\\/www.dt-smart.com\\\/wp-content\\\/uploads\\\/2025\\\/07\\\/Air4-1.webp\",\"datePublished\":\"2025-07-04T08:21:45+00:00\",\"dateModified\":\"2025-12-20T02:30:01+00:00\",\"description\":\"Complete Touch Digitizer and Laminated Retina Display LCD Screen Replacement for iPad Air 4 10.9-Inch A2316 A2324 A2325 A2072\",\"breadcrumb\":{\"@id\":\"https:\\\/\\\/www.dt-smart.com\\\/product\\\/complete-touch-digitizer-and-laminated-retina-display-lcd-screen-replacement-for-ipad-air-4-10-9-inch-a2316-a2324-a2325-a2072\\\/#breadcrumb\"},\"inLanguage\":\"de\",\"potentialAction\":[{\"@type\":\"ReadAction\",\"target\":[\"https:\\\/\\\/www.dt-smart.com\\\/product\\\/complete-touch-digitizer-and-laminated-retina-display-lcd-screen-replacement-for-ipad-air-4-10-9-inch-a2316-a2324-a2325-a2072\\\/\"]}]},{\"@type\":\"ImageObject\",\"inLanguage\":\"de\",\"@id\":\"https:\\\/\\\/www.dt-smart.com\\\/product\\\/complete-touch-digitizer-and-laminated-retina-display-lcd-screen-replacement-for-ipad-air-4-10-9-inch-a2316-a2324-a2325-a2072\\\/#primaryimage\",\"url\":\"https:\\\/\\\/www.dt-smart.com\\\/wp-content\\\/uploads\\\/2025\\\/07\\\/Air4-1.webp\",\"contentUrl\":\"https:\\\/\\\/www.dt-smart.com\\\/wp-content\\\/uploads\\\/2025\\\/07\\\/Air4-1.webp\",\"width\":800,\"height\":800},{\"@type\":\"BreadcrumbList\",\"@id\":\"https:\\\/\\\/www.dt-smart.com\\\/product\\\/complete-touch-digitizer-and-laminated-retina-display-lcd-screen-replacement-for-ipad-air-4-10-9-inch-a2316-a2324-a2325-a2072\\\/#breadcrumb\",\"itemListElement\":[{\"@type\":\"ListItem\",\"position\":1,\"name\":\"Home\",\"item\":\"https:\\\/\\\/www.dt-smart.com\\\/\"},{\"@type\":\"ListItem\",\"position\":2,\"name\":\"Product\",\"item\":\"https:\\\/\\\/www.dt-smart.com\\\/ru\\\/product\\\/\"},{\"@type\":\"ListItem\",\"position\":3,\"name\":\"iPad Air 4 10.9-Inch (A2316\\\/A2324\\\/A2325\\\/A2072) Retina Display &#038; Digitizer Replacement &#8211; Laminated Screen &#038; Full Touch Assembly &#8211; High Resolution &#038; Responsive &#8211; Quality Guaranteed &#8211; Fast Shipping\"}]},{\"@type\":\"WebSite\",\"@id\":\"https:\\\/\\\/www.dt-smart.com\\\/#website\",\"url\":\"https:\\\/\\\/www.dt-smart.com\\\/\",\"name\":\"InsurePart\",\"description\":\"Cell Phone Repair Parts; iPhone Parts Wholesale;Samsung Parts Supplier\",\"potentialAction\":[{\"@type\":\"SearchAction\",\"target\":{\"@type\":\"EntryPoint\",\"urlTemplate\":\"https:\\\/\\\/www.dt-smart.com\\\/?s={search_term_string}\"},\"query-input\":{\"@type\":\"PropertyValueSpecification\",\"valueRequired\":true,\"valueName\":\"search_term_string\"}}],\"inLanguage\":\"de\"}]}<\/script>\n<!-- \/ Yoast SEO plugin. -->","yoast_head_json":{"title":"iPad Air 4 10.9-Inch (A2316\/A2324\/A2325\/A2072) Retina Display & Digitizer Replacement - Laminated Screen & Full Touch Assembly - High Resolution & Responsive - Quality Guaranteed - Fast Shipping - InsurePart","description":"Complete Touch Digitizer and Laminated Retina Display LCD Screen Replacement for iPad Air 4 10.9-Inch A2316 A2324 A2325 A2072","robots":{"index":"index","follow":"follow","max-snippet":"max-snippet:-1","max-image-preview":"max-image-preview:large","max-video-preview":"max-video-preview:-1"},"canonical":"https:\/\/www.dt-smart.com\/de\/produkt\/complete-touch-digitizer-and-laminated-retina-display-lcd-screen-replacement-for-ipad-air-4-10-9-inch-a2316-a2324-a2325-a2072\/","og_locale":"de_DE","og_type":"article","og_title":"iPad Air 4 10.9-Inch (A2316\/A2324\/A2325\/A2072) Retina Display & Digitizer Replacement - Laminated Screen & Full Touch Assembly - High Resolution & Responsive - Quality Guaranteed - Fast Shipping - InsurePart","og_description":"Complete Touch Digitizer and Laminated Retina Display LCD Screen Replacement for iPad Air 4 10.9-Inch A2316 A2324 A2325 A2072","og_url":"https:\/\/www.dt-smart.com\/de\/produkt\/complete-touch-digitizer-and-laminated-retina-display-lcd-screen-replacement-for-ipad-air-4-10-9-inch-a2316-a2324-a2325-a2072\/","og_site_name":"InsurePart","article_publisher":"https:\/\/www.facebook.com\/anjinleeEva","article_modified_time":"2025-12-20T02:30:01+00:00","og_image":[{"width":800,"height":800,"url":"https:\/\/www.dt-smart.com\/wp-content\/uploads\/2025\/07\/Air4-1.webp","type":"image\/webp"}],"twitter_card":"summary_large_image","twitter_misc":{"Gesch\u00e4tzte Lesezeit":"1\u00a0Minute"},"schema":{"@context":"https:\/\/schema.org","@graph":[{"@type":"WebPage","@id":"https:\/\/www.dt-smart.com\/product\/complete-touch-digitizer-and-laminated-retina-display-lcd-screen-replacement-for-ipad-air-4-10-9-inch-a2316-a2324-a2325-a2072\/","url":"https:\/\/www.dt-smart.com\/product\/complete-touch-digitizer-and-laminated-retina-display-lcd-screen-replacement-for-ipad-air-4-10-9-inch-a2316-a2324-a2325-a2072\/","name":"iPad Air 4 10.9-Inch (A2316\/A2324\/A2325\/A2072) Retina Display & Digitizer Replacement - Laminated Screen & Full Touch Assembly - High Resolution & Responsive - Quality Guaranteed - Fast Shipping - InsurePart","isPartOf":{"@id":"https:\/\/www.dt-smart.com\/#website"},"primaryImageOfPage":{"@id":"https:\/\/www.dt-smart.com\/product\/complete-touch-digitizer-and-laminated-retina-display-lcd-screen-replacement-for-ipad-air-4-10-9-inch-a2316-a2324-a2325-a2072\/#primaryimage"},"image":{"@id":"https:\/\/www.dt-smart.com\/product\/complete-touch-digitizer-and-laminated-retina-display-lcd-screen-replacement-for-ipad-air-4-10-9-inch-a2316-a2324-a2325-a2072\/#primaryimage"},"thumbnailUrl":"https:\/\/www.dt-smart.com\/wp-content\/uploads\/2025\/07\/Air4-1.webp","datePublished":"2025-07-04T08:21:45+00:00","dateModified":"2025-12-20T02:30:01+00:00","description":"Complete Touch Digitizer and Laminated Retina Display LCD Screen Replacement for iPad Air 4 10.9-Inch A2316 A2324 A2325 A2072","breadcrumb":{"@id":"https:\/\/www.dt-smart.com\/product\/complete-touch-digitizer-and-laminated-retina-display-lcd-screen-replacement-for-ipad-air-4-10-9-inch-a2316-a2324-a2325-a2072\/#breadcrumb"},"inLanguage":"de","potentialAction":[{"@type":"ReadAction","target":["https:\/\/www.dt-smart.com\/product\/complete-touch-digitizer-and-laminated-retina-display-lcd-screen-replacement-for-ipad-air-4-10-9-inch-a2316-a2324-a2325-a2072\/"]}]},{"@type":"ImageObject","inLanguage":"de","@id":"https:\/\/www.dt-smart.com\/product\/complete-touch-digitizer-and-laminated-retina-display-lcd-screen-replacement-for-ipad-air-4-10-9-inch-a2316-a2324-a2325-a2072\/#primaryimage","url":"https:\/\/www.dt-smart.com\/wp-content\/uploads\/2025\/07\/Air4-1.webp","contentUrl":"https:\/\/www.dt-smart.com\/wp-content\/uploads\/2025\/07\/Air4-1.webp","width":800,"height":800},{"@type":"BreadcrumbList","@id":"https:\/\/www.dt-smart.com\/product\/complete-touch-digitizer-and-laminated-retina-display-lcd-screen-replacement-for-ipad-air-4-10-9-inch-a2316-a2324-a2325-a2072\/#breadcrumb","itemListElement":[{"@type":"ListItem","position":1,"name":"Home","item":"https:\/\/www.dt-smart.com\/"},{"@type":"ListItem","position":2,"name":"Product","item":"https:\/\/www.dt-smart.com\/ru\/product\/"},{"@type":"ListItem","position":3,"name":"iPad Air 4 10.9-Inch (A2316\/A2324\/A2325\/A2072) Retina Display &#038; Digitizer Replacement &#8211; Laminated Screen &#038; Full Touch Assembly &#8211; High Resolution &#038; Responsive &#8211; Quality Guaranteed &#8211; Fast Shipping"}]},{"@type":"WebSite","@id":"https:\/\/www.dt-smart.com\/#website","url":"https:\/\/www.dt-smart.com\/","name":"InsurePart","description":"Handy-Ersatzteile; iPhone-Ersatzteile im Gro\u00dfhandel; Samsung-Ersatzteillieferant","potentialAction":[{"@type":"SearchAction","target":{"@type":"EntryPoint","urlTemplate":"https:\/\/www.dt-smart.com\/?s={search_term_string}"},"query-input":{"@type":"PropertyValueSpecification","valueRequired":true,"valueName":"search_term_string"}}],"inLanguage":"de"}]}},"_links":{"self":[{"href":"https:\/\/www.dt-smart.com\/de\/wp-json\/wp\/v2\/product\/20873","targetHints":{"allow":["GET"]}}],"collection":[{"href":"https:\/\/www.dt-smart.com\/de\/wp-json\/wp\/v2\/product"}],"about":[{"href":"https:\/\/www.dt-smart.com\/de\/wp-json\/wp\/v2\/types\/product"}],"replies":[{"embeddable":true,"href":"https:\/\/www.dt-smart.com\/de\/wp-json\/wp\/v2\/comments?post=20873"}],"version-history":[{"count":2,"href":"https:\/\/www.dt-smart.com\/de\/wp-json\/wp\/v2\/product\/20873\/revisions"}],"predecessor-version":[{"id":23275,"href":"https:\/\/www.dt-smart.com\/de\/wp-json\/wp\/v2\/product\/20873\/revisions\/23275"}],"wp:featuredmedia":[{"embeddable":true,"href":"https:\/\/www.dt-smart.com\/de\/wp-json\/wp\/v2\/media\/20861"}],"wp:attachment":[{"href":"https:\/\/www.dt-smart.com\/de\/wp-json\/wp\/v2\/media?parent=20873"}],"wp:term":[{"taxonomy":"product_brand","embeddable":true,"href":"https:\/\/www.dt-smart.com\/de\/wp-json\/wp\/v2\/product_brand?post=20873"},{"taxonomy":"product_cat","embeddable":true,"href":"https:\/\/www.dt-smart.com\/de\/wp-json\/wp\/v2\/product_cat?post=20873"},{"taxonomy":"product_tag","embeddable":true,"href":"https:\/\/www.dt-smart.com\/de\/wp-json\/wp\/v2\/product_tag?post=20873"}],"curies":[{"name":"wp","href":"https:\/\/api.w.org\/{rel}","templated":true}]}}