{"id":20920,"date":"2025-07-05T15:00:40","date_gmt":"2025-07-05T07:00:40","guid":{"rendered":"https:\/\/www.insurepart.com\/?post_type=product&#038;p=20920"},"modified":"2026-01-14T10:44:11","modified_gmt":"2026-01-14T02:44:11","slug":"oem-laminated-lcd-display-and-digitizer-touch-screen-assembly-replacement-for-ipad-pro-11-inch-4th-gen-m2-a2759-a2435-a2761-a2762","status":"publish","type":"product","link":"https:\/\/www.dt-smart.com\/de\/produkt\/oem-laminated-lcd-display-and-digitizer-touch-screen-assembly-replacement-for-ipad-pro-11-inch-4th-gen-m2-a2759-a2435-a2761-a2762\/","title":{"rendered":"iPad Air 2 (A1566\/A1567) OEM-LCD-Touch-Digitizer-Einheit (laminiert) \u2013 Retina-Display mit Antireflexbeschichtung \u2013 Schlankes und leichtes Design \u2013 Langlebig und reaktionsschnell \u2013 Qualit\u00e4tsgarantie \u2013 Schneller Versand"},"content":{"rendered":"<p style=\"text-align: center;\"><img fetchpriority=\"high\" decoding=\"async\" class=\"alignnone size-full wp-image-15567\" src=\"https:\/\/www.insurepart.com\/wp-content\/uploads\/2024\/08\/\u4e3a\u4ec0\u4e48\u9009\u62e9\u6211\u4eec22.webp\" alt=\"\" width=\"1000\" height=\"786\" srcset=\"https:\/\/www.dt-smart.com\/wp-content\/uploads\/2024\/08\/\u4e3a\u4ec0\u4e48\u9009\u62e9\u6211\u4eec22.webp 1000w, https:\/\/www.dt-smart.com\/wp-content\/uploads\/2024\/08\/\u4e3a\u4ec0\u4e48\u9009\u62e9\u6211\u4eec22-300x236.webp 300w, https:\/\/www.dt-smart.com\/wp-content\/uploads\/2024\/08\/\u4e3a\u4ec0\u4e48\u9009\u62e9\u6211\u4eec22-150x118.webp 150w, https:\/\/www.dt-smart.com\/wp-content\/uploads\/2024\/08\/\u4e3a\u4ec0\u4e48\u9009\u62e9\u6211\u4eec22-800x629.webp 800w, https:\/\/www.dt-smart.com\/wp-content\/uploads\/2024\/08\/\u4e3a\u4ec0\u4e48\u9009\u62e9\u6211\u4eec22-768x604.webp 768w, https:\/\/www.dt-smart.com\/wp-content\/uploads\/2024\/08\/\u4e3a\u4ec0\u4e48\u9009\u62e9\u6211\u4eec22-15x12.webp 15w\" sizes=\"(max-width: 1000px) 100vw, 1000px\" \/><\/p>","protected":false},"excerpt":{"rendered":"<p><span style=\"font-size: 10pt;\">Dieser Ersatzbildschirm wurde speziell f\u00fcr das iPad Pro 11&quot; der 4. Generation (2022, M2 Chip) entwickelt. Er verf\u00fcgt \u00fcber ein vollst\u00e4ndig laminiertes Liquid Retina Display und einen kapazitiven Digitizer, der f\u00fcr lebendige Farben, einen gro\u00dfen P3-Farbraum und eine fl\u00fcssige 120-Hz-ProMotion-Bildwiederholfrequenz sorgt. Der Bildschirm ist kompatibel mit den Chips\u00e4tzen A2759, A2435, A2761 und A2762. Er unterst\u00fctzt True Tone, eine Antireflexionsbeschichtung und eine hohe Helligkeit von bis zu 600 Nits. Jedes Display wird sorgf\u00e4ltig gepr\u00fcft, um Pixelfehler, Lichth\u00f6fe und Touchscreen-Probleme auszuschlie\u00dfen. Der Home-Button ist nicht enthalten (nur Face ID). Aufgrund der erforderlichen Pr\u00e4zision bei den laminierten Komponenten und der Handhabung des Face ID-Chips sollte der Einbau von Fachleuten durchgef\u00fchrt werden.<\/span><\/p>","protected":false},"featured_media":20896,"comment_status":"open","ping_status":"closed","template":"","meta":[],"product_brand":[],"product_cat":[596,43,66],"product_tag":[],"class_list":{"0":"post-20920","1":"product","2":"type-product","3":"status-publish","4":"has-post-thumbnail","6":"product_cat-all-ipad-tplcd","7":"product_cat-ipad","8":"product_cat-ipad-pro-11-4th-gen-2022","10":"first","11":"instock","12":"taxable","13":"shipping-taxable","14":"purchasable","15":"product-type-simple"},"yoast_head":"<!-- This site is optimized with the Yoast SEO plugin v27.4 - https:\/\/yoast.com\/product\/yoast-seo-wordpress\/ -->\n<title>iPad Air 2 (A1566\/A1567) OEM Laminated LCD Touch Digitizer Assembly Replacement - Retina Display with Anti-Reflective Coating - Slim &amp; Lightweight Design - Durable &amp; Responsive - Quality Guaranteed - Fast Shipping - InsurePart<\/title>\n<meta name=\"description\" content=\"OEM Laminated LCD Display and Digitizer Touch Screen Assembly Replacement for iPad Pro 11-Inch 4th Gen M2 A2759 A2435 A2761 A2762\" \/>\n<meta name=\"robots\" content=\"index, follow, max-snippet:-1, max-image-preview:large, max-video-preview:-1\" \/>\n<link rel=\"canonical\" href=\"https:\/\/www.dt-smart.com\/de\/produkt\/oem-laminated-lcd-display-and-digitizer-touch-screen-assembly-replacement-for-ipad-pro-11-inch-4th-gen-m2-a2759-a2435-a2761-a2762\/\" \/>\n<meta property=\"og:locale\" content=\"de_DE\" \/>\n<meta property=\"og:type\" content=\"article\" \/>\n<meta property=\"og:title\" content=\"iPad Air 2 (A1566\/A1567) OEM Laminated LCD Touch Digitizer Assembly Replacement - Retina Display with Anti-Reflective Coating - Slim &amp; Lightweight Design - Durable &amp; Responsive - Quality Guaranteed - Fast Shipping - InsurePart\" \/>\n<meta property=\"og:description\" content=\"OEM Laminated LCD Display and Digitizer Touch Screen Assembly Replacement for iPad Pro 11-Inch 4th Gen M2 A2759 A2435 A2761 A2762\" \/>\n<meta property=\"og:url\" content=\"https:\/\/www.dt-smart.com\/de\/produkt\/oem-laminated-lcd-display-and-digitizer-touch-screen-assembly-replacement-for-ipad-pro-11-inch-4th-gen-m2-a2759-a2435-a2761-a2762\/\" \/>\n<meta property=\"og:site_name\" content=\"InsurePart\" \/>\n<meta property=\"article:publisher\" content=\"https:\/\/www.facebook.com\/anjinleeEva\" \/>\n<meta property=\"article:modified_time\" content=\"2026-01-14T02:44:11+00:00\" \/>\n<meta property=\"og:image\" content=\"https:\/\/www.dt-smart.com\/wp-content\/uploads\/2025\/07\/Pro11-gen4-1.webp\" \/>\n\t<meta property=\"og:image:width\" content=\"800\" \/>\n\t<meta property=\"og:image:height\" content=\"800\" \/>\n\t<meta property=\"og:image:type\" content=\"image\/webp\" \/>\n<meta name=\"twitter:card\" content=\"summary_large_image\" \/>\n<meta name=\"twitter:label1\" content=\"Gesch\u00e4tzte Lesezeit\" \/>\n\t<meta name=\"twitter:data1\" content=\"1\u00a0Minute\" \/>\n<script type=\"application\/ld+json\" class=\"yoast-schema-graph\">{\"@context\":\"https:\\\/\\\/schema.org\",\"@graph\":[{\"@type\":\"WebPage\",\"@id\":\"https:\\\/\\\/www.dt-smart.com\\\/product\\\/oem-laminated-lcd-display-and-digitizer-touch-screen-assembly-replacement-for-ipad-pro-11-inch-4th-gen-m2-a2759-a2435-a2761-a2762\\\/\",\"url\":\"https:\\\/\\\/www.dt-smart.com\\\/product\\\/oem-laminated-lcd-display-and-digitizer-touch-screen-assembly-replacement-for-ipad-pro-11-inch-4th-gen-m2-a2759-a2435-a2761-a2762\\\/\",\"name\":\"iPad Air 2 (A1566\\\/A1567) OEM Laminated LCD Touch Digitizer Assembly Replacement - Retina Display with Anti-Reflective Coating - Slim & Lightweight Design - Durable & Responsive - Quality Guaranteed - Fast Shipping - InsurePart\",\"isPartOf\":{\"@id\":\"https:\\\/\\\/www.dt-smart.com\\\/#website\"},\"primaryImageOfPage\":{\"@id\":\"https:\\\/\\\/www.dt-smart.com\\\/product\\\/oem-laminated-lcd-display-and-digitizer-touch-screen-assembly-replacement-for-ipad-pro-11-inch-4th-gen-m2-a2759-a2435-a2761-a2762\\\/#primaryimage\"},\"image\":{\"@id\":\"https:\\\/\\\/www.dt-smart.com\\\/product\\\/oem-laminated-lcd-display-and-digitizer-touch-screen-assembly-replacement-for-ipad-pro-11-inch-4th-gen-m2-a2759-a2435-a2761-a2762\\\/#primaryimage\"},\"thumbnailUrl\":\"https:\\\/\\\/www.dt-smart.com\\\/wp-content\\\/uploads\\\/2025\\\/07\\\/Pro11-gen4-1.webp\",\"datePublished\":\"2025-07-05T07:00:40+00:00\",\"dateModified\":\"2026-01-14T02:44:11+00:00\",\"description\":\"OEM Laminated LCD Display and Digitizer Touch Screen Assembly Replacement for iPad Pro 11-Inch 4th Gen M2 A2759 A2435 A2761 A2762\",\"breadcrumb\":{\"@id\":\"https:\\\/\\\/www.dt-smart.com\\\/product\\\/oem-laminated-lcd-display-and-digitizer-touch-screen-assembly-replacement-for-ipad-pro-11-inch-4th-gen-m2-a2759-a2435-a2761-a2762\\\/#breadcrumb\"},\"inLanguage\":\"de\",\"potentialAction\":[{\"@type\":\"ReadAction\",\"target\":[\"https:\\\/\\\/www.dt-smart.com\\\/product\\\/oem-laminated-lcd-display-and-digitizer-touch-screen-assembly-replacement-for-ipad-pro-11-inch-4th-gen-m2-a2759-a2435-a2761-a2762\\\/\"]}]},{\"@type\":\"ImageObject\",\"inLanguage\":\"de\",\"@id\":\"https:\\\/\\\/www.dt-smart.com\\\/product\\\/oem-laminated-lcd-display-and-digitizer-touch-screen-assembly-replacement-for-ipad-pro-11-inch-4th-gen-m2-a2759-a2435-a2761-a2762\\\/#primaryimage\",\"url\":\"https:\\\/\\\/www.dt-smart.com\\\/wp-content\\\/uploads\\\/2025\\\/07\\\/Pro11-gen4-1.webp\",\"contentUrl\":\"https:\\\/\\\/www.dt-smart.com\\\/wp-content\\\/uploads\\\/2025\\\/07\\\/Pro11-gen4-1.webp\",\"width\":800,\"height\":800},{\"@type\":\"BreadcrumbList\",\"@id\":\"https:\\\/\\\/www.dt-smart.com\\\/product\\\/oem-laminated-lcd-display-and-digitizer-touch-screen-assembly-replacement-for-ipad-pro-11-inch-4th-gen-m2-a2759-a2435-a2761-a2762\\\/#breadcrumb\",\"itemListElement\":[{\"@type\":\"ListItem\",\"position\":1,\"name\":\"Home\",\"item\":\"https:\\\/\\\/www.dt-smart.com\\\/\"},{\"@type\":\"ListItem\",\"position\":2,\"name\":\"Product\",\"item\":\"https:\\\/\\\/www.dt-smart.com\\\/ru\\\/product\\\/\"},{\"@type\":\"ListItem\",\"position\":3,\"name\":\"iPad Air 2 (A1566\\\/A1567) OEM Laminated LCD Touch Digitizer Assembly Replacement &#8211; Retina Display with Anti-Reflective Coating &#8211; Slim &#038; Lightweight Design &#8211; Durable &#038; Responsive &#8211; Quality Guaranteed &#8211; Fast Shipping\"}]},{\"@type\":\"WebSite\",\"@id\":\"https:\\\/\\\/www.dt-smart.com\\\/#website\",\"url\":\"https:\\\/\\\/www.dt-smart.com\\\/\",\"name\":\"InsurePart\",\"description\":\"Cell Phone Repair Parts; iPhone Parts Wholesale;Samsung Parts Supplier\",\"potentialAction\":[{\"@type\":\"SearchAction\",\"target\":{\"@type\":\"EntryPoint\",\"urlTemplate\":\"https:\\\/\\\/www.dt-smart.com\\\/?s={search_term_string}\"},\"query-input\":{\"@type\":\"PropertyValueSpecification\",\"valueRequired\":true,\"valueName\":\"search_term_string\"}}],\"inLanguage\":\"de\"}]}<\/script>\n<!-- \/ Yoast SEO plugin. -->","yoast_head_json":{"title":"iPad Air 2 (A1566\/A1567) OEM Laminated LCD Touch Digitizer Assembly Replacement - Retina Display with Anti-Reflective Coating - Slim & Lightweight Design - Durable & Responsive - Quality Guaranteed - Fast Shipping - InsurePart","description":"OEM Laminated LCD Display and Digitizer Touch Screen Assembly Replacement for iPad Pro 11-Inch 4th Gen M2 A2759 A2435 A2761 A2762","robots":{"index":"index","follow":"follow","max-snippet":"max-snippet:-1","max-image-preview":"max-image-preview:large","max-video-preview":"max-video-preview:-1"},"canonical":"https:\/\/www.dt-smart.com\/de\/produkt\/oem-laminated-lcd-display-and-digitizer-touch-screen-assembly-replacement-for-ipad-pro-11-inch-4th-gen-m2-a2759-a2435-a2761-a2762\/","og_locale":"de_DE","og_type":"article","og_title":"iPad Air 2 (A1566\/A1567) OEM Laminated LCD Touch Digitizer Assembly Replacement - Retina Display with Anti-Reflective Coating - Slim & Lightweight Design - Durable & Responsive - Quality Guaranteed - Fast Shipping - InsurePart","og_description":"OEM Laminated LCD Display and Digitizer Touch Screen Assembly Replacement for iPad Pro 11-Inch 4th Gen M2 A2759 A2435 A2761 A2762","og_url":"https:\/\/www.dt-smart.com\/de\/produkt\/oem-laminated-lcd-display-and-digitizer-touch-screen-assembly-replacement-for-ipad-pro-11-inch-4th-gen-m2-a2759-a2435-a2761-a2762\/","og_site_name":"InsurePart","article_publisher":"https:\/\/www.facebook.com\/anjinleeEva","article_modified_time":"2026-01-14T02:44:11+00:00","og_image":[{"width":800,"height":800,"url":"https:\/\/www.dt-smart.com\/wp-content\/uploads\/2025\/07\/Pro11-gen4-1.webp","type":"image\/webp"}],"twitter_card":"summary_large_image","twitter_misc":{"Gesch\u00e4tzte Lesezeit":"1\u00a0Minute"},"schema":{"@context":"https:\/\/schema.org","@graph":[{"@type":"WebPage","@id":"https:\/\/www.dt-smart.com\/product\/oem-laminated-lcd-display-and-digitizer-touch-screen-assembly-replacement-for-ipad-pro-11-inch-4th-gen-m2-a2759-a2435-a2761-a2762\/","url":"https:\/\/www.dt-smart.com\/product\/oem-laminated-lcd-display-and-digitizer-touch-screen-assembly-replacement-for-ipad-pro-11-inch-4th-gen-m2-a2759-a2435-a2761-a2762\/","name":"iPad Air 2 (A1566\/A1567) OEM Laminated LCD Touch Digitizer Assembly Replacement - Retina Display with Anti-Reflective Coating - Slim & Lightweight Design - Durable & Responsive - Quality Guaranteed - Fast Shipping - InsurePart","isPartOf":{"@id":"https:\/\/www.dt-smart.com\/#website"},"primaryImageOfPage":{"@id":"https:\/\/www.dt-smart.com\/product\/oem-laminated-lcd-display-and-digitizer-touch-screen-assembly-replacement-for-ipad-pro-11-inch-4th-gen-m2-a2759-a2435-a2761-a2762\/#primaryimage"},"image":{"@id":"https:\/\/www.dt-smart.com\/product\/oem-laminated-lcd-display-and-digitizer-touch-screen-assembly-replacement-for-ipad-pro-11-inch-4th-gen-m2-a2759-a2435-a2761-a2762\/#primaryimage"},"thumbnailUrl":"https:\/\/www.dt-smart.com\/wp-content\/uploads\/2025\/07\/Pro11-gen4-1.webp","datePublished":"2025-07-05T07:00:40+00:00","dateModified":"2026-01-14T02:44:11+00:00","description":"OEM Laminated LCD Display and Digitizer Touch Screen Assembly Replacement for iPad Pro 11-Inch 4th Gen M2 A2759 A2435 A2761 A2762","breadcrumb":{"@id":"https:\/\/www.dt-smart.com\/product\/oem-laminated-lcd-display-and-digitizer-touch-screen-assembly-replacement-for-ipad-pro-11-inch-4th-gen-m2-a2759-a2435-a2761-a2762\/#breadcrumb"},"inLanguage":"de","potentialAction":[{"@type":"ReadAction","target":["https:\/\/www.dt-smart.com\/product\/oem-laminated-lcd-display-and-digitizer-touch-screen-assembly-replacement-for-ipad-pro-11-inch-4th-gen-m2-a2759-a2435-a2761-a2762\/"]}]},{"@type":"ImageObject","inLanguage":"de","@id":"https:\/\/www.dt-smart.com\/product\/oem-laminated-lcd-display-and-digitizer-touch-screen-assembly-replacement-for-ipad-pro-11-inch-4th-gen-m2-a2759-a2435-a2761-a2762\/#primaryimage","url":"https:\/\/www.dt-smart.com\/wp-content\/uploads\/2025\/07\/Pro11-gen4-1.webp","contentUrl":"https:\/\/www.dt-smart.com\/wp-content\/uploads\/2025\/07\/Pro11-gen4-1.webp","width":800,"height":800},{"@type":"BreadcrumbList","@id":"https:\/\/www.dt-smart.com\/product\/oem-laminated-lcd-display-and-digitizer-touch-screen-assembly-replacement-for-ipad-pro-11-inch-4th-gen-m2-a2759-a2435-a2761-a2762\/#breadcrumb","itemListElement":[{"@type":"ListItem","position":1,"name":"Home","item":"https:\/\/www.dt-smart.com\/"},{"@type":"ListItem","position":2,"name":"Product","item":"https:\/\/www.dt-smart.com\/ru\/product\/"},{"@type":"ListItem","position":3,"name":"iPad Air 2 (A1566\/A1567) OEM Laminated LCD Touch Digitizer Assembly Replacement &#8211; Retina Display with Anti-Reflective Coating &#8211; Slim &#038; Lightweight Design &#8211; Durable &#038; Responsive &#8211; Quality Guaranteed &#8211; Fast Shipping"}]},{"@type":"WebSite","@id":"https:\/\/www.dt-smart.com\/#website","url":"https:\/\/www.dt-smart.com\/","name":"InsurePart","description":"Handy-Ersatzteile; iPhone-Ersatzteile im Gro\u00dfhandel; Samsung-Ersatzteillieferant","potentialAction":[{"@type":"SearchAction","target":{"@type":"EntryPoint","urlTemplate":"https:\/\/www.dt-smart.com\/?s={search_term_string}"},"query-input":{"@type":"PropertyValueSpecification","valueRequired":true,"valueName":"search_term_string"}}],"inLanguage":"de"}]}},"_links":{"self":[{"href":"https:\/\/www.dt-smart.com\/de\/wp-json\/wp\/v2\/product\/20920","targetHints":{"allow":["GET"]}}],"collection":[{"href":"https:\/\/www.dt-smart.com\/de\/wp-json\/wp\/v2\/product"}],"about":[{"href":"https:\/\/www.dt-smart.com\/de\/wp-json\/wp\/v2\/types\/product"}],"replies":[{"embeddable":true,"href":"https:\/\/www.dt-smart.com\/de\/wp-json\/wp\/v2\/comments?post=20920"}],"version-history":[{"count":3,"href":"https:\/\/www.dt-smart.com\/de\/wp-json\/wp\/v2\/product\/20920\/revisions"}],"predecessor-version":[{"id":24861,"href":"https:\/\/www.dt-smart.com\/de\/wp-json\/wp\/v2\/product\/20920\/revisions\/24861"}],"wp:featuredmedia":[{"embeddable":true,"href":"https:\/\/www.dt-smart.com\/de\/wp-json\/wp\/v2\/media\/20896"}],"wp:attachment":[{"href":"https:\/\/www.dt-smart.com\/de\/wp-json\/wp\/v2\/media?parent=20920"}],"wp:term":[{"taxonomy":"product_brand","embeddable":true,"href":"https:\/\/www.dt-smart.com\/de\/wp-json\/wp\/v2\/product_brand?post=20920"},{"taxonomy":"product_cat","embeddable":true,"href":"https:\/\/www.dt-smart.com\/de\/wp-json\/wp\/v2\/product_cat?post=20920"},{"taxonomy":"product_tag","embeddable":true,"href":"https:\/\/www.dt-smart.com\/de\/wp-json\/wp\/v2\/product_tag?post=20920"}],"curies":[{"name":"wp","href":"https:\/\/api.w.org\/{rel}","templated":true}]}}