{"id":20931,"date":"2025-07-05T15:15:15","date_gmt":"2025-07-05T07:15:15","guid":{"rendered":"https:\/\/www.insurepart.com\/?post_type=product&#038;p=20931"},"modified":"2026-01-14T14:18:11","modified_gmt":"2026-01-14T06:18:11","slug":"lcd-display-and-touch-panel-assembly-replacement-for-ipad-pro-12-9-inch-2nd-gen-a1670-a1671","status":"publish","type":"product","link":"https:\/\/www.dt-smart.com\/de\/produkt\/lcd-display-and-touch-panel-assembly-replacement-for-ipad-pro-12-9-inch-2nd-gen-a1670-a1671\/","title":{"rendered":"iPad Pro 12,9 Zoll (2. Generation, A1670\/A1671) LCD-Display &amp; Touchpanel-Einheit \u2013 Retina-Display mit ProMotion 120 Hz &amp; True Tone \u2013 Kompatibel mit A10X Fusion Chip \u2013 Entspiegelung \u2013 Erstausr\u00fcsterqualit\u00e4t \u2013 Qualit\u00e4tsgarantie \u2013 Schneller Versand"},"content":{"rendered":"<p style=\"text-align: center;\"><img fetchpriority=\"high\" decoding=\"async\" class=\"alignnone size-full wp-image-15567\" src=\"https:\/\/www.insurepart.com\/wp-content\/uploads\/2024\/08\/\u4e3a\u4ec0\u4e48\u9009\u62e9\u6211\u4eec22.webp\" alt=\"\" width=\"1000\" height=\"786\" srcset=\"https:\/\/www.dt-smart.com\/wp-content\/uploads\/2024\/08\/\u4e3a\u4ec0\u4e48\u9009\u62e9\u6211\u4eec22.webp 1000w, https:\/\/www.dt-smart.com\/wp-content\/uploads\/2024\/08\/\u4e3a\u4ec0\u4e48\u9009\u62e9\u6211\u4eec22-300x236.webp 300w, https:\/\/www.dt-smart.com\/wp-content\/uploads\/2024\/08\/\u4e3a\u4ec0\u4e48\u9009\u62e9\u6211\u4eec22-150x118.webp 150w, https:\/\/www.dt-smart.com\/wp-content\/uploads\/2024\/08\/\u4e3a\u4ec0\u4e48\u9009\u62e9\u6211\u4eec22-800x629.webp 800w, https:\/\/www.dt-smart.com\/wp-content\/uploads\/2024\/08\/\u4e3a\u4ec0\u4e48\u9009\u62e9\u6211\u4eec22-768x604.webp 768w, https:\/\/www.dt-smart.com\/wp-content\/uploads\/2024\/08\/\u4e3a\u4ec0\u4e48\u9009\u62e9\u6211\u4eec22-15x12.webp 15w\" sizes=\"(max-width: 1000px) 100vw, 1000px\" \/><\/p>","protected":false},"excerpt":{"rendered":"<p><span style=\"font-size: 10pt;\">Diese Bildschirmeinheit f\u00fcr das iPad Pro 12,9\u2033 (2. Generation) besteht aus einem laminierten LCD-Display und einem Digitizer mit Unterst\u00fctzung f\u00fcr 120 Hz ProMotion. Die Aufl\u00f6sung betr\u00e4gt 2732 \u00d7 2048 Pixel bei exzellenter Helligkeit und hohem Kontrast. Kompatibel mit A1670 und A1671. Ideal zur Reparatur besch\u00e4digter oder flackernder Displays. Vorgetestet und gepr\u00fcft.<\/span><\/p>","protected":false},"featured_media":20901,"comment_status":"open","ping_status":"closed","template":"","meta":[],"product_brand":[],"product_cat":[596,43,64],"product_tag":[],"class_list":{"0":"post-20931","1":"product","2":"type-product","3":"status-publish","4":"has-post-thumbnail","6":"product_cat-all-ipad-tplcd","7":"product_cat-ipad","8":"product_cat-ipad-pro-12-9-2nd-gen-2017","10":"first","11":"instock","12":"taxable","13":"shipping-taxable","14":"purchasable","15":"product-type-simple"},"yoast_head":"<!-- This site is optimized with the Yoast SEO plugin v27.4 - https:\/\/yoast.com\/product\/yoast-seo-wordpress\/ -->\n<title>iPad Pro 12.9-Inch 2nd Gen (A1670\/A1671) LCD Display &amp; Touch Panel Assembly Replacement - Retina Display with ProMotion 120Hz &amp; True Tone - A10X Fusion Chip Compatible - Anti-Reflective Coating - OEM Grade - Quality Guaranteed - Fast Shipping - InsurePart<\/title>\n<meta name=\"description\" content=\"iPad Pro 12.9-Inch 2nd Gen (A1670\/A1671) LCD Display &amp; Touch Panel Assembly Replacement - Retina Display with ProMotion 120Hz &amp; True Tone - A10X Fusion Chip Compatible - Anti-Reflective Coating - OEM Grade - Quality Guaranteed - Fast Shipping\" \/>\n<meta name=\"robots\" content=\"index, follow, max-snippet:-1, max-image-preview:large, max-video-preview:-1\" \/>\n<link rel=\"canonical\" href=\"https:\/\/www.dt-smart.com\/de\/produkt\/lcd-display-and-touch-panel-assembly-replacement-for-ipad-pro-12-9-inch-2nd-gen-a1670-a1671\/\" \/>\n<meta property=\"og:locale\" content=\"de_DE\" \/>\n<meta property=\"og:type\" content=\"article\" \/>\n<meta property=\"og:title\" content=\"iPad Pro 12.9-Inch 2nd Gen (A1670\/A1671) LCD Display &amp; Touch Panel Assembly Replacement - Retina Display with ProMotion 120Hz &amp; True Tone - A10X Fusion Chip Compatible - Anti-Reflective Coating - OEM Grade - Quality Guaranteed - Fast Shipping - InsurePart\" \/>\n<meta property=\"og:description\" content=\"iPad Pro 12.9-Inch 2nd Gen (A1670\/A1671) LCD Display &amp; Touch Panel Assembly Replacement - Retina Display with ProMotion 120Hz &amp; True Tone - A10X Fusion Chip Compatible - Anti-Reflective Coating - OEM Grade - Quality Guaranteed - Fast Shipping\" \/>\n<meta property=\"og:url\" content=\"https:\/\/www.dt-smart.com\/de\/produkt\/lcd-display-and-touch-panel-assembly-replacement-for-ipad-pro-12-9-inch-2nd-gen-a1670-a1671\/\" \/>\n<meta property=\"og:site_name\" content=\"InsurePart\" \/>\n<meta property=\"article:publisher\" content=\"https:\/\/www.facebook.com\/anjinleeEva\" \/>\n<meta property=\"article:modified_time\" content=\"2026-01-14T06:18:11+00:00\" \/>\n<meta property=\"og:image\" content=\"https:\/\/www.dt-smart.com\/wp-content\/uploads\/2025\/07\/Pro12.9-gen2-1.webp\" \/>\n\t<meta property=\"og:image:width\" content=\"800\" \/>\n\t<meta property=\"og:image:height\" content=\"800\" \/>\n\t<meta property=\"og:image:type\" content=\"image\/webp\" \/>\n<meta name=\"twitter:card\" content=\"summary_large_image\" \/>\n<meta name=\"twitter:label1\" content=\"Gesch\u00e4tzte Lesezeit\" \/>\n\t<meta name=\"twitter:data1\" content=\"1\u00a0Minute\" \/>\n<script type=\"application\/ld+json\" class=\"yoast-schema-graph\">{\"@context\":\"https:\\\/\\\/schema.org\",\"@graph\":[{\"@type\":\"WebPage\",\"@id\":\"https:\\\/\\\/www.dt-smart.com\\\/ja\\\/product\\\/lcd-display-and-touch-panel-assembly-replacement-for-ipad-pro-12-9-inch-2nd-gen-a1670-a1671\\\/\",\"url\":\"https:\\\/\\\/www.dt-smart.com\\\/ja\\\/product\\\/lcd-display-and-touch-panel-assembly-replacement-for-ipad-pro-12-9-inch-2nd-gen-a1670-a1671\\\/\",\"name\":\"iPad Pro 12.9-Inch 2nd Gen (A1670\\\/A1671) LCD Display & Touch Panel Assembly Replacement - Retina Display with ProMotion 120Hz & True Tone - A10X Fusion Chip Compatible - Anti-Reflective Coating - OEM Grade - Quality Guaranteed - Fast Shipping - InsurePart\",\"isPartOf\":{\"@id\":\"https:\\\/\\\/www.dt-smart.com\\\/#website\"},\"primaryImageOfPage\":{\"@id\":\"https:\\\/\\\/www.dt-smart.com\\\/ja\\\/product\\\/lcd-display-and-touch-panel-assembly-replacement-for-ipad-pro-12-9-inch-2nd-gen-a1670-a1671\\\/#primaryimage\"},\"image\":{\"@id\":\"https:\\\/\\\/www.dt-smart.com\\\/ja\\\/product\\\/lcd-display-and-touch-panel-assembly-replacement-for-ipad-pro-12-9-inch-2nd-gen-a1670-a1671\\\/#primaryimage\"},\"thumbnailUrl\":\"https:\\\/\\\/www.dt-smart.com\\\/wp-content\\\/uploads\\\/2025\\\/07\\\/Pro12.9-gen2-1.webp\",\"datePublished\":\"2025-07-05T07:15:15+00:00\",\"dateModified\":\"2026-01-14T06:18:11+00:00\",\"description\":\"iPad Pro 12.9-Inch 2nd Gen (A1670\\\/A1671) LCD Display & Touch Panel Assembly Replacement - Retina Display with ProMotion 120Hz & True Tone - A10X Fusion Chip Compatible - Anti-Reflective Coating - OEM Grade - Quality Guaranteed - Fast Shipping\",\"breadcrumb\":{\"@id\":\"https:\\\/\\\/www.dt-smart.com\\\/ja\\\/product\\\/lcd-display-and-touch-panel-assembly-replacement-for-ipad-pro-12-9-inch-2nd-gen-a1670-a1671\\\/#breadcrumb\"},\"inLanguage\":\"de\",\"potentialAction\":[{\"@type\":\"ReadAction\",\"target\":[\"https:\\\/\\\/www.dt-smart.com\\\/ja\\\/product\\\/lcd-display-and-touch-panel-assembly-replacement-for-ipad-pro-12-9-inch-2nd-gen-a1670-a1671\\\/\"]}]},{\"@type\":\"ImageObject\",\"inLanguage\":\"de\",\"@id\":\"https:\\\/\\\/www.dt-smart.com\\\/ja\\\/product\\\/lcd-display-and-touch-panel-assembly-replacement-for-ipad-pro-12-9-inch-2nd-gen-a1670-a1671\\\/#primaryimage\",\"url\":\"https:\\\/\\\/www.dt-smart.com\\\/wp-content\\\/uploads\\\/2025\\\/07\\\/Pro12.9-gen2-1.webp\",\"contentUrl\":\"https:\\\/\\\/www.dt-smart.com\\\/wp-content\\\/uploads\\\/2025\\\/07\\\/Pro12.9-gen2-1.webp\",\"width\":800,\"height\":800},{\"@type\":\"BreadcrumbList\",\"@id\":\"https:\\\/\\\/www.dt-smart.com\\\/ja\\\/product\\\/lcd-display-and-touch-panel-assembly-replacement-for-ipad-pro-12-9-inch-2nd-gen-a1670-a1671\\\/#breadcrumb\",\"itemListElement\":[{\"@type\":\"ListItem\",\"position\":1,\"name\":\"Home\",\"item\":\"https:\\\/\\\/www.dt-smart.com\\\/\"},{\"@type\":\"ListItem\",\"position\":2,\"name\":\"Product\",\"item\":\"https:\\\/\\\/www.dt-smart.com\\\/ru\\\/product\\\/\"},{\"@type\":\"ListItem\",\"position\":3,\"name\":\"iPad Pro 12.9-Inch 2nd Gen (A1670\\\/A1671) LCD Display &#038; Touch Panel Assembly Replacement &#8211; Retina Display with ProMotion 120Hz &#038; True Tone &#8211; A10X Fusion Chip Compatible &#8211; Anti-Reflective Coating &#8211; OEM Grade &#8211; Quality Guaranteed &#8211; Fast Shipping\"}]},{\"@type\":\"WebSite\",\"@id\":\"https:\\\/\\\/www.dt-smart.com\\\/#website\",\"url\":\"https:\\\/\\\/www.dt-smart.com\\\/\",\"name\":\"InsurePart\",\"description\":\"Cell Phone Repair Parts; iPhone Parts Wholesale;Samsung Parts Supplier\",\"potentialAction\":[{\"@type\":\"SearchAction\",\"target\":{\"@type\":\"EntryPoint\",\"urlTemplate\":\"https:\\\/\\\/www.dt-smart.com\\\/?s={search_term_string}\"},\"query-input\":{\"@type\":\"PropertyValueSpecification\",\"valueRequired\":true,\"valueName\":\"search_term_string\"}}],\"inLanguage\":\"de\"}]}<\/script>\n<!-- \/ Yoast SEO plugin. -->","yoast_head_json":{"title":"iPad Pro 12.9-Inch 2nd Gen (A1670\/A1671) LCD Display & Touch Panel Assembly Replacement - Retina Display with ProMotion 120Hz & True Tone - A10X Fusion Chip Compatible - Anti-Reflective Coating - OEM Grade - Quality Guaranteed - Fast Shipping - InsurePart","description":"iPad Pro 12,9 Zoll (2. Generation, A1670\/A1671) LCD-Display &amp; Touchpanel-Einheit \u2013 Retina-Display mit ProMotion 120 Hz &amp; True Tone \u2013 Kompatibel mit A10X Fusion Chip \u2013 Entspiegelung \u2013 Erstausr\u00fcsterqualit\u00e4t \u2013 Qualit\u00e4tsgarantie \u2013 Schneller Versand","robots":{"index":"index","follow":"follow","max-snippet":"max-snippet:-1","max-image-preview":"max-image-preview:large","max-video-preview":"max-video-preview:-1"},"canonical":"https:\/\/www.dt-smart.com\/de\/produkt\/lcd-display-and-touch-panel-assembly-replacement-for-ipad-pro-12-9-inch-2nd-gen-a1670-a1671\/","og_locale":"de_DE","og_type":"article","og_title":"iPad Pro 12.9-Inch 2nd Gen (A1670\/A1671) LCD Display & Touch Panel Assembly Replacement - Retina Display with ProMotion 120Hz & True Tone - A10X Fusion Chip Compatible - Anti-Reflective Coating - OEM Grade - Quality Guaranteed - Fast Shipping - InsurePart","og_description":"iPad Pro 12.9-Inch 2nd Gen (A1670\/A1671) LCD Display & Touch Panel Assembly Replacement - Retina Display with ProMotion 120Hz & True Tone - A10X Fusion Chip Compatible - Anti-Reflective Coating - OEM Grade - Quality Guaranteed - Fast Shipping","og_url":"https:\/\/www.dt-smart.com\/de\/produkt\/lcd-display-and-touch-panel-assembly-replacement-for-ipad-pro-12-9-inch-2nd-gen-a1670-a1671\/","og_site_name":"InsurePart","article_publisher":"https:\/\/www.facebook.com\/anjinleeEva","article_modified_time":"2026-01-14T06:18:11+00:00","og_image":[{"width":800,"height":800,"url":"https:\/\/www.dt-smart.com\/wp-content\/uploads\/2025\/07\/Pro12.9-gen2-1.webp","type":"image\/webp"}],"twitter_card":"summary_large_image","twitter_misc":{"Gesch\u00e4tzte Lesezeit":"1\u00a0Minute"},"schema":{"@context":"https:\/\/schema.org","@graph":[{"@type":"WebPage","@id":"https:\/\/www.dt-smart.com\/ja\/product\/lcd-display-and-touch-panel-assembly-replacement-for-ipad-pro-12-9-inch-2nd-gen-a1670-a1671\/","url":"https:\/\/www.dt-smart.com\/ja\/product\/lcd-display-and-touch-panel-assembly-replacement-for-ipad-pro-12-9-inch-2nd-gen-a1670-a1671\/","name":"iPad Pro 12.9-Inch 2nd Gen (A1670\/A1671) LCD Display & Touch Panel Assembly Replacement - Retina Display with ProMotion 120Hz & True Tone - A10X Fusion Chip Compatible - Anti-Reflective Coating - OEM Grade - Quality Guaranteed - Fast Shipping - InsurePart","isPartOf":{"@id":"https:\/\/www.dt-smart.com\/#website"},"primaryImageOfPage":{"@id":"https:\/\/www.dt-smart.com\/ja\/product\/lcd-display-and-touch-panel-assembly-replacement-for-ipad-pro-12-9-inch-2nd-gen-a1670-a1671\/#primaryimage"},"image":{"@id":"https:\/\/www.dt-smart.com\/ja\/product\/lcd-display-and-touch-panel-assembly-replacement-for-ipad-pro-12-9-inch-2nd-gen-a1670-a1671\/#primaryimage"},"thumbnailUrl":"https:\/\/www.dt-smart.com\/wp-content\/uploads\/2025\/07\/Pro12.9-gen2-1.webp","datePublished":"2025-07-05T07:15:15+00:00","dateModified":"2026-01-14T06:18:11+00:00","description":"iPad Pro 12,9 Zoll (2. Generation, A1670\/A1671) LCD-Display &amp; Touchpanel-Einheit \u2013 Retina-Display mit ProMotion 120 Hz &amp; True Tone \u2013 Kompatibel mit A10X Fusion Chip \u2013 Entspiegelung \u2013 Erstausr\u00fcsterqualit\u00e4t \u2013 Qualit\u00e4tsgarantie \u2013 Schneller Versand","breadcrumb":{"@id":"https:\/\/www.dt-smart.com\/ja\/product\/lcd-display-and-touch-panel-assembly-replacement-for-ipad-pro-12-9-inch-2nd-gen-a1670-a1671\/#breadcrumb"},"inLanguage":"de","potentialAction":[{"@type":"ReadAction","target":["https:\/\/www.dt-smart.com\/ja\/product\/lcd-display-and-touch-panel-assembly-replacement-for-ipad-pro-12-9-inch-2nd-gen-a1670-a1671\/"]}]},{"@type":"ImageObject","inLanguage":"de","@id":"https:\/\/www.dt-smart.com\/ja\/product\/lcd-display-and-touch-panel-assembly-replacement-for-ipad-pro-12-9-inch-2nd-gen-a1670-a1671\/#primaryimage","url":"https:\/\/www.dt-smart.com\/wp-content\/uploads\/2025\/07\/Pro12.9-gen2-1.webp","contentUrl":"https:\/\/www.dt-smart.com\/wp-content\/uploads\/2025\/07\/Pro12.9-gen2-1.webp","width":800,"height":800},{"@type":"BreadcrumbList","@id":"https:\/\/www.dt-smart.com\/ja\/product\/lcd-display-and-touch-panel-assembly-replacement-for-ipad-pro-12-9-inch-2nd-gen-a1670-a1671\/#breadcrumb","itemListElement":[{"@type":"ListItem","position":1,"name":"Home","item":"https:\/\/www.dt-smart.com\/"},{"@type":"ListItem","position":2,"name":"Product","item":"https:\/\/www.dt-smart.com\/ru\/product\/"},{"@type":"ListItem","position":3,"name":"iPad Pro 12.9-Inch 2nd Gen (A1670\/A1671) LCD Display &#038; Touch Panel Assembly Replacement &#8211; Retina Display with ProMotion 120Hz &#038; True Tone &#8211; A10X Fusion Chip Compatible &#8211; Anti-Reflective Coating &#8211; OEM Grade &#8211; Quality Guaranteed &#8211; Fast Shipping"}]},{"@type":"WebSite","@id":"https:\/\/www.dt-smart.com\/#website","url":"https:\/\/www.dt-smart.com\/","name":"InsurePart","description":"Handy-Ersatzteile; iPhone-Ersatzteile im Gro\u00dfhandel; Samsung-Ersatzteillieferant","potentialAction":[{"@type":"SearchAction","target":{"@type":"EntryPoint","urlTemplate":"https:\/\/www.dt-smart.com\/?s={search_term_string}"},"query-input":{"@type":"PropertyValueSpecification","valueRequired":true,"valueName":"search_term_string"}}],"inLanguage":"de"}]}},"_links":{"self":[{"href":"https:\/\/www.dt-smart.com\/de\/wp-json\/wp\/v2\/product\/20931","targetHints":{"allow":["GET"]}}],"collection":[{"href":"https:\/\/www.dt-smart.com\/de\/wp-json\/wp\/v2\/product"}],"about":[{"href":"https:\/\/www.dt-smart.com\/de\/wp-json\/wp\/v2\/types\/product"}],"replies":[{"embeddable":true,"href":"https:\/\/www.dt-smart.com\/de\/wp-json\/wp\/v2\/comments?post=20931"}],"version-history":[{"count":3,"href":"https:\/\/www.dt-smart.com\/de\/wp-json\/wp\/v2\/product\/20931\/revisions"}],"predecessor-version":[{"id":24874,"href":"https:\/\/www.dt-smart.com\/de\/wp-json\/wp\/v2\/product\/20931\/revisions\/24874"}],"wp:featuredmedia":[{"embeddable":true,"href":"https:\/\/www.dt-smart.com\/de\/wp-json\/wp\/v2\/media\/20901"}],"wp:attachment":[{"href":"https:\/\/www.dt-smart.com\/de\/wp-json\/wp\/v2\/media?parent=20931"}],"wp:term":[{"taxonomy":"product_brand","embeddable":true,"href":"https:\/\/www.dt-smart.com\/de\/wp-json\/wp\/v2\/product_brand?post=20931"},{"taxonomy":"product_cat","embeddable":true,"href":"https:\/\/www.dt-smart.com\/de\/wp-json\/wp\/v2\/product_cat?post=20931"},{"taxonomy":"product_tag","embeddable":true,"href":"https:\/\/www.dt-smart.com\/de\/wp-json\/wp\/v2\/product_tag?post=20931"}],"curies":[{"name":"wp","href":"https:\/\/api.w.org\/{rel}","templated":true}]}}