{"id":20934,"date":"2025-07-05T15:30:59","date_gmt":"2025-07-05T07:30:59","guid":{"rendered":"https:\/\/www.insurepart.com\/?post_type=product&#038;p=20934"},"modified":"2026-01-14T14:20:26","modified_gmt":"2026-01-14T06:20:26","slug":"mini-led-xdr-lcd-and-touch-digitizer-screen-assembly-for-ipad-pro-12-9-inch-6th-gen-m2-a2436-a2764-a2437-a2766","status":"publish","type":"product","link":"https:\/\/www.dt-smart.com\/de\/produkt\/mini-led-xdr-lcd-and-touch-digitizer-screen-assembly-for-ipad-pro-12-9-inch-6th-gen-m2-a2436-a2764-a2437-a2766\/","title":{"rendered":"iPad Pro 12,9 Zoll 6. Generation M2 (A2436\/A2764\/A2437\/A2766) Mini-LED XDR LCD- und Touch-Digitizer-Bildschirmeinheit \u2013 Liquid Retina XDR mit Extreme Dynamic Range und ProMotion 120 Hz \u2013 True Tone und P3 Wide Color \u2013 Erstausr\u00fcsterqualit\u00e4t \u2013 Qualit\u00e4tsgarantie \u2013 Schneller Versand"},"content":{"rendered":"<p style=\"text-align: center;\"><img fetchpriority=\"high\" decoding=\"async\" class=\"alignnone size-full wp-image-15567\" src=\"https:\/\/www.insurepart.com\/wp-content\/uploads\/2024\/08\/\u4e3a\u4ec0\u4e48\u9009\u62e9\u6211\u4eec22.webp\" alt=\"\" width=\"1000\" height=\"786\" srcset=\"https:\/\/www.dt-smart.com\/wp-content\/uploads\/2024\/08\/\u4e3a\u4ec0\u4e48\u9009\u62e9\u6211\u4eec22.webp 1000w, https:\/\/www.dt-smart.com\/wp-content\/uploads\/2024\/08\/\u4e3a\u4ec0\u4e48\u9009\u62e9\u6211\u4eec22-300x236.webp 300w, https:\/\/www.dt-smart.com\/wp-content\/uploads\/2024\/08\/\u4e3a\u4ec0\u4e48\u9009\u62e9\u6211\u4eec22-150x118.webp 150w, https:\/\/www.dt-smart.com\/wp-content\/uploads\/2024\/08\/\u4e3a\u4ec0\u4e48\u9009\u62e9\u6211\u4eec22-800x629.webp 800w, https:\/\/www.dt-smart.com\/wp-content\/uploads\/2024\/08\/\u4e3a\u4ec0\u4e48\u9009\u62e9\u6211\u4eec22-768x604.webp 768w, https:\/\/www.dt-smart.com\/wp-content\/uploads\/2024\/08\/\u4e3a\u4ec0\u4e48\u9009\u62e9\u6211\u4eec22-15x12.webp 15w\" sizes=\"(max-width: 1000px) 100vw, 1000px\" \/><\/p>","protected":false},"excerpt":{"rendered":"<p><span style=\"font-size: 10pt;\">Dieses hochwertige Ersatzdisplay ist f\u00fcr das iPad Pro 12,9\u2033 der 6. Generation (2022, M2) mit Mini-LED XDR-Display geeignet. Es bietet eine Aufl\u00f6sung von 2732 x 2048 Pixeln, P3-Farbraumabdeckung, 1000 Nits Helligkeit (1600 Nits Spitzenwert f\u00fcr HDR) und 120 Hz ProMotion und ist speziell f\u00fcr die Modelle A2436, A2764, A2437 und A2766 entwickelt. Digitizer und LCD sind f\u00fcr ein nahtloses Touch-Erlebnis laminiert. True Tone und HDR10 werden unterst\u00fctzt. Ideal zum Austausch von gesprungenen, schwarzen oder mit Lichth\u00f6fen versehenen Displays. Das Display wurde auf gleichm\u00e4\u00dfige Ausleuchtung und pr\u00e4zise Farbwiedergabe getestet. Aufgrund der hohen Pr\u00e4zision und der Face ID-Integration ist die Installation komplex und sollte nur von Fachleuten durchgef\u00fchrt werden.<\/span><\/p>","protected":false},"featured_media":20913,"comment_status":"open","ping_status":"closed","template":"","meta":[],"product_brand":[],"product_cat":[596,43,60],"product_tag":[],"class_list":{"0":"post-20934","1":"product","2":"type-product","3":"status-publish","4":"has-post-thumbnail","6":"product_cat-all-ipad-tplcd","7":"product_cat-ipad","8":"product_cat-ipad-pro-12-9-6th-gen-2022","10":"first","11":"instock","12":"taxable","13":"shipping-taxable","14":"purchasable","15":"product-type-simple"},"yoast_head":"<!-- This site is optimized with the Yoast SEO plugin v27.4 - https:\/\/yoast.com\/product\/yoast-seo-wordpress\/ -->\n<title>iPad Pro 12.9-Inch 6th Gen M2 (A2436\/A2764\/A2437\/A2766) Mini-LED XDR LCD &amp; Touch Digitizer Screen Assembly Replacement - Liquid Retina XDR with Extreme Dynamic Range &amp; ProMotion 120Hz - True Tone &amp; P3 Wide Color - OEM Grade - Quality Guaranteed - Fast Shipping - InsurePart<\/title>\n<meta name=\"description\" content=\"iPad Pro 12.9-Inch 6th Gen M2 (A2436\/A2764\/A2437\/A2766) Mini-LED XDR LCD &amp; Touch Digitizer Screen Assembly Replacement - Liquid Retina XDR with Extreme Dynamic Range &amp; ProMotion 120Hz - True Tone &amp; P3 Wide Color - OEM Grade - Quality Guaranteed - Fast Shipping\" \/>\n<meta name=\"robots\" content=\"index, follow, max-snippet:-1, max-image-preview:large, max-video-preview:-1\" \/>\n<link rel=\"canonical\" href=\"https:\/\/www.dt-smart.com\/de\/produkt\/mini-led-xdr-lcd-and-touch-digitizer-screen-assembly-for-ipad-pro-12-9-inch-6th-gen-m2-a2436-a2764-a2437-a2766\/\" \/>\n<meta property=\"og:locale\" content=\"de_DE\" \/>\n<meta property=\"og:type\" content=\"article\" \/>\n<meta property=\"og:title\" content=\"iPad Pro 12.9-Inch 6th Gen M2 (A2436\/A2764\/A2437\/A2766) Mini-LED XDR LCD &amp; Touch Digitizer Screen Assembly Replacement - Liquid Retina XDR with Extreme Dynamic Range &amp; ProMotion 120Hz - True Tone &amp; P3 Wide Color - OEM Grade - Quality Guaranteed - Fast Shipping - InsurePart\" \/>\n<meta property=\"og:description\" content=\"iPad Pro 12.9-Inch 6th Gen M2 (A2436\/A2764\/A2437\/A2766) Mini-LED XDR LCD &amp; Touch Digitizer Screen Assembly Replacement - Liquid Retina XDR with Extreme Dynamic Range &amp; ProMotion 120Hz - True Tone &amp; P3 Wide Color - OEM Grade - Quality Guaranteed - Fast Shipping\" \/>\n<meta property=\"og:url\" content=\"https:\/\/www.dt-smart.com\/de\/produkt\/mini-led-xdr-lcd-and-touch-digitizer-screen-assembly-for-ipad-pro-12-9-inch-6th-gen-m2-a2436-a2764-a2437-a2766\/\" \/>\n<meta property=\"og:site_name\" content=\"InsurePart\" \/>\n<meta property=\"article:publisher\" content=\"https:\/\/www.facebook.com\/anjinleeEva\" \/>\n<meta property=\"article:modified_time\" content=\"2026-01-14T06:20:26+00:00\" \/>\n<meta property=\"og:image\" content=\"https:\/\/www.dt-smart.com\/wp-content\/uploads\/2025\/07\/Pro12.9-gen6-1.webp\" \/>\n\t<meta property=\"og:image:width\" content=\"800\" \/>\n\t<meta property=\"og:image:height\" content=\"800\" \/>\n\t<meta property=\"og:image:type\" content=\"image\/webp\" \/>\n<meta name=\"twitter:card\" content=\"summary_large_image\" \/>\n<meta name=\"twitter:label1\" content=\"Gesch\u00e4tzte Lesezeit\" \/>\n\t<meta name=\"twitter:data1\" content=\"1\u00a0Minute\" \/>\n<script type=\"application\/ld+json\" class=\"yoast-schema-graph\">{\"@context\":\"https:\\\/\\\/schema.org\",\"@graph\":[{\"@type\":\"WebPage\",\"@id\":\"https:\\\/\\\/www.dt-smart.com\\\/product\\\/mini-led-xdr-lcd-and-touch-digitizer-screen-assembly-for-ipad-pro-12-9-inch-6th-gen-m2-a2436-a2764-a2437-a2766\\\/\",\"url\":\"https:\\\/\\\/www.dt-smart.com\\\/product\\\/mini-led-xdr-lcd-and-touch-digitizer-screen-assembly-for-ipad-pro-12-9-inch-6th-gen-m2-a2436-a2764-a2437-a2766\\\/\",\"name\":\"iPad Pro 12.9-Inch 6th Gen M2 (A2436\\\/A2764\\\/A2437\\\/A2766) Mini-LED XDR LCD & Touch Digitizer Screen Assembly Replacement - Liquid Retina XDR with Extreme Dynamic Range & ProMotion 120Hz - True Tone & P3 Wide Color - OEM Grade - Quality Guaranteed - Fast Shipping - InsurePart\",\"isPartOf\":{\"@id\":\"https:\\\/\\\/www.dt-smart.com\\\/#website\"},\"primaryImageOfPage\":{\"@id\":\"https:\\\/\\\/www.dt-smart.com\\\/product\\\/mini-led-xdr-lcd-and-touch-digitizer-screen-assembly-for-ipad-pro-12-9-inch-6th-gen-m2-a2436-a2764-a2437-a2766\\\/#primaryimage\"},\"image\":{\"@id\":\"https:\\\/\\\/www.dt-smart.com\\\/product\\\/mini-led-xdr-lcd-and-touch-digitizer-screen-assembly-for-ipad-pro-12-9-inch-6th-gen-m2-a2436-a2764-a2437-a2766\\\/#primaryimage\"},\"thumbnailUrl\":\"https:\\\/\\\/www.dt-smart.com\\\/wp-content\\\/uploads\\\/2025\\\/07\\\/Pro12.9-gen6-1.webp\",\"datePublished\":\"2025-07-05T07:30:59+00:00\",\"dateModified\":\"2026-01-14T06:20:26+00:00\",\"description\":\"iPad Pro 12.9-Inch 6th Gen M2 (A2436\\\/A2764\\\/A2437\\\/A2766) Mini-LED XDR LCD & Touch Digitizer Screen Assembly Replacement - Liquid Retina XDR with Extreme Dynamic Range & ProMotion 120Hz - True Tone & P3 Wide Color - OEM Grade - Quality Guaranteed - Fast Shipping\",\"breadcrumb\":{\"@id\":\"https:\\\/\\\/www.dt-smart.com\\\/product\\\/mini-led-xdr-lcd-and-touch-digitizer-screen-assembly-for-ipad-pro-12-9-inch-6th-gen-m2-a2436-a2764-a2437-a2766\\\/#breadcrumb\"},\"inLanguage\":\"de\",\"potentialAction\":[{\"@type\":\"ReadAction\",\"target\":[\"https:\\\/\\\/www.dt-smart.com\\\/product\\\/mini-led-xdr-lcd-and-touch-digitizer-screen-assembly-for-ipad-pro-12-9-inch-6th-gen-m2-a2436-a2764-a2437-a2766\\\/\"]}]},{\"@type\":\"ImageObject\",\"inLanguage\":\"de\",\"@id\":\"https:\\\/\\\/www.dt-smart.com\\\/product\\\/mini-led-xdr-lcd-and-touch-digitizer-screen-assembly-for-ipad-pro-12-9-inch-6th-gen-m2-a2436-a2764-a2437-a2766\\\/#primaryimage\",\"url\":\"https:\\\/\\\/www.dt-smart.com\\\/wp-content\\\/uploads\\\/2025\\\/07\\\/Pro12.9-gen6-1.webp\",\"contentUrl\":\"https:\\\/\\\/www.dt-smart.com\\\/wp-content\\\/uploads\\\/2025\\\/07\\\/Pro12.9-gen6-1.webp\",\"width\":800,\"height\":800},{\"@type\":\"BreadcrumbList\",\"@id\":\"https:\\\/\\\/www.dt-smart.com\\\/product\\\/mini-led-xdr-lcd-and-touch-digitizer-screen-assembly-for-ipad-pro-12-9-inch-6th-gen-m2-a2436-a2764-a2437-a2766\\\/#breadcrumb\",\"itemListElement\":[{\"@type\":\"ListItem\",\"position\":1,\"name\":\"Home\",\"item\":\"https:\\\/\\\/www.dt-smart.com\\\/\"},{\"@type\":\"ListItem\",\"position\":2,\"name\":\"Product\",\"item\":\"https:\\\/\\\/www.dt-smart.com\\\/ru\\\/product\\\/\"},{\"@type\":\"ListItem\",\"position\":3,\"name\":\"iPad Pro 12.9-Inch 6th Gen M2 (A2436\\\/A2764\\\/A2437\\\/A2766) Mini-LED XDR LCD &#038; Touch Digitizer Screen Assembly Replacement &#8211; Liquid Retina XDR with Extreme Dynamic Range &#038; ProMotion 120Hz &#8211; True Tone &#038; P3 Wide Color &#8211; OEM Grade &#8211; Quality Guaranteed &#8211; Fast Shipping\"}]},{\"@type\":\"WebSite\",\"@id\":\"https:\\\/\\\/www.dt-smart.com\\\/#website\",\"url\":\"https:\\\/\\\/www.dt-smart.com\\\/\",\"name\":\"InsurePart\",\"description\":\"Cell Phone Repair Parts; iPhone Parts Wholesale;Samsung Parts Supplier\",\"potentialAction\":[{\"@type\":\"SearchAction\",\"target\":{\"@type\":\"EntryPoint\",\"urlTemplate\":\"https:\\\/\\\/www.dt-smart.com\\\/?s={search_term_string}\"},\"query-input\":{\"@type\":\"PropertyValueSpecification\",\"valueRequired\":true,\"valueName\":\"search_term_string\"}}],\"inLanguage\":\"de\"}]}<\/script>\n<!-- \/ Yoast SEO plugin. -->","yoast_head_json":{"title":"iPad Pro 12.9-Inch 6th Gen M2 (A2436\/A2764\/A2437\/A2766) Mini-LED XDR LCD & Touch Digitizer Screen Assembly Replacement - Liquid Retina XDR with Extreme Dynamic Range & ProMotion 120Hz - True Tone & P3 Wide Color - OEM Grade - Quality Guaranteed - Fast Shipping - InsurePart","description":"iPad Pro 12,9 Zoll 6. Generation M2 (A2436\/A2764\/A2437\/A2766) Mini-LED XDR LCD- und Touch-Digitizer-Bildschirmeinheit \u2013 Liquid Retina XDR mit Extreme Dynamic Range und ProMotion 120 Hz \u2013 True Tone und P3 Wide Color \u2013 Erstausr\u00fcsterqualit\u00e4t \u2013 Qualit\u00e4tsgarantie \u2013 Schneller Versand","robots":{"index":"index","follow":"follow","max-snippet":"max-snippet:-1","max-image-preview":"max-image-preview:large","max-video-preview":"max-video-preview:-1"},"canonical":"https:\/\/www.dt-smart.com\/de\/produkt\/mini-led-xdr-lcd-and-touch-digitizer-screen-assembly-for-ipad-pro-12-9-inch-6th-gen-m2-a2436-a2764-a2437-a2766\/","og_locale":"de_DE","og_type":"article","og_title":"iPad Pro 12.9-Inch 6th Gen M2 (A2436\/A2764\/A2437\/A2766) Mini-LED XDR LCD & Touch Digitizer Screen Assembly Replacement - Liquid Retina XDR with Extreme Dynamic Range & ProMotion 120Hz - True Tone & P3 Wide Color - OEM Grade - Quality Guaranteed - Fast Shipping - InsurePart","og_description":"iPad Pro 12.9-Inch 6th Gen M2 (A2436\/A2764\/A2437\/A2766) Mini-LED XDR LCD & Touch Digitizer Screen Assembly Replacement - Liquid Retina XDR with Extreme Dynamic Range & ProMotion 120Hz - True Tone & P3 Wide Color - OEM Grade - Quality Guaranteed - Fast Shipping","og_url":"https:\/\/www.dt-smart.com\/de\/produkt\/mini-led-xdr-lcd-and-touch-digitizer-screen-assembly-for-ipad-pro-12-9-inch-6th-gen-m2-a2436-a2764-a2437-a2766\/","og_site_name":"InsurePart","article_publisher":"https:\/\/www.facebook.com\/anjinleeEva","article_modified_time":"2026-01-14T06:20:26+00:00","og_image":[{"width":800,"height":800,"url":"https:\/\/www.dt-smart.com\/wp-content\/uploads\/2025\/07\/Pro12.9-gen6-1.webp","type":"image\/webp"}],"twitter_card":"summary_large_image","twitter_misc":{"Gesch\u00e4tzte Lesezeit":"1\u00a0Minute"},"schema":{"@context":"https:\/\/schema.org","@graph":[{"@type":"WebPage","@id":"https:\/\/www.dt-smart.com\/product\/mini-led-xdr-lcd-and-touch-digitizer-screen-assembly-for-ipad-pro-12-9-inch-6th-gen-m2-a2436-a2764-a2437-a2766\/","url":"https:\/\/www.dt-smart.com\/product\/mini-led-xdr-lcd-and-touch-digitizer-screen-assembly-for-ipad-pro-12-9-inch-6th-gen-m2-a2436-a2764-a2437-a2766\/","name":"iPad Pro 12.9-Inch 6th Gen M2 (A2436\/A2764\/A2437\/A2766) Mini-LED XDR LCD & Touch Digitizer Screen Assembly Replacement - Liquid Retina XDR with Extreme Dynamic Range & ProMotion 120Hz - True Tone & P3 Wide Color - OEM Grade - Quality Guaranteed - Fast Shipping - InsurePart","isPartOf":{"@id":"https:\/\/www.dt-smart.com\/#website"},"primaryImageOfPage":{"@id":"https:\/\/www.dt-smart.com\/product\/mini-led-xdr-lcd-and-touch-digitizer-screen-assembly-for-ipad-pro-12-9-inch-6th-gen-m2-a2436-a2764-a2437-a2766\/#primaryimage"},"image":{"@id":"https:\/\/www.dt-smart.com\/product\/mini-led-xdr-lcd-and-touch-digitizer-screen-assembly-for-ipad-pro-12-9-inch-6th-gen-m2-a2436-a2764-a2437-a2766\/#primaryimage"},"thumbnailUrl":"https:\/\/www.dt-smart.com\/wp-content\/uploads\/2025\/07\/Pro12.9-gen6-1.webp","datePublished":"2025-07-05T07:30:59+00:00","dateModified":"2026-01-14T06:20:26+00:00","description":"iPad Pro 12,9 Zoll 6. Generation M2 (A2436\/A2764\/A2437\/A2766) Mini-LED XDR LCD- und Touch-Digitizer-Bildschirmeinheit \u2013 Liquid Retina XDR mit Extreme Dynamic Range und ProMotion 120 Hz \u2013 True Tone und P3 Wide Color \u2013 Erstausr\u00fcsterqualit\u00e4t \u2013 Qualit\u00e4tsgarantie \u2013 Schneller Versand","breadcrumb":{"@id":"https:\/\/www.dt-smart.com\/product\/mini-led-xdr-lcd-and-touch-digitizer-screen-assembly-for-ipad-pro-12-9-inch-6th-gen-m2-a2436-a2764-a2437-a2766\/#breadcrumb"},"inLanguage":"de","potentialAction":[{"@type":"ReadAction","target":["https:\/\/www.dt-smart.com\/product\/mini-led-xdr-lcd-and-touch-digitizer-screen-assembly-for-ipad-pro-12-9-inch-6th-gen-m2-a2436-a2764-a2437-a2766\/"]}]},{"@type":"ImageObject","inLanguage":"de","@id":"https:\/\/www.dt-smart.com\/product\/mini-led-xdr-lcd-and-touch-digitizer-screen-assembly-for-ipad-pro-12-9-inch-6th-gen-m2-a2436-a2764-a2437-a2766\/#primaryimage","url":"https:\/\/www.dt-smart.com\/wp-content\/uploads\/2025\/07\/Pro12.9-gen6-1.webp","contentUrl":"https:\/\/www.dt-smart.com\/wp-content\/uploads\/2025\/07\/Pro12.9-gen6-1.webp","width":800,"height":800},{"@type":"BreadcrumbList","@id":"https:\/\/www.dt-smart.com\/product\/mini-led-xdr-lcd-and-touch-digitizer-screen-assembly-for-ipad-pro-12-9-inch-6th-gen-m2-a2436-a2764-a2437-a2766\/#breadcrumb","itemListElement":[{"@type":"ListItem","position":1,"name":"Home","item":"https:\/\/www.dt-smart.com\/"},{"@type":"ListItem","position":2,"name":"Product","item":"https:\/\/www.dt-smart.com\/ru\/product\/"},{"@type":"ListItem","position":3,"name":"iPad Pro 12.9-Inch 6th Gen M2 (A2436\/A2764\/A2437\/A2766) Mini-LED XDR LCD &#038; Touch Digitizer Screen Assembly Replacement &#8211; Liquid Retina XDR with Extreme Dynamic Range &#038; ProMotion 120Hz &#8211; True Tone &#038; P3 Wide Color &#8211; OEM Grade &#8211; Quality Guaranteed &#8211; Fast Shipping"}]},{"@type":"WebSite","@id":"https:\/\/www.dt-smart.com\/#website","url":"https:\/\/www.dt-smart.com\/","name":"InsurePart","description":"Handy-Ersatzteile; iPhone-Ersatzteile im Gro\u00dfhandel; Samsung-Ersatzteillieferant","potentialAction":[{"@type":"SearchAction","target":{"@type":"EntryPoint","urlTemplate":"https:\/\/www.dt-smart.com\/?s={search_term_string}"},"query-input":{"@type":"PropertyValueSpecification","valueRequired":true,"valueName":"search_term_string"}}],"inLanguage":"de"}]}},"_links":{"self":[{"href":"https:\/\/www.dt-smart.com\/de\/wp-json\/wp\/v2\/product\/20934","targetHints":{"allow":["GET"]}}],"collection":[{"href":"https:\/\/www.dt-smart.com\/de\/wp-json\/wp\/v2\/product"}],"about":[{"href":"https:\/\/www.dt-smart.com\/de\/wp-json\/wp\/v2\/types\/product"}],"replies":[{"embeddable":true,"href":"https:\/\/www.dt-smart.com\/de\/wp-json\/wp\/v2\/comments?post=20934"}],"version-history":[{"count":4,"href":"https:\/\/www.dt-smart.com\/de\/wp-json\/wp\/v2\/product\/20934\/revisions"}],"predecessor-version":[{"id":24878,"href":"https:\/\/www.dt-smart.com\/de\/wp-json\/wp\/v2\/product\/20934\/revisions\/24878"}],"wp:featuredmedia":[{"embeddable":true,"href":"https:\/\/www.dt-smart.com\/de\/wp-json\/wp\/v2\/media\/20913"}],"wp:attachment":[{"href":"https:\/\/www.dt-smart.com\/de\/wp-json\/wp\/v2\/media?parent=20934"}],"wp:term":[{"taxonomy":"product_brand","embeddable":true,"href":"https:\/\/www.dt-smart.com\/de\/wp-json\/wp\/v2\/product_brand?post=20934"},{"taxonomy":"product_cat","embeddable":true,"href":"https:\/\/www.dt-smart.com\/de\/wp-json\/wp\/v2\/product_cat?post=20934"},{"taxonomy":"product_tag","embeddable":true,"href":"https:\/\/www.dt-smart.com\/de\/wp-json\/wp\/v2\/product_tag?post=20934"}],"curies":[{"name":"wp","href":"https:\/\/api.w.org\/{rel}","templated":true}]}}