{"id":21277,"date":"2025-07-06T15:00:55","date_gmt":"2025-07-06T07:00:55","guid":{"rendered":"https:\/\/www.insurepart.com\/?post_type=product&#038;p=21277"},"modified":"2026-01-19T16:29:39","modified_gmt":"2026-01-19T08:29:39","slug":"high-quality-iphone-14-middle-frame-with-flex-cable-6-1%e2%80%91inch-2022-for-seamless-integration-easy-installation-and-fully-functional-button-and-sensor-support","status":"publish","type":"product","link":"https:\/\/www.dt-smart.com\/de\/produkt\/high-quality-iphone-14-middle-frame-with-flex-cable-6-1%e2%80%91inch-2022-for-seamless-integration-easy-installation-and-fully-functional-button-and-sensor-support\/","title":{"rendered":"iPhone 14 Mittelrahmen mit Flexkabel (6,1 Zoll, 2022) \u2013 Nahtlose Integration &amp; einfache Installation \u2013 Volle Funktionalit\u00e4t aller Tasten &amp; Sensoren \u2013 OEM-Qualit\u00e4t \u2013 Schneller Versand"},"content":{"rendered":"<p style=\"text-align: center;\"><img fetchpriority=\"high\" decoding=\"async\" class=\"alignnone size-full wp-image-15567\" src=\"https:\/\/www.insurepart.com\/wp-content\/uploads\/2024\/08\/\u4e3a\u4ec0\u4e48\u9009\u62e9\u6211\u4eec22.webp\" alt=\"\" width=\"1000\" height=\"786\" srcset=\"https:\/\/www.dt-smart.com\/wp-content\/uploads\/2024\/08\/\u4e3a\u4ec0\u4e48\u9009\u62e9\u6211\u4eec22.webp 1000w, https:\/\/www.dt-smart.com\/wp-content\/uploads\/2024\/08\/\u4e3a\u4ec0\u4e48\u9009\u62e9\u6211\u4eec22-300x236.webp 300w, https:\/\/www.dt-smart.com\/wp-content\/uploads\/2024\/08\/\u4e3a\u4ec0\u4e48\u9009\u62e9\u6211\u4eec22-150x118.webp 150w, https:\/\/www.dt-smart.com\/wp-content\/uploads\/2024\/08\/\u4e3a\u4ec0\u4e48\u9009\u62e9\u6211\u4eec22-800x629.webp 800w, https:\/\/www.dt-smart.com\/wp-content\/uploads\/2024\/08\/\u4e3a\u4ec0\u4e48\u9009\u62e9\u6211\u4eec22-768x604.webp 768w, https:\/\/www.dt-smart.com\/wp-content\/uploads\/2024\/08\/\u4e3a\u4ec0\u4e48\u9009\u62e9\u6211\u4eec22-15x12.webp 15w\" sizes=\"(max-width: 1000px) 100vw, 1000px\" \/><\/p>","protected":false},"excerpt":{"rendered":"<p><span style=\"font-size: 10pt;\">Dieser Mittelrahmen in Erstausr\u00fcsterqualit\u00e4t mit Flexkabel f\u00fcr das iPhone 14 (6,1 Zoll, 2022) ist passgenau und gew\u00e4hrleistet eine einwandfreie Funktion. Dank des vollst\u00e4ndig integrierten Flexkabels unterst\u00fctzt dieses Ersatzteil den Ein-\/Ausschalter, die Lautst\u00e4rkeregelung und die internen Sensoren und stellt so die volle Funktionalit\u00e4t Ihres Ger\u00e4ts wieder her. Der Mittelrahmen besteht aus hochfesten Materialien und bietet dadurch hervorragende Haltbarkeit und Schutz vor St\u00f6\u00dfen. Ob Sie einen gebrochenen Rahmen reparieren oder besch\u00e4digte interne Komponenten austauschen m\u00f6chten \u2013 dieser Mittelrahmen bietet alles, was Sie f\u00fcr eine erfolgreiche Reparatur in Eigenregie ben\u00f6tigen. Das einfach zu installierende Ersatzteil sorgt daf\u00fcr, dass alle Tasten, Sensoren und Funktionen Ihres iPhones einwandfrei funktionieren und Ihr Ger\u00e4t wieder voll funktionsf\u00e4hig ist.<\/span><\/p>","protected":false},"featured_media":21276,"comment_status":"open","ping_status":"closed","template":"","meta":[],"product_brand":[],"product_cat":[42,59],"product_tag":[],"class_list":{"0":"post-21277","1":"product","2":"type-product","3":"status-publish","4":"has-post-thumbnail","6":"product_cat-iphone","7":"product_cat-iphone-14","9":"first","10":"instock","11":"taxable","12":"shipping-taxable","13":"purchasable","14":"product-type-variable"},"yoast_head":"<!-- This site is optimized with the Yoast SEO plugin v27.4 - https:\/\/yoast.com\/product\/yoast-seo-wordpress\/ -->\n<title>iPhone 14 Middle Frame with Flex Cable (6.1\u2011inch, 2022) - Seamless Integration &amp; Easy Installation - Fully Functional Button &amp; Sensor Support - OEM Quality - Fast Shipping - InsurePart<\/title>\n<meta name=\"description\" content=\"iPhone 14 Middle Frame with Flex Cable (6.1\u2011inch, 2022) - Seamless Integration &amp; Easy Installation - Fully Functional Button &amp; Sensor Support - OEM Quality - Fast Shipping\" \/>\n<meta name=\"robots\" content=\"index, follow, max-snippet:-1, max-image-preview:large, max-video-preview:-1\" \/>\n<link rel=\"canonical\" href=\"https:\/\/www.dt-smart.com\/de\/produkt\/high-quality-iphone-14-middle-frame-with-flex-cable-6-1\u2011inch-2022-for-seamless-integration-easy-installation-and-fully-functional-button-and-sensor-support\/\" \/>\n<meta property=\"og:locale\" content=\"de_DE\" \/>\n<meta property=\"og:type\" content=\"article\" \/>\n<meta property=\"og:title\" content=\"iPhone 14 Middle Frame with Flex Cable (6.1\u2011inch, 2022) - Seamless Integration &amp; Easy Installation - Fully Functional Button &amp; Sensor Support - OEM Quality - Fast Shipping - InsurePart\" \/>\n<meta property=\"og:description\" content=\"iPhone 14 Middle Frame with Flex Cable (6.1\u2011inch, 2022) - Seamless Integration &amp; Easy Installation - Fully Functional Button &amp; Sensor Support - OEM Quality - Fast Shipping\" \/>\n<meta property=\"og:url\" content=\"https:\/\/www.dt-smart.com\/de\/produkt\/high-quality-iphone-14-middle-frame-with-flex-cable-6-1\u2011inch-2022-for-seamless-integration-easy-installation-and-fully-functional-button-and-sensor-support\/\" \/>\n<meta property=\"og:site_name\" content=\"InsurePart\" \/>\n<meta property=\"article:publisher\" content=\"https:\/\/www.facebook.com\/anjinleeEva\" \/>\n<meta property=\"article:modified_time\" content=\"2026-01-19T08:29:39+00:00\" \/>\n<meta property=\"og:image\" content=\"https:\/\/www.dt-smart.com\/wp-content\/uploads\/2025\/07\/14-1-2.webp\" \/>\n\t<meta property=\"og:image:width\" content=\"2000\" \/>\n\t<meta property=\"og:image:height\" content=\"2000\" \/>\n\t<meta property=\"og:image:type\" content=\"image\/webp\" \/>\n<meta name=\"twitter:card\" content=\"summary_large_image\" \/>\n<meta name=\"twitter:label1\" content=\"Gesch\u00e4tzte Lesezeit\" \/>\n\t<meta name=\"twitter:data1\" content=\"1\u00a0Minute\" \/>\n<script type=\"application\/ld+json\" class=\"yoast-schema-graph\">{\"@context\":\"https:\\\/\\\/schema.org\",\"@graph\":[{\"@type\":\"WebPage\",\"@id\":\"https:\\\/\\\/www.dt-smart.com\\\/product\\\/high-quality-iphone-14-middle-frame-with-flex-cable-6-1%e2%80%91inch-2022-for-seamless-integration-easy-installation-and-fully-functional-button-and-sensor-support\\\/\",\"url\":\"https:\\\/\\\/www.dt-smart.com\\\/product\\\/high-quality-iphone-14-middle-frame-with-flex-cable-6-1%e2%80%91inch-2022-for-seamless-integration-easy-installation-and-fully-functional-button-and-sensor-support\\\/\",\"name\":\"iPhone 14 Middle Frame with Flex Cable (6.1\u2011inch, 2022) - Seamless Integration & Easy Installation - Fully Functional Button & Sensor Support - OEM Quality - Fast Shipping - InsurePart\",\"isPartOf\":{\"@id\":\"https:\\\/\\\/www.dt-smart.com\\\/#website\"},\"primaryImageOfPage\":{\"@id\":\"https:\\\/\\\/www.dt-smart.com\\\/product\\\/high-quality-iphone-14-middle-frame-with-flex-cable-6-1%e2%80%91inch-2022-for-seamless-integration-easy-installation-and-fully-functional-button-and-sensor-support\\\/#primaryimage\"},\"image\":{\"@id\":\"https:\\\/\\\/www.dt-smart.com\\\/product\\\/high-quality-iphone-14-middle-frame-with-flex-cable-6-1%e2%80%91inch-2022-for-seamless-integration-easy-installation-and-fully-functional-button-and-sensor-support\\\/#primaryimage\"},\"thumbnailUrl\":\"https:\\\/\\\/www.dt-smart.com\\\/wp-content\\\/uploads\\\/2025\\\/07\\\/14-1-2.webp\",\"datePublished\":\"2025-07-06T07:00:55+00:00\",\"dateModified\":\"2026-01-19T08:29:39+00:00\",\"description\":\"iPhone 14 Middle Frame with Flex Cable (6.1\u2011inch, 2022) - Seamless Integration & Easy Installation - Fully Functional Button & Sensor Support - OEM Quality - Fast Shipping\",\"breadcrumb\":{\"@id\":\"https:\\\/\\\/www.dt-smart.com\\\/product\\\/high-quality-iphone-14-middle-frame-with-flex-cable-6-1%e2%80%91inch-2022-for-seamless-integration-easy-installation-and-fully-functional-button-and-sensor-support\\\/#breadcrumb\"},\"inLanguage\":\"de\",\"potentialAction\":[{\"@type\":\"ReadAction\",\"target\":[\"https:\\\/\\\/www.dt-smart.com\\\/product\\\/high-quality-iphone-14-middle-frame-with-flex-cable-6-1%e2%80%91inch-2022-for-seamless-integration-easy-installation-and-fully-functional-button-and-sensor-support\\\/\"]}]},{\"@type\":\"ImageObject\",\"inLanguage\":\"de\",\"@id\":\"https:\\\/\\\/www.dt-smart.com\\\/product\\\/high-quality-iphone-14-middle-frame-with-flex-cable-6-1%e2%80%91inch-2022-for-seamless-integration-easy-installation-and-fully-functional-button-and-sensor-support\\\/#primaryimage\",\"url\":\"https:\\\/\\\/www.dt-smart.com\\\/wp-content\\\/uploads\\\/2025\\\/07\\\/14-1-2.webp\",\"contentUrl\":\"https:\\\/\\\/www.dt-smart.com\\\/wp-content\\\/uploads\\\/2025\\\/07\\\/14-1-2.webp\",\"width\":2000,\"height\":2000},{\"@type\":\"BreadcrumbList\",\"@id\":\"https:\\\/\\\/www.dt-smart.com\\\/product\\\/high-quality-iphone-14-middle-frame-with-flex-cable-6-1%e2%80%91inch-2022-for-seamless-integration-easy-installation-and-fully-functional-button-and-sensor-support\\\/#breadcrumb\",\"itemListElement\":[{\"@type\":\"ListItem\",\"position\":1,\"name\":\"Home\",\"item\":\"https:\\\/\\\/www.dt-smart.com\\\/\"},{\"@type\":\"ListItem\",\"position\":2,\"name\":\"Product\",\"item\":\"https:\\\/\\\/www.dt-smart.com\\\/ru\\\/product\\\/\"},{\"@type\":\"ListItem\",\"position\":3,\"name\":\"iPhone 14 Middle Frame with Flex Cable (6.1\u2011inch, 2022) &#8211; Seamless Integration &#038; Easy Installation &#8211; Fully Functional Button &#038; Sensor Support &#8211; OEM Quality &#8211; Fast Shipping\"}]},{\"@type\":\"WebSite\",\"@id\":\"https:\\\/\\\/www.dt-smart.com\\\/#website\",\"url\":\"https:\\\/\\\/www.dt-smart.com\\\/\",\"name\":\"InsurePart\",\"description\":\"Cell Phone Repair Parts; iPhone Parts Wholesale;Samsung Parts Supplier\",\"potentialAction\":[{\"@type\":\"SearchAction\",\"target\":{\"@type\":\"EntryPoint\",\"urlTemplate\":\"https:\\\/\\\/www.dt-smart.com\\\/?s={search_term_string}\"},\"query-input\":{\"@type\":\"PropertyValueSpecification\",\"valueRequired\":true,\"valueName\":\"search_term_string\"}}],\"inLanguage\":\"de\"}]}<\/script>\n<!-- \/ Yoast SEO plugin. -->","yoast_head_json":{"title":"iPhone 14 Middle Frame with Flex Cable (6.1\u2011inch, 2022) - Seamless Integration & Easy Installation - Fully Functional Button & Sensor Support - OEM Quality - Fast Shipping - InsurePart","description":"iPhone 14 Middle Frame with Flex Cable (6.1\u2011inch, 2022) - Seamless Integration & Easy Installation - Fully Functional Button & Sensor Support - OEM Quality - Fast Shipping","robots":{"index":"index","follow":"follow","max-snippet":"max-snippet:-1","max-image-preview":"max-image-preview:large","max-video-preview":"max-video-preview:-1"},"canonical":"https:\/\/www.dt-smart.com\/de\/produkt\/high-quality-iphone-14-middle-frame-with-flex-cable-6-1\u2011inch-2022-for-seamless-integration-easy-installation-and-fully-functional-button-and-sensor-support\/","og_locale":"de_DE","og_type":"article","og_title":"iPhone 14 Middle Frame with Flex Cable (6.1\u2011inch, 2022) - Seamless Integration & Easy Installation - Fully Functional Button & Sensor Support - OEM Quality - Fast Shipping - InsurePart","og_description":"iPhone 14 Middle Frame with Flex Cable (6.1\u2011inch, 2022) - Seamless Integration & Easy Installation - Fully Functional Button & Sensor Support - OEM Quality - Fast Shipping","og_url":"https:\/\/www.dt-smart.com\/de\/produkt\/high-quality-iphone-14-middle-frame-with-flex-cable-6-1\u2011inch-2022-for-seamless-integration-easy-installation-and-fully-functional-button-and-sensor-support\/","og_site_name":"InsurePart","article_publisher":"https:\/\/www.facebook.com\/anjinleeEva","article_modified_time":"2026-01-19T08:29:39+00:00","og_image":[{"width":2000,"height":2000,"url":"https:\/\/www.dt-smart.com\/wp-content\/uploads\/2025\/07\/14-1-2.webp","type":"image\/webp"}],"twitter_card":"summary_large_image","twitter_misc":{"Gesch\u00e4tzte Lesezeit":"1\u00a0Minute"},"schema":{"@context":"https:\/\/schema.org","@graph":[{"@type":"WebPage","@id":"https:\/\/www.dt-smart.com\/product\/high-quality-iphone-14-middle-frame-with-flex-cable-6-1%e2%80%91inch-2022-for-seamless-integration-easy-installation-and-fully-functional-button-and-sensor-support\/","url":"https:\/\/www.dt-smart.com\/product\/high-quality-iphone-14-middle-frame-with-flex-cable-6-1%e2%80%91inch-2022-for-seamless-integration-easy-installation-and-fully-functional-button-and-sensor-support\/","name":"iPhone 14 Middle Frame with Flex Cable (6.1\u2011inch, 2022) - Seamless Integration & Easy Installation - Fully Functional Button & Sensor Support - OEM Quality - Fast Shipping - InsurePart","isPartOf":{"@id":"https:\/\/www.dt-smart.com\/#website"},"primaryImageOfPage":{"@id":"https:\/\/www.dt-smart.com\/product\/high-quality-iphone-14-middle-frame-with-flex-cable-6-1%e2%80%91inch-2022-for-seamless-integration-easy-installation-and-fully-functional-button-and-sensor-support\/#primaryimage"},"image":{"@id":"https:\/\/www.dt-smart.com\/product\/high-quality-iphone-14-middle-frame-with-flex-cable-6-1%e2%80%91inch-2022-for-seamless-integration-easy-installation-and-fully-functional-button-and-sensor-support\/#primaryimage"},"thumbnailUrl":"https:\/\/www.dt-smart.com\/wp-content\/uploads\/2025\/07\/14-1-2.webp","datePublished":"2025-07-06T07:00:55+00:00","dateModified":"2026-01-19T08:29:39+00:00","description":"iPhone 14 Middle Frame with Flex Cable (6.1\u2011inch, 2022) - Seamless Integration & Easy Installation - Fully Functional Button & Sensor Support - OEM Quality - Fast Shipping","breadcrumb":{"@id":"https:\/\/www.dt-smart.com\/product\/high-quality-iphone-14-middle-frame-with-flex-cable-6-1%e2%80%91inch-2022-for-seamless-integration-easy-installation-and-fully-functional-button-and-sensor-support\/#breadcrumb"},"inLanguage":"de","potentialAction":[{"@type":"ReadAction","target":["https:\/\/www.dt-smart.com\/product\/high-quality-iphone-14-middle-frame-with-flex-cable-6-1%e2%80%91inch-2022-for-seamless-integration-easy-installation-and-fully-functional-button-and-sensor-support\/"]}]},{"@type":"ImageObject","inLanguage":"de","@id":"https:\/\/www.dt-smart.com\/product\/high-quality-iphone-14-middle-frame-with-flex-cable-6-1%e2%80%91inch-2022-for-seamless-integration-easy-installation-and-fully-functional-button-and-sensor-support\/#primaryimage","url":"https:\/\/www.dt-smart.com\/wp-content\/uploads\/2025\/07\/14-1-2.webp","contentUrl":"https:\/\/www.dt-smart.com\/wp-content\/uploads\/2025\/07\/14-1-2.webp","width":2000,"height":2000},{"@type":"BreadcrumbList","@id":"https:\/\/www.dt-smart.com\/product\/high-quality-iphone-14-middle-frame-with-flex-cable-6-1%e2%80%91inch-2022-for-seamless-integration-easy-installation-and-fully-functional-button-and-sensor-support\/#breadcrumb","itemListElement":[{"@type":"ListItem","position":1,"name":"Home","item":"https:\/\/www.dt-smart.com\/"},{"@type":"ListItem","position":2,"name":"Product","item":"https:\/\/www.dt-smart.com\/ru\/product\/"},{"@type":"ListItem","position":3,"name":"iPhone 14 Middle Frame with Flex Cable (6.1\u2011inch, 2022) &#8211; Seamless Integration &#038; Easy Installation &#8211; Fully Functional Button &#038; Sensor Support &#8211; OEM Quality &#8211; Fast Shipping"}]},{"@type":"WebSite","@id":"https:\/\/www.dt-smart.com\/#website","url":"https:\/\/www.dt-smart.com\/","name":"InsurePart","description":"Handy-Ersatzteile; iPhone-Ersatzteile im Gro\u00dfhandel; Samsung-Ersatzteillieferant","potentialAction":[{"@type":"SearchAction","target":{"@type":"EntryPoint","urlTemplate":"https:\/\/www.dt-smart.com\/?s={search_term_string}"},"query-input":{"@type":"PropertyValueSpecification","valueRequired":true,"valueName":"search_term_string"}}],"inLanguage":"de"}]}},"_links":{"self":[{"href":"https:\/\/www.dt-smart.com\/de\/wp-json\/wp\/v2\/product\/21277","targetHints":{"allow":["GET"]}}],"collection":[{"href":"https:\/\/www.dt-smart.com\/de\/wp-json\/wp\/v2\/product"}],"about":[{"href":"https:\/\/www.dt-smart.com\/de\/wp-json\/wp\/v2\/types\/product"}],"replies":[{"embeddable":true,"href":"https:\/\/www.dt-smart.com\/de\/wp-json\/wp\/v2\/comments?post=21277"}],"version-history":[{"count":3,"href":"https:\/\/www.dt-smart.com\/de\/wp-json\/wp\/v2\/product\/21277\/revisions"}],"predecessor-version":[{"id":24769,"href":"https:\/\/www.dt-smart.com\/de\/wp-json\/wp\/v2\/product\/21277\/revisions\/24769"}],"wp:featuredmedia":[{"embeddable":true,"href":"https:\/\/www.dt-smart.com\/de\/wp-json\/wp\/v2\/media\/21276"}],"wp:attachment":[{"href":"https:\/\/www.dt-smart.com\/de\/wp-json\/wp\/v2\/media?parent=21277"}],"wp:term":[{"taxonomy":"product_brand","embeddable":true,"href":"https:\/\/www.dt-smart.com\/de\/wp-json\/wp\/v2\/product_brand?post=21277"},{"taxonomy":"product_cat","embeddable":true,"href":"https:\/\/www.dt-smart.com\/de\/wp-json\/wp\/v2\/product_cat?post=21277"},{"taxonomy":"product_tag","embeddable":true,"href":"https:\/\/www.dt-smart.com\/de\/wp-json\/wp\/v2\/product_tag?post=21277"}],"curies":[{"name":"wp","href":"https:\/\/api.w.org\/{rel}","templated":true}]}}