{"id":21285,"date":"2025-07-06T15:36:21","date_gmt":"2025-07-06T07:36:21","guid":{"rendered":"https:\/\/www.insurepart.com\/?post_type=product&#038;p=21285"},"modified":"2026-01-13T14:28:16","modified_gmt":"2026-01-13T06:28:16","slug":"durable-iphone-15-pro-max-middle-frame-with-flex-cable-6-7%e2%80%91inch-2023-for-seamless-button-sensor-and-feature-functionality-fast-installation","status":"publish","type":"product","link":"https:\/\/www.dt-smart.com\/de\/produkt\/durable-iphone-15-pro-max-middle-frame-with-flex-cable-6-7%e2%80%91inch-2023-for-seamless-button-sensor-and-feature-functionality-fast-installation\/","title":{"rendered":"iPhone 15 Pro Max Mittelrahmen mit Flexkabel (6,7 Zoll, 2023) \u2013 Nahtlose Tasten-, Sensor- und Funktionsfreiheit \u2013 Robustes Design und schnelle Installation \u2013 OEM-Qualit\u00e4t \u2013 Schneller Versand"},"content":{"rendered":"<p style=\"text-align: center;\"><img fetchpriority=\"high\" decoding=\"async\" class=\"alignnone size-full wp-image-15567\" src=\"https:\/\/www.insurepart.com\/wp-content\/uploads\/2024\/08\/\u4e3a\u4ec0\u4e48\u9009\u62e9\u6211\u4eec22.webp\" alt=\"\" width=\"1000\" height=\"786\" srcset=\"https:\/\/www.dt-smart.com\/wp-content\/uploads\/2024\/08\/\u4e3a\u4ec0\u4e48\u9009\u62e9\u6211\u4eec22.webp 1000w, https:\/\/www.dt-smart.com\/wp-content\/uploads\/2024\/08\/\u4e3a\u4ec0\u4e48\u9009\u62e9\u6211\u4eec22-300x236.webp 300w, https:\/\/www.dt-smart.com\/wp-content\/uploads\/2024\/08\/\u4e3a\u4ec0\u4e48\u9009\u62e9\u6211\u4eec22-150x118.webp 150w, https:\/\/www.dt-smart.com\/wp-content\/uploads\/2024\/08\/\u4e3a\u4ec0\u4e48\u9009\u62e9\u6211\u4eec22-800x629.webp 800w, https:\/\/www.dt-smart.com\/wp-content\/uploads\/2024\/08\/\u4e3a\u4ec0\u4e48\u9009\u62e9\u6211\u4eec22-768x604.webp 768w, https:\/\/www.dt-smart.com\/wp-content\/uploads\/2024\/08\/\u4e3a\u4ec0\u4e48\u9009\u62e9\u6211\u4eec22-15x12.webp 15w\" sizes=\"(max-width: 1000px) 100vw, 1000px\" \/><\/p>","protected":false},"excerpt":{"rendered":"<p><span style=\"font-size: 10pt;\">R\u00fcsten Sie Ihr iPhone 15 Pro Max (6,7 Zoll, 2023) mit diesem hochwertigen Mittelrahmen auf. Dank des integrierten Flexkabels bleiben alle Tasten, einschlie\u00dflich der Ein-\/Aus- und Lautst\u00e4rkeregler, sowie die internen Sensoren voll funktionsf\u00e4hig. Gefertigt aus robusten Materialien, bietet er optimalen Schutz f\u00fcr Ihr Ger\u00e4t und bewahrt gleichzeitig dessen schlankes und leichtes Design. Die Installation ist schnell und einfach, wodurch sich dieser Mittelrahmen ideal f\u00fcr Reparaturen in Eigenregie eignet. Mit diesem Ersatzrahmen stellen Sie die volle Leistung Ihres iPhone 15 Pro Max wieder her und genie\u00dfen ein reibungsloses Benutzererlebnis.<\/span><\/p>","protected":false},"featured_media":21260,"comment_status":"open","ping_status":"closed","template":"","meta":[],"product_brand":[],"product_cat":[42,52],"product_tag":[],"class_list":{"0":"post-21285","1":"product","2":"type-product","3":"status-publish","4":"has-post-thumbnail","6":"product_cat-iphone","7":"product_cat-iphone-15-pro-max","9":"first","10":"instock","11":"taxable","12":"shipping-taxable","13":"purchasable","14":"product-type-variable"},"yoast_head":"<!-- This site is optimized with the Yoast SEO plugin v27.4 - https:\/\/yoast.com\/product\/yoast-seo-wordpress\/ -->\n<title>iPhone 15 Pro Max Middle Frame with Flex Cable (6.7\u2011inch, 2023) - Seamless Button, Sensor &amp; Feature Functionality - Durable Design &amp; Fast Installation - OEM Quality - Fast Shipping - InsurePart<\/title>\n<meta name=\"description\" content=\"Durable iPhone 15 Pro Max Middle Frame with Flex Cable (6.7\u2011inch, 2023) for Seamless Button, Sensor, and Feature Functionality, Fast Installation\" \/>\n<meta name=\"robots\" content=\"index, follow, max-snippet:-1, max-image-preview:large, max-video-preview:-1\" \/>\n<link rel=\"canonical\" href=\"https:\/\/www.dt-smart.com\/de\/produkt\/durable-iphone-15-pro-max-middle-frame-with-flex-cable-6-7\u2011inch-2023-for-seamless-button-sensor-and-feature-functionality-fast-installation\/\" \/>\n<meta property=\"og:locale\" content=\"de_DE\" \/>\n<meta property=\"og:type\" content=\"article\" \/>\n<meta property=\"og:title\" content=\"iPhone 15 Pro Max Middle Frame with Flex Cable (6.7\u2011inch, 2023) - Seamless Button, Sensor &amp; Feature Functionality - Durable Design &amp; Fast Installation - OEM Quality - Fast Shipping - InsurePart\" \/>\n<meta property=\"og:description\" content=\"Durable iPhone 15 Pro Max Middle Frame with Flex Cable (6.7\u2011inch, 2023) for Seamless Button, Sensor, and Feature Functionality, Fast Installation\" \/>\n<meta property=\"og:url\" content=\"https:\/\/www.dt-smart.com\/de\/produkt\/durable-iphone-15-pro-max-middle-frame-with-flex-cable-6-7\u2011inch-2023-for-seamless-button-sensor-and-feature-functionality-fast-installation\/\" \/>\n<meta property=\"og:site_name\" content=\"InsurePart\" \/>\n<meta property=\"article:publisher\" content=\"https:\/\/www.facebook.com\/anjinleeEva\" \/>\n<meta property=\"article:modified_time\" content=\"2026-01-13T06:28:16+00:00\" \/>\n<meta property=\"og:image\" content=\"https:\/\/www.dt-smart.com\/wp-content\/uploads\/2025\/07\/15PM-1-1.webp\" \/>\n\t<meta property=\"og:image:width\" content=\"800\" \/>\n\t<meta property=\"og:image:height\" content=\"800\" \/>\n\t<meta property=\"og:image:type\" content=\"image\/webp\" \/>\n<meta name=\"twitter:card\" content=\"summary_large_image\" \/>\n<meta name=\"twitter:label1\" content=\"Gesch\u00e4tzte Lesezeit\" \/>\n\t<meta name=\"twitter:data1\" content=\"1\u00a0Minute\" \/>\n<script type=\"application\/ld+json\" class=\"yoast-schema-graph\">{\"@context\":\"https:\\\/\\\/schema.org\",\"@graph\":[{\"@type\":\"WebPage\",\"@id\":\"https:\\\/\\\/www.dt-smart.com\\\/product\\\/durable-iphone-15-pro-max-middle-frame-with-flex-cable-6-7%e2%80%91inch-2023-for-seamless-button-sensor-and-feature-functionality-fast-installation\\\/\",\"url\":\"https:\\\/\\\/www.dt-smart.com\\\/product\\\/durable-iphone-15-pro-max-middle-frame-with-flex-cable-6-7%e2%80%91inch-2023-for-seamless-button-sensor-and-feature-functionality-fast-installation\\\/\",\"name\":\"iPhone 15 Pro Max Middle Frame with Flex Cable (6.7\u2011inch, 2023) - Seamless Button, Sensor & Feature Functionality - Durable Design & Fast Installation - OEM Quality - Fast Shipping - InsurePart\",\"isPartOf\":{\"@id\":\"https:\\\/\\\/www.dt-smart.com\\\/#website\"},\"primaryImageOfPage\":{\"@id\":\"https:\\\/\\\/www.dt-smart.com\\\/product\\\/durable-iphone-15-pro-max-middle-frame-with-flex-cable-6-7%e2%80%91inch-2023-for-seamless-button-sensor-and-feature-functionality-fast-installation\\\/#primaryimage\"},\"image\":{\"@id\":\"https:\\\/\\\/www.dt-smart.com\\\/product\\\/durable-iphone-15-pro-max-middle-frame-with-flex-cable-6-7%e2%80%91inch-2023-for-seamless-button-sensor-and-feature-functionality-fast-installation\\\/#primaryimage\"},\"thumbnailUrl\":\"https:\\\/\\\/www.dt-smart.com\\\/wp-content\\\/uploads\\\/2025\\\/07\\\/15PM-1-1.webp\",\"datePublished\":\"2025-07-06T07:36:21+00:00\",\"dateModified\":\"2026-01-13T06:28:16+00:00\",\"description\":\"Durable iPhone 15 Pro Max Middle Frame with Flex Cable (6.7\u2011inch, 2023) for Seamless Button, Sensor, and Feature Functionality, Fast Installation\",\"breadcrumb\":{\"@id\":\"https:\\\/\\\/www.dt-smart.com\\\/product\\\/durable-iphone-15-pro-max-middle-frame-with-flex-cable-6-7%e2%80%91inch-2023-for-seamless-button-sensor-and-feature-functionality-fast-installation\\\/#breadcrumb\"},\"inLanguage\":\"de\",\"potentialAction\":[{\"@type\":\"ReadAction\",\"target\":[\"https:\\\/\\\/www.dt-smart.com\\\/product\\\/durable-iphone-15-pro-max-middle-frame-with-flex-cable-6-7%e2%80%91inch-2023-for-seamless-button-sensor-and-feature-functionality-fast-installation\\\/\"]}]},{\"@type\":\"ImageObject\",\"inLanguage\":\"de\",\"@id\":\"https:\\\/\\\/www.dt-smart.com\\\/product\\\/durable-iphone-15-pro-max-middle-frame-with-flex-cable-6-7%e2%80%91inch-2023-for-seamless-button-sensor-and-feature-functionality-fast-installation\\\/#primaryimage\",\"url\":\"https:\\\/\\\/www.dt-smart.com\\\/wp-content\\\/uploads\\\/2025\\\/07\\\/15PM-1-1.webp\",\"contentUrl\":\"https:\\\/\\\/www.dt-smart.com\\\/wp-content\\\/uploads\\\/2025\\\/07\\\/15PM-1-1.webp\",\"width\":800,\"height\":800},{\"@type\":\"BreadcrumbList\",\"@id\":\"https:\\\/\\\/www.dt-smart.com\\\/product\\\/durable-iphone-15-pro-max-middle-frame-with-flex-cable-6-7%e2%80%91inch-2023-for-seamless-button-sensor-and-feature-functionality-fast-installation\\\/#breadcrumb\",\"itemListElement\":[{\"@type\":\"ListItem\",\"position\":1,\"name\":\"Home\",\"item\":\"https:\\\/\\\/www.dt-smart.com\\\/\"},{\"@type\":\"ListItem\",\"position\":2,\"name\":\"Product\",\"item\":\"https:\\\/\\\/www.dt-smart.com\\\/ru\\\/product\\\/\"},{\"@type\":\"ListItem\",\"position\":3,\"name\":\"iPhone 15 Pro Max Middle Frame with Flex Cable (6.7\u2011inch, 2023) &#8211; Seamless Button, Sensor &#038; Feature Functionality &#8211; Durable Design &#038; Fast Installation &#8211; OEM Quality &#8211; Fast Shipping\"}]},{\"@type\":\"WebSite\",\"@id\":\"https:\\\/\\\/www.dt-smart.com\\\/#website\",\"url\":\"https:\\\/\\\/www.dt-smart.com\\\/\",\"name\":\"InsurePart\",\"description\":\"Cell Phone Repair Parts; iPhone Parts Wholesale;Samsung Parts Supplier\",\"potentialAction\":[{\"@type\":\"SearchAction\",\"target\":{\"@type\":\"EntryPoint\",\"urlTemplate\":\"https:\\\/\\\/www.dt-smart.com\\\/?s={search_term_string}\"},\"query-input\":{\"@type\":\"PropertyValueSpecification\",\"valueRequired\":true,\"valueName\":\"search_term_string\"}}],\"inLanguage\":\"de\"}]}<\/script>\n<!-- \/ Yoast SEO plugin. -->","yoast_head_json":{"title":"iPhone 15 Pro Max Middle Frame with Flex Cable (6.7\u2011inch, 2023) - Seamless Button, Sensor & Feature Functionality - Durable Design & Fast Installation - OEM Quality - Fast Shipping - InsurePart","description":"Durable iPhone 15 Pro Max Middle Frame with Flex Cable (6.7\u2011inch, 2023) for Seamless Button, Sensor, and Feature Functionality, Fast Installation","robots":{"index":"index","follow":"follow","max-snippet":"max-snippet:-1","max-image-preview":"max-image-preview:large","max-video-preview":"max-video-preview:-1"},"canonical":"https:\/\/www.dt-smart.com\/de\/produkt\/durable-iphone-15-pro-max-middle-frame-with-flex-cable-6-7\u2011inch-2023-for-seamless-button-sensor-and-feature-functionality-fast-installation\/","og_locale":"de_DE","og_type":"article","og_title":"iPhone 15 Pro Max Middle Frame with Flex Cable (6.7\u2011inch, 2023) - Seamless Button, Sensor & Feature Functionality - Durable Design & Fast Installation - OEM Quality - Fast Shipping - InsurePart","og_description":"Durable iPhone 15 Pro Max Middle Frame with Flex Cable (6.7\u2011inch, 2023) for Seamless Button, Sensor, and Feature Functionality, Fast Installation","og_url":"https:\/\/www.dt-smart.com\/de\/produkt\/durable-iphone-15-pro-max-middle-frame-with-flex-cable-6-7\u2011inch-2023-for-seamless-button-sensor-and-feature-functionality-fast-installation\/","og_site_name":"InsurePart","article_publisher":"https:\/\/www.facebook.com\/anjinleeEva","article_modified_time":"2026-01-13T06:28:16+00:00","og_image":[{"width":800,"height":800,"url":"https:\/\/www.dt-smart.com\/wp-content\/uploads\/2025\/07\/15PM-1-1.webp","type":"image\/webp"}],"twitter_card":"summary_large_image","twitter_misc":{"Gesch\u00e4tzte Lesezeit":"1\u00a0Minute"},"schema":{"@context":"https:\/\/schema.org","@graph":[{"@type":"WebPage","@id":"https:\/\/www.dt-smart.com\/product\/durable-iphone-15-pro-max-middle-frame-with-flex-cable-6-7%e2%80%91inch-2023-for-seamless-button-sensor-and-feature-functionality-fast-installation\/","url":"https:\/\/www.dt-smart.com\/product\/durable-iphone-15-pro-max-middle-frame-with-flex-cable-6-7%e2%80%91inch-2023-for-seamless-button-sensor-and-feature-functionality-fast-installation\/","name":"iPhone 15 Pro Max Middle Frame with Flex Cable (6.7\u2011inch, 2023) - Seamless Button, Sensor & Feature Functionality - Durable Design & Fast Installation - OEM Quality - Fast Shipping - InsurePart","isPartOf":{"@id":"https:\/\/www.dt-smart.com\/#website"},"primaryImageOfPage":{"@id":"https:\/\/www.dt-smart.com\/product\/durable-iphone-15-pro-max-middle-frame-with-flex-cable-6-7%e2%80%91inch-2023-for-seamless-button-sensor-and-feature-functionality-fast-installation\/#primaryimage"},"image":{"@id":"https:\/\/www.dt-smart.com\/product\/durable-iphone-15-pro-max-middle-frame-with-flex-cable-6-7%e2%80%91inch-2023-for-seamless-button-sensor-and-feature-functionality-fast-installation\/#primaryimage"},"thumbnailUrl":"https:\/\/www.dt-smart.com\/wp-content\/uploads\/2025\/07\/15PM-1-1.webp","datePublished":"2025-07-06T07:36:21+00:00","dateModified":"2026-01-13T06:28:16+00:00","description":"Durable iPhone 15 Pro Max Middle Frame with Flex Cable (6.7\u2011inch, 2023) for Seamless Button, Sensor, and Feature Functionality, Fast Installation","breadcrumb":{"@id":"https:\/\/www.dt-smart.com\/product\/durable-iphone-15-pro-max-middle-frame-with-flex-cable-6-7%e2%80%91inch-2023-for-seamless-button-sensor-and-feature-functionality-fast-installation\/#breadcrumb"},"inLanguage":"de","potentialAction":[{"@type":"ReadAction","target":["https:\/\/www.dt-smart.com\/product\/durable-iphone-15-pro-max-middle-frame-with-flex-cable-6-7%e2%80%91inch-2023-for-seamless-button-sensor-and-feature-functionality-fast-installation\/"]}]},{"@type":"ImageObject","inLanguage":"de","@id":"https:\/\/www.dt-smart.com\/product\/durable-iphone-15-pro-max-middle-frame-with-flex-cable-6-7%e2%80%91inch-2023-for-seamless-button-sensor-and-feature-functionality-fast-installation\/#primaryimage","url":"https:\/\/www.dt-smart.com\/wp-content\/uploads\/2025\/07\/15PM-1-1.webp","contentUrl":"https:\/\/www.dt-smart.com\/wp-content\/uploads\/2025\/07\/15PM-1-1.webp","width":800,"height":800},{"@type":"BreadcrumbList","@id":"https:\/\/www.dt-smart.com\/product\/durable-iphone-15-pro-max-middle-frame-with-flex-cable-6-7%e2%80%91inch-2023-for-seamless-button-sensor-and-feature-functionality-fast-installation\/#breadcrumb","itemListElement":[{"@type":"ListItem","position":1,"name":"Home","item":"https:\/\/www.dt-smart.com\/"},{"@type":"ListItem","position":2,"name":"Product","item":"https:\/\/www.dt-smart.com\/ru\/product\/"},{"@type":"ListItem","position":3,"name":"iPhone 15 Pro Max Middle Frame with Flex Cable (6.7\u2011inch, 2023) &#8211; Seamless Button, Sensor &#038; Feature Functionality &#8211; Durable Design &#038; Fast Installation &#8211; OEM Quality &#8211; Fast Shipping"}]},{"@type":"WebSite","@id":"https:\/\/www.dt-smart.com\/#website","url":"https:\/\/www.dt-smart.com\/","name":"InsurePart","description":"Handy-Ersatzteile; iPhone-Ersatzteile im Gro\u00dfhandel; Samsung-Ersatzteillieferant","potentialAction":[{"@type":"SearchAction","target":{"@type":"EntryPoint","urlTemplate":"https:\/\/www.dt-smart.com\/?s={search_term_string}"},"query-input":{"@type":"PropertyValueSpecification","valueRequired":true,"valueName":"search_term_string"}}],"inLanguage":"de"}]}},"_links":{"self":[{"href":"https:\/\/www.dt-smart.com\/de\/wp-json\/wp\/v2\/product\/21285","targetHints":{"allow":["GET"]}}],"collection":[{"href":"https:\/\/www.dt-smart.com\/de\/wp-json\/wp\/v2\/product"}],"about":[{"href":"https:\/\/www.dt-smart.com\/de\/wp-json\/wp\/v2\/types\/product"}],"replies":[{"embeddable":true,"href":"https:\/\/www.dt-smart.com\/de\/wp-json\/wp\/v2\/comments?post=21285"}],"version-history":[{"count":3,"href":"https:\/\/www.dt-smart.com\/de\/wp-json\/wp\/v2\/product\/21285\/revisions"}],"predecessor-version":[{"id":24764,"href":"https:\/\/www.dt-smart.com\/de\/wp-json\/wp\/v2\/product\/21285\/revisions\/24764"}],"wp:featuredmedia":[{"embeddable":true,"href":"https:\/\/www.dt-smart.com\/de\/wp-json\/wp\/v2\/media\/21260"}],"wp:attachment":[{"href":"https:\/\/www.dt-smart.com\/de\/wp-json\/wp\/v2\/media?parent=21285"}],"wp:term":[{"taxonomy":"product_brand","embeddable":true,"href":"https:\/\/www.dt-smart.com\/de\/wp-json\/wp\/v2\/product_brand?post=21285"},{"taxonomy":"product_cat","embeddable":true,"href":"https:\/\/www.dt-smart.com\/de\/wp-json\/wp\/v2\/product_cat?post=21285"},{"taxonomy":"product_tag","embeddable":true,"href":"https:\/\/www.dt-smart.com\/de\/wp-json\/wp\/v2\/product_tag?post=21285"}],"curies":[{"name":"wp","href":"https:\/\/api.w.org\/{rel}","templated":true}]}}