{"id":21577,"date":"2023-11-14T16:44:23","date_gmt":"2023-11-14T08:44:23","guid":{"rendered":"https:\/\/www.insurepart.com\/?post_type=product&#038;p=21577"},"modified":"2026-01-09T15:24:34","modified_gmt":"2026-01-09T07:24:34","slug":"samsung-galaxy-fold-1-vivid-foldable-visuals-screen-replacement-for-samsung-galaxy-fold-1","status":"publish","type":"product","link":"https:\/\/www.dt-smart.com\/de\/produkt\/samsung-galaxy-fold-1-vivid-foldable-visuals-screen-replacement-for-samsung-galaxy-fold-1\/","title":{"rendered":"Samsung Galaxy Fold 1 Display-Austausch \u2013 Brillante Bilder auf dem Faltbildschirm \u2013 Original OLED-Flexdisplay \u2013 Qualit\u00e4tsgarantie \u2013 Schneller Versand"},"content":{"rendered":"<p style=\"text-align: center;\"><img fetchpriority=\"high\" decoding=\"async\" class=\"alignnone size-full wp-image-15567\" src=\"https:\/\/www.insurepart.com\/wp-content\/uploads\/2024\/08\/\u4e3a\u4ec0\u4e48\u9009\u62e9\u6211\u4eec22.webp\" alt=\"\" width=\"1000\" height=\"786\" srcset=\"https:\/\/www.dt-smart.com\/wp-content\/uploads\/2024\/08\/\u4e3a\u4ec0\u4e48\u9009\u62e9\u6211\u4eec22.webp 1000w, https:\/\/www.dt-smart.com\/wp-content\/uploads\/2024\/08\/\u4e3a\u4ec0\u4e48\u9009\u62e9\u6211\u4eec22-300x236.webp 300w, https:\/\/www.dt-smart.com\/wp-content\/uploads\/2024\/08\/\u4e3a\u4ec0\u4e48\u9009\u62e9\u6211\u4eec22-150x118.webp 150w, https:\/\/www.dt-smart.com\/wp-content\/uploads\/2024\/08\/\u4e3a\u4ec0\u4e48\u9009\u62e9\u6211\u4eec22-800x629.webp 800w, https:\/\/www.dt-smart.com\/wp-content\/uploads\/2024\/08\/\u4e3a\u4ec0\u4e48\u9009\u62e9\u6211\u4eec22-768x604.webp 768w, https:\/\/www.dt-smart.com\/wp-content\/uploads\/2024\/08\/\u4e3a\u4ec0\u4e48\u9009\u62e9\u6211\u4eec22-15x12.webp 15w\" sizes=\"(max-width: 1000px) 100vw, 1000px\" \/><\/p>","protected":false},"excerpt":{"rendered":"<p><span style=\"font-family: arial, helvetica, sans-serif;\"><span style=\"font-size: 8pt;\">Dynamischer AMOLED-Bildschirm: Der Hauptbildschirm nutzt hochaufl\u00f6sende dynamische AMOLED-Technologie, um lebendige und lebendige Farben darzustellen.<\/span><\/span><br \/>\n<span style=\"font-family: arial, helvetica, sans-serif; font-size: 8pt;\">Lebendige Farben und hoher Kontrast sorgen f\u00fcr ein hervorragendes visuelles Erlebnis.<\/span><br \/>\n<span style=\"font-family: arial, helvetica, sans-serif; font-size: 8pt;\">Faltbares Design: Dank des einzigartigen Faltmechanismus l\u00e4sst sich der Hauptbildschirm einfach zu einem gro\u00dfen Bildschirm ausklappen und bietet so eine gr\u00f6\u00dfere Arbeitsfl\u00e4che.<\/span><br \/>\n<span style=\"font-family: arial, helvetica, sans-serif; font-size: 8pt;\">Im zusammengeklappten Zustand kann es in den tragbaren Modus umgeschaltet werden, sodass es einfach mit einer Hand bedient und getragen werden kann.<\/span><br \/>\n<span style=\"font-family: arial, helvetica, sans-serif; font-size: 8pt;\">Multitasking-Erlebnis: Wenn der gro\u00dfe Bildschirm aufgeklappt ist, k\u00f6nnen Benutzer mehrere Anwendungen gleichzeitig ausf\u00fchren und so ein effizienteres Multitasking erreichen.<\/span><br \/>\n<span style=\"font-family: arial, helvetica, sans-serif; font-size: 8pt;\">Die Split-Screen-Funktion erm\u00f6glicht Benutzern die gleichzeitige Bedienung verschiedener Anwendungen und erh\u00f6ht so die Flexibilit\u00e4t bei Arbeit und Unterhaltung.<\/span><br \/>\n<span style=\"font-family: arial, helvetica, sans-serif; font-size: 8pt;\">Hohe Bildwiederholfrequenz: Der Bildschirm unterst\u00fctzt eine hohe Bildwiederholfrequenz, wodurch Ber\u00fchrungs- und Wischgesten fl\u00fcssiger und nat\u00fcrlicher wirken.<\/span><br \/>\n<span style=\"font-family: arial, helvetica, sans-serif; font-size: 8pt;\">Verbessern Sie das Benutzerinteraktionserlebnis und reduzieren Sie die Verz\u00f6gerung w\u00e4hrend des Betriebs, insbesondere bei Spielen und Anwendungen.<\/span><br \/>\n<span style=\"font-family: arial, helvetica, sans-serif; font-size: 8pt;\">Fortschrittliche Augenschutztechnologie: Durch den Einsatz von Augenschutztechnologie wird die Reizung der Augen durch den Bildschirm reduziert und der Komfort der Benutzer bei l\u00e4ngerer Nutzung gew\u00e4hrleistet.<\/span><br \/>\n<span style=\"font-family: arial, helvetica, sans-serif; font-size: 8pt;\">Passen Sie die Bildschirmhelligkeit und Farbtemperatur an, um die Erm\u00fcdung der Augen zu verringern und sich an unterschiedliche Umgebungen anzupassen.<\/span><br \/>\n<span style=\"font-family: arial, helvetica, sans-serif; font-size: 8pt;\">Flexibles Umschalten: Sie k\u00f6nnen nahtlos zwischen dem Hauptbildschirm und dem Seitenbildschirm wechseln und je nach Aufgabenanforderungen und Nutzungsszenarien den passenden Bildschirmmodus ausw\u00e4hlen.<\/span><br \/>\n<span style=\"font-family: arial, helvetica, sans-serif; font-size: 8pt;\">Bieten Sie eine flexiblere Nutzung zur Anpassung an verschiedene Arbeits- und Lebensszenarien.<\/span><br \/>\n<span style=\"font-family: arial, helvetica, sans-serif; font-size: 8pt;\">AUS MASSIVEM GLAS HERGESTELLT, LANGLEBIG: Unsere Bildschirme bestehen aus massivem Glasmaterial und verleihen Ihrem Ger\u00e4t Haltbarkeit und Festigkeit. Machen Sie sich keine Sorgen mehr \u00fcber Kratzer und Schrammen.<\/span><br \/>\n<span style=\"font-family: arial, helvetica, sans-serif; font-size: 8pt;\">Einfache Installation: Schluss mit der Komplexit\u00e4t! Unsere Siebe sind f\u00fcr eine einfache Installation konzipiert und garantieren so ein sorgenfreies Erlebnis f\u00fcr Profis und Hobbybastler gleicherma\u00dfen.<\/span><br \/>\n<span style=\"font-family: arial, helvetica, sans-serif; font-size: 8pt;\">Energieeinsparung und Umweltschutz: Tragen Sie zu einer gr\u00fcneren Zukunft bei, indem Sie Bildschirme entwickeln und produzieren, die nicht nur energiesparend, sondern auch umweltfreundlich sind.<\/span><\/p>","protected":false},"featured_media":6542,"comment_status":"open","ping_status":"closed","template":"","meta":[],"product_brand":[],"product_cat":[1023,698,699,21],"product_tag":[],"class_list":{"0":"post-21577","1":"product","2":"type-product","3":"status-publish","4":"has-post-thumbnail","6":"product_cat-all-fold-series-lcd","7":"product_cat-fold-flip-series","8":"product_cat-fold-1","9":"product_cat-samsung","11":"first","12":"instock","13":"taxable","14":"shipping-taxable","15":"purchasable","16":"product-type-variable"},"yoast_head":"<!-- This site is optimized with the Yoast SEO plugin v27.4 - https:\/\/yoast.com\/product\/yoast-seo-wordpress\/ -->\n<title>Samsung Galaxy Fold 1 Display Replacement - Vivid Foldable Visuals - Original OLED Flex Screen - Quality Guaranteed - Fast Shipping - InsurePart<\/title>\n<meta name=\"description\" content=\"Samsung Galaxy Fold 1 Display Replacement - Vivid Foldable Visuals - Original OLED Flex Screen - Quality Guaranteed - Fast Shipping\" \/>\n<meta name=\"robots\" content=\"index, follow, max-snippet:-1, max-image-preview:large, max-video-preview:-1\" \/>\n<link rel=\"canonical\" href=\"https:\/\/www.dt-smart.com\/de\/produkt\/samsung-galaxy-fold-1-vivid-foldable-visuals-screen-replacement-for-samsung-galaxy-fold-1\/\" \/>\n<meta property=\"og:locale\" content=\"de_DE\" \/>\n<meta property=\"og:type\" content=\"article\" \/>\n<meta property=\"og:title\" content=\"Samsung Galaxy Fold 1 Display Replacement - Vivid Foldable Visuals - Original OLED Flex Screen - Quality Guaranteed - Fast Shipping - InsurePart\" \/>\n<meta property=\"og:description\" content=\"Samsung Galaxy Fold 1 Display Replacement - Vivid Foldable Visuals - Original OLED Flex Screen - Quality Guaranteed - Fast Shipping\" \/>\n<meta property=\"og:url\" content=\"https:\/\/www.dt-smart.com\/de\/produkt\/samsung-galaxy-fold-1-vivid-foldable-visuals-screen-replacement-for-samsung-galaxy-fold-1\/\" \/>\n<meta property=\"og:site_name\" content=\"InsurePart\" \/>\n<meta property=\"article:publisher\" content=\"https:\/\/www.facebook.com\/anjinleeEva\" \/>\n<meta property=\"article:modified_time\" content=\"2026-01-09T07:24:34+00:00\" \/>\n<meta property=\"og:image\" content=\"https:\/\/www.dt-smart.com\/wp-content\/uploads\/2023\/11\/\u4e09\u661fs\u7cfb\u5217-1.png\" \/>\n\t<meta property=\"og:image:width\" content=\"1000\" \/>\n\t<meta property=\"og:image:height\" content=\"1000\" \/>\n\t<meta property=\"og:image:type\" content=\"image\/png\" \/>\n<meta name=\"twitter:card\" content=\"summary_large_image\" \/>\n<meta name=\"twitter:label1\" content=\"Gesch\u00e4tzte Lesezeit\" \/>\n\t<meta name=\"twitter:data1\" content=\"1\u00a0Minute\" \/>\n<script type=\"application\/ld+json\" class=\"yoast-schema-graph\">{\"@context\":\"https:\\\/\\\/schema.org\",\"@graph\":[{\"@type\":\"WebPage\",\"@id\":\"https:\\\/\\\/www.dt-smart.com\\\/product\\\/samsung-galaxy-fold-1-vivid-foldable-visuals-screen-replacement-for-samsung-galaxy-fold-1\\\/\",\"url\":\"https:\\\/\\\/www.dt-smart.com\\\/product\\\/samsung-galaxy-fold-1-vivid-foldable-visuals-screen-replacement-for-samsung-galaxy-fold-1\\\/\",\"name\":\"Samsung Galaxy Fold 1 Display Replacement - Vivid Foldable Visuals - Original OLED Flex Screen - Quality Guaranteed - Fast Shipping - InsurePart\",\"isPartOf\":{\"@id\":\"https:\\\/\\\/www.dt-smart.com\\\/#website\"},\"primaryImageOfPage\":{\"@id\":\"https:\\\/\\\/www.dt-smart.com\\\/product\\\/samsung-galaxy-fold-1-vivid-foldable-visuals-screen-replacement-for-samsung-galaxy-fold-1\\\/#primaryimage\"},\"image\":{\"@id\":\"https:\\\/\\\/www.dt-smart.com\\\/product\\\/samsung-galaxy-fold-1-vivid-foldable-visuals-screen-replacement-for-samsung-galaxy-fold-1\\\/#primaryimage\"},\"thumbnailUrl\":\"https:\\\/\\\/www.dt-smart.com\\\/wp-content\\\/uploads\\\/2023\\\/11\\\/\u4e09\u661fs\u7cfb\u5217-1.png\",\"datePublished\":\"2023-11-14T08:44:23+00:00\",\"dateModified\":\"2026-01-09T07:24:34+00:00\",\"description\":\"Samsung Galaxy Fold 1 Display Replacement - Vivid Foldable Visuals - Original OLED Flex Screen - Quality Guaranteed - Fast Shipping\",\"breadcrumb\":{\"@id\":\"https:\\\/\\\/www.dt-smart.com\\\/product\\\/samsung-galaxy-fold-1-vivid-foldable-visuals-screen-replacement-for-samsung-galaxy-fold-1\\\/#breadcrumb\"},\"inLanguage\":\"de\",\"potentialAction\":[{\"@type\":\"ReadAction\",\"target\":[\"https:\\\/\\\/www.dt-smart.com\\\/product\\\/samsung-galaxy-fold-1-vivid-foldable-visuals-screen-replacement-for-samsung-galaxy-fold-1\\\/\"]}]},{\"@type\":\"ImageObject\",\"inLanguage\":\"de\",\"@id\":\"https:\\\/\\\/www.dt-smart.com\\\/product\\\/samsung-galaxy-fold-1-vivid-foldable-visuals-screen-replacement-for-samsung-galaxy-fold-1\\\/#primaryimage\",\"url\":\"https:\\\/\\\/www.dt-smart.com\\\/wp-content\\\/uploads\\\/2023\\\/11\\\/\u4e09\u661fs\u7cfb\u5217-1.png\",\"contentUrl\":\"https:\\\/\\\/www.dt-smart.com\\\/wp-content\\\/uploads\\\/2023\\\/11\\\/\u4e09\u661fs\u7cfb\u5217-1.png\",\"width\":1000,\"height\":1000},{\"@type\":\"BreadcrumbList\",\"@id\":\"https:\\\/\\\/www.dt-smart.com\\\/product\\\/samsung-galaxy-fold-1-vivid-foldable-visuals-screen-replacement-for-samsung-galaxy-fold-1\\\/#breadcrumb\",\"itemListElement\":[{\"@type\":\"ListItem\",\"position\":1,\"name\":\"Home\",\"item\":\"https:\\\/\\\/www.dt-smart.com\\\/\"},{\"@type\":\"ListItem\",\"position\":2,\"name\":\"Product\",\"item\":\"https:\\\/\\\/www.dt-smart.com\\\/ru\\\/product\\\/\"},{\"@type\":\"ListItem\",\"position\":3,\"name\":\"Samsung Galaxy Fold 1 Display Replacement &#8211; Vivid Foldable Visuals &#8211; Original OLED Flex Screen &#8211; Quality Guaranteed &#8211; Fast Shipping\"}]},{\"@type\":\"WebSite\",\"@id\":\"https:\\\/\\\/www.dt-smart.com\\\/#website\",\"url\":\"https:\\\/\\\/www.dt-smart.com\\\/\",\"name\":\"InsurePart\",\"description\":\"Cell Phone Repair Parts; iPhone Parts Wholesale;Samsung Parts Supplier\",\"potentialAction\":[{\"@type\":\"SearchAction\",\"target\":{\"@type\":\"EntryPoint\",\"urlTemplate\":\"https:\\\/\\\/www.dt-smart.com\\\/?s={search_term_string}\"},\"query-input\":{\"@type\":\"PropertyValueSpecification\",\"valueRequired\":true,\"valueName\":\"search_term_string\"}}],\"inLanguage\":\"de\"}]}<\/script>\n<!-- \/ Yoast SEO plugin. -->","yoast_head_json":{"title":"Samsung Galaxy Fold 1 Display Replacement - Vivid Foldable Visuals - Original OLED Flex Screen - Quality Guaranteed - Fast Shipping - InsurePart","description":"Samsung Galaxy Fold 1 Display-Ersatz \u2013 Brillante Bildqualit\u00e4t \u2013 Original OLED-Flexdisplay \u2013 Qualit\u00e4tsgarantie \u2013 Schneller Versand","robots":{"index":"index","follow":"follow","max-snippet":"max-snippet:-1","max-image-preview":"max-image-preview:large","max-video-preview":"max-video-preview:-1"},"canonical":"https:\/\/www.dt-smart.com\/de\/produkt\/samsung-galaxy-fold-1-vivid-foldable-visuals-screen-replacement-for-samsung-galaxy-fold-1\/","og_locale":"de_DE","og_type":"article","og_title":"Samsung Galaxy Fold 1 Display Replacement - Vivid Foldable Visuals - Original OLED Flex Screen - Quality Guaranteed - Fast Shipping - InsurePart","og_description":"Samsung Galaxy Fold 1 Display Replacement - Vivid Foldable Visuals - Original OLED Flex Screen - Quality Guaranteed - Fast Shipping","og_url":"https:\/\/www.dt-smart.com\/de\/produkt\/samsung-galaxy-fold-1-vivid-foldable-visuals-screen-replacement-for-samsung-galaxy-fold-1\/","og_site_name":"InsurePart","article_publisher":"https:\/\/www.facebook.com\/anjinleeEva","article_modified_time":"2026-01-09T07:24:34+00:00","og_image":[{"width":1000,"height":1000,"url":"https:\/\/www.dt-smart.com\/wp-content\/uploads\/2023\/11\/\u4e09\u661fs\u7cfb\u5217-1.png","type":"image\/png"}],"twitter_card":"summary_large_image","twitter_misc":{"Gesch\u00e4tzte Lesezeit":"1\u00a0Minute"},"schema":{"@context":"https:\/\/schema.org","@graph":[{"@type":"WebPage","@id":"https:\/\/www.dt-smart.com\/product\/samsung-galaxy-fold-1-vivid-foldable-visuals-screen-replacement-for-samsung-galaxy-fold-1\/","url":"https:\/\/www.dt-smart.com\/product\/samsung-galaxy-fold-1-vivid-foldable-visuals-screen-replacement-for-samsung-galaxy-fold-1\/","name":"Samsung Galaxy Fold 1 Display Replacement - Vivid Foldable Visuals - Original OLED Flex Screen - Quality Guaranteed - Fast Shipping - InsurePart","isPartOf":{"@id":"https:\/\/www.dt-smart.com\/#website"},"primaryImageOfPage":{"@id":"https:\/\/www.dt-smart.com\/product\/samsung-galaxy-fold-1-vivid-foldable-visuals-screen-replacement-for-samsung-galaxy-fold-1\/#primaryimage"},"image":{"@id":"https:\/\/www.dt-smart.com\/product\/samsung-galaxy-fold-1-vivid-foldable-visuals-screen-replacement-for-samsung-galaxy-fold-1\/#primaryimage"},"thumbnailUrl":"https:\/\/www.dt-smart.com\/wp-content\/uploads\/2023\/11\/\u4e09\u661fs\u7cfb\u5217-1.png","datePublished":"2023-11-14T08:44:23+00:00","dateModified":"2026-01-09T07:24:34+00:00","description":"Samsung Galaxy Fold 1 Display-Ersatz \u2013 Brillante Bildqualit\u00e4t \u2013 Original OLED-Flexdisplay \u2013 Qualit\u00e4tsgarantie \u2013 Schneller Versand","breadcrumb":{"@id":"https:\/\/www.dt-smart.com\/product\/samsung-galaxy-fold-1-vivid-foldable-visuals-screen-replacement-for-samsung-galaxy-fold-1\/#breadcrumb"},"inLanguage":"de","potentialAction":[{"@type":"ReadAction","target":["https:\/\/www.dt-smart.com\/product\/samsung-galaxy-fold-1-vivid-foldable-visuals-screen-replacement-for-samsung-galaxy-fold-1\/"]}]},{"@type":"ImageObject","inLanguage":"de","@id":"https:\/\/www.dt-smart.com\/product\/samsung-galaxy-fold-1-vivid-foldable-visuals-screen-replacement-for-samsung-galaxy-fold-1\/#primaryimage","url":"https:\/\/www.dt-smart.com\/wp-content\/uploads\/2023\/11\/\u4e09\u661fs\u7cfb\u5217-1.png","contentUrl":"https:\/\/www.dt-smart.com\/wp-content\/uploads\/2023\/11\/\u4e09\u661fs\u7cfb\u5217-1.png","width":1000,"height":1000},{"@type":"BreadcrumbList","@id":"https:\/\/www.dt-smart.com\/product\/samsung-galaxy-fold-1-vivid-foldable-visuals-screen-replacement-for-samsung-galaxy-fold-1\/#breadcrumb","itemListElement":[{"@type":"ListItem","position":1,"name":"Home","item":"https:\/\/www.dt-smart.com\/"},{"@type":"ListItem","position":2,"name":"Product","item":"https:\/\/www.dt-smart.com\/ru\/product\/"},{"@type":"ListItem","position":3,"name":"Samsung Galaxy Fold 1 Display Replacement &#8211; Vivid Foldable Visuals &#8211; Original OLED Flex Screen &#8211; Quality Guaranteed &#8211; Fast Shipping"}]},{"@type":"WebSite","@id":"https:\/\/www.dt-smart.com\/#website","url":"https:\/\/www.dt-smart.com\/","name":"InsurePart","description":"Handy-Ersatzteile; iPhone-Ersatzteile im Gro\u00dfhandel; Samsung-Ersatzteillieferant","potentialAction":[{"@type":"SearchAction","target":{"@type":"EntryPoint","urlTemplate":"https:\/\/www.dt-smart.com\/?s={search_term_string}"},"query-input":{"@type":"PropertyValueSpecification","valueRequired":true,"valueName":"search_term_string"}}],"inLanguage":"de"}]}},"_links":{"self":[{"href":"https:\/\/www.dt-smart.com\/de\/wp-json\/wp\/v2\/product\/21577","targetHints":{"allow":["GET"]}}],"collection":[{"href":"https:\/\/www.dt-smart.com\/de\/wp-json\/wp\/v2\/product"}],"about":[{"href":"https:\/\/www.dt-smart.com\/de\/wp-json\/wp\/v2\/types\/product"}],"replies":[{"embeddable":true,"href":"https:\/\/www.dt-smart.com\/de\/wp-json\/wp\/v2\/comments?post=21577"}],"version-history":[{"count":2,"href":"https:\/\/www.dt-smart.com\/de\/wp-json\/wp\/v2\/product\/21577\/revisions"}],"predecessor-version":[{"id":23199,"href":"https:\/\/www.dt-smart.com\/de\/wp-json\/wp\/v2\/product\/21577\/revisions\/23199"}],"wp:featuredmedia":[{"embeddable":true,"href":"https:\/\/www.dt-smart.com\/de\/wp-json\/wp\/v2\/media\/6542"}],"wp:attachment":[{"href":"https:\/\/www.dt-smart.com\/de\/wp-json\/wp\/v2\/media?parent=21577"}],"wp:term":[{"taxonomy":"product_brand","embeddable":true,"href":"https:\/\/www.dt-smart.com\/de\/wp-json\/wp\/v2\/product_brand?post=21577"},{"taxonomy":"product_cat","embeddable":true,"href":"https:\/\/www.dt-smart.com\/de\/wp-json\/wp\/v2\/product_cat?post=21577"},{"taxonomy":"product_tag","embeddable":true,"href":"https:\/\/www.dt-smart.com\/de\/wp-json\/wp\/v2\/product_tag?post=21577"}],"curies":[{"name":"wp","href":"https:\/\/api.w.org\/{rel}","templated":true}]}}