{"id":21727,"date":"2025-08-20T12:27:11","date_gmt":"2025-08-20T04:27:11","guid":{"rendered":"https:\/\/www.insurepart.com\/?post_type=product&#038;p=21727"},"modified":"2026-01-13T11:51:57","modified_gmt":"2026-01-13T03:51:57","slug":"replacement-flashlight-flex-cable-compatible-with-iphone-12-pro-featuring-durable-materials-accurate-connector-design-and-reliable-operation","status":"publish","type":"product","link":"https:\/\/www.dt-smart.com\/de\/produkt\/replacement-flashlight-flex-cable-compatible-with-iphone-12-pro-featuring-durable-materials-accurate-connector-design-and-reliable-operation\/","title":{"rendered":"iPhone 12 Pro R\u00fcckblitz-Flexkabel \u2013 Mikrochirurgische Ausrichtungsmatrix, kryogenisch geschmiedete Kupferschichten, nicht-newtonscher Flexkern. Schneller Versand"},"content":{"rendered":"<p style=\"text-align: center;\"><img fetchpriority=\"high\" decoding=\"async\" class=\"alignnone size-full wp-image-15567\" src=\"https:\/\/www.insurepart.com\/wp-content\/uploads\/2024\/08\/\u4e3a\u4ec0\u4e48\u9009\u62e9\u6211\u4eec22.webp\" alt=\"\" width=\"1000\" height=\"786\" srcset=\"https:\/\/www.dt-smart.com\/wp-content\/uploads\/2024\/08\/\u4e3a\u4ec0\u4e48\u9009\u62e9\u6211\u4eec22.webp 1000w, https:\/\/www.dt-smart.com\/wp-content\/uploads\/2024\/08\/\u4e3a\u4ec0\u4e48\u9009\u62e9\u6211\u4eec22-300x236.webp 300w, https:\/\/www.dt-smart.com\/wp-content\/uploads\/2024\/08\/\u4e3a\u4ec0\u4e48\u9009\u62e9\u6211\u4eec22-150x118.webp 150w, https:\/\/www.dt-smart.com\/wp-content\/uploads\/2024\/08\/\u4e3a\u4ec0\u4e48\u9009\u62e9\u6211\u4eec22-800x629.webp 800w, https:\/\/www.dt-smart.com\/wp-content\/uploads\/2024\/08\/\u4e3a\u4ec0\u4e48\u9009\u62e9\u6211\u4eec22-768x604.webp 768w, https:\/\/www.dt-smart.com\/wp-content\/uploads\/2024\/08\/\u4e3a\u4ec0\u4e48\u9009\u62e9\u6211\u4eec22-15x12.webp 15w\" sizes=\"(max-width: 1000px) 100vw, 1000px\" \/><\/p>","protected":false},"excerpt":{"rendered":"<p><span style=\"font-size: 10pt;\">Dieses Ersatz-Flexkabel f\u00fcr die Taschenlampe des iPhone 12 Pro stellt die Funktion der Taschenlampe wieder her, wenn das Originalkabel besch\u00e4digt ist oder ausf\u00e4llt. Es ist aus flexiblen, hochwertigen Materialien gefertigt und gew\u00e4hrleistet so langfristige Zuverl\u00e4ssigkeit und Leistung. Der Stecker ist passgenau konstruiert und sorgt f\u00fcr eine sichere Installation und stabile Verbindung. Dank seiner schlanken Bauweise f\u00fcgt er sich unauff\u00e4llig in das Ger\u00e4t ein, ohne dessen Design zu beeintr\u00e4chtigen. F\u00fcr die Installation sind technisches Wissen und geeignetes Werkzeug erforderlich. Wir empfehlen daher die Installation durch einen professionellen Reparateur oder einen erfahrenen Benutzer. Durch den Austausch des defekten Kabels lassen sich Probleme mit der Taschenlampe wie Flackern, schwache Helligkeit oder Totalausfall beheben. Dieses Produkt bietet eine kosteng\u00fcnstige und zuverl\u00e4ssige L\u00f6sung zur Erweiterung der Funktionalit\u00e4t Ihres iPhone 12 Pro.<\/span><\/p>","protected":false},"featured_media":21709,"comment_status":"open","ping_status":"closed","template":"","meta":[],"product_brand":[],"product_cat":[42,98],"product_tag":[],"class_list":{"0":"post-21727","1":"product","2":"type-product","3":"status-publish","4":"has-post-thumbnail","6":"product_cat-iphone","7":"product_cat-iphone-12-pro","9":"first","10":"instock","11":"taxable","12":"shipping-taxable","13":"purchasable","14":"product-type-simple"},"yoast_head":"<!-- This site is optimized with the Yoast SEO plugin v27.4 - https:\/\/yoast.com\/product\/yoast-seo-wordpress\/ -->\n<title>iPhone 12 Pro Rear Flash Flex Cable - Micro-Surgical Alignment Array, Cryo-Forged Copper Layers, Non-Newtonian Flex Core. Fast Shipping - InsurePart<\/title>\n<meta name=\"description\" content=\"iPhone 12 Pro Rear Flash Flex Cable Replacement - Surgical-Grade Alignment Pins, Cryo-Treated Copper Lamination, Shockwave-Dispersing Flex Core\" \/>\n<meta name=\"robots\" content=\"index, follow, max-snippet:-1, max-image-preview:large, max-video-preview:-1\" \/>\n<link rel=\"canonical\" href=\"https:\/\/www.dt-smart.com\/de\/producto\/replacement-flashlight-flex-cable-compatible-with-iphone-12-pro-featuring-durable-materials-accurate-connector-design-and-reliable-operation\/\" \/>\n<meta property=\"og:locale\" content=\"de_DE\" \/>\n<meta property=\"og:type\" content=\"article\" \/>\n<meta property=\"og:title\" content=\"iPhone 12 Pro Rear Flash Flex Cable - Micro-Surgical Alignment Array, Cryo-Forged Copper Layers, Non-Newtonian Flex Core. Fast Shipping - InsurePart\" \/>\n<meta property=\"og:description\" content=\"iPhone 12 Pro Rear Flash Flex Cable Replacement - Surgical-Grade Alignment Pins, Cryo-Treated Copper Lamination, Shockwave-Dispersing Flex Core\" \/>\n<meta property=\"og:url\" content=\"https:\/\/www.dt-smart.com\/de\/producto\/replacement-flashlight-flex-cable-compatible-with-iphone-12-pro-featuring-durable-materials-accurate-connector-design-and-reliable-operation\/\" \/>\n<meta property=\"og:site_name\" content=\"InsurePart\" \/>\n<meta property=\"article:publisher\" content=\"https:\/\/www.facebook.com\/anjinleeEva\" \/>\n<meta property=\"article:modified_time\" content=\"2026-01-13T03:51:57+00:00\" \/>\n<meta property=\"og:image\" content=\"https:\/\/www.dt-smart.com\/wp-content\/uploads\/2025\/08\/12Pro-1-2.webp\" \/>\n\t<meta property=\"og:image:width\" content=\"800\" \/>\n\t<meta property=\"og:image:height\" content=\"800\" \/>\n\t<meta property=\"og:image:type\" content=\"image\/webp\" \/>\n<meta name=\"twitter:card\" content=\"summary_large_image\" \/>\n<meta name=\"twitter:label1\" content=\"Gesch\u00e4tzte Lesezeit\" \/>\n\t<meta name=\"twitter:data1\" content=\"1\u00a0Minute\" \/>\n<script type=\"application\/ld+json\" class=\"yoast-schema-graph\">{\"@context\":\"https:\\\/\\\/schema.org\",\"@graph\":[{\"@type\":\"WebPage\",\"@id\":\"https:\\\/\\\/www.dt-smart.com\\\/es\\\/producto\\\/replacement-flashlight-flex-cable-compatible-with-iphone-12-pro-featuring-durable-materials-accurate-connector-design-and-reliable-operation\\\/\",\"url\":\"https:\\\/\\\/www.dt-smart.com\\\/es\\\/producto\\\/replacement-flashlight-flex-cable-compatible-with-iphone-12-pro-featuring-durable-materials-accurate-connector-design-and-reliable-operation\\\/\",\"name\":\"iPhone 12 Pro Rear Flash Flex Cable - Micro-Surgical Alignment Array, Cryo-Forged Copper Layers, Non-Newtonian Flex Core. Fast Shipping - InsurePart\",\"isPartOf\":{\"@id\":\"https:\\\/\\\/www.dt-smart.com\\\/#website\"},\"primaryImageOfPage\":{\"@id\":\"https:\\\/\\\/www.dt-smart.com\\\/es\\\/producto\\\/replacement-flashlight-flex-cable-compatible-with-iphone-12-pro-featuring-durable-materials-accurate-connector-design-and-reliable-operation\\\/#primaryimage\"},\"image\":{\"@id\":\"https:\\\/\\\/www.dt-smart.com\\\/es\\\/producto\\\/replacement-flashlight-flex-cable-compatible-with-iphone-12-pro-featuring-durable-materials-accurate-connector-design-and-reliable-operation\\\/#primaryimage\"},\"thumbnailUrl\":\"https:\\\/\\\/www.dt-smart.com\\\/wp-content\\\/uploads\\\/2025\\\/08\\\/12Pro-1-2.webp\",\"datePublished\":\"2025-08-20T04:27:11+00:00\",\"dateModified\":\"2026-01-13T03:51:57+00:00\",\"description\":\"iPhone 12 Pro Rear Flash Flex Cable Replacement - Surgical-Grade Alignment Pins, Cryo-Treated Copper Lamination, Shockwave-Dispersing Flex Core\",\"breadcrumb\":{\"@id\":\"https:\\\/\\\/www.dt-smart.com\\\/es\\\/producto\\\/replacement-flashlight-flex-cable-compatible-with-iphone-12-pro-featuring-durable-materials-accurate-connector-design-and-reliable-operation\\\/#breadcrumb\"},\"inLanguage\":\"de\",\"potentialAction\":[{\"@type\":\"ReadAction\",\"target\":[\"https:\\\/\\\/www.dt-smart.com\\\/es\\\/producto\\\/replacement-flashlight-flex-cable-compatible-with-iphone-12-pro-featuring-durable-materials-accurate-connector-design-and-reliable-operation\\\/\"]}]},{\"@type\":\"ImageObject\",\"inLanguage\":\"de\",\"@id\":\"https:\\\/\\\/www.dt-smart.com\\\/es\\\/producto\\\/replacement-flashlight-flex-cable-compatible-with-iphone-12-pro-featuring-durable-materials-accurate-connector-design-and-reliable-operation\\\/#primaryimage\",\"url\":\"https:\\\/\\\/www.dt-smart.com\\\/wp-content\\\/uploads\\\/2025\\\/08\\\/12Pro-1-2.webp\",\"contentUrl\":\"https:\\\/\\\/www.dt-smart.com\\\/wp-content\\\/uploads\\\/2025\\\/08\\\/12Pro-1-2.webp\",\"width\":800,\"height\":800},{\"@type\":\"BreadcrumbList\",\"@id\":\"https:\\\/\\\/www.dt-smart.com\\\/es\\\/producto\\\/replacement-flashlight-flex-cable-compatible-with-iphone-12-pro-featuring-durable-materials-accurate-connector-design-and-reliable-operation\\\/#breadcrumb\",\"itemListElement\":[{\"@type\":\"ListItem\",\"position\":1,\"name\":\"Home\",\"item\":\"https:\\\/\\\/www.dt-smart.com\\\/\"},{\"@type\":\"ListItem\",\"position\":2,\"name\":\"Product\",\"item\":\"https:\\\/\\\/www.dt-smart.com\\\/ru\\\/product\\\/\"},{\"@type\":\"ListItem\",\"position\":3,\"name\":\"iPhone 12 Pro Rear Flash Flex Cable &#8211; Micro-Surgical Alignment Array, Cryo-Forged Copper Layers, Non-Newtonian Flex Core. Fast Shipping\"}]},{\"@type\":\"WebSite\",\"@id\":\"https:\\\/\\\/www.dt-smart.com\\\/#website\",\"url\":\"https:\\\/\\\/www.dt-smart.com\\\/\",\"name\":\"InsurePart\",\"description\":\"Cell Phone Repair Parts; iPhone Parts Wholesale;Samsung Parts Supplier\",\"potentialAction\":[{\"@type\":\"SearchAction\",\"target\":{\"@type\":\"EntryPoint\",\"urlTemplate\":\"https:\\\/\\\/www.dt-smart.com\\\/?s={search_term_string}\"},\"query-input\":{\"@type\":\"PropertyValueSpecification\",\"valueRequired\":true,\"valueName\":\"search_term_string\"}}],\"inLanguage\":\"de\"}]}<\/script>\n<!-- \/ Yoast SEO plugin. -->","yoast_head_json":{"title":"iPhone 12 Pro Rear Flash Flex Cable - Micro-Surgical Alignment Array, Cryo-Forged Copper Layers, Non-Newtonian Flex Core. Fast Shipping - InsurePart","description":"iPhone 12 Pro Rear Flash Flex Cable Replacement - Surgical-Grade Alignment Pins, Cryo-Treated Copper Lamination, Shockwave-Dispersing Flex Core","robots":{"index":"index","follow":"follow","max-snippet":"max-snippet:-1","max-image-preview":"max-image-preview:large","max-video-preview":"max-video-preview:-1"},"canonical":"https:\/\/www.dt-smart.com\/de\/producto\/replacement-flashlight-flex-cable-compatible-with-iphone-12-pro-featuring-durable-materials-accurate-connector-design-and-reliable-operation\/","og_locale":"de_DE","og_type":"article","og_title":"iPhone 12 Pro Rear Flash Flex Cable - Micro-Surgical Alignment Array, Cryo-Forged Copper Layers, Non-Newtonian Flex Core. Fast Shipping - InsurePart","og_description":"iPhone 12 Pro Rear Flash Flex Cable Replacement - Surgical-Grade Alignment Pins, Cryo-Treated Copper Lamination, Shockwave-Dispersing Flex Core","og_url":"https:\/\/www.dt-smart.com\/de\/producto\/replacement-flashlight-flex-cable-compatible-with-iphone-12-pro-featuring-durable-materials-accurate-connector-design-and-reliable-operation\/","og_site_name":"InsurePart","article_publisher":"https:\/\/www.facebook.com\/anjinleeEva","article_modified_time":"2026-01-13T03:51:57+00:00","og_image":[{"width":800,"height":800,"url":"https:\/\/www.dt-smart.com\/wp-content\/uploads\/2025\/08\/12Pro-1-2.webp","type":"image\/webp"}],"twitter_card":"summary_large_image","twitter_misc":{"Gesch\u00e4tzte Lesezeit":"1\u00a0Minute"},"schema":{"@context":"https:\/\/schema.org","@graph":[{"@type":"WebPage","@id":"https:\/\/www.dt-smart.com\/es\/producto\/replacement-flashlight-flex-cable-compatible-with-iphone-12-pro-featuring-durable-materials-accurate-connector-design-and-reliable-operation\/","url":"https:\/\/www.dt-smart.com\/es\/producto\/replacement-flashlight-flex-cable-compatible-with-iphone-12-pro-featuring-durable-materials-accurate-connector-design-and-reliable-operation\/","name":"iPhone 12 Pro Rear Flash Flex Cable - Micro-Surgical Alignment Array, Cryo-Forged Copper Layers, Non-Newtonian Flex Core. Fast Shipping - InsurePart","isPartOf":{"@id":"https:\/\/www.dt-smart.com\/#website"},"primaryImageOfPage":{"@id":"https:\/\/www.dt-smart.com\/es\/producto\/replacement-flashlight-flex-cable-compatible-with-iphone-12-pro-featuring-durable-materials-accurate-connector-design-and-reliable-operation\/#primaryimage"},"image":{"@id":"https:\/\/www.dt-smart.com\/es\/producto\/replacement-flashlight-flex-cable-compatible-with-iphone-12-pro-featuring-durable-materials-accurate-connector-design-and-reliable-operation\/#primaryimage"},"thumbnailUrl":"https:\/\/www.dt-smart.com\/wp-content\/uploads\/2025\/08\/12Pro-1-2.webp","datePublished":"2025-08-20T04:27:11+00:00","dateModified":"2026-01-13T03:51:57+00:00","description":"iPhone 12 Pro Rear Flash Flex Cable Replacement - Surgical-Grade Alignment Pins, Cryo-Treated Copper Lamination, Shockwave-Dispersing Flex Core","breadcrumb":{"@id":"https:\/\/www.dt-smart.com\/es\/producto\/replacement-flashlight-flex-cable-compatible-with-iphone-12-pro-featuring-durable-materials-accurate-connector-design-and-reliable-operation\/#breadcrumb"},"inLanguage":"de","potentialAction":[{"@type":"ReadAction","target":["https:\/\/www.dt-smart.com\/es\/producto\/replacement-flashlight-flex-cable-compatible-with-iphone-12-pro-featuring-durable-materials-accurate-connector-design-and-reliable-operation\/"]}]},{"@type":"ImageObject","inLanguage":"de","@id":"https:\/\/www.dt-smart.com\/es\/producto\/replacement-flashlight-flex-cable-compatible-with-iphone-12-pro-featuring-durable-materials-accurate-connector-design-and-reliable-operation\/#primaryimage","url":"https:\/\/www.dt-smart.com\/wp-content\/uploads\/2025\/08\/12Pro-1-2.webp","contentUrl":"https:\/\/www.dt-smart.com\/wp-content\/uploads\/2025\/08\/12Pro-1-2.webp","width":800,"height":800},{"@type":"BreadcrumbList","@id":"https:\/\/www.dt-smart.com\/es\/producto\/replacement-flashlight-flex-cable-compatible-with-iphone-12-pro-featuring-durable-materials-accurate-connector-design-and-reliable-operation\/#breadcrumb","itemListElement":[{"@type":"ListItem","position":1,"name":"Home","item":"https:\/\/www.dt-smart.com\/"},{"@type":"ListItem","position":2,"name":"Product","item":"https:\/\/www.dt-smart.com\/ru\/product\/"},{"@type":"ListItem","position":3,"name":"iPhone 12 Pro Rear Flash Flex Cable &#8211; Micro-Surgical Alignment Array, Cryo-Forged Copper Layers, Non-Newtonian Flex Core. Fast Shipping"}]},{"@type":"WebSite","@id":"https:\/\/www.dt-smart.com\/#website","url":"https:\/\/www.dt-smart.com\/","name":"InsurePart","description":"Handy-Ersatzteile; iPhone-Ersatzteile im Gro\u00dfhandel; Samsung-Ersatzteillieferant","potentialAction":[{"@type":"SearchAction","target":{"@type":"EntryPoint","urlTemplate":"https:\/\/www.dt-smart.com\/?s={search_term_string}"},"query-input":{"@type":"PropertyValueSpecification","valueRequired":true,"valueName":"search_term_string"}}],"inLanguage":"de"}]}},"_links":{"self":[{"href":"https:\/\/www.dt-smart.com\/de\/wp-json\/wp\/v2\/product\/21727","targetHints":{"allow":["GET"]}}],"collection":[{"href":"https:\/\/www.dt-smart.com\/de\/wp-json\/wp\/v2\/product"}],"about":[{"href":"https:\/\/www.dt-smart.com\/de\/wp-json\/wp\/v2\/types\/product"}],"replies":[{"embeddable":true,"href":"https:\/\/www.dt-smart.com\/de\/wp-json\/wp\/v2\/comments?post=21727"}],"version-history":[{"count":4,"href":"https:\/\/www.dt-smart.com\/de\/wp-json\/wp\/v2\/product\/21727\/revisions"}],"predecessor-version":[{"id":24731,"href":"https:\/\/www.dt-smart.com\/de\/wp-json\/wp\/v2\/product\/21727\/revisions\/24731"}],"wp:featuredmedia":[{"embeddable":true,"href":"https:\/\/www.dt-smart.com\/de\/wp-json\/wp\/v2\/media\/21709"}],"wp:attachment":[{"href":"https:\/\/www.dt-smart.com\/de\/wp-json\/wp\/v2\/media?parent=21727"}],"wp:term":[{"taxonomy":"product_brand","embeddable":true,"href":"https:\/\/www.dt-smart.com\/de\/wp-json\/wp\/v2\/product_brand?post=21727"},{"taxonomy":"product_cat","embeddable":true,"href":"https:\/\/www.dt-smart.com\/de\/wp-json\/wp\/v2\/product_cat?post=21727"},{"taxonomy":"product_tag","embeddable":true,"href":"https:\/\/www.dt-smart.com\/de\/wp-json\/wp\/v2\/product_tag?post=21727"}],"curies":[{"name":"wp","href":"https:\/\/api.w.org\/{rel}","templated":true}]}}