{"id":21737,"date":"2025-08-20T14:21:16","date_gmt":"2025-08-20T06:21:16","guid":{"rendered":"https:\/\/www.insurepart.com\/?post_type=product&#038;p=21737"},"modified":"2026-01-13T11:47:50","modified_gmt":"2026-01-13T03:47:50","slug":"durable-flashlight-flex-cable-replacement-for-iphone-13-pro-max-featuring-reliable-build-precise-connector-design-and-long-term-functionality","status":"publish","type":"product","link":"https:\/\/www.dt-smart.com\/de\/produkt\/durable-flashlight-flex-cable-replacement-for-iphone-13-pro-max-featuring-reliable-build-precise-connector-design-and-long-term-functionality\/","title":{"rendered":"Ersatz-Flexkabel f\u00fcr die Taschenlampe des iPhone 13 Pro Max \u2013 Zuverl\u00e4ssige Verarbeitung, pr\u00e4ziser Anschluss und dauerhafte Funktionalit\u00e4t \u2013 Erstausr\u00fcsterqualit\u00e4t \u2013 Schneller Versand"},"content":{"rendered":"<p style=\"text-align: center;\"><img fetchpriority=\"high\" decoding=\"async\" class=\"alignnone size-full wp-image-15567\" src=\"https:\/\/www.insurepart.com\/wp-content\/uploads\/2024\/08\/\u4e3a\u4ec0\u4e48\u9009\u62e9\u6211\u4eec22.webp\" alt=\"\" width=\"1000\" height=\"786\" srcset=\"https:\/\/www.dt-smart.com\/wp-content\/uploads\/2024\/08\/\u4e3a\u4ec0\u4e48\u9009\u62e9\u6211\u4eec22.webp 1000w, https:\/\/www.dt-smart.com\/wp-content\/uploads\/2024\/08\/\u4e3a\u4ec0\u4e48\u9009\u62e9\u6211\u4eec22-300x236.webp 300w, https:\/\/www.dt-smart.com\/wp-content\/uploads\/2024\/08\/\u4e3a\u4ec0\u4e48\u9009\u62e9\u6211\u4eec22-150x118.webp 150w, https:\/\/www.dt-smart.com\/wp-content\/uploads\/2024\/08\/\u4e3a\u4ec0\u4e48\u9009\u62e9\u6211\u4eec22-800x629.webp 800w, https:\/\/www.dt-smart.com\/wp-content\/uploads\/2024\/08\/\u4e3a\u4ec0\u4e48\u9009\u62e9\u6211\u4eec22-768x604.webp 768w, https:\/\/www.dt-smart.com\/wp-content\/uploads\/2024\/08\/\u4e3a\u4ec0\u4e48\u9009\u62e9\u6211\u4eec22-15x12.webp 15w\" sizes=\"(max-width: 1000px) 100vw, 1000px\" \/><\/p>","protected":false},"excerpt":{"rendered":"<p><span style=\"font-size: 10pt;\">Dieses Ersatz-Flexkabel f\u00fcr die Taschenlampe des iPhone 13 Pro Max stellt die Funktion der Taschenlampe wieder her, wenn das Originalteil defekt oder besch\u00e4digt ist. Hergestellt aus hochwertigen, flexiblen Materialien, bietet es Langlebigkeit und zuverl\u00e4ssige Funktion auch bei h\u00e4ufigem Gebrauch. Der pr\u00e4zise gefertigte Stecker erm\u00f6glicht eine sichere Installation und stabile Verbindung. Dank seines schlanken Profils f\u00fcgt er sich nahtlos in das kompakte Design des iPhones ein. F\u00fcr die Installation sind Reparaturwerkzeug und technisches Know-how erforderlich; wir empfehlen daher die Durchf\u00fchrung durch erfahrene Nutzer oder Techniker. Durch den Austausch des defekten Taschenlampenkabels lassen sich Probleme wie Flackern, schwaches Licht oder ein komplett ausgefallener Blitz beheben. Dieses Ersatzteil bietet eine praktische, kosteng\u00fcnstige und umweltfreundliche L\u00f6sung, um die Nutzungsdauer des iPhone 13 Pro Max zu verl\u00e4ngern.<\/span><\/p>","protected":false},"featured_media":21714,"comment_status":"open","ping_status":"closed","template":"","meta":[],"product_brand":[],"product_cat":[42,93],"product_tag":[],"class_list":{"0":"post-21737","1":"product","2":"type-product","3":"status-publish","4":"has-post-thumbnail","6":"product_cat-iphone","7":"product_cat-iphone-13-pro-max","9":"first","10":"instock","11":"taxable","12":"shipping-taxable","13":"purchasable","14":"product-type-simple"},"yoast_head":"<!-- This site is optimized with the Yoast SEO plugin v27.4 - https:\/\/yoast.com\/product\/yoast-seo-wordpress\/ -->\n<title>iPhone 13 Pro Max Flashlight Flex Cable Replacement - Reliable Build, Precise Connector Design &amp; Long-Term Functionality - OEM Quality - Fast Shipping - InsurePart<\/title>\n<meta name=\"description\" content=\"iPhone 13 Pro Max Flashlight Flex Cable Replacement - Reliable Build, Precise Connector Design &amp; Long-Term Functionality - OEM Quality - Fast Shipping\" \/>\n<meta name=\"robots\" content=\"index, follow, max-snippet:-1, max-image-preview:large, max-video-preview:-1\" \/>\n<link rel=\"canonical\" href=\"https:\/\/www.dt-smart.com\/de\/produkt\/durable-flashlight-flex-cable-replacement-for-iphone-13-pro-max-featuring-reliable-build-precise-connector-design-and-long-term-functionality\/\" \/>\n<meta property=\"og:locale\" content=\"de_DE\" \/>\n<meta property=\"og:type\" content=\"article\" \/>\n<meta property=\"og:title\" content=\"iPhone 13 Pro Max Flashlight Flex Cable Replacement - Reliable Build, Precise Connector Design &amp; Long-Term Functionality - OEM Quality - Fast Shipping - InsurePart\" \/>\n<meta property=\"og:description\" content=\"iPhone 13 Pro Max Flashlight Flex Cable Replacement - Reliable Build, Precise Connector Design &amp; Long-Term Functionality - OEM Quality - Fast Shipping\" \/>\n<meta property=\"og:url\" content=\"https:\/\/www.dt-smart.com\/de\/produkt\/durable-flashlight-flex-cable-replacement-for-iphone-13-pro-max-featuring-reliable-build-precise-connector-design-and-long-term-functionality\/\" \/>\n<meta property=\"og:site_name\" content=\"InsurePart\" \/>\n<meta property=\"article:publisher\" content=\"https:\/\/www.facebook.com\/anjinleeEva\" \/>\n<meta property=\"article:modified_time\" content=\"2026-01-13T03:47:50+00:00\" \/>\n<meta property=\"og:image\" content=\"https:\/\/www.dt-smart.com\/wp-content\/uploads\/2025\/08\/13PM-1.webp\" \/>\n\t<meta property=\"og:image:width\" content=\"800\" \/>\n\t<meta property=\"og:image:height\" content=\"800\" \/>\n\t<meta property=\"og:image:type\" content=\"image\/webp\" \/>\n<meta name=\"twitter:card\" content=\"summary_large_image\" \/>\n<meta name=\"twitter:label1\" content=\"Gesch\u00e4tzte Lesezeit\" \/>\n\t<meta name=\"twitter:data1\" content=\"1\u00a0Minute\" \/>\n<script type=\"application\/ld+json\" class=\"yoast-schema-graph\">{\"@context\":\"https:\\\/\\\/schema.org\",\"@graph\":[{\"@type\":\"WebPage\",\"@id\":\"https:\\\/\\\/www.dt-smart.com\\\/product\\\/durable-flashlight-flex-cable-replacement-for-iphone-13-pro-max-featuring-reliable-build-precise-connector-design-and-long-term-functionality\\\/\",\"url\":\"https:\\\/\\\/www.dt-smart.com\\\/product\\\/durable-flashlight-flex-cable-replacement-for-iphone-13-pro-max-featuring-reliable-build-precise-connector-design-and-long-term-functionality\\\/\",\"name\":\"iPhone 13 Pro Max Flashlight Flex Cable Replacement - Reliable Build, Precise Connector Design & Long-Term Functionality - OEM Quality - Fast Shipping - InsurePart\",\"isPartOf\":{\"@id\":\"https:\\\/\\\/www.dt-smart.com\\\/#website\"},\"primaryImageOfPage\":{\"@id\":\"https:\\\/\\\/www.dt-smart.com\\\/product\\\/durable-flashlight-flex-cable-replacement-for-iphone-13-pro-max-featuring-reliable-build-precise-connector-design-and-long-term-functionality\\\/#primaryimage\"},\"image\":{\"@id\":\"https:\\\/\\\/www.dt-smart.com\\\/product\\\/durable-flashlight-flex-cable-replacement-for-iphone-13-pro-max-featuring-reliable-build-precise-connector-design-and-long-term-functionality\\\/#primaryimage\"},\"thumbnailUrl\":\"https:\\\/\\\/www.dt-smart.com\\\/wp-content\\\/uploads\\\/2025\\\/08\\\/13PM-1.webp\",\"datePublished\":\"2025-08-20T06:21:16+00:00\",\"dateModified\":\"2026-01-13T03:47:50+00:00\",\"description\":\"iPhone 13 Pro Max Flashlight Flex Cable Replacement - Reliable Build, Precise Connector Design & Long-Term Functionality - OEM Quality - Fast Shipping\",\"breadcrumb\":{\"@id\":\"https:\\\/\\\/www.dt-smart.com\\\/product\\\/durable-flashlight-flex-cable-replacement-for-iphone-13-pro-max-featuring-reliable-build-precise-connector-design-and-long-term-functionality\\\/#breadcrumb\"},\"inLanguage\":\"de\",\"potentialAction\":[{\"@type\":\"ReadAction\",\"target\":[\"https:\\\/\\\/www.dt-smart.com\\\/product\\\/durable-flashlight-flex-cable-replacement-for-iphone-13-pro-max-featuring-reliable-build-precise-connector-design-and-long-term-functionality\\\/\"]}]},{\"@type\":\"ImageObject\",\"inLanguage\":\"de\",\"@id\":\"https:\\\/\\\/www.dt-smart.com\\\/product\\\/durable-flashlight-flex-cable-replacement-for-iphone-13-pro-max-featuring-reliable-build-precise-connector-design-and-long-term-functionality\\\/#primaryimage\",\"url\":\"https:\\\/\\\/www.dt-smart.com\\\/wp-content\\\/uploads\\\/2025\\\/08\\\/13PM-1.webp\",\"contentUrl\":\"https:\\\/\\\/www.dt-smart.com\\\/wp-content\\\/uploads\\\/2025\\\/08\\\/13PM-1.webp\",\"width\":800,\"height\":800},{\"@type\":\"BreadcrumbList\",\"@id\":\"https:\\\/\\\/www.dt-smart.com\\\/product\\\/durable-flashlight-flex-cable-replacement-for-iphone-13-pro-max-featuring-reliable-build-precise-connector-design-and-long-term-functionality\\\/#breadcrumb\",\"itemListElement\":[{\"@type\":\"ListItem\",\"position\":1,\"name\":\"Home\",\"item\":\"https:\\\/\\\/www.dt-smart.com\\\/\"},{\"@type\":\"ListItem\",\"position\":2,\"name\":\"Product\",\"item\":\"https:\\\/\\\/www.dt-smart.com\\\/ru\\\/product\\\/\"},{\"@type\":\"ListItem\",\"position\":3,\"name\":\"iPhone 13 Pro Max Flashlight Flex Cable Replacement &#8211; Reliable Build, Precise Connector Design &#038; Long-Term Functionality &#8211; OEM Quality &#8211; Fast Shipping\"}]},{\"@type\":\"WebSite\",\"@id\":\"https:\\\/\\\/www.dt-smart.com\\\/#website\",\"url\":\"https:\\\/\\\/www.dt-smart.com\\\/\",\"name\":\"InsurePart\",\"description\":\"Cell Phone Repair Parts; iPhone Parts Wholesale;Samsung Parts Supplier\",\"potentialAction\":[{\"@type\":\"SearchAction\",\"target\":{\"@type\":\"EntryPoint\",\"urlTemplate\":\"https:\\\/\\\/www.dt-smart.com\\\/?s={search_term_string}\"},\"query-input\":{\"@type\":\"PropertyValueSpecification\",\"valueRequired\":true,\"valueName\":\"search_term_string\"}}],\"inLanguage\":\"de\"}]}<\/script>\n<!-- \/ Yoast SEO plugin. -->","yoast_head_json":{"title":"iPhone 13 Pro Max Flashlight Flex Cable Replacement - Reliable Build, Precise Connector Design & Long-Term Functionality - OEM Quality - Fast Shipping - InsurePart","description":"iPhone 13 Pro Max Flashlight Flex Cable Replacement - Reliable Build, Precise Connector Design & Long-Term Functionality - OEM Quality - Fast Shipping","robots":{"index":"index","follow":"follow","max-snippet":"max-snippet:-1","max-image-preview":"max-image-preview:large","max-video-preview":"max-video-preview:-1"},"canonical":"https:\/\/www.dt-smart.com\/de\/produkt\/durable-flashlight-flex-cable-replacement-for-iphone-13-pro-max-featuring-reliable-build-precise-connector-design-and-long-term-functionality\/","og_locale":"de_DE","og_type":"article","og_title":"iPhone 13 Pro Max Flashlight Flex Cable Replacement - Reliable Build, Precise Connector Design & Long-Term Functionality - OEM Quality - Fast Shipping - InsurePart","og_description":"iPhone 13 Pro Max Flashlight Flex Cable Replacement - Reliable Build, Precise Connector Design & Long-Term Functionality - OEM Quality - Fast Shipping","og_url":"https:\/\/www.dt-smart.com\/de\/produkt\/durable-flashlight-flex-cable-replacement-for-iphone-13-pro-max-featuring-reliable-build-precise-connector-design-and-long-term-functionality\/","og_site_name":"InsurePart","article_publisher":"https:\/\/www.facebook.com\/anjinleeEva","article_modified_time":"2026-01-13T03:47:50+00:00","og_image":[{"width":800,"height":800,"url":"https:\/\/www.dt-smart.com\/wp-content\/uploads\/2025\/08\/13PM-1.webp","type":"image\/webp"}],"twitter_card":"summary_large_image","twitter_misc":{"Gesch\u00e4tzte Lesezeit":"1\u00a0Minute"},"schema":{"@context":"https:\/\/schema.org","@graph":[{"@type":"WebPage","@id":"https:\/\/www.dt-smart.com\/product\/durable-flashlight-flex-cable-replacement-for-iphone-13-pro-max-featuring-reliable-build-precise-connector-design-and-long-term-functionality\/","url":"https:\/\/www.dt-smart.com\/product\/durable-flashlight-flex-cable-replacement-for-iphone-13-pro-max-featuring-reliable-build-precise-connector-design-and-long-term-functionality\/","name":"iPhone 13 Pro Max Flashlight Flex Cable Replacement - Reliable Build, Precise Connector Design & Long-Term Functionality - OEM Quality - Fast Shipping - InsurePart","isPartOf":{"@id":"https:\/\/www.dt-smart.com\/#website"},"primaryImageOfPage":{"@id":"https:\/\/www.dt-smart.com\/product\/durable-flashlight-flex-cable-replacement-for-iphone-13-pro-max-featuring-reliable-build-precise-connector-design-and-long-term-functionality\/#primaryimage"},"image":{"@id":"https:\/\/www.dt-smart.com\/product\/durable-flashlight-flex-cable-replacement-for-iphone-13-pro-max-featuring-reliable-build-precise-connector-design-and-long-term-functionality\/#primaryimage"},"thumbnailUrl":"https:\/\/www.dt-smart.com\/wp-content\/uploads\/2025\/08\/13PM-1.webp","datePublished":"2025-08-20T06:21:16+00:00","dateModified":"2026-01-13T03:47:50+00:00","description":"iPhone 13 Pro Max Flashlight Flex Cable Replacement - Reliable Build, Precise Connector Design & Long-Term Functionality - OEM Quality - Fast Shipping","breadcrumb":{"@id":"https:\/\/www.dt-smart.com\/product\/durable-flashlight-flex-cable-replacement-for-iphone-13-pro-max-featuring-reliable-build-precise-connector-design-and-long-term-functionality\/#breadcrumb"},"inLanguage":"de","potentialAction":[{"@type":"ReadAction","target":["https:\/\/www.dt-smart.com\/product\/durable-flashlight-flex-cable-replacement-for-iphone-13-pro-max-featuring-reliable-build-precise-connector-design-and-long-term-functionality\/"]}]},{"@type":"ImageObject","inLanguage":"de","@id":"https:\/\/www.dt-smart.com\/product\/durable-flashlight-flex-cable-replacement-for-iphone-13-pro-max-featuring-reliable-build-precise-connector-design-and-long-term-functionality\/#primaryimage","url":"https:\/\/www.dt-smart.com\/wp-content\/uploads\/2025\/08\/13PM-1.webp","contentUrl":"https:\/\/www.dt-smart.com\/wp-content\/uploads\/2025\/08\/13PM-1.webp","width":800,"height":800},{"@type":"BreadcrumbList","@id":"https:\/\/www.dt-smart.com\/product\/durable-flashlight-flex-cable-replacement-for-iphone-13-pro-max-featuring-reliable-build-precise-connector-design-and-long-term-functionality\/#breadcrumb","itemListElement":[{"@type":"ListItem","position":1,"name":"Home","item":"https:\/\/www.dt-smart.com\/"},{"@type":"ListItem","position":2,"name":"Product","item":"https:\/\/www.dt-smart.com\/ru\/product\/"},{"@type":"ListItem","position":3,"name":"iPhone 13 Pro Max Flashlight Flex Cable Replacement &#8211; Reliable Build, Precise Connector Design &#038; Long-Term Functionality &#8211; OEM Quality &#8211; Fast Shipping"}]},{"@type":"WebSite","@id":"https:\/\/www.dt-smart.com\/#website","url":"https:\/\/www.dt-smart.com\/","name":"InsurePart","description":"Handy-Ersatzteile; iPhone-Ersatzteile im Gro\u00dfhandel; Samsung-Ersatzteillieferant","potentialAction":[{"@type":"SearchAction","target":{"@type":"EntryPoint","urlTemplate":"https:\/\/www.dt-smart.com\/?s={search_term_string}"},"query-input":{"@type":"PropertyValueSpecification","valueRequired":true,"valueName":"search_term_string"}}],"inLanguage":"de"}]}},"_links":{"self":[{"href":"https:\/\/www.dt-smart.com\/de\/wp-json\/wp\/v2\/product\/21737","targetHints":{"allow":["GET"]}}],"collection":[{"href":"https:\/\/www.dt-smart.com\/de\/wp-json\/wp\/v2\/product"}],"about":[{"href":"https:\/\/www.dt-smart.com\/de\/wp-json\/wp\/v2\/types\/product"}],"replies":[{"embeddable":true,"href":"https:\/\/www.dt-smart.com\/de\/wp-json\/wp\/v2\/comments?post=21737"}],"version-history":[{"count":3,"href":"https:\/\/www.dt-smart.com\/de\/wp-json\/wp\/v2\/product\/21737\/revisions"}],"predecessor-version":[{"id":24239,"href":"https:\/\/www.dt-smart.com\/de\/wp-json\/wp\/v2\/product\/21737\/revisions\/24239"}],"wp:featuredmedia":[{"embeddable":true,"href":"https:\/\/www.dt-smart.com\/de\/wp-json\/wp\/v2\/media\/21714"}],"wp:attachment":[{"href":"https:\/\/www.dt-smart.com\/de\/wp-json\/wp\/v2\/media?parent=21737"}],"wp:term":[{"taxonomy":"product_brand","embeddable":true,"href":"https:\/\/www.dt-smart.com\/de\/wp-json\/wp\/v2\/product_brand?post=21737"},{"taxonomy":"product_cat","embeddable":true,"href":"https:\/\/www.dt-smart.com\/de\/wp-json\/wp\/v2\/product_cat?post=21737"},{"taxonomy":"product_tag","embeddable":true,"href":"https:\/\/www.dt-smart.com\/de\/wp-json\/wp\/v2\/product_tag?post=21737"}],"curies":[{"name":"wp","href":"https:\/\/api.w.org\/{rel}","templated":true}]}}