{"id":21760,"date":"2025-08-20T15:01:41","date_gmt":"2025-08-20T07:01:41","guid":{"rendered":"https:\/\/www.insurepart.com\/?post_type=product&#038;p=21760"},"modified":"2026-01-13T11:39:41","modified_gmt":"2026-01-13T03:39:41","slug":"high-quality-flashlight-flex-cable-replacement-for-iphone-16-pro-max-featuring-durable-materials-accurate-connector-build-and-long-term-reliable-flash-performance","status":"publish","type":"product","link":"https:\/\/www.dt-smart.com\/de\/produkt\/high-quality-flashlight-flex-cable-replacement-for-iphone-16-pro-max-featuring-durable-materials-accurate-connector-build-and-long-term-reliable-flash-performance\/","title":{"rendered":"iPhone 16 Pro Max R\u00fcckblitz-Flexkabel \u2013 Photonenphasen-Blitzsynchronisation, selbstheilende dielektrische Schicht, quantenverriegelte Beleuchtung. Schneller Versand"},"content":{"rendered":"<p style=\"text-align: center;\"><img fetchpriority=\"high\" decoding=\"async\" class=\"alignnone size-full wp-image-15567\" src=\"https:\/\/www.insurepart.com\/wp-content\/uploads\/2024\/08\/\u4e3a\u4ec0\u4e48\u9009\u62e9\u6211\u4eec22.webp\" alt=\"\" width=\"1000\" height=\"786\" srcset=\"https:\/\/www.dt-smart.com\/wp-content\/uploads\/2024\/08\/\u4e3a\u4ec0\u4e48\u9009\u62e9\u6211\u4eec22.webp 1000w, https:\/\/www.dt-smart.com\/wp-content\/uploads\/2024\/08\/\u4e3a\u4ec0\u4e48\u9009\u62e9\u6211\u4eec22-300x236.webp 300w, https:\/\/www.dt-smart.com\/wp-content\/uploads\/2024\/08\/\u4e3a\u4ec0\u4e48\u9009\u62e9\u6211\u4eec22-150x118.webp 150w, https:\/\/www.dt-smart.com\/wp-content\/uploads\/2024\/08\/\u4e3a\u4ec0\u4e48\u9009\u62e9\u6211\u4eec22-800x629.webp 800w, https:\/\/www.dt-smart.com\/wp-content\/uploads\/2024\/08\/\u4e3a\u4ec0\u4e48\u9009\u62e9\u6211\u4eec22-768x604.webp 768w, https:\/\/www.dt-smart.com\/wp-content\/uploads\/2024\/08\/\u4e3a\u4ec0\u4e48\u9009\u62e9\u6211\u4eec22-15x12.webp 15w\" sizes=\"(max-width: 1000px) 100vw, 1000px\" \/><\/p>","protected":false},"excerpt":{"rendered":"<p><span style=\"font-size: 10pt;\">Dieses Ersatz-Flexkabel f\u00fcr die Taschenlampe des iPhone 16 Pro Max bietet eine zuverl\u00e4ssige L\u00f6sung, um die Taschenlampenfunktion wiederherzustellen, wenn das Originalteil defekt ist. Es besteht aus hochwertigen, flexiblen Materialien und ist daher langlebig und stabil. Der pr\u00e4zise gefertigte Stecker sorgt f\u00fcr eine exakte Passform und sichere Installation. Dank seines schlanken Designs f\u00fcgt er sich nahtlos in die interne Struktur des Ger\u00e4ts ein. Die Installation erfordert Fachkenntnisse und das richtige Werkzeug und ist daher f\u00fcr Techniker oder erfahrene Nutzer geeignet. Durch den Austausch dieses Kabels lassen sich Probleme wie Flackern, schwache Helligkeit oder ein nicht funktionierender Blitz beheben. Dieses Ersatzteil bietet eine kosteng\u00fcnstige und praktische Reparaturl\u00f6sung, die die Nutzungsdauer des iPhone 16 Pro Max verl\u00e4ngert.<\/span><\/p>","protected":false},"featured_media":22752,"comment_status":"open","ping_status":"closed","template":"","meta":[],"product_brand":[],"product_cat":[42,1352],"product_tag":[],"class_list":{"0":"post-21760","1":"product","2":"type-product","3":"status-publish","4":"has-post-thumbnail","6":"product_cat-iphone","7":"product_cat-iphone-16-pro-max","9":"first","10":"instock","11":"taxable","12":"shipping-taxable","13":"purchasable","14":"product-type-simple"},"yoast_head":"<!-- This site is optimized with the Yoast SEO plugin v27.4 - https:\/\/yoast.com\/product\/yoast-seo-wordpress\/ -->\n<title>iPhone 16 Pro Max Rear Flash Flex Cable - Photon-Phased Flash Sync, Self-Healing Dielectric Layer, Quantum-Locked Illumination. Fast Shipping - InsurePart<\/title>\n<meta name=\"description\" content=\"iPhone 16 Pro Max Rear Flash Flex Cable - Photon-Phased Flash Sync, Self-Healing Dielectric Layer, Quantum-Locked Illumination. Fast Shipping\" \/>\n<meta name=\"robots\" content=\"index, follow, max-snippet:-1, max-image-preview:large, max-video-preview:-1\" \/>\n<link rel=\"canonical\" href=\"https:\/\/www.dt-smart.com\/de\/produkt\/high-quality-flashlight-flex-cable-replacement-for-iphone-16-pro-max-featuring-durable-materials-accurate-connector-build-and-long-term-reliable-flash-performance\/\" \/>\n<meta property=\"og:locale\" content=\"de_DE\" \/>\n<meta property=\"og:type\" content=\"article\" \/>\n<meta property=\"og:title\" content=\"iPhone 16 Pro Max Rear Flash Flex Cable - Photon-Phased Flash Sync, Self-Healing Dielectric Layer, Quantum-Locked Illumination. Fast Shipping - InsurePart\" \/>\n<meta property=\"og:description\" content=\"iPhone 16 Pro Max Rear Flash Flex Cable - Photon-Phased Flash Sync, Self-Healing Dielectric Layer, Quantum-Locked Illumination. Fast Shipping\" \/>\n<meta property=\"og:url\" content=\"https:\/\/www.dt-smart.com\/de\/produkt\/high-quality-flashlight-flex-cable-replacement-for-iphone-16-pro-max-featuring-durable-materials-accurate-connector-build-and-long-term-reliable-flash-performance\/\" \/>\n<meta property=\"og:site_name\" content=\"InsurePart\" \/>\n<meta property=\"article:publisher\" content=\"https:\/\/www.facebook.com\/anjinleeEva\" \/>\n<meta property=\"article:modified_time\" content=\"2026-01-13T03:39:41+00:00\" \/>\n<meta property=\"og:image\" content=\"https:\/\/www.dt-smart.com\/wp-content\/uploads\/2025\/08\/16PM-1-\u95ea\u5149\u706f-92.jpg\" \/>\n\t<meta property=\"og:image:width\" content=\"750\" \/>\n\t<meta property=\"og:image:height\" content=\"750\" \/>\n\t<meta property=\"og:image:type\" content=\"image\/jpeg\" \/>\n<meta name=\"twitter:card\" content=\"summary_large_image\" \/>\n<meta name=\"twitter:label1\" content=\"Gesch\u00e4tzte Lesezeit\" \/>\n\t<meta name=\"twitter:data1\" content=\"1\u00a0Minute\" \/>\n<script type=\"application\/ld+json\" class=\"yoast-schema-graph\">{\"@context\":\"https:\\\/\\\/schema.org\",\"@graph\":[{\"@type\":\"WebPage\",\"@id\":\"https:\\\/\\\/www.dt-smart.com\\\/product\\\/high-quality-flashlight-flex-cable-replacement-for-iphone-16-pro-max-featuring-durable-materials-accurate-connector-build-and-long-term-reliable-flash-performance\\\/\",\"url\":\"https:\\\/\\\/www.dt-smart.com\\\/product\\\/high-quality-flashlight-flex-cable-replacement-for-iphone-16-pro-max-featuring-durable-materials-accurate-connector-build-and-long-term-reliable-flash-performance\\\/\",\"name\":\"iPhone 16 Pro Max Rear Flash Flex Cable - Photon-Phased Flash Sync, Self-Healing Dielectric Layer, Quantum-Locked Illumination. Fast Shipping - InsurePart\",\"isPartOf\":{\"@id\":\"https:\\\/\\\/www.dt-smart.com\\\/#website\"},\"primaryImageOfPage\":{\"@id\":\"https:\\\/\\\/www.dt-smart.com\\\/product\\\/high-quality-flashlight-flex-cable-replacement-for-iphone-16-pro-max-featuring-durable-materials-accurate-connector-build-and-long-term-reliable-flash-performance\\\/#primaryimage\"},\"image\":{\"@id\":\"https:\\\/\\\/www.dt-smart.com\\\/product\\\/high-quality-flashlight-flex-cable-replacement-for-iphone-16-pro-max-featuring-durable-materials-accurate-connector-build-and-long-term-reliable-flash-performance\\\/#primaryimage\"},\"thumbnailUrl\":\"https:\\\/\\\/www.dt-smart.com\\\/wp-content\\\/uploads\\\/2025\\\/08\\\/16PM-1-\u95ea\u5149\u706f-92.jpg\",\"datePublished\":\"2025-08-20T07:01:41+00:00\",\"dateModified\":\"2026-01-13T03:39:41+00:00\",\"description\":\"iPhone 16 Pro Max Rear Flash Flex Cable - Photon-Phased Flash Sync, Self-Healing Dielectric Layer, Quantum-Locked Illumination. Fast Shipping\",\"breadcrumb\":{\"@id\":\"https:\\\/\\\/www.dt-smart.com\\\/product\\\/high-quality-flashlight-flex-cable-replacement-for-iphone-16-pro-max-featuring-durable-materials-accurate-connector-build-and-long-term-reliable-flash-performance\\\/#breadcrumb\"},\"inLanguage\":\"de\",\"potentialAction\":[{\"@type\":\"ReadAction\",\"target\":[\"https:\\\/\\\/www.dt-smart.com\\\/product\\\/high-quality-flashlight-flex-cable-replacement-for-iphone-16-pro-max-featuring-durable-materials-accurate-connector-build-and-long-term-reliable-flash-performance\\\/\"]}]},{\"@type\":\"ImageObject\",\"inLanguage\":\"de\",\"@id\":\"https:\\\/\\\/www.dt-smart.com\\\/product\\\/high-quality-flashlight-flex-cable-replacement-for-iphone-16-pro-max-featuring-durable-materials-accurate-connector-build-and-long-term-reliable-flash-performance\\\/#primaryimage\",\"url\":\"https:\\\/\\\/www.dt-smart.com\\\/wp-content\\\/uploads\\\/2025\\\/08\\\/16PM-1-\u95ea\u5149\u706f-92.jpg\",\"contentUrl\":\"https:\\\/\\\/www.dt-smart.com\\\/wp-content\\\/uploads\\\/2025\\\/08\\\/16PM-1-\u95ea\u5149\u706f-92.jpg\",\"width\":750,\"height\":750},{\"@type\":\"BreadcrumbList\",\"@id\":\"https:\\\/\\\/www.dt-smart.com\\\/product\\\/high-quality-flashlight-flex-cable-replacement-for-iphone-16-pro-max-featuring-durable-materials-accurate-connector-build-and-long-term-reliable-flash-performance\\\/#breadcrumb\",\"itemListElement\":[{\"@type\":\"ListItem\",\"position\":1,\"name\":\"Home\",\"item\":\"https:\\\/\\\/www.dt-smart.com\\\/\"},{\"@type\":\"ListItem\",\"position\":2,\"name\":\"Product\",\"item\":\"https:\\\/\\\/www.dt-smart.com\\\/ru\\\/product\\\/\"},{\"@type\":\"ListItem\",\"position\":3,\"name\":\"iPhone 16 Pro Max Rear Flash Flex Cable &#8211; Photon-Phased Flash Sync, Self-Healing Dielectric Layer, Quantum-Locked Illumination. Fast Shipping\"}]},{\"@type\":\"WebSite\",\"@id\":\"https:\\\/\\\/www.dt-smart.com\\\/#website\",\"url\":\"https:\\\/\\\/www.dt-smart.com\\\/\",\"name\":\"InsurePart\",\"description\":\"Cell Phone Repair Parts; iPhone Parts Wholesale;Samsung Parts Supplier\",\"potentialAction\":[{\"@type\":\"SearchAction\",\"target\":{\"@type\":\"EntryPoint\",\"urlTemplate\":\"https:\\\/\\\/www.dt-smart.com\\\/?s={search_term_string}\"},\"query-input\":{\"@type\":\"PropertyValueSpecification\",\"valueRequired\":true,\"valueName\":\"search_term_string\"}}],\"inLanguage\":\"de\"}]}<\/script>\n<!-- \/ Yoast SEO plugin. -->","yoast_head_json":{"title":"iPhone 16 Pro Max Rear Flash Flex Cable - Photon-Phased Flash Sync, Self-Healing Dielectric Layer, Quantum-Locked Illumination. Fast Shipping - InsurePart","description":"iPhone 16 Pro Max R\u00fcckblitz-Flexkabel \u2013 Photonenphasen-Blitzsynchronisation, selbstheilende dielektrische Schicht, quantenverriegelte Beleuchtung. Schneller Versand","robots":{"index":"index","follow":"follow","max-snippet":"max-snippet:-1","max-image-preview":"max-image-preview:large","max-video-preview":"max-video-preview:-1"},"canonical":"https:\/\/www.dt-smart.com\/de\/produkt\/high-quality-flashlight-flex-cable-replacement-for-iphone-16-pro-max-featuring-durable-materials-accurate-connector-build-and-long-term-reliable-flash-performance\/","og_locale":"de_DE","og_type":"article","og_title":"iPhone 16 Pro Max Rear Flash Flex Cable - Photon-Phased Flash Sync, Self-Healing Dielectric Layer, Quantum-Locked Illumination. Fast Shipping - InsurePart","og_description":"iPhone 16 Pro Max Rear Flash Flex Cable - Photon-Phased Flash Sync, Self-Healing Dielectric Layer, Quantum-Locked Illumination. Fast Shipping","og_url":"https:\/\/www.dt-smart.com\/de\/produkt\/high-quality-flashlight-flex-cable-replacement-for-iphone-16-pro-max-featuring-durable-materials-accurate-connector-build-and-long-term-reliable-flash-performance\/","og_site_name":"InsurePart","article_publisher":"https:\/\/www.facebook.com\/anjinleeEva","article_modified_time":"2026-01-13T03:39:41+00:00","og_image":[{"width":750,"height":750,"url":"https:\/\/www.dt-smart.com\/wp-content\/uploads\/2025\/08\/16PM-1-\u95ea\u5149\u706f-92.jpg","type":"image\/jpeg"}],"twitter_card":"summary_large_image","twitter_misc":{"Gesch\u00e4tzte Lesezeit":"1\u00a0Minute"},"schema":{"@context":"https:\/\/schema.org","@graph":[{"@type":"WebPage","@id":"https:\/\/www.dt-smart.com\/product\/high-quality-flashlight-flex-cable-replacement-for-iphone-16-pro-max-featuring-durable-materials-accurate-connector-build-and-long-term-reliable-flash-performance\/","url":"https:\/\/www.dt-smart.com\/product\/high-quality-flashlight-flex-cable-replacement-for-iphone-16-pro-max-featuring-durable-materials-accurate-connector-build-and-long-term-reliable-flash-performance\/","name":"iPhone 16 Pro Max Rear Flash Flex Cable - Photon-Phased Flash Sync, Self-Healing Dielectric Layer, Quantum-Locked Illumination. Fast Shipping - InsurePart","isPartOf":{"@id":"https:\/\/www.dt-smart.com\/#website"},"primaryImageOfPage":{"@id":"https:\/\/www.dt-smart.com\/product\/high-quality-flashlight-flex-cable-replacement-for-iphone-16-pro-max-featuring-durable-materials-accurate-connector-build-and-long-term-reliable-flash-performance\/#primaryimage"},"image":{"@id":"https:\/\/www.dt-smart.com\/product\/high-quality-flashlight-flex-cable-replacement-for-iphone-16-pro-max-featuring-durable-materials-accurate-connector-build-and-long-term-reliable-flash-performance\/#primaryimage"},"thumbnailUrl":"https:\/\/www.dt-smart.com\/wp-content\/uploads\/2025\/08\/16PM-1-\u95ea\u5149\u706f-92.jpg","datePublished":"2025-08-20T07:01:41+00:00","dateModified":"2026-01-13T03:39:41+00:00","description":"iPhone 16 Pro Max R\u00fcckblitz-Flexkabel \u2013 Photonenphasen-Blitzsynchronisation, selbstheilende dielektrische Schicht, quantenverriegelte Beleuchtung. Schneller Versand","breadcrumb":{"@id":"https:\/\/www.dt-smart.com\/product\/high-quality-flashlight-flex-cable-replacement-for-iphone-16-pro-max-featuring-durable-materials-accurate-connector-build-and-long-term-reliable-flash-performance\/#breadcrumb"},"inLanguage":"de","potentialAction":[{"@type":"ReadAction","target":["https:\/\/www.dt-smart.com\/product\/high-quality-flashlight-flex-cable-replacement-for-iphone-16-pro-max-featuring-durable-materials-accurate-connector-build-and-long-term-reliable-flash-performance\/"]}]},{"@type":"ImageObject","inLanguage":"de","@id":"https:\/\/www.dt-smart.com\/product\/high-quality-flashlight-flex-cable-replacement-for-iphone-16-pro-max-featuring-durable-materials-accurate-connector-build-and-long-term-reliable-flash-performance\/#primaryimage","url":"https:\/\/www.dt-smart.com\/wp-content\/uploads\/2025\/08\/16PM-1-\u95ea\u5149\u706f-92.jpg","contentUrl":"https:\/\/www.dt-smart.com\/wp-content\/uploads\/2025\/08\/16PM-1-\u95ea\u5149\u706f-92.jpg","width":750,"height":750},{"@type":"BreadcrumbList","@id":"https:\/\/www.dt-smart.com\/product\/high-quality-flashlight-flex-cable-replacement-for-iphone-16-pro-max-featuring-durable-materials-accurate-connector-build-and-long-term-reliable-flash-performance\/#breadcrumb","itemListElement":[{"@type":"ListItem","position":1,"name":"Home","item":"https:\/\/www.dt-smart.com\/"},{"@type":"ListItem","position":2,"name":"Product","item":"https:\/\/www.dt-smart.com\/ru\/product\/"},{"@type":"ListItem","position":3,"name":"iPhone 16 Pro Max Rear Flash Flex Cable &#8211; Photon-Phased Flash Sync, Self-Healing Dielectric Layer, Quantum-Locked Illumination. Fast Shipping"}]},{"@type":"WebSite","@id":"https:\/\/www.dt-smart.com\/#website","url":"https:\/\/www.dt-smart.com\/","name":"InsurePart","description":"Handy-Ersatzteile; iPhone-Ersatzteile im Gro\u00dfhandel; Samsung-Ersatzteillieferant","potentialAction":[{"@type":"SearchAction","target":{"@type":"EntryPoint","urlTemplate":"https:\/\/www.dt-smart.com\/?s={search_term_string}"},"query-input":{"@type":"PropertyValueSpecification","valueRequired":true,"valueName":"search_term_string"}}],"inLanguage":"de"}]}},"_links":{"self":[{"href":"https:\/\/www.dt-smart.com\/de\/wp-json\/wp\/v2\/product\/21760","targetHints":{"allow":["GET"]}}],"collection":[{"href":"https:\/\/www.dt-smart.com\/de\/wp-json\/wp\/v2\/product"}],"about":[{"href":"https:\/\/www.dt-smart.com\/de\/wp-json\/wp\/v2\/types\/product"}],"replies":[{"embeddable":true,"href":"https:\/\/www.dt-smart.com\/de\/wp-json\/wp\/v2\/comments?post=21760"}],"version-history":[{"count":4,"href":"https:\/\/www.dt-smart.com\/de\/wp-json\/wp\/v2\/product\/21760\/revisions"}],"predecessor-version":[{"id":24719,"href":"https:\/\/www.dt-smart.com\/de\/wp-json\/wp\/v2\/product\/21760\/revisions\/24719"}],"wp:featuredmedia":[{"embeddable":true,"href":"https:\/\/www.dt-smart.com\/de\/wp-json\/wp\/v2\/media\/22752"}],"wp:attachment":[{"href":"https:\/\/www.dt-smart.com\/de\/wp-json\/wp\/v2\/media?parent=21760"}],"wp:term":[{"taxonomy":"product_brand","embeddable":true,"href":"https:\/\/www.dt-smart.com\/de\/wp-json\/wp\/v2\/product_brand?post=21760"},{"taxonomy":"product_cat","embeddable":true,"href":"https:\/\/www.dt-smart.com\/de\/wp-json\/wp\/v2\/product_cat?post=21760"},{"taxonomy":"product_tag","embeddable":true,"href":"https:\/\/www.dt-smart.com\/de\/wp-json\/wp\/v2\/product_tag?post=21760"}],"curies":[{"name":"wp","href":"https:\/\/api.w.org\/{rel}","templated":true}]}}