{"id":21773,"date":"2025-08-20T16:02:45","date_gmt":"2025-08-20T08:02:45","guid":{"rendered":"https:\/\/www.insurepart.com\/?post_type=product&#038;p=21773"},"modified":"2026-01-06T11:03:52","modified_gmt":"2026-01-06T03:03:52","slug":"durable-vibration-motor-taptic-engine-replacement-for-iphone-12-featuring-high-quality-materials-precise-connector-build-and-reliable-long-term-feedback-performance","status":"publish","type":"product","link":"https:\/\/www.dt-smart.com\/de\/produkt\/durable-vibration-motor-taptic-engine-replacement-for-iphone-12-featuring-high-quality-materials-precise-connector-build-and-reliable-long-term-feedback-performance\/","title":{"rendered":"Ersatz-Vibrationsmotor (Taptic Engine) f\u00fcr iPhone 12 \u2013 Hochwertige Materialien, pr\u00e4zise Verarbeitung, zuverl\u00e4ssige Langzeitleistung \u2013 Erstausr\u00fcsterqualit\u00e4t \u2013 Schneller Versand"},"content":{"rendered":"<p style=\"text-align: center;\"><img fetchpriority=\"high\" decoding=\"async\" class=\"alignnone size-full wp-image-15567\" src=\"https:\/\/www.insurepart.com\/wp-content\/uploads\/2024\/08\/\u4e3a\u4ec0\u4e48\u9009\u62e9\u6211\u4eec22.webp\" alt=\"\" width=\"1000\" height=\"786\" srcset=\"https:\/\/www.dt-smart.com\/wp-content\/uploads\/2024\/08\/\u4e3a\u4ec0\u4e48\u9009\u62e9\u6211\u4eec22.webp 1000w, https:\/\/www.dt-smart.com\/wp-content\/uploads\/2024\/08\/\u4e3a\u4ec0\u4e48\u9009\u62e9\u6211\u4eec22-300x236.webp 300w, https:\/\/www.dt-smart.com\/wp-content\/uploads\/2024\/08\/\u4e3a\u4ec0\u4e48\u9009\u62e9\u6211\u4eec22-150x118.webp 150w, https:\/\/www.dt-smart.com\/wp-content\/uploads\/2024\/08\/\u4e3a\u4ec0\u4e48\u9009\u62e9\u6211\u4eec22-800x629.webp 800w, https:\/\/www.dt-smart.com\/wp-content\/uploads\/2024\/08\/\u4e3a\u4ec0\u4e48\u9009\u62e9\u6211\u4eec22-768x604.webp 768w, https:\/\/www.dt-smart.com\/wp-content\/uploads\/2024\/08\/\u4e3a\u4ec0\u4e48\u9009\u62e9\u6211\u4eec22-15x12.webp 15w\" sizes=\"(max-width: 1000px) 100vw, 1000px\" \/><\/p>","protected":false},"excerpt":{"rendered":"<p><span style=\"font-size: 10pt;\">Dieser speziell f\u00fcr das iPhone 12 entwickelte Taptic Engine Ersatzmotor stellt die zuverl\u00e4ssige Vibrationsfunktion wieder her, wenn der Originalmotor defekt ist. Dank seiner robusten Materialien gew\u00e4hrleistet er eine dauerhafte und gleichbleibende Leistung. Der pr\u00e4zise gefertigte Anschluss sorgt f\u00fcr sicheren Halt und stabile Verbindung. Durch seine kompakte Gr\u00f6\u00dfe f\u00fcgt er sich nahtlos in das Innere des Ger\u00e4ts ein. F\u00fcr den Einbau sind technisches Wissen und geeignetes Werkzeug erforderlich. Wir empfehlen daher die Installation durch erfahrene Anwender oder Fachleute. Durch den Austausch dieses Motors lassen sich h\u00e4ufige Probleme wie schwaches, unregelm\u00e4\u00dfiges oder fehlendes haptisches Feedback beheben. Dieses Ersatzteil bietet eine kosteng\u00fcnstige und praktische Reparaturm\u00f6glichkeit.<\/span><\/p>","protected":false},"featured_media":21790,"comment_status":"open","ping_status":"closed","template":"","meta":[],"product_brand":[],"product_cat":[42,99],"product_tag":[],"class_list":{"0":"post-21773","1":"product","2":"type-product","3":"status-publish","4":"has-post-thumbnail","6":"product_cat-iphone","7":"product_cat-iphone-12","9":"first","10":"instock","11":"taxable","12":"shipping-taxable","13":"purchasable","14":"product-type-simple"},"yoast_head":"<!-- This site is optimized with the Yoast SEO plugin v27.4 - https:\/\/yoast.com\/product\/yoast-seo-wordpress\/ -->\n<title>iPhone 12 Vibration Motor (Taptic Engine) Replacement - High Quality Materials, Precise Connector Build, Reliable Long-Term Feedback - OEM Quality - Fast Shipping - InsurePart<\/title>\n<meta name=\"description\" content=\"iPhone 12 Vibration Motor (Taptic Engine) Replacement - High Quality Materials, Precise Connector Build, Reliable Long-Term Feedback - OEM Quality - Fast Shipping\" \/>\n<meta name=\"robots\" content=\"index, follow, max-snippet:-1, max-image-preview:large, max-video-preview:-1\" \/>\n<link rel=\"canonical\" href=\"https:\/\/www.dt-smart.com\/de\/producto\/durable-vibration-motor-taptic-engine-replacement-for-iphone-12-featuring-high-quality-materials-precise-connector-build-and-reliable-long-term-feedback-performance\/\" \/>\n<meta property=\"og:locale\" content=\"de_DE\" \/>\n<meta property=\"og:type\" content=\"article\" \/>\n<meta property=\"og:title\" content=\"iPhone 12 Vibration Motor (Taptic Engine) Replacement - High Quality Materials, Precise Connector Build, Reliable Long-Term Feedback - OEM Quality - Fast Shipping - InsurePart\" \/>\n<meta property=\"og:description\" content=\"iPhone 12 Vibration Motor (Taptic Engine) Replacement - High Quality Materials, Precise Connector Build, Reliable Long-Term Feedback - OEM Quality - Fast Shipping\" \/>\n<meta property=\"og:url\" content=\"https:\/\/www.dt-smart.com\/de\/producto\/durable-vibration-motor-taptic-engine-replacement-for-iphone-12-featuring-high-quality-materials-precise-connector-build-and-reliable-long-term-feedback-performance\/\" \/>\n<meta property=\"og:site_name\" content=\"InsurePart\" \/>\n<meta property=\"article:publisher\" content=\"https:\/\/www.facebook.com\/anjinleeEva\" \/>\n<meta property=\"article:modified_time\" content=\"2026-01-06T03:03:52+00:00\" \/>\n<meta property=\"og:image\" content=\"https:\/\/www.dt-smart.com\/wp-content\/uploads\/2025\/08\/12-12Pro-1.webp\" \/>\n\t<meta property=\"og:image:width\" content=\"800\" \/>\n\t<meta property=\"og:image:height\" content=\"800\" \/>\n\t<meta property=\"og:image:type\" content=\"image\/webp\" \/>\n<meta name=\"twitter:card\" content=\"summary_large_image\" \/>\n<meta name=\"twitter:label1\" content=\"Gesch\u00e4tzte Lesezeit\" \/>\n\t<meta name=\"twitter:data1\" content=\"1\u00a0Minute\" \/>\n<script type=\"application\/ld+json\" class=\"yoast-schema-graph\">{\"@context\":\"https:\\\/\\\/schema.org\",\"@graph\":[{\"@type\":\"WebPage\",\"@id\":\"https:\\\/\\\/www.dt-smart.com\\\/es\\\/producto\\\/durable-vibration-motor-taptic-engine-replacement-for-iphone-12-featuring-high-quality-materials-precise-connector-build-and-reliable-long-term-feedback-performance\\\/\",\"url\":\"https:\\\/\\\/www.dt-smart.com\\\/es\\\/producto\\\/durable-vibration-motor-taptic-engine-replacement-for-iphone-12-featuring-high-quality-materials-precise-connector-build-and-reliable-long-term-feedback-performance\\\/\",\"name\":\"iPhone 12 Vibration Motor (Taptic Engine) Replacement - High Quality Materials, Precise Connector Build, Reliable Long-Term Feedback - OEM Quality - Fast Shipping - InsurePart\",\"isPartOf\":{\"@id\":\"https:\\\/\\\/www.dt-smart.com\\\/#website\"},\"primaryImageOfPage\":{\"@id\":\"https:\\\/\\\/www.dt-smart.com\\\/es\\\/producto\\\/durable-vibration-motor-taptic-engine-replacement-for-iphone-12-featuring-high-quality-materials-precise-connector-build-and-reliable-long-term-feedback-performance\\\/#primaryimage\"},\"image\":{\"@id\":\"https:\\\/\\\/www.dt-smart.com\\\/es\\\/producto\\\/durable-vibration-motor-taptic-engine-replacement-for-iphone-12-featuring-high-quality-materials-precise-connector-build-and-reliable-long-term-feedback-performance\\\/#primaryimage\"},\"thumbnailUrl\":\"https:\\\/\\\/www.dt-smart.com\\\/wp-content\\\/uploads\\\/2025\\\/08\\\/12-12Pro-1.webp\",\"datePublished\":\"2025-08-20T08:02:45+00:00\",\"dateModified\":\"2026-01-06T03:03:52+00:00\",\"description\":\"iPhone 12 Vibration Motor (Taptic Engine) Replacement - High Quality Materials, Precise Connector Build, Reliable Long-Term Feedback - OEM Quality - Fast Shipping\",\"breadcrumb\":{\"@id\":\"https:\\\/\\\/www.dt-smart.com\\\/es\\\/producto\\\/durable-vibration-motor-taptic-engine-replacement-for-iphone-12-featuring-high-quality-materials-precise-connector-build-and-reliable-long-term-feedback-performance\\\/#breadcrumb\"},\"inLanguage\":\"de\",\"potentialAction\":[{\"@type\":\"ReadAction\",\"target\":[\"https:\\\/\\\/www.dt-smart.com\\\/es\\\/producto\\\/durable-vibration-motor-taptic-engine-replacement-for-iphone-12-featuring-high-quality-materials-precise-connector-build-and-reliable-long-term-feedback-performance\\\/\"]}]},{\"@type\":\"ImageObject\",\"inLanguage\":\"de\",\"@id\":\"https:\\\/\\\/www.dt-smart.com\\\/es\\\/producto\\\/durable-vibration-motor-taptic-engine-replacement-for-iphone-12-featuring-high-quality-materials-precise-connector-build-and-reliable-long-term-feedback-performance\\\/#primaryimage\",\"url\":\"https:\\\/\\\/www.dt-smart.com\\\/wp-content\\\/uploads\\\/2025\\\/08\\\/12-12Pro-1.webp\",\"contentUrl\":\"https:\\\/\\\/www.dt-smart.com\\\/wp-content\\\/uploads\\\/2025\\\/08\\\/12-12Pro-1.webp\",\"width\":800,\"height\":800},{\"@type\":\"BreadcrumbList\",\"@id\":\"https:\\\/\\\/www.dt-smart.com\\\/es\\\/producto\\\/durable-vibration-motor-taptic-engine-replacement-for-iphone-12-featuring-high-quality-materials-precise-connector-build-and-reliable-long-term-feedback-performance\\\/#breadcrumb\",\"itemListElement\":[{\"@type\":\"ListItem\",\"position\":1,\"name\":\"Home\",\"item\":\"https:\\\/\\\/www.dt-smart.com\\\/\"},{\"@type\":\"ListItem\",\"position\":2,\"name\":\"Product\",\"item\":\"https:\\\/\\\/www.dt-smart.com\\\/ru\\\/product\\\/\"},{\"@type\":\"ListItem\",\"position\":3,\"name\":\"iPhone 12 Vibration Motor (Taptic Engine) Replacement &#8211; High Quality Materials, Precise Connector Build, Reliable Long-Term Feedback &#8211; OEM Quality &#8211; Fast Shipping\"}]},{\"@type\":\"WebSite\",\"@id\":\"https:\\\/\\\/www.dt-smart.com\\\/#website\",\"url\":\"https:\\\/\\\/www.dt-smart.com\\\/\",\"name\":\"InsurePart\",\"description\":\"Cell Phone Repair Parts; iPhone Parts Wholesale;Samsung Parts Supplier\",\"potentialAction\":[{\"@type\":\"SearchAction\",\"target\":{\"@type\":\"EntryPoint\",\"urlTemplate\":\"https:\\\/\\\/www.dt-smart.com\\\/?s={search_term_string}\"},\"query-input\":{\"@type\":\"PropertyValueSpecification\",\"valueRequired\":true,\"valueName\":\"search_term_string\"}}],\"inLanguage\":\"de\"}]}<\/script>\n<!-- \/ Yoast SEO plugin. -->","yoast_head_json":{"title":"iPhone 12 Vibration Motor (Taptic Engine) Replacement - High Quality Materials, Precise Connector Build, Reliable Long-Term Feedback - OEM Quality - Fast Shipping - InsurePart","description":"iPhone 12 Vibration Motor (Taptic Engine) Replacement - High Quality Materials, Precise Connector Build, Reliable Long-Term Feedback - OEM Quality - Fast Shipping","robots":{"index":"index","follow":"follow","max-snippet":"max-snippet:-1","max-image-preview":"max-image-preview:large","max-video-preview":"max-video-preview:-1"},"canonical":"https:\/\/www.dt-smart.com\/de\/producto\/durable-vibration-motor-taptic-engine-replacement-for-iphone-12-featuring-high-quality-materials-precise-connector-build-and-reliable-long-term-feedback-performance\/","og_locale":"de_DE","og_type":"article","og_title":"iPhone 12 Vibration Motor (Taptic Engine) Replacement - High Quality Materials, Precise Connector Build, Reliable Long-Term Feedback - OEM Quality - Fast Shipping - InsurePart","og_description":"iPhone 12 Vibration Motor (Taptic Engine) Replacement - High Quality Materials, Precise Connector Build, Reliable Long-Term Feedback - OEM Quality - Fast Shipping","og_url":"https:\/\/www.dt-smart.com\/de\/producto\/durable-vibration-motor-taptic-engine-replacement-for-iphone-12-featuring-high-quality-materials-precise-connector-build-and-reliable-long-term-feedback-performance\/","og_site_name":"InsurePart","article_publisher":"https:\/\/www.facebook.com\/anjinleeEva","article_modified_time":"2026-01-06T03:03:52+00:00","og_image":[{"width":800,"height":800,"url":"https:\/\/www.dt-smart.com\/wp-content\/uploads\/2025\/08\/12-12Pro-1.webp","type":"image\/webp"}],"twitter_card":"summary_large_image","twitter_misc":{"Gesch\u00e4tzte Lesezeit":"1\u00a0Minute"},"schema":{"@context":"https:\/\/schema.org","@graph":[{"@type":"WebPage","@id":"https:\/\/www.dt-smart.com\/es\/producto\/durable-vibration-motor-taptic-engine-replacement-for-iphone-12-featuring-high-quality-materials-precise-connector-build-and-reliable-long-term-feedback-performance\/","url":"https:\/\/www.dt-smart.com\/es\/producto\/durable-vibration-motor-taptic-engine-replacement-for-iphone-12-featuring-high-quality-materials-precise-connector-build-and-reliable-long-term-feedback-performance\/","name":"iPhone 12 Vibration Motor (Taptic Engine) Replacement - High Quality Materials, Precise Connector Build, Reliable Long-Term Feedback - OEM Quality - Fast Shipping - InsurePart","isPartOf":{"@id":"https:\/\/www.dt-smart.com\/#website"},"primaryImageOfPage":{"@id":"https:\/\/www.dt-smart.com\/es\/producto\/durable-vibration-motor-taptic-engine-replacement-for-iphone-12-featuring-high-quality-materials-precise-connector-build-and-reliable-long-term-feedback-performance\/#primaryimage"},"image":{"@id":"https:\/\/www.dt-smart.com\/es\/producto\/durable-vibration-motor-taptic-engine-replacement-for-iphone-12-featuring-high-quality-materials-precise-connector-build-and-reliable-long-term-feedback-performance\/#primaryimage"},"thumbnailUrl":"https:\/\/www.dt-smart.com\/wp-content\/uploads\/2025\/08\/12-12Pro-1.webp","datePublished":"2025-08-20T08:02:45+00:00","dateModified":"2026-01-06T03:03:52+00:00","description":"iPhone 12 Vibration Motor (Taptic Engine) Replacement - High Quality Materials, Precise Connector Build, Reliable Long-Term Feedback - OEM Quality - Fast Shipping","breadcrumb":{"@id":"https:\/\/www.dt-smart.com\/es\/producto\/durable-vibration-motor-taptic-engine-replacement-for-iphone-12-featuring-high-quality-materials-precise-connector-build-and-reliable-long-term-feedback-performance\/#breadcrumb"},"inLanguage":"de","potentialAction":[{"@type":"ReadAction","target":["https:\/\/www.dt-smart.com\/es\/producto\/durable-vibration-motor-taptic-engine-replacement-for-iphone-12-featuring-high-quality-materials-precise-connector-build-and-reliable-long-term-feedback-performance\/"]}]},{"@type":"ImageObject","inLanguage":"de","@id":"https:\/\/www.dt-smart.com\/es\/producto\/durable-vibration-motor-taptic-engine-replacement-for-iphone-12-featuring-high-quality-materials-precise-connector-build-and-reliable-long-term-feedback-performance\/#primaryimage","url":"https:\/\/www.dt-smart.com\/wp-content\/uploads\/2025\/08\/12-12Pro-1.webp","contentUrl":"https:\/\/www.dt-smart.com\/wp-content\/uploads\/2025\/08\/12-12Pro-1.webp","width":800,"height":800},{"@type":"BreadcrumbList","@id":"https:\/\/www.dt-smart.com\/es\/producto\/durable-vibration-motor-taptic-engine-replacement-for-iphone-12-featuring-high-quality-materials-precise-connector-build-and-reliable-long-term-feedback-performance\/#breadcrumb","itemListElement":[{"@type":"ListItem","position":1,"name":"Home","item":"https:\/\/www.dt-smart.com\/"},{"@type":"ListItem","position":2,"name":"Product","item":"https:\/\/www.dt-smart.com\/ru\/product\/"},{"@type":"ListItem","position":3,"name":"iPhone 12 Vibration Motor (Taptic Engine) Replacement &#8211; High Quality Materials, Precise Connector Build, Reliable Long-Term Feedback &#8211; OEM Quality &#8211; Fast Shipping"}]},{"@type":"WebSite","@id":"https:\/\/www.dt-smart.com\/#website","url":"https:\/\/www.dt-smart.com\/","name":"InsurePart","description":"Handy-Ersatzteile; iPhone-Ersatzteile im Gro\u00dfhandel; Samsung-Ersatzteillieferant","potentialAction":[{"@type":"SearchAction","target":{"@type":"EntryPoint","urlTemplate":"https:\/\/www.dt-smart.com\/?s={search_term_string}"},"query-input":{"@type":"PropertyValueSpecification","valueRequired":true,"valueName":"search_term_string"}}],"inLanguage":"de"}]}},"_links":{"self":[{"href":"https:\/\/www.dt-smart.com\/de\/wp-json\/wp\/v2\/product\/21773","targetHints":{"allow":["GET"]}}],"collection":[{"href":"https:\/\/www.dt-smart.com\/de\/wp-json\/wp\/v2\/product"}],"about":[{"href":"https:\/\/www.dt-smart.com\/de\/wp-json\/wp\/v2\/types\/product"}],"replies":[{"embeddable":true,"href":"https:\/\/www.dt-smart.com\/de\/wp-json\/wp\/v2\/comments?post=21773"}],"version-history":[{"count":3,"href":"https:\/\/www.dt-smart.com\/de\/wp-json\/wp\/v2\/product\/21773\/revisions"}],"predecessor-version":[{"id":24209,"href":"https:\/\/www.dt-smart.com\/de\/wp-json\/wp\/v2\/product\/21773\/revisions\/24209"}],"wp:featuredmedia":[{"embeddable":true,"href":"https:\/\/www.dt-smart.com\/de\/wp-json\/wp\/v2\/media\/21790"}],"wp:attachment":[{"href":"https:\/\/www.dt-smart.com\/de\/wp-json\/wp\/v2\/media?parent=21773"}],"wp:term":[{"taxonomy":"product_brand","embeddable":true,"href":"https:\/\/www.dt-smart.com\/de\/wp-json\/wp\/v2\/product_brand?post=21773"},{"taxonomy":"product_cat","embeddable":true,"href":"https:\/\/www.dt-smart.com\/de\/wp-json\/wp\/v2\/product_cat?post=21773"},{"taxonomy":"product_tag","embeddable":true,"href":"https:\/\/www.dt-smart.com\/de\/wp-json\/wp\/v2\/product_tag?post=21773"}],"curies":[{"name":"wp","href":"https:\/\/api.w.org\/{rel}","templated":true}]}}