{"id":21879,"date":"2025-08-21T10:55:39","date_gmt":"2025-08-21T02:55:39","guid":{"rendered":"https:\/\/www.insurepart.com\/?post_type=product&#038;p=21879"},"modified":"2026-01-13T11:36:03","modified_gmt":"2026-01-13T03:36:03","slug":"durable-wi-fi-antenna-flex-cable-replacement-for-iphone-11-pro-max-featuring-stable-wireless-connectivity-accurate-connector-and-long-term-reliability","status":"publish","type":"product","link":"https:\/\/www.dt-smart.com\/de\/produkt\/durable-wi-fi-antenna-flex-cable-replacement-for-iphone-11-pro-max-featuring-stable-wireless-connectivity-accurate-connector-and-long-term-reliability\/","title":{"rendered":"Ersatz-WLAN-Antennen-Flexkabel f\u00fcr iPhone 11 Pro Max \u2013 Stabile WLAN-Verbindung \u2013 Pr\u00e4ziser Anschluss &amp; Langzeitstabilit\u00e4t \u2013 Erstausr\u00fcsterqualit\u00e4t \u2013 Schneller Versand"},"content":{"rendered":"<p style=\"text-align: center;\"><img fetchpriority=\"high\" decoding=\"async\" class=\"alignnone size-full wp-image-15567\" src=\"https:\/\/www.insurepart.com\/wp-content\/uploads\/2024\/08\/\u4e3a\u4ec0\u4e48\u9009\u62e9\u6211\u4eec22.webp\" alt=\"\" width=\"1000\" height=\"786\" srcset=\"https:\/\/www.dt-smart.com\/wp-content\/uploads\/2024\/08\/\u4e3a\u4ec0\u4e48\u9009\u62e9\u6211\u4eec22.webp 1000w, https:\/\/www.dt-smart.com\/wp-content\/uploads\/2024\/08\/\u4e3a\u4ec0\u4e48\u9009\u62e9\u6211\u4eec22-300x236.webp 300w, https:\/\/www.dt-smart.com\/wp-content\/uploads\/2024\/08\/\u4e3a\u4ec0\u4e48\u9009\u62e9\u6211\u4eec22-150x118.webp 150w, https:\/\/www.dt-smart.com\/wp-content\/uploads\/2024\/08\/\u4e3a\u4ec0\u4e48\u9009\u62e9\u6211\u4eec22-800x629.webp 800w, https:\/\/www.dt-smart.com\/wp-content\/uploads\/2024\/08\/\u4e3a\u4ec0\u4e48\u9009\u62e9\u6211\u4eec22-768x604.webp 768w, https:\/\/www.dt-smart.com\/wp-content\/uploads\/2024\/08\/\u4e3a\u4ec0\u4e48\u9009\u62e9\u6211\u4eec22-15x12.webp 15w\" sizes=\"(max-width: 1000px) 100vw, 1000px\" \/><\/p>","protected":false},"excerpt":{"rendered":"<p><span style=\"font-size: 10pt;\">Dieses Ersatz-WLAN-Antennen-Flexkabel wurde speziell f\u00fcr das iPhone 11 Pro Max entwickelt und stellt die einwandfreie WLAN-Leistung wieder her, wenn das Originalkabel defekt oder verschlissen ist. Dank seiner robusten und flexiblen Materialien gew\u00e4hrleistet es eine zuverl\u00e4ssige Signal\u00fcbertragung auch bei langfristiger Nutzung. Der pr\u00e4zise gefertigte Anschluss sorgt f\u00fcr sicheren Halt und exakte Ausrichtung. Durch sein schlankes und kompaktes Design f\u00fcgt es sich nahtlos in das Design des iPhones ein. F\u00fcr die Installation sind Fachkenntnisse und geeignetes Werkzeug erforderlich; wir empfehlen daher die Beratung durch einen Techniker. Mit diesem Antennen-Flexkabel lassen sich Probleme wie schwaches WLAN, Verbindungsabbr\u00fcche oder das Nichterkennen von Netzwerken beheben. Dieses Ersatzteil bietet eine kosteng\u00fcnstige und umweltfreundliche L\u00f6sung und verl\u00e4ngert die Lebensdauer Ihres iPhone 11 Pro Max.<\/span><\/p>","protected":false},"featured_media":21857,"comment_status":"open","ping_status":"closed","template":"","meta":[],"product_brand":[],"product_cat":[42,101],"product_tag":[],"class_list":{"0":"post-21879","1":"product","2":"type-product","3":"status-publish","4":"has-post-thumbnail","6":"product_cat-iphone","7":"product_cat-iphone-11-pro-max","9":"first","10":"instock","11":"taxable","12":"shipping-taxable","13":"purchasable","14":"product-type-simple"},"yoast_head":"<!-- This site is optimized with the Yoast SEO plugin v27.4 - https:\/\/yoast.com\/product\/yoast-seo-wordpress\/ -->\n<title>iPhone 11 Pro Max Wi-Fi Antenna Flex Cable Replacement - Stable Wireless Connectivity - Accurate Connector &amp; Long-Term Reliability - OEM Quality - Fast Shipping - InsurePart<\/title>\n<meta name=\"description\" content=\"iPhone 11 Pro Max Wi-Fi Antenna Flex Cable Replacement - Stable Wireless Connectivity - Accurate Connector &amp; Long-Term Reliability - OEM Quality - Fast Shipping\" \/>\n<meta name=\"robots\" content=\"index, follow, max-snippet:-1, max-image-preview:large, max-video-preview:-1\" \/>\n<link rel=\"canonical\" href=\"https:\/\/www.dt-smart.com\/de\/produkt\/durable-wi-fi-antenna-flex-cable-replacement-for-iphone-11-pro-max-featuring-stable-wireless-connectivity-accurate-connector-and-long-term-reliability\/\" \/>\n<meta property=\"og:locale\" content=\"de_DE\" \/>\n<meta property=\"og:type\" content=\"article\" \/>\n<meta property=\"og:title\" content=\"iPhone 11 Pro Max Wi-Fi Antenna Flex Cable Replacement - Stable Wireless Connectivity - Accurate Connector &amp; Long-Term Reliability - OEM Quality - Fast Shipping - InsurePart\" \/>\n<meta property=\"og:description\" content=\"iPhone 11 Pro Max Wi-Fi Antenna Flex Cable Replacement - Stable Wireless Connectivity - Accurate Connector &amp; Long-Term Reliability - OEM Quality - Fast Shipping\" \/>\n<meta property=\"og:url\" content=\"https:\/\/www.dt-smart.com\/de\/produkt\/durable-wi-fi-antenna-flex-cable-replacement-for-iphone-11-pro-max-featuring-stable-wireless-connectivity-accurate-connector-and-long-term-reliability\/\" \/>\n<meta property=\"og:site_name\" content=\"InsurePart\" \/>\n<meta property=\"article:publisher\" content=\"https:\/\/www.facebook.com\/anjinleeEva\" \/>\n<meta property=\"article:modified_time\" content=\"2026-01-13T03:36:03+00:00\" \/>\n<meta property=\"og:image\" content=\"https:\/\/www.dt-smart.com\/wp-content\/uploads\/2025\/08\/11PM-1-3.webp\" \/>\n\t<meta property=\"og:image:width\" content=\"800\" \/>\n\t<meta property=\"og:image:height\" content=\"800\" \/>\n\t<meta property=\"og:image:type\" content=\"image\/webp\" \/>\n<meta name=\"twitter:card\" content=\"summary_large_image\" \/>\n<meta name=\"twitter:label1\" content=\"Gesch\u00e4tzte Lesezeit\" \/>\n\t<meta name=\"twitter:data1\" content=\"1\u00a0Minute\" \/>\n<script type=\"application\/ld+json\" class=\"yoast-schema-graph\">{\"@context\":\"https:\\\/\\\/schema.org\",\"@graph\":[{\"@type\":\"WebPage\",\"@id\":\"https:\\\/\\\/www.dt-smart.com\\\/product\\\/durable-wi-fi-antenna-flex-cable-replacement-for-iphone-11-pro-max-featuring-stable-wireless-connectivity-accurate-connector-and-long-term-reliability\\\/\",\"url\":\"https:\\\/\\\/www.dt-smart.com\\\/product\\\/durable-wi-fi-antenna-flex-cable-replacement-for-iphone-11-pro-max-featuring-stable-wireless-connectivity-accurate-connector-and-long-term-reliability\\\/\",\"name\":\"iPhone 11 Pro Max Wi-Fi Antenna Flex Cable Replacement - Stable Wireless Connectivity - Accurate Connector & Long-Term Reliability - OEM Quality - Fast Shipping - InsurePart\",\"isPartOf\":{\"@id\":\"https:\\\/\\\/www.dt-smart.com\\\/#website\"},\"primaryImageOfPage\":{\"@id\":\"https:\\\/\\\/www.dt-smart.com\\\/product\\\/durable-wi-fi-antenna-flex-cable-replacement-for-iphone-11-pro-max-featuring-stable-wireless-connectivity-accurate-connector-and-long-term-reliability\\\/#primaryimage\"},\"image\":{\"@id\":\"https:\\\/\\\/www.dt-smart.com\\\/product\\\/durable-wi-fi-antenna-flex-cable-replacement-for-iphone-11-pro-max-featuring-stable-wireless-connectivity-accurate-connector-and-long-term-reliability\\\/#primaryimage\"},\"thumbnailUrl\":\"https:\\\/\\\/www.dt-smart.com\\\/wp-content\\\/uploads\\\/2025\\\/08\\\/11PM-1-3.webp\",\"datePublished\":\"2025-08-21T02:55:39+00:00\",\"dateModified\":\"2026-01-13T03:36:03+00:00\",\"description\":\"iPhone 11 Pro Max Wi-Fi Antenna Flex Cable Replacement - Stable Wireless Connectivity - Accurate Connector & Long-Term Reliability - OEM Quality - Fast Shipping\",\"breadcrumb\":{\"@id\":\"https:\\\/\\\/www.dt-smart.com\\\/product\\\/durable-wi-fi-antenna-flex-cable-replacement-for-iphone-11-pro-max-featuring-stable-wireless-connectivity-accurate-connector-and-long-term-reliability\\\/#breadcrumb\"},\"inLanguage\":\"de\",\"potentialAction\":[{\"@type\":\"ReadAction\",\"target\":[\"https:\\\/\\\/www.dt-smart.com\\\/product\\\/durable-wi-fi-antenna-flex-cable-replacement-for-iphone-11-pro-max-featuring-stable-wireless-connectivity-accurate-connector-and-long-term-reliability\\\/\"]}]},{\"@type\":\"ImageObject\",\"inLanguage\":\"de\",\"@id\":\"https:\\\/\\\/www.dt-smart.com\\\/product\\\/durable-wi-fi-antenna-flex-cable-replacement-for-iphone-11-pro-max-featuring-stable-wireless-connectivity-accurate-connector-and-long-term-reliability\\\/#primaryimage\",\"url\":\"https:\\\/\\\/www.dt-smart.com\\\/wp-content\\\/uploads\\\/2025\\\/08\\\/11PM-1-3.webp\",\"contentUrl\":\"https:\\\/\\\/www.dt-smart.com\\\/wp-content\\\/uploads\\\/2025\\\/08\\\/11PM-1-3.webp\",\"width\":800,\"height\":800},{\"@type\":\"BreadcrumbList\",\"@id\":\"https:\\\/\\\/www.dt-smart.com\\\/product\\\/durable-wi-fi-antenna-flex-cable-replacement-for-iphone-11-pro-max-featuring-stable-wireless-connectivity-accurate-connector-and-long-term-reliability\\\/#breadcrumb\",\"itemListElement\":[{\"@type\":\"ListItem\",\"position\":1,\"name\":\"Home\",\"item\":\"https:\\\/\\\/www.dt-smart.com\\\/\"},{\"@type\":\"ListItem\",\"position\":2,\"name\":\"Product\",\"item\":\"https:\\\/\\\/www.dt-smart.com\\\/ru\\\/product\\\/\"},{\"@type\":\"ListItem\",\"position\":3,\"name\":\"iPhone 11 Pro Max Wi-Fi Antenna Flex Cable Replacement &#8211; Stable Wireless Connectivity &#8211; Accurate Connector &#038; Long-Term Reliability &#8211; OEM Quality &#8211; Fast Shipping\"}]},{\"@type\":\"WebSite\",\"@id\":\"https:\\\/\\\/www.dt-smart.com\\\/#website\",\"url\":\"https:\\\/\\\/www.dt-smart.com\\\/\",\"name\":\"InsurePart\",\"description\":\"Cell Phone Repair Parts; iPhone Parts Wholesale;Samsung Parts Supplier\",\"potentialAction\":[{\"@type\":\"SearchAction\",\"target\":{\"@type\":\"EntryPoint\",\"urlTemplate\":\"https:\\\/\\\/www.dt-smart.com\\\/?s={search_term_string}\"},\"query-input\":{\"@type\":\"PropertyValueSpecification\",\"valueRequired\":true,\"valueName\":\"search_term_string\"}}],\"inLanguage\":\"de\"}]}<\/script>\n<!-- \/ Yoast SEO plugin. -->","yoast_head_json":{"title":"iPhone 11 Pro Max Wi-Fi Antenna Flex Cable Replacement - Stable Wireless Connectivity - Accurate Connector & Long-Term Reliability - OEM Quality - Fast Shipping - InsurePart","description":"iPhone 11 Pro Max Wi-Fi Antenna Flex Cable Replacement - Stable Wireless Connectivity - Accurate Connector & Long-Term Reliability - OEM Quality - Fast Shipping","robots":{"index":"index","follow":"follow","max-snippet":"max-snippet:-1","max-image-preview":"max-image-preview:large","max-video-preview":"max-video-preview:-1"},"canonical":"https:\/\/www.dt-smart.com\/de\/produkt\/durable-wi-fi-antenna-flex-cable-replacement-for-iphone-11-pro-max-featuring-stable-wireless-connectivity-accurate-connector-and-long-term-reliability\/","og_locale":"de_DE","og_type":"article","og_title":"iPhone 11 Pro Max Wi-Fi Antenna Flex Cable Replacement - Stable Wireless Connectivity - Accurate Connector & Long-Term Reliability - OEM Quality - Fast Shipping - InsurePart","og_description":"iPhone 11 Pro Max Wi-Fi Antenna Flex Cable Replacement - Stable Wireless Connectivity - Accurate Connector & Long-Term Reliability - OEM Quality - Fast Shipping","og_url":"https:\/\/www.dt-smart.com\/de\/produkt\/durable-wi-fi-antenna-flex-cable-replacement-for-iphone-11-pro-max-featuring-stable-wireless-connectivity-accurate-connector-and-long-term-reliability\/","og_site_name":"InsurePart","article_publisher":"https:\/\/www.facebook.com\/anjinleeEva","article_modified_time":"2026-01-13T03:36:03+00:00","og_image":[{"width":800,"height":800,"url":"https:\/\/www.dt-smart.com\/wp-content\/uploads\/2025\/08\/11PM-1-3.webp","type":"image\/webp"}],"twitter_card":"summary_large_image","twitter_misc":{"Gesch\u00e4tzte Lesezeit":"1\u00a0Minute"},"schema":{"@context":"https:\/\/schema.org","@graph":[{"@type":"WebPage","@id":"https:\/\/www.dt-smart.com\/product\/durable-wi-fi-antenna-flex-cable-replacement-for-iphone-11-pro-max-featuring-stable-wireless-connectivity-accurate-connector-and-long-term-reliability\/","url":"https:\/\/www.dt-smart.com\/product\/durable-wi-fi-antenna-flex-cable-replacement-for-iphone-11-pro-max-featuring-stable-wireless-connectivity-accurate-connector-and-long-term-reliability\/","name":"iPhone 11 Pro Max Wi-Fi Antenna Flex Cable Replacement - Stable Wireless Connectivity - Accurate Connector & Long-Term Reliability - OEM Quality - Fast Shipping - InsurePart","isPartOf":{"@id":"https:\/\/www.dt-smart.com\/#website"},"primaryImageOfPage":{"@id":"https:\/\/www.dt-smart.com\/product\/durable-wi-fi-antenna-flex-cable-replacement-for-iphone-11-pro-max-featuring-stable-wireless-connectivity-accurate-connector-and-long-term-reliability\/#primaryimage"},"image":{"@id":"https:\/\/www.dt-smart.com\/product\/durable-wi-fi-antenna-flex-cable-replacement-for-iphone-11-pro-max-featuring-stable-wireless-connectivity-accurate-connector-and-long-term-reliability\/#primaryimage"},"thumbnailUrl":"https:\/\/www.dt-smart.com\/wp-content\/uploads\/2025\/08\/11PM-1-3.webp","datePublished":"2025-08-21T02:55:39+00:00","dateModified":"2026-01-13T03:36:03+00:00","description":"iPhone 11 Pro Max Wi-Fi Antenna Flex Cable Replacement - Stable Wireless Connectivity - Accurate Connector & Long-Term Reliability - OEM Quality - Fast Shipping","breadcrumb":{"@id":"https:\/\/www.dt-smart.com\/product\/durable-wi-fi-antenna-flex-cable-replacement-for-iphone-11-pro-max-featuring-stable-wireless-connectivity-accurate-connector-and-long-term-reliability\/#breadcrumb"},"inLanguage":"de","potentialAction":[{"@type":"ReadAction","target":["https:\/\/www.dt-smart.com\/product\/durable-wi-fi-antenna-flex-cable-replacement-for-iphone-11-pro-max-featuring-stable-wireless-connectivity-accurate-connector-and-long-term-reliability\/"]}]},{"@type":"ImageObject","inLanguage":"de","@id":"https:\/\/www.dt-smart.com\/product\/durable-wi-fi-antenna-flex-cable-replacement-for-iphone-11-pro-max-featuring-stable-wireless-connectivity-accurate-connector-and-long-term-reliability\/#primaryimage","url":"https:\/\/www.dt-smart.com\/wp-content\/uploads\/2025\/08\/11PM-1-3.webp","contentUrl":"https:\/\/www.dt-smart.com\/wp-content\/uploads\/2025\/08\/11PM-1-3.webp","width":800,"height":800},{"@type":"BreadcrumbList","@id":"https:\/\/www.dt-smart.com\/product\/durable-wi-fi-antenna-flex-cable-replacement-for-iphone-11-pro-max-featuring-stable-wireless-connectivity-accurate-connector-and-long-term-reliability\/#breadcrumb","itemListElement":[{"@type":"ListItem","position":1,"name":"Home","item":"https:\/\/www.dt-smart.com\/"},{"@type":"ListItem","position":2,"name":"Product","item":"https:\/\/www.dt-smart.com\/ru\/product\/"},{"@type":"ListItem","position":3,"name":"iPhone 11 Pro Max Wi-Fi Antenna Flex Cable Replacement &#8211; Stable Wireless Connectivity &#8211; Accurate Connector &#038; Long-Term Reliability &#8211; OEM Quality &#8211; Fast Shipping"}]},{"@type":"WebSite","@id":"https:\/\/www.dt-smart.com\/#website","url":"https:\/\/www.dt-smart.com\/","name":"InsurePart","description":"Handy-Ersatzteile; iPhone-Ersatzteile im Gro\u00dfhandel; Samsung-Ersatzteillieferant","potentialAction":[{"@type":"SearchAction","target":{"@type":"EntryPoint","urlTemplate":"https:\/\/www.dt-smart.com\/?s={search_term_string}"},"query-input":{"@type":"PropertyValueSpecification","valueRequired":true,"valueName":"search_term_string"}}],"inLanguage":"de"}]}},"_links":{"self":[{"href":"https:\/\/www.dt-smart.com\/de\/wp-json\/wp\/v2\/product\/21879","targetHints":{"allow":["GET"]}}],"collection":[{"href":"https:\/\/www.dt-smart.com\/de\/wp-json\/wp\/v2\/product"}],"about":[{"href":"https:\/\/www.dt-smart.com\/de\/wp-json\/wp\/v2\/types\/product"}],"replies":[{"embeddable":true,"href":"https:\/\/www.dt-smart.com\/de\/wp-json\/wp\/v2\/comments?post=21879"}],"version-history":[{"count":3,"href":"https:\/\/www.dt-smart.com\/de\/wp-json\/wp\/v2\/product\/21879\/revisions"}],"predecessor-version":[{"id":24711,"href":"https:\/\/www.dt-smart.com\/de\/wp-json\/wp\/v2\/product\/21879\/revisions\/24711"}],"wp:featuredmedia":[{"embeddable":true,"href":"https:\/\/www.dt-smart.com\/de\/wp-json\/wp\/v2\/media\/21857"}],"wp:attachment":[{"href":"https:\/\/www.dt-smart.com\/de\/wp-json\/wp\/v2\/media?parent=21879"}],"wp:term":[{"taxonomy":"product_brand","embeddable":true,"href":"https:\/\/www.dt-smart.com\/de\/wp-json\/wp\/v2\/product_brand?post=21879"},{"taxonomy":"product_cat","embeddable":true,"href":"https:\/\/www.dt-smart.com\/de\/wp-json\/wp\/v2\/product_cat?post=21879"},{"taxonomy":"product_tag","embeddable":true,"href":"https:\/\/www.dt-smart.com\/de\/wp-json\/wp\/v2\/product_tag?post=21879"}],"curies":[{"name":"wp","href":"https:\/\/api.w.org\/{rel}","templated":true}]}}