{"id":21982,"date":"2025-08-21T16:21:25","date_gmt":"2025-08-21T08:21:25","guid":{"rendered":"https:\/\/www.insurepart.com\/?post_type=product&#038;p=21982"},"modified":"2026-01-13T11:13:09","modified_gmt":"2026-01-13T03:13:09","slug":"high-quality-bluetooth-antenna-flex-cable-replacement-for-iphone-14-pro-max-featuring-stable-signal-transmission-durable-materials-and-reliable-performance","status":"publish","type":"product","link":"https:\/\/www.dt-smart.com\/de\/produkt\/high-quality-bluetooth-antenna-flex-cable-replacement-for-iphone-14-pro-max-featuring-stable-signal-transmission-durable-materials-and-reliable-performance\/","title":{"rendered":"WLAN-\/GPS-Signal, robustes Flexkabel f\u00fcr iPhone 14 Pro Max Bluetooth-Antenne \u2013 OEM-konforme Ausrichtung, stabile Mehrsignal\u00fcbertragung, verst\u00e4rkte Haltbarkeit. Schneller Versand."},"content":{"rendered":"<p style=\"text-align: center;\"><img fetchpriority=\"high\" decoding=\"async\" class=\"alignnone size-full wp-image-15567\" src=\"https:\/\/www.insurepart.com\/wp-content\/uploads\/2024\/08\/\u4e3a\u4ec0\u4e48\u9009\u62e9\u6211\u4eec22.webp\" alt=\"\" width=\"1000\" height=\"786\" srcset=\"https:\/\/www.dt-smart.com\/wp-content\/uploads\/2024\/08\/\u4e3a\u4ec0\u4e48\u9009\u62e9\u6211\u4eec22.webp 1000w, https:\/\/www.dt-smart.com\/wp-content\/uploads\/2024\/08\/\u4e3a\u4ec0\u4e48\u9009\u62e9\u6211\u4eec22-300x236.webp 300w, https:\/\/www.dt-smart.com\/wp-content\/uploads\/2024\/08\/\u4e3a\u4ec0\u4e48\u9009\u62e9\u6211\u4eec22-150x118.webp 150w, https:\/\/www.dt-smart.com\/wp-content\/uploads\/2024\/08\/\u4e3a\u4ec0\u4e48\u9009\u62e9\u6211\u4eec22-800x629.webp 800w, https:\/\/www.dt-smart.com\/wp-content\/uploads\/2024\/08\/\u4e3a\u4ec0\u4e48\u9009\u62e9\u6211\u4eec22-768x604.webp 768w, https:\/\/www.dt-smart.com\/wp-content\/uploads\/2024\/08\/\u4e3a\u4ec0\u4e48\u9009\u62e9\u6211\u4eec22-15x12.webp 15w\" sizes=\"(max-width: 1000px) 100vw, 1000px\" \/><\/p>","protected":false},"excerpt":{"rendered":"<p><span style=\"font-size: 10pt;\">Dieses Bluetooth-Antennen-Flexkabel wurde speziell f\u00fcr das iPhone 14 Pro Max entwickelt und stellt die Bluetooth-Verbindung wieder her, wenn das Originalteil defekt ist. Es besteht aus robusten und flexiblen Materialien und gew\u00e4hrleistet so eine zuverl\u00e4ssige Langzeitleistung. Der Stecker ist passgenau und sicher konstruiert, um eine optimale Signal\u00fcbertragung zu gew\u00e4hrleisten. Dank seines schlanken Designs f\u00fcgt er sich nahtlos in das Innere des Ger\u00e4ts ein. F\u00fcr die Installation sind geeignetes Werkzeug und Fachkenntnisse erforderlich; sie sollte daher von erfahrenen Technikern durchgef\u00fchrt werden. Durch den Austausch dieses defekten Bluetooth-Antennen-Flexkabels k\u00f6nnen Nutzer Probleme wie schwache Signale, Verbindungsabbr\u00fcche oder Schwierigkeiten beim Koppeln mit anderen Ger\u00e4ten beheben. Dieses Ersatzteil bietet eine kosteng\u00fcnstige und umweltfreundliche Reparaturl\u00f6sung und verl\u00e4ngert die Lebensdauer des iPhone 14 Pro Max.<\/span><\/p>","protected":false},"featured_media":21951,"comment_status":"open","ping_status":"closed","template":"","meta":[],"product_brand":[],"product_cat":[42,56],"product_tag":[],"class_list":{"0":"post-21982","1":"product","2":"type-product","3":"status-publish","4":"has-post-thumbnail","6":"product_cat-iphone","7":"product_cat-iphone-14-pro-max","9":"first","10":"instock","11":"taxable","12":"shipping-taxable","13":"purchasable","14":"product-type-simple"},"yoast_head":"<!-- This site is optimized with the Yoast SEO plugin v27.4 - https:\/\/yoast.com\/product\/yoast-seo-wordpress\/ -->\n<title>WiFi\/GPS Signal, Durable Flex Cable iPhone 14 Pro Max Bluetooth Antenna Flex Cable - OEM-Spec Alignment, Multi-Signal Stability, Reinforced Durability. Fast Shipping - InsurePart<\/title>\n<meta name=\"description\" content=\"High Quality Bluetooth Antenna Flex Cable Replacement for iPhone 14 Pro Max Featuring Stable Signal Transmission Durable Materials and Reliable Performance\" \/>\n<meta name=\"robots\" content=\"index, follow, max-snippet:-1, max-image-preview:large, max-video-preview:-1\" \/>\n<link rel=\"canonical\" href=\"https:\/\/www.dt-smart.com\/de\/producto\/high-quality-bluetooth-antenna-flex-cable-replacement-for-iphone-14-pro-max-featuring-stable-signal-transmission-durable-materials-and-reliable-performance\/\" \/>\n<meta property=\"og:locale\" content=\"de_DE\" \/>\n<meta property=\"og:type\" content=\"article\" \/>\n<meta property=\"og:title\" content=\"WiFi\/GPS Signal, Durable Flex Cable iPhone 14 Pro Max Bluetooth Antenna Flex Cable - OEM-Spec Alignment, Multi-Signal Stability, Reinforced Durability. Fast Shipping - InsurePart\" \/>\n<meta property=\"og:description\" content=\"High Quality Bluetooth Antenna Flex Cable Replacement for iPhone 14 Pro Max Featuring Stable Signal Transmission Durable Materials and Reliable Performance\" \/>\n<meta property=\"og:url\" content=\"https:\/\/www.dt-smart.com\/de\/producto\/high-quality-bluetooth-antenna-flex-cable-replacement-for-iphone-14-pro-max-featuring-stable-signal-transmission-durable-materials-and-reliable-performance\/\" \/>\n<meta property=\"og:site_name\" content=\"InsurePart\" \/>\n<meta property=\"article:publisher\" content=\"https:\/\/www.facebook.com\/anjinleeEva\" \/>\n<meta property=\"article:modified_time\" content=\"2026-01-13T03:13:09+00:00\" \/>\n<meta property=\"og:image\" content=\"https:\/\/www.dt-smart.com\/wp-content\/uploads\/2025\/08\/14PM-2-3.webp\" \/>\n\t<meta property=\"og:image:width\" content=\"800\" \/>\n\t<meta property=\"og:image:height\" content=\"800\" \/>\n\t<meta property=\"og:image:type\" content=\"image\/webp\" \/>\n<meta name=\"twitter:card\" content=\"summary_large_image\" \/>\n<meta name=\"twitter:label1\" content=\"Gesch\u00e4tzte Lesezeit\" \/>\n\t<meta name=\"twitter:data1\" content=\"1\u00a0Minute\" \/>\n<script type=\"application\/ld+json\" class=\"yoast-schema-graph\">{\"@context\":\"https:\\\/\\\/schema.org\",\"@graph\":[{\"@type\":\"WebPage\",\"@id\":\"https:\\\/\\\/www.dt-smart.com\\\/es\\\/producto\\\/high-quality-bluetooth-antenna-flex-cable-replacement-for-iphone-14-pro-max-featuring-stable-signal-transmission-durable-materials-and-reliable-performance\\\/\",\"url\":\"https:\\\/\\\/www.dt-smart.com\\\/es\\\/producto\\\/high-quality-bluetooth-antenna-flex-cable-replacement-for-iphone-14-pro-max-featuring-stable-signal-transmission-durable-materials-and-reliable-performance\\\/\",\"name\":\"WiFi\\\/GPS Signal, Durable Flex Cable iPhone 14 Pro Max Bluetooth Antenna Flex Cable - OEM-Spec Alignment, Multi-Signal Stability, Reinforced Durability. Fast Shipping - InsurePart\",\"isPartOf\":{\"@id\":\"https:\\\/\\\/www.dt-smart.com\\\/#website\"},\"primaryImageOfPage\":{\"@id\":\"https:\\\/\\\/www.dt-smart.com\\\/es\\\/producto\\\/high-quality-bluetooth-antenna-flex-cable-replacement-for-iphone-14-pro-max-featuring-stable-signal-transmission-durable-materials-and-reliable-performance\\\/#primaryimage\"},\"image\":{\"@id\":\"https:\\\/\\\/www.dt-smart.com\\\/es\\\/producto\\\/high-quality-bluetooth-antenna-flex-cable-replacement-for-iphone-14-pro-max-featuring-stable-signal-transmission-durable-materials-and-reliable-performance\\\/#primaryimage\"},\"thumbnailUrl\":\"https:\\\/\\\/www.dt-smart.com\\\/wp-content\\\/uploads\\\/2025\\\/08\\\/14PM-2-3.webp\",\"datePublished\":\"2025-08-21T08:21:25+00:00\",\"dateModified\":\"2026-01-13T03:13:09+00:00\",\"description\":\"High Quality Bluetooth Antenna Flex Cable Replacement for iPhone 14 Pro Max Featuring Stable Signal Transmission Durable Materials and Reliable Performance\",\"breadcrumb\":{\"@id\":\"https:\\\/\\\/www.dt-smart.com\\\/es\\\/producto\\\/high-quality-bluetooth-antenna-flex-cable-replacement-for-iphone-14-pro-max-featuring-stable-signal-transmission-durable-materials-and-reliable-performance\\\/#breadcrumb\"},\"inLanguage\":\"de\",\"potentialAction\":[{\"@type\":\"ReadAction\",\"target\":[\"https:\\\/\\\/www.dt-smart.com\\\/es\\\/producto\\\/high-quality-bluetooth-antenna-flex-cable-replacement-for-iphone-14-pro-max-featuring-stable-signal-transmission-durable-materials-and-reliable-performance\\\/\"]}]},{\"@type\":\"ImageObject\",\"inLanguage\":\"de\",\"@id\":\"https:\\\/\\\/www.dt-smart.com\\\/es\\\/producto\\\/high-quality-bluetooth-antenna-flex-cable-replacement-for-iphone-14-pro-max-featuring-stable-signal-transmission-durable-materials-and-reliable-performance\\\/#primaryimage\",\"url\":\"https:\\\/\\\/www.dt-smart.com\\\/wp-content\\\/uploads\\\/2025\\\/08\\\/14PM-2-3.webp\",\"contentUrl\":\"https:\\\/\\\/www.dt-smart.com\\\/wp-content\\\/uploads\\\/2025\\\/08\\\/14PM-2-3.webp\",\"width\":800,\"height\":800},{\"@type\":\"BreadcrumbList\",\"@id\":\"https:\\\/\\\/www.dt-smart.com\\\/es\\\/producto\\\/high-quality-bluetooth-antenna-flex-cable-replacement-for-iphone-14-pro-max-featuring-stable-signal-transmission-durable-materials-and-reliable-performance\\\/#breadcrumb\",\"itemListElement\":[{\"@type\":\"ListItem\",\"position\":1,\"name\":\"Home\",\"item\":\"https:\\\/\\\/www.dt-smart.com\\\/\"},{\"@type\":\"ListItem\",\"position\":2,\"name\":\"Product\",\"item\":\"https:\\\/\\\/www.dt-smart.com\\\/ru\\\/product\\\/\"},{\"@type\":\"ListItem\",\"position\":3,\"name\":\"WiFi\\\/GPS Signal, Durable Flex Cable iPhone 14 Pro Max Bluetooth Antenna Flex Cable &#8211; OEM-Spec Alignment, Multi-Signal Stability, Reinforced Durability. Fast Shipping\"}]},{\"@type\":\"WebSite\",\"@id\":\"https:\\\/\\\/www.dt-smart.com\\\/#website\",\"url\":\"https:\\\/\\\/www.dt-smart.com\\\/\",\"name\":\"InsurePart\",\"description\":\"Cell Phone Repair Parts; iPhone Parts Wholesale;Samsung Parts Supplier\",\"potentialAction\":[{\"@type\":\"SearchAction\",\"target\":{\"@type\":\"EntryPoint\",\"urlTemplate\":\"https:\\\/\\\/www.dt-smart.com\\\/?s={search_term_string}\"},\"query-input\":{\"@type\":\"PropertyValueSpecification\",\"valueRequired\":true,\"valueName\":\"search_term_string\"}}],\"inLanguage\":\"de\"}]}<\/script>\n<!-- \/ Yoast SEO plugin. -->","yoast_head_json":{"title":"WiFi\/GPS Signal, Durable Flex Cable iPhone 14 Pro Max Bluetooth Antenna Flex Cable - OEM-Spec Alignment, Multi-Signal Stability, Reinforced Durability. Fast Shipping - InsurePart","description":"Hochwertiges Bluetooth-Antennen-Flexkabel als Ersatz f\u00fcr iPhone 14 Pro Max \u2013 mit stabiler Signal\u00fcbertragung, robusten Materialien und zuverl\u00e4ssiger Leistung","robots":{"index":"index","follow":"follow","max-snippet":"max-snippet:-1","max-image-preview":"max-image-preview:large","max-video-preview":"max-video-preview:-1"},"canonical":"https:\/\/www.dt-smart.com\/de\/producto\/high-quality-bluetooth-antenna-flex-cable-replacement-for-iphone-14-pro-max-featuring-stable-signal-transmission-durable-materials-and-reliable-performance\/","og_locale":"de_DE","og_type":"article","og_title":"WiFi\/GPS Signal, Durable Flex Cable iPhone 14 Pro Max Bluetooth Antenna Flex Cable - OEM-Spec Alignment, Multi-Signal Stability, Reinforced Durability. Fast Shipping - InsurePart","og_description":"High Quality Bluetooth Antenna Flex Cable Replacement for iPhone 14 Pro Max Featuring Stable Signal Transmission Durable Materials and Reliable Performance","og_url":"https:\/\/www.dt-smart.com\/de\/producto\/high-quality-bluetooth-antenna-flex-cable-replacement-for-iphone-14-pro-max-featuring-stable-signal-transmission-durable-materials-and-reliable-performance\/","og_site_name":"InsurePart","article_publisher":"https:\/\/www.facebook.com\/anjinleeEva","article_modified_time":"2026-01-13T03:13:09+00:00","og_image":[{"width":800,"height":800,"url":"https:\/\/www.dt-smart.com\/wp-content\/uploads\/2025\/08\/14PM-2-3.webp","type":"image\/webp"}],"twitter_card":"summary_large_image","twitter_misc":{"Gesch\u00e4tzte Lesezeit":"1\u00a0Minute"},"schema":{"@context":"https:\/\/schema.org","@graph":[{"@type":"WebPage","@id":"https:\/\/www.dt-smart.com\/es\/producto\/high-quality-bluetooth-antenna-flex-cable-replacement-for-iphone-14-pro-max-featuring-stable-signal-transmission-durable-materials-and-reliable-performance\/","url":"https:\/\/www.dt-smart.com\/es\/producto\/high-quality-bluetooth-antenna-flex-cable-replacement-for-iphone-14-pro-max-featuring-stable-signal-transmission-durable-materials-and-reliable-performance\/","name":"WiFi\/GPS Signal, Durable Flex Cable iPhone 14 Pro Max Bluetooth Antenna Flex Cable - OEM-Spec Alignment, Multi-Signal Stability, Reinforced Durability. Fast Shipping - InsurePart","isPartOf":{"@id":"https:\/\/www.dt-smart.com\/#website"},"primaryImageOfPage":{"@id":"https:\/\/www.dt-smart.com\/es\/producto\/high-quality-bluetooth-antenna-flex-cable-replacement-for-iphone-14-pro-max-featuring-stable-signal-transmission-durable-materials-and-reliable-performance\/#primaryimage"},"image":{"@id":"https:\/\/www.dt-smart.com\/es\/producto\/high-quality-bluetooth-antenna-flex-cable-replacement-for-iphone-14-pro-max-featuring-stable-signal-transmission-durable-materials-and-reliable-performance\/#primaryimage"},"thumbnailUrl":"https:\/\/www.dt-smart.com\/wp-content\/uploads\/2025\/08\/14PM-2-3.webp","datePublished":"2025-08-21T08:21:25+00:00","dateModified":"2026-01-13T03:13:09+00:00","description":"Hochwertiges Bluetooth-Antennen-Flexkabel als Ersatz f\u00fcr iPhone 14 Pro Max \u2013 mit stabiler Signal\u00fcbertragung, robusten Materialien und zuverl\u00e4ssiger Leistung","breadcrumb":{"@id":"https:\/\/www.dt-smart.com\/es\/producto\/high-quality-bluetooth-antenna-flex-cable-replacement-for-iphone-14-pro-max-featuring-stable-signal-transmission-durable-materials-and-reliable-performance\/#breadcrumb"},"inLanguage":"de","potentialAction":[{"@type":"ReadAction","target":["https:\/\/www.dt-smart.com\/es\/producto\/high-quality-bluetooth-antenna-flex-cable-replacement-for-iphone-14-pro-max-featuring-stable-signal-transmission-durable-materials-and-reliable-performance\/"]}]},{"@type":"ImageObject","inLanguage":"de","@id":"https:\/\/www.dt-smart.com\/es\/producto\/high-quality-bluetooth-antenna-flex-cable-replacement-for-iphone-14-pro-max-featuring-stable-signal-transmission-durable-materials-and-reliable-performance\/#primaryimage","url":"https:\/\/www.dt-smart.com\/wp-content\/uploads\/2025\/08\/14PM-2-3.webp","contentUrl":"https:\/\/www.dt-smart.com\/wp-content\/uploads\/2025\/08\/14PM-2-3.webp","width":800,"height":800},{"@type":"BreadcrumbList","@id":"https:\/\/www.dt-smart.com\/es\/producto\/high-quality-bluetooth-antenna-flex-cable-replacement-for-iphone-14-pro-max-featuring-stable-signal-transmission-durable-materials-and-reliable-performance\/#breadcrumb","itemListElement":[{"@type":"ListItem","position":1,"name":"Home","item":"https:\/\/www.dt-smart.com\/"},{"@type":"ListItem","position":2,"name":"Product","item":"https:\/\/www.dt-smart.com\/ru\/product\/"},{"@type":"ListItem","position":3,"name":"WiFi\/GPS Signal, Durable Flex Cable iPhone 14 Pro Max Bluetooth Antenna Flex Cable &#8211; OEM-Spec Alignment, Multi-Signal Stability, Reinforced Durability. Fast Shipping"}]},{"@type":"WebSite","@id":"https:\/\/www.dt-smart.com\/#website","url":"https:\/\/www.dt-smart.com\/","name":"InsurePart","description":"Handy-Ersatzteile; iPhone-Ersatzteile im Gro\u00dfhandel; Samsung-Ersatzteillieferant","potentialAction":[{"@type":"SearchAction","target":{"@type":"EntryPoint","urlTemplate":"https:\/\/www.dt-smart.com\/?s={search_term_string}"},"query-input":{"@type":"PropertyValueSpecification","valueRequired":true,"valueName":"search_term_string"}}],"inLanguage":"de"}]}},"_links":{"self":[{"href":"https:\/\/www.dt-smart.com\/de\/wp-json\/wp\/v2\/product\/21982","targetHints":{"allow":["GET"]}}],"collection":[{"href":"https:\/\/www.dt-smart.com\/de\/wp-json\/wp\/v2\/product"}],"about":[{"href":"https:\/\/www.dt-smart.com\/de\/wp-json\/wp\/v2\/types\/product"}],"replies":[{"embeddable":true,"href":"https:\/\/www.dt-smart.com\/de\/wp-json\/wp\/v2\/comments?post=21982"}],"version-history":[{"count":4,"href":"https:\/\/www.dt-smart.com\/de\/wp-json\/wp\/v2\/product\/21982\/revisions"}],"predecessor-version":[{"id":24659,"href":"https:\/\/www.dt-smart.com\/de\/wp-json\/wp\/v2\/product\/21982\/revisions\/24659"}],"wp:featuredmedia":[{"embeddable":true,"href":"https:\/\/www.dt-smart.com\/de\/wp-json\/wp\/v2\/media\/21951"}],"wp:attachment":[{"href":"https:\/\/www.dt-smart.com\/de\/wp-json\/wp\/v2\/media?parent=21982"}],"wp:term":[{"taxonomy":"product_brand","embeddable":true,"href":"https:\/\/www.dt-smart.com\/de\/wp-json\/wp\/v2\/product_brand?post=21982"},{"taxonomy":"product_cat","embeddable":true,"href":"https:\/\/www.dt-smart.com\/de\/wp-json\/wp\/v2\/product_cat?post=21982"},{"taxonomy":"product_tag","embeddable":true,"href":"https:\/\/www.dt-smart.com\/de\/wp-json\/wp\/v2\/product_tag?post=21982"}],"curies":[{"name":"wp","href":"https:\/\/api.w.org\/{rel}","templated":true}]}}