{"id":22004,"date":"2025-08-22T10:11:54","date_gmt":"2025-08-22T02:11:54","guid":{"rendered":"https:\/\/www.insurepart.com\/?post_type=product&#038;p=22004"},"modified":"2026-01-13T10:58:15","modified_gmt":"2026-01-13T02:58:15","slug":"high-quality-radar-flex-cable-replacement-for-iphone-12-featuring-durable-construction-reliable-sensor-performance-and-accurate-connector","status":"publish","type":"product","link":"https:\/\/www.dt-smart.com\/de\/produkt\/high-quality-radar-flex-cable-replacement-for-iphone-12-featuring-durable-construction-reliable-sensor-performance-and-accurate-connector\/","title":{"rendered":"iPhone 12 LiDAR-Flexkabel \u2013 Mikrogefertigte Pr\u00e4zision, stabile LiDAR- und Sensorsynchronisation, Verst\u00e4rkung nach Milit\u00e4rstandard. Schneller Versand."},"content":{"rendered":"<p style=\"text-align: center;\"><img fetchpriority=\"high\" decoding=\"async\" class=\"alignnone size-full wp-image-15567\" src=\"https:\/\/www.insurepart.com\/wp-content\/uploads\/2024\/08\/\u4e3a\u4ec0\u4e48\u9009\u62e9\u6211\u4eec22.webp\" alt=\"\" width=\"1000\" height=\"786\" srcset=\"https:\/\/www.dt-smart.com\/wp-content\/uploads\/2024\/08\/\u4e3a\u4ec0\u4e48\u9009\u62e9\u6211\u4eec22.webp 1000w, https:\/\/www.dt-smart.com\/wp-content\/uploads\/2024\/08\/\u4e3a\u4ec0\u4e48\u9009\u62e9\u6211\u4eec22-300x236.webp 300w, https:\/\/www.dt-smart.com\/wp-content\/uploads\/2024\/08\/\u4e3a\u4ec0\u4e48\u9009\u62e9\u6211\u4eec22-150x118.webp 150w, https:\/\/www.dt-smart.com\/wp-content\/uploads\/2024\/08\/\u4e3a\u4ec0\u4e48\u9009\u62e9\u6211\u4eec22-800x629.webp 800w, https:\/\/www.dt-smart.com\/wp-content\/uploads\/2024\/08\/\u4e3a\u4ec0\u4e48\u9009\u62e9\u6211\u4eec22-768x604.webp 768w, https:\/\/www.dt-smart.com\/wp-content\/uploads\/2024\/08\/\u4e3a\u4ec0\u4e48\u9009\u62e9\u6211\u4eec22-15x12.webp 15w\" sizes=\"(max-width: 1000px) 100vw, 1000px\" \/><\/p>","protected":false},"excerpt":{"rendered":"<p><span style=\"font-size: 10pt;\">Dieses Ersatz-Radarflexkabel wurde speziell f\u00fcr das iPhone 12 entwickelt, um die Funktion des Radarsensors wiederherzustellen, wenn das Originalteil defekt ist. Dank der Verwendung robuster Materialien gew\u00e4hrleistet es eine langfristige und zuverl\u00e4ssige Leistung. Der pr\u00e4zise gefertigte Stecker sorgt f\u00fcr eine sichere Installation und Ausrichtung und damit f\u00fcr die einwandfreie Funktion des Sensors. Sein schlankes Design f\u00fcgt sich nahtlos in das interne System des Ger\u00e4ts ein. Die Installation erfordert Fachkenntnisse und geeignetes Werkzeug und wird erfahrenen Technikern empfohlen. Der Austausch dieses Radarflexkabels behebt Probleme wie Sensorfehlfunktionen, Funktionsausf\u00e4lle oder ungenaue Radarmesswerte. Diese Reparaturl\u00f6sung bietet eine kosteng\u00fcnstige und umweltfreundliche M\u00f6glichkeit, die Radarfunktionen des iPhone 12 wiederherzustellen.<\/span><\/p>","protected":false},"featured_media":22012,"comment_status":"open","ping_status":"closed","template":"","meta":[],"product_brand":[],"product_cat":[42,99],"product_tag":[],"class_list":{"0":"post-22004","1":"product","2":"type-product","3":"status-publish","4":"has-post-thumbnail","6":"product_cat-iphone","7":"product_cat-iphone-12","9":"first","10":"instock","11":"taxable","12":"shipping-taxable","13":"purchasable","14":"product-type-simple"},"yoast_head":"<!-- This site is optimized with the Yoast SEO plugin v27.4 - https:\/\/yoast.com\/product\/yoast-seo-wordpress\/ -->\n<title>iPhone 12 LiDAR Flex Cable - Micro-Engineered Precision, Stable LiDAR &amp; Sensor Sync, MIL-Spec Reinforcement. Fast Shipping - InsurePart<\/title>\n<meta name=\"description\" content=\"iPhone 12 LiDAR Flex Cable - Micro-Engineered Precision, Stable LiDAR &amp; Sensor Sync, MIL-Spec Reinforcement. Fast Shipping\" \/>\n<meta name=\"robots\" content=\"index, follow, max-snippet:-1, max-image-preview:large, max-video-preview:-1\" \/>\n<link rel=\"canonical\" href=\"https:\/\/www.dt-smart.com\/de\/produkt\/high-quality-radar-flex-cable-replacement-for-iphone-12-featuring-durable-construction-reliable-sensor-performance-and-accurate-connector\/\" \/>\n<meta property=\"og:locale\" content=\"de_DE\" \/>\n<meta property=\"og:type\" content=\"article\" \/>\n<meta property=\"og:title\" content=\"iPhone 12 LiDAR Flex Cable - Micro-Engineered Precision, Stable LiDAR &amp; Sensor Sync, MIL-Spec Reinforcement. Fast Shipping - InsurePart\" \/>\n<meta property=\"og:description\" content=\"iPhone 12 LiDAR Flex Cable - Micro-Engineered Precision, Stable LiDAR &amp; Sensor Sync, MIL-Spec Reinforcement. Fast Shipping\" \/>\n<meta property=\"og:url\" content=\"https:\/\/www.dt-smart.com\/de\/produkt\/high-quality-radar-flex-cable-replacement-for-iphone-12-featuring-durable-construction-reliable-sensor-performance-and-accurate-connector\/\" \/>\n<meta property=\"og:site_name\" content=\"InsurePart\" \/>\n<meta property=\"article:publisher\" content=\"https:\/\/www.facebook.com\/anjinleeEva\" \/>\n<meta property=\"article:modified_time\" content=\"2026-01-13T02:58:15+00:00\" \/>\n<meta property=\"og:image\" content=\"https:\/\/www.dt-smart.com\/wp-content\/uploads\/2025\/08\/12Pro-2.webp\" \/>\n\t<meta property=\"og:image:width\" content=\"800\" \/>\n\t<meta property=\"og:image:height\" content=\"800\" \/>\n\t<meta property=\"og:image:type\" content=\"image\/webp\" \/>\n<meta name=\"twitter:card\" content=\"summary_large_image\" \/>\n<meta name=\"twitter:label1\" content=\"Gesch\u00e4tzte Lesezeit\" \/>\n\t<meta name=\"twitter:data1\" content=\"1\u00a0Minute\" \/>\n<script type=\"application\/ld+json\" class=\"yoast-schema-graph\">{\"@context\":\"https:\\\/\\\/schema.org\",\"@graph\":[{\"@type\":\"WebPage\",\"@id\":\"https:\\\/\\\/www.dt-smart.com\\\/product\\\/high-quality-radar-flex-cable-replacement-for-iphone-12-featuring-durable-construction-reliable-sensor-performance-and-accurate-connector\\\/\",\"url\":\"https:\\\/\\\/www.dt-smart.com\\\/product\\\/high-quality-radar-flex-cable-replacement-for-iphone-12-featuring-durable-construction-reliable-sensor-performance-and-accurate-connector\\\/\",\"name\":\"iPhone 12 LiDAR Flex Cable - Micro-Engineered Precision, Stable LiDAR & Sensor Sync, MIL-Spec Reinforcement. Fast Shipping - InsurePart\",\"isPartOf\":{\"@id\":\"https:\\\/\\\/www.dt-smart.com\\\/#website\"},\"primaryImageOfPage\":{\"@id\":\"https:\\\/\\\/www.dt-smart.com\\\/product\\\/high-quality-radar-flex-cable-replacement-for-iphone-12-featuring-durable-construction-reliable-sensor-performance-and-accurate-connector\\\/#primaryimage\"},\"image\":{\"@id\":\"https:\\\/\\\/www.dt-smart.com\\\/product\\\/high-quality-radar-flex-cable-replacement-for-iphone-12-featuring-durable-construction-reliable-sensor-performance-and-accurate-connector\\\/#primaryimage\"},\"thumbnailUrl\":\"https:\\\/\\\/www.dt-smart.com\\\/wp-content\\\/uploads\\\/2025\\\/08\\\/12Pro-2.webp\",\"datePublished\":\"2025-08-22T02:11:54+00:00\",\"dateModified\":\"2026-01-13T02:58:15+00:00\",\"description\":\"iPhone 12 LiDAR Flex Cable - Micro-Engineered Precision, Stable LiDAR & Sensor Sync, MIL-Spec Reinforcement. Fast Shipping\",\"breadcrumb\":{\"@id\":\"https:\\\/\\\/www.dt-smart.com\\\/product\\\/high-quality-radar-flex-cable-replacement-for-iphone-12-featuring-durable-construction-reliable-sensor-performance-and-accurate-connector\\\/#breadcrumb\"},\"inLanguage\":\"de\",\"potentialAction\":[{\"@type\":\"ReadAction\",\"target\":[\"https:\\\/\\\/www.dt-smart.com\\\/product\\\/high-quality-radar-flex-cable-replacement-for-iphone-12-featuring-durable-construction-reliable-sensor-performance-and-accurate-connector\\\/\"]}]},{\"@type\":\"ImageObject\",\"inLanguage\":\"de\",\"@id\":\"https:\\\/\\\/www.dt-smart.com\\\/product\\\/high-quality-radar-flex-cable-replacement-for-iphone-12-featuring-durable-construction-reliable-sensor-performance-and-accurate-connector\\\/#primaryimage\",\"url\":\"https:\\\/\\\/www.dt-smart.com\\\/wp-content\\\/uploads\\\/2025\\\/08\\\/12Pro-2.webp\",\"contentUrl\":\"https:\\\/\\\/www.dt-smart.com\\\/wp-content\\\/uploads\\\/2025\\\/08\\\/12Pro-2.webp\",\"width\":800,\"height\":800},{\"@type\":\"BreadcrumbList\",\"@id\":\"https:\\\/\\\/www.dt-smart.com\\\/product\\\/high-quality-radar-flex-cable-replacement-for-iphone-12-featuring-durable-construction-reliable-sensor-performance-and-accurate-connector\\\/#breadcrumb\",\"itemListElement\":[{\"@type\":\"ListItem\",\"position\":1,\"name\":\"Home\",\"item\":\"https:\\\/\\\/www.dt-smart.com\\\/\"},{\"@type\":\"ListItem\",\"position\":2,\"name\":\"Product\",\"item\":\"https:\\\/\\\/www.dt-smart.com\\\/ru\\\/product\\\/\"},{\"@type\":\"ListItem\",\"position\":3,\"name\":\"iPhone 12 LiDAR Flex Cable &#8211; Micro-Engineered Precision, Stable LiDAR &#038; Sensor Sync, MIL-Spec Reinforcement. Fast Shipping\"}]},{\"@type\":\"WebSite\",\"@id\":\"https:\\\/\\\/www.dt-smart.com\\\/#website\",\"url\":\"https:\\\/\\\/www.dt-smart.com\\\/\",\"name\":\"InsurePart\",\"description\":\"Cell Phone Repair Parts; iPhone Parts Wholesale;Samsung Parts Supplier\",\"potentialAction\":[{\"@type\":\"SearchAction\",\"target\":{\"@type\":\"EntryPoint\",\"urlTemplate\":\"https:\\\/\\\/www.dt-smart.com\\\/?s={search_term_string}\"},\"query-input\":{\"@type\":\"PropertyValueSpecification\",\"valueRequired\":true,\"valueName\":\"search_term_string\"}}],\"inLanguage\":\"de\"}]}<\/script>\n<!-- \/ Yoast SEO plugin. -->","yoast_head_json":{"title":"iPhone 12 LiDAR Flex Cable - Micro-Engineered Precision, Stable LiDAR & Sensor Sync, MIL-Spec Reinforcement. Fast Shipping - InsurePart","description":"iPhone 12 LiDAR Flex Cable - Micro-Engineered Precision, Stable LiDAR & Sensor Sync, MIL-Spec Reinforcement. Fast Shipping","robots":{"index":"index","follow":"follow","max-snippet":"max-snippet:-1","max-image-preview":"max-image-preview:large","max-video-preview":"max-video-preview:-1"},"canonical":"https:\/\/www.dt-smart.com\/de\/produkt\/high-quality-radar-flex-cable-replacement-for-iphone-12-featuring-durable-construction-reliable-sensor-performance-and-accurate-connector\/","og_locale":"de_DE","og_type":"article","og_title":"iPhone 12 LiDAR Flex Cable - Micro-Engineered Precision, Stable LiDAR & Sensor Sync, MIL-Spec Reinforcement. Fast Shipping - InsurePart","og_description":"iPhone 12 LiDAR Flex Cable - Micro-Engineered Precision, Stable LiDAR & Sensor Sync, MIL-Spec Reinforcement. Fast Shipping","og_url":"https:\/\/www.dt-smart.com\/de\/produkt\/high-quality-radar-flex-cable-replacement-for-iphone-12-featuring-durable-construction-reliable-sensor-performance-and-accurate-connector\/","og_site_name":"InsurePart","article_publisher":"https:\/\/www.facebook.com\/anjinleeEva","article_modified_time":"2026-01-13T02:58:15+00:00","og_image":[{"width":800,"height":800,"url":"https:\/\/www.dt-smart.com\/wp-content\/uploads\/2025\/08\/12Pro-2.webp","type":"image\/webp"}],"twitter_card":"summary_large_image","twitter_misc":{"Gesch\u00e4tzte Lesezeit":"1\u00a0Minute"},"schema":{"@context":"https:\/\/schema.org","@graph":[{"@type":"WebPage","@id":"https:\/\/www.dt-smart.com\/product\/high-quality-radar-flex-cable-replacement-for-iphone-12-featuring-durable-construction-reliable-sensor-performance-and-accurate-connector\/","url":"https:\/\/www.dt-smart.com\/product\/high-quality-radar-flex-cable-replacement-for-iphone-12-featuring-durable-construction-reliable-sensor-performance-and-accurate-connector\/","name":"iPhone 12 LiDAR Flex Cable - Micro-Engineered Precision, Stable LiDAR & Sensor Sync, MIL-Spec Reinforcement. Fast Shipping - InsurePart","isPartOf":{"@id":"https:\/\/www.dt-smart.com\/#website"},"primaryImageOfPage":{"@id":"https:\/\/www.dt-smart.com\/product\/high-quality-radar-flex-cable-replacement-for-iphone-12-featuring-durable-construction-reliable-sensor-performance-and-accurate-connector\/#primaryimage"},"image":{"@id":"https:\/\/www.dt-smart.com\/product\/high-quality-radar-flex-cable-replacement-for-iphone-12-featuring-durable-construction-reliable-sensor-performance-and-accurate-connector\/#primaryimage"},"thumbnailUrl":"https:\/\/www.dt-smart.com\/wp-content\/uploads\/2025\/08\/12Pro-2.webp","datePublished":"2025-08-22T02:11:54+00:00","dateModified":"2026-01-13T02:58:15+00:00","description":"iPhone 12 LiDAR Flex Cable - Micro-Engineered Precision, Stable LiDAR & Sensor Sync, MIL-Spec Reinforcement. Fast Shipping","breadcrumb":{"@id":"https:\/\/www.dt-smart.com\/product\/high-quality-radar-flex-cable-replacement-for-iphone-12-featuring-durable-construction-reliable-sensor-performance-and-accurate-connector\/#breadcrumb"},"inLanguage":"de","potentialAction":[{"@type":"ReadAction","target":["https:\/\/www.dt-smart.com\/product\/high-quality-radar-flex-cable-replacement-for-iphone-12-featuring-durable-construction-reliable-sensor-performance-and-accurate-connector\/"]}]},{"@type":"ImageObject","inLanguage":"de","@id":"https:\/\/www.dt-smart.com\/product\/high-quality-radar-flex-cable-replacement-for-iphone-12-featuring-durable-construction-reliable-sensor-performance-and-accurate-connector\/#primaryimage","url":"https:\/\/www.dt-smart.com\/wp-content\/uploads\/2025\/08\/12Pro-2.webp","contentUrl":"https:\/\/www.dt-smart.com\/wp-content\/uploads\/2025\/08\/12Pro-2.webp","width":800,"height":800},{"@type":"BreadcrumbList","@id":"https:\/\/www.dt-smart.com\/product\/high-quality-radar-flex-cable-replacement-for-iphone-12-featuring-durable-construction-reliable-sensor-performance-and-accurate-connector\/#breadcrumb","itemListElement":[{"@type":"ListItem","position":1,"name":"Home","item":"https:\/\/www.dt-smart.com\/"},{"@type":"ListItem","position":2,"name":"Product","item":"https:\/\/www.dt-smart.com\/ru\/product\/"},{"@type":"ListItem","position":3,"name":"iPhone 12 LiDAR Flex Cable &#8211; Micro-Engineered Precision, Stable LiDAR &#038; Sensor Sync, MIL-Spec Reinforcement. Fast Shipping"}]},{"@type":"WebSite","@id":"https:\/\/www.dt-smart.com\/#website","url":"https:\/\/www.dt-smart.com\/","name":"InsurePart","description":"Handy-Ersatzteile; iPhone-Ersatzteile im Gro\u00dfhandel; Samsung-Ersatzteillieferant","potentialAction":[{"@type":"SearchAction","target":{"@type":"EntryPoint","urlTemplate":"https:\/\/www.dt-smart.com\/?s={search_term_string}"},"query-input":{"@type":"PropertyValueSpecification","valueRequired":true,"valueName":"search_term_string"}}],"inLanguage":"de"}]}},"_links":{"self":[{"href":"https:\/\/www.dt-smart.com\/de\/wp-json\/wp\/v2\/product\/22004","targetHints":{"allow":["GET"]}}],"collection":[{"href":"https:\/\/www.dt-smart.com\/de\/wp-json\/wp\/v2\/product"}],"about":[{"href":"https:\/\/www.dt-smart.com\/de\/wp-json\/wp\/v2\/types\/product"}],"replies":[{"embeddable":true,"href":"https:\/\/www.dt-smart.com\/de\/wp-json\/wp\/v2\/comments?post=22004"}],"version-history":[{"count":5,"href":"https:\/\/www.dt-smart.com\/de\/wp-json\/wp\/v2\/product\/22004\/revisions"}],"predecessor-version":[{"id":24645,"href":"https:\/\/www.dt-smart.com\/de\/wp-json\/wp\/v2\/product\/22004\/revisions\/24645"}],"wp:featuredmedia":[{"embeddable":true,"href":"https:\/\/www.dt-smart.com\/de\/wp-json\/wp\/v2\/media\/22012"}],"wp:attachment":[{"href":"https:\/\/www.dt-smart.com\/de\/wp-json\/wp\/v2\/media?parent=22004"}],"wp:term":[{"taxonomy":"product_brand","embeddable":true,"href":"https:\/\/www.dt-smart.com\/de\/wp-json\/wp\/v2\/product_brand?post=22004"},{"taxonomy":"product_cat","embeddable":true,"href":"https:\/\/www.dt-smart.com\/de\/wp-json\/wp\/v2\/product_cat?post=22004"},{"taxonomy":"product_tag","embeddable":true,"href":"https:\/\/www.dt-smart.com\/de\/wp-json\/wp\/v2\/product_tag?post=22004"}],"curies":[{"name":"wp","href":"https:\/\/api.w.org\/{rel}","templated":true}]}}