{"id":22038,"date":"2025-08-22T10:47:10","date_gmt":"2025-08-22T02:47:10","guid":{"rendered":"https:\/\/www.insurepart.com\/?post_type=product&#038;p=22038"},"modified":"2026-01-13T10:49:41","modified_gmt":"2026-01-13T02:49:41","slug":"reliable-radar-flex-cable-replacement-for-iphone-15-featuring-durable-materials-accurate-connector-and-stable-sensor-performance","status":"publish","type":"product","link":"https:\/\/www.dt-smart.com\/de\/produkt\/reliable-radar-flex-cable-replacement-for-iphone-15-featuring-durable-materials-accurate-connector-and-stable-sensor-performance\/","title":{"rendered":"iPhone 15 LiDAR Flexkabel \u2013 Graphen-optimierter Signalweg, selbstheilende Nano-Verbindung, unbegrenzte Biegefestigkeit. Schneller Versand"},"content":{"rendered":"<p style=\"text-align: center;\"><img fetchpriority=\"high\" decoding=\"async\" class=\"alignnone size-full wp-image-15567\" src=\"https:\/\/www.insurepart.com\/wp-content\/uploads\/2024\/08\/\u4e3a\u4ec0\u4e48\u9009\u62e9\u6211\u4eec22.webp\" alt=\"\" width=\"1000\" height=\"786\" srcset=\"https:\/\/www.dt-smart.com\/wp-content\/uploads\/2024\/08\/\u4e3a\u4ec0\u4e48\u9009\u62e9\u6211\u4eec22.webp 1000w, https:\/\/www.dt-smart.com\/wp-content\/uploads\/2024\/08\/\u4e3a\u4ec0\u4e48\u9009\u62e9\u6211\u4eec22-300x236.webp 300w, https:\/\/www.dt-smart.com\/wp-content\/uploads\/2024\/08\/\u4e3a\u4ec0\u4e48\u9009\u62e9\u6211\u4eec22-150x118.webp 150w, https:\/\/www.dt-smart.com\/wp-content\/uploads\/2024\/08\/\u4e3a\u4ec0\u4e48\u9009\u62e9\u6211\u4eec22-800x629.webp 800w, https:\/\/www.dt-smart.com\/wp-content\/uploads\/2024\/08\/\u4e3a\u4ec0\u4e48\u9009\u62e9\u6211\u4eec22-768x604.webp 768w, https:\/\/www.dt-smart.com\/wp-content\/uploads\/2024\/08\/\u4e3a\u4ec0\u4e48\u9009\u62e9\u6211\u4eec22-15x12.webp 15w\" sizes=\"(max-width: 1000px) 100vw, 1000px\" \/><\/p>","protected":false},"excerpt":{"rendered":"<p><span style=\"font-size: 10pt;\">Dieses f\u00fcr das iPhone 15 entwickelte Radar-Flexkabel stellt die Radarfunktion wieder her, wenn das Originalteil defekt ist. Es besteht aus hochwertigen Materialien und gew\u00e4hrleistet eine gleichbleibende und stabile Sensorleistung. Der Stecker ist f\u00fcr sicheren Halt und pr\u00e4zise Installation konstruiert und minimiert so das Risiko einer fehlerhaften Sensorausrichtung. Dank seines schlanken Designs f\u00fcgt er sich nahtlos in das interne System des iPhone 15 ein. Die Installation erfordert Fachkenntnisse und das richtige Werkzeug und ist daher ideal f\u00fcr erfahrene Techniker. Der Austausch des defekten Radar-Flexkabels behebt Probleme wie ungenaue Messwerte, Funktionsst\u00f6rungen oder Sensorfehler. Dieses Ersatzteil bietet eine kosteng\u00fcnstige und umweltfreundliche L\u00f6sung, um die Nutzungsdauer Ihres iPhone 15 zu verl\u00e4ngern.<\/span><\/p>","protected":false},"featured_media":22022,"comment_status":"open","ping_status":"closed","template":"","meta":[],"product_brand":[],"product_cat":[42,55],"product_tag":[],"class_list":{"0":"post-22038","1":"product","2":"type-product","3":"status-publish","4":"has-post-thumbnail","6":"product_cat-iphone","7":"product_cat-iphone-15","9":"first","10":"instock","11":"taxable","12":"shipping-taxable","13":"purchasable","14":"product-type-simple"},"yoast_head":"<!-- This site is optimized with the Yoast SEO plugin v27.4 - https:\/\/yoast.com\/product\/yoast-seo-wordpress\/ -->\n<title>iPhone 15 LiDAR Flex Cable - Graphene-Optimized Signal Path, Self-Healing Nano-Junction, Infinite Flex Endurance. Fast Shipping - InsurePart<\/title>\n<meta name=\"description\" content=\"iPhone 15 LiDAR Flex Cable - Graphene-Optimized Signal Path, Self-Healing Nano-Junction, Infinite Flex Endurance. Fast Shipping\" \/>\n<meta name=\"robots\" content=\"index, follow, max-snippet:-1, max-image-preview:large, max-video-preview:-1\" \/>\n<link rel=\"canonical\" href=\"https:\/\/www.dt-smart.com\/de\/produkt\/reliable-radar-flex-cable-replacement-for-iphone-15-featuring-durable-materials-accurate-connector-and-stable-sensor-performance\/\" \/>\n<meta property=\"og:locale\" content=\"de_DE\" \/>\n<meta property=\"og:type\" content=\"article\" \/>\n<meta property=\"og:title\" content=\"iPhone 15 LiDAR Flex Cable - Graphene-Optimized Signal Path, Self-Healing Nano-Junction, Infinite Flex Endurance. Fast Shipping - InsurePart\" \/>\n<meta property=\"og:description\" content=\"iPhone 15 LiDAR Flex Cable - Graphene-Optimized Signal Path, Self-Healing Nano-Junction, Infinite Flex Endurance. Fast Shipping\" \/>\n<meta property=\"og:url\" content=\"https:\/\/www.dt-smart.com\/de\/produkt\/reliable-radar-flex-cable-replacement-for-iphone-15-featuring-durable-materials-accurate-connector-and-stable-sensor-performance\/\" \/>\n<meta property=\"og:site_name\" content=\"InsurePart\" \/>\n<meta property=\"article:publisher\" content=\"https:\/\/www.facebook.com\/anjinleeEva\" \/>\n<meta property=\"article:modified_time\" content=\"2026-01-13T02:49:41+00:00\" \/>\n<meta property=\"og:image\" content=\"https:\/\/www.dt-smart.com\/wp-content\/uploads\/2025\/08\/15Pro-2-3.webp\" \/>\n\t<meta property=\"og:image:width\" content=\"800\" \/>\n\t<meta property=\"og:image:height\" content=\"800\" \/>\n\t<meta property=\"og:image:type\" content=\"image\/webp\" \/>\n<meta name=\"twitter:card\" content=\"summary_large_image\" \/>\n<meta name=\"twitter:label1\" content=\"Gesch\u00e4tzte Lesezeit\" \/>\n\t<meta name=\"twitter:data1\" content=\"1\u00a0Minute\" \/>\n<script type=\"application\/ld+json\" class=\"yoast-schema-graph\">{\"@context\":\"https:\\\/\\\/schema.org\",\"@graph\":[{\"@type\":\"WebPage\",\"@id\":\"https:\\\/\\\/www.dt-smart.com\\\/product\\\/reliable-radar-flex-cable-replacement-for-iphone-15-featuring-durable-materials-accurate-connector-and-stable-sensor-performance\\\/\",\"url\":\"https:\\\/\\\/www.dt-smart.com\\\/product\\\/reliable-radar-flex-cable-replacement-for-iphone-15-featuring-durable-materials-accurate-connector-and-stable-sensor-performance\\\/\",\"name\":\"iPhone 15 LiDAR Flex Cable - Graphene-Optimized Signal Path, Self-Healing Nano-Junction, Infinite Flex Endurance. Fast Shipping - InsurePart\",\"isPartOf\":{\"@id\":\"https:\\\/\\\/www.dt-smart.com\\\/#website\"},\"primaryImageOfPage\":{\"@id\":\"https:\\\/\\\/www.dt-smart.com\\\/product\\\/reliable-radar-flex-cable-replacement-for-iphone-15-featuring-durable-materials-accurate-connector-and-stable-sensor-performance\\\/#primaryimage\"},\"image\":{\"@id\":\"https:\\\/\\\/www.dt-smart.com\\\/product\\\/reliable-radar-flex-cable-replacement-for-iphone-15-featuring-durable-materials-accurate-connector-and-stable-sensor-performance\\\/#primaryimage\"},\"thumbnailUrl\":\"https:\\\/\\\/www.dt-smart.com\\\/wp-content\\\/uploads\\\/2025\\\/08\\\/15Pro-2-3.webp\",\"datePublished\":\"2025-08-22T02:47:10+00:00\",\"dateModified\":\"2026-01-13T02:49:41+00:00\",\"description\":\"iPhone 15 LiDAR Flex Cable - Graphene-Optimized Signal Path, Self-Healing Nano-Junction, Infinite Flex Endurance. Fast Shipping\",\"breadcrumb\":{\"@id\":\"https:\\\/\\\/www.dt-smart.com\\\/product\\\/reliable-radar-flex-cable-replacement-for-iphone-15-featuring-durable-materials-accurate-connector-and-stable-sensor-performance\\\/#breadcrumb\"},\"inLanguage\":\"de\",\"potentialAction\":[{\"@type\":\"ReadAction\",\"target\":[\"https:\\\/\\\/www.dt-smart.com\\\/product\\\/reliable-radar-flex-cable-replacement-for-iphone-15-featuring-durable-materials-accurate-connector-and-stable-sensor-performance\\\/\"]}]},{\"@type\":\"ImageObject\",\"inLanguage\":\"de\",\"@id\":\"https:\\\/\\\/www.dt-smart.com\\\/product\\\/reliable-radar-flex-cable-replacement-for-iphone-15-featuring-durable-materials-accurate-connector-and-stable-sensor-performance\\\/#primaryimage\",\"url\":\"https:\\\/\\\/www.dt-smart.com\\\/wp-content\\\/uploads\\\/2025\\\/08\\\/15Pro-2-3.webp\",\"contentUrl\":\"https:\\\/\\\/www.dt-smart.com\\\/wp-content\\\/uploads\\\/2025\\\/08\\\/15Pro-2-3.webp\",\"width\":800,\"height\":800},{\"@type\":\"BreadcrumbList\",\"@id\":\"https:\\\/\\\/www.dt-smart.com\\\/product\\\/reliable-radar-flex-cable-replacement-for-iphone-15-featuring-durable-materials-accurate-connector-and-stable-sensor-performance\\\/#breadcrumb\",\"itemListElement\":[{\"@type\":\"ListItem\",\"position\":1,\"name\":\"Home\",\"item\":\"https:\\\/\\\/www.dt-smart.com\\\/\"},{\"@type\":\"ListItem\",\"position\":2,\"name\":\"Product\",\"item\":\"https:\\\/\\\/www.dt-smart.com\\\/ru\\\/product\\\/\"},{\"@type\":\"ListItem\",\"position\":3,\"name\":\"iPhone 15 LiDAR Flex Cable &#8211; Graphene-Optimized Signal Path, Self-Healing Nano-Junction, Infinite Flex Endurance. Fast Shipping\"}]},{\"@type\":\"WebSite\",\"@id\":\"https:\\\/\\\/www.dt-smart.com\\\/#website\",\"url\":\"https:\\\/\\\/www.dt-smart.com\\\/\",\"name\":\"InsurePart\",\"description\":\"Cell Phone Repair Parts; iPhone Parts Wholesale;Samsung Parts Supplier\",\"potentialAction\":[{\"@type\":\"SearchAction\",\"target\":{\"@type\":\"EntryPoint\",\"urlTemplate\":\"https:\\\/\\\/www.dt-smart.com\\\/?s={search_term_string}\"},\"query-input\":{\"@type\":\"PropertyValueSpecification\",\"valueRequired\":true,\"valueName\":\"search_term_string\"}}],\"inLanguage\":\"de\"}]}<\/script>\n<!-- \/ Yoast SEO plugin. -->","yoast_head_json":{"title":"iPhone 15 LiDAR Flex Cable - Graphene-Optimized Signal Path, Self-Healing Nano-Junction, Infinite Flex Endurance. Fast Shipping - InsurePart","description":"iPhone 15 LiDAR Flex Cable - Graphene-Optimized Signal Path, Self-Healing Nano-Junction, Infinite Flex Endurance. Fast Shipping","robots":{"index":"index","follow":"follow","max-snippet":"max-snippet:-1","max-image-preview":"max-image-preview:large","max-video-preview":"max-video-preview:-1"},"canonical":"https:\/\/www.dt-smart.com\/de\/produkt\/reliable-radar-flex-cable-replacement-for-iphone-15-featuring-durable-materials-accurate-connector-and-stable-sensor-performance\/","og_locale":"de_DE","og_type":"article","og_title":"iPhone 15 LiDAR Flex Cable - Graphene-Optimized Signal Path, Self-Healing Nano-Junction, Infinite Flex Endurance. Fast Shipping - InsurePart","og_description":"iPhone 15 LiDAR Flex Cable - Graphene-Optimized Signal Path, Self-Healing Nano-Junction, Infinite Flex Endurance. Fast Shipping","og_url":"https:\/\/www.dt-smart.com\/de\/produkt\/reliable-radar-flex-cable-replacement-for-iphone-15-featuring-durable-materials-accurate-connector-and-stable-sensor-performance\/","og_site_name":"InsurePart","article_publisher":"https:\/\/www.facebook.com\/anjinleeEva","article_modified_time":"2026-01-13T02:49:41+00:00","og_image":[{"width":800,"height":800,"url":"https:\/\/www.dt-smart.com\/wp-content\/uploads\/2025\/08\/15Pro-2-3.webp","type":"image\/webp"}],"twitter_card":"summary_large_image","twitter_misc":{"Gesch\u00e4tzte Lesezeit":"1\u00a0Minute"},"schema":{"@context":"https:\/\/schema.org","@graph":[{"@type":"WebPage","@id":"https:\/\/www.dt-smart.com\/product\/reliable-radar-flex-cable-replacement-for-iphone-15-featuring-durable-materials-accurate-connector-and-stable-sensor-performance\/","url":"https:\/\/www.dt-smart.com\/product\/reliable-radar-flex-cable-replacement-for-iphone-15-featuring-durable-materials-accurate-connector-and-stable-sensor-performance\/","name":"iPhone 15 LiDAR Flex Cable - Graphene-Optimized Signal Path, Self-Healing Nano-Junction, Infinite Flex Endurance. Fast Shipping - InsurePart","isPartOf":{"@id":"https:\/\/www.dt-smart.com\/#website"},"primaryImageOfPage":{"@id":"https:\/\/www.dt-smart.com\/product\/reliable-radar-flex-cable-replacement-for-iphone-15-featuring-durable-materials-accurate-connector-and-stable-sensor-performance\/#primaryimage"},"image":{"@id":"https:\/\/www.dt-smart.com\/product\/reliable-radar-flex-cable-replacement-for-iphone-15-featuring-durable-materials-accurate-connector-and-stable-sensor-performance\/#primaryimage"},"thumbnailUrl":"https:\/\/www.dt-smart.com\/wp-content\/uploads\/2025\/08\/15Pro-2-3.webp","datePublished":"2025-08-22T02:47:10+00:00","dateModified":"2026-01-13T02:49:41+00:00","description":"iPhone 15 LiDAR Flex Cable - Graphene-Optimized Signal Path, Self-Healing Nano-Junction, Infinite Flex Endurance. Fast Shipping","breadcrumb":{"@id":"https:\/\/www.dt-smart.com\/product\/reliable-radar-flex-cable-replacement-for-iphone-15-featuring-durable-materials-accurate-connector-and-stable-sensor-performance\/#breadcrumb"},"inLanguage":"de","potentialAction":[{"@type":"ReadAction","target":["https:\/\/www.dt-smart.com\/product\/reliable-radar-flex-cable-replacement-for-iphone-15-featuring-durable-materials-accurate-connector-and-stable-sensor-performance\/"]}]},{"@type":"ImageObject","inLanguage":"de","@id":"https:\/\/www.dt-smart.com\/product\/reliable-radar-flex-cable-replacement-for-iphone-15-featuring-durable-materials-accurate-connector-and-stable-sensor-performance\/#primaryimage","url":"https:\/\/www.dt-smart.com\/wp-content\/uploads\/2025\/08\/15Pro-2-3.webp","contentUrl":"https:\/\/www.dt-smart.com\/wp-content\/uploads\/2025\/08\/15Pro-2-3.webp","width":800,"height":800},{"@type":"BreadcrumbList","@id":"https:\/\/www.dt-smart.com\/product\/reliable-radar-flex-cable-replacement-for-iphone-15-featuring-durable-materials-accurate-connector-and-stable-sensor-performance\/#breadcrumb","itemListElement":[{"@type":"ListItem","position":1,"name":"Home","item":"https:\/\/www.dt-smart.com\/"},{"@type":"ListItem","position":2,"name":"Product","item":"https:\/\/www.dt-smart.com\/ru\/product\/"},{"@type":"ListItem","position":3,"name":"iPhone 15 LiDAR Flex Cable &#8211; Graphene-Optimized Signal Path, Self-Healing Nano-Junction, Infinite Flex Endurance. Fast Shipping"}]},{"@type":"WebSite","@id":"https:\/\/www.dt-smart.com\/#website","url":"https:\/\/www.dt-smart.com\/","name":"InsurePart","description":"Handy-Ersatzteile; iPhone-Ersatzteile im Gro\u00dfhandel; Samsung-Ersatzteillieferant","potentialAction":[{"@type":"SearchAction","target":{"@type":"EntryPoint","urlTemplate":"https:\/\/www.dt-smart.com\/?s={search_term_string}"},"query-input":{"@type":"PropertyValueSpecification","valueRequired":true,"valueName":"search_term_string"}}],"inLanguage":"de"}]}},"_links":{"self":[{"href":"https:\/\/www.dt-smart.com\/de\/wp-json\/wp\/v2\/product\/22038","targetHints":{"allow":["GET"]}}],"collection":[{"href":"https:\/\/www.dt-smart.com\/de\/wp-json\/wp\/v2\/product"}],"about":[{"href":"https:\/\/www.dt-smart.com\/de\/wp-json\/wp\/v2\/types\/product"}],"replies":[{"embeddable":true,"href":"https:\/\/www.dt-smart.com\/de\/wp-json\/wp\/v2\/comments?post=22038"}],"version-history":[{"count":4,"href":"https:\/\/www.dt-smart.com\/de\/wp-json\/wp\/v2\/product\/22038\/revisions"}],"predecessor-version":[{"id":24635,"href":"https:\/\/www.dt-smart.com\/de\/wp-json\/wp\/v2\/product\/22038\/revisions\/24635"}],"wp:featuredmedia":[{"embeddable":true,"href":"https:\/\/www.dt-smart.com\/de\/wp-json\/wp\/v2\/media\/22022"}],"wp:attachment":[{"href":"https:\/\/www.dt-smart.com\/de\/wp-json\/wp\/v2\/media?parent=22038"}],"wp:term":[{"taxonomy":"product_brand","embeddable":true,"href":"https:\/\/www.dt-smart.com\/de\/wp-json\/wp\/v2\/product_brand?post=22038"},{"taxonomy":"product_cat","embeddable":true,"href":"https:\/\/www.dt-smart.com\/de\/wp-json\/wp\/v2\/product_cat?post=22038"},{"taxonomy":"product_tag","embeddable":true,"href":"https:\/\/www.dt-smart.com\/de\/wp-json\/wp\/v2\/product_tag?post=22038"}],"curies":[{"name":"wp","href":"https:\/\/api.w.org\/{rel}","templated":true}]}}