{"id":22043,"date":"2025-08-22T11:10:04","date_gmt":"2025-08-22T03:10:04","guid":{"rendered":"https:\/\/www.insurepart.com\/?post_type=product&#038;p=22043"},"modified":"2026-01-13T10:45:31","modified_gmt":"2026-01-13T02:45:31","slug":"high-quality-proximity-sensor-flex-cable-replacement-for-iphone-x-featuring-durable-materials-and-precise-connector","status":"publish","type":"product","link":"https:\/\/www.dt-smart.com\/de\/produkt\/high-quality-proximity-sensor-flex-cable-replacement-for-iphone-x-featuring-durable-materials-and-precise-connector\/","title":{"rendered":"iPhone X N\u00e4herungssensor-Flexkabel \u2013 Originalkalibrierung, zuverl\u00e4ssige Anrufe und automatische Helligkeitsanpassung, korrosionsbest\u00e4ndiger Stecker. Schneller Versand."},"content":{"rendered":"<p style=\"text-align: center;\"><img fetchpriority=\"high\" decoding=\"async\" class=\"alignnone size-full wp-image-15567\" src=\"https:\/\/www.insurepart.com\/wp-content\/uploads\/2024\/08\/\u4e3a\u4ec0\u4e48\u9009\u62e9\u6211\u4eec22.webp\" alt=\"\" width=\"1000\" height=\"786\" srcset=\"https:\/\/www.dt-smart.com\/wp-content\/uploads\/2024\/08\/\u4e3a\u4ec0\u4e48\u9009\u62e9\u6211\u4eec22.webp 1000w, https:\/\/www.dt-smart.com\/wp-content\/uploads\/2024\/08\/\u4e3a\u4ec0\u4e48\u9009\u62e9\u6211\u4eec22-300x236.webp 300w, https:\/\/www.dt-smart.com\/wp-content\/uploads\/2024\/08\/\u4e3a\u4ec0\u4e48\u9009\u62e9\u6211\u4eec22-150x118.webp 150w, https:\/\/www.dt-smart.com\/wp-content\/uploads\/2024\/08\/\u4e3a\u4ec0\u4e48\u9009\u62e9\u6211\u4eec22-800x629.webp 800w, https:\/\/www.dt-smart.com\/wp-content\/uploads\/2024\/08\/\u4e3a\u4ec0\u4e48\u9009\u62e9\u6211\u4eec22-768x604.webp 768w, https:\/\/www.dt-smart.com\/wp-content\/uploads\/2024\/08\/\u4e3a\u4ec0\u4e48\u9009\u62e9\u6211\u4eec22-15x12.webp 15w\" sizes=\"(max-width: 1000px) 100vw, 1000px\" \/><\/p>","protected":false},"excerpt":{"rendered":"<p><span style=\"font-size: 10pt;\">Dieses Flexkabel f\u00fcr den N\u00e4herungssensor ist speziell f\u00fcr das iPhone X entwickelt und stellt die Funktion des Sensors wieder her, wenn das Originalteil defekt ist. Es besteht aus robusten und flexiblen Materialien und gew\u00e4hrleistet so eine lange Lebensdauer und einen stabilen Betrieb. Der Stecker ist pr\u00e4zise gefertigt und sorgt f\u00fcr einen sicheren Sitz und zuverl\u00e4ssige Sensorfunktion. Dank seines schlanken Designs f\u00fcgt er sich nahtlos in das Innere des iPhone X ein. Die Installation erfordert Fachkenntnisse und Werkzeug und ist daher nur f\u00fcr Techniker oder erfahrene Anwender geeignet. Durch den Austausch dieses defekten Flexkabels lassen sich Probleme wie beispielsweise ein nicht ausschaltender Bildschirm w\u00e4hrend Anrufen, Touchscreen-Fehlfunktionen oder Sensorfehler beheben. Dieses Ersatzkabel bietet eine kosteng\u00fcnstige und umweltfreundliche L\u00f6sung, um die Nutzungsdauer Ihres iPhone X zu verl\u00e4ngern.<\/span><\/p>","protected":false},"featured_media":22056,"comment_status":"open","ping_status":"closed","template":"","meta":[],"product_brand":[],"product_cat":[42,107],"product_tag":[],"class_list":{"0":"post-22043","1":"product","2":"type-product","3":"status-publish","4":"has-post-thumbnail","6":"product_cat-iphone","7":"product_cat-iphone-x","9":"first","10":"instock","11":"taxable","12":"shipping-taxable","13":"purchasable","14":"product-type-simple"},"yoast_head":"<!-- This site is optimized with the Yoast SEO plugin v27.4 - https:\/\/yoast.com\/product\/yoast-seo-wordpress\/ -->\n<title>iPhone X Proximity Sensor Flex Cable - Original-Grade Calibration, Reliable Call &amp; Auto-Brightness, Anti-Corrosion Connector. Fast Shipping - InsurePart<\/title>\n<meta name=\"description\" content=\"iPhone X Proximity Sensor Flex Cable - Original-Grade Calibration, Reliable Call &amp; Auto-Brightness, Anti-Corrosion Connector. Fast Shipping\" \/>\n<meta name=\"robots\" content=\"index, follow, max-snippet:-1, max-image-preview:large, max-video-preview:-1\" \/>\n<link rel=\"canonical\" href=\"https:\/\/www.dt-smart.com\/de\/produkt\/high-quality-proximity-sensor-flex-cable-replacement-for-iphone-x-featuring-durable-materials-and-precise-connector\/\" \/>\n<meta property=\"og:locale\" content=\"de_DE\" \/>\n<meta property=\"og:type\" content=\"article\" \/>\n<meta property=\"og:title\" content=\"iPhone X Proximity Sensor Flex Cable - Original-Grade Calibration, Reliable Call &amp; Auto-Brightness, Anti-Corrosion Connector. Fast Shipping - InsurePart\" \/>\n<meta property=\"og:description\" content=\"iPhone X Proximity Sensor Flex Cable - Original-Grade Calibration, Reliable Call &amp; Auto-Brightness, Anti-Corrosion Connector. Fast Shipping\" \/>\n<meta property=\"og:url\" content=\"https:\/\/www.dt-smart.com\/de\/produkt\/high-quality-proximity-sensor-flex-cable-replacement-for-iphone-x-featuring-durable-materials-and-precise-connector\/\" \/>\n<meta property=\"og:site_name\" content=\"InsurePart\" \/>\n<meta property=\"article:publisher\" content=\"https:\/\/www.facebook.com\/anjinleeEva\" \/>\n<meta property=\"article:modified_time\" content=\"2026-01-13T02:45:31+00:00\" \/>\n<meta property=\"og:image\" content=\"https:\/\/www.dt-smart.com\/wp-content\/uploads\/2025\/08\/X-1-5.webp\" \/>\n\t<meta property=\"og:image:width\" content=\"800\" \/>\n\t<meta property=\"og:image:height\" content=\"800\" \/>\n\t<meta property=\"og:image:type\" content=\"image\/webp\" \/>\n<meta name=\"twitter:card\" content=\"summary_large_image\" \/>\n<meta name=\"twitter:label1\" content=\"Gesch\u00e4tzte Lesezeit\" \/>\n\t<meta name=\"twitter:data1\" content=\"1\u00a0Minute\" \/>\n<script type=\"application\/ld+json\" class=\"yoast-schema-graph\">{\"@context\":\"https:\\\/\\\/schema.org\",\"@graph\":[{\"@type\":\"WebPage\",\"@id\":\"https:\\\/\\\/www.dt-smart.com\\\/de\\\/produkt\\\/high-quality-proximity-sensor-flex-cable-replacement-for-iphone-x-featuring-durable-materials-and-precise-connector\\\/\",\"url\":\"https:\\\/\\\/www.dt-smart.com\\\/de\\\/produkt\\\/high-quality-proximity-sensor-flex-cable-replacement-for-iphone-x-featuring-durable-materials-and-precise-connector\\\/\",\"name\":\"iPhone X Proximity Sensor Flex Cable - Original-Grade Calibration, Reliable Call & Auto-Brightness, Anti-Corrosion Connector. Fast Shipping - InsurePart\",\"isPartOf\":{\"@id\":\"https:\\\/\\\/www.dt-smart.com\\\/#website\"},\"primaryImageOfPage\":{\"@id\":\"https:\\\/\\\/www.dt-smart.com\\\/de\\\/produkt\\\/high-quality-proximity-sensor-flex-cable-replacement-for-iphone-x-featuring-durable-materials-and-precise-connector\\\/#primaryimage\"},\"image\":{\"@id\":\"https:\\\/\\\/www.dt-smart.com\\\/de\\\/produkt\\\/high-quality-proximity-sensor-flex-cable-replacement-for-iphone-x-featuring-durable-materials-and-precise-connector\\\/#primaryimage\"},\"thumbnailUrl\":\"https:\\\/\\\/www.dt-smart.com\\\/wp-content\\\/uploads\\\/2025\\\/08\\\/X-1-5.webp\",\"datePublished\":\"2025-08-22T03:10:04+00:00\",\"dateModified\":\"2026-01-13T02:45:31+00:00\",\"description\":\"iPhone X Proximity Sensor Flex Cable - Original-Grade Calibration, Reliable Call & Auto-Brightness, Anti-Corrosion Connector. Fast Shipping\",\"breadcrumb\":{\"@id\":\"https:\\\/\\\/www.dt-smart.com\\\/de\\\/produkt\\\/high-quality-proximity-sensor-flex-cable-replacement-for-iphone-x-featuring-durable-materials-and-precise-connector\\\/#breadcrumb\"},\"inLanguage\":\"de\",\"potentialAction\":[{\"@type\":\"ReadAction\",\"target\":[\"https:\\\/\\\/www.dt-smart.com\\\/de\\\/produkt\\\/high-quality-proximity-sensor-flex-cable-replacement-for-iphone-x-featuring-durable-materials-and-precise-connector\\\/\"]}]},{\"@type\":\"ImageObject\",\"inLanguage\":\"de\",\"@id\":\"https:\\\/\\\/www.dt-smart.com\\\/de\\\/produkt\\\/high-quality-proximity-sensor-flex-cable-replacement-for-iphone-x-featuring-durable-materials-and-precise-connector\\\/#primaryimage\",\"url\":\"https:\\\/\\\/www.dt-smart.com\\\/wp-content\\\/uploads\\\/2025\\\/08\\\/X-1-5.webp\",\"contentUrl\":\"https:\\\/\\\/www.dt-smart.com\\\/wp-content\\\/uploads\\\/2025\\\/08\\\/X-1-5.webp\",\"width\":800,\"height\":800},{\"@type\":\"BreadcrumbList\",\"@id\":\"https:\\\/\\\/www.dt-smart.com\\\/de\\\/produkt\\\/high-quality-proximity-sensor-flex-cable-replacement-for-iphone-x-featuring-durable-materials-and-precise-connector\\\/#breadcrumb\",\"itemListElement\":[{\"@type\":\"ListItem\",\"position\":1,\"name\":\"Home\",\"item\":\"https:\\\/\\\/www.dt-smart.com\\\/\"},{\"@type\":\"ListItem\",\"position\":2,\"name\":\"Product\",\"item\":\"https:\\\/\\\/www.dt-smart.com\\\/ru\\\/product\\\/\"},{\"@type\":\"ListItem\",\"position\":3,\"name\":\"iPhone X Proximity Sensor Flex Cable &#8211; Original-Grade Calibration, Reliable Call &#038; Auto-Brightness, Anti-Corrosion Connector. Fast Shipping\"}]},{\"@type\":\"WebSite\",\"@id\":\"https:\\\/\\\/www.dt-smart.com\\\/#website\",\"url\":\"https:\\\/\\\/www.dt-smart.com\\\/\",\"name\":\"InsurePart\",\"description\":\"Cell Phone Repair Parts; iPhone Parts Wholesale;Samsung Parts Supplier\",\"potentialAction\":[{\"@type\":\"SearchAction\",\"target\":{\"@type\":\"EntryPoint\",\"urlTemplate\":\"https:\\\/\\\/www.dt-smart.com\\\/?s={search_term_string}\"},\"query-input\":{\"@type\":\"PropertyValueSpecification\",\"valueRequired\":true,\"valueName\":\"search_term_string\"}}],\"inLanguage\":\"de\"}]}<\/script>\n<!-- \/ Yoast SEO plugin. -->","yoast_head_json":{"title":"iPhone X Proximity Sensor Flex Cable - Original-Grade Calibration, Reliable Call & Auto-Brightness, Anti-Corrosion Connector. Fast Shipping - InsurePart","description":"iPhone X Proximity Sensor Flex Cable - Original-Grade Calibration, Reliable Call & Auto-Brightness, Anti-Corrosion Connector. Fast Shipping","robots":{"index":"index","follow":"follow","max-snippet":"max-snippet:-1","max-image-preview":"max-image-preview:large","max-video-preview":"max-video-preview:-1"},"canonical":"https:\/\/www.dt-smart.com\/de\/produkt\/high-quality-proximity-sensor-flex-cable-replacement-for-iphone-x-featuring-durable-materials-and-precise-connector\/","og_locale":"de_DE","og_type":"article","og_title":"iPhone X Proximity Sensor Flex Cable - Original-Grade Calibration, Reliable Call & Auto-Brightness, Anti-Corrosion Connector. Fast Shipping - InsurePart","og_description":"iPhone X Proximity Sensor Flex Cable - Original-Grade Calibration, Reliable Call & Auto-Brightness, Anti-Corrosion Connector. Fast Shipping","og_url":"https:\/\/www.dt-smart.com\/de\/produkt\/high-quality-proximity-sensor-flex-cable-replacement-for-iphone-x-featuring-durable-materials-and-precise-connector\/","og_site_name":"InsurePart","article_publisher":"https:\/\/www.facebook.com\/anjinleeEva","article_modified_time":"2026-01-13T02:45:31+00:00","og_image":[{"width":800,"height":800,"url":"https:\/\/www.dt-smart.com\/wp-content\/uploads\/2025\/08\/X-1-5.webp","type":"image\/webp"}],"twitter_card":"summary_large_image","twitter_misc":{"Gesch\u00e4tzte Lesezeit":"1\u00a0Minute"},"schema":{"@context":"https:\/\/schema.org","@graph":[{"@type":"WebPage","@id":"https:\/\/www.dt-smart.com\/de\/produkt\/high-quality-proximity-sensor-flex-cable-replacement-for-iphone-x-featuring-durable-materials-and-precise-connector\/","url":"https:\/\/www.dt-smart.com\/de\/produkt\/high-quality-proximity-sensor-flex-cable-replacement-for-iphone-x-featuring-durable-materials-and-precise-connector\/","name":"iPhone X Proximity Sensor Flex Cable - Original-Grade Calibration, Reliable Call & Auto-Brightness, Anti-Corrosion Connector. Fast Shipping - InsurePart","isPartOf":{"@id":"https:\/\/www.dt-smart.com\/#website"},"primaryImageOfPage":{"@id":"https:\/\/www.dt-smart.com\/de\/produkt\/high-quality-proximity-sensor-flex-cable-replacement-for-iphone-x-featuring-durable-materials-and-precise-connector\/#primaryimage"},"image":{"@id":"https:\/\/www.dt-smart.com\/de\/produkt\/high-quality-proximity-sensor-flex-cable-replacement-for-iphone-x-featuring-durable-materials-and-precise-connector\/#primaryimage"},"thumbnailUrl":"https:\/\/www.dt-smart.com\/wp-content\/uploads\/2025\/08\/X-1-5.webp","datePublished":"2025-08-22T03:10:04+00:00","dateModified":"2026-01-13T02:45:31+00:00","description":"iPhone X Proximity Sensor Flex Cable - Original-Grade Calibration, Reliable Call & Auto-Brightness, Anti-Corrosion Connector. Fast Shipping","breadcrumb":{"@id":"https:\/\/www.dt-smart.com\/de\/produkt\/high-quality-proximity-sensor-flex-cable-replacement-for-iphone-x-featuring-durable-materials-and-precise-connector\/#breadcrumb"},"inLanguage":"de","potentialAction":[{"@type":"ReadAction","target":["https:\/\/www.dt-smart.com\/de\/produkt\/high-quality-proximity-sensor-flex-cable-replacement-for-iphone-x-featuring-durable-materials-and-precise-connector\/"]}]},{"@type":"ImageObject","inLanguage":"de","@id":"https:\/\/www.dt-smart.com\/de\/produkt\/high-quality-proximity-sensor-flex-cable-replacement-for-iphone-x-featuring-durable-materials-and-precise-connector\/#primaryimage","url":"https:\/\/www.dt-smart.com\/wp-content\/uploads\/2025\/08\/X-1-5.webp","contentUrl":"https:\/\/www.dt-smart.com\/wp-content\/uploads\/2025\/08\/X-1-5.webp","width":800,"height":800},{"@type":"BreadcrumbList","@id":"https:\/\/www.dt-smart.com\/de\/produkt\/high-quality-proximity-sensor-flex-cable-replacement-for-iphone-x-featuring-durable-materials-and-precise-connector\/#breadcrumb","itemListElement":[{"@type":"ListItem","position":1,"name":"Home","item":"https:\/\/www.dt-smart.com\/"},{"@type":"ListItem","position":2,"name":"Product","item":"https:\/\/www.dt-smart.com\/ru\/product\/"},{"@type":"ListItem","position":3,"name":"iPhone X Proximity Sensor Flex Cable &#8211; Original-Grade Calibration, Reliable Call &#038; Auto-Brightness, Anti-Corrosion Connector. Fast Shipping"}]},{"@type":"WebSite","@id":"https:\/\/www.dt-smart.com\/#website","url":"https:\/\/www.dt-smart.com\/","name":"InsurePart","description":"Handy-Ersatzteile; iPhone-Ersatzteile im Gro\u00dfhandel; Samsung-Ersatzteillieferant","potentialAction":[{"@type":"SearchAction","target":{"@type":"EntryPoint","urlTemplate":"https:\/\/www.dt-smart.com\/?s={search_term_string}"},"query-input":{"@type":"PropertyValueSpecification","valueRequired":true,"valueName":"search_term_string"}}],"inLanguage":"de"}]}},"_links":{"self":[{"href":"https:\/\/www.dt-smart.com\/de\/wp-json\/wp\/v2\/product\/22043","targetHints":{"allow":["GET"]}}],"collection":[{"href":"https:\/\/www.dt-smart.com\/de\/wp-json\/wp\/v2\/product"}],"about":[{"href":"https:\/\/www.dt-smart.com\/de\/wp-json\/wp\/v2\/types\/product"}],"replies":[{"embeddable":true,"href":"https:\/\/www.dt-smart.com\/de\/wp-json\/wp\/v2\/comments?post=22043"}],"version-history":[{"count":4,"href":"https:\/\/www.dt-smart.com\/de\/wp-json\/wp\/v2\/product\/22043\/revisions"}],"predecessor-version":[{"id":24632,"href":"https:\/\/www.dt-smart.com\/de\/wp-json\/wp\/v2\/product\/22043\/revisions\/24632"}],"wp:featuredmedia":[{"embeddable":true,"href":"https:\/\/www.dt-smart.com\/de\/wp-json\/wp\/v2\/media\/22056"}],"wp:attachment":[{"href":"https:\/\/www.dt-smart.com\/de\/wp-json\/wp\/v2\/media?parent=22043"}],"wp:term":[{"taxonomy":"product_brand","embeddable":true,"href":"https:\/\/www.dt-smart.com\/de\/wp-json\/wp\/v2\/product_brand?post=22043"},{"taxonomy":"product_cat","embeddable":true,"href":"https:\/\/www.dt-smart.com\/de\/wp-json\/wp\/v2\/product_cat?post=22043"},{"taxonomy":"product_tag","embeddable":true,"href":"https:\/\/www.dt-smart.com\/de\/wp-json\/wp\/v2\/product_tag?post=22043"}],"curies":[{"name":"wp","href":"https:\/\/api.w.org\/{rel}","templated":true}]}}