{"id":22176,"date":"2025-08-25T10:50:44","date_gmt":"2025-08-25T02:50:44","guid":{"rendered":"https:\/\/www.insurepart.com\/?post_type=product&#038;p=22176"},"modified":"2026-01-08T14:49:49","modified_gmt":"2026-01-08T06:49:49","slug":"premium-single-ear-speaker-for-iphone-xs-featuring-stable-performance-and-clear-audio","status":"publish","type":"product","link":"https:\/\/www.dt-smart.com\/de\/produkt\/premium-single-ear-speaker-for-iphone-xs-featuring-stable-performance-and-clear-audio\/","title":{"rendered":"iPhone XS Einzelohrlautsprecher \u2013 Stabile und verzerrungsfreie Audioausgabe, kristallklarer Klang mit verbesserter Detailwiedergabe, vibrationsd\u00e4mpfende Montage. Schneller Versand."},"content":{"rendered":"<p style=\"text-align: center;\"><img fetchpriority=\"high\" decoding=\"async\" class=\"alignnone size-full wp-image-15567\" src=\"https:\/\/www.insurepart.com\/wp-content\/uploads\/2024\/08\/\u4e3a\u4ec0\u4e48\u9009\u62e9\u6211\u4eec22.webp\" alt=\"\" width=\"1000\" height=\"786\" srcset=\"https:\/\/www.dt-smart.com\/wp-content\/uploads\/2024\/08\/\u4e3a\u4ec0\u4e48\u9009\u62e9\u6211\u4eec22.webp 1000w, https:\/\/www.dt-smart.com\/wp-content\/uploads\/2024\/08\/\u4e3a\u4ec0\u4e48\u9009\u62e9\u6211\u4eec22-300x236.webp 300w, https:\/\/www.dt-smart.com\/wp-content\/uploads\/2024\/08\/\u4e3a\u4ec0\u4e48\u9009\u62e9\u6211\u4eec22-150x118.webp 150w, https:\/\/www.dt-smart.com\/wp-content\/uploads\/2024\/08\/\u4e3a\u4ec0\u4e48\u9009\u62e9\u6211\u4eec22-800x629.webp 800w, https:\/\/www.dt-smart.com\/wp-content\/uploads\/2024\/08\/\u4e3a\u4ec0\u4e48\u9009\u62e9\u6211\u4eec22-768x604.webp 768w, https:\/\/www.dt-smart.com\/wp-content\/uploads\/2024\/08\/\u4e3a\u4ec0\u4e48\u9009\u62e9\u6211\u4eec22-15x12.webp 15w\" sizes=\"(max-width: 1000px) 100vw, 1000px\" \/><\/p>","protected":false},"excerpt":{"rendered":"<p>Der Premium-Einzelohrlautsprecher f\u00fcr das iPhone XS bietet gleichbleibend klare Audioqualit\u00e4t. Dank der Verwendung hochwertiger Materialien ist er langlebig und zuverl\u00e4ssig. Dieser Ersatzlautsprecher stellt die urspr\u00fcngliche Audiofunktion Ihres Ger\u00e4ts wieder her und sorgt f\u00fcr kristallklaren Klang bei Anrufen und Medien. Sein kompaktes Design erm\u00f6glicht eine einfache Installation und f\u00fcgt sich nahtlos in das iPhone XS ein, ohne die Funktionalit\u00e4t zu beeintr\u00e4chtigen. Der Lautsprecher liefert eine stabile Klangausgabe und ist somit ideal f\u00fcr alle, die Wert auf zuverl\u00e4ssige und hochwertige Audioleistung auf ihrem iPhone XS legen.<\/p>","protected":false},"featured_media":22141,"comment_status":"open","ping_status":"closed","template":"","meta":[],"product_brand":[],"product_cat":[42,105],"product_tag":[],"class_list":{"0":"post-22176","1":"product","2":"type-product","3":"status-publish","4":"has-post-thumbnail","6":"product_cat-iphone","7":"product_cat-iphone-xs","9":"first","10":"instock","11":"taxable","12":"shipping-taxable","13":"purchasable","14":"product-type-simple"},"yoast_head":"<!-- This site is optimized with the Yoast SEO plugin v27.4 - https:\/\/yoast.com\/product\/yoast-seo-wordpress\/ -->\n<title>iPhone XS Single Ear Speaker - Stable &amp; Distortion-Free Audio Output, Crystal-Clear Sound with Enhanced Detail, Anti-Vibration Mounting. Fast Shipping - InsurePart<\/title>\n<meta name=\"description\" content=\"Premium Single Ear Speaker for iPhone XS Featuring Stable Performance and Clear Audio\" \/>\n<meta name=\"robots\" content=\"index, follow, max-snippet:-1, max-image-preview:large, max-video-preview:-1\" \/>\n<link rel=\"canonical\" href=\"https:\/\/www.dt-smart.com\/de\/producto\/premium-single-ear-speaker-for-iphone-xs-featuring-stable-performance-and-clear-audio\/\" \/>\n<meta property=\"og:locale\" content=\"de_DE\" \/>\n<meta property=\"og:type\" content=\"article\" \/>\n<meta property=\"og:title\" content=\"iPhone XS Single Ear Speaker - Stable &amp; Distortion-Free Audio Output, Crystal-Clear Sound with Enhanced Detail, Anti-Vibration Mounting. Fast Shipping - InsurePart\" \/>\n<meta property=\"og:description\" content=\"Premium Single Ear Speaker for iPhone XS Featuring Stable Performance and Clear Audio\" \/>\n<meta property=\"og:url\" content=\"https:\/\/www.dt-smart.com\/de\/producto\/premium-single-ear-speaker-for-iphone-xs-featuring-stable-performance-and-clear-audio\/\" \/>\n<meta property=\"og:site_name\" content=\"InsurePart\" \/>\n<meta property=\"article:publisher\" content=\"https:\/\/www.facebook.com\/anjinleeEva\" \/>\n<meta property=\"article:modified_time\" content=\"2026-01-08T06:49:49+00:00\" \/>\n<meta property=\"og:image\" content=\"https:\/\/www.dt-smart.com\/wp-content\/uploads\/2025\/08\/XS-1-6.webp\" \/>\n\t<meta property=\"og:image:width\" content=\"800\" \/>\n\t<meta property=\"og:image:height\" content=\"800\" \/>\n\t<meta property=\"og:image:type\" content=\"image\/webp\" \/>\n<meta name=\"twitter:card\" content=\"summary_large_image\" \/>\n<meta name=\"twitter:label1\" content=\"Gesch\u00e4tzte Lesezeit\" \/>\n\t<meta name=\"twitter:data1\" content=\"1\u00a0Minute\" \/>\n<script type=\"application\/ld+json\" class=\"yoast-schema-graph\">{\"@context\":\"https:\\\/\\\/schema.org\",\"@graph\":[{\"@type\":\"WebPage\",\"@id\":\"https:\\\/\\\/www.dt-smart.com\\\/es\\\/producto\\\/premium-single-ear-speaker-for-iphone-xs-featuring-stable-performance-and-clear-audio\\\/\",\"url\":\"https:\\\/\\\/www.dt-smart.com\\\/es\\\/producto\\\/premium-single-ear-speaker-for-iphone-xs-featuring-stable-performance-and-clear-audio\\\/\",\"name\":\"iPhone XS Single Ear Speaker - Stable & Distortion-Free Audio Output, Crystal-Clear Sound with Enhanced Detail, Anti-Vibration Mounting. Fast Shipping - InsurePart\",\"isPartOf\":{\"@id\":\"https:\\\/\\\/www.dt-smart.com\\\/#website\"},\"primaryImageOfPage\":{\"@id\":\"https:\\\/\\\/www.dt-smart.com\\\/es\\\/producto\\\/premium-single-ear-speaker-for-iphone-xs-featuring-stable-performance-and-clear-audio\\\/#primaryimage\"},\"image\":{\"@id\":\"https:\\\/\\\/www.dt-smart.com\\\/es\\\/producto\\\/premium-single-ear-speaker-for-iphone-xs-featuring-stable-performance-and-clear-audio\\\/#primaryimage\"},\"thumbnailUrl\":\"https:\\\/\\\/www.dt-smart.com\\\/wp-content\\\/uploads\\\/2025\\\/08\\\/XS-1-6.webp\",\"datePublished\":\"2025-08-25T02:50:44+00:00\",\"dateModified\":\"2026-01-08T06:49:49+00:00\",\"description\":\"Premium Single Ear Speaker for iPhone XS Featuring Stable Performance and Clear Audio\",\"breadcrumb\":{\"@id\":\"https:\\\/\\\/www.dt-smart.com\\\/es\\\/producto\\\/premium-single-ear-speaker-for-iphone-xs-featuring-stable-performance-and-clear-audio\\\/#breadcrumb\"},\"inLanguage\":\"de\",\"potentialAction\":[{\"@type\":\"ReadAction\",\"target\":[\"https:\\\/\\\/www.dt-smart.com\\\/es\\\/producto\\\/premium-single-ear-speaker-for-iphone-xs-featuring-stable-performance-and-clear-audio\\\/\"]}]},{\"@type\":\"ImageObject\",\"inLanguage\":\"de\",\"@id\":\"https:\\\/\\\/www.dt-smart.com\\\/es\\\/producto\\\/premium-single-ear-speaker-for-iphone-xs-featuring-stable-performance-and-clear-audio\\\/#primaryimage\",\"url\":\"https:\\\/\\\/www.dt-smart.com\\\/wp-content\\\/uploads\\\/2025\\\/08\\\/XS-1-6.webp\",\"contentUrl\":\"https:\\\/\\\/www.dt-smart.com\\\/wp-content\\\/uploads\\\/2025\\\/08\\\/XS-1-6.webp\",\"width\":800,\"height\":800},{\"@type\":\"BreadcrumbList\",\"@id\":\"https:\\\/\\\/www.dt-smart.com\\\/es\\\/producto\\\/premium-single-ear-speaker-for-iphone-xs-featuring-stable-performance-and-clear-audio\\\/#breadcrumb\",\"itemListElement\":[{\"@type\":\"ListItem\",\"position\":1,\"name\":\"Home\",\"item\":\"https:\\\/\\\/www.dt-smart.com\\\/\"},{\"@type\":\"ListItem\",\"position\":2,\"name\":\"Product\",\"item\":\"https:\\\/\\\/www.dt-smart.com\\\/ru\\\/product\\\/\"},{\"@type\":\"ListItem\",\"position\":3,\"name\":\"iPhone XS Single Ear Speaker &#8211; Stable &#038; Distortion-Free Audio Output, Crystal-Clear Sound with Enhanced Detail, Anti-Vibration Mounting. Fast Shipping\"}]},{\"@type\":\"WebSite\",\"@id\":\"https:\\\/\\\/www.dt-smart.com\\\/#website\",\"url\":\"https:\\\/\\\/www.dt-smart.com\\\/\",\"name\":\"InsurePart\",\"description\":\"Cell Phone Repair Parts; iPhone Parts Wholesale;Samsung Parts Supplier\",\"potentialAction\":[{\"@type\":\"SearchAction\",\"target\":{\"@type\":\"EntryPoint\",\"urlTemplate\":\"https:\\\/\\\/www.dt-smart.com\\\/?s={search_term_string}\"},\"query-input\":{\"@type\":\"PropertyValueSpecification\",\"valueRequired\":true,\"valueName\":\"search_term_string\"}}],\"inLanguage\":\"de\"}]}<\/script>\n<!-- \/ Yoast SEO plugin. -->","yoast_head_json":{"title":"iPhone XS Single Ear Speaker - Stable & Distortion-Free Audio Output, Crystal-Clear Sound with Enhanced Detail, Anti-Vibration Mounting. Fast Shipping - InsurePart","description":"Premium-Einzelohrlautsprecher f\u00fcr iPhone XS mit stabiler Leistung und klarem Klang","robots":{"index":"index","follow":"follow","max-snippet":"max-snippet:-1","max-image-preview":"max-image-preview:large","max-video-preview":"max-video-preview:-1"},"canonical":"https:\/\/www.dt-smart.com\/de\/producto\/premium-single-ear-speaker-for-iphone-xs-featuring-stable-performance-and-clear-audio\/","og_locale":"de_DE","og_type":"article","og_title":"iPhone XS Single Ear Speaker - Stable & Distortion-Free Audio Output, Crystal-Clear Sound with Enhanced Detail, Anti-Vibration Mounting. Fast Shipping - InsurePart","og_description":"Premium Single Ear Speaker for iPhone XS Featuring Stable Performance and Clear Audio","og_url":"https:\/\/www.dt-smart.com\/de\/producto\/premium-single-ear-speaker-for-iphone-xs-featuring-stable-performance-and-clear-audio\/","og_site_name":"InsurePart","article_publisher":"https:\/\/www.facebook.com\/anjinleeEva","article_modified_time":"2026-01-08T06:49:49+00:00","og_image":[{"width":800,"height":800,"url":"https:\/\/www.dt-smart.com\/wp-content\/uploads\/2025\/08\/XS-1-6.webp","type":"image\/webp"}],"twitter_card":"summary_large_image","twitter_misc":{"Gesch\u00e4tzte Lesezeit":"1\u00a0Minute"},"schema":{"@context":"https:\/\/schema.org","@graph":[{"@type":"WebPage","@id":"https:\/\/www.dt-smart.com\/es\/producto\/premium-single-ear-speaker-for-iphone-xs-featuring-stable-performance-and-clear-audio\/","url":"https:\/\/www.dt-smart.com\/es\/producto\/premium-single-ear-speaker-for-iphone-xs-featuring-stable-performance-and-clear-audio\/","name":"iPhone XS Single Ear Speaker - Stable & Distortion-Free Audio Output, Crystal-Clear Sound with Enhanced Detail, Anti-Vibration Mounting. Fast Shipping - InsurePart","isPartOf":{"@id":"https:\/\/www.dt-smart.com\/#website"},"primaryImageOfPage":{"@id":"https:\/\/www.dt-smart.com\/es\/producto\/premium-single-ear-speaker-for-iphone-xs-featuring-stable-performance-and-clear-audio\/#primaryimage"},"image":{"@id":"https:\/\/www.dt-smart.com\/es\/producto\/premium-single-ear-speaker-for-iphone-xs-featuring-stable-performance-and-clear-audio\/#primaryimage"},"thumbnailUrl":"https:\/\/www.dt-smart.com\/wp-content\/uploads\/2025\/08\/XS-1-6.webp","datePublished":"2025-08-25T02:50:44+00:00","dateModified":"2026-01-08T06:49:49+00:00","description":"Premium-Einzelohrlautsprecher f\u00fcr iPhone XS mit stabiler Leistung und klarem Klang","breadcrumb":{"@id":"https:\/\/www.dt-smart.com\/es\/producto\/premium-single-ear-speaker-for-iphone-xs-featuring-stable-performance-and-clear-audio\/#breadcrumb"},"inLanguage":"de","potentialAction":[{"@type":"ReadAction","target":["https:\/\/www.dt-smart.com\/es\/producto\/premium-single-ear-speaker-for-iphone-xs-featuring-stable-performance-and-clear-audio\/"]}]},{"@type":"ImageObject","inLanguage":"de","@id":"https:\/\/www.dt-smart.com\/es\/producto\/premium-single-ear-speaker-for-iphone-xs-featuring-stable-performance-and-clear-audio\/#primaryimage","url":"https:\/\/www.dt-smart.com\/wp-content\/uploads\/2025\/08\/XS-1-6.webp","contentUrl":"https:\/\/www.dt-smart.com\/wp-content\/uploads\/2025\/08\/XS-1-6.webp","width":800,"height":800},{"@type":"BreadcrumbList","@id":"https:\/\/www.dt-smart.com\/es\/producto\/premium-single-ear-speaker-for-iphone-xs-featuring-stable-performance-and-clear-audio\/#breadcrumb","itemListElement":[{"@type":"ListItem","position":1,"name":"Home","item":"https:\/\/www.dt-smart.com\/"},{"@type":"ListItem","position":2,"name":"Product","item":"https:\/\/www.dt-smart.com\/ru\/product\/"},{"@type":"ListItem","position":3,"name":"iPhone XS Single Ear Speaker &#8211; Stable &#038; Distortion-Free Audio Output, Crystal-Clear Sound with Enhanced Detail, Anti-Vibration Mounting. Fast Shipping"}]},{"@type":"WebSite","@id":"https:\/\/www.dt-smart.com\/#website","url":"https:\/\/www.dt-smart.com\/","name":"InsurePart","description":"Handy-Ersatzteile; iPhone-Ersatzteile im Gro\u00dfhandel; Samsung-Ersatzteillieferant","potentialAction":[{"@type":"SearchAction","target":{"@type":"EntryPoint","urlTemplate":"https:\/\/www.dt-smart.com\/?s={search_term_string}"},"query-input":{"@type":"PropertyValueSpecification","valueRequired":true,"valueName":"search_term_string"}}],"inLanguage":"de"}]}},"_links":{"self":[{"href":"https:\/\/www.dt-smart.com\/de\/wp-json\/wp\/v2\/product\/22176","targetHints":{"allow":["GET"]}}],"collection":[{"href":"https:\/\/www.dt-smart.com\/de\/wp-json\/wp\/v2\/product"}],"about":[{"href":"https:\/\/www.dt-smart.com\/de\/wp-json\/wp\/v2\/types\/product"}],"replies":[{"embeddable":true,"href":"https:\/\/www.dt-smart.com\/de\/wp-json\/wp\/v2\/comments?post=22176"}],"version-history":[{"count":2,"href":"https:\/\/www.dt-smart.com\/de\/wp-json\/wp\/v2\/product\/22176\/revisions"}],"predecessor-version":[{"id":24421,"href":"https:\/\/www.dt-smart.com\/de\/wp-json\/wp\/v2\/product\/22176\/revisions\/24421"}],"wp:featuredmedia":[{"embeddable":true,"href":"https:\/\/www.dt-smart.com\/de\/wp-json\/wp\/v2\/media\/22141"}],"wp:attachment":[{"href":"https:\/\/www.dt-smart.com\/de\/wp-json\/wp\/v2\/media?parent=22176"}],"wp:term":[{"taxonomy":"product_brand","embeddable":true,"href":"https:\/\/www.dt-smart.com\/de\/wp-json\/wp\/v2\/product_brand?post=22176"},{"taxonomy":"product_cat","embeddable":true,"href":"https:\/\/www.dt-smart.com\/de\/wp-json\/wp\/v2\/product_cat?post=22176"},{"taxonomy":"product_tag","embeddable":true,"href":"https:\/\/www.dt-smart.com\/de\/wp-json\/wp\/v2\/product_tag?post=22176"}],"curies":[{"name":"wp","href":"https:\/\/api.w.org\/{rel}","templated":true}]}}