{"id":22208,"date":"2025-08-25T14:35:50","date_gmt":"2025-08-25T06:35:50","guid":{"rendered":"https:\/\/www.insurepart.com\/?post_type=product&#038;p=22208"},"modified":"2026-01-08T14:38:38","modified_gmt":"2026-01-08T06:38:38","slug":"high-quality-single-ear-speaker-for-iphone-15-pro-max-featuring-clear-and-consistent-audio-durable-construction-and-reliable-performance","status":"publish","type":"product","link":"https:\/\/www.dt-smart.com\/de\/produkt\/high-quality-single-ear-speaker-for-iphone-15-pro-max-featuring-clear-and-consistent-audio-durable-construction-and-reliable-performance\/","title":{"rendered":"iPhone 15 Pro Max Einzelohrlautsprecher \u2013 Klarer und gleichm\u00e4\u00dfiger Klang, robustes Design nach Milit\u00e4rstandard, zuverl\u00e4ssige Leistung. Schneller Versand."},"content":{"rendered":"<p style=\"text-align: center;\"><img fetchpriority=\"high\" decoding=\"async\" class=\"alignnone size-full wp-image-15567\" src=\"https:\/\/www.insurepart.com\/wp-content\/uploads\/2024\/08\/\u4e3a\u4ec0\u4e48\u9009\u62e9\u6211\u4eec22.webp\" alt=\"\" width=\"1000\" height=\"786\" srcset=\"https:\/\/www.dt-smart.com\/wp-content\/uploads\/2024\/08\/\u4e3a\u4ec0\u4e48\u9009\u62e9\u6211\u4eec22.webp 1000w, https:\/\/www.dt-smart.com\/wp-content\/uploads\/2024\/08\/\u4e3a\u4ec0\u4e48\u9009\u62e9\u6211\u4eec22-300x236.webp 300w, https:\/\/www.dt-smart.com\/wp-content\/uploads\/2024\/08\/\u4e3a\u4ec0\u4e48\u9009\u62e9\u6211\u4eec22-150x118.webp 150w, https:\/\/www.dt-smart.com\/wp-content\/uploads\/2024\/08\/\u4e3a\u4ec0\u4e48\u9009\u62e9\u6211\u4eec22-800x629.webp 800w, https:\/\/www.dt-smart.com\/wp-content\/uploads\/2024\/08\/\u4e3a\u4ec0\u4e48\u9009\u62e9\u6211\u4eec22-768x604.webp 768w, https:\/\/www.dt-smart.com\/wp-content\/uploads\/2024\/08\/\u4e3a\u4ec0\u4e48\u9009\u62e9\u6211\u4eec22-15x12.webp 15w\" sizes=\"(max-width: 1000px) 100vw, 1000px\" \/><\/p>","protected":false},"excerpt":{"rendered":"<p>Dieser speziell f\u00fcr das iPhone 15 Pro Max entwickelte Ersatzlautsprecher f\u00fcr die Ohrmuschel sorgt f\u00fcr klaren, stabilen und zuverl\u00e4ssigen Klang, wenn das Originalteil defekt ist. Dank der Verwendung langlebiger und hochwertiger Materialien bietet er dauerhafte Zuverl\u00e4ssigkeit. Der Lautsprecher verbessert die Klangqualit\u00e4t bei Telefonaten und Medienwiedergabe und behebt Probleme wie dumpfen oder verzerrten Ton. Seine schlanke Bauweise f\u00fcgt sich nahtlos in das iPhone 15 Pro Max ein, ohne dessen Design zu beeintr\u00e4chtigen. Dieses Ersatzteil bietet eine kosteng\u00fcnstige und umweltfreundliche M\u00f6glichkeit, die Audioqualit\u00e4t des iPhone 15 Pro Max wiederherzustellen. F\u00fcr einen sicheren Sitz und optimale Klangwiedergabe wird die Installation durch einen Fachmann mit dem passenden Werkzeug empfohlen.<\/p>","protected":false},"featured_media":22167,"comment_status":"open","ping_status":"closed","template":"","meta":[],"product_brand":[],"product_cat":[42,52],"product_tag":[],"class_list":{"0":"post-22208","1":"product","2":"type-product","3":"status-publish","4":"has-post-thumbnail","6":"product_cat-iphone","7":"product_cat-iphone-15-pro-max","9":"first","10":"instock","11":"taxable","12":"shipping-taxable","13":"purchasable","14":"product-type-simple"},"yoast_head":"<!-- This site is optimized with the Yoast SEO plugin v27.4 - https:\/\/yoast.com\/product\/yoast-seo-wordpress\/ -->\n<title>iPhone 15 Pro Max Single Ear Speaker - Clear &amp; Consistent Audio, Military-Grade Construction, Reliable Output. Fast Shipping - InsurePart<\/title>\n<meta name=\"description\" content=\"High Quality Single Ear Speaker for iPhone 15 Pro Max Featuring Clear and Consistent Audio Durable Construction and Reliable Performance\" \/>\n<meta name=\"robots\" content=\"index, follow, max-snippet:-1, max-image-preview:large, max-video-preview:-1\" \/>\n<link rel=\"canonical\" href=\"https:\/\/www.dt-smart.com\/de\/producto\/high-quality-single-ear-speaker-for-iphone-15-pro-max-featuring-clear-and-consistent-audio-durable-construction-and-reliable-performance\/\" \/>\n<meta property=\"og:locale\" content=\"de_DE\" \/>\n<meta property=\"og:type\" content=\"article\" \/>\n<meta property=\"og:title\" content=\"iPhone 15 Pro Max Single Ear Speaker - Clear &amp; Consistent Audio, Military-Grade Construction, Reliable Output. Fast Shipping - InsurePart\" \/>\n<meta property=\"og:description\" content=\"High Quality Single Ear Speaker for iPhone 15 Pro Max Featuring Clear and Consistent Audio Durable Construction and Reliable Performance\" \/>\n<meta property=\"og:url\" content=\"https:\/\/www.dt-smart.com\/de\/producto\/high-quality-single-ear-speaker-for-iphone-15-pro-max-featuring-clear-and-consistent-audio-durable-construction-and-reliable-performance\/\" \/>\n<meta property=\"og:site_name\" content=\"InsurePart\" \/>\n<meta property=\"article:publisher\" content=\"https:\/\/www.facebook.com\/anjinleeEva\" \/>\n<meta property=\"article:modified_time\" content=\"2026-01-08T06:38:38+00:00\" \/>\n<meta property=\"og:image\" content=\"https:\/\/www.dt-smart.com\/wp-content\/uploads\/2025\/08\/15PM-1-6.webp\" \/>\n\t<meta property=\"og:image:width\" content=\"800\" \/>\n\t<meta property=\"og:image:height\" content=\"800\" \/>\n\t<meta property=\"og:image:type\" content=\"image\/webp\" \/>\n<meta name=\"twitter:card\" content=\"summary_large_image\" \/>\n<meta name=\"twitter:label1\" content=\"Gesch\u00e4tzte Lesezeit\" \/>\n\t<meta name=\"twitter:data1\" content=\"1\u00a0Minute\" \/>\n<script type=\"application\/ld+json\" class=\"yoast-schema-graph\">{\"@context\":\"https:\\\/\\\/schema.org\",\"@graph\":[{\"@type\":\"WebPage\",\"@id\":\"https:\\\/\\\/www.dt-smart.com\\\/es\\\/producto\\\/high-quality-single-ear-speaker-for-iphone-15-pro-max-featuring-clear-and-consistent-audio-durable-construction-and-reliable-performance\\\/\",\"url\":\"https:\\\/\\\/www.dt-smart.com\\\/es\\\/producto\\\/high-quality-single-ear-speaker-for-iphone-15-pro-max-featuring-clear-and-consistent-audio-durable-construction-and-reliable-performance\\\/\",\"name\":\"iPhone 15 Pro Max Single Ear Speaker - Clear & Consistent Audio, Military-Grade Construction, Reliable Output. Fast Shipping - InsurePart\",\"isPartOf\":{\"@id\":\"https:\\\/\\\/www.dt-smart.com\\\/#website\"},\"primaryImageOfPage\":{\"@id\":\"https:\\\/\\\/www.dt-smart.com\\\/es\\\/producto\\\/high-quality-single-ear-speaker-for-iphone-15-pro-max-featuring-clear-and-consistent-audio-durable-construction-and-reliable-performance\\\/#primaryimage\"},\"image\":{\"@id\":\"https:\\\/\\\/www.dt-smart.com\\\/es\\\/producto\\\/high-quality-single-ear-speaker-for-iphone-15-pro-max-featuring-clear-and-consistent-audio-durable-construction-and-reliable-performance\\\/#primaryimage\"},\"thumbnailUrl\":\"https:\\\/\\\/www.dt-smart.com\\\/wp-content\\\/uploads\\\/2025\\\/08\\\/15PM-1-6.webp\",\"datePublished\":\"2025-08-25T06:35:50+00:00\",\"dateModified\":\"2026-01-08T06:38:38+00:00\",\"description\":\"High Quality Single Ear Speaker for iPhone 15 Pro Max Featuring Clear and Consistent Audio Durable Construction and Reliable Performance\",\"breadcrumb\":{\"@id\":\"https:\\\/\\\/www.dt-smart.com\\\/es\\\/producto\\\/high-quality-single-ear-speaker-for-iphone-15-pro-max-featuring-clear-and-consistent-audio-durable-construction-and-reliable-performance\\\/#breadcrumb\"},\"inLanguage\":\"de\",\"potentialAction\":[{\"@type\":\"ReadAction\",\"target\":[\"https:\\\/\\\/www.dt-smart.com\\\/es\\\/producto\\\/high-quality-single-ear-speaker-for-iphone-15-pro-max-featuring-clear-and-consistent-audio-durable-construction-and-reliable-performance\\\/\"]}]},{\"@type\":\"ImageObject\",\"inLanguage\":\"de\",\"@id\":\"https:\\\/\\\/www.dt-smart.com\\\/es\\\/producto\\\/high-quality-single-ear-speaker-for-iphone-15-pro-max-featuring-clear-and-consistent-audio-durable-construction-and-reliable-performance\\\/#primaryimage\",\"url\":\"https:\\\/\\\/www.dt-smart.com\\\/wp-content\\\/uploads\\\/2025\\\/08\\\/15PM-1-6.webp\",\"contentUrl\":\"https:\\\/\\\/www.dt-smart.com\\\/wp-content\\\/uploads\\\/2025\\\/08\\\/15PM-1-6.webp\",\"width\":800,\"height\":800},{\"@type\":\"BreadcrumbList\",\"@id\":\"https:\\\/\\\/www.dt-smart.com\\\/es\\\/producto\\\/high-quality-single-ear-speaker-for-iphone-15-pro-max-featuring-clear-and-consistent-audio-durable-construction-and-reliable-performance\\\/#breadcrumb\",\"itemListElement\":[{\"@type\":\"ListItem\",\"position\":1,\"name\":\"Home\",\"item\":\"https:\\\/\\\/www.dt-smart.com\\\/\"},{\"@type\":\"ListItem\",\"position\":2,\"name\":\"Product\",\"item\":\"https:\\\/\\\/www.dt-smart.com\\\/ru\\\/product\\\/\"},{\"@type\":\"ListItem\",\"position\":3,\"name\":\"iPhone 15 Pro Max Single Ear Speaker &#8211; Clear &#038; Consistent Audio, Military-Grade Construction, Reliable Output. Fast Shipping\"}]},{\"@type\":\"WebSite\",\"@id\":\"https:\\\/\\\/www.dt-smart.com\\\/#website\",\"url\":\"https:\\\/\\\/www.dt-smart.com\\\/\",\"name\":\"InsurePart\",\"description\":\"Cell Phone Repair Parts; iPhone Parts Wholesale;Samsung Parts Supplier\",\"potentialAction\":[{\"@type\":\"SearchAction\",\"target\":{\"@type\":\"EntryPoint\",\"urlTemplate\":\"https:\\\/\\\/www.dt-smart.com\\\/?s={search_term_string}\"},\"query-input\":{\"@type\":\"PropertyValueSpecification\",\"valueRequired\":true,\"valueName\":\"search_term_string\"}}],\"inLanguage\":\"de\"}]}<\/script>\n<!-- \/ Yoast SEO plugin. -->","yoast_head_json":{"title":"iPhone 15 Pro Max Single Ear Speaker - Clear & Consistent Audio, Military-Grade Construction, Reliable Output. Fast Shipping - InsurePart","description":"Hochwertiger Einzelohrlautsprecher f\u00fcr iPhone 15 Pro Max mit klarem und gleichm\u00e4\u00dfigem Klang, robuster Konstruktion und zuverl\u00e4ssiger Leistung","robots":{"index":"index","follow":"follow","max-snippet":"max-snippet:-1","max-image-preview":"max-image-preview:large","max-video-preview":"max-video-preview:-1"},"canonical":"https:\/\/www.dt-smart.com\/de\/producto\/high-quality-single-ear-speaker-for-iphone-15-pro-max-featuring-clear-and-consistent-audio-durable-construction-and-reliable-performance\/","og_locale":"de_DE","og_type":"article","og_title":"iPhone 15 Pro Max Single Ear Speaker - Clear & Consistent Audio, Military-Grade Construction, Reliable Output. Fast Shipping - InsurePart","og_description":"High Quality Single Ear Speaker for iPhone 15 Pro Max Featuring Clear and Consistent Audio Durable Construction and Reliable Performance","og_url":"https:\/\/www.dt-smart.com\/de\/producto\/high-quality-single-ear-speaker-for-iphone-15-pro-max-featuring-clear-and-consistent-audio-durable-construction-and-reliable-performance\/","og_site_name":"InsurePart","article_publisher":"https:\/\/www.facebook.com\/anjinleeEva","article_modified_time":"2026-01-08T06:38:38+00:00","og_image":[{"width":800,"height":800,"url":"https:\/\/www.dt-smart.com\/wp-content\/uploads\/2025\/08\/15PM-1-6.webp","type":"image\/webp"}],"twitter_card":"summary_large_image","twitter_misc":{"Gesch\u00e4tzte Lesezeit":"1\u00a0Minute"},"schema":{"@context":"https:\/\/schema.org","@graph":[{"@type":"WebPage","@id":"https:\/\/www.dt-smart.com\/es\/producto\/high-quality-single-ear-speaker-for-iphone-15-pro-max-featuring-clear-and-consistent-audio-durable-construction-and-reliable-performance\/","url":"https:\/\/www.dt-smart.com\/es\/producto\/high-quality-single-ear-speaker-for-iphone-15-pro-max-featuring-clear-and-consistent-audio-durable-construction-and-reliable-performance\/","name":"iPhone 15 Pro Max Single Ear Speaker - Clear & Consistent Audio, Military-Grade Construction, Reliable Output. Fast Shipping - InsurePart","isPartOf":{"@id":"https:\/\/www.dt-smart.com\/#website"},"primaryImageOfPage":{"@id":"https:\/\/www.dt-smart.com\/es\/producto\/high-quality-single-ear-speaker-for-iphone-15-pro-max-featuring-clear-and-consistent-audio-durable-construction-and-reliable-performance\/#primaryimage"},"image":{"@id":"https:\/\/www.dt-smart.com\/es\/producto\/high-quality-single-ear-speaker-for-iphone-15-pro-max-featuring-clear-and-consistent-audio-durable-construction-and-reliable-performance\/#primaryimage"},"thumbnailUrl":"https:\/\/www.dt-smart.com\/wp-content\/uploads\/2025\/08\/15PM-1-6.webp","datePublished":"2025-08-25T06:35:50+00:00","dateModified":"2026-01-08T06:38:38+00:00","description":"Hochwertiger Einzelohrlautsprecher f\u00fcr iPhone 15 Pro Max mit klarem und gleichm\u00e4\u00dfigem Klang, robuster Konstruktion und zuverl\u00e4ssiger Leistung","breadcrumb":{"@id":"https:\/\/www.dt-smart.com\/es\/producto\/high-quality-single-ear-speaker-for-iphone-15-pro-max-featuring-clear-and-consistent-audio-durable-construction-and-reliable-performance\/#breadcrumb"},"inLanguage":"de","potentialAction":[{"@type":"ReadAction","target":["https:\/\/www.dt-smart.com\/es\/producto\/high-quality-single-ear-speaker-for-iphone-15-pro-max-featuring-clear-and-consistent-audio-durable-construction-and-reliable-performance\/"]}]},{"@type":"ImageObject","inLanguage":"de","@id":"https:\/\/www.dt-smart.com\/es\/producto\/high-quality-single-ear-speaker-for-iphone-15-pro-max-featuring-clear-and-consistent-audio-durable-construction-and-reliable-performance\/#primaryimage","url":"https:\/\/www.dt-smart.com\/wp-content\/uploads\/2025\/08\/15PM-1-6.webp","contentUrl":"https:\/\/www.dt-smart.com\/wp-content\/uploads\/2025\/08\/15PM-1-6.webp","width":800,"height":800},{"@type":"BreadcrumbList","@id":"https:\/\/www.dt-smart.com\/es\/producto\/high-quality-single-ear-speaker-for-iphone-15-pro-max-featuring-clear-and-consistent-audio-durable-construction-and-reliable-performance\/#breadcrumb","itemListElement":[{"@type":"ListItem","position":1,"name":"Home","item":"https:\/\/www.dt-smart.com\/"},{"@type":"ListItem","position":2,"name":"Product","item":"https:\/\/www.dt-smart.com\/ru\/product\/"},{"@type":"ListItem","position":3,"name":"iPhone 15 Pro Max Single Ear Speaker &#8211; Clear &#038; Consistent Audio, Military-Grade Construction, Reliable Output. Fast Shipping"}]},{"@type":"WebSite","@id":"https:\/\/www.dt-smart.com\/#website","url":"https:\/\/www.dt-smart.com\/","name":"InsurePart","description":"Handy-Ersatzteile; iPhone-Ersatzteile im Gro\u00dfhandel; Samsung-Ersatzteillieferant","potentialAction":[{"@type":"SearchAction","target":{"@type":"EntryPoint","urlTemplate":"https:\/\/www.dt-smart.com\/?s={search_term_string}"},"query-input":{"@type":"PropertyValueSpecification","valueRequired":true,"valueName":"search_term_string"}}],"inLanguage":"de"}]}},"_links":{"self":[{"href":"https:\/\/www.dt-smart.com\/de\/wp-json\/wp\/v2\/product\/22208","targetHints":{"allow":["GET"]}}],"collection":[{"href":"https:\/\/www.dt-smart.com\/de\/wp-json\/wp\/v2\/product"}],"about":[{"href":"https:\/\/www.dt-smart.com\/de\/wp-json\/wp\/v2\/types\/product"}],"replies":[{"embeddable":true,"href":"https:\/\/www.dt-smart.com\/de\/wp-json\/wp\/v2\/comments?post=22208"}],"version-history":[{"count":2,"href":"https:\/\/www.dt-smart.com\/de\/wp-json\/wp\/v2\/product\/22208\/revisions"}],"predecessor-version":[{"id":24403,"href":"https:\/\/www.dt-smart.com\/de\/wp-json\/wp\/v2\/product\/22208\/revisions\/24403"}],"wp:featuredmedia":[{"embeddable":true,"href":"https:\/\/www.dt-smart.com\/de\/wp-json\/wp\/v2\/media\/22167"}],"wp:attachment":[{"href":"https:\/\/www.dt-smart.com\/de\/wp-json\/wp\/v2\/media?parent=22208"}],"wp:term":[{"taxonomy":"product_brand","embeddable":true,"href":"https:\/\/www.dt-smart.com\/de\/wp-json\/wp\/v2\/product_brand?post=22208"},{"taxonomy":"product_cat","embeddable":true,"href":"https:\/\/www.dt-smart.com\/de\/wp-json\/wp\/v2\/product_cat?post=22208"},{"taxonomy":"product_tag","embeddable":true,"href":"https:\/\/www.dt-smart.com\/de\/wp-json\/wp\/v2\/product_tag?post=22208"}],"curies":[{"name":"wp","href":"https:\/\/api.w.org\/{rel}","templated":true}]}}