{"id":22482,"date":"2025-08-27T18:00:45","date_gmt":"2025-08-27T10:00:45","guid":{"rendered":"https:\/\/www.insurepart.com\/?post_type=product&#038;p=22482"},"modified":"2026-01-04T11:37:33","modified_gmt":"2026-01-04T03:37:33","slug":"durable-wireless-charging-coil-replacement-for-iphone-14-pro-max-featuring-reliable-power-delivery-long-lasting-durability-and-secure-fitting","status":"publish","type":"product","link":"https:\/\/www.dt-smart.com\/de\/produkt\/durable-wireless-charging-coil-replacement-for-iphone-14-pro-max-featuring-reliable-power-delivery-long-lasting-durability-and-secure-fitting\/","title":{"rendered":"Ersatz-Ladespule f\u00fcr iPhone 14 Pro Max \u2013 Zuverl\u00e4ssige Stromversorgung &amp; lange Lebensdauer \u2013 Sicherer Sitz &amp; stabile Leistung \u2013 Erstausr\u00fcsterqualit\u00e4t \u2013 Schneller Versand"},"content":{"rendered":"<p style=\"text-align: center;\"><img fetchpriority=\"high\" decoding=\"async\" class=\"alignnone size-full wp-image-15567\" src=\"https:\/\/www.insurepart.com\/wp-content\/uploads\/2024\/08\/\u4e3a\u4ec0\u4e48\u9009\u62e9\u6211\u4eec22.webp\" alt=\"\" width=\"1000\" height=\"786\" srcset=\"https:\/\/www.dt-smart.com\/wp-content\/uploads\/2024\/08\/\u4e3a\u4ec0\u4e48\u9009\u62e9\u6211\u4eec22.webp 1000w, https:\/\/www.dt-smart.com\/wp-content\/uploads\/2024\/08\/\u4e3a\u4ec0\u4e48\u9009\u62e9\u6211\u4eec22-300x236.webp 300w, https:\/\/www.dt-smart.com\/wp-content\/uploads\/2024\/08\/\u4e3a\u4ec0\u4e48\u9009\u62e9\u6211\u4eec22-150x118.webp 150w, https:\/\/www.dt-smart.com\/wp-content\/uploads\/2024\/08\/\u4e3a\u4ec0\u4e48\u9009\u62e9\u6211\u4eec22-800x629.webp 800w, https:\/\/www.dt-smart.com\/wp-content\/uploads\/2024\/08\/\u4e3a\u4ec0\u4e48\u9009\u62e9\u6211\u4eec22-768x604.webp 768w, https:\/\/www.dt-smart.com\/wp-content\/uploads\/2024\/08\/\u4e3a\u4ec0\u4e48\u9009\u62e9\u6211\u4eec22-15x12.webp 15w\" sizes=\"(max-width: 1000px) 100vw, 1000px\" \/><\/p>","protected":false},"excerpt":{"rendered":"<p>Die Ersatzspule f\u00fcr das kabellose Laden des iPhone 14 Pro Max stellt die kabellose Ladefunktion wieder her, wenn das Originalteil defekt ist. Gefertigt aus langlebigen und hochwertigen Materialien, gew\u00e4hrleistet sie eine zuverl\u00e4ssige Stromversorgung und langfristige Stabilit\u00e4t. Die Spule minimiert Energieverluste und W\u00e4rmeentwicklung und sorgt so f\u00fcr ein gleichm\u00e4\u00dfiges und sicheres Ladeergebnis. Dank ihres schlanken Designs l\u00e4sst sie sich nahtlos in das Ger\u00e4t integrieren. Der Austausch dieser Komponente behebt Probleme wie Ladeunterbrechungen, \u00dcberhitzung oder die Nichterkennung von Ladepads. Dieses Ersatzteil bietet eine kosteng\u00fcnstige und nachhaltige Reparaturm\u00f6glichkeit f\u00fcr das iPhone 14 Pro Max. Die Installation sollte idealerweise von Fachleuten mit dem entsprechenden Werkzeug durchgef\u00fchrt werden.<\/p>","protected":false},"featured_media":22440,"comment_status":"open","ping_status":"closed","template":"","meta":[],"product_brand":[],"product_cat":[42,56],"product_tag":[],"class_list":{"0":"post-22482","1":"product","2":"type-product","3":"status-publish","4":"has-post-thumbnail","6":"product_cat-iphone","7":"product_cat-iphone-14-pro-max","9":"first","10":"instock","11":"taxable","12":"shipping-taxable","13":"purchasable","14":"product-type-simple"},"yoast_head":"<!-- This site is optimized with the Yoast SEO plugin v27.4 - https:\/\/yoast.com\/product\/yoast-seo-wordpress\/ -->\n<title>iPhone 14 Pro Max Wireless Charging Coil Replacement - Reliable Power Delivery &amp; Long Lasting Durability - Secure Fitting &amp; Stable Performance - OEM Quality - Fast Shipping - InsurePart<\/title>\n<meta name=\"description\" content=\"Durable Wireless Charging Coil Replacement for iPhone 14 Pro Max Featuring Reliable Power Delivery Long Lasting Durability and Secure Fitting\" \/>\n<meta name=\"robots\" content=\"index, follow, max-snippet:-1, max-image-preview:large, max-video-preview:-1\" \/>\n<link rel=\"canonical\" href=\"https:\/\/www.dt-smart.com\/de\/produkt\/durable-wireless-charging-coil-replacement-for-iphone-14-pro-max-featuring-reliable-power-delivery-long-lasting-durability-and-secure-fitting\/\" \/>\n<meta property=\"og:locale\" content=\"de_DE\" \/>\n<meta property=\"og:type\" content=\"article\" \/>\n<meta property=\"og:title\" content=\"iPhone 14 Pro Max Wireless Charging Coil Replacement - Reliable Power Delivery &amp; Long Lasting Durability - Secure Fitting &amp; Stable Performance - OEM Quality - Fast Shipping - InsurePart\" \/>\n<meta property=\"og:description\" content=\"Durable Wireless Charging Coil Replacement for iPhone 14 Pro Max Featuring Reliable Power Delivery Long Lasting Durability and Secure Fitting\" \/>\n<meta property=\"og:url\" content=\"https:\/\/www.dt-smart.com\/de\/produkt\/durable-wireless-charging-coil-replacement-for-iphone-14-pro-max-featuring-reliable-power-delivery-long-lasting-durability-and-secure-fitting\/\" \/>\n<meta property=\"og:site_name\" content=\"InsurePart\" \/>\n<meta property=\"article:publisher\" content=\"https:\/\/www.facebook.com\/anjinleeEva\" \/>\n<meta property=\"article:modified_time\" content=\"2026-01-04T03:37:33+00:00\" \/>\n<meta property=\"og:image\" content=\"https:\/\/www.dt-smart.com\/wp-content\/uploads\/2025\/08\/14PM-1-7.webp\" \/>\n\t<meta property=\"og:image:width\" content=\"800\" \/>\n\t<meta property=\"og:image:height\" content=\"800\" \/>\n\t<meta property=\"og:image:type\" content=\"image\/webp\" \/>\n<meta name=\"twitter:card\" content=\"summary_large_image\" \/>\n<meta name=\"twitter:label1\" content=\"Gesch\u00e4tzte Lesezeit\" \/>\n\t<meta name=\"twitter:data1\" content=\"1\u00a0Minute\" \/>\n<script type=\"application\/ld+json\" class=\"yoast-schema-graph\">{\"@context\":\"https:\\\/\\\/schema.org\",\"@graph\":[{\"@type\":\"WebPage\",\"@id\":\"https:\\\/\\\/www.dt-smart.com\\\/product\\\/durable-wireless-charging-coil-replacement-for-iphone-14-pro-max-featuring-reliable-power-delivery-long-lasting-durability-and-secure-fitting\\\/\",\"url\":\"https:\\\/\\\/www.dt-smart.com\\\/product\\\/durable-wireless-charging-coil-replacement-for-iphone-14-pro-max-featuring-reliable-power-delivery-long-lasting-durability-and-secure-fitting\\\/\",\"name\":\"iPhone 14 Pro Max Wireless Charging Coil Replacement - Reliable Power Delivery & Long Lasting Durability - Secure Fitting & Stable Performance - OEM Quality - Fast Shipping - InsurePart\",\"isPartOf\":{\"@id\":\"https:\\\/\\\/www.dt-smart.com\\\/#website\"},\"primaryImageOfPage\":{\"@id\":\"https:\\\/\\\/www.dt-smart.com\\\/product\\\/durable-wireless-charging-coil-replacement-for-iphone-14-pro-max-featuring-reliable-power-delivery-long-lasting-durability-and-secure-fitting\\\/#primaryimage\"},\"image\":{\"@id\":\"https:\\\/\\\/www.dt-smart.com\\\/product\\\/durable-wireless-charging-coil-replacement-for-iphone-14-pro-max-featuring-reliable-power-delivery-long-lasting-durability-and-secure-fitting\\\/#primaryimage\"},\"thumbnailUrl\":\"https:\\\/\\\/www.dt-smart.com\\\/wp-content\\\/uploads\\\/2025\\\/08\\\/14PM-1-7.webp\",\"datePublished\":\"2025-08-27T10:00:45+00:00\",\"dateModified\":\"2026-01-04T03:37:33+00:00\",\"description\":\"Durable Wireless Charging Coil Replacement for iPhone 14 Pro Max Featuring Reliable Power Delivery Long Lasting Durability and Secure Fitting\",\"breadcrumb\":{\"@id\":\"https:\\\/\\\/www.dt-smart.com\\\/product\\\/durable-wireless-charging-coil-replacement-for-iphone-14-pro-max-featuring-reliable-power-delivery-long-lasting-durability-and-secure-fitting\\\/#breadcrumb\"},\"inLanguage\":\"de\",\"potentialAction\":[{\"@type\":\"ReadAction\",\"target\":[\"https:\\\/\\\/www.dt-smart.com\\\/product\\\/durable-wireless-charging-coil-replacement-for-iphone-14-pro-max-featuring-reliable-power-delivery-long-lasting-durability-and-secure-fitting\\\/\"]}]},{\"@type\":\"ImageObject\",\"inLanguage\":\"de\",\"@id\":\"https:\\\/\\\/www.dt-smart.com\\\/product\\\/durable-wireless-charging-coil-replacement-for-iphone-14-pro-max-featuring-reliable-power-delivery-long-lasting-durability-and-secure-fitting\\\/#primaryimage\",\"url\":\"https:\\\/\\\/www.dt-smart.com\\\/wp-content\\\/uploads\\\/2025\\\/08\\\/14PM-1-7.webp\",\"contentUrl\":\"https:\\\/\\\/www.dt-smart.com\\\/wp-content\\\/uploads\\\/2025\\\/08\\\/14PM-1-7.webp\",\"width\":800,\"height\":800},{\"@type\":\"BreadcrumbList\",\"@id\":\"https:\\\/\\\/www.dt-smart.com\\\/product\\\/durable-wireless-charging-coil-replacement-for-iphone-14-pro-max-featuring-reliable-power-delivery-long-lasting-durability-and-secure-fitting\\\/#breadcrumb\",\"itemListElement\":[{\"@type\":\"ListItem\",\"position\":1,\"name\":\"Home\",\"item\":\"https:\\\/\\\/www.dt-smart.com\\\/\"},{\"@type\":\"ListItem\",\"position\":2,\"name\":\"Product\",\"item\":\"https:\\\/\\\/www.dt-smart.com\\\/ru\\\/product\\\/\"},{\"@type\":\"ListItem\",\"position\":3,\"name\":\"iPhone 14 Pro Max Wireless Charging Coil Replacement &#8211; Reliable Power Delivery &#038; Long Lasting Durability &#8211; Secure Fitting &#038; Stable Performance &#8211; OEM Quality &#8211; Fast Shipping\"}]},{\"@type\":\"WebSite\",\"@id\":\"https:\\\/\\\/www.dt-smart.com\\\/#website\",\"url\":\"https:\\\/\\\/www.dt-smart.com\\\/\",\"name\":\"InsurePart\",\"description\":\"Cell Phone Repair Parts; iPhone Parts Wholesale;Samsung Parts Supplier\",\"potentialAction\":[{\"@type\":\"SearchAction\",\"target\":{\"@type\":\"EntryPoint\",\"urlTemplate\":\"https:\\\/\\\/www.dt-smart.com\\\/?s={search_term_string}\"},\"query-input\":{\"@type\":\"PropertyValueSpecification\",\"valueRequired\":true,\"valueName\":\"search_term_string\"}}],\"inLanguage\":\"de\"}]}<\/script>\n<!-- \/ Yoast SEO plugin. -->","yoast_head_json":{"title":"iPhone 14 Pro Max Wireless Charging Coil Replacement - Reliable Power Delivery & Long Lasting Durability - Secure Fitting & Stable Performance - OEM Quality - Fast Shipping - InsurePart","description":"Langlebige kabellose Ladespule als Ersatz f\u00fcr iPhone 14 Pro Max \u2013 mit zuverl\u00e4ssiger Stromversorgung, langer Lebensdauer und sicherem Sitz","robots":{"index":"index","follow":"follow","max-snippet":"max-snippet:-1","max-image-preview":"max-image-preview:large","max-video-preview":"max-video-preview:-1"},"canonical":"https:\/\/www.dt-smart.com\/de\/produkt\/durable-wireless-charging-coil-replacement-for-iphone-14-pro-max-featuring-reliable-power-delivery-long-lasting-durability-and-secure-fitting\/","og_locale":"de_DE","og_type":"article","og_title":"iPhone 14 Pro Max Wireless Charging Coil Replacement - Reliable Power Delivery & Long Lasting Durability - Secure Fitting & Stable Performance - OEM Quality - Fast Shipping - InsurePart","og_description":"Durable Wireless Charging Coil Replacement for iPhone 14 Pro Max Featuring Reliable Power Delivery Long Lasting Durability and Secure Fitting","og_url":"https:\/\/www.dt-smart.com\/de\/produkt\/durable-wireless-charging-coil-replacement-for-iphone-14-pro-max-featuring-reliable-power-delivery-long-lasting-durability-and-secure-fitting\/","og_site_name":"InsurePart","article_publisher":"https:\/\/www.facebook.com\/anjinleeEva","article_modified_time":"2026-01-04T03:37:33+00:00","og_image":[{"width":800,"height":800,"url":"https:\/\/www.dt-smart.com\/wp-content\/uploads\/2025\/08\/14PM-1-7.webp","type":"image\/webp"}],"twitter_card":"summary_large_image","twitter_misc":{"Gesch\u00e4tzte Lesezeit":"1\u00a0Minute"},"schema":{"@context":"https:\/\/schema.org","@graph":[{"@type":"WebPage","@id":"https:\/\/www.dt-smart.com\/product\/durable-wireless-charging-coil-replacement-for-iphone-14-pro-max-featuring-reliable-power-delivery-long-lasting-durability-and-secure-fitting\/","url":"https:\/\/www.dt-smart.com\/product\/durable-wireless-charging-coil-replacement-for-iphone-14-pro-max-featuring-reliable-power-delivery-long-lasting-durability-and-secure-fitting\/","name":"iPhone 14 Pro Max Wireless Charging Coil Replacement - Reliable Power Delivery & Long Lasting Durability - Secure Fitting & Stable Performance - OEM Quality - Fast Shipping - InsurePart","isPartOf":{"@id":"https:\/\/www.dt-smart.com\/#website"},"primaryImageOfPage":{"@id":"https:\/\/www.dt-smart.com\/product\/durable-wireless-charging-coil-replacement-for-iphone-14-pro-max-featuring-reliable-power-delivery-long-lasting-durability-and-secure-fitting\/#primaryimage"},"image":{"@id":"https:\/\/www.dt-smart.com\/product\/durable-wireless-charging-coil-replacement-for-iphone-14-pro-max-featuring-reliable-power-delivery-long-lasting-durability-and-secure-fitting\/#primaryimage"},"thumbnailUrl":"https:\/\/www.dt-smart.com\/wp-content\/uploads\/2025\/08\/14PM-1-7.webp","datePublished":"2025-08-27T10:00:45+00:00","dateModified":"2026-01-04T03:37:33+00:00","description":"Langlebige kabellose Ladespule als Ersatz f\u00fcr iPhone 14 Pro Max \u2013 mit zuverl\u00e4ssiger Stromversorgung, langer Lebensdauer und sicherem Sitz","breadcrumb":{"@id":"https:\/\/www.dt-smart.com\/product\/durable-wireless-charging-coil-replacement-for-iphone-14-pro-max-featuring-reliable-power-delivery-long-lasting-durability-and-secure-fitting\/#breadcrumb"},"inLanguage":"de","potentialAction":[{"@type":"ReadAction","target":["https:\/\/www.dt-smart.com\/product\/durable-wireless-charging-coil-replacement-for-iphone-14-pro-max-featuring-reliable-power-delivery-long-lasting-durability-and-secure-fitting\/"]}]},{"@type":"ImageObject","inLanguage":"de","@id":"https:\/\/www.dt-smart.com\/product\/durable-wireless-charging-coil-replacement-for-iphone-14-pro-max-featuring-reliable-power-delivery-long-lasting-durability-and-secure-fitting\/#primaryimage","url":"https:\/\/www.dt-smart.com\/wp-content\/uploads\/2025\/08\/14PM-1-7.webp","contentUrl":"https:\/\/www.dt-smart.com\/wp-content\/uploads\/2025\/08\/14PM-1-7.webp","width":800,"height":800},{"@type":"BreadcrumbList","@id":"https:\/\/www.dt-smart.com\/product\/durable-wireless-charging-coil-replacement-for-iphone-14-pro-max-featuring-reliable-power-delivery-long-lasting-durability-and-secure-fitting\/#breadcrumb","itemListElement":[{"@type":"ListItem","position":1,"name":"Home","item":"https:\/\/www.dt-smart.com\/"},{"@type":"ListItem","position":2,"name":"Product","item":"https:\/\/www.dt-smart.com\/ru\/product\/"},{"@type":"ListItem","position":3,"name":"iPhone 14 Pro Max Wireless Charging Coil Replacement &#8211; Reliable Power Delivery &#038; Long Lasting Durability &#8211; Secure Fitting &#038; Stable Performance &#8211; OEM Quality &#8211; Fast Shipping"}]},{"@type":"WebSite","@id":"https:\/\/www.dt-smart.com\/#website","url":"https:\/\/www.dt-smart.com\/","name":"InsurePart","description":"Handy-Ersatzteile; iPhone-Ersatzteile im Gro\u00dfhandel; Samsung-Ersatzteillieferant","potentialAction":[{"@type":"SearchAction","target":{"@type":"EntryPoint","urlTemplate":"https:\/\/www.dt-smart.com\/?s={search_term_string}"},"query-input":{"@type":"PropertyValueSpecification","valueRequired":true,"valueName":"search_term_string"}}],"inLanguage":"de"}]}},"_links":{"self":[{"href":"https:\/\/www.dt-smart.com\/de\/wp-json\/wp\/v2\/product\/22482","targetHints":{"allow":["GET"]}}],"collection":[{"href":"https:\/\/www.dt-smart.com\/de\/wp-json\/wp\/v2\/product"}],"about":[{"href":"https:\/\/www.dt-smart.com\/de\/wp-json\/wp\/v2\/types\/product"}],"replies":[{"embeddable":true,"href":"https:\/\/www.dt-smart.com\/de\/wp-json\/wp\/v2\/comments?post=22482"}],"version-history":[{"count":2,"href":"https:\/\/www.dt-smart.com\/de\/wp-json\/wp\/v2\/product\/22482\/revisions"}],"predecessor-version":[{"id":23975,"href":"https:\/\/www.dt-smart.com\/de\/wp-json\/wp\/v2\/product\/22482\/revisions\/23975"}],"wp:featuredmedia":[{"embeddable":true,"href":"https:\/\/www.dt-smart.com\/de\/wp-json\/wp\/v2\/media\/22440"}],"wp:attachment":[{"href":"https:\/\/www.dt-smart.com\/de\/wp-json\/wp\/v2\/media?parent=22482"}],"wp:term":[{"taxonomy":"product_brand","embeddable":true,"href":"https:\/\/www.dt-smart.com\/de\/wp-json\/wp\/v2\/product_brand?post=22482"},{"taxonomy":"product_cat","embeddable":true,"href":"https:\/\/www.dt-smart.com\/de\/wp-json\/wp\/v2\/product_cat?post=22482"},{"taxonomy":"product_tag","embeddable":true,"href":"https:\/\/www.dt-smart.com\/de\/wp-json\/wp\/v2\/product_tag?post=22482"}],"curies":[{"name":"wp","href":"https:\/\/api.w.org\/{rel}","templated":true}]}}