{"id":22635,"date":"2025-08-30T11:48:15","date_gmt":"2025-08-30T03:48:15","guid":{"rendered":"https:\/\/www.insurepart.com\/?post_type=product&#038;p=22635"},"modified":"2026-03-04T12:10:56","modified_gmt":"2026-03-04T04:10:56","slug":"reliable-lcd-screen-replacement-for-samsung-galaxy-a06-featuring-enhanced-display-clarity-and-durable-construction","status":"publish","type":"product","link":"https:\/\/www.dt-smart.com\/de\/produkt\/reliable-lcd-screen-replacement-for-samsung-galaxy-a06-featuring-enhanced-display-clarity-and-durable-construction\/","title":{"rendered":"Samsung Galaxy A06+ LCD-Bildschirm-Austausch \u2013 Verbesserte Bildsch\u00e4rfe &amp; robuste Konstruktion \u2013 Langlebig \u2013 Qualit\u00e4tsgarantie \u2013 Schneller Versand"},"content":{"rendered":"<p style=\"text-align: center;\"><img fetchpriority=\"high\" decoding=\"async\" class=\"alignnone size-full wp-image-15567\" src=\"https:\/\/www.insurepart.com\/wp-content\/uploads\/2024\/08\/\u4e3a\u4ec0\u4e48\u9009\u62e9\u6211\u4eec22.webp\" alt=\"\" width=\"1000\" height=\"786\" srcset=\"https:\/\/www.dt-smart.com\/wp-content\/uploads\/2024\/08\/\u4e3a\u4ec0\u4e48\u9009\u62e9\u6211\u4eec22.webp 1000w, https:\/\/www.dt-smart.com\/wp-content\/uploads\/2024\/08\/\u4e3a\u4ec0\u4e48\u9009\u62e9\u6211\u4eec22-300x236.webp 300w, https:\/\/www.dt-smart.com\/wp-content\/uploads\/2024\/08\/\u4e3a\u4ec0\u4e48\u9009\u62e9\u6211\u4eec22-150x118.webp 150w, https:\/\/www.dt-smart.com\/wp-content\/uploads\/2024\/08\/\u4e3a\u4ec0\u4e48\u9009\u62e9\u6211\u4eec22-800x629.webp 800w, https:\/\/www.dt-smart.com\/wp-content\/uploads\/2024\/08\/\u4e3a\u4ec0\u4e48\u9009\u62e9\u6211\u4eec22-768x604.webp 768w, https:\/\/www.dt-smart.com\/wp-content\/uploads\/2024\/08\/\u4e3a\u4ec0\u4e48\u9009\u62e9\u6211\u4eec22-15x12.webp 15w\" sizes=\"(max-width: 1000px) 100vw, 1000px\" \/><\/p>","protected":false},"excerpt":{"rendered":"<p><span style=\"font-size: 10pt;\">Der LCD-Bildschirmtausch f\u00fcr das Samsung Galaxy A06+ stellt den Originalzustand des Displays wieder her und sorgt f\u00fcr klare, brillante Bilder. Er ist f\u00fcr eine fl\u00fcssige Touch-Bedienung konzipiert und gew\u00e4hrleistet schnelle Reaktionszeiten sowie eine pr\u00e4zise Farbwiedergabe. Der Bildschirm besteht aus hochwertigen Materialien und ist daher besonders langlebig und f\u00fcr den t\u00e4glichen Gebrauch geeignet. Er ist die ideale L\u00f6sung f\u00fcr Nutzer mit Problemen wie gesprungenen Bildschirmen, nicht reagierendem Touchscreen oder unzureichender Displayhelligkeit. F\u00fcr eine perfekte Ausrichtung und zuverl\u00e4ssige Funktion sind professionelles Werkzeug und Fachkenntnisse erforderlich.<\/span><\/p>","protected":false},"featured_media":22602,"comment_status":"open","ping_status":"closed","template":"","meta":[],"product_brand":[],"product_cat":[49,1398,21],"product_tag":[],"class_list":{"0":"post-22635","1":"product","2":"type-product","3":"status-publish","4":"has-post-thumbnail","6":"product_cat-a-series","7":"product_cat-a06-a-series","8":"product_cat-samsung","10":"first","11":"instock","12":"taxable","13":"shipping-taxable","14":"purchasable","15":"product-type-variable"},"yoast_head":"<!-- This site is optimized with the Yoast SEO plugin v27.4 - https:\/\/yoast.com\/product\/yoast-seo-wordpress\/ -->\n<title>Samsung Galaxy A06+ LCD Screen Replacement - Enhanced Display Clarity &amp; Durable Construction - Built to Last - Quality Guaranteed - Fast Shipping - InsurePart<\/title>\n<meta name=\"description\" content=\"Samsung Galaxy A06+ LCD Screen Replacement - Enhanced Display Clarity &amp; Durable Construction - Built to Last - Quality Guaranteed - Fast Shipping\" \/>\n<meta name=\"robots\" content=\"index, follow, max-snippet:-1, max-image-preview:large, max-video-preview:-1\" \/>\n<link rel=\"canonical\" href=\"https:\/\/www.dt-smart.com\/de\/produkt\/reliable-lcd-screen-replacement-for-samsung-galaxy-a06-featuring-enhanced-display-clarity-and-durable-construction\/\" \/>\n<meta property=\"og:locale\" content=\"de_DE\" \/>\n<meta property=\"og:type\" content=\"article\" \/>\n<meta property=\"og:title\" content=\"Samsung Galaxy A06+ LCD Screen Replacement - Enhanced Display Clarity &amp; Durable Construction - Built to Last - Quality Guaranteed - Fast Shipping - InsurePart\" \/>\n<meta property=\"og:description\" content=\"Samsung Galaxy A06+ LCD Screen Replacement - Enhanced Display Clarity &amp; Durable Construction - Built to Last - Quality Guaranteed - Fast Shipping\" \/>\n<meta property=\"og:url\" content=\"https:\/\/www.dt-smart.com\/de\/produkt\/reliable-lcd-screen-replacement-for-samsung-galaxy-a06-featuring-enhanced-display-clarity-and-durable-construction\/\" \/>\n<meta property=\"og:site_name\" content=\"InsurePart\" \/>\n<meta property=\"article:publisher\" content=\"https:\/\/www.facebook.com\/anjinleeEva\" \/>\n<meta property=\"article:modified_time\" content=\"2026-03-04T04:10:56+00:00\" \/>\n<meta property=\"og:image\" content=\"https:\/\/www.dt-smart.com\/wp-content\/uploads\/2025\/08\/A6-1.webp\" \/>\n\t<meta property=\"og:image:width\" content=\"800\" \/>\n\t<meta property=\"og:image:height\" content=\"800\" \/>\n\t<meta property=\"og:image:type\" content=\"image\/webp\" \/>\n<meta name=\"twitter:card\" content=\"summary_large_image\" \/>\n<meta name=\"twitter:label1\" content=\"Gesch\u00e4tzte Lesezeit\" \/>\n\t<meta name=\"twitter:data1\" content=\"1\u00a0Minute\" \/>\n<script type=\"application\/ld+json\" class=\"yoast-schema-graph\">{\"@context\":\"https:\\\/\\\/schema.org\",\"@graph\":[{\"@type\":\"WebPage\",\"@id\":\"https:\\\/\\\/www.dt-smart.com\\\/product\\\/reliable-lcd-screen-replacement-for-samsung-galaxy-a06-featuring-enhanced-display-clarity-and-durable-construction\\\/\",\"url\":\"https:\\\/\\\/www.dt-smart.com\\\/product\\\/reliable-lcd-screen-replacement-for-samsung-galaxy-a06-featuring-enhanced-display-clarity-and-durable-construction\\\/\",\"name\":\"Samsung Galaxy A06+ LCD Screen Replacement - Enhanced Display Clarity & Durable Construction - Built to Last - Quality Guaranteed - Fast Shipping - InsurePart\",\"isPartOf\":{\"@id\":\"https:\\\/\\\/www.dt-smart.com\\\/#website\"},\"primaryImageOfPage\":{\"@id\":\"https:\\\/\\\/www.dt-smart.com\\\/product\\\/reliable-lcd-screen-replacement-for-samsung-galaxy-a06-featuring-enhanced-display-clarity-and-durable-construction\\\/#primaryimage\"},\"image\":{\"@id\":\"https:\\\/\\\/www.dt-smart.com\\\/product\\\/reliable-lcd-screen-replacement-for-samsung-galaxy-a06-featuring-enhanced-display-clarity-and-durable-construction\\\/#primaryimage\"},\"thumbnailUrl\":\"https:\\\/\\\/www.dt-smart.com\\\/wp-content\\\/uploads\\\/2025\\\/08\\\/A6-1.webp\",\"datePublished\":\"2025-08-30T03:48:15+00:00\",\"dateModified\":\"2026-03-04T04:10:56+00:00\",\"description\":\"Samsung Galaxy A06+ LCD Screen Replacement - Enhanced Display Clarity & Durable Construction - Built to Last - Quality Guaranteed - Fast Shipping\",\"breadcrumb\":{\"@id\":\"https:\\\/\\\/www.dt-smart.com\\\/product\\\/reliable-lcd-screen-replacement-for-samsung-galaxy-a06-featuring-enhanced-display-clarity-and-durable-construction\\\/#breadcrumb\"},\"inLanguage\":\"de\",\"potentialAction\":[{\"@type\":\"ReadAction\",\"target\":[\"https:\\\/\\\/www.dt-smart.com\\\/product\\\/reliable-lcd-screen-replacement-for-samsung-galaxy-a06-featuring-enhanced-display-clarity-and-durable-construction\\\/\"]}]},{\"@type\":\"ImageObject\",\"inLanguage\":\"de\",\"@id\":\"https:\\\/\\\/www.dt-smart.com\\\/product\\\/reliable-lcd-screen-replacement-for-samsung-galaxy-a06-featuring-enhanced-display-clarity-and-durable-construction\\\/#primaryimage\",\"url\":\"https:\\\/\\\/www.dt-smart.com\\\/wp-content\\\/uploads\\\/2025\\\/08\\\/A6-1.webp\",\"contentUrl\":\"https:\\\/\\\/www.dt-smart.com\\\/wp-content\\\/uploads\\\/2025\\\/08\\\/A6-1.webp\",\"width\":800,\"height\":800},{\"@type\":\"BreadcrumbList\",\"@id\":\"https:\\\/\\\/www.dt-smart.com\\\/product\\\/reliable-lcd-screen-replacement-for-samsung-galaxy-a06-featuring-enhanced-display-clarity-and-durable-construction\\\/#breadcrumb\",\"itemListElement\":[{\"@type\":\"ListItem\",\"position\":1,\"name\":\"Home\",\"item\":\"https:\\\/\\\/www.dt-smart.com\\\/\"},{\"@type\":\"ListItem\",\"position\":2,\"name\":\"Product\",\"item\":\"https:\\\/\\\/www.dt-smart.com\\\/ru\\\/product\\\/\"},{\"@type\":\"ListItem\",\"position\":3,\"name\":\"Samsung Galaxy A06+ LCD Screen Replacement &#8211; Enhanced Display Clarity &#038; Durable Construction &#8211; Built to Last &#8211; Quality Guaranteed &#8211; Fast Shipping\"}]},{\"@type\":\"WebSite\",\"@id\":\"https:\\\/\\\/www.dt-smart.com\\\/#website\",\"url\":\"https:\\\/\\\/www.dt-smart.com\\\/\",\"name\":\"InsurePart\",\"description\":\"Cell Phone Repair Parts; iPhone Parts Wholesale;Samsung Parts Supplier\",\"potentialAction\":[{\"@type\":\"SearchAction\",\"target\":{\"@type\":\"EntryPoint\",\"urlTemplate\":\"https:\\\/\\\/www.dt-smart.com\\\/?s={search_term_string}\"},\"query-input\":{\"@type\":\"PropertyValueSpecification\",\"valueRequired\":true,\"valueName\":\"search_term_string\"}}],\"inLanguage\":\"de\"}]}<\/script>\n<!-- \/ Yoast SEO plugin. -->","yoast_head_json":{"title":"Samsung Galaxy A06+ LCD Screen Replacement - Enhanced Display Clarity & Durable Construction - Built to Last - Quality Guaranteed - Fast Shipping - InsurePart","description":"Samsung Galaxy A06+ LCD Screen Replacement - Enhanced Display Clarity & Durable Construction - Built to Last - Quality Guaranteed - Fast Shipping","robots":{"index":"index","follow":"follow","max-snippet":"max-snippet:-1","max-image-preview":"max-image-preview:large","max-video-preview":"max-video-preview:-1"},"canonical":"https:\/\/www.dt-smart.com\/de\/produkt\/reliable-lcd-screen-replacement-for-samsung-galaxy-a06-featuring-enhanced-display-clarity-and-durable-construction\/","og_locale":"de_DE","og_type":"article","og_title":"Samsung Galaxy A06+ LCD Screen Replacement - Enhanced Display Clarity & Durable Construction - Built to Last - Quality Guaranteed - Fast Shipping - InsurePart","og_description":"Samsung Galaxy A06+ LCD Screen Replacement - Enhanced Display Clarity & Durable Construction - Built to Last - Quality Guaranteed - Fast Shipping","og_url":"https:\/\/www.dt-smart.com\/de\/produkt\/reliable-lcd-screen-replacement-for-samsung-galaxy-a06-featuring-enhanced-display-clarity-and-durable-construction\/","og_site_name":"InsurePart","article_publisher":"https:\/\/www.facebook.com\/anjinleeEva","article_modified_time":"2026-03-04T04:10:56+00:00","og_image":[{"width":800,"height":800,"url":"https:\/\/www.dt-smart.com\/wp-content\/uploads\/2025\/08\/A6-1.webp","type":"image\/webp"}],"twitter_card":"summary_large_image","twitter_misc":{"Gesch\u00e4tzte Lesezeit":"1\u00a0Minute"},"schema":{"@context":"https:\/\/schema.org","@graph":[{"@type":"WebPage","@id":"https:\/\/www.dt-smart.com\/product\/reliable-lcd-screen-replacement-for-samsung-galaxy-a06-featuring-enhanced-display-clarity-and-durable-construction\/","url":"https:\/\/www.dt-smart.com\/product\/reliable-lcd-screen-replacement-for-samsung-galaxy-a06-featuring-enhanced-display-clarity-and-durable-construction\/","name":"Samsung Galaxy A06+ LCD Screen Replacement - Enhanced Display Clarity & Durable Construction - Built to Last - Quality Guaranteed - Fast Shipping - InsurePart","isPartOf":{"@id":"https:\/\/www.dt-smart.com\/#website"},"primaryImageOfPage":{"@id":"https:\/\/www.dt-smart.com\/product\/reliable-lcd-screen-replacement-for-samsung-galaxy-a06-featuring-enhanced-display-clarity-and-durable-construction\/#primaryimage"},"image":{"@id":"https:\/\/www.dt-smart.com\/product\/reliable-lcd-screen-replacement-for-samsung-galaxy-a06-featuring-enhanced-display-clarity-and-durable-construction\/#primaryimage"},"thumbnailUrl":"https:\/\/www.dt-smart.com\/wp-content\/uploads\/2025\/08\/A6-1.webp","datePublished":"2025-08-30T03:48:15+00:00","dateModified":"2026-03-04T04:10:56+00:00","description":"Samsung Galaxy A06+ LCD Screen Replacement - Enhanced Display Clarity & Durable Construction - Built to Last - Quality Guaranteed - Fast Shipping","breadcrumb":{"@id":"https:\/\/www.dt-smart.com\/product\/reliable-lcd-screen-replacement-for-samsung-galaxy-a06-featuring-enhanced-display-clarity-and-durable-construction\/#breadcrumb"},"inLanguage":"de","potentialAction":[{"@type":"ReadAction","target":["https:\/\/www.dt-smart.com\/product\/reliable-lcd-screen-replacement-for-samsung-galaxy-a06-featuring-enhanced-display-clarity-and-durable-construction\/"]}]},{"@type":"ImageObject","inLanguage":"de","@id":"https:\/\/www.dt-smart.com\/product\/reliable-lcd-screen-replacement-for-samsung-galaxy-a06-featuring-enhanced-display-clarity-and-durable-construction\/#primaryimage","url":"https:\/\/www.dt-smart.com\/wp-content\/uploads\/2025\/08\/A6-1.webp","contentUrl":"https:\/\/www.dt-smart.com\/wp-content\/uploads\/2025\/08\/A6-1.webp","width":800,"height":800},{"@type":"BreadcrumbList","@id":"https:\/\/www.dt-smart.com\/product\/reliable-lcd-screen-replacement-for-samsung-galaxy-a06-featuring-enhanced-display-clarity-and-durable-construction\/#breadcrumb","itemListElement":[{"@type":"ListItem","position":1,"name":"Home","item":"https:\/\/www.dt-smart.com\/"},{"@type":"ListItem","position":2,"name":"Product","item":"https:\/\/www.dt-smart.com\/ru\/product\/"},{"@type":"ListItem","position":3,"name":"Samsung Galaxy A06+ LCD Screen Replacement &#8211; Enhanced Display Clarity &#038; Durable Construction &#8211; Built to Last &#8211; Quality Guaranteed &#8211; Fast Shipping"}]},{"@type":"WebSite","@id":"https:\/\/www.dt-smart.com\/#website","url":"https:\/\/www.dt-smart.com\/","name":"InsurePart","description":"Handy-Ersatzteile; iPhone-Ersatzteile im Gro\u00dfhandel; Samsung-Ersatzteillieferant","potentialAction":[{"@type":"SearchAction","target":{"@type":"EntryPoint","urlTemplate":"https:\/\/www.dt-smart.com\/?s={search_term_string}"},"query-input":{"@type":"PropertyValueSpecification","valueRequired":true,"valueName":"search_term_string"}}],"inLanguage":"de"}]}},"_links":{"self":[{"href":"https:\/\/www.dt-smart.com\/de\/wp-json\/wp\/v2\/product\/22635","targetHints":{"allow":["GET"]}}],"collection":[{"href":"https:\/\/www.dt-smart.com\/de\/wp-json\/wp\/v2\/product"}],"about":[{"href":"https:\/\/www.dt-smart.com\/de\/wp-json\/wp\/v2\/types\/product"}],"replies":[{"embeddable":true,"href":"https:\/\/www.dt-smart.com\/de\/wp-json\/wp\/v2\/comments?post=22635"}],"version-history":[{"count":3,"href":"https:\/\/www.dt-smart.com\/de\/wp-json\/wp\/v2\/product\/22635\/revisions"}],"predecessor-version":[{"id":24375,"href":"https:\/\/www.dt-smart.com\/de\/wp-json\/wp\/v2\/product\/22635\/revisions\/24375"}],"wp:featuredmedia":[{"embeddable":true,"href":"https:\/\/www.dt-smart.com\/de\/wp-json\/wp\/v2\/media\/22602"}],"wp:attachment":[{"href":"https:\/\/www.dt-smart.com\/de\/wp-json\/wp\/v2\/media?parent=22635"}],"wp:term":[{"taxonomy":"product_brand","embeddable":true,"href":"https:\/\/www.dt-smart.com\/de\/wp-json\/wp\/v2\/product_brand?post=22635"},{"taxonomy":"product_cat","embeddable":true,"href":"https:\/\/www.dt-smart.com\/de\/wp-json\/wp\/v2\/product_cat?post=22635"},{"taxonomy":"product_tag","embeddable":true,"href":"https:\/\/www.dt-smart.com\/de\/wp-json\/wp\/v2\/product_tag?post=22635"}],"curies":[{"name":"wp","href":"https:\/\/api.w.org\/{rel}","templated":true}]}}