{"id":22676,"date":"2025-08-30T14:31:40","date_gmt":"2025-08-30T06:31:40","guid":{"rendered":"https:\/\/www.insurepart.com\/?post_type=product&#038;p=22676"},"modified":"2026-01-19T14:52:31","modified_gmt":"2026-01-19T06:52:31","slug":"high-resolution-amoled-display-for-samsung-galaxy-a33-featuring-vivid-colors-and-deep-contrast","status":"publish","type":"product","link":"https:\/\/www.dt-smart.com\/de\/produkt\/high-resolution-amoled-display-for-samsung-galaxy-a33-featuring-vivid-colors-and-deep-contrast\/","title":{"rendered":"Samsung Galaxy A33 AMOLED-Display-Austausch \u2013 Hochaufl\u00f6sende, lebendige Farben und tiefer Kontrast \u2013 Beeindruckendes Seherlebnis \u2013 Qualit\u00e4tsgarantie \u2013 Schneller Versand"},"content":{"rendered":"<p style=\"text-align: center;\"><img fetchpriority=\"high\" decoding=\"async\" class=\"alignnone size-full wp-image-15567\" src=\"https:\/\/www.insurepart.com\/wp-content\/uploads\/2024\/08\/\u4e3a\u4ec0\u4e48\u9009\u62e9\u6211\u4eec22.webp\" alt=\"\" width=\"1000\" height=\"786\" srcset=\"https:\/\/www.dt-smart.com\/wp-content\/uploads\/2024\/08\/\u4e3a\u4ec0\u4e48\u9009\u62e9\u6211\u4eec22.webp 1000w, https:\/\/www.dt-smart.com\/wp-content\/uploads\/2024\/08\/\u4e3a\u4ec0\u4e48\u9009\u62e9\u6211\u4eec22-300x236.webp 300w, https:\/\/www.dt-smart.com\/wp-content\/uploads\/2024\/08\/\u4e3a\u4ec0\u4e48\u9009\u62e9\u6211\u4eec22-150x118.webp 150w, https:\/\/www.dt-smart.com\/wp-content\/uploads\/2024\/08\/\u4e3a\u4ec0\u4e48\u9009\u62e9\u6211\u4eec22-800x629.webp 800w, https:\/\/www.dt-smart.com\/wp-content\/uploads\/2024\/08\/\u4e3a\u4ec0\u4e48\u9009\u62e9\u6211\u4eec22-768x604.webp 768w, https:\/\/www.dt-smart.com\/wp-content\/uploads\/2024\/08\/\u4e3a\u4ec0\u4e48\u9009\u62e9\u6211\u4eec22-15x12.webp 15w\" sizes=\"(max-width: 1000px) 100vw, 1000px\" \/><\/p>","protected":false},"excerpt":{"rendered":"<p><span style=\"font-size: 10pt;\">Das hochaufl\u00f6sende AMOLED-Display des Samsung Galaxy A33 liefert gestochen scharfe Bilder mit lebendigen Farben und tiefen Schwarzt\u00f6nen. Der Bildschirm bietet exzellenten Kontrast und Helligkeit f\u00fcr ein immersives Seherlebnis \u2013 perfekt f\u00fcr Spiele, Medien und Surfen. Die reaktionsschnelle Touch-Oberfl\u00e4che gew\u00e4hrleistet eine reibungslose Bedienung. Dank der robusten Materialien h\u00e4lt das Display den Belastungen des Alltags problemlos stand. Dieser Ersatzbildschirm ist ideal f\u00fcr Nutzer mit gesprungenen, zerbrochenen oder besch\u00e4digten Bildschirmen und stellt die Funktionalit\u00e4t und das Aussehen des Smartphones wieder her.<\/span><\/p>","protected":false},"featured_media":22577,"comment_status":"open","ping_status":"closed","template":"","meta":[],"product_brand":[],"product_cat":[49,1406,21],"product_tag":[],"class_list":{"0":"post-22676","1":"product","2":"type-product","3":"status-publish","4":"has-post-thumbnail","6":"product_cat-a-series","7":"product_cat-a33","8":"product_cat-samsung","10":"first","11":"instock","12":"taxable","13":"shipping-taxable","14":"purchasable","15":"product-type-variable"},"yoast_head":"<!-- This site is optimized with the Yoast SEO plugin v27.4 - https:\/\/yoast.com\/product\/yoast-seo-wordpress\/ -->\n<title>Samsung Galaxy A33 AMOLED Display Replacement - High-Resolution Vivid Colors &amp; Deep Contrast - Immersive Viewing Experience - Quality Guaranteed - Fast Shipping - InsurePart<\/title>\n<meta name=\"description\" content=\"Samsung Galaxy A33 AMOLED Display Replacement - High-Resolution Vivid Colors &amp; Deep Contrast - Immersive Viewing Experience - Quality Guaranteed - Fast Shipping\" \/>\n<meta name=\"robots\" content=\"index, follow, max-snippet:-1, max-image-preview:large, max-video-preview:-1\" \/>\n<link rel=\"canonical\" href=\"https:\/\/www.dt-smart.com\/de\/produkt\/high-resolution-amoled-display-for-samsung-galaxy-a33-featuring-vivid-colors-and-deep-contrast\/\" \/>\n<meta property=\"og:locale\" content=\"de_DE\" \/>\n<meta property=\"og:type\" content=\"article\" \/>\n<meta property=\"og:title\" content=\"Samsung Galaxy A33 AMOLED Display Replacement - High-Resolution Vivid Colors &amp; Deep Contrast - Immersive Viewing Experience - Quality Guaranteed - Fast Shipping - InsurePart\" \/>\n<meta property=\"og:description\" content=\"Samsung Galaxy A33 AMOLED Display Replacement - High-Resolution Vivid Colors &amp; Deep Contrast - Immersive Viewing Experience - Quality Guaranteed - Fast Shipping\" \/>\n<meta property=\"og:url\" content=\"https:\/\/www.dt-smart.com\/de\/produkt\/high-resolution-amoled-display-for-samsung-galaxy-a33-featuring-vivid-colors-and-deep-contrast\/\" \/>\n<meta property=\"og:site_name\" content=\"InsurePart\" \/>\n<meta property=\"article:publisher\" content=\"https:\/\/www.facebook.com\/anjinleeEva\" \/>\n<meta property=\"article:modified_time\" content=\"2026-01-19T06:52:31+00:00\" \/>\n<meta property=\"og:image\" content=\"https:\/\/www.dt-smart.com\/wp-content\/uploads\/2025\/08\/A33\u5e26\u6846.webp\" \/>\n\t<meta property=\"og:image:width\" content=\"800\" \/>\n\t<meta property=\"og:image:height\" content=\"800\" \/>\n\t<meta property=\"og:image:type\" content=\"image\/webp\" \/>\n<meta name=\"twitter:card\" content=\"summary_large_image\" \/>\n<meta name=\"twitter:label1\" content=\"Gesch\u00e4tzte Lesezeit\" \/>\n\t<meta name=\"twitter:data1\" content=\"1\u00a0Minute\" \/>\n<script type=\"application\/ld+json\" class=\"yoast-schema-graph\">{\"@context\":\"https:\\\/\\\/schema.org\",\"@graph\":[{\"@type\":\"WebPage\",\"@id\":\"https:\\\/\\\/www.dt-smart.com\\\/product\\\/high-resolution-amoled-display-for-samsung-galaxy-a33-featuring-vivid-colors-and-deep-contrast\\\/\",\"url\":\"https:\\\/\\\/www.dt-smart.com\\\/product\\\/high-resolution-amoled-display-for-samsung-galaxy-a33-featuring-vivid-colors-and-deep-contrast\\\/\",\"name\":\"Samsung Galaxy A33 AMOLED Display Replacement - High-Resolution Vivid Colors & Deep Contrast - Immersive Viewing Experience - Quality Guaranteed - Fast Shipping - InsurePart\",\"isPartOf\":{\"@id\":\"https:\\\/\\\/www.dt-smart.com\\\/#website\"},\"primaryImageOfPage\":{\"@id\":\"https:\\\/\\\/www.dt-smart.com\\\/product\\\/high-resolution-amoled-display-for-samsung-galaxy-a33-featuring-vivid-colors-and-deep-contrast\\\/#primaryimage\"},\"image\":{\"@id\":\"https:\\\/\\\/www.dt-smart.com\\\/product\\\/high-resolution-amoled-display-for-samsung-galaxy-a33-featuring-vivid-colors-and-deep-contrast\\\/#primaryimage\"},\"thumbnailUrl\":\"https:\\\/\\\/www.dt-smart.com\\\/wp-content\\\/uploads\\\/2025\\\/08\\\/A33\u5e26\u6846.webp\",\"datePublished\":\"2025-08-30T06:31:40+00:00\",\"dateModified\":\"2026-01-19T06:52:31+00:00\",\"description\":\"Samsung Galaxy A33 AMOLED Display Replacement - High-Resolution Vivid Colors & Deep Contrast - Immersive Viewing Experience - Quality Guaranteed - Fast Shipping\",\"breadcrumb\":{\"@id\":\"https:\\\/\\\/www.dt-smart.com\\\/product\\\/high-resolution-amoled-display-for-samsung-galaxy-a33-featuring-vivid-colors-and-deep-contrast\\\/#breadcrumb\"},\"inLanguage\":\"de\",\"potentialAction\":[{\"@type\":\"ReadAction\",\"target\":[\"https:\\\/\\\/www.dt-smart.com\\\/product\\\/high-resolution-amoled-display-for-samsung-galaxy-a33-featuring-vivid-colors-and-deep-contrast\\\/\"]}]},{\"@type\":\"ImageObject\",\"inLanguage\":\"de\",\"@id\":\"https:\\\/\\\/www.dt-smart.com\\\/product\\\/high-resolution-amoled-display-for-samsung-galaxy-a33-featuring-vivid-colors-and-deep-contrast\\\/#primaryimage\",\"url\":\"https:\\\/\\\/www.dt-smart.com\\\/wp-content\\\/uploads\\\/2025\\\/08\\\/A33\u5e26\u6846.webp\",\"contentUrl\":\"https:\\\/\\\/www.dt-smart.com\\\/wp-content\\\/uploads\\\/2025\\\/08\\\/A33\u5e26\u6846.webp\",\"width\":800,\"height\":800},{\"@type\":\"BreadcrumbList\",\"@id\":\"https:\\\/\\\/www.dt-smart.com\\\/product\\\/high-resolution-amoled-display-for-samsung-galaxy-a33-featuring-vivid-colors-and-deep-contrast\\\/#breadcrumb\",\"itemListElement\":[{\"@type\":\"ListItem\",\"position\":1,\"name\":\"Home\",\"item\":\"https:\\\/\\\/www.dt-smart.com\\\/\"},{\"@type\":\"ListItem\",\"position\":2,\"name\":\"Product\",\"item\":\"https:\\\/\\\/www.dt-smart.com\\\/ru\\\/product\\\/\"},{\"@type\":\"ListItem\",\"position\":3,\"name\":\"Samsung Galaxy A33 AMOLED Display Replacement &#8211; High-Resolution Vivid Colors &#038; Deep Contrast &#8211; Immersive Viewing Experience &#8211; Quality Guaranteed &#8211; Fast Shipping\"}]},{\"@type\":\"WebSite\",\"@id\":\"https:\\\/\\\/www.dt-smart.com\\\/#website\",\"url\":\"https:\\\/\\\/www.dt-smart.com\\\/\",\"name\":\"InsurePart\",\"description\":\"Cell Phone Repair Parts; iPhone Parts Wholesale;Samsung Parts Supplier\",\"potentialAction\":[{\"@type\":\"SearchAction\",\"target\":{\"@type\":\"EntryPoint\",\"urlTemplate\":\"https:\\\/\\\/www.dt-smart.com\\\/?s={search_term_string}\"},\"query-input\":{\"@type\":\"PropertyValueSpecification\",\"valueRequired\":true,\"valueName\":\"search_term_string\"}}],\"inLanguage\":\"de\"}]}<\/script>\n<!-- \/ Yoast SEO plugin. -->","yoast_head_json":{"title":"Samsung Galaxy A33 AMOLED Display Replacement - High-Resolution Vivid Colors & Deep Contrast - Immersive Viewing Experience - Quality Guaranteed - Fast Shipping - InsurePart","description":"Samsung Galaxy A33 AMOLED Display Replacement - High-Resolution Vivid Colors & Deep Contrast - Immersive Viewing Experience - Quality Guaranteed - Fast Shipping","robots":{"index":"index","follow":"follow","max-snippet":"max-snippet:-1","max-image-preview":"max-image-preview:large","max-video-preview":"max-video-preview:-1"},"canonical":"https:\/\/www.dt-smart.com\/de\/produkt\/high-resolution-amoled-display-for-samsung-galaxy-a33-featuring-vivid-colors-and-deep-contrast\/","og_locale":"de_DE","og_type":"article","og_title":"Samsung Galaxy A33 AMOLED Display Replacement - High-Resolution Vivid Colors & Deep Contrast - Immersive Viewing Experience - Quality Guaranteed - Fast Shipping - InsurePart","og_description":"Samsung Galaxy A33 AMOLED Display Replacement - High-Resolution Vivid Colors & Deep Contrast - Immersive Viewing Experience - Quality Guaranteed - Fast Shipping","og_url":"https:\/\/www.dt-smart.com\/de\/produkt\/high-resolution-amoled-display-for-samsung-galaxy-a33-featuring-vivid-colors-and-deep-contrast\/","og_site_name":"InsurePart","article_publisher":"https:\/\/www.facebook.com\/anjinleeEva","article_modified_time":"2026-01-19T06:52:31+00:00","og_image":[{"width":800,"height":800,"url":"https:\/\/www.dt-smart.com\/wp-content\/uploads\/2025\/08\/A33\u5e26\u6846.webp","type":"image\/webp"}],"twitter_card":"summary_large_image","twitter_misc":{"Gesch\u00e4tzte Lesezeit":"1\u00a0Minute"},"schema":{"@context":"https:\/\/schema.org","@graph":[{"@type":"WebPage","@id":"https:\/\/www.dt-smart.com\/product\/high-resolution-amoled-display-for-samsung-galaxy-a33-featuring-vivid-colors-and-deep-contrast\/","url":"https:\/\/www.dt-smart.com\/product\/high-resolution-amoled-display-for-samsung-galaxy-a33-featuring-vivid-colors-and-deep-contrast\/","name":"Samsung Galaxy A33 AMOLED Display Replacement - High-Resolution Vivid Colors & Deep Contrast - Immersive Viewing Experience - Quality Guaranteed - Fast Shipping - InsurePart","isPartOf":{"@id":"https:\/\/www.dt-smart.com\/#website"},"primaryImageOfPage":{"@id":"https:\/\/www.dt-smart.com\/product\/high-resolution-amoled-display-for-samsung-galaxy-a33-featuring-vivid-colors-and-deep-contrast\/#primaryimage"},"image":{"@id":"https:\/\/www.dt-smart.com\/product\/high-resolution-amoled-display-for-samsung-galaxy-a33-featuring-vivid-colors-and-deep-contrast\/#primaryimage"},"thumbnailUrl":"https:\/\/www.dt-smart.com\/wp-content\/uploads\/2025\/08\/A33\u5e26\u6846.webp","datePublished":"2025-08-30T06:31:40+00:00","dateModified":"2026-01-19T06:52:31+00:00","description":"Samsung Galaxy A33 AMOLED Display Replacement - High-Resolution Vivid Colors & Deep Contrast - Immersive Viewing Experience - Quality Guaranteed - Fast Shipping","breadcrumb":{"@id":"https:\/\/www.dt-smart.com\/product\/high-resolution-amoled-display-for-samsung-galaxy-a33-featuring-vivid-colors-and-deep-contrast\/#breadcrumb"},"inLanguage":"de","potentialAction":[{"@type":"ReadAction","target":["https:\/\/www.dt-smart.com\/product\/high-resolution-amoled-display-for-samsung-galaxy-a33-featuring-vivid-colors-and-deep-contrast\/"]}]},{"@type":"ImageObject","inLanguage":"de","@id":"https:\/\/www.dt-smart.com\/product\/high-resolution-amoled-display-for-samsung-galaxy-a33-featuring-vivid-colors-and-deep-contrast\/#primaryimage","url":"https:\/\/www.dt-smart.com\/wp-content\/uploads\/2025\/08\/A33\u5e26\u6846.webp","contentUrl":"https:\/\/www.dt-smart.com\/wp-content\/uploads\/2025\/08\/A33\u5e26\u6846.webp","width":800,"height":800},{"@type":"BreadcrumbList","@id":"https:\/\/www.dt-smart.com\/product\/high-resolution-amoled-display-for-samsung-galaxy-a33-featuring-vivid-colors-and-deep-contrast\/#breadcrumb","itemListElement":[{"@type":"ListItem","position":1,"name":"Home","item":"https:\/\/www.dt-smart.com\/"},{"@type":"ListItem","position":2,"name":"Product","item":"https:\/\/www.dt-smart.com\/ru\/product\/"},{"@type":"ListItem","position":3,"name":"Samsung Galaxy A33 AMOLED Display Replacement &#8211; High-Resolution Vivid Colors &#038; Deep Contrast &#8211; Immersive Viewing Experience &#8211; Quality Guaranteed &#8211; Fast Shipping"}]},{"@type":"WebSite","@id":"https:\/\/www.dt-smart.com\/#website","url":"https:\/\/www.dt-smart.com\/","name":"InsurePart","description":"Handy-Ersatzteile; iPhone-Ersatzteile im Gro\u00dfhandel; Samsung-Ersatzteillieferant","potentialAction":[{"@type":"SearchAction","target":{"@type":"EntryPoint","urlTemplate":"https:\/\/www.dt-smart.com\/?s={search_term_string}"},"query-input":{"@type":"PropertyValueSpecification","valueRequired":true,"valueName":"search_term_string"}}],"inLanguage":"de"}]}},"_links":{"self":[{"href":"https:\/\/www.dt-smart.com\/de\/wp-json\/wp\/v2\/product\/22676","targetHints":{"allow":["GET"]}}],"collection":[{"href":"https:\/\/www.dt-smart.com\/de\/wp-json\/wp\/v2\/product"}],"about":[{"href":"https:\/\/www.dt-smart.com\/de\/wp-json\/wp\/v2\/types\/product"}],"replies":[{"embeddable":true,"href":"https:\/\/www.dt-smart.com\/de\/wp-json\/wp\/v2\/comments?post=22676"}],"version-history":[{"count":3,"href":"https:\/\/www.dt-smart.com\/de\/wp-json\/wp\/v2\/product\/22676\/revisions"}],"predecessor-version":[{"id":24366,"href":"https:\/\/www.dt-smart.com\/de\/wp-json\/wp\/v2\/product\/22676\/revisions\/24366"}],"wp:featuredmedia":[{"embeddable":true,"href":"https:\/\/www.dt-smart.com\/de\/wp-json\/wp\/v2\/media\/22577"}],"wp:attachment":[{"href":"https:\/\/www.dt-smart.com\/de\/wp-json\/wp\/v2\/media?parent=22676"}],"wp:term":[{"taxonomy":"product_brand","embeddable":true,"href":"https:\/\/www.dt-smart.com\/de\/wp-json\/wp\/v2\/product_brand?post=22676"},{"taxonomy":"product_cat","embeddable":true,"href":"https:\/\/www.dt-smart.com\/de\/wp-json\/wp\/v2\/product_cat?post=22676"},{"taxonomy":"product_tag","embeddable":true,"href":"https:\/\/www.dt-smart.com\/de\/wp-json\/wp\/v2\/product_tag?post=22676"}],"curies":[{"name":"wp","href":"https:\/\/api.w.org\/{rel}","templated":true}]}}