{"id":22701,"date":"2025-08-30T15:34:54","date_gmt":"2025-08-30T07:34:54","guid":{"rendered":"https:\/\/www.insurepart.com\/?post_type=product&#038;p=22701"},"modified":"2026-01-09T15:35:00","modified_gmt":"2026-01-09T07:35:00","slug":"durable-super-amoled-display-for-samsung-galaxy-a73-featuring-high-quality-resolution-and-smooth-touch-response","status":"publish","type":"product","link":"https:\/\/www.dt-smart.com\/de\/produkt\/durable-super-amoled-display-for-samsung-galaxy-a73-featuring-high-quality-resolution-and-smooth-touch-response\/","title":{"rendered":"Samsung Galaxy A73 Super AMOLED Display-Ersatz \u2013 Hochaufl\u00f6sende Qualit\u00e4t &amp; fl\u00fcssige Touch-Reaktion \u2013 Erstklassige Langlebigkeit \u2013 Qualit\u00e4tsgarantie \u2013 Schneller Versand"},"content":{"rendered":"<p style=\"text-align: center;\"><img fetchpriority=\"high\" decoding=\"async\" class=\"alignnone size-full wp-image-15567\" src=\"https:\/\/www.insurepart.com\/wp-content\/uploads\/2024\/08\/\u4e3a\u4ec0\u4e48\u9009\u62e9\u6211\u4eec22.webp\" alt=\"\" width=\"1000\" height=\"786\" srcset=\"https:\/\/www.dt-smart.com\/wp-content\/uploads\/2024\/08\/\u4e3a\u4ec0\u4e48\u9009\u62e9\u6211\u4eec22.webp 1000w, https:\/\/www.dt-smart.com\/wp-content\/uploads\/2024\/08\/\u4e3a\u4ec0\u4e48\u9009\u62e9\u6211\u4eec22-300x236.webp 300w, https:\/\/www.dt-smart.com\/wp-content\/uploads\/2024\/08\/\u4e3a\u4ec0\u4e48\u9009\u62e9\u6211\u4eec22-150x118.webp 150w, https:\/\/www.dt-smart.com\/wp-content\/uploads\/2024\/08\/\u4e3a\u4ec0\u4e48\u9009\u62e9\u6211\u4eec22-800x629.webp 800w, https:\/\/www.dt-smart.com\/wp-content\/uploads\/2024\/08\/\u4e3a\u4ec0\u4e48\u9009\u62e9\u6211\u4eec22-768x604.webp 768w, https:\/\/www.dt-smart.com\/wp-content\/uploads\/2024\/08\/\u4e3a\u4ec0\u4e48\u9009\u62e9\u6211\u4eec22-15x12.webp 15w\" sizes=\"(max-width: 1000px) 100vw, 1000px\" \/><\/p>","protected":false},"excerpt":{"rendered":"<p><span style=\"font-size: 10pt;\">Das Super-AMOLED-Display des Samsung Galaxy A73 bietet eine hohe Aufl\u00f6sung mit tiefen Schwarzt\u00f6nen und lebendigen Farben. Es sorgt f\u00fcr ein immersives Seherlebnis beim Medienkonsum und Spielen. Die reaktionsschnelle Touch-Empfindlichkeit gew\u00e4hrleistet eine fl\u00fcssige Navigation und optimale Leistung. Das robuste Display ist widerstandsf\u00e4hig gegen allt\u00e4gliche Abnutzung. Dieses Ersatzteil eignet sich ideal zur Reparatur von gesprungenen, besch\u00e4digten oder nicht reagierenden Displays und bietet eine kosteng\u00fcnstige L\u00f6sung zur Wiederherstellung der Bildqualit\u00e4t Ihres Ger\u00e4ts.<\/span><\/p>","protected":false},"featured_media":22551,"comment_status":"open","ping_status":"closed","template":"","meta":[],"product_brand":[],"product_cat":[49,1414,21],"product_tag":[],"class_list":{"0":"post-22701","1":"product","2":"type-product","3":"status-publish","4":"has-post-thumbnail","6":"product_cat-a-series","7":"product_cat-a73","8":"product_cat-samsung","10":"first","11":"instock","12":"taxable","13":"shipping-taxable","14":"purchasable","15":"product-type-simple"},"yoast_head":"<!-- This site is optimized with the Yoast SEO plugin v27.4 - https:\/\/yoast.com\/product\/yoast-seo-wordpress\/ -->\n<title>Samsung Galaxy A73 Super AMOLED Display Replacement - High-Quality Resolution &amp; Smooth Touch Response - Premium Durability - Quality Guaranteed - Fast Shipping - InsurePart<\/title>\n<meta name=\"description\" content=\"Samsung Galaxy A73 Super AMOLED Display Replacement - High-Quality Resolution &amp; Smooth Touch Response - Premium Durability - Quality Guaranteed - Fast Shipping\" \/>\n<meta name=\"robots\" content=\"index, follow, max-snippet:-1, max-image-preview:large, max-video-preview:-1\" \/>\n<link rel=\"canonical\" href=\"https:\/\/www.dt-smart.com\/de\/produkt\/durable-super-amoled-display-for-samsung-galaxy-a73-featuring-high-quality-resolution-and-smooth-touch-response\/\" \/>\n<meta property=\"og:locale\" content=\"de_DE\" \/>\n<meta property=\"og:type\" content=\"article\" \/>\n<meta property=\"og:title\" content=\"Samsung Galaxy A73 Super AMOLED Display Replacement - High-Quality Resolution &amp; Smooth Touch Response - Premium Durability - Quality Guaranteed - Fast Shipping - InsurePart\" \/>\n<meta property=\"og:description\" content=\"Samsung Galaxy A73 Super AMOLED Display Replacement - High-Quality Resolution &amp; Smooth Touch Response - Premium Durability - Quality Guaranteed - Fast Shipping\" \/>\n<meta property=\"og:url\" content=\"https:\/\/www.dt-smart.com\/de\/produkt\/durable-super-amoled-display-for-samsung-galaxy-a73-featuring-high-quality-resolution-and-smooth-touch-response\/\" \/>\n<meta property=\"og:site_name\" content=\"InsurePart\" \/>\n<meta property=\"article:publisher\" content=\"https:\/\/www.facebook.com\/anjinleeEva\" \/>\n<meta property=\"article:modified_time\" content=\"2026-01-09T07:35:00+00:00\" \/>\n<meta property=\"og:image\" content=\"https:\/\/www.dt-smart.com\/wp-content\/uploads\/2025\/08\/A73-1.webp\" \/>\n\t<meta property=\"og:image:width\" content=\"800\" \/>\n\t<meta property=\"og:image:height\" content=\"800\" \/>\n\t<meta property=\"og:image:type\" content=\"image\/webp\" \/>\n<meta name=\"twitter:card\" content=\"summary_large_image\" \/>\n<meta name=\"twitter:label1\" content=\"Gesch\u00e4tzte Lesezeit\" \/>\n\t<meta name=\"twitter:data1\" content=\"1\u00a0Minute\" \/>\n<script type=\"application\/ld+json\" class=\"yoast-schema-graph\">{\"@context\":\"https:\\\/\\\/schema.org\",\"@graph\":[{\"@type\":\"WebPage\",\"@id\":\"https:\\\/\\\/www.dt-smart.com\\\/product\\\/durable-super-amoled-display-for-samsung-galaxy-a73-featuring-high-quality-resolution-and-smooth-touch-response\\\/\",\"url\":\"https:\\\/\\\/www.dt-smart.com\\\/product\\\/durable-super-amoled-display-for-samsung-galaxy-a73-featuring-high-quality-resolution-and-smooth-touch-response\\\/\",\"name\":\"Samsung Galaxy A73 Super AMOLED Display Replacement - High-Quality Resolution & Smooth Touch Response - Premium Durability - Quality Guaranteed - Fast Shipping - InsurePart\",\"isPartOf\":{\"@id\":\"https:\\\/\\\/www.dt-smart.com\\\/#website\"},\"primaryImageOfPage\":{\"@id\":\"https:\\\/\\\/www.dt-smart.com\\\/product\\\/durable-super-amoled-display-for-samsung-galaxy-a73-featuring-high-quality-resolution-and-smooth-touch-response\\\/#primaryimage\"},\"image\":{\"@id\":\"https:\\\/\\\/www.dt-smart.com\\\/product\\\/durable-super-amoled-display-for-samsung-galaxy-a73-featuring-high-quality-resolution-and-smooth-touch-response\\\/#primaryimage\"},\"thumbnailUrl\":\"https:\\\/\\\/www.dt-smart.com\\\/wp-content\\\/uploads\\\/2025\\\/08\\\/A73-1.webp\",\"datePublished\":\"2025-08-30T07:34:54+00:00\",\"dateModified\":\"2026-01-09T07:35:00+00:00\",\"description\":\"Samsung Galaxy A73 Super AMOLED Display Replacement - High-Quality Resolution & Smooth Touch Response - Premium Durability - Quality Guaranteed - Fast Shipping\",\"breadcrumb\":{\"@id\":\"https:\\\/\\\/www.dt-smart.com\\\/product\\\/durable-super-amoled-display-for-samsung-galaxy-a73-featuring-high-quality-resolution-and-smooth-touch-response\\\/#breadcrumb\"},\"inLanguage\":\"de\",\"potentialAction\":[{\"@type\":\"ReadAction\",\"target\":[\"https:\\\/\\\/www.dt-smart.com\\\/product\\\/durable-super-amoled-display-for-samsung-galaxy-a73-featuring-high-quality-resolution-and-smooth-touch-response\\\/\"]}]},{\"@type\":\"ImageObject\",\"inLanguage\":\"de\",\"@id\":\"https:\\\/\\\/www.dt-smart.com\\\/product\\\/durable-super-amoled-display-for-samsung-galaxy-a73-featuring-high-quality-resolution-and-smooth-touch-response\\\/#primaryimage\",\"url\":\"https:\\\/\\\/www.dt-smart.com\\\/wp-content\\\/uploads\\\/2025\\\/08\\\/A73-1.webp\",\"contentUrl\":\"https:\\\/\\\/www.dt-smart.com\\\/wp-content\\\/uploads\\\/2025\\\/08\\\/A73-1.webp\",\"width\":800,\"height\":800},{\"@type\":\"BreadcrumbList\",\"@id\":\"https:\\\/\\\/www.dt-smart.com\\\/product\\\/durable-super-amoled-display-for-samsung-galaxy-a73-featuring-high-quality-resolution-and-smooth-touch-response\\\/#breadcrumb\",\"itemListElement\":[{\"@type\":\"ListItem\",\"position\":1,\"name\":\"Home\",\"item\":\"https:\\\/\\\/www.dt-smart.com\\\/\"},{\"@type\":\"ListItem\",\"position\":2,\"name\":\"Product\",\"item\":\"https:\\\/\\\/www.dt-smart.com\\\/ru\\\/product\\\/\"},{\"@type\":\"ListItem\",\"position\":3,\"name\":\"Samsung Galaxy A73 Super AMOLED Display Replacement &#8211; High-Quality Resolution &#038; Smooth Touch Response &#8211; Premium Durability &#8211; Quality Guaranteed &#8211; Fast Shipping\"}]},{\"@type\":\"WebSite\",\"@id\":\"https:\\\/\\\/www.dt-smart.com\\\/#website\",\"url\":\"https:\\\/\\\/www.dt-smart.com\\\/\",\"name\":\"InsurePart\",\"description\":\"Cell Phone Repair Parts; iPhone Parts Wholesale;Samsung Parts Supplier\",\"potentialAction\":[{\"@type\":\"SearchAction\",\"target\":{\"@type\":\"EntryPoint\",\"urlTemplate\":\"https:\\\/\\\/www.dt-smart.com\\\/?s={search_term_string}\"},\"query-input\":{\"@type\":\"PropertyValueSpecification\",\"valueRequired\":true,\"valueName\":\"search_term_string\"}}],\"inLanguage\":\"de\"}]}<\/script>\n<!-- \/ Yoast SEO plugin. -->","yoast_head_json":{"title":"Samsung Galaxy A73 Super AMOLED Display Replacement - High-Quality Resolution & Smooth Touch Response - Premium Durability - Quality Guaranteed - Fast Shipping - InsurePart","description":"Samsung Galaxy A73 Super AMOLED Display Replacement - High-Quality Resolution & Smooth Touch Response - Premium Durability - Quality Guaranteed - Fast Shipping","robots":{"index":"index","follow":"follow","max-snippet":"max-snippet:-1","max-image-preview":"max-image-preview:large","max-video-preview":"max-video-preview:-1"},"canonical":"https:\/\/www.dt-smart.com\/de\/produkt\/durable-super-amoled-display-for-samsung-galaxy-a73-featuring-high-quality-resolution-and-smooth-touch-response\/","og_locale":"de_DE","og_type":"article","og_title":"Samsung Galaxy A73 Super AMOLED Display Replacement - High-Quality Resolution & Smooth Touch Response - Premium Durability - Quality Guaranteed - Fast Shipping - InsurePart","og_description":"Samsung Galaxy A73 Super AMOLED Display Replacement - High-Quality Resolution & Smooth Touch Response - Premium Durability - Quality Guaranteed - Fast Shipping","og_url":"https:\/\/www.dt-smart.com\/de\/produkt\/durable-super-amoled-display-for-samsung-galaxy-a73-featuring-high-quality-resolution-and-smooth-touch-response\/","og_site_name":"InsurePart","article_publisher":"https:\/\/www.facebook.com\/anjinleeEva","article_modified_time":"2026-01-09T07:35:00+00:00","og_image":[{"width":800,"height":800,"url":"https:\/\/www.dt-smart.com\/wp-content\/uploads\/2025\/08\/A73-1.webp","type":"image\/webp"}],"twitter_card":"summary_large_image","twitter_misc":{"Gesch\u00e4tzte Lesezeit":"1\u00a0Minute"},"schema":{"@context":"https:\/\/schema.org","@graph":[{"@type":"WebPage","@id":"https:\/\/www.dt-smart.com\/product\/durable-super-amoled-display-for-samsung-galaxy-a73-featuring-high-quality-resolution-and-smooth-touch-response\/","url":"https:\/\/www.dt-smart.com\/product\/durable-super-amoled-display-for-samsung-galaxy-a73-featuring-high-quality-resolution-and-smooth-touch-response\/","name":"Samsung Galaxy A73 Super AMOLED Display Replacement - High-Quality Resolution & Smooth Touch Response - Premium Durability - Quality Guaranteed - Fast Shipping - InsurePart","isPartOf":{"@id":"https:\/\/www.dt-smart.com\/#website"},"primaryImageOfPage":{"@id":"https:\/\/www.dt-smart.com\/product\/durable-super-amoled-display-for-samsung-galaxy-a73-featuring-high-quality-resolution-and-smooth-touch-response\/#primaryimage"},"image":{"@id":"https:\/\/www.dt-smart.com\/product\/durable-super-amoled-display-for-samsung-galaxy-a73-featuring-high-quality-resolution-and-smooth-touch-response\/#primaryimage"},"thumbnailUrl":"https:\/\/www.dt-smart.com\/wp-content\/uploads\/2025\/08\/A73-1.webp","datePublished":"2025-08-30T07:34:54+00:00","dateModified":"2026-01-09T07:35:00+00:00","description":"Samsung Galaxy A73 Super AMOLED Display Replacement - High-Quality Resolution & Smooth Touch Response - Premium Durability - Quality Guaranteed - Fast Shipping","breadcrumb":{"@id":"https:\/\/www.dt-smart.com\/product\/durable-super-amoled-display-for-samsung-galaxy-a73-featuring-high-quality-resolution-and-smooth-touch-response\/#breadcrumb"},"inLanguage":"de","potentialAction":[{"@type":"ReadAction","target":["https:\/\/www.dt-smart.com\/product\/durable-super-amoled-display-for-samsung-galaxy-a73-featuring-high-quality-resolution-and-smooth-touch-response\/"]}]},{"@type":"ImageObject","inLanguage":"de","@id":"https:\/\/www.dt-smart.com\/product\/durable-super-amoled-display-for-samsung-galaxy-a73-featuring-high-quality-resolution-and-smooth-touch-response\/#primaryimage","url":"https:\/\/www.dt-smart.com\/wp-content\/uploads\/2025\/08\/A73-1.webp","contentUrl":"https:\/\/www.dt-smart.com\/wp-content\/uploads\/2025\/08\/A73-1.webp","width":800,"height":800},{"@type":"BreadcrumbList","@id":"https:\/\/www.dt-smart.com\/product\/durable-super-amoled-display-for-samsung-galaxy-a73-featuring-high-quality-resolution-and-smooth-touch-response\/#breadcrumb","itemListElement":[{"@type":"ListItem","position":1,"name":"Home","item":"https:\/\/www.dt-smart.com\/"},{"@type":"ListItem","position":2,"name":"Product","item":"https:\/\/www.dt-smart.com\/ru\/product\/"},{"@type":"ListItem","position":3,"name":"Samsung Galaxy A73 Super AMOLED Display Replacement &#8211; High-Quality Resolution &#038; Smooth Touch Response &#8211; Premium Durability &#8211; Quality Guaranteed &#8211; Fast Shipping"}]},{"@type":"WebSite","@id":"https:\/\/www.dt-smart.com\/#website","url":"https:\/\/www.dt-smart.com\/","name":"InsurePart","description":"Handy-Ersatzteile; iPhone-Ersatzteile im Gro\u00dfhandel; Samsung-Ersatzteillieferant","potentialAction":[{"@type":"SearchAction","target":{"@type":"EntryPoint","urlTemplate":"https:\/\/www.dt-smart.com\/?s={search_term_string}"},"query-input":{"@type":"PropertyValueSpecification","valueRequired":true,"valueName":"search_term_string"}}],"inLanguage":"de"}]}},"_links":{"self":[{"href":"https:\/\/www.dt-smart.com\/de\/wp-json\/wp\/v2\/product\/22701","targetHints":{"allow":["GET"]}}],"collection":[{"href":"https:\/\/www.dt-smart.com\/de\/wp-json\/wp\/v2\/product"}],"about":[{"href":"https:\/\/www.dt-smart.com\/de\/wp-json\/wp\/v2\/types\/product"}],"replies":[{"embeddable":true,"href":"https:\/\/www.dt-smart.com\/de\/wp-json\/wp\/v2\/comments?post=22701"}],"version-history":[{"count":3,"href":"https:\/\/www.dt-smart.com\/de\/wp-json\/wp\/v2\/product\/22701\/revisions"}],"predecessor-version":[{"id":24358,"href":"https:\/\/www.dt-smart.com\/de\/wp-json\/wp\/v2\/product\/22701\/revisions\/24358"}],"wp:featuredmedia":[{"embeddable":true,"href":"https:\/\/www.dt-smart.com\/de\/wp-json\/wp\/v2\/media\/22551"}],"wp:attachment":[{"href":"https:\/\/www.dt-smart.com\/de\/wp-json\/wp\/v2\/media?parent=22701"}],"wp:term":[{"taxonomy":"product_brand","embeddable":true,"href":"https:\/\/www.dt-smart.com\/de\/wp-json\/wp\/v2\/product_brand?post=22701"},{"taxonomy":"product_cat","embeddable":true,"href":"https:\/\/www.dt-smart.com\/de\/wp-json\/wp\/v2\/product_cat?post=22701"},{"taxonomy":"product_tag","embeddable":true,"href":"https:\/\/www.dt-smart.com\/de\/wp-json\/wp\/v2\/product_tag?post=22701"}],"curies":[{"name":"wp","href":"https:\/\/api.w.org\/{rel}","templated":true}]}}