{"id":22756,"date":"2025-09-03T17:08:45","date_gmt":"2025-09-03T09:08:45","guid":{"rendered":"https:\/\/www.insurepart.com\/?post_type=product&#038;p=22756"},"modified":"2025-12-26T10:58:03","modified_gmt":"2025-12-26T02:58:03","slug":"high-quality-vibration-motor-replacement-for-iphone-16-with-reliable-performance-and-long-lasting-durability","status":"publish","type":"product","link":"https:\/\/www.dt-smart.com\/de\/produkt\/high-quality-vibration-motor-replacement-for-iphone-16-with-reliable-performance-and-long-lasting-durability\/","title":{"rendered":"iPhone 16 Vibrationsmotor-Ersatz \u2013 Zuverl\u00e4ssige Leistung &amp; lange Lebensdauer \u2013 Hochwertige Verarbeitung &amp; pr\u00e4zise Passform \u2013 Erstausr\u00fcsterqualit\u00e4t \u2013 Schneller Versand"},"content":{"rendered":"<p style=\"text-align: center;\"><img fetchpriority=\"high\" decoding=\"async\" class=\"alignnone size-full wp-image-15567\" src=\"https:\/\/www.insurepart.com\/wp-content\/uploads\/2024\/08\/\u4e3a\u4ec0\u4e48\u9009\u62e9\u6211\u4eec22.webp\" alt=\"\" width=\"1000\" height=\"786\" srcset=\"https:\/\/www.dt-smart.com\/wp-content\/uploads\/2024\/08\/\u4e3a\u4ec0\u4e48\u9009\u62e9\u6211\u4eec22.webp 1000w, https:\/\/www.dt-smart.com\/wp-content\/uploads\/2024\/08\/\u4e3a\u4ec0\u4e48\u9009\u62e9\u6211\u4eec22-300x236.webp 300w, https:\/\/www.dt-smart.com\/wp-content\/uploads\/2024\/08\/\u4e3a\u4ec0\u4e48\u9009\u62e9\u6211\u4eec22-150x118.webp 150w, https:\/\/www.dt-smart.com\/wp-content\/uploads\/2024\/08\/\u4e3a\u4ec0\u4e48\u9009\u62e9\u6211\u4eec22-800x629.webp 800w, https:\/\/www.dt-smart.com\/wp-content\/uploads\/2024\/08\/\u4e3a\u4ec0\u4e48\u9009\u62e9\u6211\u4eec22-768x604.webp 768w, https:\/\/www.dt-smart.com\/wp-content\/uploads\/2024\/08\/\u4e3a\u4ec0\u4e48\u9009\u62e9\u6211\u4eec22-15x12.webp 15w\" sizes=\"(max-width: 1000px) 100vw, 1000px\" \/><\/p>","protected":false},"excerpt":{"rendered":"<p>Dieser hochwertige Vibrationsmotor f\u00fcr das iPhone 16 stellt die haptische R\u00fcckmeldung und die Vibrationsfunktion des Ger\u00e4ts wieder her, wenn der Originalmotor besch\u00e4digt ist oder nicht mehr richtig funktioniert. Der Motor ist so konstruiert, dass er starke und pr\u00e4zise Vibrationen erzeugt und so Benachrichtigungen, Warnmeldungen und die Benutzerinteraktion verbessert. Dank der robusten Materialien ist eine dauerhafte Leistung im t\u00e4glichen Gebrauch gew\u00e4hrleistet. Dieses Ersatzteil ist unerl\u00e4sslich, um Probleme wie schwache oder nicht reagierende Vibrationen, Brummger\u00e4usche oder einen kompletten Motorausfall zu beheben. Durch sein kompaktes Design sitzt der Motor sicher im Ger\u00e4t und stellt die volle Vibrationsfunktion wieder her. F\u00fcr eine korrekte Ausrichtung und um Sch\u00e4den an anderen internen Komponenten zu vermeiden, wird die Installation durch einen Fachmann empfohlen.<\/p>","protected":false},"featured_media":22760,"comment_status":"open","ping_status":"closed","template":"","meta":[],"product_brand":[],"product_cat":[42,1348],"product_tag":[],"class_list":{"0":"post-22756","1":"product","2":"type-product","3":"status-publish","4":"has-post-thumbnail","6":"product_cat-iphone","7":"product_cat-iphone-16","9":"first","10":"instock","11":"taxable","12":"shipping-taxable","13":"purchasable","14":"product-type-simple"},"yoast_head":"<!-- This site is optimized with the Yoast SEO plugin v27.4 - https:\/\/yoast.com\/product\/yoast-seo-wordpress\/ -->\n<title>iPhone 16 Vibration Motor Replacement - Reliable Performance &amp; Long-Lasting Durability - High Quality Build &amp; Precise Fit - OEM Quality - Fast Shipping - InsurePart<\/title>\n<meta name=\"description\" content=\"High Quality Vibration Motor Replacement for iPhone 16 with Reliable Performance and Long-Lasting Durability\" \/>\n<meta name=\"robots\" content=\"index, follow, max-snippet:-1, max-image-preview:large, max-video-preview:-1\" \/>\n<link rel=\"canonical\" href=\"https:\/\/www.dt-smart.com\/de\/produkt\/high-quality-vibration-motor-replacement-for-iphone-16-with-reliable-performance-and-long-lasting-durability\/\" \/>\n<meta property=\"og:locale\" content=\"de_DE\" \/>\n<meta property=\"og:type\" content=\"article\" \/>\n<meta property=\"og:title\" content=\"iPhone 16 Vibration Motor Replacement - Reliable Performance &amp; Long-Lasting Durability - High Quality Build &amp; Precise Fit - OEM Quality - Fast Shipping - InsurePart\" \/>\n<meta property=\"og:description\" content=\"High Quality Vibration Motor Replacement for iPhone 16 with Reliable Performance and Long-Lasting Durability\" \/>\n<meta property=\"og:url\" content=\"https:\/\/www.dt-smart.com\/de\/produkt\/high-quality-vibration-motor-replacement-for-iphone-16-with-reliable-performance-and-long-lasting-durability\/\" \/>\n<meta property=\"og:site_name\" content=\"InsurePart\" \/>\n<meta property=\"article:publisher\" content=\"https:\/\/www.facebook.com\/anjinleeEva\" \/>\n<meta property=\"article:modified_time\" content=\"2025-12-26T02:58:03+00:00\" \/>\n<meta property=\"og:image\" content=\"https:\/\/www.dt-smart.com\/wp-content\/uploads\/2025\/09\/16-1.jpg\" \/>\n\t<meta property=\"og:image:width\" content=\"750\" \/>\n\t<meta property=\"og:image:height\" content=\"750\" \/>\n\t<meta property=\"og:image:type\" content=\"image\/jpeg\" \/>\n<meta name=\"twitter:card\" content=\"summary_large_image\" \/>\n<meta name=\"twitter:label1\" content=\"Gesch\u00e4tzte Lesezeit\" \/>\n\t<meta name=\"twitter:data1\" content=\"1\u00a0Minute\" \/>\n<script type=\"application\/ld+json\" class=\"yoast-schema-graph\">{\"@context\":\"https:\\\/\\\/schema.org\",\"@graph\":[{\"@type\":\"WebPage\",\"@id\":\"https:\\\/\\\/www.dt-smart.com\\\/ru\\\/product\\\/high-quality-vibration-motor-replacement-for-iphone-16-with-reliable-performance-and-long-lasting-durability\\\/\",\"url\":\"https:\\\/\\\/www.dt-smart.com\\\/ru\\\/product\\\/high-quality-vibration-motor-replacement-for-iphone-16-with-reliable-performance-and-long-lasting-durability\\\/\",\"name\":\"iPhone 16 Vibration Motor Replacement - Reliable Performance & Long-Lasting Durability - High Quality Build & Precise Fit - OEM Quality - Fast Shipping - InsurePart\",\"isPartOf\":{\"@id\":\"https:\\\/\\\/www.dt-smart.com\\\/#website\"},\"primaryImageOfPage\":{\"@id\":\"https:\\\/\\\/www.dt-smart.com\\\/ru\\\/product\\\/high-quality-vibration-motor-replacement-for-iphone-16-with-reliable-performance-and-long-lasting-durability\\\/#primaryimage\"},\"image\":{\"@id\":\"https:\\\/\\\/www.dt-smart.com\\\/ru\\\/product\\\/high-quality-vibration-motor-replacement-for-iphone-16-with-reliable-performance-and-long-lasting-durability\\\/#primaryimage\"},\"thumbnailUrl\":\"https:\\\/\\\/www.dt-smart.com\\\/wp-content\\\/uploads\\\/2025\\\/09\\\/16-1.jpg\",\"datePublished\":\"2025-09-03T09:08:45+00:00\",\"dateModified\":\"2025-12-26T02:58:03+00:00\",\"description\":\"High Quality Vibration Motor Replacement for iPhone 16 with Reliable Performance and Long-Lasting Durability\",\"breadcrumb\":{\"@id\":\"https:\\\/\\\/www.dt-smart.com\\\/ru\\\/product\\\/high-quality-vibration-motor-replacement-for-iphone-16-with-reliable-performance-and-long-lasting-durability\\\/#breadcrumb\"},\"inLanguage\":\"de\",\"potentialAction\":[{\"@type\":\"ReadAction\",\"target\":[\"https:\\\/\\\/www.dt-smart.com\\\/ru\\\/product\\\/high-quality-vibration-motor-replacement-for-iphone-16-with-reliable-performance-and-long-lasting-durability\\\/\"]}]},{\"@type\":\"ImageObject\",\"inLanguage\":\"de\",\"@id\":\"https:\\\/\\\/www.dt-smart.com\\\/ru\\\/product\\\/high-quality-vibration-motor-replacement-for-iphone-16-with-reliable-performance-and-long-lasting-durability\\\/#primaryimage\",\"url\":\"https:\\\/\\\/www.dt-smart.com\\\/wp-content\\\/uploads\\\/2025\\\/09\\\/16-1.jpg\",\"contentUrl\":\"https:\\\/\\\/www.dt-smart.com\\\/wp-content\\\/uploads\\\/2025\\\/09\\\/16-1.jpg\",\"width\":750,\"height\":750},{\"@type\":\"BreadcrumbList\",\"@id\":\"https:\\\/\\\/www.dt-smart.com\\\/ru\\\/product\\\/high-quality-vibration-motor-replacement-for-iphone-16-with-reliable-performance-and-long-lasting-durability\\\/#breadcrumb\",\"itemListElement\":[{\"@type\":\"ListItem\",\"position\":1,\"name\":\"Home\",\"item\":\"https:\\\/\\\/www.dt-smart.com\\\/\"},{\"@type\":\"ListItem\",\"position\":2,\"name\":\"Product\",\"item\":\"https:\\\/\\\/www.dt-smart.com\\\/ru\\\/product\\\/\"},{\"@type\":\"ListItem\",\"position\":3,\"name\":\"iPhone 16 Vibration Motor Replacement &#8211; Reliable Performance &#038; Long-Lasting Durability &#8211; High Quality Build &#038; Precise Fit &#8211; OEM Quality &#8211; Fast Shipping\"}]},{\"@type\":\"WebSite\",\"@id\":\"https:\\\/\\\/www.dt-smart.com\\\/#website\",\"url\":\"https:\\\/\\\/www.dt-smart.com\\\/\",\"name\":\"InsurePart\",\"description\":\"Cell Phone Repair Parts; iPhone Parts Wholesale;Samsung Parts Supplier\",\"potentialAction\":[{\"@type\":\"SearchAction\",\"target\":{\"@type\":\"EntryPoint\",\"urlTemplate\":\"https:\\\/\\\/www.dt-smart.com\\\/?s={search_term_string}\"},\"query-input\":{\"@type\":\"PropertyValueSpecification\",\"valueRequired\":true,\"valueName\":\"search_term_string\"}}],\"inLanguage\":\"de\"}]}<\/script>\n<!-- \/ Yoast SEO plugin. -->","yoast_head_json":{"title":"iPhone 16 Vibration Motor Replacement - Reliable Performance & Long-Lasting Durability - High Quality Build & Precise Fit - OEM Quality - Fast Shipping - InsurePart","description":"Hochwertiger Vibrationsmotor als Ersatz f\u00fcr iPhone 16 mit zuverl\u00e4ssiger Leistung und langer Lebensdauer","robots":{"index":"index","follow":"follow","max-snippet":"max-snippet:-1","max-image-preview":"max-image-preview:large","max-video-preview":"max-video-preview:-1"},"canonical":"https:\/\/www.dt-smart.com\/de\/produkt\/high-quality-vibration-motor-replacement-for-iphone-16-with-reliable-performance-and-long-lasting-durability\/","og_locale":"de_DE","og_type":"article","og_title":"iPhone 16 Vibration Motor Replacement - Reliable Performance & Long-Lasting Durability - High Quality Build & Precise Fit - OEM Quality - Fast Shipping - InsurePart","og_description":"High Quality Vibration Motor Replacement for iPhone 16 with Reliable Performance and Long-Lasting Durability","og_url":"https:\/\/www.dt-smart.com\/de\/produkt\/high-quality-vibration-motor-replacement-for-iphone-16-with-reliable-performance-and-long-lasting-durability\/","og_site_name":"InsurePart","article_publisher":"https:\/\/www.facebook.com\/anjinleeEva","article_modified_time":"2025-12-26T02:58:03+00:00","og_image":[{"width":750,"height":750,"url":"https:\/\/www.dt-smart.com\/wp-content\/uploads\/2025\/09\/16-1.jpg","type":"image\/jpeg"}],"twitter_card":"summary_large_image","twitter_misc":{"Gesch\u00e4tzte Lesezeit":"1\u00a0Minute"},"schema":{"@context":"https:\/\/schema.org","@graph":[{"@type":"WebPage","@id":"https:\/\/www.dt-smart.com\/ru\/product\/high-quality-vibration-motor-replacement-for-iphone-16-with-reliable-performance-and-long-lasting-durability\/","url":"https:\/\/www.dt-smart.com\/ru\/product\/high-quality-vibration-motor-replacement-for-iphone-16-with-reliable-performance-and-long-lasting-durability\/","name":"iPhone 16 Vibration Motor Replacement - Reliable Performance & Long-Lasting Durability - High Quality Build & Precise Fit - OEM Quality - Fast Shipping - InsurePart","isPartOf":{"@id":"https:\/\/www.dt-smart.com\/#website"},"primaryImageOfPage":{"@id":"https:\/\/www.dt-smart.com\/ru\/product\/high-quality-vibration-motor-replacement-for-iphone-16-with-reliable-performance-and-long-lasting-durability\/#primaryimage"},"image":{"@id":"https:\/\/www.dt-smart.com\/ru\/product\/high-quality-vibration-motor-replacement-for-iphone-16-with-reliable-performance-and-long-lasting-durability\/#primaryimage"},"thumbnailUrl":"https:\/\/www.dt-smart.com\/wp-content\/uploads\/2025\/09\/16-1.jpg","datePublished":"2025-09-03T09:08:45+00:00","dateModified":"2025-12-26T02:58:03+00:00","description":"Hochwertiger Vibrationsmotor als Ersatz f\u00fcr iPhone 16 mit zuverl\u00e4ssiger Leistung und langer Lebensdauer","breadcrumb":{"@id":"https:\/\/www.dt-smart.com\/ru\/product\/high-quality-vibration-motor-replacement-for-iphone-16-with-reliable-performance-and-long-lasting-durability\/#breadcrumb"},"inLanguage":"de","potentialAction":[{"@type":"ReadAction","target":["https:\/\/www.dt-smart.com\/ru\/product\/high-quality-vibration-motor-replacement-for-iphone-16-with-reliable-performance-and-long-lasting-durability\/"]}]},{"@type":"ImageObject","inLanguage":"de","@id":"https:\/\/www.dt-smart.com\/ru\/product\/high-quality-vibration-motor-replacement-for-iphone-16-with-reliable-performance-and-long-lasting-durability\/#primaryimage","url":"https:\/\/www.dt-smart.com\/wp-content\/uploads\/2025\/09\/16-1.jpg","contentUrl":"https:\/\/www.dt-smart.com\/wp-content\/uploads\/2025\/09\/16-1.jpg","width":750,"height":750},{"@type":"BreadcrumbList","@id":"https:\/\/www.dt-smart.com\/ru\/product\/high-quality-vibration-motor-replacement-for-iphone-16-with-reliable-performance-and-long-lasting-durability\/#breadcrumb","itemListElement":[{"@type":"ListItem","position":1,"name":"Home","item":"https:\/\/www.dt-smart.com\/"},{"@type":"ListItem","position":2,"name":"Product","item":"https:\/\/www.dt-smart.com\/ru\/product\/"},{"@type":"ListItem","position":3,"name":"iPhone 16 Vibration Motor Replacement &#8211; Reliable Performance &#038; Long-Lasting Durability &#8211; High Quality Build &#038; Precise Fit &#8211; OEM Quality &#8211; Fast Shipping"}]},{"@type":"WebSite","@id":"https:\/\/www.dt-smart.com\/#website","url":"https:\/\/www.dt-smart.com\/","name":"InsurePart","description":"Handy-Ersatzteile; iPhone-Ersatzteile im Gro\u00dfhandel; Samsung-Ersatzteillieferant","potentialAction":[{"@type":"SearchAction","target":{"@type":"EntryPoint","urlTemplate":"https:\/\/www.dt-smart.com\/?s={search_term_string}"},"query-input":{"@type":"PropertyValueSpecification","valueRequired":true,"valueName":"search_term_string"}}],"inLanguage":"de"}]}},"_links":{"self":[{"href":"https:\/\/www.dt-smart.com\/de\/wp-json\/wp\/v2\/product\/22756","targetHints":{"allow":["GET"]}}],"collection":[{"href":"https:\/\/www.dt-smart.com\/de\/wp-json\/wp\/v2\/product"}],"about":[{"href":"https:\/\/www.dt-smart.com\/de\/wp-json\/wp\/v2\/types\/product"}],"replies":[{"embeddable":true,"href":"https:\/\/www.dt-smart.com\/de\/wp-json\/wp\/v2\/comments?post=22756"}],"version-history":[{"count":2,"href":"https:\/\/www.dt-smart.com\/de\/wp-json\/wp\/v2\/product\/22756\/revisions"}],"predecessor-version":[{"id":23727,"href":"https:\/\/www.dt-smart.com\/de\/wp-json\/wp\/v2\/product\/22756\/revisions\/23727"}],"wp:featuredmedia":[{"embeddable":true,"href":"https:\/\/www.dt-smart.com\/de\/wp-json\/wp\/v2\/media\/22760"}],"wp:attachment":[{"href":"https:\/\/www.dt-smart.com\/de\/wp-json\/wp\/v2\/media?parent=22756"}],"wp:term":[{"taxonomy":"product_brand","embeddable":true,"href":"https:\/\/www.dt-smart.com\/de\/wp-json\/wp\/v2\/product_brand?post=22756"},{"taxonomy":"product_cat","embeddable":true,"href":"https:\/\/www.dt-smart.com\/de\/wp-json\/wp\/v2\/product_cat?post=22756"},{"taxonomy":"product_tag","embeddable":true,"href":"https:\/\/www.dt-smart.com\/de\/wp-json\/wp\/v2\/product_tag?post=22756"}],"curies":[{"name":"wp","href":"https:\/\/api.w.org\/{rel}","templated":true}]}}