{"id":22759,"date":"2025-09-03T17:57:18","date_gmt":"2025-09-03T09:57:18","guid":{"rendered":"https:\/\/www.insurepart.com\/?post_type=product&#038;p=22759"},"modified":"2026-01-06T11:13:39","modified_gmt":"2026-01-06T03:13:39","slug":"reliable-vibration-motor-for-iphone-16-pro-max-offering-high-quality-performance-and-long-term-durability","status":"publish","type":"product","link":"https:\/\/www.dt-smart.com\/de\/produkt\/reliable-vibration-motor-for-iphone-16-pro-max-offering-high-quality-performance-and-long-term-durability\/","title":{"rendered":"Vibrationsmotor f\u00fcr iPhone 16 Pro Max \u2013 Zuverl\u00e4ssige, hochwertige Leistung und lange Lebensdauer \u2013 Robuste Konstruktion und pr\u00e4zise Passform \u2013 Erstausr\u00fcsterqualit\u00e4t \u2013 Schneller Versand"},"content":{"rendered":"<p style=\"text-align: center;\"><img fetchpriority=\"high\" decoding=\"async\" class=\"alignnone size-full wp-image-15567\" src=\"https:\/\/www.insurepart.com\/wp-content\/uploads\/2024\/08\/\u4e3a\u4ec0\u4e48\u9009\u62e9\u6211\u4eec22.webp\" alt=\"\" width=\"1000\" height=\"786\" srcset=\"https:\/\/www.dt-smart.com\/wp-content\/uploads\/2024\/08\/\u4e3a\u4ec0\u4e48\u9009\u62e9\u6211\u4eec22.webp 1000w, https:\/\/www.dt-smart.com\/wp-content\/uploads\/2024\/08\/\u4e3a\u4ec0\u4e48\u9009\u62e9\u6211\u4eec22-300x236.webp 300w, https:\/\/www.dt-smart.com\/wp-content\/uploads\/2024\/08\/\u4e3a\u4ec0\u4e48\u9009\u62e9\u6211\u4eec22-150x118.webp 150w, https:\/\/www.dt-smart.com\/wp-content\/uploads\/2024\/08\/\u4e3a\u4ec0\u4e48\u9009\u62e9\u6211\u4eec22-800x629.webp 800w, https:\/\/www.dt-smart.com\/wp-content\/uploads\/2024\/08\/\u4e3a\u4ec0\u4e48\u9009\u62e9\u6211\u4eec22-768x604.webp 768w, https:\/\/www.dt-smart.com\/wp-content\/uploads\/2024\/08\/\u4e3a\u4ec0\u4e48\u9009\u62e9\u6211\u4eec22-15x12.webp 15w\" sizes=\"(max-width: 1000px) 100vw, 1000px\" \/><\/p>","protected":false},"excerpt":{"rendered":"<p><span style=\"font-size: 10pt;\">Der zuverl\u00e4ssige Vibrationsmotor f\u00fcr das iPhone 16 Pro Max sorgt f\u00fcr optimales haptisches Feedback. Er liefert hochwertige, starke Vibrationen f\u00fcr Benachrichtigungen, Anrufe und andere Interaktionen und stellt die urspr\u00fcngliche Funktionalit\u00e4t Ihres Ger\u00e4ts wieder her. Dank seiner robusten und langlebigen Materialien ist der Motor verschlei\u00dffest und bietet auch bei regelm\u00e4\u00dfiger Nutzung eine stabile Leistung. Er ist ein unverzichtbares Ersatzteil, um Probleme wie schwache, unregelm\u00e4\u00dfige oder nicht reagierende Vibrationen zu beheben. Durch den Austausch des defekten Motors erhalten Sie die volle haptische Funktionalit\u00e4t zur\u00fcck und verbessern die Benutzerfreundlichkeit Ihres iPhone 16 Pro Max. F\u00fcr eine optimale Passform und Ausrichtung empfehlen wir die Installation durch einen Fachmann.<\/span><\/p>","protected":false},"featured_media":22769,"comment_status":"open","ping_status":"closed","template":"","meta":[],"product_brand":[],"product_cat":[42,1352],"product_tag":[],"class_list":{"0":"post-22759","1":"product","2":"type-product","3":"status-publish","4":"has-post-thumbnail","6":"product_cat-iphone","7":"product_cat-iphone-16-pro-max","9":"first","10":"instock","11":"taxable","12":"shipping-taxable","13":"purchasable","14":"product-type-simple"},"yoast_head":"<!-- This site is optimized with the Yoast SEO plugin v27.4 - https:\/\/yoast.com\/product\/yoast-seo-wordpress\/ -->\n<title>iPhone 16 Pro Max Vibration Motor - Reliable High-Quality Performance &amp; Long-Term Durability - Durable Construction &amp; Accurate Fit - OEM Quality - Fast Shipping - InsurePart<\/title>\n<meta name=\"description\" content=\"iPhone 16 Pro Max Vibration Motor - Reliable High-Quality Performance &amp; Long-Term Durability - Durable Construction &amp; Accurate Fit - OEM Quality - Fast Shipping\" \/>\n<meta name=\"robots\" content=\"index, follow, max-snippet:-1, max-image-preview:large, max-video-preview:-1\" \/>\n<link rel=\"canonical\" href=\"https:\/\/www.dt-smart.com\/de\/produkt\/reliable-vibration-motor-for-iphone-16-pro-max-offering-high-quality-performance-and-long-term-durability\/\" \/>\n<meta property=\"og:locale\" content=\"de_DE\" \/>\n<meta property=\"og:type\" content=\"article\" \/>\n<meta property=\"og:title\" content=\"iPhone 16 Pro Max Vibration Motor - Reliable High-Quality Performance &amp; Long-Term Durability - Durable Construction &amp; Accurate Fit - OEM Quality - Fast Shipping - InsurePart\" \/>\n<meta property=\"og:description\" content=\"iPhone 16 Pro Max Vibration Motor - Reliable High-Quality Performance &amp; Long-Term Durability - Durable Construction &amp; Accurate Fit - OEM Quality - Fast Shipping\" \/>\n<meta property=\"og:url\" content=\"https:\/\/www.dt-smart.com\/de\/produkt\/reliable-vibration-motor-for-iphone-16-pro-max-offering-high-quality-performance-and-long-term-durability\/\" \/>\n<meta property=\"og:site_name\" content=\"InsurePart\" \/>\n<meta property=\"article:publisher\" content=\"https:\/\/www.facebook.com\/anjinleeEva\" \/>\n<meta property=\"article:modified_time\" content=\"2026-01-06T03:13:39+00:00\" \/>\n<meta property=\"og:image\" content=\"https:\/\/www.dt-smart.com\/wp-content\/uploads\/2025\/09\/16PM-1-1.jpg\" \/>\n\t<meta property=\"og:image:width\" content=\"750\" \/>\n\t<meta property=\"og:image:height\" content=\"750\" \/>\n\t<meta property=\"og:image:type\" content=\"image\/jpeg\" \/>\n<meta name=\"twitter:card\" content=\"summary_large_image\" \/>\n<meta name=\"twitter:label1\" content=\"Gesch\u00e4tzte Lesezeit\" \/>\n\t<meta name=\"twitter:data1\" content=\"1\u00a0Minute\" \/>\n<script type=\"application\/ld+json\" class=\"yoast-schema-graph\">{\"@context\":\"https:\\\/\\\/schema.org\",\"@graph\":[{\"@type\":\"WebPage\",\"@id\":\"https:\\\/\\\/www.dt-smart.com\\\/de\\\/produkt\\\/reliable-vibration-motor-for-iphone-16-pro-max-offering-high-quality-performance-and-long-term-durability\\\/\",\"url\":\"https:\\\/\\\/www.dt-smart.com\\\/de\\\/produkt\\\/reliable-vibration-motor-for-iphone-16-pro-max-offering-high-quality-performance-and-long-term-durability\\\/\",\"name\":\"iPhone 16 Pro Max Vibration Motor - Reliable High-Quality Performance & Long-Term Durability - Durable Construction & Accurate Fit - OEM Quality - Fast Shipping - InsurePart\",\"isPartOf\":{\"@id\":\"https:\\\/\\\/www.dt-smart.com\\\/#website\"},\"primaryImageOfPage\":{\"@id\":\"https:\\\/\\\/www.dt-smart.com\\\/de\\\/produkt\\\/reliable-vibration-motor-for-iphone-16-pro-max-offering-high-quality-performance-and-long-term-durability\\\/#primaryimage\"},\"image\":{\"@id\":\"https:\\\/\\\/www.dt-smart.com\\\/de\\\/produkt\\\/reliable-vibration-motor-for-iphone-16-pro-max-offering-high-quality-performance-and-long-term-durability\\\/#primaryimage\"},\"thumbnailUrl\":\"https:\\\/\\\/www.dt-smart.com\\\/wp-content\\\/uploads\\\/2025\\\/09\\\/16PM-1-1.jpg\",\"datePublished\":\"2025-09-03T09:57:18+00:00\",\"dateModified\":\"2026-01-06T03:13:39+00:00\",\"description\":\"iPhone 16 Pro Max Vibration Motor - Reliable High-Quality Performance & Long-Term Durability - Durable Construction & Accurate Fit - OEM Quality - Fast Shipping\",\"breadcrumb\":{\"@id\":\"https:\\\/\\\/www.dt-smart.com\\\/de\\\/produkt\\\/reliable-vibration-motor-for-iphone-16-pro-max-offering-high-quality-performance-and-long-term-durability\\\/#breadcrumb\"},\"inLanguage\":\"de\",\"potentialAction\":[{\"@type\":\"ReadAction\",\"target\":[\"https:\\\/\\\/www.dt-smart.com\\\/de\\\/produkt\\\/reliable-vibration-motor-for-iphone-16-pro-max-offering-high-quality-performance-and-long-term-durability\\\/\"]}]},{\"@type\":\"ImageObject\",\"inLanguage\":\"de\",\"@id\":\"https:\\\/\\\/www.dt-smart.com\\\/de\\\/produkt\\\/reliable-vibration-motor-for-iphone-16-pro-max-offering-high-quality-performance-and-long-term-durability\\\/#primaryimage\",\"url\":\"https:\\\/\\\/www.dt-smart.com\\\/wp-content\\\/uploads\\\/2025\\\/09\\\/16PM-1-1.jpg\",\"contentUrl\":\"https:\\\/\\\/www.dt-smart.com\\\/wp-content\\\/uploads\\\/2025\\\/09\\\/16PM-1-1.jpg\",\"width\":750,\"height\":750},{\"@type\":\"BreadcrumbList\",\"@id\":\"https:\\\/\\\/www.dt-smart.com\\\/de\\\/produkt\\\/reliable-vibration-motor-for-iphone-16-pro-max-offering-high-quality-performance-and-long-term-durability\\\/#breadcrumb\",\"itemListElement\":[{\"@type\":\"ListItem\",\"position\":1,\"name\":\"Home\",\"item\":\"https:\\\/\\\/www.dt-smart.com\\\/\"},{\"@type\":\"ListItem\",\"position\":2,\"name\":\"Product\",\"item\":\"https:\\\/\\\/www.dt-smart.com\\\/ru\\\/product\\\/\"},{\"@type\":\"ListItem\",\"position\":3,\"name\":\"iPhone 16 Pro Max Vibration Motor &#8211; Reliable High-Quality Performance &#038; Long-Term Durability &#8211; Durable Construction &#038; Accurate Fit &#8211; OEM Quality &#8211; Fast Shipping\"}]},{\"@type\":\"WebSite\",\"@id\":\"https:\\\/\\\/www.dt-smart.com\\\/#website\",\"url\":\"https:\\\/\\\/www.dt-smart.com\\\/\",\"name\":\"InsurePart\",\"description\":\"Cell Phone Repair Parts; iPhone Parts Wholesale;Samsung Parts Supplier\",\"potentialAction\":[{\"@type\":\"SearchAction\",\"target\":{\"@type\":\"EntryPoint\",\"urlTemplate\":\"https:\\\/\\\/www.dt-smart.com\\\/?s={search_term_string}\"},\"query-input\":{\"@type\":\"PropertyValueSpecification\",\"valueRequired\":true,\"valueName\":\"search_term_string\"}}],\"inLanguage\":\"de\"}]}<\/script>\n<!-- \/ Yoast SEO plugin. -->","yoast_head_json":{"title":"iPhone 16 Pro Max Vibration Motor - Reliable High-Quality Performance & Long-Term Durability - Durable Construction & Accurate Fit - OEM Quality - Fast Shipping - InsurePart","description":"iPhone 16 Pro Max Vibration Motor - Reliable High-Quality Performance & Long-Term Durability - Durable Construction & Accurate Fit - OEM Quality - Fast Shipping","robots":{"index":"index","follow":"follow","max-snippet":"max-snippet:-1","max-image-preview":"max-image-preview:large","max-video-preview":"max-video-preview:-1"},"canonical":"https:\/\/www.dt-smart.com\/de\/produkt\/reliable-vibration-motor-for-iphone-16-pro-max-offering-high-quality-performance-and-long-term-durability\/","og_locale":"de_DE","og_type":"article","og_title":"iPhone 16 Pro Max Vibration Motor - Reliable High-Quality Performance & Long-Term Durability - Durable Construction & Accurate Fit - OEM Quality - Fast Shipping - InsurePart","og_description":"iPhone 16 Pro Max Vibration Motor - Reliable High-Quality Performance & Long-Term Durability - Durable Construction & Accurate Fit - OEM Quality - Fast Shipping","og_url":"https:\/\/www.dt-smart.com\/de\/produkt\/reliable-vibration-motor-for-iphone-16-pro-max-offering-high-quality-performance-and-long-term-durability\/","og_site_name":"InsurePart","article_publisher":"https:\/\/www.facebook.com\/anjinleeEva","article_modified_time":"2026-01-06T03:13:39+00:00","og_image":[{"width":750,"height":750,"url":"https:\/\/www.dt-smart.com\/wp-content\/uploads\/2025\/09\/16PM-1-1.jpg","type":"image\/jpeg"}],"twitter_card":"summary_large_image","twitter_misc":{"Gesch\u00e4tzte Lesezeit":"1\u00a0Minute"},"schema":{"@context":"https:\/\/schema.org","@graph":[{"@type":"WebPage","@id":"https:\/\/www.dt-smart.com\/de\/produkt\/reliable-vibration-motor-for-iphone-16-pro-max-offering-high-quality-performance-and-long-term-durability\/","url":"https:\/\/www.dt-smart.com\/de\/produkt\/reliable-vibration-motor-for-iphone-16-pro-max-offering-high-quality-performance-and-long-term-durability\/","name":"iPhone 16 Pro Max Vibration Motor - Reliable High-Quality Performance & Long-Term Durability - Durable Construction & Accurate Fit - OEM Quality - Fast Shipping - InsurePart","isPartOf":{"@id":"https:\/\/www.dt-smart.com\/#website"},"primaryImageOfPage":{"@id":"https:\/\/www.dt-smart.com\/de\/produkt\/reliable-vibration-motor-for-iphone-16-pro-max-offering-high-quality-performance-and-long-term-durability\/#primaryimage"},"image":{"@id":"https:\/\/www.dt-smart.com\/de\/produkt\/reliable-vibration-motor-for-iphone-16-pro-max-offering-high-quality-performance-and-long-term-durability\/#primaryimage"},"thumbnailUrl":"https:\/\/www.dt-smart.com\/wp-content\/uploads\/2025\/09\/16PM-1-1.jpg","datePublished":"2025-09-03T09:57:18+00:00","dateModified":"2026-01-06T03:13:39+00:00","description":"iPhone 16 Pro Max Vibration Motor - Reliable High-Quality Performance & Long-Term Durability - Durable Construction & Accurate Fit - OEM Quality - Fast Shipping","breadcrumb":{"@id":"https:\/\/www.dt-smart.com\/de\/produkt\/reliable-vibration-motor-for-iphone-16-pro-max-offering-high-quality-performance-and-long-term-durability\/#breadcrumb"},"inLanguage":"de","potentialAction":[{"@type":"ReadAction","target":["https:\/\/www.dt-smart.com\/de\/produkt\/reliable-vibration-motor-for-iphone-16-pro-max-offering-high-quality-performance-and-long-term-durability\/"]}]},{"@type":"ImageObject","inLanguage":"de","@id":"https:\/\/www.dt-smart.com\/de\/produkt\/reliable-vibration-motor-for-iphone-16-pro-max-offering-high-quality-performance-and-long-term-durability\/#primaryimage","url":"https:\/\/www.dt-smart.com\/wp-content\/uploads\/2025\/09\/16PM-1-1.jpg","contentUrl":"https:\/\/www.dt-smart.com\/wp-content\/uploads\/2025\/09\/16PM-1-1.jpg","width":750,"height":750},{"@type":"BreadcrumbList","@id":"https:\/\/www.dt-smart.com\/de\/produkt\/reliable-vibration-motor-for-iphone-16-pro-max-offering-high-quality-performance-and-long-term-durability\/#breadcrumb","itemListElement":[{"@type":"ListItem","position":1,"name":"Home","item":"https:\/\/www.dt-smart.com\/"},{"@type":"ListItem","position":2,"name":"Product","item":"https:\/\/www.dt-smart.com\/ru\/product\/"},{"@type":"ListItem","position":3,"name":"iPhone 16 Pro Max Vibration Motor &#8211; Reliable High-Quality Performance &#038; Long-Term Durability &#8211; Durable Construction &#038; Accurate Fit &#8211; OEM Quality &#8211; Fast Shipping"}]},{"@type":"WebSite","@id":"https:\/\/www.dt-smart.com\/#website","url":"https:\/\/www.dt-smart.com\/","name":"InsurePart","description":"Handy-Ersatzteile; iPhone-Ersatzteile im Gro\u00dfhandel; Samsung-Ersatzteillieferant","potentialAction":[{"@type":"SearchAction","target":{"@type":"EntryPoint","urlTemplate":"https:\/\/www.dt-smart.com\/?s={search_term_string}"},"query-input":{"@type":"PropertyValueSpecification","valueRequired":true,"valueName":"search_term_string"}}],"inLanguage":"de"}]}},"_links":{"self":[{"href":"https:\/\/www.dt-smart.com\/de\/wp-json\/wp\/v2\/product\/22759","targetHints":{"allow":["GET"]}}],"collection":[{"href":"https:\/\/www.dt-smart.com\/de\/wp-json\/wp\/v2\/product"}],"about":[{"href":"https:\/\/www.dt-smart.com\/de\/wp-json\/wp\/v2\/types\/product"}],"replies":[{"embeddable":true,"href":"https:\/\/www.dt-smart.com\/de\/wp-json\/wp\/v2\/comments?post=22759"}],"version-history":[{"count":3,"href":"https:\/\/www.dt-smart.com\/de\/wp-json\/wp\/v2\/product\/22759\/revisions"}],"predecessor-version":[{"id":24223,"href":"https:\/\/www.dt-smart.com\/de\/wp-json\/wp\/v2\/product\/22759\/revisions\/24223"}],"wp:featuredmedia":[{"embeddable":true,"href":"https:\/\/www.dt-smart.com\/de\/wp-json\/wp\/v2\/media\/22769"}],"wp:attachment":[{"href":"https:\/\/www.dt-smart.com\/de\/wp-json\/wp\/v2\/media?parent=22759"}],"wp:term":[{"taxonomy":"product_brand","embeddable":true,"href":"https:\/\/www.dt-smart.com\/de\/wp-json\/wp\/v2\/product_brand?post=22759"},{"taxonomy":"product_cat","embeddable":true,"href":"https:\/\/www.dt-smart.com\/de\/wp-json\/wp\/v2\/product_cat?post=22759"},{"taxonomy":"product_tag","embeddable":true,"href":"https:\/\/www.dt-smart.com\/de\/wp-json\/wp\/v2\/product_tag?post=22759"}],"curies":[{"name":"wp","href":"https:\/\/api.w.org\/{rel}","templated":true}]}}