{"id":23029,"date":"2025-12-11T11:28:16","date_gmt":"2025-12-11T03:28:16","guid":{"rendered":"https:\/\/www.insurepart.com\/?post_type=product&#038;p=23029"},"modified":"2025-12-16T15:19:12","modified_gmt":"2025-12-16T07:19:12","slug":"iphone-17-advanced-super-retina-display-featuring-a-6-7-inch-enhanced-oled-with-promotion-120hz-intelligent-always-on-hdr10-dolby-vision-2800-nit-brightness-and-ceramic-shield-for-a-superior","status":"publish","type":"product","link":"https:\/\/www.dt-smart.com\/de\/produkt\/iphone-17-advanced-super-retina-display-featuring-a-6-7-inch-enhanced-oled-with-promotion-120hz-intelligent-always-on-hdr10-dolby-vision-2800-nit-brightness-and-ceramic-shield-for-a-superior\/","title":{"rendered":"iPhone 17 Advanced Super Retina Display: Ausgestattet mit einem 6,7-Zoll Enhanced OLED mit ProMotion (120Hz), Intelligent Always-On, HDR10+, Dolby Vision, 2800-Nit-Helligkeit und Ceramic Shield f\u00fcr ein \u00fcberragendes, langlebiges Rundum-Seherlebnis."},"content":{"rendered":"<p style=\"text-align: center;\"><img fetchpriority=\"high\" decoding=\"async\" class=\"alignnone size-full wp-image-15567\" src=\"https:\/\/www.insurepart.com\/wp-content\/uploads\/2024\/08\/\u4e3a\u4ec0\u4e48\u9009\u62e9\u6211\u4eec22.webp\" alt=\"\" width=\"1000\" height=\"786\" srcset=\"https:\/\/www.dt-smart.com\/wp-content\/uploads\/2024\/08\/\u4e3a\u4ec0\u4e48\u9009\u62e9\u6211\u4eec22.webp 1000w, https:\/\/www.dt-smart.com\/wp-content\/uploads\/2024\/08\/\u4e3a\u4ec0\u4e48\u9009\u62e9\u6211\u4eec22-300x236.webp 300w, https:\/\/www.dt-smart.com\/wp-content\/uploads\/2024\/08\/\u4e3a\u4ec0\u4e48\u9009\u62e9\u6211\u4eec22-150x118.webp 150w, https:\/\/www.dt-smart.com\/wp-content\/uploads\/2024\/08\/\u4e3a\u4ec0\u4e48\u9009\u62e9\u6211\u4eec22-800x629.webp 800w, https:\/\/www.dt-smart.com\/wp-content\/uploads\/2024\/08\/\u4e3a\u4ec0\u4e48\u9009\u62e9\u6211\u4eec22-768x604.webp 768w, https:\/\/www.dt-smart.com\/wp-content\/uploads\/2024\/08\/\u4e3a\u4ec0\u4e48\u9009\u62e9\u6211\u4eec22-15x12.webp 15w\" sizes=\"(max-width: 1000px) 100vw, 1000px\" \/><\/p>","protected":false},"excerpt":{"rendered":"<p>Das Display des iPhone 17 bietet ein umfassendes Flaggschiff-Seherlebnis. Sein 6,7 Zoll gro\u00dfes Enhanced OLED-Panel liefert lebendige Farben und gestochen scharfe Bilder. Die ProMotion-Technologie sorgt f\u00fcr eine fl\u00fcssige, adaptive Bildwiederholfrequenz von 120 Hz f\u00fcr nahtlose Interaktionen, w\u00e4hrend das intelligente Always-On-Display wichtige Informationen effizient anzeigt. F\u00fcr beeindruckende HDR-Inhalte unterst\u00fctzt es sowohl HDR10+ als auch Dolby Vision und erreicht eine Spitzenhelligkeit von 2800 Nits f\u00fcr brillante Highlights und Kontraste. Die neueste Ceramic Shield-Vorderseite gew\u00e4hrleistet Langlebigkeit und verbessert die Sto\u00dffestigkeit. Optimiertes Farbmanagement und True Tone-Technologie sorgen gemeinsam f\u00fcr pr\u00e4zise, nat\u00fcrlich wirkende Farben, die sich dem Umgebungslicht anpassen. Dieses vielseitige Display \u00fcberzeugt in allen Anwendungsbereichen \u2013 vom Videostreaming und Gaming bis hin zu Produktivit\u00e4t und Surfen \u2013 und ist damit das zuverl\u00e4ssige, leistungsstarke Herzst\u00fcck des iPhone 17, das f\u00fcr eine lange Lebensdauer entwickelt wurde.<\/p>","protected":false},"featured_media":23024,"comment_status":"open","ping_status":"closed","template":"","meta":[],"product_brand":[],"product_cat":[466,42,1423],"product_tag":[],"class_list":{"0":"post-23029","1":"product","2":"type-product","3":"status-publish","4":"has-post-thumbnail","6":"product_cat-all-iphone-lcds","7":"product_cat-iphone","8":"product_cat-iphone-17","10":"first","11":"instock","12":"taxable","13":"shipping-taxable","14":"purchasable","15":"product-type-simple"},"yoast_head":"<!-- This site is optimized with the Yoast SEO plugin v27.4 - https:\/\/yoast.com\/product\/yoast-seo-wordpress\/ -->\n<title>iPhone 17 Advanced Super Retina Display: Featuring a 6.7-inch Enhanced OLED with ProMotion (120Hz), Intelligent Always-On, HDR10+, Dolby Vision, 2800-nit Brightness, and Ceramic Shield for a Superior, Durable All-Round Viewing Experience. - InsurePart<\/title>\n<meta name=\"description\" content=\"iPhone 17 Advanced Super Retina Display: Featuring a 6.7-inch Enhanced OLED with ProMotion (120Hz), Intelligent Always-On, HDR10+, Dolby Vision, 2800-nit Brightness, and Ceramic Shield for a Superior, Durable All-Round Viewing Experience.\" \/>\n<meta name=\"robots\" content=\"index, follow, max-snippet:-1, max-image-preview:large, max-video-preview:-1\" \/>\n<link rel=\"canonical\" href=\"https:\/\/www.dt-smart.com\/de\/produkt\/iphone-17-advanced-super-retina-display-featuring-a-6-7-inch-enhanced-oled-with-promotion-120hz-intelligent-always-on-hdr10-dolby-vision-2800-nit-brightness-and-ceramic-shield-for-a-superior\/\" \/>\n<meta property=\"og:locale\" content=\"de_DE\" \/>\n<meta property=\"og:type\" content=\"article\" \/>\n<meta property=\"og:title\" content=\"iPhone 17 Advanced Super Retina Display: Featuring a 6.7-inch Enhanced OLED with ProMotion (120Hz), Intelligent Always-On, HDR10+, Dolby Vision, 2800-nit Brightness, and Ceramic Shield for a Superior, Durable All-Round Viewing Experience. - InsurePart\" \/>\n<meta property=\"og:description\" content=\"iPhone 17 Advanced Super Retina Display: Featuring a 6.7-inch Enhanced OLED with ProMotion (120Hz), Intelligent Always-On, HDR10+, Dolby Vision, 2800-nit Brightness, and Ceramic Shield for a Superior, Durable All-Round Viewing Experience.\" \/>\n<meta property=\"og:url\" content=\"https:\/\/www.dt-smart.com\/de\/produkt\/iphone-17-advanced-super-retina-display-featuring-a-6-7-inch-enhanced-oled-with-promotion-120hz-intelligent-always-on-hdr10-dolby-vision-2800-nit-brightness-and-ceramic-shield-for-a-superior\/\" \/>\n<meta property=\"og:site_name\" content=\"InsurePart\" \/>\n<meta property=\"article:publisher\" content=\"https:\/\/www.facebook.com\/anjinleeEva\" \/>\n<meta property=\"article:modified_time\" content=\"2025-12-16T07:19:12+00:00\" \/>\n<meta property=\"og:image\" content=\"https:\/\/www.dt-smart.com\/wp-content\/uploads\/2025\/12\/17.webp\" \/>\n\t<meta property=\"og:image:width\" content=\"800\" \/>\n\t<meta property=\"og:image:height\" content=\"800\" \/>\n\t<meta property=\"og:image:type\" content=\"image\/webp\" \/>\n<meta name=\"twitter:card\" content=\"summary_large_image\" \/>\n<meta name=\"twitter:label1\" content=\"Gesch\u00e4tzte Lesezeit\" \/>\n\t<meta name=\"twitter:data1\" content=\"1\u00a0Minute\" \/>\n<script type=\"application\/ld+json\" class=\"yoast-schema-graph\">{\"@context\":\"https:\\\/\\\/schema.org\",\"@graph\":[{\"@type\":\"WebPage\",\"@id\":\"https:\\\/\\\/www.dt-smart.com\\\/ja\\\/product\\\/iphone-17-advanced-super-retina-display-featuring-a-6-7-inch-enhanced-oled-with-promotion-120hz-intelligent-always-on-hdr10-dolby-vision-2800-nit-brightness-and-ceramic-shield-for-a-superior\\\/\",\"url\":\"https:\\\/\\\/www.dt-smart.com\\\/ja\\\/product\\\/iphone-17-advanced-super-retina-display-featuring-a-6-7-inch-enhanced-oled-with-promotion-120hz-intelligent-always-on-hdr10-dolby-vision-2800-nit-brightness-and-ceramic-shield-for-a-superior\\\/\",\"name\":\"iPhone 17 Advanced Super Retina Display: Featuring a 6.7-inch Enhanced OLED with ProMotion (120Hz), Intelligent Always-On, HDR10+, Dolby Vision, 2800-nit Brightness, and Ceramic Shield for a Superior, Durable All-Round Viewing Experience. - InsurePart\",\"isPartOf\":{\"@id\":\"https:\\\/\\\/www.dt-smart.com\\\/#website\"},\"primaryImageOfPage\":{\"@id\":\"https:\\\/\\\/www.dt-smart.com\\\/ja\\\/product\\\/iphone-17-advanced-super-retina-display-featuring-a-6-7-inch-enhanced-oled-with-promotion-120hz-intelligent-always-on-hdr10-dolby-vision-2800-nit-brightness-and-ceramic-shield-for-a-superior\\\/#primaryimage\"},\"image\":{\"@id\":\"https:\\\/\\\/www.dt-smart.com\\\/ja\\\/product\\\/iphone-17-advanced-super-retina-display-featuring-a-6-7-inch-enhanced-oled-with-promotion-120hz-intelligent-always-on-hdr10-dolby-vision-2800-nit-brightness-and-ceramic-shield-for-a-superior\\\/#primaryimage\"},\"thumbnailUrl\":\"https:\\\/\\\/www.dt-smart.com\\\/wp-content\\\/uploads\\\/2025\\\/12\\\/17.webp\",\"datePublished\":\"2025-12-11T03:28:16+00:00\",\"dateModified\":\"2025-12-16T07:19:12+00:00\",\"description\":\"iPhone 17 Advanced Super Retina Display: Featuring a 6.7-inch Enhanced OLED with ProMotion (120Hz), Intelligent Always-On, HDR10+, Dolby Vision, 2800-nit Brightness, and Ceramic Shield for a Superior, Durable All-Round Viewing Experience.\",\"breadcrumb\":{\"@id\":\"https:\\\/\\\/www.dt-smart.com\\\/ja\\\/product\\\/iphone-17-advanced-super-retina-display-featuring-a-6-7-inch-enhanced-oled-with-promotion-120hz-intelligent-always-on-hdr10-dolby-vision-2800-nit-brightness-and-ceramic-shield-for-a-superior\\\/#breadcrumb\"},\"inLanguage\":\"de\",\"potentialAction\":[{\"@type\":\"ReadAction\",\"target\":[\"https:\\\/\\\/www.dt-smart.com\\\/ja\\\/product\\\/iphone-17-advanced-super-retina-display-featuring-a-6-7-inch-enhanced-oled-with-promotion-120hz-intelligent-always-on-hdr10-dolby-vision-2800-nit-brightness-and-ceramic-shield-for-a-superior\\\/\"]}]},{\"@type\":\"ImageObject\",\"inLanguage\":\"de\",\"@id\":\"https:\\\/\\\/www.dt-smart.com\\\/ja\\\/product\\\/iphone-17-advanced-super-retina-display-featuring-a-6-7-inch-enhanced-oled-with-promotion-120hz-intelligent-always-on-hdr10-dolby-vision-2800-nit-brightness-and-ceramic-shield-for-a-superior\\\/#primaryimage\",\"url\":\"https:\\\/\\\/www.dt-smart.com\\\/wp-content\\\/uploads\\\/2025\\\/12\\\/17.webp\",\"contentUrl\":\"https:\\\/\\\/www.dt-smart.com\\\/wp-content\\\/uploads\\\/2025\\\/12\\\/17.webp\",\"width\":800,\"height\":800},{\"@type\":\"BreadcrumbList\",\"@id\":\"https:\\\/\\\/www.dt-smart.com\\\/ja\\\/product\\\/iphone-17-advanced-super-retina-display-featuring-a-6-7-inch-enhanced-oled-with-promotion-120hz-intelligent-always-on-hdr10-dolby-vision-2800-nit-brightness-and-ceramic-shield-for-a-superior\\\/#breadcrumb\",\"itemListElement\":[{\"@type\":\"ListItem\",\"position\":1,\"name\":\"Home\",\"item\":\"https:\\\/\\\/www.dt-smart.com\\\/\"},{\"@type\":\"ListItem\",\"position\":2,\"name\":\"Product\",\"item\":\"https:\\\/\\\/www.dt-smart.com\\\/ru\\\/product\\\/\"},{\"@type\":\"ListItem\",\"position\":3,\"name\":\"iPhone 17 Advanced Super Retina Display: Featuring a 6.7-inch Enhanced OLED with ProMotion (120Hz), Intelligent Always-On, HDR10+, Dolby Vision, 2800-nit Brightness, and Ceramic Shield for a Superior, Durable All-Round Viewing Experience.\"}]},{\"@type\":\"WebSite\",\"@id\":\"https:\\\/\\\/www.dt-smart.com\\\/#website\",\"url\":\"https:\\\/\\\/www.dt-smart.com\\\/\",\"name\":\"InsurePart\",\"description\":\"Cell Phone Repair Parts; iPhone Parts Wholesale;Samsung Parts Supplier\",\"potentialAction\":[{\"@type\":\"SearchAction\",\"target\":{\"@type\":\"EntryPoint\",\"urlTemplate\":\"https:\\\/\\\/www.dt-smart.com\\\/?s={search_term_string}\"},\"query-input\":{\"@type\":\"PropertyValueSpecification\",\"valueRequired\":true,\"valueName\":\"search_term_string\"}}],\"inLanguage\":\"de\"}]}<\/script>\n<!-- \/ Yoast SEO plugin. -->","yoast_head_json":{"title":"iPhone 17 Advanced Super Retina Display: Featuring a 6.7-inch Enhanced OLED with ProMotion (120Hz), Intelligent Always-On, HDR10+, Dolby Vision, 2800-nit Brightness, and Ceramic Shield for a Superior, Durable All-Round Viewing Experience. - InsurePart","description":"iPhone 17 Advanced Super Retina Display: Ausgestattet mit einem 6,7-Zoll Enhanced OLED mit ProMotion (120Hz), Intelligent Always-On, HDR10+, Dolby Vision, 2800-Nit-Helligkeit und Ceramic Shield f\u00fcr ein \u00fcberragendes, langlebiges Rundum-Seherlebnis.","robots":{"index":"index","follow":"follow","max-snippet":"max-snippet:-1","max-image-preview":"max-image-preview:large","max-video-preview":"max-video-preview:-1"},"canonical":"https:\/\/www.dt-smart.com\/de\/produkt\/iphone-17-advanced-super-retina-display-featuring-a-6-7-inch-enhanced-oled-with-promotion-120hz-intelligent-always-on-hdr10-dolby-vision-2800-nit-brightness-and-ceramic-shield-for-a-superior\/","og_locale":"de_DE","og_type":"article","og_title":"iPhone 17 Advanced Super Retina Display: Featuring a 6.7-inch Enhanced OLED with ProMotion (120Hz), Intelligent Always-On, HDR10+, Dolby Vision, 2800-nit Brightness, and Ceramic Shield for a Superior, Durable All-Round Viewing Experience. - InsurePart","og_description":"iPhone 17 Advanced Super Retina Display: Featuring a 6.7-inch Enhanced OLED with ProMotion (120Hz), Intelligent Always-On, HDR10+, Dolby Vision, 2800-nit Brightness, and Ceramic Shield for a Superior, Durable All-Round Viewing Experience.","og_url":"https:\/\/www.dt-smart.com\/de\/produkt\/iphone-17-advanced-super-retina-display-featuring-a-6-7-inch-enhanced-oled-with-promotion-120hz-intelligent-always-on-hdr10-dolby-vision-2800-nit-brightness-and-ceramic-shield-for-a-superior\/","og_site_name":"InsurePart","article_publisher":"https:\/\/www.facebook.com\/anjinleeEva","article_modified_time":"2025-12-16T07:19:12+00:00","og_image":[{"width":800,"height":800,"url":"https:\/\/www.dt-smart.com\/wp-content\/uploads\/2025\/12\/17.webp","type":"image\/webp"}],"twitter_card":"summary_large_image","twitter_misc":{"Gesch\u00e4tzte Lesezeit":"1\u00a0Minute"},"schema":{"@context":"https:\/\/schema.org","@graph":[{"@type":"WebPage","@id":"https:\/\/www.dt-smart.com\/ja\/product\/iphone-17-advanced-super-retina-display-featuring-a-6-7-inch-enhanced-oled-with-promotion-120hz-intelligent-always-on-hdr10-dolby-vision-2800-nit-brightness-and-ceramic-shield-for-a-superior\/","url":"https:\/\/www.dt-smart.com\/ja\/product\/iphone-17-advanced-super-retina-display-featuring-a-6-7-inch-enhanced-oled-with-promotion-120hz-intelligent-always-on-hdr10-dolby-vision-2800-nit-brightness-and-ceramic-shield-for-a-superior\/","name":"iPhone 17 Advanced Super Retina Display: Featuring a 6.7-inch Enhanced OLED with ProMotion (120Hz), Intelligent Always-On, HDR10+, Dolby Vision, 2800-nit Brightness, and Ceramic Shield for a Superior, Durable All-Round Viewing Experience. - InsurePart","isPartOf":{"@id":"https:\/\/www.dt-smart.com\/#website"},"primaryImageOfPage":{"@id":"https:\/\/www.dt-smart.com\/ja\/product\/iphone-17-advanced-super-retina-display-featuring-a-6-7-inch-enhanced-oled-with-promotion-120hz-intelligent-always-on-hdr10-dolby-vision-2800-nit-brightness-and-ceramic-shield-for-a-superior\/#primaryimage"},"image":{"@id":"https:\/\/www.dt-smart.com\/ja\/product\/iphone-17-advanced-super-retina-display-featuring-a-6-7-inch-enhanced-oled-with-promotion-120hz-intelligent-always-on-hdr10-dolby-vision-2800-nit-brightness-and-ceramic-shield-for-a-superior\/#primaryimage"},"thumbnailUrl":"https:\/\/www.dt-smart.com\/wp-content\/uploads\/2025\/12\/17.webp","datePublished":"2025-12-11T03:28:16+00:00","dateModified":"2025-12-16T07:19:12+00:00","description":"iPhone 17 Advanced Super Retina Display: Ausgestattet mit einem 6,7-Zoll Enhanced OLED mit ProMotion (120Hz), Intelligent Always-On, HDR10+, Dolby Vision, 2800-Nit-Helligkeit und Ceramic Shield f\u00fcr ein \u00fcberragendes, langlebiges Rundum-Seherlebnis.","breadcrumb":{"@id":"https:\/\/www.dt-smart.com\/ja\/product\/iphone-17-advanced-super-retina-display-featuring-a-6-7-inch-enhanced-oled-with-promotion-120hz-intelligent-always-on-hdr10-dolby-vision-2800-nit-brightness-and-ceramic-shield-for-a-superior\/#breadcrumb"},"inLanguage":"de","potentialAction":[{"@type":"ReadAction","target":["https:\/\/www.dt-smart.com\/ja\/product\/iphone-17-advanced-super-retina-display-featuring-a-6-7-inch-enhanced-oled-with-promotion-120hz-intelligent-always-on-hdr10-dolby-vision-2800-nit-brightness-and-ceramic-shield-for-a-superior\/"]}]},{"@type":"ImageObject","inLanguage":"de","@id":"https:\/\/www.dt-smart.com\/ja\/product\/iphone-17-advanced-super-retina-display-featuring-a-6-7-inch-enhanced-oled-with-promotion-120hz-intelligent-always-on-hdr10-dolby-vision-2800-nit-brightness-and-ceramic-shield-for-a-superior\/#primaryimage","url":"https:\/\/www.dt-smart.com\/wp-content\/uploads\/2025\/12\/17.webp","contentUrl":"https:\/\/www.dt-smart.com\/wp-content\/uploads\/2025\/12\/17.webp","width":800,"height":800},{"@type":"BreadcrumbList","@id":"https:\/\/www.dt-smart.com\/ja\/product\/iphone-17-advanced-super-retina-display-featuring-a-6-7-inch-enhanced-oled-with-promotion-120hz-intelligent-always-on-hdr10-dolby-vision-2800-nit-brightness-and-ceramic-shield-for-a-superior\/#breadcrumb","itemListElement":[{"@type":"ListItem","position":1,"name":"Home","item":"https:\/\/www.dt-smart.com\/"},{"@type":"ListItem","position":2,"name":"Product","item":"https:\/\/www.dt-smart.com\/ru\/product\/"},{"@type":"ListItem","position":3,"name":"iPhone 17 Advanced Super Retina Display: Featuring a 6.7-inch Enhanced OLED with ProMotion (120Hz), Intelligent Always-On, HDR10+, Dolby Vision, 2800-nit Brightness, and Ceramic Shield for a Superior, Durable All-Round Viewing Experience."}]},{"@type":"WebSite","@id":"https:\/\/www.dt-smart.com\/#website","url":"https:\/\/www.dt-smart.com\/","name":"InsurePart","description":"Handy-Ersatzteile; iPhone-Ersatzteile im Gro\u00dfhandel; Samsung-Ersatzteillieferant","potentialAction":[{"@type":"SearchAction","target":{"@type":"EntryPoint","urlTemplate":"https:\/\/www.dt-smart.com\/?s={search_term_string}"},"query-input":{"@type":"PropertyValueSpecification","valueRequired":true,"valueName":"search_term_string"}}],"inLanguage":"de"}]}},"_links":{"self":[{"href":"https:\/\/www.dt-smart.com\/de\/wp-json\/wp\/v2\/product\/23029","targetHints":{"allow":["GET"]}}],"collection":[{"href":"https:\/\/www.dt-smart.com\/de\/wp-json\/wp\/v2\/product"}],"about":[{"href":"https:\/\/www.dt-smart.com\/de\/wp-json\/wp\/v2\/types\/product"}],"replies":[{"embeddable":true,"href":"https:\/\/www.dt-smart.com\/de\/wp-json\/wp\/v2\/comments?post=23029"}],"version-history":[{"count":1,"href":"https:\/\/www.dt-smart.com\/de\/wp-json\/wp\/v2\/product\/23029\/revisions"}],"predecessor-version":[{"id":23032,"href":"https:\/\/www.dt-smart.com\/de\/wp-json\/wp\/v2\/product\/23029\/revisions\/23032"}],"wp:featuredmedia":[{"embeddable":true,"href":"https:\/\/www.dt-smart.com\/de\/wp-json\/wp\/v2\/media\/23024"}],"wp:attachment":[{"href":"https:\/\/www.dt-smart.com\/de\/wp-json\/wp\/v2\/media?parent=23029"}],"wp:term":[{"taxonomy":"product_brand","embeddable":true,"href":"https:\/\/www.dt-smart.com\/de\/wp-json\/wp\/v2\/product_brand?post=23029"},{"taxonomy":"product_cat","embeddable":true,"href":"https:\/\/www.dt-smart.com\/de\/wp-json\/wp\/v2\/product_cat?post=23029"},{"taxonomy":"product_tag","embeddable":true,"href":"https:\/\/www.dt-smart.com\/de\/wp-json\/wp\/v2\/product_tag?post=23029"}],"curies":[{"name":"wp","href":"https:\/\/api.w.org\/{rel}","templated":true}]}}