{"id":23031,"date":"2025-12-11T11:33:51","date_gmt":"2025-12-11T03:33:51","guid":{"rendered":"https:\/\/www.insurepart.com\/?post_type=product&#038;p=23031"},"modified":"2025-12-23T10:00:19","modified_gmt":"2025-12-23T02:00:19","slug":"iphone-17-pro-max-super-retina-xdr-with-protech-plus-the-ultimate-7-2-inch-ltpo-oled-with-promotion-1-300hz-3500-nit-hdr-brightness-dual-stack-oled-real-time-hdr-rendering-and-exclusive-pro-vie","status":"publish","type":"product","link":"https:\/\/www.dt-smart.com\/de\/produkt\/iphone-17-pro-max-super-retina-xdr-with-protech-plus-the-ultimate-7-2-inch-ltpo-oled-with-promotion-1-300hz-3500-nit-hdr-brightness-dual-stack-oled-real-time-hdr-rendering-and-exclusive-pro-vie\/","title":{"rendered":"iPhone 17 Pro Max Super Retina XDR OLED-Bildschirmtausch \u2013 7,2\u2033 ProMotion HDR \u2013 Original ProTech Plus Display \u2013 Global Express"},"content":{"rendered":"<p style=\"text-align: center;\"><img fetchpriority=\"high\" decoding=\"async\" class=\"alignnone size-full wp-image-15567\" src=\"https:\/\/www.insurepart.com\/wp-content\/uploads\/2024\/08\/\u4e3a\u4ec0\u4e48\u9009\u62e9\u6211\u4eec22.webp\" alt=\"\" width=\"1000\" height=\"786\" srcset=\"https:\/\/www.dt-smart.com\/wp-content\/uploads\/2024\/08\/\u4e3a\u4ec0\u4e48\u9009\u62e9\u6211\u4eec22.webp 1000w, https:\/\/www.dt-smart.com\/wp-content\/uploads\/2024\/08\/\u4e3a\u4ec0\u4e48\u9009\u62e9\u6211\u4eec22-300x236.webp 300w, https:\/\/www.dt-smart.com\/wp-content\/uploads\/2024\/08\/\u4e3a\u4ec0\u4e48\u9009\u62e9\u6211\u4eec22-150x118.webp 150w, https:\/\/www.dt-smart.com\/wp-content\/uploads\/2024\/08\/\u4e3a\u4ec0\u4e48\u9009\u62e9\u6211\u4eec22-800x629.webp 800w, https:\/\/www.dt-smart.com\/wp-content\/uploads\/2024\/08\/\u4e3a\u4ec0\u4e48\u9009\u62e9\u6211\u4eec22-768x604.webp 768w, https:\/\/www.dt-smart.com\/wp-content\/uploads\/2024\/08\/\u4e3a\u4ec0\u4e48\u9009\u62e9\u6211\u4eec22-15x12.webp 15w\" sizes=\"(max-width: 1000px) 100vw, 1000px\" \/><\/p>","protected":false},"excerpt":{"rendered":"<div class=\"ds-message _63c77b1\">\n<div class=\"ds-markdown\">\n<div class=\"ds-scroll-area _1210dd7 c03cafe9\">\n<div class=\"ds-message _63c77b1\">\n<div class=\"ds-markdown\">\n<div class=\"ds-scroll-area _1210dd7 c03cafe9\">\n<div class=\"ds-message _63c77b1\">\n<div class=\"ds-markdown\">\n<div class=\"ds-scroll-area _1210dd7 c03cafe9\">Das iPhone 17 Pro Max bietet die Spitze der mobilen Displaytechnologie. Sein gro\u00dfz\u00fcgiges 7,2&quot; Ultrathin Border LTPO OLED-Display bietet ein immersives Seherlebnis. Mit einer Rekordhelligkeit von 3500 Nits im HDR-Modus \u00fcbertrifft es alle anderen. M\u00f6glich macht dies die innovative Dual-Stack-OLED-Struktur, die gleichzeitig Effizienz und Langlebigkeit verbessert. Die extreme adaptive Bildwiederholfrequenz (1\u2013300 Hz) sorgt f\u00fcr optimale Akkulaufzeit und extrem fl\u00fcssige Bewegungen. Zu den einzigartigen Profi-Funktionen geh\u00f6ren die HDR-Wiedergabe in Echtzeit im Sucher f\u00fcr pr\u00e4zise Belichtungssteuerung und die ProRes Touch Integration zur direkten Bearbeitung professioneller Videos. Exklusive Pro View Modi bieten ma\u00dfgeschneiderte Farbvoreinstellungen f\u00fcr spezifische kreative Workflows. Dieses Display ist mehr als nur ein Bildschirm; es ist eine leistungsstarke, immersive Leinwand, entwickelt f\u00fcr die anspruchsvollsten Kreativprofis und Nutzer, die nur das Beste vom Besten, Gr\u00f6\u00dften und Technologisch fortschrittlichsten visuellen Erlebnis erwarten.<\/div>\n<\/div>\n<\/div>\n<div class=\"ds-theme\"><\/div>\n<div class=\"ds-flex _0a3d93b\">\n<div class=\"ds-flex _965abe9 _54866f7\">\n<div class=\"db183363 ds-icon-button ds-icon-button--m ds-icon-button--sizing-container\" tabindex=\"0\" role=\"button\" aria-disabled=\"false\">\n<div class=\"ds-icon-button__hover-bg\"><\/div>\n<div class=\"ds-icon\"><\/div>\n<div class=\"ds-focus-ring\"><\/div>\n<\/div>\n<div class=\"db183363 ds-icon-button ds-icon-button--m ds-icon-button--sizing-container\" tabindex=\"0\" role=\"button\" aria-disabled=\"false\">\n<div class=\"ds-icon-button__hover-bg\"><\/div>\n<div class=\"ds-icon\"><\/div>\n<div class=\"ds-focus-ring\"><\/div>\n<\/div>\n<div class=\"db183363 ds-icon-button ds-icon-button--m ds-icon-button--sizing-container\" tabindex=\"0\" role=\"button\" aria-disabled=\"false\">\n<div class=\"ds-icon-button__hover-bg\"><\/div>\n<div class=\"ds-icon\"><\/div>\n<div class=\"ds-focus-ring\"><\/div>\n<\/div>\n<div class=\"db183363 ds-icon-button ds-icon-button--m ds-icon-button--sizing-container\" tabindex=\"0\" role=\"button\" aria-disabled=\"false\">\n<div class=\"ds-icon-button__hover-bg\"><\/div>\n<div class=\"ds-icon\"><\/div>\n<div class=\"ds-focus-ring\"><\/div>\n<\/div>\n<div class=\"db183363 ds-icon-button ds-icon-button--m ds-icon-button--sizing-container\" tabindex=\"0\" role=\"button\" aria-disabled=\"false\">\n<div class=\"ds-icon-button__hover-bg\"><\/div>\n<div class=\"ds-icon\"><\/div>\n<\/div>\n<\/div>\n<\/div>\n<\/div>\n<\/div>\n<\/div>\n<\/div>\n<\/div>\n<\/div>","protected":false},"featured_media":23027,"comment_status":"open","ping_status":"closed","template":"","meta":[],"product_brand":[],"product_cat":[466,42,1425],"product_tag":[],"class_list":{"0":"post-23031","1":"product","2":"type-product","3":"status-publish","4":"has-post-thumbnail","6":"product_cat-all-iphone-lcds","7":"product_cat-iphone","8":"product_cat-iphone-17-pro-max","10":"first","11":"instock","12":"taxable","13":"shipping-taxable","14":"purchasable","15":"product-type-simple"},"yoast_head":"<!-- This site is optimized with the Yoast SEO plugin v27.4 - https:\/\/yoast.com\/product\/yoast-seo-wordpress\/ -->\n<title>iPhone 17 Pro Max Super Retina XDR OLED Screen Replacement - 7.2&quot; ProMotion HDR - Original ProTech Plus Display - Global Express - InsurePart<\/title>\n<meta name=\"description\" content=\"iPhone 17 Pro Max Super Retina XDR with ProTech Plus: The Ultimate 7.2-inch LTPO OLED with ProMotion (1-300Hz), 3500-nit HDR Brightness, Dual-stack OLED, Real-time HDR Rendering, and Exclusive Pro View Modes for Maximum Creativity and Immersion.\" \/>\n<meta name=\"robots\" content=\"index, follow, max-snippet:-1, max-image-preview:large, max-video-preview:-1\" \/>\n<link rel=\"canonical\" href=\"https:\/\/www.dt-smart.com\/de\/producto\/iphone-17-pro-max-super-retina-xdr-with-protech-plus-the-ultimate-7-2-inch-ltpo-oled-with-promotion-1-300hz-3500-nit-hdr-brightness-dual-stack-oled-real-time-hdr-rendering-and-exclusive-pro-vie\/\" \/>\n<meta property=\"og:locale\" content=\"de_DE\" \/>\n<meta property=\"og:type\" content=\"article\" \/>\n<meta property=\"og:title\" content=\"iPhone 17 Pro Max Super Retina XDR OLED Screen Replacement - 7.2&quot; ProMotion HDR - Original ProTech Plus Display - Global Express - InsurePart\" \/>\n<meta property=\"og:description\" content=\"iPhone 17 Pro Max Super Retina XDR with ProTech Plus: The Ultimate 7.2-inch LTPO OLED with ProMotion (1-300Hz), 3500-nit HDR Brightness, Dual-stack OLED, Real-time HDR Rendering, and Exclusive Pro View Modes for Maximum Creativity and Immersion.\" \/>\n<meta property=\"og:url\" content=\"https:\/\/www.dt-smart.com\/de\/producto\/iphone-17-pro-max-super-retina-xdr-with-protech-plus-the-ultimate-7-2-inch-ltpo-oled-with-promotion-1-300hz-3500-nit-hdr-brightness-dual-stack-oled-real-time-hdr-rendering-and-exclusive-pro-vie\/\" \/>\n<meta property=\"og:site_name\" content=\"InsurePart\" \/>\n<meta property=\"article:publisher\" content=\"https:\/\/www.facebook.com\/anjinleeEva\" \/>\n<meta property=\"article:modified_time\" content=\"2025-12-23T02:00:19+00:00\" \/>\n<meta property=\"og:image\" content=\"https:\/\/www.dt-smart.com\/wp-content\/uploads\/2025\/12\/17PROMAX.webp\" \/>\n\t<meta property=\"og:image:width\" content=\"800\" \/>\n\t<meta property=\"og:image:height\" content=\"800\" \/>\n\t<meta property=\"og:image:type\" content=\"image\/webp\" \/>\n<meta name=\"twitter:card\" content=\"summary_large_image\" \/>\n<meta name=\"twitter:label1\" content=\"Gesch\u00e4tzte Lesezeit\" \/>\n\t<meta name=\"twitter:data1\" content=\"1\u00a0Minute\" \/>\n<script type=\"application\/ld+json\" class=\"yoast-schema-graph\">{\"@context\":\"https:\\\/\\\/schema.org\",\"@graph\":[{\"@type\":\"WebPage\",\"@id\":\"https:\\\/\\\/www.dt-smart.com\\\/es\\\/producto\\\/iphone-17-pro-max-super-retina-xdr-with-protech-plus-the-ultimate-7-2-inch-ltpo-oled-with-promotion-1-300hz-3500-nit-hdr-brightness-dual-stack-oled-real-time-hdr-rendering-and-exclusive-pro-vie\\\/\",\"url\":\"https:\\\/\\\/www.dt-smart.com\\\/es\\\/producto\\\/iphone-17-pro-max-super-retina-xdr-with-protech-plus-the-ultimate-7-2-inch-ltpo-oled-with-promotion-1-300hz-3500-nit-hdr-brightness-dual-stack-oled-real-time-hdr-rendering-and-exclusive-pro-vie\\\/\",\"name\":\"iPhone 17 Pro Max Super Retina XDR OLED Screen Replacement - 7.2\\\" ProMotion HDR - Original ProTech Plus Display - Global Express - InsurePart\",\"isPartOf\":{\"@id\":\"https:\\\/\\\/www.dt-smart.com\\\/#website\"},\"primaryImageOfPage\":{\"@id\":\"https:\\\/\\\/www.dt-smart.com\\\/es\\\/producto\\\/iphone-17-pro-max-super-retina-xdr-with-protech-plus-the-ultimate-7-2-inch-ltpo-oled-with-promotion-1-300hz-3500-nit-hdr-brightness-dual-stack-oled-real-time-hdr-rendering-and-exclusive-pro-vie\\\/#primaryimage\"},\"image\":{\"@id\":\"https:\\\/\\\/www.dt-smart.com\\\/es\\\/producto\\\/iphone-17-pro-max-super-retina-xdr-with-protech-plus-the-ultimate-7-2-inch-ltpo-oled-with-promotion-1-300hz-3500-nit-hdr-brightness-dual-stack-oled-real-time-hdr-rendering-and-exclusive-pro-vie\\\/#primaryimage\"},\"thumbnailUrl\":\"https:\\\/\\\/www.dt-smart.com\\\/wp-content\\\/uploads\\\/2025\\\/12\\\/17PROMAX.webp\",\"datePublished\":\"2025-12-11T03:33:51+00:00\",\"dateModified\":\"2025-12-23T02:00:19+00:00\",\"description\":\"iPhone 17 Pro Max Super Retina XDR with ProTech Plus: The Ultimate 7.2-inch LTPO OLED with ProMotion (1-300Hz), 3500-nit HDR Brightness, Dual-stack OLED, Real-time HDR Rendering, and Exclusive Pro View Modes for Maximum Creativity and Immersion.\",\"breadcrumb\":{\"@id\":\"https:\\\/\\\/www.dt-smart.com\\\/es\\\/producto\\\/iphone-17-pro-max-super-retina-xdr-with-protech-plus-the-ultimate-7-2-inch-ltpo-oled-with-promotion-1-300hz-3500-nit-hdr-brightness-dual-stack-oled-real-time-hdr-rendering-and-exclusive-pro-vie\\\/#breadcrumb\"},\"inLanguage\":\"de\",\"potentialAction\":[{\"@type\":\"ReadAction\",\"target\":[\"https:\\\/\\\/www.dt-smart.com\\\/es\\\/producto\\\/iphone-17-pro-max-super-retina-xdr-with-protech-plus-the-ultimate-7-2-inch-ltpo-oled-with-promotion-1-300hz-3500-nit-hdr-brightness-dual-stack-oled-real-time-hdr-rendering-and-exclusive-pro-vie\\\/\"]}]},{\"@type\":\"ImageObject\",\"inLanguage\":\"de\",\"@id\":\"https:\\\/\\\/www.dt-smart.com\\\/es\\\/producto\\\/iphone-17-pro-max-super-retina-xdr-with-protech-plus-the-ultimate-7-2-inch-ltpo-oled-with-promotion-1-300hz-3500-nit-hdr-brightness-dual-stack-oled-real-time-hdr-rendering-and-exclusive-pro-vie\\\/#primaryimage\",\"url\":\"https:\\\/\\\/www.dt-smart.com\\\/wp-content\\\/uploads\\\/2025\\\/12\\\/17PROMAX.webp\",\"contentUrl\":\"https:\\\/\\\/www.dt-smart.com\\\/wp-content\\\/uploads\\\/2025\\\/12\\\/17PROMAX.webp\",\"width\":800,\"height\":800},{\"@type\":\"BreadcrumbList\",\"@id\":\"https:\\\/\\\/www.dt-smart.com\\\/es\\\/producto\\\/iphone-17-pro-max-super-retina-xdr-with-protech-plus-the-ultimate-7-2-inch-ltpo-oled-with-promotion-1-300hz-3500-nit-hdr-brightness-dual-stack-oled-real-time-hdr-rendering-and-exclusive-pro-vie\\\/#breadcrumb\",\"itemListElement\":[{\"@type\":\"ListItem\",\"position\":1,\"name\":\"Home\",\"item\":\"https:\\\/\\\/www.dt-smart.com\\\/\"},{\"@type\":\"ListItem\",\"position\":2,\"name\":\"Product\",\"item\":\"https:\\\/\\\/www.dt-smart.com\\\/ru\\\/product\\\/\"},{\"@type\":\"ListItem\",\"position\":3,\"name\":\"iPhone 17 Pro Max Super Retina XDR OLED Screen Replacement &#8211; 7.2&#8243; ProMotion HDR &#8211; Original ProTech Plus Display &#8211; Global Express\"}]},{\"@type\":\"WebSite\",\"@id\":\"https:\\\/\\\/www.dt-smart.com\\\/#website\",\"url\":\"https:\\\/\\\/www.dt-smart.com\\\/\",\"name\":\"InsurePart\",\"description\":\"Cell Phone Repair Parts; iPhone Parts Wholesale;Samsung Parts Supplier\",\"potentialAction\":[{\"@type\":\"SearchAction\",\"target\":{\"@type\":\"EntryPoint\",\"urlTemplate\":\"https:\\\/\\\/www.dt-smart.com\\\/?s={search_term_string}\"},\"query-input\":{\"@type\":\"PropertyValueSpecification\",\"valueRequired\":true,\"valueName\":\"search_term_string\"}}],\"inLanguage\":\"de\"}]}<\/script>\n<!-- \/ Yoast SEO plugin. -->","yoast_head_json":{"title":"iPhone 17 Pro Max Super Retina XDR OLED Screen Replacement - 7.2\" ProMotion HDR - Original ProTech Plus Display - Global Express - InsurePart","description":"iPhone 17 Pro Max Super Retina XDR with ProTech Plus: The Ultimate 7.2-inch LTPO OLED with ProMotion (1-300Hz), 3500-nit HDR Brightness, Dual-stack OLED, Real-time HDR Rendering, and Exclusive Pro View Modes for Maximum Creativity and Immersion.","robots":{"index":"index","follow":"follow","max-snippet":"max-snippet:-1","max-image-preview":"max-image-preview:large","max-video-preview":"max-video-preview:-1"},"canonical":"https:\/\/www.dt-smart.com\/de\/producto\/iphone-17-pro-max-super-retina-xdr-with-protech-plus-the-ultimate-7-2-inch-ltpo-oled-with-promotion-1-300hz-3500-nit-hdr-brightness-dual-stack-oled-real-time-hdr-rendering-and-exclusive-pro-vie\/","og_locale":"de_DE","og_type":"article","og_title":"iPhone 17 Pro Max Super Retina XDR OLED Screen Replacement - 7.2\" ProMotion HDR - Original ProTech Plus Display - Global Express - InsurePart","og_description":"iPhone 17 Pro Max Super Retina XDR with ProTech Plus: The Ultimate 7.2-inch LTPO OLED with ProMotion (1-300Hz), 3500-nit HDR Brightness, Dual-stack OLED, Real-time HDR Rendering, and Exclusive Pro View Modes for Maximum Creativity and Immersion.","og_url":"https:\/\/www.dt-smart.com\/de\/producto\/iphone-17-pro-max-super-retina-xdr-with-protech-plus-the-ultimate-7-2-inch-ltpo-oled-with-promotion-1-300hz-3500-nit-hdr-brightness-dual-stack-oled-real-time-hdr-rendering-and-exclusive-pro-vie\/","og_site_name":"InsurePart","article_publisher":"https:\/\/www.facebook.com\/anjinleeEva","article_modified_time":"2025-12-23T02:00:19+00:00","og_image":[{"width":800,"height":800,"url":"https:\/\/www.dt-smart.com\/wp-content\/uploads\/2025\/12\/17PROMAX.webp","type":"image\/webp"}],"twitter_card":"summary_large_image","twitter_misc":{"Gesch\u00e4tzte Lesezeit":"1\u00a0Minute"},"schema":{"@context":"https:\/\/schema.org","@graph":[{"@type":"WebPage","@id":"https:\/\/www.dt-smart.com\/es\/producto\/iphone-17-pro-max-super-retina-xdr-with-protech-plus-the-ultimate-7-2-inch-ltpo-oled-with-promotion-1-300hz-3500-nit-hdr-brightness-dual-stack-oled-real-time-hdr-rendering-and-exclusive-pro-vie\/","url":"https:\/\/www.dt-smart.com\/es\/producto\/iphone-17-pro-max-super-retina-xdr-with-protech-plus-the-ultimate-7-2-inch-ltpo-oled-with-promotion-1-300hz-3500-nit-hdr-brightness-dual-stack-oled-real-time-hdr-rendering-and-exclusive-pro-vie\/","name":"iPhone 17 Pro Max Super Retina XDR OLED Screen Replacement - 7.2\" ProMotion HDR - Original ProTech Plus Display - Global Express - InsurePart","isPartOf":{"@id":"https:\/\/www.dt-smart.com\/#website"},"primaryImageOfPage":{"@id":"https:\/\/www.dt-smart.com\/es\/producto\/iphone-17-pro-max-super-retina-xdr-with-protech-plus-the-ultimate-7-2-inch-ltpo-oled-with-promotion-1-300hz-3500-nit-hdr-brightness-dual-stack-oled-real-time-hdr-rendering-and-exclusive-pro-vie\/#primaryimage"},"image":{"@id":"https:\/\/www.dt-smart.com\/es\/producto\/iphone-17-pro-max-super-retina-xdr-with-protech-plus-the-ultimate-7-2-inch-ltpo-oled-with-promotion-1-300hz-3500-nit-hdr-brightness-dual-stack-oled-real-time-hdr-rendering-and-exclusive-pro-vie\/#primaryimage"},"thumbnailUrl":"https:\/\/www.dt-smart.com\/wp-content\/uploads\/2025\/12\/17PROMAX.webp","datePublished":"2025-12-11T03:33:51+00:00","dateModified":"2025-12-23T02:00:19+00:00","description":"iPhone 17 Pro Max Super Retina XDR with ProTech Plus: The Ultimate 7.2-inch LTPO OLED with ProMotion (1-300Hz), 3500-nit HDR Brightness, Dual-stack OLED, Real-time HDR Rendering, and Exclusive Pro View Modes for Maximum Creativity and Immersion.","breadcrumb":{"@id":"https:\/\/www.dt-smart.com\/es\/producto\/iphone-17-pro-max-super-retina-xdr-with-protech-plus-the-ultimate-7-2-inch-ltpo-oled-with-promotion-1-300hz-3500-nit-hdr-brightness-dual-stack-oled-real-time-hdr-rendering-and-exclusive-pro-vie\/#breadcrumb"},"inLanguage":"de","potentialAction":[{"@type":"ReadAction","target":["https:\/\/www.dt-smart.com\/es\/producto\/iphone-17-pro-max-super-retina-xdr-with-protech-plus-the-ultimate-7-2-inch-ltpo-oled-with-promotion-1-300hz-3500-nit-hdr-brightness-dual-stack-oled-real-time-hdr-rendering-and-exclusive-pro-vie\/"]}]},{"@type":"ImageObject","inLanguage":"de","@id":"https:\/\/www.dt-smart.com\/es\/producto\/iphone-17-pro-max-super-retina-xdr-with-protech-plus-the-ultimate-7-2-inch-ltpo-oled-with-promotion-1-300hz-3500-nit-hdr-brightness-dual-stack-oled-real-time-hdr-rendering-and-exclusive-pro-vie\/#primaryimage","url":"https:\/\/www.dt-smart.com\/wp-content\/uploads\/2025\/12\/17PROMAX.webp","contentUrl":"https:\/\/www.dt-smart.com\/wp-content\/uploads\/2025\/12\/17PROMAX.webp","width":800,"height":800},{"@type":"BreadcrumbList","@id":"https:\/\/www.dt-smart.com\/es\/producto\/iphone-17-pro-max-super-retina-xdr-with-protech-plus-the-ultimate-7-2-inch-ltpo-oled-with-promotion-1-300hz-3500-nit-hdr-brightness-dual-stack-oled-real-time-hdr-rendering-and-exclusive-pro-vie\/#breadcrumb","itemListElement":[{"@type":"ListItem","position":1,"name":"Home","item":"https:\/\/www.dt-smart.com\/"},{"@type":"ListItem","position":2,"name":"Product","item":"https:\/\/www.dt-smart.com\/ru\/product\/"},{"@type":"ListItem","position":3,"name":"iPhone 17 Pro Max Super Retina XDR OLED Screen Replacement &#8211; 7.2&#8243; ProMotion HDR &#8211; Original ProTech Plus Display &#8211; Global Express"}]},{"@type":"WebSite","@id":"https:\/\/www.dt-smart.com\/#website","url":"https:\/\/www.dt-smart.com\/","name":"InsurePart","description":"Handy-Ersatzteile; iPhone-Ersatzteile im Gro\u00dfhandel; Samsung-Ersatzteillieferant","potentialAction":[{"@type":"SearchAction","target":{"@type":"EntryPoint","urlTemplate":"https:\/\/www.dt-smart.com\/?s={search_term_string}"},"query-input":{"@type":"PropertyValueSpecification","valueRequired":true,"valueName":"search_term_string"}}],"inLanguage":"de"}]}},"_links":{"self":[{"href":"https:\/\/www.dt-smart.com\/de\/wp-json\/wp\/v2\/product\/23031","targetHints":{"allow":["GET"]}}],"collection":[{"href":"https:\/\/www.dt-smart.com\/de\/wp-json\/wp\/v2\/product"}],"about":[{"href":"https:\/\/www.dt-smart.com\/de\/wp-json\/wp\/v2\/types\/product"}],"replies":[{"embeddable":true,"href":"https:\/\/www.dt-smart.com\/de\/wp-json\/wp\/v2\/comments?post=23031"}],"version-history":[{"count":4,"href":"https:\/\/www.dt-smart.com\/de\/wp-json\/wp\/v2\/product\/23031\/revisions"}],"predecessor-version":[{"id":23477,"href":"https:\/\/www.dt-smart.com\/de\/wp-json\/wp\/v2\/product\/23031\/revisions\/23477"}],"wp:featuredmedia":[{"embeddable":true,"href":"https:\/\/www.dt-smart.com\/de\/wp-json\/wp\/v2\/media\/23027"}],"wp:attachment":[{"href":"https:\/\/www.dt-smart.com\/de\/wp-json\/wp\/v2\/media?parent=23031"}],"wp:term":[{"taxonomy":"product_brand","embeddable":true,"href":"https:\/\/www.dt-smart.com\/de\/wp-json\/wp\/v2\/product_brand?post=23031"},{"taxonomy":"product_cat","embeddable":true,"href":"https:\/\/www.dt-smart.com\/de\/wp-json\/wp\/v2\/product_cat?post=23031"},{"taxonomy":"product_tag","embeddable":true,"href":"https:\/\/www.dt-smart.com\/de\/wp-json\/wp\/v2\/product_tag?post=23031"}],"curies":[{"name":"wp","href":"https:\/\/api.w.org\/{rel}","templated":true}]}}