{"id":2651,"date":"2023-11-01T09:20:09","date_gmt":"2023-11-01T01:20:09","guid":{"rendered":"https:\/\/dt-smart.com\/?post_type=product&#038;p=2651"},"modified":"2026-01-12T16:54:10","modified_gmt":"2026-01-12T08:54:10","slug":"for-iphone-12-lcd%ef%bc%88dt-oled-ja-incell","status":"publish","type":"product","link":"https:\/\/www.dt-smart.com\/de\/produkt\/for-iphone-12-lcd%ef%bc%88dt-oled-ja-incell\/","title":{"rendered":"iPhone 12 LCD-Bildschirm-Austausch \u2013 Touchscreen-Einheit mit hoher Helligkeit und gro\u00dfem Farbraum"},"content":{"rendered":"<p><img fetchpriority=\"high\" decoding=\"async\" class=\"wp-image-15805 aligncenter\" src=\"https:\/\/insurepart.com\/wp-content\/uploads\/2024\/09\/12-scaled.webp\" alt=\"\" width=\"1000\" height=\"1120\" srcset=\"https:\/\/www.dt-smart.com\/wp-content\/uploads\/2024\/09\/12-scaled.webp 2286w, https:\/\/www.dt-smart.com\/wp-content\/uploads\/2024\/09\/12-scaled-300x336.webp 300w, https:\/\/www.dt-smart.com\/wp-content\/uploads\/2024\/09\/12-scaled-150x168.webp 150w, https:\/\/www.dt-smart.com\/wp-content\/uploads\/2024\/09\/12-scaled-800x896.webp 800w, https:\/\/www.dt-smart.com\/wp-content\/uploads\/2024\/09\/12-268x300.webp 268w, https:\/\/www.dt-smart.com\/wp-content\/uploads\/2024\/09\/12-914x1024.webp 914w, https:\/\/www.dt-smart.com\/wp-content\/uploads\/2024\/09\/12-768x860.webp 768w, https:\/\/www.dt-smart.com\/wp-content\/uploads\/2024\/09\/12-1371x1536.webp 1371w, https:\/\/www.dt-smart.com\/wp-content\/uploads\/2024\/09\/12-1829x2048.webp 1829w, https:\/\/www.dt-smart.com\/wp-content\/uploads\/2024\/09\/12-11x12.webp 11w, https:\/\/www.dt-smart.com\/wp-content\/uploads\/2024\/09\/12-1320x1478.webp 1320w\" sizes=\"(max-width: 1000px) 100vw, 1000px\" \/><\/p>\n<p style=\"text-align: center;\"><img decoding=\"async\" class=\"alignnone size-full wp-image-15567\" src=\"https:\/\/insurepart.com\/wp-content\/uploads\/2024\/08\/\u4e3a\u4ec0\u4e48\u9009\u62e9\u6211\u4eec22.webp\" alt=\"\" width=\"1000\" height=\"786\" srcset=\"https:\/\/www.dt-smart.com\/wp-content\/uploads\/2024\/08\/\u4e3a\u4ec0\u4e48\u9009\u62e9\u6211\u4eec22.webp 1000w, https:\/\/www.dt-smart.com\/wp-content\/uploads\/2024\/08\/\u4e3a\u4ec0\u4e48\u9009\u62e9\u6211\u4eec22-300x236.webp 300w, https:\/\/www.dt-smart.com\/wp-content\/uploads\/2024\/08\/\u4e3a\u4ec0\u4e48\u9009\u62e9\u6211\u4eec22-150x118.webp 150w, https:\/\/www.dt-smart.com\/wp-content\/uploads\/2024\/08\/\u4e3a\u4ec0\u4e48\u9009\u62e9\u6211\u4eec22-800x629.webp 800w, https:\/\/www.dt-smart.com\/wp-content\/uploads\/2024\/08\/\u4e3a\u4ec0\u4e48\u9009\u62e9\u6211\u4eec22-768x604.webp 768w, https:\/\/www.dt-smart.com\/wp-content\/uploads\/2024\/08\/\u4e3a\u4ec0\u4e48\u9009\u62e9\u6211\u4eec22-15x12.webp 15w\" sizes=\"(max-width: 1000px) 100vw, 1000px\" \/><\/p>","protected":false},"excerpt":{"rendered":"<p><span style=\"font-family: arial, helvetica, sans-serif;\"><span style=\"font-size: 8pt;\">Langlebig: Unzerst\u00f6rbares Glas: Verabschieden Sie sich von zerbrechlichen Bildschirmen. Das extrem haltbare Glasmaterial von DT-Smart gew\u00e4hrleistet eine beispiellose Widerstandsf\u00e4higkeit gegen Kratzer und St\u00f6\u00dfe und sch\u00fctzt Ihr Ger\u00e4t.<\/span><\/span><br \/>\n<span style=\"font-family: arial, helvetica, sans-serif; font-size: 8pt;\">Ultrahohe Aufl\u00f6sung und Bildwiederholfrequenz: Der DT-Smart-Bildschirm zeichnet sich durch eine ultrahohe Aufl\u00f6sung und Bildwiederholfrequenz aus und bietet so f\u00fcr jedes Bild und Video eine atemberaubende Klarheit und fl\u00fcssige Darstellung.<\/span><br \/>\n<span style=\"font-family: arial, helvetica, sans-serif; font-size: 8pt;\">HDR mit erweitertem Farbraum: Erleben Sie Farben wie nie zuvor. Unsere Bildschirme bieten dank HDR-Technologie einen erweiterten Farbraum und liefern so lebendige, naturgetreue Bilder, die jeden Ton und jede Nuance wiedergeben.<\/span><br \/>\n<span style=\"font-family: arial, helvetica, sans-serif; font-size: 8pt;\">Un\u00fcbertroffene Empfindlichkeit: Genie\u00dfen Sie sofortige Ber\u00fchrungsreaktion. Der DT-Smart-Bildschirm ist f\u00fcr fl\u00fcssige, pr\u00e4zise Interaktionen konzipiert und sorgt daf\u00fcr, dass sich jede Geste und jeder Klick nat\u00fcrlich und m\u00fchelos anf\u00fchlt.<\/span><br \/>\n<span style=\"font-family: arial, helvetica, sans-serif; font-size: 8pt;\">Unempfindlich gegen Fingerabdr\u00fccke und Flecken: Halten Sie Ihren Bildschirm sauber. Unsere Bildschirme sind \u00f6l-, schmutz- und fingerabdruckabweisend und garantieren so eine klare Sicht und einfache Reinigung.<\/span><br \/>\n<span style=\"font-family: arial, helvetica, sans-serif; font-size: 8pt;\">Einfache Installation: Mit DT-Smart wird der Bildschirmtausch zum Kinderspiel. Unsere Komponenten sind f\u00fcr eine einfache Installation konzipiert, sodass Sie Ihre Ger\u00e4te im Handumdrehen wieder nutzen k\u00f6nnen.<\/span><br \/>\n<span style=\"font-family: arial, helvetica, sans-serif; font-size: 8pt;\">Umweltschutz und Energieeinsparung: Wir engagieren uns f\u00fcr Umweltverantwortung. DT-Smart-Bildschirme sind umweltfreundlich und energiesparend und tragen so zu einer nachhaltigen und gr\u00fcnen Zukunft bei.<\/span><\/p>","protected":false},"featured_media":3329,"comment_status":"open","ping_status":"closed","template":"","meta":[],"product_brand":[],"product_cat":[466,99],"product_tag":[],"class_list":{"0":"post-2651","1":"product","2":"type-product","3":"status-publish","4":"has-post-thumbnail","6":"product_cat-all-iphone-lcds","7":"product_cat-iphone-12","9":"first","10":"instock","11":"taxable","12":"shipping-taxable","13":"purchasable","14":"product-type-variable"},"yoast_head":"<!-- This site is optimized with the Yoast SEO plugin v27.4 - https:\/\/yoast.com\/product\/yoast-seo-wordpress\/ -->\n<title>iPhone 12 LCD Screen Replacement - High Brightness &amp; Color Gamut Touch Display Assembly - InsurePart<\/title>\n<meta name=\"description\" content=\"iPhone 12 LCD Screen Replacement - High Brightness &amp; Color Gamut Touch Display Assembly\" \/>\n<meta name=\"robots\" content=\"index, follow, max-snippet:-1, max-image-preview:large, max-video-preview:-1\" \/>\n<link rel=\"canonical\" href=\"https:\/\/www.dt-smart.com\/de\/produkt\/for-iphone-12-lcd\uff08dt-oled-ja-incell\/\" \/>\n<meta property=\"og:locale\" content=\"de_DE\" \/>\n<meta property=\"og:type\" content=\"article\" \/>\n<meta property=\"og:title\" content=\"iPhone 12 LCD Screen Replacement - High Brightness &amp; Color Gamut Touch Display Assembly - InsurePart\" \/>\n<meta property=\"og:description\" content=\"iPhone 12 LCD Screen Replacement - High Brightness &amp; Color Gamut Touch Display Assembly\" \/>\n<meta property=\"og:url\" content=\"https:\/\/www.dt-smart.com\/de\/produkt\/for-iphone-12-lcd\uff08dt-oled-ja-incell\/\" \/>\n<meta property=\"og:site_name\" content=\"InsurePart\" \/>\n<meta property=\"article:publisher\" content=\"https:\/\/www.facebook.com\/anjinleeEva\" \/>\n<meta property=\"article:modified_time\" content=\"2026-01-12T08:54:10+00:00\" \/>\n<meta property=\"og:image\" content=\"https:\/\/www.dt-smart.com\/wp-content\/uploads\/2023\/11\/\u672a\u6807\u9898-2-1.png\" \/>\n\t<meta property=\"og:image:width\" content=\"1000\" \/>\n\t<meta property=\"og:image:height\" content=\"1000\" \/>\n\t<meta property=\"og:image:type\" content=\"image\/png\" \/>\n<meta name=\"twitter:card\" content=\"summary_large_image\" \/>\n<meta name=\"twitter:label1\" content=\"Gesch\u00e4tzte Lesezeit\" \/>\n\t<meta name=\"twitter:data1\" content=\"1\u00a0Minute\" \/>\n<script type=\"application\/ld+json\" class=\"yoast-schema-graph\">{\"@context\":\"https:\\\/\\\/schema.org\",\"@graph\":[{\"@type\":\"WebPage\",\"@id\":\"https:\\\/\\\/www.dt-smart.com\\\/de\\\/produkt\\\/for-iphone-12-lcd%ef%bc%88dt-oled-ja-incell\\\/\",\"url\":\"https:\\\/\\\/www.dt-smart.com\\\/de\\\/produkt\\\/for-iphone-12-lcd%ef%bc%88dt-oled-ja-incell\\\/\",\"name\":\"iPhone 12 LCD Screen Replacement - High Brightness & Color Gamut Touch Display Assembly - InsurePart\",\"isPartOf\":{\"@id\":\"https:\\\/\\\/www.dt-smart.com\\\/#website\"},\"primaryImageOfPage\":{\"@id\":\"https:\\\/\\\/www.dt-smart.com\\\/de\\\/produkt\\\/for-iphone-12-lcd%ef%bc%88dt-oled-ja-incell\\\/#primaryimage\"},\"image\":{\"@id\":\"https:\\\/\\\/www.dt-smart.com\\\/de\\\/produkt\\\/for-iphone-12-lcd%ef%bc%88dt-oled-ja-incell\\\/#primaryimage\"},\"thumbnailUrl\":\"https:\\\/\\\/www.dt-smart.com\\\/wp-content\\\/uploads\\\/2023\\\/11\\\/\u672a\u6807\u9898-2-1.png\",\"datePublished\":\"2023-11-01T01:20:09+00:00\",\"dateModified\":\"2026-01-12T08:54:10+00:00\",\"description\":\"iPhone 12 LCD Screen Replacement - High Brightness & Color Gamut Touch Display Assembly\",\"breadcrumb\":{\"@id\":\"https:\\\/\\\/www.dt-smart.com\\\/de\\\/produkt\\\/for-iphone-12-lcd%ef%bc%88dt-oled-ja-incell\\\/#breadcrumb\"},\"inLanguage\":\"de\",\"potentialAction\":[{\"@type\":\"ReadAction\",\"target\":[\"https:\\\/\\\/www.dt-smart.com\\\/de\\\/produkt\\\/for-iphone-12-lcd%ef%bc%88dt-oled-ja-incell\\\/\"]}]},{\"@type\":\"ImageObject\",\"inLanguage\":\"de\",\"@id\":\"https:\\\/\\\/www.dt-smart.com\\\/de\\\/produkt\\\/for-iphone-12-lcd%ef%bc%88dt-oled-ja-incell\\\/#primaryimage\",\"url\":\"https:\\\/\\\/www.dt-smart.com\\\/wp-content\\\/uploads\\\/2023\\\/11\\\/\u672a\u6807\u9898-2-1.png\",\"contentUrl\":\"https:\\\/\\\/www.dt-smart.com\\\/wp-content\\\/uploads\\\/2023\\\/11\\\/\u672a\u6807\u9898-2-1.png\",\"width\":1000,\"height\":1000},{\"@type\":\"BreadcrumbList\",\"@id\":\"https:\\\/\\\/www.dt-smart.com\\\/de\\\/produkt\\\/for-iphone-12-lcd%ef%bc%88dt-oled-ja-incell\\\/#breadcrumb\",\"itemListElement\":[{\"@type\":\"ListItem\",\"position\":1,\"name\":\"Home\",\"item\":\"https:\\\/\\\/www.dt-smart.com\\\/\"},{\"@type\":\"ListItem\",\"position\":2,\"name\":\"Product\",\"item\":\"https:\\\/\\\/www.dt-smart.com\\\/ru\\\/product\\\/\"},{\"@type\":\"ListItem\",\"position\":3,\"name\":\"iPhone 12 LCD Screen Replacement &#8211; High Brightness &#038; Color Gamut Touch Display Assembly\"}]},{\"@type\":\"WebSite\",\"@id\":\"https:\\\/\\\/www.dt-smart.com\\\/#website\",\"url\":\"https:\\\/\\\/www.dt-smart.com\\\/\",\"name\":\"InsurePart\",\"description\":\"Cell Phone Repair Parts; iPhone Parts Wholesale;Samsung Parts Supplier\",\"potentialAction\":[{\"@type\":\"SearchAction\",\"target\":{\"@type\":\"EntryPoint\",\"urlTemplate\":\"https:\\\/\\\/www.dt-smart.com\\\/?s={search_term_string}\"},\"query-input\":{\"@type\":\"PropertyValueSpecification\",\"valueRequired\":true,\"valueName\":\"search_term_string\"}}],\"inLanguage\":\"de\"}]}<\/script>\n<!-- \/ Yoast SEO plugin. -->","yoast_head_json":{"title":"iPhone 12 LCD Screen Replacement - High Brightness & Color Gamut Touch Display Assembly - InsurePart","description":"iPhone 12 LCD Screen Replacement - High Brightness & Color Gamut Touch Display Assembly","robots":{"index":"index","follow":"follow","max-snippet":"max-snippet:-1","max-image-preview":"max-image-preview:large","max-video-preview":"max-video-preview:-1"},"canonical":"https:\/\/www.dt-smart.com\/de\/produkt\/for-iphone-12-lcd\uff08dt-oled-ja-incell\/","og_locale":"de_DE","og_type":"article","og_title":"iPhone 12 LCD Screen Replacement - High Brightness & Color Gamut Touch Display Assembly - InsurePart","og_description":"iPhone 12 LCD Screen Replacement - High Brightness & Color Gamut Touch Display Assembly","og_url":"https:\/\/www.dt-smart.com\/de\/produkt\/for-iphone-12-lcd\uff08dt-oled-ja-incell\/","og_site_name":"InsurePart","article_publisher":"https:\/\/www.facebook.com\/anjinleeEva","article_modified_time":"2026-01-12T08:54:10+00:00","og_image":[{"width":1000,"height":1000,"url":"https:\/\/www.dt-smart.com\/wp-content\/uploads\/2023\/11\/\u672a\u6807\u9898-2-1.png","type":"image\/png"}],"twitter_card":"summary_large_image","twitter_misc":{"Gesch\u00e4tzte Lesezeit":"1\u00a0Minute"},"schema":{"@context":"https:\/\/schema.org","@graph":[{"@type":"WebPage","@id":"https:\/\/www.dt-smart.com\/de\/produkt\/for-iphone-12-lcd%ef%bc%88dt-oled-ja-incell\/","url":"https:\/\/www.dt-smart.com\/de\/produkt\/for-iphone-12-lcd%ef%bc%88dt-oled-ja-incell\/","name":"iPhone 12 LCD Screen Replacement - High Brightness & Color Gamut Touch Display Assembly - InsurePart","isPartOf":{"@id":"https:\/\/www.dt-smart.com\/#website"},"primaryImageOfPage":{"@id":"https:\/\/www.dt-smart.com\/de\/produkt\/for-iphone-12-lcd%ef%bc%88dt-oled-ja-incell\/#primaryimage"},"image":{"@id":"https:\/\/www.dt-smart.com\/de\/produkt\/for-iphone-12-lcd%ef%bc%88dt-oled-ja-incell\/#primaryimage"},"thumbnailUrl":"https:\/\/www.dt-smart.com\/wp-content\/uploads\/2023\/11\/\u672a\u6807\u9898-2-1.png","datePublished":"2023-11-01T01:20:09+00:00","dateModified":"2026-01-12T08:54:10+00:00","description":"iPhone 12 LCD Screen Replacement - High Brightness & Color Gamut Touch Display Assembly","breadcrumb":{"@id":"https:\/\/www.dt-smart.com\/de\/produkt\/for-iphone-12-lcd%ef%bc%88dt-oled-ja-incell\/#breadcrumb"},"inLanguage":"de","potentialAction":[{"@type":"ReadAction","target":["https:\/\/www.dt-smart.com\/de\/produkt\/for-iphone-12-lcd%ef%bc%88dt-oled-ja-incell\/"]}]},{"@type":"ImageObject","inLanguage":"de","@id":"https:\/\/www.dt-smart.com\/de\/produkt\/for-iphone-12-lcd%ef%bc%88dt-oled-ja-incell\/#primaryimage","url":"https:\/\/www.dt-smart.com\/wp-content\/uploads\/2023\/11\/\u672a\u6807\u9898-2-1.png","contentUrl":"https:\/\/www.dt-smart.com\/wp-content\/uploads\/2023\/11\/\u672a\u6807\u9898-2-1.png","width":1000,"height":1000},{"@type":"BreadcrumbList","@id":"https:\/\/www.dt-smart.com\/de\/produkt\/for-iphone-12-lcd%ef%bc%88dt-oled-ja-incell\/#breadcrumb","itemListElement":[{"@type":"ListItem","position":1,"name":"Home","item":"https:\/\/www.dt-smart.com\/"},{"@type":"ListItem","position":2,"name":"Product","item":"https:\/\/www.dt-smart.com\/ru\/product\/"},{"@type":"ListItem","position":3,"name":"iPhone 12 LCD Screen Replacement &#8211; High Brightness &#038; Color Gamut Touch Display Assembly"}]},{"@type":"WebSite","@id":"https:\/\/www.dt-smart.com\/#website","url":"https:\/\/www.dt-smart.com\/","name":"InsurePart","description":"Handy-Ersatzteile; iPhone-Ersatzteile im Gro\u00dfhandel; Samsung-Ersatzteillieferant","potentialAction":[{"@type":"SearchAction","target":{"@type":"EntryPoint","urlTemplate":"https:\/\/www.dt-smart.com\/?s={search_term_string}"},"query-input":{"@type":"PropertyValueSpecification","valueRequired":true,"valueName":"search_term_string"}}],"inLanguage":"de"}]}},"_links":{"self":[{"href":"https:\/\/www.dt-smart.com\/de\/wp-json\/wp\/v2\/product\/2651","targetHints":{"allow":["GET"]}}],"collection":[{"href":"https:\/\/www.dt-smart.com\/de\/wp-json\/wp\/v2\/product"}],"about":[{"href":"https:\/\/www.dt-smart.com\/de\/wp-json\/wp\/v2\/types\/product"}],"replies":[{"embeddable":true,"href":"https:\/\/www.dt-smart.com\/de\/wp-json\/wp\/v2\/comments?post=2651"}],"version-history":[{"count":8,"href":"https:\/\/www.dt-smart.com\/de\/wp-json\/wp\/v2\/product\/2651\/revisions"}],"predecessor-version":[{"id":23860,"href":"https:\/\/www.dt-smart.com\/de\/wp-json\/wp\/v2\/product\/2651\/revisions\/23860"}],"wp:featuredmedia":[{"embeddable":true,"href":"https:\/\/www.dt-smart.com\/de\/wp-json\/wp\/v2\/media\/3329"}],"wp:attachment":[{"href":"https:\/\/www.dt-smart.com\/de\/wp-json\/wp\/v2\/media?parent=2651"}],"wp:term":[{"taxonomy":"product_brand","embeddable":true,"href":"https:\/\/www.dt-smart.com\/de\/wp-json\/wp\/v2\/product_brand?post=2651"},{"taxonomy":"product_cat","embeddable":true,"href":"https:\/\/www.dt-smart.com\/de\/wp-json\/wp\/v2\/product_cat?post=2651"},{"taxonomy":"product_tag","embeddable":true,"href":"https:\/\/www.dt-smart.com\/de\/wp-json\/wp\/v2\/product_tag?post=2651"}],"curies":[{"name":"wp","href":"https:\/\/api.w.org\/{rel}","templated":true}]}}