{"id":2822,"date":"2023-10-28T15:40:11","date_gmt":"2023-10-28T07:40:11","guid":{"rendered":"https:\/\/dt-smart.com\/?post_type=product&#038;p=2822"},"modified":"2026-01-28T11:28:23","modified_gmt":"2026-01-28T03:28:23","slug":"for-iphone-8-plus-battery%ef%bc%88a-a-a","status":"publish","type":"product","link":"https:\/\/www.dt-smart.com\/de\/produkt\/for-iphone-8-plus-battery%ef%bc%88a-a-a\/","title":{"rendered":"iPhone 8 Plus Akku \u2013 Maximale Lebensdauer \u2013 Hohe Kapazit\u00e4t &amp; langanhaltende Leistung \u2013 OEM-Qualit\u00e4t \u2013 Schneller Versand"},"content":{"rendered":"<p><img fetchpriority=\"high\" decoding=\"async\" class=\"aligncenter size-full wp-image-4182\" src=\"https:\/\/dt-smart.com\/wp-content\/uploads\/2023\/11\/\u53c2\u6570-18.jpg\" alt=\"\" width=\"1000\" height=\"1015\" srcset=\"https:\/\/www.dt-smart.com\/wp-content\/uploads\/2023\/11\/\u53c2\u6570-18.jpg 1000w, https:\/\/www.dt-smart.com\/wp-content\/uploads\/2023\/11\/\u53c2\u6570-18-300x305.jpg 300w, https:\/\/www.dt-smart.com\/wp-content\/uploads\/2023\/11\/\u53c2\u6570-18-150x152.jpg 150w, https:\/\/www.dt-smart.com\/wp-content\/uploads\/2023\/11\/\u53c2\u6570-18-800x812.jpg 800w, https:\/\/www.dt-smart.com\/wp-content\/uploads\/2023\/11\/\u53c2\u6570-18-296x300.jpg 296w, https:\/\/www.dt-smart.com\/wp-content\/uploads\/2023\/11\/\u53c2\u6570-18-768x780.jpg 768w, https:\/\/www.dt-smart.com\/wp-content\/uploads\/2023\/11\/\u53c2\u6570-18-12x12.jpg 12w\" sizes=\"(max-width: 1000px) 100vw, 1000px\" \/> <img decoding=\"async\" class=\"aligncenter size-full wp-image-4193\" src=\"https:\/\/dt-smart.com\/wp-content\/uploads\/2023\/11\/\u672a\u6807\u9898-2_02-2.jpg\" alt=\"\" width=\"1000\" height=\"998\" srcset=\"\" sizes=\"(max-width: 1000px) 100vw, 1000px\" data-srcset=\"\" \/> <img decoding=\"async\" class=\"aligncenter size-full wp-image-4194\" src=\"https:\/\/dt-smart.com\/wp-content\/uploads\/2023\/11\/\u672a\u6807\u9898-2_03-2.jpg\" alt=\"\" width=\"1000\" height=\"1052\" srcset=\"\" sizes=\"(max-width: 1000px) 100vw, 1000px\" data-srcset=\"\" \/> <img loading=\"lazy\" decoding=\"async\" class=\"aligncenter size-full wp-image-4195\" src=\"https:\/\/dt-smart.com\/wp-content\/uploads\/2023\/11\/\u672a\u6807\u9898-2_04-2.jpg\" alt=\"\" width=\"1000\" height=\"887\" srcset=\"\" sizes=\"(max-width: 1000px) 100vw, 1000px\" data-srcset=\"\" \/> <img loading=\"lazy\" decoding=\"async\" class=\"aligncenter size-full wp-image-4196\" src=\"https:\/\/dt-smart.com\/wp-content\/uploads\/2023\/11\/\u672a\u6807\u9898-2_05-2.jpg\" alt=\"\" width=\"1000\" height=\"973\" srcset=\"\" sizes=\"(max-width: 1000px) 100vw, 1000px\" data-srcset=\"\" \/> <img loading=\"lazy\" decoding=\"async\" class=\"aligncenter size-full wp-image-4197\" src=\"https:\/\/dt-smart.com\/wp-content\/uploads\/2023\/11\/\u672a\u6807\u9898-2_06-2.jpg\" alt=\"\" width=\"1000\" height=\"906\" srcset=\"\" sizes=\"(max-width: 1000px) 100vw, 1000px\" data-srcset=\"\" \/> <img loading=\"lazy\" decoding=\"async\" class=\"aligncenter size-full wp-image-4198\" src=\"https:\/\/dt-smart.com\/wp-content\/uploads\/2023\/11\/\u672a\u6807\u9898-2_07-2.jpg\" alt=\"\" width=\"1000\" height=\"1009\" srcset=\"\" sizes=\"(max-width: 1000px) 100vw, 1000px\" data-srcset=\"\" \/><\/p>","protected":false},"excerpt":{"rendered":"<p><span style=\"font-family: arial, helvetica, sans-serif; font-size: 8pt;\">Un\u00fcbertroffene Sicherheit: Ihre Sicherheit hat f\u00fcr uns h\u00f6chste Priorit\u00e4t. DT-Smart-Batterien sind auf h\u00f6chste Zuverl\u00e4ssigkeit ausgelegt und resistent gegen Aufbl\u00e4hen und Brandgefahr \u2013 f\u00fcr sorgenfreies Laden bei jedem Einsatz.<\/span><br \/>\n<span style=\"font-family: arial, helvetica, sans-serif; font-size: 8pt;\">Umweltbewusste Exzellenz: Werden Sie Teil der Nachhaltigkeitsbewegung mit unseren umweltfreundlichen Batterien. Reduzieren Sie Abfall und tragen Sie mit unseren umweltfreundlichen Energiel\u00f6sungen zu einer gr\u00fcneren Welt bei.<\/span><br \/>\n<span style=\"font-family: arial, helvetica, sans-serif; font-size: 8pt;\">Au\u00dfergew\u00f6hnliche Langlebigkeit: DT-Smart-Batterien sind auf Langlebigkeit ausgelegt und trotzen dauerhaft der Belastung durch lange Lebensdauer. Verabschieden Sie sich von h\u00e4ufigem Batteriewechsel und begr\u00fc\u00dfen Sie dauerhafte Leistung und Zuverl\u00e4ssigkeit.<\/span><br \/>\n<span style=\"font-family: arial, helvetica, sans-serif; font-size: 8pt;\">Minimaler Batterieverschlei\u00df: Profitieren Sie von minimalem Batterieverschlei\u00df im Laufe der Zeit, was eine gleichbleibende und zuverl\u00e4ssige Stromversorgung auch nach unz\u00e4hligen Ladezyklen gew\u00e4hrleistet.<\/span><br \/>\n<span style=\"font-family: arial, helvetica, sans-serif; font-size: 8pt;\">Geringe W\u00e4rmeabgabe: Unsere innovative Technologie reduziert die W\u00e4rmeentwicklung w\u00e4hrend des Ladevorgangs, verhindert so eine \u00dcberhitzung und erh\u00f6ht die allgemeine Sicherheit Ihres Ger\u00e4ts.<\/span><br \/>\n<span style=\"font-family: arial, helvetica, sans-serif; font-size: 8pt;\">Un\u00fcbertroffene Leistung: Genie\u00dfen Sie \u00fcberragende Leistung mit DT-Smart-Akkus, die Tag f\u00fcr Tag zuverl\u00e4ssig und effizient Strom liefern und Ihnen erm\u00f6glichen, das Beste aus Ihrem iPhone herauszuholen.<\/span><br \/>\n<span style=\"font-family: arial, helvetica, sans-serif; font-size: 8pt;\">Problemloser Einbau: Der Akkutausch Ihres iPhones ist jetzt kinderleicht. Dank unserer benutzerfreundlichen Anleitungen k\u00f6nnen Sie Ihren alten Akku m\u00fchelos gegen einen DT-Smart-Akku austauschen und so Zeit und M\u00fche sparen.<\/span><\/p>","protected":false},"featured_media":2159,"comment_status":"open","ping_status":"closed","template":"","meta":[],"product_brand":[],"product_cat":[25,521,109],"product_tag":[],"class_list":{"0":"post-2822","1":"product","2":"type-product","3":"status-publish","4":"has-post-thumbnail","6":"product_cat-battery","7":"product_cat-iphone-apple-battery","8":"product_cat-iphone-8-plus","10":"first","11":"instock","12":"taxable","13":"shipping-taxable","14":"purchasable","15":"product-type-variable"},"yoast_head":"<!-- This site is optimized with the Yoast SEO plugin v27.4 - https:\/\/yoast.com\/product\/yoast-seo-wordpress\/ -->\n<title>iPhone 8 Plus Battery - Maximized Lifespan - High Capacity &amp; Long-Lasting Power - OEM Quality - Fast Shipping - InsurePart<\/title>\n<meta name=\"description\" content=\"iPhone 8 Plus Battery - Maximized Lifespan - High Capacity &amp; Long-Lasting Power - OEM Quality - Fast Shipping\" \/>\n<meta name=\"robots\" content=\"index, follow, max-snippet:-1, max-image-preview:large, max-video-preview:-1\" \/>\n<link rel=\"canonical\" href=\"https:\/\/www.dt-smart.com\/de\/produkt\/for-iphone-8-plus-battery\uff08a-a-a\/\" \/>\n<meta property=\"og:locale\" content=\"de_DE\" \/>\n<meta property=\"og:type\" content=\"article\" \/>\n<meta property=\"og:title\" content=\"iPhone 8 Plus Battery - Maximized Lifespan - High Capacity &amp; Long-Lasting Power - OEM Quality - Fast Shipping - InsurePart\" \/>\n<meta property=\"og:description\" content=\"iPhone 8 Plus Battery - Maximized Lifespan - High Capacity &amp; Long-Lasting Power - OEM Quality - Fast Shipping\" \/>\n<meta property=\"og:url\" content=\"https:\/\/www.dt-smart.com\/de\/produkt\/for-iphone-8-plus-battery\uff08a-a-a\/\" \/>\n<meta property=\"og:site_name\" content=\"InsurePart\" \/>\n<meta property=\"article:publisher\" content=\"https:\/\/www.facebook.com\/anjinleeEva\" \/>\n<meta property=\"article:modified_time\" content=\"2026-01-28T03:28:23+00:00\" \/>\n<meta property=\"og:image\" content=\"https:\/\/www.dt-smart.com\/wp-content\/uploads\/2023\/10\/2-15.jpg\" \/>\n\t<meta property=\"og:image:width\" content=\"2000\" \/>\n\t<meta property=\"og:image:height\" content=\"2000\" \/>\n\t<meta property=\"og:image:type\" content=\"image\/jpeg\" \/>\n<meta name=\"twitter:card\" content=\"summary_large_image\" \/>\n<meta name=\"twitter:label1\" content=\"Gesch\u00e4tzte Lesezeit\" \/>\n\t<meta name=\"twitter:data1\" content=\"2\u00a0Minuten\" \/>\n<script type=\"application\/ld+json\" class=\"yoast-schema-graph\">{\"@context\":\"https:\\\/\\\/schema.org\",\"@graph\":[{\"@type\":\"WebPage\",\"@id\":\"https:\\\/\\\/www.dt-smart.com\\\/product\\\/for-iphone-8-plus-battery%ef%bc%88a-a-a\\\/\",\"url\":\"https:\\\/\\\/www.dt-smart.com\\\/product\\\/for-iphone-8-plus-battery%ef%bc%88a-a-a\\\/\",\"name\":\"iPhone 8 Plus Battery - Maximized Lifespan - High Capacity & Long-Lasting Power - OEM Quality - Fast Shipping - InsurePart\",\"isPartOf\":{\"@id\":\"https:\\\/\\\/www.dt-smart.com\\\/#website\"},\"primaryImageOfPage\":{\"@id\":\"https:\\\/\\\/www.dt-smart.com\\\/product\\\/for-iphone-8-plus-battery%ef%bc%88a-a-a\\\/#primaryimage\"},\"image\":{\"@id\":\"https:\\\/\\\/www.dt-smart.com\\\/product\\\/for-iphone-8-plus-battery%ef%bc%88a-a-a\\\/#primaryimage\"},\"thumbnailUrl\":\"https:\\\/\\\/www.dt-smart.com\\\/wp-content\\\/uploads\\\/2023\\\/10\\\/2-15.jpg\",\"datePublished\":\"2023-10-28T07:40:11+00:00\",\"dateModified\":\"2026-01-28T03:28:23+00:00\",\"description\":\"iPhone 8 Plus Battery - Maximized Lifespan - High Capacity & Long-Lasting Power - OEM Quality - Fast Shipping\",\"breadcrumb\":{\"@id\":\"https:\\\/\\\/www.dt-smart.com\\\/product\\\/for-iphone-8-plus-battery%ef%bc%88a-a-a\\\/#breadcrumb\"},\"inLanguage\":\"de\",\"potentialAction\":[{\"@type\":\"ReadAction\",\"target\":[\"https:\\\/\\\/www.dt-smart.com\\\/product\\\/for-iphone-8-plus-battery%ef%bc%88a-a-a\\\/\"]}]},{\"@type\":\"ImageObject\",\"inLanguage\":\"de\",\"@id\":\"https:\\\/\\\/www.dt-smart.com\\\/product\\\/for-iphone-8-plus-battery%ef%bc%88a-a-a\\\/#primaryimage\",\"url\":\"https:\\\/\\\/www.dt-smart.com\\\/wp-content\\\/uploads\\\/2023\\\/10\\\/2-15.jpg\",\"contentUrl\":\"https:\\\/\\\/www.dt-smart.com\\\/wp-content\\\/uploads\\\/2023\\\/10\\\/2-15.jpg\",\"width\":2000,\"height\":2000},{\"@type\":\"BreadcrumbList\",\"@id\":\"https:\\\/\\\/www.dt-smart.com\\\/product\\\/for-iphone-8-plus-battery%ef%bc%88a-a-a\\\/#breadcrumb\",\"itemListElement\":[{\"@type\":\"ListItem\",\"position\":1,\"name\":\"Home\",\"item\":\"https:\\\/\\\/www.dt-smart.com\\\/\"},{\"@type\":\"ListItem\",\"position\":2,\"name\":\"Product\",\"item\":\"https:\\\/\\\/www.dt-smart.com\\\/ru\\\/product\\\/\"},{\"@type\":\"ListItem\",\"position\":3,\"name\":\"iPhone 8 Plus Battery &#8211; Maximized Lifespan &#8211; High Capacity &#038; Long-Lasting Power &#8211; OEM Quality &#8211; Fast Shipping\"}]},{\"@type\":\"WebSite\",\"@id\":\"https:\\\/\\\/www.dt-smart.com\\\/#website\",\"url\":\"https:\\\/\\\/www.dt-smart.com\\\/\",\"name\":\"InsurePart\",\"description\":\"Cell Phone Repair Parts; iPhone Parts Wholesale;Samsung Parts Supplier\",\"potentialAction\":[{\"@type\":\"SearchAction\",\"target\":{\"@type\":\"EntryPoint\",\"urlTemplate\":\"https:\\\/\\\/www.dt-smart.com\\\/?s={search_term_string}\"},\"query-input\":{\"@type\":\"PropertyValueSpecification\",\"valueRequired\":true,\"valueName\":\"search_term_string\"}}],\"inLanguage\":\"de\"}]}<\/script>\n<!-- \/ Yoast SEO plugin. -->","yoast_head_json":{"title":"iPhone 8 Plus Battery - Maximized Lifespan - High Capacity & Long-Lasting Power - OEM Quality - Fast Shipping - InsurePart","description":"iPhone 8 Plus Akku \u2013 Maximale Lebensdauer \u2013 Hohe Kapazit\u00e4t &amp; langanhaltende Leistung \u2013 OEM-Qualit\u00e4t \u2013 Schneller Versand","robots":{"index":"index","follow":"follow","max-snippet":"max-snippet:-1","max-image-preview":"max-image-preview:large","max-video-preview":"max-video-preview:-1"},"canonical":"https:\/\/www.dt-smart.com\/de\/produkt\/for-iphone-8-plus-battery\uff08a-a-a\/","og_locale":"de_DE","og_type":"article","og_title":"iPhone 8 Plus Battery - Maximized Lifespan - High Capacity & Long-Lasting Power - OEM Quality - Fast Shipping - InsurePart","og_description":"iPhone 8 Plus Battery - Maximized Lifespan - High Capacity & Long-Lasting Power - OEM Quality - Fast Shipping","og_url":"https:\/\/www.dt-smart.com\/de\/produkt\/for-iphone-8-plus-battery\uff08a-a-a\/","og_site_name":"InsurePart","article_publisher":"https:\/\/www.facebook.com\/anjinleeEva","article_modified_time":"2026-01-28T03:28:23+00:00","og_image":[{"width":2000,"height":2000,"url":"https:\/\/www.dt-smart.com\/wp-content\/uploads\/2023\/10\/2-15.jpg","type":"image\/jpeg"}],"twitter_card":"summary_large_image","twitter_misc":{"Gesch\u00e4tzte Lesezeit":"2\u00a0Minuten"},"schema":{"@context":"https:\/\/schema.org","@graph":[{"@type":"WebPage","@id":"https:\/\/www.dt-smart.com\/product\/for-iphone-8-plus-battery%ef%bc%88a-a-a\/","url":"https:\/\/www.dt-smart.com\/product\/for-iphone-8-plus-battery%ef%bc%88a-a-a\/","name":"iPhone 8 Plus Battery - Maximized Lifespan - High Capacity & Long-Lasting Power - OEM Quality - Fast Shipping - InsurePart","isPartOf":{"@id":"https:\/\/www.dt-smart.com\/#website"},"primaryImageOfPage":{"@id":"https:\/\/www.dt-smart.com\/product\/for-iphone-8-plus-battery%ef%bc%88a-a-a\/#primaryimage"},"image":{"@id":"https:\/\/www.dt-smart.com\/product\/for-iphone-8-plus-battery%ef%bc%88a-a-a\/#primaryimage"},"thumbnailUrl":"https:\/\/www.dt-smart.com\/wp-content\/uploads\/2023\/10\/2-15.jpg","datePublished":"2023-10-28T07:40:11+00:00","dateModified":"2026-01-28T03:28:23+00:00","description":"iPhone 8 Plus Akku \u2013 Maximale Lebensdauer \u2013 Hohe Kapazit\u00e4t &amp; langanhaltende Leistung \u2013 OEM-Qualit\u00e4t \u2013 Schneller Versand","breadcrumb":{"@id":"https:\/\/www.dt-smart.com\/product\/for-iphone-8-plus-battery%ef%bc%88a-a-a\/#breadcrumb"},"inLanguage":"de","potentialAction":[{"@type":"ReadAction","target":["https:\/\/www.dt-smart.com\/product\/for-iphone-8-plus-battery%ef%bc%88a-a-a\/"]}]},{"@type":"ImageObject","inLanguage":"de","@id":"https:\/\/www.dt-smart.com\/product\/for-iphone-8-plus-battery%ef%bc%88a-a-a\/#primaryimage","url":"https:\/\/www.dt-smart.com\/wp-content\/uploads\/2023\/10\/2-15.jpg","contentUrl":"https:\/\/www.dt-smart.com\/wp-content\/uploads\/2023\/10\/2-15.jpg","width":2000,"height":2000},{"@type":"BreadcrumbList","@id":"https:\/\/www.dt-smart.com\/product\/for-iphone-8-plus-battery%ef%bc%88a-a-a\/#breadcrumb","itemListElement":[{"@type":"ListItem","position":1,"name":"Home","item":"https:\/\/www.dt-smart.com\/"},{"@type":"ListItem","position":2,"name":"Product","item":"https:\/\/www.dt-smart.com\/ru\/product\/"},{"@type":"ListItem","position":3,"name":"iPhone 8 Plus Battery &#8211; Maximized Lifespan &#8211; High Capacity &#038; Long-Lasting Power &#8211; OEM Quality &#8211; Fast Shipping"}]},{"@type":"WebSite","@id":"https:\/\/www.dt-smart.com\/#website","url":"https:\/\/www.dt-smart.com\/","name":"InsurePart","description":"Handy-Ersatzteile; iPhone-Ersatzteile im Gro\u00dfhandel; Samsung-Ersatzteillieferant","potentialAction":[{"@type":"SearchAction","target":{"@type":"EntryPoint","urlTemplate":"https:\/\/www.dt-smart.com\/?s={search_term_string}"},"query-input":{"@type":"PropertyValueSpecification","valueRequired":true,"valueName":"search_term_string"}}],"inLanguage":"de"}]}},"_links":{"self":[{"href":"https:\/\/www.dt-smart.com\/de\/wp-json\/wp\/v2\/product\/2822","targetHints":{"allow":["GET"]}}],"collection":[{"href":"https:\/\/www.dt-smart.com\/de\/wp-json\/wp\/v2\/product"}],"about":[{"href":"https:\/\/www.dt-smart.com\/de\/wp-json\/wp\/v2\/types\/product"}],"replies":[{"embeddable":true,"href":"https:\/\/www.dt-smart.com\/de\/wp-json\/wp\/v2\/comments?post=2822"}],"version-history":[{"count":4,"href":"https:\/\/www.dt-smart.com\/de\/wp-json\/wp\/v2\/product\/2822\/revisions"}],"predecessor-version":[{"id":23710,"href":"https:\/\/www.dt-smart.com\/de\/wp-json\/wp\/v2\/product\/2822\/revisions\/23710"}],"wp:featuredmedia":[{"embeddable":true,"href":"https:\/\/www.dt-smart.com\/de\/wp-json\/wp\/v2\/media\/2159"}],"wp:attachment":[{"href":"https:\/\/www.dt-smart.com\/de\/wp-json\/wp\/v2\/media?parent=2822"}],"wp:term":[{"taxonomy":"product_brand","embeddable":true,"href":"https:\/\/www.dt-smart.com\/de\/wp-json\/wp\/v2\/product_brand?post=2822"},{"taxonomy":"product_cat","embeddable":true,"href":"https:\/\/www.dt-smart.com\/de\/wp-json\/wp\/v2\/product_cat?post=2822"},{"taxonomy":"product_tag","embeddable":true,"href":"https:\/\/www.dt-smart.com\/de\/wp-json\/wp\/v2\/product_tag?post=2822"}],"curies":[{"name":"wp","href":"https:\/\/api.w.org\/{rel}","templated":true}]}}