{"id":344,"date":"2023-11-01T08:55:34","date_gmt":"2023-11-01T00:55:34","guid":{"rendered":"https:\/\/dt-smart.com\/?post_type=product&#038;p=344"},"modified":"2026-01-16T10:38:47","modified_gmt":"2026-01-16T02:38:47","slug":"lcd-assembly-compatible-for-iphone-xs","status":"publish","type":"product","link":"https:\/\/www.dt-smart.com\/de\/produkt\/lcd-assembly-compatible-for-iphone-xs\/","title":{"rendered":"iPhone XS LCD-Displayeinheit \u2013 Hohe Helligkeit, gro\u00dfer Farbraum mit Touchscreen \u2013 Professionelle Qualit\u00e4t \u2013 Schneller Versand"},"content":{"rendered":"<p style=\"text-align: center;\"><img fetchpriority=\"high\" decoding=\"async\" class=\"alignnone wp-image-15799\" src=\"https:\/\/insurepart.com\/wp-content\/uploads\/2024\/09\/XS-scaled.webp\" alt=\"\" width=\"1000\" height=\"1120\" srcset=\"https:\/\/www.dt-smart.com\/wp-content\/uploads\/2024\/09\/XS-scaled.webp 2286w, https:\/\/www.dt-smart.com\/wp-content\/uploads\/2024\/09\/XS-scaled-300x336.webp 300w, https:\/\/www.dt-smart.com\/wp-content\/uploads\/2024\/09\/XS-scaled-150x168.webp 150w, https:\/\/www.dt-smart.com\/wp-content\/uploads\/2024\/09\/XS-scaled-800x896.webp 800w, https:\/\/www.dt-smart.com\/wp-content\/uploads\/2024\/09\/XS-268x300.webp 268w, https:\/\/www.dt-smart.com\/wp-content\/uploads\/2024\/09\/XS-914x1024.webp 914w, https:\/\/www.dt-smart.com\/wp-content\/uploads\/2024\/09\/XS-768x860.webp 768w, https:\/\/www.dt-smart.com\/wp-content\/uploads\/2024\/09\/XS-1371x1536.webp 1371w, https:\/\/www.dt-smart.com\/wp-content\/uploads\/2024\/09\/XS-1829x2048.webp 1829w, https:\/\/www.dt-smart.com\/wp-content\/uploads\/2024\/09\/XS-11x12.webp 11w, https:\/\/www.dt-smart.com\/wp-content\/uploads\/2024\/09\/XS-1320x1478.webp 1320w\" sizes=\"(max-width: 1000px) 100vw, 1000px\" \/><\/p>\n<p><img decoding=\"async\" class=\"size-full wp-image-15567 aligncenter\" src=\"https:\/\/insurepart.com\/wp-content\/uploads\/2024\/08\/\u4e3a\u4ec0\u4e48\u9009\u62e9\u6211\u4eec22.webp\" alt=\"\" width=\"1000\" height=\"786\" srcset=\"https:\/\/www.dt-smart.com\/wp-content\/uploads\/2024\/08\/\u4e3a\u4ec0\u4e48\u9009\u62e9\u6211\u4eec22.webp 1000w, https:\/\/www.dt-smart.com\/wp-content\/uploads\/2024\/08\/\u4e3a\u4ec0\u4e48\u9009\u62e9\u6211\u4eec22-300x236.webp 300w, https:\/\/www.dt-smart.com\/wp-content\/uploads\/2024\/08\/\u4e3a\u4ec0\u4e48\u9009\u62e9\u6211\u4eec22-150x118.webp 150w, https:\/\/www.dt-smart.com\/wp-content\/uploads\/2024\/08\/\u4e3a\u4ec0\u4e48\u9009\u62e9\u6211\u4eec22-800x629.webp 800w, https:\/\/www.dt-smart.com\/wp-content\/uploads\/2024\/08\/\u4e3a\u4ec0\u4e48\u9009\u62e9\u6211\u4eec22-768x604.webp 768w, https:\/\/www.dt-smart.com\/wp-content\/uploads\/2024\/08\/\u4e3a\u4ec0\u4e48\u9009\u62e9\u6211\u4eec22-15x12.webp 15w\" sizes=\"(max-width: 1000px) 100vw, 1000px\" \/><\/p>","protected":false},"excerpt":{"rendered":"<p><span style=\"font-family: arial, helvetica, sans-serif;\"><span style=\"font-size: 8pt;\">LEISTUNGS-UPGRADE: Erleben Sie beispiellose Smartphone-Leistung mit den Premium-Bildschirmkomponenten von DT-Smart. Wir haben die Messlatte f\u00fcr hochwertige Displays h\u00f6her gelegt, das Bildschirmerlebnis verbessert und den Standard f\u00fcr Bildschirmperfektion gesetzt.<\/span><\/span><br \/>\n<span style=\"font-family: arial, helvetica, sans-serif; font-size: 8pt;\">Kristallklare Hochaufl\u00f6sung: Erleben Sie die Welt in lebendigen Details mit unserem kristallklaren, hochaufl\u00f6senden Display. DT-Smart-Bildschirme erwecken Ihre Inhalte pr\u00e4zise und brillant zum Leben.<\/span><br \/>\n<span style=\"font-family: arial, helvetica, sans-serif; font-size: 8pt;\">Aus robustem Glas gefertigt, ist unser Display besonders langlebig: Kratzer und Bruch geh\u00f6ren der Vergangenheit an. Unsere Bildschirme sind mit widerstandsf\u00e4higem Glas verst\u00e4rkt und bieten Ihrem Ger\u00e4t so eine lange Lebensdauer.<\/span><br \/>\n<span style=\"font-family: arial, helvetica, sans-serif; font-size: 8pt;\">Un\u00fcbertroffene Empfindlichkeit: Erleben Sie die Magie der sofortigen Ber\u00fchrungsreaktion. Der DT-Smart-Bildschirm ist f\u00fcr eine nahtlose Interaktion konzipiert und sorgt daf\u00fcr, dass sich jede Ber\u00fchrung und Wischgeste nat\u00fcrlich und fl\u00fcssig anf\u00fchlt.<\/span><br \/>\n<span style=\"font-family: arial, helvetica, sans-serif; font-size: 8pt;\">\u00d6l- und fingerabdruckabweisend: Dank unseres \u00f6l- und fingerabdruckabweisenden Bildschirms bleibt Ihre Anzeige stets klar und deutlich. Schluss mit Flecken \u2013 Ihr Display bleibt sauber und \u00fcbersichtlich.<\/span><br \/>\n<span style=\"font-family: arial, helvetica, sans-serif; font-size: 8pt;\">Einfache Installation: Mit DT-Smart wird der Displaytausch zum Kinderspiel. Unsere Komponenten sind f\u00fcr eine einfache Installation konzipiert, sodass Sie Ihr iPhone schnell wieder nutzen k\u00f6nnen.<\/span><br \/>\n<span style=\"font-family: arial, helvetica, sans-serif; font-size: 8pt;\">Umweltschutz und Energieeinsparung: Wir \u00fcbernehmen Verantwortung f\u00fcr die Umwelt. DT-Smart-Bildschirme sind umweltfreundlich und energiesparend und tragen so zu einer nachhaltigen Zukunft bei.<\/span><\/p>","protected":false},"featured_media":3290,"comment_status":"open","ping_status":"closed","template":"","meta":[],"product_brand":[],"product_cat":[466,105],"product_tag":[],"class_list":{"0":"post-344","1":"product","2":"type-product","3":"status-publish","4":"has-post-thumbnail","6":"product_cat-all-iphone-lcds","7":"product_cat-iphone-xs","9":"first","10":"instock","11":"taxable","12":"shipping-taxable","13":"purchasable","14":"product-type-variable"},"yoast_head":"<!-- This site is optimized with the Yoast SEO plugin v27.4 - https:\/\/yoast.com\/product\/yoast-seo-wordpress\/ -->\n<title>iPhone XS LCD Screen Display Assembly Replacement - High Brightness, Wide Color Gamut with Touch - Professional Grade - Fast Shipping - InsurePart<\/title>\n<meta name=\"description\" content=\"iPhone XS LCD Screen Display Assembly Replacement - High Brightness, Wide Color Gamut with Touch - Professional Grade - Fast Shipping\" \/>\n<meta name=\"robots\" content=\"index, follow, max-snippet:-1, max-image-preview:large, max-video-preview:-1\" \/>\n<link rel=\"canonical\" href=\"https:\/\/www.dt-smart.com\/de\/producto\/lcd-assembly-compatible-for-iphone-xs\/\" \/>\n<meta property=\"og:locale\" content=\"de_DE\" \/>\n<meta property=\"og:type\" content=\"article\" \/>\n<meta property=\"og:title\" content=\"iPhone XS LCD Screen Display Assembly Replacement - High Brightness, Wide Color Gamut with Touch - Professional Grade - Fast Shipping - InsurePart\" \/>\n<meta property=\"og:description\" content=\"iPhone XS LCD Screen Display Assembly Replacement - High Brightness, Wide Color Gamut with Touch - Professional Grade - Fast Shipping\" \/>\n<meta property=\"og:url\" content=\"https:\/\/www.dt-smart.com\/de\/producto\/lcd-assembly-compatible-for-iphone-xs\/\" \/>\n<meta property=\"og:site_name\" content=\"InsurePart\" \/>\n<meta property=\"article:publisher\" content=\"https:\/\/www.facebook.com\/anjinleeEva\" \/>\n<meta property=\"article:modified_time\" content=\"2026-01-16T02:38:47+00:00\" \/>\n<meta property=\"og:image\" content=\"https:\/\/www.dt-smart.com\/wp-content\/uploads\/2023\/10\/1-36.png\" \/>\n\t<meta property=\"og:image:width\" content=\"1000\" \/>\n\t<meta property=\"og:image:height\" content=\"1000\" \/>\n\t<meta property=\"og:image:type\" content=\"image\/png\" \/>\n<meta name=\"twitter:card\" content=\"summary_large_image\" \/>\n<meta name=\"twitter:label1\" content=\"Gesch\u00e4tzte Lesezeit\" \/>\n\t<meta name=\"twitter:data1\" content=\"1\u00a0Minute\" \/>\n<script type=\"application\/ld+json\" class=\"yoast-schema-graph\">{\"@context\":\"https:\\\/\\\/schema.org\",\"@graph\":[{\"@type\":\"WebPage\",\"@id\":\"https:\\\/\\\/www.dt-smart.com\\\/es\\\/producto\\\/lcd-assembly-compatible-for-iphone-xs\\\/\",\"url\":\"https:\\\/\\\/www.dt-smart.com\\\/es\\\/producto\\\/lcd-assembly-compatible-for-iphone-xs\\\/\",\"name\":\"iPhone XS LCD Screen Display Assembly Replacement - High Brightness, Wide Color Gamut with Touch - Professional Grade - Fast Shipping - InsurePart\",\"isPartOf\":{\"@id\":\"https:\\\/\\\/www.dt-smart.com\\\/#website\"},\"primaryImageOfPage\":{\"@id\":\"https:\\\/\\\/www.dt-smart.com\\\/es\\\/producto\\\/lcd-assembly-compatible-for-iphone-xs\\\/#primaryimage\"},\"image\":{\"@id\":\"https:\\\/\\\/www.dt-smart.com\\\/es\\\/producto\\\/lcd-assembly-compatible-for-iphone-xs\\\/#primaryimage\"},\"thumbnailUrl\":\"https:\\\/\\\/www.dt-smart.com\\\/wp-content\\\/uploads\\\/2023\\\/10\\\/1-36.png\",\"datePublished\":\"2023-11-01T00:55:34+00:00\",\"dateModified\":\"2026-01-16T02:38:47+00:00\",\"description\":\"iPhone XS LCD Screen Display Assembly Replacement - High Brightness, Wide Color Gamut with Touch - Professional Grade - Fast Shipping\",\"breadcrumb\":{\"@id\":\"https:\\\/\\\/www.dt-smart.com\\\/es\\\/producto\\\/lcd-assembly-compatible-for-iphone-xs\\\/#breadcrumb\"},\"inLanguage\":\"de\",\"potentialAction\":[{\"@type\":\"ReadAction\",\"target\":[\"https:\\\/\\\/www.dt-smart.com\\\/es\\\/producto\\\/lcd-assembly-compatible-for-iphone-xs\\\/\"]}]},{\"@type\":\"ImageObject\",\"inLanguage\":\"de\",\"@id\":\"https:\\\/\\\/www.dt-smart.com\\\/es\\\/producto\\\/lcd-assembly-compatible-for-iphone-xs\\\/#primaryimage\",\"url\":\"https:\\\/\\\/www.dt-smart.com\\\/wp-content\\\/uploads\\\/2023\\\/10\\\/1-36.png\",\"contentUrl\":\"https:\\\/\\\/www.dt-smart.com\\\/wp-content\\\/uploads\\\/2023\\\/10\\\/1-36.png\",\"width\":1000,\"height\":1000},{\"@type\":\"BreadcrumbList\",\"@id\":\"https:\\\/\\\/www.dt-smart.com\\\/es\\\/producto\\\/lcd-assembly-compatible-for-iphone-xs\\\/#breadcrumb\",\"itemListElement\":[{\"@type\":\"ListItem\",\"position\":1,\"name\":\"Home\",\"item\":\"https:\\\/\\\/www.dt-smart.com\\\/\"},{\"@type\":\"ListItem\",\"position\":2,\"name\":\"Product\",\"item\":\"https:\\\/\\\/www.dt-smart.com\\\/ru\\\/product\\\/\"},{\"@type\":\"ListItem\",\"position\":3,\"name\":\"iPhone XS LCD Screen Display Assembly Replacement &#8211; High Brightness, Wide Color Gamut with Touch &#8211; Professional Grade &#8211; Fast Shipping\"}]},{\"@type\":\"WebSite\",\"@id\":\"https:\\\/\\\/www.dt-smart.com\\\/#website\",\"url\":\"https:\\\/\\\/www.dt-smart.com\\\/\",\"name\":\"InsurePart\",\"description\":\"Cell Phone Repair Parts; iPhone Parts Wholesale;Samsung Parts Supplier\",\"potentialAction\":[{\"@type\":\"SearchAction\",\"target\":{\"@type\":\"EntryPoint\",\"urlTemplate\":\"https:\\\/\\\/www.dt-smart.com\\\/?s={search_term_string}\"},\"query-input\":{\"@type\":\"PropertyValueSpecification\",\"valueRequired\":true,\"valueName\":\"search_term_string\"}}],\"inLanguage\":\"de\"}]}<\/script>\n<!-- \/ Yoast SEO plugin. -->","yoast_head_json":{"title":"iPhone XS LCD Screen Display Assembly Replacement - High Brightness, Wide Color Gamut with Touch - Professional Grade - Fast Shipping - InsurePart","description":"iPhone XS LCD-Displayeinheit \u2013 Austausch \u2013 Hohe Helligkeit, gro\u00dfer Farbraum mit Touchscreen \u2013 Professionelle Qualit\u00e4t \u2013 Schneller Versand","robots":{"index":"index","follow":"follow","max-snippet":"max-snippet:-1","max-image-preview":"max-image-preview:large","max-video-preview":"max-video-preview:-1"},"canonical":"https:\/\/www.dt-smart.com\/de\/producto\/lcd-assembly-compatible-for-iphone-xs\/","og_locale":"de_DE","og_type":"article","og_title":"iPhone XS LCD Screen Display Assembly Replacement - High Brightness, Wide Color Gamut with Touch - Professional Grade - Fast Shipping - InsurePart","og_description":"iPhone XS LCD Screen Display Assembly Replacement - High Brightness, Wide Color Gamut with Touch - Professional Grade - Fast Shipping","og_url":"https:\/\/www.dt-smart.com\/de\/producto\/lcd-assembly-compatible-for-iphone-xs\/","og_site_name":"InsurePart","article_publisher":"https:\/\/www.facebook.com\/anjinleeEva","article_modified_time":"2026-01-16T02:38:47+00:00","og_image":[{"width":1000,"height":1000,"url":"https:\/\/www.dt-smart.com\/wp-content\/uploads\/2023\/10\/1-36.png","type":"image\/png"}],"twitter_card":"summary_large_image","twitter_misc":{"Gesch\u00e4tzte Lesezeit":"1\u00a0Minute"},"schema":{"@context":"https:\/\/schema.org","@graph":[{"@type":"WebPage","@id":"https:\/\/www.dt-smart.com\/es\/producto\/lcd-assembly-compatible-for-iphone-xs\/","url":"https:\/\/www.dt-smart.com\/es\/producto\/lcd-assembly-compatible-for-iphone-xs\/","name":"iPhone XS LCD Screen Display Assembly Replacement - High Brightness, Wide Color Gamut with Touch - Professional Grade - Fast Shipping - InsurePart","isPartOf":{"@id":"https:\/\/www.dt-smart.com\/#website"},"primaryImageOfPage":{"@id":"https:\/\/www.dt-smart.com\/es\/producto\/lcd-assembly-compatible-for-iphone-xs\/#primaryimage"},"image":{"@id":"https:\/\/www.dt-smart.com\/es\/producto\/lcd-assembly-compatible-for-iphone-xs\/#primaryimage"},"thumbnailUrl":"https:\/\/www.dt-smart.com\/wp-content\/uploads\/2023\/10\/1-36.png","datePublished":"2023-11-01T00:55:34+00:00","dateModified":"2026-01-16T02:38:47+00:00","description":"iPhone XS LCD-Displayeinheit \u2013 Austausch \u2013 Hohe Helligkeit, gro\u00dfer Farbraum mit Touchscreen \u2013 Professionelle Qualit\u00e4t \u2013 Schneller Versand","breadcrumb":{"@id":"https:\/\/www.dt-smart.com\/es\/producto\/lcd-assembly-compatible-for-iphone-xs\/#breadcrumb"},"inLanguage":"de","potentialAction":[{"@type":"ReadAction","target":["https:\/\/www.dt-smart.com\/es\/producto\/lcd-assembly-compatible-for-iphone-xs\/"]}]},{"@type":"ImageObject","inLanguage":"de","@id":"https:\/\/www.dt-smart.com\/es\/producto\/lcd-assembly-compatible-for-iphone-xs\/#primaryimage","url":"https:\/\/www.dt-smart.com\/wp-content\/uploads\/2023\/10\/1-36.png","contentUrl":"https:\/\/www.dt-smart.com\/wp-content\/uploads\/2023\/10\/1-36.png","width":1000,"height":1000},{"@type":"BreadcrumbList","@id":"https:\/\/www.dt-smart.com\/es\/producto\/lcd-assembly-compatible-for-iphone-xs\/#breadcrumb","itemListElement":[{"@type":"ListItem","position":1,"name":"Home","item":"https:\/\/www.dt-smart.com\/"},{"@type":"ListItem","position":2,"name":"Product","item":"https:\/\/www.dt-smart.com\/ru\/product\/"},{"@type":"ListItem","position":3,"name":"iPhone XS LCD Screen Display Assembly Replacement &#8211; High Brightness, Wide Color Gamut with Touch &#8211; Professional Grade &#8211; Fast Shipping"}]},{"@type":"WebSite","@id":"https:\/\/www.dt-smart.com\/#website","url":"https:\/\/www.dt-smart.com\/","name":"InsurePart","description":"Handy-Ersatzteile; iPhone-Ersatzteile im Gro\u00dfhandel; Samsung-Ersatzteillieferant","potentialAction":[{"@type":"SearchAction","target":{"@type":"EntryPoint","urlTemplate":"https:\/\/www.dt-smart.com\/?s={search_term_string}"},"query-input":{"@type":"PropertyValueSpecification","valueRequired":true,"valueName":"search_term_string"}}],"inLanguage":"de"}]}},"_links":{"self":[{"href":"https:\/\/www.dt-smart.com\/de\/wp-json\/wp\/v2\/product\/344","targetHints":{"allow":["GET"]}}],"collection":[{"href":"https:\/\/www.dt-smart.com\/de\/wp-json\/wp\/v2\/product"}],"about":[{"href":"https:\/\/www.dt-smart.com\/de\/wp-json\/wp\/v2\/types\/product"}],"replies":[{"embeddable":true,"href":"https:\/\/www.dt-smart.com\/de\/wp-json\/wp\/v2\/comments?post=344"}],"version-history":[{"count":10,"href":"https:\/\/www.dt-smart.com\/de\/wp-json\/wp\/v2\/product\/344\/revisions"}],"predecessor-version":[{"id":23871,"href":"https:\/\/www.dt-smart.com\/de\/wp-json\/wp\/v2\/product\/344\/revisions\/23871"}],"wp:featuredmedia":[{"embeddable":true,"href":"https:\/\/www.dt-smart.com\/de\/wp-json\/wp\/v2\/media\/3290"}],"wp:attachment":[{"href":"https:\/\/www.dt-smart.com\/de\/wp-json\/wp\/v2\/media?parent=344"}],"wp:term":[{"taxonomy":"product_brand","embeddable":true,"href":"https:\/\/www.dt-smart.com\/de\/wp-json\/wp\/v2\/product_brand?post=344"},{"taxonomy":"product_cat","embeddable":true,"href":"https:\/\/www.dt-smart.com\/de\/wp-json\/wp\/v2\/product_cat?post=344"},{"taxonomy":"product_tag","embeddable":true,"href":"https:\/\/www.dt-smart.com\/de\/wp-json\/wp\/v2\/product_tag?post=344"}],"curies":[{"name":"wp","href":"https:\/\/api.w.org\/{rel}","templated":true}]}}