{"id":3562,"date":"2023-11-01T08:20:27","date_gmt":"2023-11-01T00:20:27","guid":{"rendered":"https:\/\/dt-smart.com\/?post_type=product&#038;p=3562"},"modified":"2025-12-29T11:00:03","modified_gmt":"2025-12-29T03:00:03","slug":"for-iphone-8-lcd","status":"publish","type":"product","link":"https:\/\/www.dt-smart.com\/de\/produkt\/for-iphone-8-lcd\/","title":{"rendered":"iPhone 8 LCD-Bildschirm \u2013 Ultrahelles und brillantes Display \u2013 Hoher Farbraum \u2013 Schneller Versand"},"content":{"rendered":"<p style=\"text-align: center;\"><img fetchpriority=\"high\" decoding=\"async\" class=\"alignnone wp-image-15795\" src=\"https:\/\/insurepart.com\/wp-content\/uploads\/2024\/09\/8-scaled.webp\" alt=\"\" width=\"1000\" height=\"1120\" srcset=\"https:\/\/www.dt-smart.com\/wp-content\/uploads\/2024\/09\/8-scaled.webp 2286w, https:\/\/www.dt-smart.com\/wp-content\/uploads\/2024\/09\/8-scaled-300x336.webp 300w, https:\/\/www.dt-smart.com\/wp-content\/uploads\/2024\/09\/8-scaled-150x168.webp 150w, https:\/\/www.dt-smart.com\/wp-content\/uploads\/2024\/09\/8-scaled-800x896.webp 800w, https:\/\/www.dt-smart.com\/wp-content\/uploads\/2024\/09\/8-268x300.webp 268w, https:\/\/www.dt-smart.com\/wp-content\/uploads\/2024\/09\/8-914x1024.webp 914w, https:\/\/www.dt-smart.com\/wp-content\/uploads\/2024\/09\/8-768x860.webp 768w, https:\/\/www.dt-smart.com\/wp-content\/uploads\/2024\/09\/8-1371x1536.webp 1371w, https:\/\/www.dt-smart.com\/wp-content\/uploads\/2024\/09\/8-1829x2048.webp 1829w, https:\/\/www.dt-smart.com\/wp-content\/uploads\/2024\/09\/8-11x12.webp 11w, https:\/\/www.dt-smart.com\/wp-content\/uploads\/2024\/09\/8-1320x1478.webp 1320w\" sizes=\"(max-width: 1000px) 100vw, 1000px\" \/><\/p>\n<p style=\"text-align: center;\"><img decoding=\"async\" class=\"alignnone size-full wp-image-15567\" src=\"https:\/\/insurepart.com\/wp-content\/uploads\/2024\/08\/\u4e3a\u4ec0\u4e48\u9009\u62e9\u6211\u4eec22.webp\" alt=\"\" width=\"1000\" height=\"786\" srcset=\"https:\/\/www.dt-smart.com\/wp-content\/uploads\/2024\/08\/\u4e3a\u4ec0\u4e48\u9009\u62e9\u6211\u4eec22.webp 1000w, https:\/\/www.dt-smart.com\/wp-content\/uploads\/2024\/08\/\u4e3a\u4ec0\u4e48\u9009\u62e9\u6211\u4eec22-300x236.webp 300w, https:\/\/www.dt-smart.com\/wp-content\/uploads\/2024\/08\/\u4e3a\u4ec0\u4e48\u9009\u62e9\u6211\u4eec22-150x118.webp 150w, https:\/\/www.dt-smart.com\/wp-content\/uploads\/2024\/08\/\u4e3a\u4ec0\u4e48\u9009\u62e9\u6211\u4eec22-800x629.webp 800w, https:\/\/www.dt-smart.com\/wp-content\/uploads\/2024\/08\/\u4e3a\u4ec0\u4e48\u9009\u62e9\u6211\u4eec22-768x604.webp 768w, https:\/\/www.dt-smart.com\/wp-content\/uploads\/2024\/08\/\u4e3a\u4ec0\u4e48\u9009\u62e9\u6211\u4eec22-15x12.webp 15w\" sizes=\"(max-width: 1000px) 100vw, 1000px\" \/><\/p>","protected":false},"excerpt":{"rendered":"<p><span style=\"font-family: arial, helvetica, sans-serif;\"><span style=\"font-size: 8pt;\">Hochaufl\u00f6sende Helligkeit: Entdecken Sie die Welt in atemberaubenden Details. Unsere Bildschirme liefern hochaufl\u00f6sende Bilder, die jedes Bild, Video und jeden Text zum Leben erwecken und eine beispiellose Klarheit gew\u00e4hrleisten.<\/span><\/span><br \/>\n<span style=\"font-family: arial, helvetica, sans-serif; font-size: 8pt;\">Seamless integration: Say goodbye to protruding screens. DT-Smart components ensure a flush and smooth fit, ensuring your screen stays comfortably in place while providing an uninterrupted viewing experience.<\/span><br \/>\n<span style=\"font-family: arial, helvetica, sans-serif; font-size: 8pt;\">Responsiveness at your fingertips: Enjoy lightning-fast, responsive touch technology. Our screen recognizes your every move, making interacting with your iPhone easy and intuitive.<\/span><br \/>\n<span style=\"font-family: arial, helvetica, sans-serif; font-size: 8pt;\">Seidiges Touch-Erlebnis: Streichen Sie \u00fcber den Bildschirm und erleben Sie unvergleichliche Geschmeidigkeit. Es f\u00fchlt sich fantastisch an und hebt Ihr Nutzererlebnis auf ein neues Niveau.<\/span><br \/>\n<span style=\"font-family: arial, helvetica, sans-serif; font-size: 8pt;\">AUS MASSIVEM GLAS F\u00dcR LANGLEBIGKEIT HERGESTELLT: Unsere Bildschirme bestehen aus robustem Glasmaterial und verleihen Ihrem Ger\u00e4t Haltbarkeit und Festigkeit. Machen Sie sich keine Sorgen mehr \u00fcber Kratzer und Schrammen.<\/span><br \/>\n<span style=\"font-family: arial, helvetica, sans-serif; font-size: 8pt;\">Easy to install: DT-Smart screen assembly is designed for easy installation. Experience the convenience of quickly and easily replacing your screen so you can get back to using your iPhone in no time.<\/span><br \/>\n<span style=\"font-family: arial, helvetica, sans-serif; font-size: 8pt;\">Environmental protection and energy saving: We are committed to sustainable development. Our screens are eco-friendly and energy-saving, reducing environmental impact while saving electricity for a green planet<\/span><\/p>","protected":false},"featured_media":3371,"comment_status":"open","ping_status":"closed","template":"","meta":[],"product_brand":[],"product_cat":[466,110],"product_tag":[],"class_list":{"0":"post-3562","1":"product","2":"type-product","3":"status-publish","4":"has-post-thumbnail","6":"product_cat-all-iphone-lcds","7":"product_cat-iphone-8","9":"first","10":"instock","11":"sale","12":"taxable","13":"shipping-taxable","14":"purchasable","15":"product-type-variable"},"yoast_head":"<!-- This site is optimized with the Yoast SEO plugin v27.4 - https:\/\/yoast.com\/product\/yoast-seo-wordpress\/ -->\n<title>iPhone 8 LCD Screen Assembly - Ultra Bright &amp; Vibrant Display Replacement - High Color Gamut - Fast Shipping - InsurePart<\/title>\n<meta name=\"description\" content=\"iPhone 8 LCD Screen Assembly - Ultra Bright &amp; Vibrant Display Replacement - High Color Gamut - Fast Shipping\" \/>\n<meta name=\"robots\" content=\"index, follow, max-snippet:-1, max-image-preview:large, max-video-preview:-1\" \/>\n<link rel=\"canonical\" href=\"https:\/\/www.dt-smart.com\/de\/produkt\/for-iphone-8-lcd\/\" \/>\n<meta property=\"og:locale\" content=\"de_DE\" \/>\n<meta property=\"og:type\" content=\"article\" \/>\n<meta property=\"og:title\" content=\"iPhone 8 LCD Screen Assembly - Ultra Bright &amp; Vibrant Display Replacement - High Color Gamut - Fast Shipping - InsurePart\" \/>\n<meta property=\"og:description\" content=\"iPhone 8 LCD Screen Assembly - Ultra Bright &amp; Vibrant Display Replacement - High Color Gamut - Fast Shipping\" \/>\n<meta property=\"og:url\" content=\"https:\/\/www.dt-smart.com\/de\/produkt\/for-iphone-8-lcd\/\" \/>\n<meta property=\"og:site_name\" content=\"InsurePart\" \/>\n<meta property=\"article:publisher\" content=\"https:\/\/www.facebook.com\/anjinleeEva\" \/>\n<meta property=\"article:modified_time\" content=\"2025-12-29T03:00:03+00:00\" \/>\n<meta property=\"og:image\" content=\"https:\/\/www.dt-smart.com\/wp-content\/uploads\/2023\/11\/2-6.png\" \/>\n\t<meta property=\"og:image:width\" content=\"1000\" \/>\n\t<meta property=\"og:image:height\" content=\"1000\" \/>\n\t<meta property=\"og:image:type\" content=\"image\/png\" \/>\n<meta name=\"twitter:card\" content=\"summary_large_image\" \/>\n<meta name=\"twitter:label1\" content=\"Gesch\u00e4tzte Lesezeit\" \/>\n\t<meta name=\"twitter:data1\" content=\"1\u00a0Minute\" \/>\n<script type=\"application\/ld+json\" class=\"yoast-schema-graph\">{\"@context\":\"https:\\\/\\\/schema.org\",\"@graph\":[{\"@type\":\"WebPage\",\"@id\":\"https:\\\/\\\/www.dt-smart.com\\\/product\\\/for-iphone-8-lcd\\\/\",\"url\":\"https:\\\/\\\/www.dt-smart.com\\\/product\\\/for-iphone-8-lcd\\\/\",\"name\":\"iPhone 8 LCD Screen Assembly - Ultra Bright & Vibrant Display Replacement - High Color Gamut - Fast Shipping - InsurePart\",\"isPartOf\":{\"@id\":\"https:\\\/\\\/www.dt-smart.com\\\/#website\"},\"primaryImageOfPage\":{\"@id\":\"https:\\\/\\\/www.dt-smart.com\\\/product\\\/for-iphone-8-lcd\\\/#primaryimage\"},\"image\":{\"@id\":\"https:\\\/\\\/www.dt-smart.com\\\/product\\\/for-iphone-8-lcd\\\/#primaryimage\"},\"thumbnailUrl\":\"https:\\\/\\\/www.dt-smart.com\\\/wp-content\\\/uploads\\\/2023\\\/11\\\/2-6.png\",\"datePublished\":\"2023-11-01T00:20:27+00:00\",\"dateModified\":\"2025-12-29T03:00:03+00:00\",\"description\":\"iPhone 8 LCD Screen Assembly - Ultra Bright & Vibrant Display Replacement - High Color Gamut - Fast Shipping\",\"breadcrumb\":{\"@id\":\"https:\\\/\\\/www.dt-smart.com\\\/product\\\/for-iphone-8-lcd\\\/#breadcrumb\"},\"inLanguage\":\"de\",\"potentialAction\":[{\"@type\":\"ReadAction\",\"target\":[\"https:\\\/\\\/www.dt-smart.com\\\/product\\\/for-iphone-8-lcd\\\/\"]}]},{\"@type\":\"ImageObject\",\"inLanguage\":\"de\",\"@id\":\"https:\\\/\\\/www.dt-smart.com\\\/product\\\/for-iphone-8-lcd\\\/#primaryimage\",\"url\":\"https:\\\/\\\/www.dt-smart.com\\\/wp-content\\\/uploads\\\/2023\\\/11\\\/2-6.png\",\"contentUrl\":\"https:\\\/\\\/www.dt-smart.com\\\/wp-content\\\/uploads\\\/2023\\\/11\\\/2-6.png\",\"width\":1000,\"height\":1000},{\"@type\":\"BreadcrumbList\",\"@id\":\"https:\\\/\\\/www.dt-smart.com\\\/product\\\/for-iphone-8-lcd\\\/#breadcrumb\",\"itemListElement\":[{\"@type\":\"ListItem\",\"position\":1,\"name\":\"Home\",\"item\":\"https:\\\/\\\/www.dt-smart.com\\\/\"},{\"@type\":\"ListItem\",\"position\":2,\"name\":\"Product\",\"item\":\"https:\\\/\\\/www.dt-smart.com\\\/ru\\\/product\\\/\"},{\"@type\":\"ListItem\",\"position\":3,\"name\":\"iPhone 8 LCD Screen Assembly &#8211; Ultra Bright &#038; Vibrant Display Replacement &#8211; High Color Gamut &#8211; Fast Shipping\"}]},{\"@type\":\"WebSite\",\"@id\":\"https:\\\/\\\/www.dt-smart.com\\\/#website\",\"url\":\"https:\\\/\\\/www.dt-smart.com\\\/\",\"name\":\"InsurePart\",\"description\":\"Cell Phone Repair Parts; iPhone Parts Wholesale;Samsung Parts Supplier\",\"potentialAction\":[{\"@type\":\"SearchAction\",\"target\":{\"@type\":\"EntryPoint\",\"urlTemplate\":\"https:\\\/\\\/www.dt-smart.com\\\/?s={search_term_string}\"},\"query-input\":{\"@type\":\"PropertyValueSpecification\",\"valueRequired\":true,\"valueName\":\"search_term_string\"}}],\"inLanguage\":\"de\"}]}<\/script>\n<!-- \/ Yoast SEO plugin. -->","yoast_head_json":{"title":"iPhone 8 LCD Screen Assembly - Ultra Bright & Vibrant Display Replacement - High Color Gamut - Fast Shipping - InsurePart","description":"iPhone 8 LCD Screen Assembly - Ultra Bright & Vibrant Display Replacement - High Color Gamut - Fast Shipping","robots":{"index":"index","follow":"follow","max-snippet":"max-snippet:-1","max-image-preview":"max-image-preview:large","max-video-preview":"max-video-preview:-1"},"canonical":"https:\/\/www.dt-smart.com\/de\/produkt\/for-iphone-8-lcd\/","og_locale":"de_DE","og_type":"article","og_title":"iPhone 8 LCD Screen Assembly - Ultra Bright & Vibrant Display Replacement - High Color Gamut - Fast Shipping - InsurePart","og_description":"iPhone 8 LCD Screen Assembly - Ultra Bright & Vibrant Display Replacement - High Color Gamut - Fast Shipping","og_url":"https:\/\/www.dt-smart.com\/de\/produkt\/for-iphone-8-lcd\/","og_site_name":"InsurePart","article_publisher":"https:\/\/www.facebook.com\/anjinleeEva","article_modified_time":"2025-12-29T03:00:03+00:00","og_image":[{"width":1000,"height":1000,"url":"https:\/\/www.dt-smart.com\/wp-content\/uploads\/2023\/11\/2-6.png","type":"image\/png"}],"twitter_card":"summary_large_image","twitter_misc":{"Gesch\u00e4tzte Lesezeit":"1\u00a0Minute"},"schema":{"@context":"https:\/\/schema.org","@graph":[{"@type":"WebPage","@id":"https:\/\/www.dt-smart.com\/product\/for-iphone-8-lcd\/","url":"https:\/\/www.dt-smart.com\/product\/for-iphone-8-lcd\/","name":"iPhone 8 LCD Screen Assembly - Ultra Bright & Vibrant Display Replacement - High Color Gamut - Fast Shipping - InsurePart","isPartOf":{"@id":"https:\/\/www.dt-smart.com\/#website"},"primaryImageOfPage":{"@id":"https:\/\/www.dt-smart.com\/product\/for-iphone-8-lcd\/#primaryimage"},"image":{"@id":"https:\/\/www.dt-smart.com\/product\/for-iphone-8-lcd\/#primaryimage"},"thumbnailUrl":"https:\/\/www.dt-smart.com\/wp-content\/uploads\/2023\/11\/2-6.png","datePublished":"2023-11-01T00:20:27+00:00","dateModified":"2025-12-29T03:00:03+00:00","description":"iPhone 8 LCD Screen Assembly - Ultra Bright & Vibrant Display Replacement - High Color Gamut - Fast Shipping","breadcrumb":{"@id":"https:\/\/www.dt-smart.com\/product\/for-iphone-8-lcd\/#breadcrumb"},"inLanguage":"de","potentialAction":[{"@type":"ReadAction","target":["https:\/\/www.dt-smart.com\/product\/for-iphone-8-lcd\/"]}]},{"@type":"ImageObject","inLanguage":"de","@id":"https:\/\/www.dt-smart.com\/product\/for-iphone-8-lcd\/#primaryimage","url":"https:\/\/www.dt-smart.com\/wp-content\/uploads\/2023\/11\/2-6.png","contentUrl":"https:\/\/www.dt-smart.com\/wp-content\/uploads\/2023\/11\/2-6.png","width":1000,"height":1000},{"@type":"BreadcrumbList","@id":"https:\/\/www.dt-smart.com\/product\/for-iphone-8-lcd\/#breadcrumb","itemListElement":[{"@type":"ListItem","position":1,"name":"Home","item":"https:\/\/www.dt-smart.com\/"},{"@type":"ListItem","position":2,"name":"Product","item":"https:\/\/www.dt-smart.com\/ru\/product\/"},{"@type":"ListItem","position":3,"name":"iPhone 8 LCD Screen Assembly &#8211; Ultra Bright &#038; Vibrant Display Replacement &#8211; High Color Gamut &#8211; Fast Shipping"}]},{"@type":"WebSite","@id":"https:\/\/www.dt-smart.com\/#website","url":"https:\/\/www.dt-smart.com\/","name":"InsurePart","description":"Handy-Ersatzteile; iPhone-Ersatzteile im Gro\u00dfhandel; Samsung-Ersatzteillieferant","potentialAction":[{"@type":"SearchAction","target":{"@type":"EntryPoint","urlTemplate":"https:\/\/www.dt-smart.com\/?s={search_term_string}"},"query-input":{"@type":"PropertyValueSpecification","valueRequired":true,"valueName":"search_term_string"}}],"inLanguage":"de"}]}},"_links":{"self":[{"href":"https:\/\/www.dt-smart.com\/de\/wp-json\/wp\/v2\/product\/3562","targetHints":{"allow":["GET"]}}],"collection":[{"href":"https:\/\/www.dt-smart.com\/de\/wp-json\/wp\/v2\/product"}],"about":[{"href":"https:\/\/www.dt-smart.com\/de\/wp-json\/wp\/v2\/types\/product"}],"replies":[{"embeddable":true,"href":"https:\/\/www.dt-smart.com\/de\/wp-json\/wp\/v2\/comments?post=3562"}],"version-history":[{"count":8,"href":"https:\/\/www.dt-smart.com\/de\/wp-json\/wp\/v2\/product\/3562\/revisions"}],"predecessor-version":[{"id":23883,"href":"https:\/\/www.dt-smart.com\/de\/wp-json\/wp\/v2\/product\/3562\/revisions\/23883"}],"wp:featuredmedia":[{"embeddable":true,"href":"https:\/\/www.dt-smart.com\/de\/wp-json\/wp\/v2\/media\/3371"}],"wp:attachment":[{"href":"https:\/\/www.dt-smart.com\/de\/wp-json\/wp\/v2\/media?parent=3562"}],"wp:term":[{"taxonomy":"product_brand","embeddable":true,"href":"https:\/\/www.dt-smart.com\/de\/wp-json\/wp\/v2\/product_brand?post=3562"},{"taxonomy":"product_cat","embeddable":true,"href":"https:\/\/www.dt-smart.com\/de\/wp-json\/wp\/v2\/product_cat?post=3562"},{"taxonomy":"product_tag","embeddable":true,"href":"https:\/\/www.dt-smart.com\/de\/wp-json\/wp\/v2\/product_tag?post=3562"}],"curies":[{"name":"wp","href":"https:\/\/api.w.org\/{rel}","templated":true}]}}