{"id":3794,"date":"2023-11-02T14:25:17","date_gmt":"2023-11-02T06:25:17","guid":{"rendered":"https:\/\/dt-smart.com\/?post_type=product&#038;p=3794"},"modified":"2026-01-14T11:13:52","modified_gmt":"2026-01-14T03:13:52","slug":"for-ipad-air-5-lcd","status":"publish","type":"product","link":"https:\/\/www.dt-smart.com\/de\/produkt\/for-ipad-air-5-lcd\/","title":{"rendered":"iPad Air 5 10,9-Zoll Liquid Retina Display (Modell M1) \u2013 P3 Wide Color &amp; True Tone \u2013 Original Touch Digitizer \u2013 Premium Reparaturset"},"content":{"rendered":"<p><img fetchpriority=\"high\" decoding=\"async\" class=\"aligncenter size-full wp-image-4218\" src=\"https:\/\/dt-smart.com\/wp-content\/uploads\/2023\/11\/\u53c2\u6570-42.jpg\" alt=\"\" width=\"1000\" height=\"1143\" srcset=\"https:\/\/www.dt-smart.com\/wp-content\/uploads\/2023\/11\/\u53c2\u6570-42.jpg 1000w, https:\/\/www.dt-smart.com\/wp-content\/uploads\/2023\/11\/\u53c2\u6570-42-300x343.jpg 300w, https:\/\/www.dt-smart.com\/wp-content\/uploads\/2023\/11\/\u53c2\u6570-42-150x171.jpg 150w, https:\/\/www.dt-smart.com\/wp-content\/uploads\/2023\/11\/\u53c2\u6570-42-800x914.jpg 800w, https:\/\/www.dt-smart.com\/wp-content\/uploads\/2023\/11\/\u53c2\u6570-42-262x300.jpg 262w, https:\/\/www.dt-smart.com\/wp-content\/uploads\/2023\/11\/\u53c2\u6570-42-896x1024.jpg 896w, https:\/\/www.dt-smart.com\/wp-content\/uploads\/2023\/11\/\u53c2\u6570-42-768x878.jpg 768w, https:\/\/www.dt-smart.com\/wp-content\/uploads\/2023\/11\/\u53c2\u6570-42-10x12.jpg 10w\" sizes=\"(max-width: 1000px) 100vw, 1000px\" \/> <img decoding=\"async\" class=\"aligncenter size-full wp-image-4230\" src=\"https:\/\/dt-smart.com\/wp-content\/uploads\/2023\/11\/\u8be6\u60c5\u56fe2.jpg\" alt=\"\" width=\"1000\" height=\"1848\" srcset=\"https:\/\/www.dt-smart.com\/wp-content\/uploads\/2023\/11\/\u8be6\u60c5\u56fe2.jpg 1000w, https:\/\/www.dt-smart.com\/wp-content\/uploads\/2023\/11\/\u8be6\u60c5\u56fe2-300x554.jpg 300w, https:\/\/www.dt-smart.com\/wp-content\/uploads\/2023\/11\/\u8be6\u60c5\u56fe2-150x277.jpg 150w, https:\/\/www.dt-smart.com\/wp-content\/uploads\/2023\/11\/\u8be6\u60c5\u56fe2-800x1478.jpg 800w, https:\/\/www.dt-smart.com\/wp-content\/uploads\/2023\/11\/\u8be6\u60c5\u56fe2-162x300.jpg 162w, https:\/\/www.dt-smart.com\/wp-content\/uploads\/2023\/11\/\u8be6\u60c5\u56fe2-554x1024.jpg 554w, https:\/\/www.dt-smart.com\/wp-content\/uploads\/2023\/11\/\u8be6\u60c5\u56fe2-768x1419.jpg 768w, https:\/\/www.dt-smart.com\/wp-content\/uploads\/2023\/11\/\u8be6\u60c5\u56fe2-831x1536.jpg 831w, https:\/\/www.dt-smart.com\/wp-content\/uploads\/2023\/11\/\u8be6\u60c5\u56fe2-6x12.jpg 6w\" sizes=\"(max-width: 1000px) 100vw, 1000px\" \/> <img decoding=\"async\" class=\"aligncenter size-full wp-image-4231\" src=\"https:\/\/dt-smart.com\/wp-content\/uploads\/2023\/11\/\u8be6\u60c5\u56fe.jpg\" alt=\"\" width=\"1000\" height=\"1994\" srcset=\"https:\/\/www.dt-smart.com\/wp-content\/uploads\/2023\/11\/\u8be6\u60c5\u56fe.jpg 1000w, https:\/\/www.dt-smart.com\/wp-content\/uploads\/2023\/11\/\u8be6\u60c5\u56fe-300x598.jpg 300w, https:\/\/www.dt-smart.com\/wp-content\/uploads\/2023\/11\/\u8be6\u60c5\u56fe-150x300.jpg 150w, https:\/\/www.dt-smart.com\/wp-content\/uploads\/2023\/11\/\u8be6\u60c5\u56fe-800x1595.jpg 800w, https:\/\/www.dt-smart.com\/wp-content\/uploads\/2023\/11\/\u8be6\u60c5\u56fe-514x1024.jpg 514w, https:\/\/www.dt-smart.com\/wp-content\/uploads\/2023\/11\/\u8be6\u60c5\u56fe-768x1531.jpg 768w, https:\/\/www.dt-smart.com\/wp-content\/uploads\/2023\/11\/\u8be6\u60c5\u56fe-770x1536.jpg 770w, https:\/\/www.dt-smart.com\/wp-content\/uploads\/2023\/11\/\u8be6\u60c5\u56fe-6x12.jpg 6w\" sizes=\"(max-width: 1000px) 100vw, 1000px\" \/><\/p>","protected":false},"excerpt":{"rendered":"<p><span style=\"font-family: arial, helvetica, sans-serif; font-size: 8pt;\">? Unvergleichliche Qualit\u00e4t: Das iPad-Bildschirmzubeh\u00f6r von DT-Smart wird sorgf\u00e4ltig gefertigt, um h\u00f6chste Qualit\u00e4t und Zuverl\u00e4ssigkeit zu gew\u00e4hrleisten und ein au\u00dfergew\u00f6hnliches visuelles Erlebnis zu gew\u00e4hrleisten.<\/span><br \/>\n<span style=\"font-family: arial, helvetica, sans-serif; font-size: 8pt;\">? Blitzschnelle Touch-Reaktion: Erleben Sie eine blitzschnelle Touchscreen-Reaktion, die jede Interaktion mit Ihrem iPad m\u00fchelos reibungslos und pr\u00e4zise macht.<\/span><br \/>\n<span style=\"font-family: arial, helvetica, sans-serif; font-size: 8pt;\">? Un\u00fcbertroffene H\u00e4rte und Haltbarkeit: Unser Zubeh\u00f6r ist so konstruiert, dass es den Strapazen des t\u00e4glichen Gebrauchs standh\u00e4lt und beeindruckende Robustheit und Schutz f\u00fcr den Bildschirm Ihres iPads bietet.<\/span><br \/>\n<span style=\"font-family: arial, helvetica, sans-serif; font-size: 8pt;\">? Fingerabdruck- und Fleckenresistenz: Fortschrittliche Beschichtungen auf unseren Bildschirmen widerstehen Fingerabdr\u00fccken und weisen Flecken ab, sodass Ihr iPad-Bildschirm sauber und schmierfrei bleibt.<\/span><br \/>\n<span style=\"font-family: arial, helvetica, sans-serif; font-size: 8pt;\">? Multi-Touch: Der iPad-Touchscreen unterst\u00fctzt Multi-Touch, sodass Benutzer mehrere Finger verwenden k\u00f6nnen, um verschiedene Gestenvorg\u00e4nge auszuf\u00fchren, wie z. B. Vergr\u00f6\u00dfern, Verkleinern, Drehen und Schieben, um intuitiver mit Apps und Inhalten zu interagieren.<\/span><br \/>\n<span style=\"font-family: arial, helvetica, sans-serif; font-size: 8pt;\">?Antireflexbeschichtung: iPad-Touchscreens k\u00f6nnen auch Antireflexbeschichtungen enthalten, um Reflexionen und Blendungen zu reduzieren und die Sichtbarkeit bei der Verwendung im Freien zu verbessern<\/span><br \/>\n<span style=\"font-family: arial, helvetica, sans-serif; font-size: 8pt;\">?\ufe0f Augenschutzmodus: Reduzieren Sie die Belastung der Augen und erh\u00f6hen Sie den Komfort mit unserem integrierten Augenschutzmodus, der f\u00fcr ein sichereres und komfortableres Seherlebnis sorgt.<\/span><br \/>\n<span style=\"font-family: arial, helvetica, sans-serif; font-size: 8pt;\">?\ufe0f Einfache Installation: Verabschieden Sie sich von komplexen Installationen. Unsere benutzerfreundlichen Anleitungen sorgen f\u00fcr einen problemlosen Vorgang und machen die Aufr\u00fcstung Ihres iPad-Bildschirms zum Kinderspiel.<\/span><br \/>\n<span style=\"font-family: arial, helvetica, sans-serif; font-size: 8pt;\">? Umweltfreundlich: Wir engagieren uns f\u00fcr Nachhaltigkeit und unsere Produkte werden mit umweltfreundlichen Materialien und Verfahren entwickelt, um die Umweltbelastung zu reduzieren.<\/span><\/p>","protected":false},"featured_media":3830,"comment_status":"open","ping_status":"closed","template":"","meta":[],"product_brand":[],"product_cat":[596,399],"product_tag":[],"class_list":{"0":"post-3794","1":"product","2":"type-product","3":"status-publish","4":"has-post-thumbnail","6":"product_cat-all-ipad-tplcd","7":"product_cat-ipad-air-5-2022","9":"first","10":"instock","11":"taxable","12":"shipping-taxable","13":"purchasable","14":"product-type-simple"},"yoast_head":"<!-- This site is optimized with the Yoast SEO plugin v27.4 - https:\/\/yoast.com\/product\/yoast-seo-wordpress\/ -->\n<title>iPad Air 5 10.9-Inch Liquid Retina Display Assembly (M1 Model) - P3 Wide Color &amp; True Tone - Original Grade Touch Digitizer - Premium Repair Kit - InsurePart<\/title>\n<meta name=\"description\" content=\"iPad Air 5 10.9-Inch Liquid Retina Display Assembly (M1 Model) - P3 Wide Color &amp; True Tone, Original Grade Touch Digitizer. Fast Shipping\" \/>\n<meta name=\"robots\" content=\"index, follow, max-snippet:-1, max-image-preview:large, max-video-preview:-1\" \/>\n<link rel=\"canonical\" href=\"https:\/\/www.dt-smart.com\/de\/produkt\/for-ipad-air-5-lcd\/\" \/>\n<meta property=\"og:locale\" content=\"de_DE\" \/>\n<meta property=\"og:type\" content=\"article\" \/>\n<meta property=\"og:title\" content=\"iPad Air 5 10.9-Inch Liquid Retina Display Assembly (M1 Model) - P3 Wide Color &amp; True Tone - Original Grade Touch Digitizer - Premium Repair Kit - InsurePart\" \/>\n<meta property=\"og:description\" content=\"iPad Air 5 10.9-Inch Liquid Retina Display Assembly (M1 Model) - P3 Wide Color &amp; True Tone, Original Grade Touch Digitizer. Fast Shipping\" \/>\n<meta property=\"og:url\" content=\"https:\/\/www.dt-smart.com\/de\/produkt\/for-ipad-air-5-lcd\/\" \/>\n<meta property=\"og:site_name\" content=\"InsurePart\" \/>\n<meta property=\"article:publisher\" content=\"https:\/\/www.facebook.com\/anjinleeEva\" \/>\n<meta property=\"article:modified_time\" content=\"2026-01-14T03:13:52+00:00\" \/>\n<meta property=\"og:image\" content=\"https:\/\/www.dt-smart.com\/wp-content\/uploads\/2023\/11\/1-57.png\" \/>\n\t<meta property=\"og:image:width\" content=\"1000\" \/>\n\t<meta property=\"og:image:height\" content=\"1000\" \/>\n\t<meta property=\"og:image:type\" content=\"image\/png\" \/>\n<meta name=\"twitter:card\" content=\"summary_large_image\" \/>\n<meta name=\"twitter:label1\" content=\"Gesch\u00e4tzte Lesezeit\" \/>\n\t<meta name=\"twitter:data1\" content=\"1\u00a0Minute\" \/>\n<script type=\"application\/ld+json\" class=\"yoast-schema-graph\">{\"@context\":\"https:\\\/\\\/schema.org\",\"@graph\":[{\"@type\":\"WebPage\",\"@id\":\"https:\\\/\\\/www.dt-smart.com\\\/ja\\\/product\\\/for-ipad-air-5-lcd\\\/\",\"url\":\"https:\\\/\\\/www.dt-smart.com\\\/ja\\\/product\\\/for-ipad-air-5-lcd\\\/\",\"name\":\"iPad Air 5 10.9-Inch Liquid Retina Display Assembly (M1 Model) - P3 Wide Color & True Tone - Original Grade Touch Digitizer - Premium Repair Kit - InsurePart\",\"isPartOf\":{\"@id\":\"https:\\\/\\\/www.dt-smart.com\\\/#website\"},\"primaryImageOfPage\":{\"@id\":\"https:\\\/\\\/www.dt-smart.com\\\/ja\\\/product\\\/for-ipad-air-5-lcd\\\/#primaryimage\"},\"image\":{\"@id\":\"https:\\\/\\\/www.dt-smart.com\\\/ja\\\/product\\\/for-ipad-air-5-lcd\\\/#primaryimage\"},\"thumbnailUrl\":\"https:\\\/\\\/www.dt-smart.com\\\/wp-content\\\/uploads\\\/2023\\\/11\\\/1-57.png\",\"datePublished\":\"2023-11-02T06:25:17+00:00\",\"dateModified\":\"2026-01-14T03:13:52+00:00\",\"description\":\"iPad Air 5 10.9-Inch Liquid Retina Display Assembly (M1 Model) - P3 Wide Color & True Tone, Original Grade Touch Digitizer. Fast Shipping\",\"breadcrumb\":{\"@id\":\"https:\\\/\\\/www.dt-smart.com\\\/ja\\\/product\\\/for-ipad-air-5-lcd\\\/#breadcrumb\"},\"inLanguage\":\"de\",\"potentialAction\":[{\"@type\":\"ReadAction\",\"target\":[\"https:\\\/\\\/www.dt-smart.com\\\/ja\\\/product\\\/for-ipad-air-5-lcd\\\/\"]}]},{\"@type\":\"ImageObject\",\"inLanguage\":\"de\",\"@id\":\"https:\\\/\\\/www.dt-smart.com\\\/ja\\\/product\\\/for-ipad-air-5-lcd\\\/#primaryimage\",\"url\":\"https:\\\/\\\/www.dt-smart.com\\\/wp-content\\\/uploads\\\/2023\\\/11\\\/1-57.png\",\"contentUrl\":\"https:\\\/\\\/www.dt-smart.com\\\/wp-content\\\/uploads\\\/2023\\\/11\\\/1-57.png\",\"width\":1000,\"height\":1000},{\"@type\":\"BreadcrumbList\",\"@id\":\"https:\\\/\\\/www.dt-smart.com\\\/ja\\\/product\\\/for-ipad-air-5-lcd\\\/#breadcrumb\",\"itemListElement\":[{\"@type\":\"ListItem\",\"position\":1,\"name\":\"Home\",\"item\":\"https:\\\/\\\/www.dt-smart.com\\\/\"},{\"@type\":\"ListItem\",\"position\":2,\"name\":\"Product\",\"item\":\"https:\\\/\\\/www.dt-smart.com\\\/ru\\\/product\\\/\"},{\"@type\":\"ListItem\",\"position\":3,\"name\":\"iPad Air 5 10.9-Inch Liquid Retina Display Assembly (M1 Model) &#8211; P3 Wide Color &#038; True Tone &#8211; Original Grade Touch Digitizer &#8211; Premium Repair Kit\"}]},{\"@type\":\"WebSite\",\"@id\":\"https:\\\/\\\/www.dt-smart.com\\\/#website\",\"url\":\"https:\\\/\\\/www.dt-smart.com\\\/\",\"name\":\"InsurePart\",\"description\":\"Cell Phone Repair Parts; iPhone Parts Wholesale;Samsung Parts Supplier\",\"potentialAction\":[{\"@type\":\"SearchAction\",\"target\":{\"@type\":\"EntryPoint\",\"urlTemplate\":\"https:\\\/\\\/www.dt-smart.com\\\/?s={search_term_string}\"},\"query-input\":{\"@type\":\"PropertyValueSpecification\",\"valueRequired\":true,\"valueName\":\"search_term_string\"}}],\"inLanguage\":\"de\"}]}<\/script>\n<!-- \/ Yoast SEO plugin. -->","yoast_head_json":{"title":"iPad Air 5 10.9-Inch Liquid Retina Display Assembly (M1 Model) - P3 Wide Color & True Tone - Original Grade Touch Digitizer - Premium Repair Kit - InsurePart","description":"iPad Air 5 10.9-Inch Liquid Retina Display Assembly (M1 Model) - P3 Wide Color & True Tone, Original Grade Touch Digitizer. Fast Shipping","robots":{"index":"index","follow":"follow","max-snippet":"max-snippet:-1","max-image-preview":"max-image-preview:large","max-video-preview":"max-video-preview:-1"},"canonical":"https:\/\/www.dt-smart.com\/de\/produkt\/for-ipad-air-5-lcd\/","og_locale":"de_DE","og_type":"article","og_title":"iPad Air 5 10.9-Inch Liquid Retina Display Assembly (M1 Model) - P3 Wide Color & True Tone - Original Grade Touch Digitizer - Premium Repair Kit - InsurePart","og_description":"iPad Air 5 10.9-Inch Liquid Retina Display Assembly (M1 Model) - P3 Wide Color & True Tone, Original Grade Touch Digitizer. Fast Shipping","og_url":"https:\/\/www.dt-smart.com\/de\/produkt\/for-ipad-air-5-lcd\/","og_site_name":"InsurePart","article_publisher":"https:\/\/www.facebook.com\/anjinleeEva","article_modified_time":"2026-01-14T03:13:52+00:00","og_image":[{"width":1000,"height":1000,"url":"https:\/\/www.dt-smart.com\/wp-content\/uploads\/2023\/11\/1-57.png","type":"image\/png"}],"twitter_card":"summary_large_image","twitter_misc":{"Gesch\u00e4tzte Lesezeit":"1\u00a0Minute"},"schema":{"@context":"https:\/\/schema.org","@graph":[{"@type":"WebPage","@id":"https:\/\/www.dt-smart.com\/ja\/product\/for-ipad-air-5-lcd\/","url":"https:\/\/www.dt-smart.com\/ja\/product\/for-ipad-air-5-lcd\/","name":"iPad Air 5 10.9-Inch Liquid Retina Display Assembly (M1 Model) - P3 Wide Color & True Tone - Original Grade Touch Digitizer - Premium Repair Kit - InsurePart","isPartOf":{"@id":"https:\/\/www.dt-smart.com\/#website"},"primaryImageOfPage":{"@id":"https:\/\/www.dt-smart.com\/ja\/product\/for-ipad-air-5-lcd\/#primaryimage"},"image":{"@id":"https:\/\/www.dt-smart.com\/ja\/product\/for-ipad-air-5-lcd\/#primaryimage"},"thumbnailUrl":"https:\/\/www.dt-smart.com\/wp-content\/uploads\/2023\/11\/1-57.png","datePublished":"2023-11-02T06:25:17+00:00","dateModified":"2026-01-14T03:13:52+00:00","description":"iPad Air 5 10.9-Inch Liquid Retina Display Assembly (M1 Model) - P3 Wide Color & True Tone, Original Grade Touch Digitizer. Fast Shipping","breadcrumb":{"@id":"https:\/\/www.dt-smart.com\/ja\/product\/for-ipad-air-5-lcd\/#breadcrumb"},"inLanguage":"de","potentialAction":[{"@type":"ReadAction","target":["https:\/\/www.dt-smart.com\/ja\/product\/for-ipad-air-5-lcd\/"]}]},{"@type":"ImageObject","inLanguage":"de","@id":"https:\/\/www.dt-smart.com\/ja\/product\/for-ipad-air-5-lcd\/#primaryimage","url":"https:\/\/www.dt-smart.com\/wp-content\/uploads\/2023\/11\/1-57.png","contentUrl":"https:\/\/www.dt-smart.com\/wp-content\/uploads\/2023\/11\/1-57.png","width":1000,"height":1000},{"@type":"BreadcrumbList","@id":"https:\/\/www.dt-smart.com\/ja\/product\/for-ipad-air-5-lcd\/#breadcrumb","itemListElement":[{"@type":"ListItem","position":1,"name":"Home","item":"https:\/\/www.dt-smart.com\/"},{"@type":"ListItem","position":2,"name":"Product","item":"https:\/\/www.dt-smart.com\/ru\/product\/"},{"@type":"ListItem","position":3,"name":"iPad Air 5 10.9-Inch Liquid Retina Display Assembly (M1 Model) &#8211; P3 Wide Color &#038; True Tone &#8211; Original Grade Touch Digitizer &#8211; Premium Repair Kit"}]},{"@type":"WebSite","@id":"https:\/\/www.dt-smart.com\/#website","url":"https:\/\/www.dt-smart.com\/","name":"InsurePart","description":"Handy-Ersatzteile; iPhone-Ersatzteile im Gro\u00dfhandel; Samsung-Ersatzteillieferant","potentialAction":[{"@type":"SearchAction","target":{"@type":"EntryPoint","urlTemplate":"https:\/\/www.dt-smart.com\/?s={search_term_string}"},"query-input":{"@type":"PropertyValueSpecification","valueRequired":true,"valueName":"search_term_string"}}],"inLanguage":"de"}]}},"_links":{"self":[{"href":"https:\/\/www.dt-smart.com\/de\/wp-json\/wp\/v2\/product\/3794","targetHints":{"allow":["GET"]}}],"collection":[{"href":"https:\/\/www.dt-smart.com\/de\/wp-json\/wp\/v2\/product"}],"about":[{"href":"https:\/\/www.dt-smart.com\/de\/wp-json\/wp\/v2\/types\/product"}],"replies":[{"embeddable":true,"href":"https:\/\/www.dt-smart.com\/de\/wp-json\/wp\/v2\/comments?post=3794"}],"version-history":[{"count":2,"href":"https:\/\/www.dt-smart.com\/de\/wp-json\/wp\/v2\/product\/3794\/revisions"}],"predecessor-version":[{"id":23289,"href":"https:\/\/www.dt-smart.com\/de\/wp-json\/wp\/v2\/product\/3794\/revisions\/23289"}],"wp:featuredmedia":[{"embeddable":true,"href":"https:\/\/www.dt-smart.com\/de\/wp-json\/wp\/v2\/media\/3830"}],"wp:attachment":[{"href":"https:\/\/www.dt-smart.com\/de\/wp-json\/wp\/v2\/media?parent=3794"}],"wp:term":[{"taxonomy":"product_brand","embeddable":true,"href":"https:\/\/www.dt-smart.com\/de\/wp-json\/wp\/v2\/product_brand?post=3794"},{"taxonomy":"product_cat","embeddable":true,"href":"https:\/\/www.dt-smart.com\/de\/wp-json\/wp\/v2\/product_cat?post=3794"},{"taxonomy":"product_tag","embeddable":true,"href":"https:\/\/www.dt-smart.com\/de\/wp-json\/wp\/v2\/product_tag?post=3794"}],"curies":[{"name":"wp","href":"https:\/\/api.w.org\/{rel}","templated":true}]}}