{"id":4031,"date":"2023-11-03T12:07:12","date_gmt":"2023-11-03T04:07:12","guid":{"rendered":"https:\/\/dt-smart.com\/?post_type=product&#038;p=4031"},"modified":"2025-12-29T16:36:54","modified_gmt":"2025-12-29T08:36:54","slug":"tpk-958b-automatic-dismantling-screen-machine","status":"publish","type":"product","link":"https:\/\/www.dt-smart.com\/de\/produkt\/tpk-958b-automatic-dismantling-screen-machine\/","title":{"rendered":"Automatische Bildschirmdemontagemaschine TBK 958B \u2013 Professioneller Touchscreen-Separator f\u00fcr die Reparatur von Smartphones und Tablets \u2013 Schnelles Aufheizen &amp; Intelligente Steuerung \u2013 Industriequalit\u00e4t \u2013 Schneller Versand"},"content":{"rendered":"<p><img fetchpriority=\"high\" decoding=\"async\" class=\"aligncenter wp-image-4248 size-full\" src=\"https:\/\/dt-smart.com\/wp-content\/uploads\/2023\/11\/1-79.png\" alt=\"\" width=\"750\" height=\"998\" srcset=\"https:\/\/www.dt-smart.com\/wp-content\/uploads\/2023\/11\/1-79.png 750w, https:\/\/www.dt-smart.com\/wp-content\/uploads\/2023\/11\/1-79-300x399.png 300w, https:\/\/www.dt-smart.com\/wp-content\/uploads\/2023\/11\/1-79-150x200.png 150w, https:\/\/www.dt-smart.com\/wp-content\/uploads\/2023\/11\/1-79-600x798.png 600w, https:\/\/www.dt-smart.com\/wp-content\/uploads\/2023\/11\/1-79-225x300.png 225w, https:\/\/www.dt-smart.com\/wp-content\/uploads\/2023\/11\/1-79-9x12.png 9w\" sizes=\"(max-width: 750px) 100vw, 750px\" \/> <img decoding=\"async\" class=\"aligncenter size-full wp-image-4249\" src=\"https:\/\/dt-smart.com\/wp-content\/uploads\/2023\/11\/2-66.png\" alt=\"\" width=\"750\" height=\"1130\" srcset=\"https:\/\/www.dt-smart.com\/wp-content\/uploads\/2023\/11\/2-66.png 750w, https:\/\/www.dt-smart.com\/wp-content\/uploads\/2023\/11\/2-66-300x452.png 300w, https:\/\/www.dt-smart.com\/wp-content\/uploads\/2023\/11\/2-66-150x226.png 150w, https:\/\/www.dt-smart.com\/wp-content\/uploads\/2023\/11\/2-66-600x904.png 600w, https:\/\/www.dt-smart.com\/wp-content\/uploads\/2023\/11\/2-66-199x300.png 199w, https:\/\/www.dt-smart.com\/wp-content\/uploads\/2023\/11\/2-66-680x1024.png 680w, https:\/\/www.dt-smart.com\/wp-content\/uploads\/2023\/11\/2-66-8x12.png 8w\" sizes=\"(max-width: 750px) 100vw, 750px\" \/> <img decoding=\"async\" class=\"aligncenter size-full wp-image-4250\" src=\"https:\/\/dt-smart.com\/wp-content\/uploads\/2023\/11\/3-11.png\" alt=\"\" width=\"750\" height=\"843\" srcset=\"https:\/\/www.dt-smart.com\/wp-content\/uploads\/2023\/11\/3-11.png 750w, https:\/\/www.dt-smart.com\/wp-content\/uploads\/2023\/11\/3-11-300x337.png 300w, https:\/\/www.dt-smart.com\/wp-content\/uploads\/2023\/11\/3-11-150x169.png 150w, https:\/\/www.dt-smart.com\/wp-content\/uploads\/2023\/11\/3-11-600x674.png 600w, https:\/\/www.dt-smart.com\/wp-content\/uploads\/2023\/11\/3-11-267x300.png 267w, https:\/\/www.dt-smart.com\/wp-content\/uploads\/2023\/11\/3-11-11x12.png 11w\" sizes=\"(max-width: 750px) 100vw, 750px\" \/> <img loading=\"lazy\" decoding=\"async\" class=\"aligncenter size-full wp-image-4251\" src=\"https:\/\/dt-smart.com\/wp-content\/uploads\/2023\/11\/4-11.png\" alt=\"\" width=\"750\" height=\"1017\" srcset=\"https:\/\/www.dt-smart.com\/wp-content\/uploads\/2023\/11\/4-11.png 750w, https:\/\/www.dt-smart.com\/wp-content\/uploads\/2023\/11\/4-11-300x407.png 300w, https:\/\/www.dt-smart.com\/wp-content\/uploads\/2023\/11\/4-11-150x203.png 150w, https:\/\/www.dt-smart.com\/wp-content\/uploads\/2023\/11\/4-11-600x814.png 600w, https:\/\/www.dt-smart.com\/wp-content\/uploads\/2023\/11\/4-11-221x300.png 221w, https:\/\/www.dt-smart.com\/wp-content\/uploads\/2023\/11\/4-11-9x12.png 9w\" sizes=\"(max-width: 750px) 100vw, 750px\" \/> <img loading=\"lazy\" decoding=\"async\" class=\"aligncenter size-full wp-image-4252\" src=\"https:\/\/dt-smart.com\/wp-content\/uploads\/2023\/11\/5-9.png\" alt=\"\" width=\"750\" height=\"1015\" srcset=\"https:\/\/www.dt-smart.com\/wp-content\/uploads\/2023\/11\/5-9.png 750w, https:\/\/www.dt-smart.com\/wp-content\/uploads\/2023\/11\/5-9-300x406.png 300w, https:\/\/www.dt-smart.com\/wp-content\/uploads\/2023\/11\/5-9-150x203.png 150w, https:\/\/www.dt-smart.com\/wp-content\/uploads\/2023\/11\/5-9-600x812.png 600w, https:\/\/www.dt-smart.com\/wp-content\/uploads\/2023\/11\/5-9-222x300.png 222w, https:\/\/www.dt-smart.com\/wp-content\/uploads\/2023\/11\/5-9-9x12.png 9w\" sizes=\"(max-width: 750px) 100vw, 750px\" \/> <img loading=\"lazy\" decoding=\"async\" class=\"aligncenter size-full wp-image-4253\" src=\"https:\/\/dt-smart.com\/wp-content\/uploads\/2023\/11\/6-4.png\" alt=\"\" width=\"750\" height=\"1041\" srcset=\"https:\/\/www.dt-smart.com\/wp-content\/uploads\/2023\/11\/6-4.png 750w, https:\/\/www.dt-smart.com\/wp-content\/uploads\/2023\/11\/6-4-300x416.png 300w, https:\/\/www.dt-smart.com\/wp-content\/uploads\/2023\/11\/6-4-150x208.png 150w, https:\/\/www.dt-smart.com\/wp-content\/uploads\/2023\/11\/6-4-600x833.png 600w, https:\/\/www.dt-smart.com\/wp-content\/uploads\/2023\/11\/6-4-216x300.png 216w, https:\/\/www.dt-smart.com\/wp-content\/uploads\/2023\/11\/6-4-738x1024.png 738w, https:\/\/www.dt-smart.com\/wp-content\/uploads\/2023\/11\/6-4-9x12.png 9w\" sizes=\"(max-width: 750px) 100vw, 750px\" \/> <img loading=\"lazy\" decoding=\"async\" class=\"aligncenter size-full wp-image-4254\" src=\"https:\/\/dt-smart.com\/wp-content\/uploads\/2023\/11\/7-4.png\" alt=\"\" width=\"750\" height=\"1265\" srcset=\"https:\/\/www.dt-smart.com\/wp-content\/uploads\/2023\/11\/7-4.png 750w, https:\/\/www.dt-smart.com\/wp-content\/uploads\/2023\/11\/7-4-300x506.png 300w, https:\/\/www.dt-smart.com\/wp-content\/uploads\/2023\/11\/7-4-150x253.png 150w, https:\/\/www.dt-smart.com\/wp-content\/uploads\/2023\/11\/7-4-600x1012.png 600w, https:\/\/www.dt-smart.com\/wp-content\/uploads\/2023\/11\/7-4-178x300.png 178w, https:\/\/www.dt-smart.com\/wp-content\/uploads\/2023\/11\/7-4-607x1024.png 607w, https:\/\/www.dt-smart.com\/wp-content\/uploads\/2023\/11\/7-4-7x12.png 7w\" sizes=\"(max-width: 750px) 100vw, 750px\" \/> <img loading=\"lazy\" decoding=\"async\" class=\"aligncenter size-full wp-image-4255\" src=\"https:\/\/dt-smart.com\/wp-content\/uploads\/2023\/11\/8-2.png\" alt=\"\" width=\"750\" height=\"1602\" srcset=\"https:\/\/www.dt-smart.com\/wp-content\/uploads\/2023\/11\/8-2.png 750w, https:\/\/www.dt-smart.com\/wp-content\/uploads\/2023\/11\/8-2-300x641.png 300w, https:\/\/www.dt-smart.com\/wp-content\/uploads\/2023\/11\/8-2-150x320.png 150w, https:\/\/www.dt-smart.com\/wp-content\/uploads\/2023\/11\/8-2-600x1282.png 600w, https:\/\/www.dt-smart.com\/wp-content\/uploads\/2023\/11\/8-2-140x300.png 140w, https:\/\/www.dt-smart.com\/wp-content\/uploads\/2023\/11\/8-2-479x1024.png 479w, https:\/\/www.dt-smart.com\/wp-content\/uploads\/2023\/11\/8-2-719x1536.png 719w, https:\/\/www.dt-smart.com\/wp-content\/uploads\/2023\/11\/8-2-6x12.png 6w\" sizes=\"(max-width: 750px) 100vw, 750px\" \/> <img loading=\"lazy\" decoding=\"async\" class=\"aligncenter size-full wp-image-4256\" src=\"https:\/\/dt-smart.com\/wp-content\/uploads\/2023\/11\/11.png\" alt=\"\" width=\"750\" height=\"1184\" srcset=\"https:\/\/www.dt-smart.com\/wp-content\/uploads\/2023\/11\/11.png 750w, https:\/\/www.dt-smart.com\/wp-content\/uploads\/2023\/11\/11-300x474.png 300w, https:\/\/www.dt-smart.com\/wp-content\/uploads\/2023\/11\/11-150x237.png 150w, https:\/\/www.dt-smart.com\/wp-content\/uploads\/2023\/11\/11-600x947.png 600w, https:\/\/www.dt-smart.com\/wp-content\/uploads\/2023\/11\/11-190x300.png 190w, https:\/\/www.dt-smart.com\/wp-content\/uploads\/2023\/11\/11-649x1024.png 649w, https:\/\/www.dt-smart.com\/wp-content\/uploads\/2023\/11\/11-8x12.png 8w\" sizes=\"(max-width: 750px) 100vw, 750px\" \/> <img loading=\"lazy\" decoding=\"async\" class=\"aligncenter size-full wp-image-4257\" src=\"https:\/\/dt-smart.com\/wp-content\/uploads\/2023\/11\/12-1.png\" alt=\"\" width=\"750\" height=\"1372\" srcset=\"https:\/\/www.dt-smart.com\/wp-content\/uploads\/2023\/11\/12-1.png 750w, https:\/\/www.dt-smart.com\/wp-content\/uploads\/2023\/11\/12-1-300x549.png 300w, https:\/\/www.dt-smart.com\/wp-content\/uploads\/2023\/11\/12-1-150x274.png 150w, https:\/\/www.dt-smart.com\/wp-content\/uploads\/2023\/11\/12-1-600x1098.png 600w, https:\/\/www.dt-smart.com\/wp-content\/uploads\/2023\/11\/12-1-164x300.png 164w, https:\/\/www.dt-smart.com\/wp-content\/uploads\/2023\/11\/12-1-560x1024.png 560w, https:\/\/www.dt-smart.com\/wp-content\/uploads\/2023\/11\/12-1-7x12.png 7w\" sizes=\"(max-width: 750px) 100vw, 750px\" \/> <img loading=\"lazy\" decoding=\"async\" class=\"aligncenter size-full wp-image-4258\" src=\"https:\/\/dt-smart.com\/wp-content\/uploads\/2023\/11\/13-1.png\" alt=\"\" width=\"750\" height=\"1261\" srcset=\"https:\/\/www.dt-smart.com\/wp-content\/uploads\/2023\/11\/13-1.png 750w, https:\/\/www.dt-smart.com\/wp-content\/uploads\/2023\/11\/13-1-300x504.png 300w, https:\/\/www.dt-smart.com\/wp-content\/uploads\/2023\/11\/13-1-150x252.png 150w, https:\/\/www.dt-smart.com\/wp-content\/uploads\/2023\/11\/13-1-600x1009.png 600w, https:\/\/www.dt-smart.com\/wp-content\/uploads\/2023\/11\/13-1-178x300.png 178w, https:\/\/www.dt-smart.com\/wp-content\/uploads\/2023\/11\/13-1-609x1024.png 609w, https:\/\/www.dt-smart.com\/wp-content\/uploads\/2023\/11\/13-1-7x12.png 7w\" sizes=\"(max-width: 750px) 100vw, 750px\" \/> <img loading=\"lazy\" decoding=\"async\" class=\"aligncenter size-full wp-image-4259\" src=\"https:\/\/dt-smart.com\/wp-content\/uploads\/2023\/11\/14-1.png\" alt=\"\" width=\"750\" height=\"1060\" srcset=\"https:\/\/www.dt-smart.com\/wp-content\/uploads\/2023\/11\/14-1.png 750w, https:\/\/www.dt-smart.com\/wp-content\/uploads\/2023\/11\/14-1-300x424.png 300w, https:\/\/www.dt-smart.com\/wp-content\/uploads\/2023\/11\/14-1-150x212.png 150w, https:\/\/www.dt-smart.com\/wp-content\/uploads\/2023\/11\/14-1-600x848.png 600w, https:\/\/www.dt-smart.com\/wp-content\/uploads\/2023\/11\/14-1-212x300.png 212w, https:\/\/www.dt-smart.com\/wp-content\/uploads\/2023\/11\/14-1-725x1024.png 725w, https:\/\/www.dt-smart.com\/wp-content\/uploads\/2023\/11\/14-1-8x12.png 8w\" sizes=\"(max-width: 750px) 100vw, 750px\" \/><\/p>","protected":false},"excerpt":{"rendered":"<p><span style=\"font-family: arial, helvetica, sans-serif; font-size: 8pt;\">Beispiellose Pr\u00e4zision: Unsere hochmoderne Lasertechnologie garantiert h\u00f6chste Genauigkeit bei der Bildschirmdemontage und -markierung. Verabschieden Sie sich von Ungenauigkeiten und begr\u00fc\u00dfen Sie Perfektion.<\/span><br \/>\n<span style=\"font-family: arial, helvetica, sans-serif; font-size: 8pt;\">Effizienz neu definiert: Das vollautomatische System von TPK beschleunigt Ihre Produktionslinie und spart Ihnen Zeit und Geld. Erzielen Sie einen h\u00f6heren Durchsatz ohne Qualit\u00e4tseinbu\u00dfen.<\/span><br \/>\n<span style=\"font-family: arial, helvetica, sans-serif; font-size: 8pt;\">Maximale Vielseitigkeit: Unsere Maschine ist an verschiedene Bildschirmgr\u00f6\u00dfen und -typen anpassbar und eignet sich daher f\u00fcr ein breites Anwendungsspektrum, von Smartphones bis hin zu gr\u00f6\u00dferen Displays.<\/span><br \/>\n<span style=\"font-family: arial, helvetica, sans-serif; font-size: 8pt;\">Qualit\u00e4tssicherung: Die fortschrittliche Technologie von TPK garantiert bei jeder Markierung eine hochwertige Verarbeitung und steigert so den Wert und die Langlebigkeit Ihrer Produkte.<\/span><br \/>\n<span style=\"font-family: arial, helvetica, sans-serif; font-size: 8pt;\">Nachhaltigkeit ist wichtig: Die von uns eingesetzte Lasertechnologie ist umweltfreundlich und reduziert Abfall, was sie zu einer verantwortungsvollen Wahl f\u00fcr Ihr Unternehmen macht.<\/span><br \/>\n<span style=\"font-family: arial, helvetica, sans-serif; font-size: 8pt;\">Intuitive Bedienung: Unsere benutzerfreundliche Oberfl\u00e4che sorgt daf\u00fcr, dass sich Ihr Team schnell einarbeiten kann, wodurch Schulungszeiten und Bedienungsfehler minimiert werden.<\/span><br \/>\n<span style=\"font-family: arial, helvetica, sans-serif; font-size: 8pt;\">Bleiben Sie der Konkurrenz einen Schritt voraus: Setzen Sie auf Innovation und sichern Sie sich Ihren Erfolg im wettbewerbsintensiven Markt. Die vollautomatische Laser-Siebdemontage- und Markierungsmaschine von TPK ist Ihr Schl\u00fcssel zum Erfolg.<\/span><\/p>","protected":false},"featured_media":10408,"comment_status":"open","ping_status":"closed","template":"","meta":[],"product_brand":[],"product_cat":[1182],"product_tag":[],"class_list":{"0":"post-4031","1":"product","2":"type-product","3":"status-publish","4":"has-post-thumbnail","6":"product_cat-tbk-958b","8":"first","9":"instock","10":"taxable","11":"shipping-taxable","12":"purchasable","13":"product-type-simple"},"yoast_head":"<!-- This site is optimized with the Yoast SEO plugin v27.4 - https:\/\/yoast.com\/product\/yoast-seo-wordpress\/ -->\n<title>TBK 958B Automatic Dismantling Screen Machine - Professional Touch Screen Separator for Phone &amp; Tablet Repair - Fast Heating &amp; Smart Control - Industrial Grade - Fast Shipping - InsurePart<\/title>\n<meta name=\"description\" content=\"TBK 958B Automatic Dismantling Screen Machine - Professional Touch Screen Separator for Phone &amp; Tablet Repair - Fast Heating &amp; Smart Control - Industrial Grade - Fast Shipping\" \/>\n<meta name=\"robots\" content=\"index, follow, max-snippet:-1, max-image-preview:large, max-video-preview:-1\" \/>\n<link rel=\"canonical\" href=\"https:\/\/www.dt-smart.com\/de\/produkt\/tpk-958b-automatic-dismantling-screen-machine\/\" \/>\n<meta property=\"og:locale\" content=\"de_DE\" \/>\n<meta property=\"og:type\" content=\"article\" \/>\n<meta property=\"og:title\" content=\"TBK 958B Automatic Dismantling Screen Machine - Professional Touch Screen Separator for Phone &amp; Tablet Repair - Fast Heating &amp; Smart Control - Industrial Grade - Fast Shipping - InsurePart\" \/>\n<meta property=\"og:description\" content=\"TBK 958B Automatic Dismantling Screen Machine - Professional Touch Screen Separator for Phone &amp; Tablet Repair - Fast Heating &amp; Smart Control - Industrial Grade - Fast Shipping\" \/>\n<meta property=\"og:url\" content=\"https:\/\/www.dt-smart.com\/de\/produkt\/tpk-958b-automatic-dismantling-screen-machine\/\" \/>\n<meta property=\"og:site_name\" content=\"InsurePart\" \/>\n<meta property=\"article:publisher\" content=\"https:\/\/www.facebook.com\/anjinleeEva\" \/>\n<meta property=\"article:modified_time\" content=\"2025-12-29T08:36:54+00:00\" \/>\n<meta property=\"og:image\" content=\"https:\/\/www.dt-smart.com\/wp-content\/uploads\/2023\/12\/1-58.jpg\" \/>\n\t<meta property=\"og:image:width\" content=\"800\" \/>\n\t<meta property=\"og:image:height\" content=\"800\" \/>\n\t<meta property=\"og:image:type\" content=\"image\/jpeg\" \/>\n<meta name=\"twitter:card\" content=\"summary_large_image\" \/>\n<meta name=\"twitter:label1\" content=\"Gesch\u00e4tzte Lesezeit\" \/>\n\t<meta name=\"twitter:data1\" content=\"3\u00a0Minuten\" \/>\n<script type=\"application\/ld+json\" class=\"yoast-schema-graph\">{\"@context\":\"https:\\\/\\\/schema.org\",\"@graph\":[{\"@type\":\"WebPage\",\"@id\":\"https:\\\/\\\/www.dt-smart.com\\\/product\\\/tpk-958b-automatic-dismantling-screen-machine\\\/\",\"url\":\"https:\\\/\\\/www.dt-smart.com\\\/product\\\/tpk-958b-automatic-dismantling-screen-machine\\\/\",\"name\":\"TBK 958B Automatic Dismantling Screen Machine - Professional Touch Screen Separator for Phone & Tablet Repair - Fast Heating & Smart Control - Industrial Grade - Fast Shipping - InsurePart\",\"isPartOf\":{\"@id\":\"https:\\\/\\\/www.dt-smart.com\\\/#website\"},\"primaryImageOfPage\":{\"@id\":\"https:\\\/\\\/www.dt-smart.com\\\/product\\\/tpk-958b-automatic-dismantling-screen-machine\\\/#primaryimage\"},\"image\":{\"@id\":\"https:\\\/\\\/www.dt-smart.com\\\/product\\\/tpk-958b-automatic-dismantling-screen-machine\\\/#primaryimage\"},\"thumbnailUrl\":\"https:\\\/\\\/www.dt-smart.com\\\/wp-content\\\/uploads\\\/2023\\\/12\\\/1-58.jpg\",\"datePublished\":\"2023-11-03T04:07:12+00:00\",\"dateModified\":\"2025-12-29T08:36:54+00:00\",\"description\":\"TBK 958B Automatic Dismantling Screen Machine - Professional Touch Screen Separator for Phone & Tablet Repair - Fast Heating & Smart Control - Industrial Grade - Fast Shipping\",\"breadcrumb\":{\"@id\":\"https:\\\/\\\/www.dt-smart.com\\\/product\\\/tpk-958b-automatic-dismantling-screen-machine\\\/#breadcrumb\"},\"inLanguage\":\"de\",\"potentialAction\":[{\"@type\":\"ReadAction\",\"target\":[\"https:\\\/\\\/www.dt-smart.com\\\/product\\\/tpk-958b-automatic-dismantling-screen-machine\\\/\"]}]},{\"@type\":\"ImageObject\",\"inLanguage\":\"de\",\"@id\":\"https:\\\/\\\/www.dt-smart.com\\\/product\\\/tpk-958b-automatic-dismantling-screen-machine\\\/#primaryimage\",\"url\":\"https:\\\/\\\/www.dt-smart.com\\\/wp-content\\\/uploads\\\/2023\\\/12\\\/1-58.jpg\",\"contentUrl\":\"https:\\\/\\\/www.dt-smart.com\\\/wp-content\\\/uploads\\\/2023\\\/12\\\/1-58.jpg\",\"width\":800,\"height\":800},{\"@type\":\"BreadcrumbList\",\"@id\":\"https:\\\/\\\/www.dt-smart.com\\\/product\\\/tpk-958b-automatic-dismantling-screen-machine\\\/#breadcrumb\",\"itemListElement\":[{\"@type\":\"ListItem\",\"position\":1,\"name\":\"Home\",\"item\":\"https:\\\/\\\/www.dt-smart.com\\\/\"},{\"@type\":\"ListItem\",\"position\":2,\"name\":\"Product\",\"item\":\"https:\\\/\\\/www.dt-smart.com\\\/ru\\\/product\\\/\"},{\"@type\":\"ListItem\",\"position\":3,\"name\":\"TBK 958B Automatic Dismantling Screen Machine &#8211; Professional Touch Screen Separator for Phone &#038; Tablet Repair &#8211; Fast Heating &#038; Smart Control &#8211; Industrial Grade &#8211; Fast Shipping\"}]},{\"@type\":\"WebSite\",\"@id\":\"https:\\\/\\\/www.dt-smart.com\\\/#website\",\"url\":\"https:\\\/\\\/www.dt-smart.com\\\/\",\"name\":\"InsurePart\",\"description\":\"Cell Phone Repair Parts; iPhone Parts Wholesale;Samsung Parts Supplier\",\"potentialAction\":[{\"@type\":\"SearchAction\",\"target\":{\"@type\":\"EntryPoint\",\"urlTemplate\":\"https:\\\/\\\/www.dt-smart.com\\\/?s={search_term_string}\"},\"query-input\":{\"@type\":\"PropertyValueSpecification\",\"valueRequired\":true,\"valueName\":\"search_term_string\"}}],\"inLanguage\":\"de\"}]}<\/script>\n<!-- \/ Yoast SEO plugin. -->","yoast_head_json":{"title":"TBK 958B Automatic Dismantling Screen Machine - Professional Touch Screen Separator for Phone & Tablet Repair - Fast Heating & Smart Control - Industrial Grade - Fast Shipping - InsurePart","description":"Automatische Bildschirmdemontagemaschine TBK 958B \u2013 Professioneller Touchscreen-Separator f\u00fcr die Reparatur von Smartphones und Tablets \u2013 Schnelles Aufheizen &amp; Intelligente Steuerung \u2013 Industriequalit\u00e4t \u2013 Schneller Versand","robots":{"index":"index","follow":"follow","max-snippet":"max-snippet:-1","max-image-preview":"max-image-preview:large","max-video-preview":"max-video-preview:-1"},"canonical":"https:\/\/www.dt-smart.com\/de\/produkt\/tpk-958b-automatic-dismantling-screen-machine\/","og_locale":"de_DE","og_type":"article","og_title":"TBK 958B Automatic Dismantling Screen Machine - Professional Touch Screen Separator for Phone & Tablet Repair - Fast Heating & Smart Control - Industrial Grade - Fast Shipping - InsurePart","og_description":"TBK 958B Automatic Dismantling Screen Machine - Professional Touch Screen Separator for Phone & Tablet Repair - Fast Heating & Smart Control - Industrial Grade - Fast Shipping","og_url":"https:\/\/www.dt-smart.com\/de\/produkt\/tpk-958b-automatic-dismantling-screen-machine\/","og_site_name":"InsurePart","article_publisher":"https:\/\/www.facebook.com\/anjinleeEva","article_modified_time":"2025-12-29T08:36:54+00:00","og_image":[{"width":800,"height":800,"url":"https:\/\/www.dt-smart.com\/wp-content\/uploads\/2023\/12\/1-58.jpg","type":"image\/jpeg"}],"twitter_card":"summary_large_image","twitter_misc":{"Gesch\u00e4tzte Lesezeit":"3\u00a0Minuten"},"schema":{"@context":"https:\/\/schema.org","@graph":[{"@type":"WebPage","@id":"https:\/\/www.dt-smart.com\/product\/tpk-958b-automatic-dismantling-screen-machine\/","url":"https:\/\/www.dt-smart.com\/product\/tpk-958b-automatic-dismantling-screen-machine\/","name":"TBK 958B Automatic Dismantling Screen Machine - Professional Touch Screen Separator for Phone & Tablet Repair - Fast Heating & Smart Control - Industrial Grade - Fast Shipping - InsurePart","isPartOf":{"@id":"https:\/\/www.dt-smart.com\/#website"},"primaryImageOfPage":{"@id":"https:\/\/www.dt-smart.com\/product\/tpk-958b-automatic-dismantling-screen-machine\/#primaryimage"},"image":{"@id":"https:\/\/www.dt-smart.com\/product\/tpk-958b-automatic-dismantling-screen-machine\/#primaryimage"},"thumbnailUrl":"https:\/\/www.dt-smart.com\/wp-content\/uploads\/2023\/12\/1-58.jpg","datePublished":"2023-11-03T04:07:12+00:00","dateModified":"2025-12-29T08:36:54+00:00","description":"Automatische Bildschirmdemontagemaschine TBK 958B \u2013 Professioneller Touchscreen-Separator f\u00fcr die Reparatur von Smartphones und Tablets \u2013 Schnelles Aufheizen &amp; Intelligente Steuerung \u2013 Industriequalit\u00e4t \u2013 Schneller Versand","breadcrumb":{"@id":"https:\/\/www.dt-smart.com\/product\/tpk-958b-automatic-dismantling-screen-machine\/#breadcrumb"},"inLanguage":"de","potentialAction":[{"@type":"ReadAction","target":["https:\/\/www.dt-smart.com\/product\/tpk-958b-automatic-dismantling-screen-machine\/"]}]},{"@type":"ImageObject","inLanguage":"de","@id":"https:\/\/www.dt-smart.com\/product\/tpk-958b-automatic-dismantling-screen-machine\/#primaryimage","url":"https:\/\/www.dt-smart.com\/wp-content\/uploads\/2023\/12\/1-58.jpg","contentUrl":"https:\/\/www.dt-smart.com\/wp-content\/uploads\/2023\/12\/1-58.jpg","width":800,"height":800},{"@type":"BreadcrumbList","@id":"https:\/\/www.dt-smart.com\/product\/tpk-958b-automatic-dismantling-screen-machine\/#breadcrumb","itemListElement":[{"@type":"ListItem","position":1,"name":"Home","item":"https:\/\/www.dt-smart.com\/"},{"@type":"ListItem","position":2,"name":"Product","item":"https:\/\/www.dt-smart.com\/ru\/product\/"},{"@type":"ListItem","position":3,"name":"TBK 958B Automatic Dismantling Screen Machine &#8211; Professional Touch Screen Separator for Phone &#038; Tablet Repair &#8211; Fast Heating &#038; Smart Control &#8211; Industrial Grade &#8211; Fast Shipping"}]},{"@type":"WebSite","@id":"https:\/\/www.dt-smart.com\/#website","url":"https:\/\/www.dt-smart.com\/","name":"InsurePart","description":"Handy-Ersatzteile; iPhone-Ersatzteile im Gro\u00dfhandel; Samsung-Ersatzteillieferant","potentialAction":[{"@type":"SearchAction","target":{"@type":"EntryPoint","urlTemplate":"https:\/\/www.dt-smart.com\/?s={search_term_string}"},"query-input":{"@type":"PropertyValueSpecification","valueRequired":true,"valueName":"search_term_string"}}],"inLanguage":"de"}]}},"_links":{"self":[{"href":"https:\/\/www.dt-smart.com\/de\/wp-json\/wp\/v2\/product\/4031","targetHints":{"allow":["GET"]}}],"collection":[{"href":"https:\/\/www.dt-smart.com\/de\/wp-json\/wp\/v2\/product"}],"about":[{"href":"https:\/\/www.dt-smart.com\/de\/wp-json\/wp\/v2\/types\/product"}],"replies":[{"embeddable":true,"href":"https:\/\/www.dt-smart.com\/de\/wp-json\/wp\/v2\/comments?post=4031"}],"version-history":[{"count":3,"href":"https:\/\/www.dt-smart.com\/de\/wp-json\/wp\/v2\/product\/4031\/revisions"}],"predecessor-version":[{"id":23903,"href":"https:\/\/www.dt-smart.com\/de\/wp-json\/wp\/v2\/product\/4031\/revisions\/23903"}],"wp:featuredmedia":[{"embeddable":true,"href":"https:\/\/www.dt-smart.com\/de\/wp-json\/wp\/v2\/media\/10408"}],"wp:attachment":[{"href":"https:\/\/www.dt-smart.com\/de\/wp-json\/wp\/v2\/media?parent=4031"}],"wp:term":[{"taxonomy":"product_brand","embeddable":true,"href":"https:\/\/www.dt-smart.com\/de\/wp-json\/wp\/v2\/product_brand?post=4031"},{"taxonomy":"product_cat","embeddable":true,"href":"https:\/\/www.dt-smart.com\/de\/wp-json\/wp\/v2\/product_cat?post=4031"},{"taxonomy":"product_tag","embeddable":true,"href":"https:\/\/www.dt-smart.com\/de\/wp-json\/wp\/v2\/product_tag?post=4031"}],"curies":[{"name":"wp","href":"https:\/\/api.w.org\/{rel}","templated":true}]}}