{"id":4033,"date":"2023-11-03T12:10:01","date_gmt":"2023-11-03T04:10:01","guid":{"rendered":"https:\/\/dt-smart.com\/?post_type=product&#038;p=4033"},"modified":"2025-12-29T16:36:00","modified_gmt":"2025-12-29T08:36:00","slug":"tpk-958a-automatic-dismantling-screen-machine","status":"publish","type":"product","link":"https:\/\/www.dt-smart.com\/de\/produkt\/tpk-958a-automatic-dismantling-screen-machine\/","title":{"rendered":"Automatische Bildschirmdemontagemaschine TBK 958A \u2013 Professioneller Touchscreen-Separator f\u00fcr die Reparatur von Smartphones und Tablets \u2013 Intelligente Temperaturregelung &amp; effizient \u2013 Industriequalit\u00e4t \u2013 Schneller Versand"},"content":{"rendered":"<p><img fetchpriority=\"high\" decoding=\"async\" class=\"aligncenter size-full wp-image-4234\" src=\"https:\/\/dt-smart.com\/wp-content\/uploads\/2023\/11\/1-78.png\" alt=\"\" width=\"750\" height=\"851\" srcset=\"https:\/\/www.dt-smart.com\/wp-content\/uploads\/2023\/11\/1-78.png 750w, https:\/\/www.dt-smart.com\/wp-content\/uploads\/2023\/11\/1-78-300x340.png 300w, https:\/\/www.dt-smart.com\/wp-content\/uploads\/2023\/11\/1-78-150x170.png 150w, https:\/\/www.dt-smart.com\/wp-content\/uploads\/2023\/11\/1-78-600x681.png 600w, https:\/\/www.dt-smart.com\/wp-content\/uploads\/2023\/11\/1-78-264x300.png 264w, https:\/\/www.dt-smart.com\/wp-content\/uploads\/2023\/11\/1-78-11x12.png 11w\" sizes=\"(max-width: 750px) 100vw, 750px\" \/> <img decoding=\"async\" class=\"aligncenter size-full wp-image-4235\" src=\"https:\/\/dt-smart.com\/wp-content\/uploads\/2023\/11\/2-65.png\" alt=\"\" width=\"750\" height=\"832\" srcset=\"https:\/\/www.dt-smart.com\/wp-content\/uploads\/2023\/11\/2-65.png 750w, https:\/\/www.dt-smart.com\/wp-content\/uploads\/2023\/11\/2-65-300x333.png 300w, https:\/\/www.dt-smart.com\/wp-content\/uploads\/2023\/11\/2-65-150x166.png 150w, https:\/\/www.dt-smart.com\/wp-content\/uploads\/2023\/11\/2-65-600x666.png 600w, https:\/\/www.dt-smart.com\/wp-content\/uploads\/2023\/11\/2-65-270x300.png 270w, https:\/\/www.dt-smart.com\/wp-content\/uploads\/2023\/11\/2-65-11x12.png 11w\" sizes=\"(max-width: 750px) 100vw, 750px\" \/> <img decoding=\"async\" class=\"aligncenter size-full wp-image-4236\" src=\"https:\/\/dt-smart.com\/wp-content\/uploads\/2023\/11\/3-10.png\" alt=\"\" width=\"750\" height=\"698\" srcset=\"https:\/\/www.dt-smart.com\/wp-content\/uploads\/2023\/11\/3-10.png 750w, https:\/\/www.dt-smart.com\/wp-content\/uploads\/2023\/11\/3-10-300x279.png 300w, https:\/\/www.dt-smart.com\/wp-content\/uploads\/2023\/11\/3-10-150x140.png 150w, https:\/\/www.dt-smart.com\/wp-content\/uploads\/2023\/11\/3-10-600x558.png 600w, https:\/\/www.dt-smart.com\/wp-content\/uploads\/2023\/11\/3-10-13x12.png 13w\" sizes=\"(max-width: 750px) 100vw, 750px\" \/> <img loading=\"lazy\" decoding=\"async\" class=\"aligncenter size-full wp-image-4237\" src=\"https:\/\/dt-smart.com\/wp-content\/uploads\/2023\/11\/4-10.png\" alt=\"\" width=\"750\" height=\"913\" srcset=\"https:\/\/www.dt-smart.com\/wp-content\/uploads\/2023\/11\/4-10.png 750w, https:\/\/www.dt-smart.com\/wp-content\/uploads\/2023\/11\/4-10-300x365.png 300w, https:\/\/www.dt-smart.com\/wp-content\/uploads\/2023\/11\/4-10-150x183.png 150w, https:\/\/www.dt-smart.com\/wp-content\/uploads\/2023\/11\/4-10-600x730.png 600w, https:\/\/www.dt-smart.com\/wp-content\/uploads\/2023\/11\/4-10-246x300.png 246w, https:\/\/www.dt-smart.com\/wp-content\/uploads\/2023\/11\/4-10-10x12.png 10w\" sizes=\"(max-width: 750px) 100vw, 750px\" \/> <img loading=\"lazy\" decoding=\"async\" class=\"aligncenter size-full wp-image-4238\" src=\"https:\/\/dt-smart.com\/wp-content\/uploads\/2023\/11\/5-8.png\" alt=\"\" width=\"750\" height=\"1062\" srcset=\"https:\/\/www.dt-smart.com\/wp-content\/uploads\/2023\/11\/5-8.png 750w, https:\/\/www.dt-smart.com\/wp-content\/uploads\/2023\/11\/5-8-300x425.png 300w, https:\/\/www.dt-smart.com\/wp-content\/uploads\/2023\/11\/5-8-150x212.png 150w, https:\/\/www.dt-smart.com\/wp-content\/uploads\/2023\/11\/5-8-600x850.png 600w, https:\/\/www.dt-smart.com\/wp-content\/uploads\/2023\/11\/5-8-212x300.png 212w, https:\/\/www.dt-smart.com\/wp-content\/uploads\/2023\/11\/5-8-723x1024.png 723w, https:\/\/www.dt-smart.com\/wp-content\/uploads\/2023\/11\/5-8-8x12.png 8w\" sizes=\"(max-width: 750px) 100vw, 750px\" \/> <img loading=\"lazy\" decoding=\"async\" class=\"aligncenter size-full wp-image-4239\" src=\"https:\/\/dt-smart.com\/wp-content\/uploads\/2023\/11\/6-3.png\" alt=\"\" width=\"750\" height=\"1105\" srcset=\"https:\/\/www.dt-smart.com\/wp-content\/uploads\/2023\/11\/6-3.png 750w, https:\/\/www.dt-smart.com\/wp-content\/uploads\/2023\/11\/6-3-300x442.png 300w, https:\/\/www.dt-smart.com\/wp-content\/uploads\/2023\/11\/6-3-150x221.png 150w, https:\/\/www.dt-smart.com\/wp-content\/uploads\/2023\/11\/6-3-600x884.png 600w, https:\/\/www.dt-smart.com\/wp-content\/uploads\/2023\/11\/6-3-204x300.png 204w, https:\/\/www.dt-smart.com\/wp-content\/uploads\/2023\/11\/6-3-695x1024.png 695w, https:\/\/www.dt-smart.com\/wp-content\/uploads\/2023\/11\/6-3-8x12.png 8w\" sizes=\"(max-width: 750px) 100vw, 750px\" \/> <img loading=\"lazy\" decoding=\"async\" class=\"aligncenter size-full wp-image-4240\" src=\"https:\/\/dt-smart.com\/wp-content\/uploads\/2023\/11\/7-3.png\" alt=\"\" width=\"750\" height=\"700\" srcset=\"https:\/\/www.dt-smart.com\/wp-content\/uploads\/2023\/11\/7-3.png 750w, https:\/\/www.dt-smart.com\/wp-content\/uploads\/2023\/11\/7-3-300x280.png 300w, https:\/\/www.dt-smart.com\/wp-content\/uploads\/2023\/11\/7-3-150x140.png 150w, https:\/\/www.dt-smart.com\/wp-content\/uploads\/2023\/11\/7-3-600x560.png 600w, https:\/\/www.dt-smart.com\/wp-content\/uploads\/2023\/11\/7-3-13x12.png 13w\" sizes=\"(max-width: 750px) 100vw, 750px\" \/> <img loading=\"lazy\" decoding=\"async\" class=\"aligncenter size-full wp-image-4241\" src=\"https:\/\/dt-smart.com\/wp-content\/uploads\/2023\/11\/8-1.png\" alt=\"\" width=\"750\" height=\"797\" srcset=\"https:\/\/www.dt-smart.com\/wp-content\/uploads\/2023\/11\/8-1.png 750w, https:\/\/www.dt-smart.com\/wp-content\/uploads\/2023\/11\/8-1-300x319.png 300w, https:\/\/www.dt-smart.com\/wp-content\/uploads\/2023\/11\/8-1-150x159.png 150w, https:\/\/www.dt-smart.com\/wp-content\/uploads\/2023\/11\/8-1-600x638.png 600w, https:\/\/www.dt-smart.com\/wp-content\/uploads\/2023\/11\/8-1-282x300.png 282w, https:\/\/www.dt-smart.com\/wp-content\/uploads\/2023\/11\/8-1-11x12.png 11w\" sizes=\"(max-width: 750px) 100vw, 750px\" \/> <img loading=\"lazy\" decoding=\"async\" class=\"aligncenter size-full wp-image-4242\" src=\"https:\/\/dt-smart.com\/wp-content\/uploads\/2023\/11\/9-1.png\" alt=\"\" width=\"750\" height=\"1412\" srcset=\"https:\/\/www.dt-smart.com\/wp-content\/uploads\/2023\/11\/9-1.png 750w, https:\/\/www.dt-smart.com\/wp-content\/uploads\/2023\/11\/9-1-300x565.png 300w, https:\/\/www.dt-smart.com\/wp-content\/uploads\/2023\/11\/9-1-150x282.png 150w, https:\/\/www.dt-smart.com\/wp-content\/uploads\/2023\/11\/9-1-600x1130.png 600w, https:\/\/www.dt-smart.com\/wp-content\/uploads\/2023\/11\/9-1-159x300.png 159w, https:\/\/www.dt-smart.com\/wp-content\/uploads\/2023\/11\/9-1-544x1024.png 544w, https:\/\/www.dt-smart.com\/wp-content\/uploads\/2023\/11\/9-1-6x12.png 6w\" sizes=\"(max-width: 750px) 100vw, 750px\" \/><\/p>\n<p><img loading=\"lazy\" decoding=\"async\" class=\"aligncenter size-full wp-image-4243\" src=\"https:\/\/dt-smart.com\/wp-content\/uploads\/2023\/11\/12.png\" alt=\"\" width=\"750\" height=\"1089\" srcset=\"https:\/\/www.dt-smart.com\/wp-content\/uploads\/2023\/11\/12.png 750w, https:\/\/www.dt-smart.com\/wp-content\/uploads\/2023\/11\/12-300x436.png 300w, https:\/\/www.dt-smart.com\/wp-content\/uploads\/2023\/11\/12-150x218.png 150w, https:\/\/www.dt-smart.com\/wp-content\/uploads\/2023\/11\/12-600x871.png 600w, https:\/\/www.dt-smart.com\/wp-content\/uploads\/2023\/11\/12-207x300.png 207w, https:\/\/www.dt-smart.com\/wp-content\/uploads\/2023\/11\/12-705x1024.png 705w, https:\/\/www.dt-smart.com\/wp-content\/uploads\/2023\/11\/12-8x12.png 8w\" sizes=\"(max-width: 750px) 100vw, 750px\" \/> <img loading=\"lazy\" decoding=\"async\" class=\"aligncenter size-full wp-image-4245\" src=\"https:\/\/dt-smart.com\/wp-content\/uploads\/2023\/11\/13.png\" alt=\"\" width=\"750\" height=\"898\" srcset=\"https:\/\/www.dt-smart.com\/wp-content\/uploads\/2023\/11\/13.png 750w, https:\/\/www.dt-smart.com\/wp-content\/uploads\/2023\/11\/13-300x359.png 300w, https:\/\/www.dt-smart.com\/wp-content\/uploads\/2023\/11\/13-150x180.png 150w, https:\/\/www.dt-smart.com\/wp-content\/uploads\/2023\/11\/13-600x718.png 600w, https:\/\/www.dt-smart.com\/wp-content\/uploads\/2023\/11\/13-251x300.png 251w, https:\/\/www.dt-smart.com\/wp-content\/uploads\/2023\/11\/13-10x12.png 10w\" sizes=\"(max-width: 750px) 100vw, 750px\" \/> <img loading=\"lazy\" decoding=\"async\" class=\"aligncenter size-full wp-image-4246\" src=\"https:\/\/dt-smart.com\/wp-content\/uploads\/2023\/11\/14.png\" alt=\"\" width=\"750\" height=\"792\" srcset=\"https:\/\/www.dt-smart.com\/wp-content\/uploads\/2023\/11\/14.png 750w, https:\/\/www.dt-smart.com\/wp-content\/uploads\/2023\/11\/14-300x317.png 300w, https:\/\/www.dt-smart.com\/wp-content\/uploads\/2023\/11\/14-150x158.png 150w, https:\/\/www.dt-smart.com\/wp-content\/uploads\/2023\/11\/14-600x634.png 600w, https:\/\/www.dt-smart.com\/wp-content\/uploads\/2023\/11\/14-284x300.png 284w, https:\/\/www.dt-smart.com\/wp-content\/uploads\/2023\/11\/14-11x12.png 11w\" sizes=\"(max-width: 750px) 100vw, 750px\" \/> <img loading=\"lazy\" decoding=\"async\" class=\"aligncenter size-full wp-image-4247\" src=\"https:\/\/dt-smart.com\/wp-content\/uploads\/2023\/11\/15.png\" alt=\"\" width=\"750\" height=\"1113\" srcset=\"https:\/\/www.dt-smart.com\/wp-content\/uploads\/2023\/11\/15.png 750w, https:\/\/www.dt-smart.com\/wp-content\/uploads\/2023\/11\/15-300x445.png 300w, https:\/\/www.dt-smart.com\/wp-content\/uploads\/2023\/11\/15-150x223.png 150w, https:\/\/www.dt-smart.com\/wp-content\/uploads\/2023\/11\/15-600x890.png 600w, https:\/\/www.dt-smart.com\/wp-content\/uploads\/2023\/11\/15-202x300.png 202w, https:\/\/www.dt-smart.com\/wp-content\/uploads\/2023\/11\/15-690x1024.png 690w, https:\/\/www.dt-smart.com\/wp-content\/uploads\/2023\/11\/15-8x12.png 8w\" sizes=\"(max-width: 750px) 100vw, 750px\" \/><\/p>","protected":false},"excerpt":{"rendered":"<p><span style=\"font-family: arial, helvetica, sans-serif; font-size: 8pt;\">Beispiellose Pr\u00e4zision: Unsere hochmoderne Lasertechnologie garantiert h\u00f6chste Genauigkeit bei der Bildschirmdemontage und -markierung. Verabschieden Sie sich von Ungenauigkeiten und begr\u00fc\u00dfen Sie Perfektion.<\/span><br \/>\n<span style=\"font-family: arial, helvetica, sans-serif; font-size: 8pt;\">Effizienz neu definiert: Das vollautomatische System von TPK beschleunigt Ihre Produktionslinie und spart Ihnen Zeit und Geld. Erzielen Sie einen h\u00f6heren Durchsatz ohne Qualit\u00e4tseinbu\u00dfen.<\/span><br \/>\n<span style=\"font-family: arial, helvetica, sans-serif; font-size: 8pt;\">Maximale Vielseitigkeit: Unsere Maschine ist an verschiedene Bildschirmgr\u00f6\u00dfen und -typen anpassbar und eignet sich daher f\u00fcr ein breites Anwendungsspektrum, von Smartphones bis hin zu gr\u00f6\u00dferen Displays.<\/span><br \/>\n<span style=\"font-family: arial, helvetica, sans-serif; font-size: 8pt;\">Qualit\u00e4tssicherung: Die fortschrittliche Technologie von TPK garantiert bei jeder Markierung eine hochwertige Verarbeitung und steigert so den Wert und die Langlebigkeit Ihrer Produkte.<\/span><br \/>\n<span style=\"font-family: arial, helvetica, sans-serif; font-size: 8pt;\">Nachhaltigkeit ist wichtig: Die von uns eingesetzte Lasertechnologie ist umweltfreundlich und reduziert Abfall, was sie zu einer verantwortungsvollen Wahl f\u00fcr Ihr Unternehmen macht.<\/span><br \/>\n<span style=\"font-family: arial, helvetica, sans-serif; font-size: 8pt;\">Intuitive Bedienung: Unsere benutzerfreundliche Oberfl\u00e4che sorgt daf\u00fcr, dass sich Ihr Team schnell einarbeiten kann, wodurch Schulungszeiten und Bedienungsfehler minimiert werden.<\/span><br \/>\n<span style=\"font-family: arial, helvetica, sans-serif; font-size: 8pt;\">Bleiben Sie der Konkurrenz einen Schritt voraus: Setzen Sie auf Innovation und sichern Sie sich Ihren Erfolg im wettbewerbsintensiven Markt. Die vollautomatische Laser-Siebdemontage- und Markierungsmaschine von TPK ist Ihr Schl\u00fcssel zum Erfolg.<\/span><\/p>","protected":false},"featured_media":10404,"comment_status":"open","ping_status":"closed","template":"","meta":[],"product_brand":[],"product_cat":[1183],"product_tag":[],"class_list":{"0":"post-4033","1":"product","2":"type-product","3":"status-publish","4":"has-post-thumbnail","6":"product_cat-tbk-958a","8":"first","9":"instock","10":"taxable","11":"shipping-taxable","12":"purchasable","13":"product-type-simple"},"yoast_head":"<!-- This site is optimized with the Yoast SEO plugin v27.4 - https:\/\/yoast.com\/product\/yoast-seo-wordpress\/ -->\n<title>TBK 958A Automatic Dismantling Screen Machine - Professional Touch Screen Separator for Phone &amp; Tablet Repair - Smart Temperature Control &amp; Efficient - Industrial Grade - Fast Shipping - InsurePart<\/title>\n<meta name=\"description\" content=\"TBK 958A Automatic Dismantling Screen Machine - Professional Touch Screen Separator for Phone &amp; Tablet Repair - Smart Temperature Control &amp; Efficient - Industrial Grade - Fast Shipping\" \/>\n<meta name=\"robots\" content=\"index, follow, max-snippet:-1, max-image-preview:large, max-video-preview:-1\" \/>\n<link rel=\"canonical\" href=\"https:\/\/www.dt-smart.com\/de\/produkt\/tpk-958a-automatic-dismantling-screen-machine\/\" \/>\n<meta property=\"og:locale\" content=\"de_DE\" \/>\n<meta property=\"og:type\" content=\"article\" \/>\n<meta property=\"og:title\" content=\"TBK 958A Automatic Dismantling Screen Machine - Professional Touch Screen Separator for Phone &amp; Tablet Repair - Smart Temperature Control &amp; Efficient - Industrial Grade - Fast Shipping - InsurePart\" \/>\n<meta property=\"og:description\" content=\"TBK 958A Automatic Dismantling Screen Machine - Professional Touch Screen Separator for Phone &amp; Tablet Repair - Smart Temperature Control &amp; Efficient - Industrial Grade - Fast Shipping\" \/>\n<meta property=\"og:url\" content=\"https:\/\/www.dt-smart.com\/de\/produkt\/tpk-958a-automatic-dismantling-screen-machine\/\" \/>\n<meta property=\"og:site_name\" content=\"InsurePart\" \/>\n<meta property=\"article:publisher\" content=\"https:\/\/www.facebook.com\/anjinleeEva\" \/>\n<meta property=\"article:modified_time\" content=\"2025-12-29T08:36:00+00:00\" \/>\n<meta property=\"og:image\" content=\"https:\/\/www.dt-smart.com\/wp-content\/uploads\/2023\/12\/2-50.jpg\" \/>\n\t<meta property=\"og:image:width\" content=\"800\" \/>\n\t<meta property=\"og:image:height\" content=\"800\" \/>\n\t<meta property=\"og:image:type\" content=\"image\/jpeg\" \/>\n<meta name=\"twitter:card\" content=\"summary_large_image\" \/>\n<meta name=\"twitter:label1\" content=\"Gesch\u00e4tzte Lesezeit\" \/>\n\t<meta name=\"twitter:data1\" content=\"3\u00a0Minuten\" \/>\n<script type=\"application\/ld+json\" class=\"yoast-schema-graph\">{\"@context\":\"https:\\\/\\\/schema.org\",\"@graph\":[{\"@type\":\"WebPage\",\"@id\":\"https:\\\/\\\/www.dt-smart.com\\\/de\\\/produkt\\\/tpk-958a-automatic-dismantling-screen-machine\\\/\",\"url\":\"https:\\\/\\\/www.dt-smart.com\\\/de\\\/produkt\\\/tpk-958a-automatic-dismantling-screen-machine\\\/\",\"name\":\"TBK 958A Automatic Dismantling Screen Machine - Professional Touch Screen Separator for Phone & Tablet Repair - Smart Temperature Control & Efficient - Industrial Grade - Fast Shipping - InsurePart\",\"isPartOf\":{\"@id\":\"https:\\\/\\\/www.dt-smart.com\\\/#website\"},\"primaryImageOfPage\":{\"@id\":\"https:\\\/\\\/www.dt-smart.com\\\/de\\\/produkt\\\/tpk-958a-automatic-dismantling-screen-machine\\\/#primaryimage\"},\"image\":{\"@id\":\"https:\\\/\\\/www.dt-smart.com\\\/de\\\/produkt\\\/tpk-958a-automatic-dismantling-screen-machine\\\/#primaryimage\"},\"thumbnailUrl\":\"https:\\\/\\\/www.dt-smart.com\\\/wp-content\\\/uploads\\\/2023\\\/12\\\/2-50.jpg\",\"datePublished\":\"2023-11-03T04:10:01+00:00\",\"dateModified\":\"2025-12-29T08:36:00+00:00\",\"description\":\"TBK 958A Automatic Dismantling Screen Machine - Professional Touch Screen Separator for Phone & Tablet Repair - Smart Temperature Control & Efficient - Industrial Grade - Fast Shipping\",\"breadcrumb\":{\"@id\":\"https:\\\/\\\/www.dt-smart.com\\\/de\\\/produkt\\\/tpk-958a-automatic-dismantling-screen-machine\\\/#breadcrumb\"},\"inLanguage\":\"de\",\"potentialAction\":[{\"@type\":\"ReadAction\",\"target\":[\"https:\\\/\\\/www.dt-smart.com\\\/de\\\/produkt\\\/tpk-958a-automatic-dismantling-screen-machine\\\/\"]}]},{\"@type\":\"ImageObject\",\"inLanguage\":\"de\",\"@id\":\"https:\\\/\\\/www.dt-smart.com\\\/de\\\/produkt\\\/tpk-958a-automatic-dismantling-screen-machine\\\/#primaryimage\",\"url\":\"https:\\\/\\\/www.dt-smart.com\\\/wp-content\\\/uploads\\\/2023\\\/12\\\/2-50.jpg\",\"contentUrl\":\"https:\\\/\\\/www.dt-smart.com\\\/wp-content\\\/uploads\\\/2023\\\/12\\\/2-50.jpg\",\"width\":800,\"height\":800},{\"@type\":\"BreadcrumbList\",\"@id\":\"https:\\\/\\\/www.dt-smart.com\\\/de\\\/produkt\\\/tpk-958a-automatic-dismantling-screen-machine\\\/#breadcrumb\",\"itemListElement\":[{\"@type\":\"ListItem\",\"position\":1,\"name\":\"Home\",\"item\":\"https:\\\/\\\/www.dt-smart.com\\\/\"},{\"@type\":\"ListItem\",\"position\":2,\"name\":\"Product\",\"item\":\"https:\\\/\\\/www.dt-smart.com\\\/ru\\\/product\\\/\"},{\"@type\":\"ListItem\",\"position\":3,\"name\":\"TBK 958A Automatic Dismantling Screen Machine &#8211; Professional Touch Screen Separator for Phone &#038; Tablet Repair &#8211; Smart Temperature Control &#038; Efficient &#8211; Industrial Grade &#8211; Fast Shipping\"}]},{\"@type\":\"WebSite\",\"@id\":\"https:\\\/\\\/www.dt-smart.com\\\/#website\",\"url\":\"https:\\\/\\\/www.dt-smart.com\\\/\",\"name\":\"InsurePart\",\"description\":\"Cell Phone Repair Parts; iPhone Parts Wholesale;Samsung Parts Supplier\",\"potentialAction\":[{\"@type\":\"SearchAction\",\"target\":{\"@type\":\"EntryPoint\",\"urlTemplate\":\"https:\\\/\\\/www.dt-smart.com\\\/?s={search_term_string}\"},\"query-input\":{\"@type\":\"PropertyValueSpecification\",\"valueRequired\":true,\"valueName\":\"search_term_string\"}}],\"inLanguage\":\"de\"}]}<\/script>\n<!-- \/ Yoast SEO plugin. -->","yoast_head_json":{"title":"TBK 958A Automatic Dismantling Screen Machine - Professional Touch Screen Separator for Phone & Tablet Repair - Smart Temperature Control & Efficient - Industrial Grade - Fast Shipping - InsurePart","description":"Automatische Bildschirmdemontagemaschine TBK 958A \u2013 Professioneller Touchscreen-Separator f\u00fcr die Reparatur von Smartphones und Tablets \u2013 Intelligente Temperaturregelung &amp; effizient \u2013 Industriequalit\u00e4t \u2013 Schneller Versand","robots":{"index":"index","follow":"follow","max-snippet":"max-snippet:-1","max-image-preview":"max-image-preview:large","max-video-preview":"max-video-preview:-1"},"canonical":"https:\/\/www.dt-smart.com\/de\/produkt\/tpk-958a-automatic-dismantling-screen-machine\/","og_locale":"de_DE","og_type":"article","og_title":"TBK 958A Automatic Dismantling Screen Machine - Professional Touch Screen Separator for Phone & Tablet Repair - Smart Temperature Control & Efficient - Industrial Grade - Fast Shipping - InsurePart","og_description":"TBK 958A Automatic Dismantling Screen Machine - Professional Touch Screen Separator for Phone & Tablet Repair - Smart Temperature Control & Efficient - Industrial Grade - Fast Shipping","og_url":"https:\/\/www.dt-smart.com\/de\/produkt\/tpk-958a-automatic-dismantling-screen-machine\/","og_site_name":"InsurePart","article_publisher":"https:\/\/www.facebook.com\/anjinleeEva","article_modified_time":"2025-12-29T08:36:00+00:00","og_image":[{"width":800,"height":800,"url":"https:\/\/www.dt-smart.com\/wp-content\/uploads\/2023\/12\/2-50.jpg","type":"image\/jpeg"}],"twitter_card":"summary_large_image","twitter_misc":{"Gesch\u00e4tzte Lesezeit":"3\u00a0Minuten"},"schema":{"@context":"https:\/\/schema.org","@graph":[{"@type":"WebPage","@id":"https:\/\/www.dt-smart.com\/de\/produkt\/tpk-958a-automatic-dismantling-screen-machine\/","url":"https:\/\/www.dt-smart.com\/de\/produkt\/tpk-958a-automatic-dismantling-screen-machine\/","name":"TBK 958A Automatic Dismantling Screen Machine - Professional Touch Screen Separator for Phone & Tablet Repair - Smart Temperature Control & Efficient - Industrial Grade - Fast Shipping - InsurePart","isPartOf":{"@id":"https:\/\/www.dt-smart.com\/#website"},"primaryImageOfPage":{"@id":"https:\/\/www.dt-smart.com\/de\/produkt\/tpk-958a-automatic-dismantling-screen-machine\/#primaryimage"},"image":{"@id":"https:\/\/www.dt-smart.com\/de\/produkt\/tpk-958a-automatic-dismantling-screen-machine\/#primaryimage"},"thumbnailUrl":"https:\/\/www.dt-smart.com\/wp-content\/uploads\/2023\/12\/2-50.jpg","datePublished":"2023-11-03T04:10:01+00:00","dateModified":"2025-12-29T08:36:00+00:00","description":"Automatische Bildschirmdemontagemaschine TBK 958A \u2013 Professioneller Touchscreen-Separator f\u00fcr die Reparatur von Smartphones und Tablets \u2013 Intelligente Temperaturregelung &amp; effizient \u2013 Industriequalit\u00e4t \u2013 Schneller Versand","breadcrumb":{"@id":"https:\/\/www.dt-smart.com\/de\/produkt\/tpk-958a-automatic-dismantling-screen-machine\/#breadcrumb"},"inLanguage":"de","potentialAction":[{"@type":"ReadAction","target":["https:\/\/www.dt-smart.com\/de\/produkt\/tpk-958a-automatic-dismantling-screen-machine\/"]}]},{"@type":"ImageObject","inLanguage":"de","@id":"https:\/\/www.dt-smart.com\/de\/produkt\/tpk-958a-automatic-dismantling-screen-machine\/#primaryimage","url":"https:\/\/www.dt-smart.com\/wp-content\/uploads\/2023\/12\/2-50.jpg","contentUrl":"https:\/\/www.dt-smart.com\/wp-content\/uploads\/2023\/12\/2-50.jpg","width":800,"height":800},{"@type":"BreadcrumbList","@id":"https:\/\/www.dt-smart.com\/de\/produkt\/tpk-958a-automatic-dismantling-screen-machine\/#breadcrumb","itemListElement":[{"@type":"ListItem","position":1,"name":"Home","item":"https:\/\/www.dt-smart.com\/"},{"@type":"ListItem","position":2,"name":"Product","item":"https:\/\/www.dt-smart.com\/ru\/product\/"},{"@type":"ListItem","position":3,"name":"TBK 958A Automatic Dismantling Screen Machine &#8211; Professional Touch Screen Separator for Phone &#038; Tablet Repair &#8211; Smart Temperature Control &#038; Efficient &#8211; Industrial Grade &#8211; Fast Shipping"}]},{"@type":"WebSite","@id":"https:\/\/www.dt-smart.com\/#website","url":"https:\/\/www.dt-smart.com\/","name":"InsurePart","description":"Handy-Ersatzteile; iPhone-Ersatzteile im Gro\u00dfhandel; Samsung-Ersatzteillieferant","potentialAction":[{"@type":"SearchAction","target":{"@type":"EntryPoint","urlTemplate":"https:\/\/www.dt-smart.com\/?s={search_term_string}"},"query-input":{"@type":"PropertyValueSpecification","valueRequired":true,"valueName":"search_term_string"}}],"inLanguage":"de"}]}},"_links":{"self":[{"href":"https:\/\/www.dt-smart.com\/de\/wp-json\/wp\/v2\/product\/4033","targetHints":{"allow":["GET"]}}],"collection":[{"href":"https:\/\/www.dt-smart.com\/de\/wp-json\/wp\/v2\/product"}],"about":[{"href":"https:\/\/www.dt-smart.com\/de\/wp-json\/wp\/v2\/types\/product"}],"replies":[{"embeddable":true,"href":"https:\/\/www.dt-smart.com\/de\/wp-json\/wp\/v2\/comments?post=4033"}],"version-history":[{"count":3,"href":"https:\/\/www.dt-smart.com\/de\/wp-json\/wp\/v2\/product\/4033\/revisions"}],"predecessor-version":[{"id":23902,"href":"https:\/\/www.dt-smart.com\/de\/wp-json\/wp\/v2\/product\/4033\/revisions\/23902"}],"wp:featuredmedia":[{"embeddable":true,"href":"https:\/\/www.dt-smart.com\/de\/wp-json\/wp\/v2\/media\/10404"}],"wp:attachment":[{"href":"https:\/\/www.dt-smart.com\/de\/wp-json\/wp\/v2\/media?parent=4033"}],"wp:term":[{"taxonomy":"product_brand","embeddable":true,"href":"https:\/\/www.dt-smart.com\/de\/wp-json\/wp\/v2\/product_brand?post=4033"},{"taxonomy":"product_cat","embeddable":true,"href":"https:\/\/www.dt-smart.com\/de\/wp-json\/wp\/v2\/product_cat?post=4033"},{"taxonomy":"product_tag","embeddable":true,"href":"https:\/\/www.dt-smart.com\/de\/wp-json\/wp\/v2\/product_tag?post=4033"}],"curies":[{"name":"wp","href":"https:\/\/api.w.org\/{rel}","templated":true}]}}