{"id":4038,"date":"2023-11-03T12:18:47","date_gmt":"2023-11-03T04:18:47","guid":{"rendered":"https:\/\/dt-smart.com\/?post_type=product&#038;p=4038"},"modified":"2025-12-29T16:31:12","modified_gmt":"2025-12-29T08:31:12","slug":"tpk-958f-automatic-dismantling-screen-machine","status":"publish","type":"product","link":"https:\/\/www.dt-smart.com\/de\/produkt\/tpk-958f-automatic-dismantling-screen-machine\/","title":{"rendered":"Automatische Bildschirmdemontagemaschine TBK 958F \u2013 Professioneller Touchscreen-Separator f\u00fcr die Reparatur von Smartphones und Tablets \u2013 Hochgeschwindigkeitsheizung &amp; intelligentes System \u2013 Industriequalit\u00e4t \u2013 Schneller Versand"},"content":{"rendered":"<p><img fetchpriority=\"high\" decoding=\"async\" class=\"aligncenter wp-image-3965\" src=\"https:\/\/dt-smart.com\/wp-content\/uploads\/2023\/11\/2-58.png\" alt=\"\" width=\"750\" height=\"750\" \/> <img decoding=\"async\" class=\"aligncenter wp-image-3966\" src=\"https:\/\/dt-smart.com\/wp-content\/uploads\/2023\/11\/3-4.png\" alt=\"\" width=\"750\" height=\"750\" \/> <img decoding=\"async\" class=\"aligncenter wp-image-3967\" src=\"https:\/\/dt-smart.com\/wp-content\/uploads\/2023\/11\/4-4.png\" alt=\"\" width=\"750\" height=\"750\" \/> <img loading=\"lazy\" decoding=\"async\" class=\"aligncenter wp-image-4296\" src=\"https:\/\/dt-smart.com\/wp-content\/uploads\/2023\/11\/1-81.png\" alt=\"\" width=\"750\" height=\"750\" srcset=\"https:\/\/www.dt-smart.com\/wp-content\/uploads\/2023\/11\/1-81.png 800w, https:\/\/www.dt-smart.com\/wp-content\/uploads\/2023\/11\/1-81-300x300.png 300w, https:\/\/www.dt-smart.com\/wp-content\/uploads\/2023\/11\/1-81-150x150.png 150w, https:\/\/www.dt-smart.com\/wp-content\/uploads\/2023\/11\/1-81-600x600.png 600w, https:\/\/www.dt-smart.com\/wp-content\/uploads\/2023\/11\/1-81-768x768.png 768w, https:\/\/www.dt-smart.com\/wp-content\/uploads\/2023\/11\/1-81-12x12.png 12w\" sizes=\"(max-width: 750px) 100vw, 750px\" \/> <img loading=\"lazy\" decoding=\"async\" class=\"aligncenter size-full wp-image-4297\" src=\"https:\/\/dt-smart.com\/wp-content\/uploads\/2023\/11\/2-68.png\" alt=\"\" width=\"750\" height=\"1187\" srcset=\"https:\/\/www.dt-smart.com\/wp-content\/uploads\/2023\/11\/2-68.png 750w, https:\/\/www.dt-smart.com\/wp-content\/uploads\/2023\/11\/2-68-300x475.png 300w, https:\/\/www.dt-smart.com\/wp-content\/uploads\/2023\/11\/2-68-150x237.png 150w, https:\/\/www.dt-smart.com\/wp-content\/uploads\/2023\/11\/2-68-600x950.png 600w, https:\/\/www.dt-smart.com\/wp-content\/uploads\/2023\/11\/2-68-190x300.png 190w, https:\/\/www.dt-smart.com\/wp-content\/uploads\/2023\/11\/2-68-647x1024.png 647w, https:\/\/www.dt-smart.com\/wp-content\/uploads\/2023\/11\/2-68-8x12.png 8w\" sizes=\"(max-width: 750px) 100vw, 750px\" \/> <img loading=\"lazy\" decoding=\"async\" class=\"aligncenter size-full wp-image-4298\" src=\"https:\/\/dt-smart.com\/wp-content\/uploads\/2023\/11\/3-13.png\" alt=\"\" width=\"750\" height=\"1329\" srcset=\"https:\/\/www.dt-smart.com\/wp-content\/uploads\/2023\/11\/3-13.png 750w, https:\/\/www.dt-smart.com\/wp-content\/uploads\/2023\/11\/3-13-300x532.png 300w, https:\/\/www.dt-smart.com\/wp-content\/uploads\/2023\/11\/3-13-150x266.png 150w, https:\/\/www.dt-smart.com\/wp-content\/uploads\/2023\/11\/3-13-600x1063.png 600w, https:\/\/www.dt-smart.com\/wp-content\/uploads\/2023\/11\/3-13-169x300.png 169w, https:\/\/www.dt-smart.com\/wp-content\/uploads\/2023\/11\/3-13-578x1024.png 578w, https:\/\/www.dt-smart.com\/wp-content\/uploads\/2023\/11\/3-13-7x12.png 7w\" sizes=\"(max-width: 750px) 100vw, 750px\" \/> <img loading=\"lazy\" decoding=\"async\" class=\"aligncenter size-full wp-image-4299\" src=\"https:\/\/dt-smart.com\/wp-content\/uploads\/2023\/11\/4-13.png\" alt=\"\" width=\"750\" height=\"1140\" srcset=\"https:\/\/www.dt-smart.com\/wp-content\/uploads\/2023\/11\/4-13.png 750w, https:\/\/www.dt-smart.com\/wp-content\/uploads\/2023\/11\/4-13-300x456.png 300w, https:\/\/www.dt-smart.com\/wp-content\/uploads\/2023\/11\/4-13-150x228.png 150w, https:\/\/www.dt-smart.com\/wp-content\/uploads\/2023\/11\/4-13-600x912.png 600w, https:\/\/www.dt-smart.com\/wp-content\/uploads\/2023\/11\/4-13-197x300.png 197w, https:\/\/www.dt-smart.com\/wp-content\/uploads\/2023\/11\/4-13-674x1024.png 674w, https:\/\/www.dt-smart.com\/wp-content\/uploads\/2023\/11\/4-13-8x12.png 8w\" sizes=\"(max-width: 750px) 100vw, 750px\" \/> <img loading=\"lazy\" decoding=\"async\" class=\"aligncenter size-full wp-image-4300\" src=\"https:\/\/dt-smart.com\/wp-content\/uploads\/2023\/11\/5-11.png\" alt=\"\" width=\"750\" height=\"983\" srcset=\"https:\/\/www.dt-smart.com\/wp-content\/uploads\/2023\/11\/5-11.png 750w, https:\/\/www.dt-smart.com\/wp-content\/uploads\/2023\/11\/5-11-300x393.png 300w, https:\/\/www.dt-smart.com\/wp-content\/uploads\/2023\/11\/5-11-150x197.png 150w, https:\/\/www.dt-smart.com\/wp-content\/uploads\/2023\/11\/5-11-600x786.png 600w, https:\/\/www.dt-smart.com\/wp-content\/uploads\/2023\/11\/5-11-229x300.png 229w, https:\/\/www.dt-smart.com\/wp-content\/uploads\/2023\/11\/5-11-9x12.png 9w\" sizes=\"(max-width: 750px) 100vw, 750px\" \/> <img loading=\"lazy\" decoding=\"async\" class=\"aligncenter size-full wp-image-4301\" src=\"https:\/\/dt-smart.com\/wp-content\/uploads\/2023\/11\/6-5.png\" alt=\"\" width=\"750\" height=\"1047\" srcset=\"https:\/\/www.dt-smart.com\/wp-content\/uploads\/2023\/11\/6-5.png 750w, https:\/\/www.dt-smart.com\/wp-content\/uploads\/2023\/11\/6-5-300x419.png 300w, https:\/\/www.dt-smart.com\/wp-content\/uploads\/2023\/11\/6-5-150x209.png 150w, https:\/\/www.dt-smart.com\/wp-content\/uploads\/2023\/11\/6-5-600x838.png 600w, https:\/\/www.dt-smart.com\/wp-content\/uploads\/2023\/11\/6-5-215x300.png 215w, https:\/\/www.dt-smart.com\/wp-content\/uploads\/2023\/11\/6-5-734x1024.png 734w, https:\/\/www.dt-smart.com\/wp-content\/uploads\/2023\/11\/6-5-9x12.png 9w\" sizes=\"(max-width: 750px) 100vw, 750px\" \/> <img loading=\"lazy\" decoding=\"async\" class=\"aligncenter size-full wp-image-4302\" src=\"https:\/\/dt-smart.com\/wp-content\/uploads\/2023\/11\/9-3.png\" alt=\"\" width=\"750\" height=\"1207\" srcset=\"https:\/\/www.dt-smart.com\/wp-content\/uploads\/2023\/11\/9-3.png 750w, https:\/\/www.dt-smart.com\/wp-content\/uploads\/2023\/11\/9-3-300x483.png 300w, https:\/\/www.dt-smart.com\/wp-content\/uploads\/2023\/11\/9-3-150x241.png 150w, https:\/\/www.dt-smart.com\/wp-content\/uploads\/2023\/11\/9-3-600x966.png 600w, https:\/\/www.dt-smart.com\/wp-content\/uploads\/2023\/11\/9-3-186x300.png 186w, https:\/\/www.dt-smart.com\/wp-content\/uploads\/2023\/11\/9-3-636x1024.png 636w, https:\/\/www.dt-smart.com\/wp-content\/uploads\/2023\/11\/9-3-7x12.png 7w\" sizes=\"(max-width: 750px) 100vw, 750px\" \/> <img loading=\"lazy\" decoding=\"async\" class=\"aligncenter size-full wp-image-4303\" src=\"https:\/\/dt-smart.com\/wp-content\/uploads\/2023\/11\/10-1.png\" alt=\"\" width=\"750\" height=\"2041\" srcset=\"https:\/\/www.dt-smart.com\/wp-content\/uploads\/2023\/11\/10-1.png 750w, https:\/\/www.dt-smart.com\/wp-content\/uploads\/2023\/11\/10-1-300x816.png 300w, https:\/\/www.dt-smart.com\/wp-content\/uploads\/2023\/11\/10-1-150x408.png 150w, https:\/\/www.dt-smart.com\/wp-content\/uploads\/2023\/11\/10-1-600x1633.png 600w, https:\/\/www.dt-smart.com\/wp-content\/uploads\/2023\/11\/10-1-110x300.png 110w, https:\/\/www.dt-smart.com\/wp-content\/uploads\/2023\/11\/10-1-376x1024.png 376w, https:\/\/www.dt-smart.com\/wp-content\/uploads\/2023\/11\/10-1-564x1536.png 564w, https:\/\/www.dt-smart.com\/wp-content\/uploads\/2023\/11\/10-1-4x12.png 4w\" sizes=\"(max-width: 750px) 100vw, 750px\" \/> <img loading=\"lazy\" decoding=\"async\" class=\"aligncenter size-full wp-image-4304\" src=\"https:\/\/dt-smart.com\/wp-content\/uploads\/2023\/11\/11-2.png\" alt=\"\" width=\"750\" height=\"1146\" srcset=\"https:\/\/www.dt-smart.com\/wp-content\/uploads\/2023\/11\/11-2.png 750w, https:\/\/www.dt-smart.com\/wp-content\/uploads\/2023\/11\/11-2-300x458.png 300w, https:\/\/www.dt-smart.com\/wp-content\/uploads\/2023\/11\/11-2-150x229.png 150w, https:\/\/www.dt-smart.com\/wp-content\/uploads\/2023\/11\/11-2-600x917.png 600w, https:\/\/www.dt-smart.com\/wp-content\/uploads\/2023\/11\/11-2-196x300.png 196w, https:\/\/www.dt-smart.com\/wp-content\/uploads\/2023\/11\/11-2-670x1024.png 670w, https:\/\/www.dt-smart.com\/wp-content\/uploads\/2023\/11\/11-2-8x12.png 8w\" sizes=\"(max-width: 750px) 100vw, 750px\" \/> <img loading=\"lazy\" decoding=\"async\" class=\"aligncenter size-full wp-image-4305\" src=\"https:\/\/dt-smart.com\/wp-content\/uploads\/2023\/11\/12-3.png\" alt=\"\" width=\"750\" height=\"945\" srcset=\"https:\/\/www.dt-smart.com\/wp-content\/uploads\/2023\/11\/12-3.png 750w, https:\/\/www.dt-smart.com\/wp-content\/uploads\/2023\/11\/12-3-300x378.png 300w, https:\/\/www.dt-smart.com\/wp-content\/uploads\/2023\/11\/12-3-150x189.png 150w, https:\/\/www.dt-smart.com\/wp-content\/uploads\/2023\/11\/12-3-600x756.png 600w, https:\/\/www.dt-smart.com\/wp-content\/uploads\/2023\/11\/12-3-238x300.png 238w, https:\/\/www.dt-smart.com\/wp-content\/uploads\/2023\/11\/12-3-10x12.png 10w\" sizes=\"(max-width: 750px) 100vw, 750px\" \/> <img loading=\"lazy\" decoding=\"async\" class=\"aligncenter size-full wp-image-4306\" src=\"https:\/\/dt-smart.com\/wp-content\/uploads\/2023\/11\/13-2.png\" alt=\"\" width=\"750\" height=\"974\" srcset=\"https:\/\/www.dt-smart.com\/wp-content\/uploads\/2023\/11\/13-2.png 750w, https:\/\/www.dt-smart.com\/wp-content\/uploads\/2023\/11\/13-2-300x390.png 300w, https:\/\/www.dt-smart.com\/wp-content\/uploads\/2023\/11\/13-2-150x195.png 150w, https:\/\/www.dt-smart.com\/wp-content\/uploads\/2023\/11\/13-2-600x779.png 600w, https:\/\/www.dt-smart.com\/wp-content\/uploads\/2023\/11\/13-2-231x300.png 231w, https:\/\/www.dt-smart.com\/wp-content\/uploads\/2023\/11\/13-2-9x12.png 9w\" sizes=\"(max-width: 750px) 100vw, 750px\" \/> <img loading=\"lazy\" decoding=\"async\" class=\"aligncenter size-full wp-image-4307\" src=\"https:\/\/dt-smart.com\/wp-content\/uploads\/2023\/11\/14-2.png\" alt=\"\" width=\"750\" height=\"627\" srcset=\"https:\/\/www.dt-smart.com\/wp-content\/uploads\/2023\/11\/14-2.png 750w, https:\/\/www.dt-smart.com\/wp-content\/uploads\/2023\/11\/14-2-300x251.png 300w, https:\/\/www.dt-smart.com\/wp-content\/uploads\/2023\/11\/14-2-150x125.png 150w, https:\/\/www.dt-smart.com\/wp-content\/uploads\/2023\/11\/14-2-600x502.png 600w, https:\/\/www.dt-smart.com\/wp-content\/uploads\/2023\/11\/14-2-14x12.png 14w\" sizes=\"(max-width: 750px) 100vw, 750px\" \/> <img loading=\"lazy\" decoding=\"async\" class=\"aligncenter size-full wp-image-4308\" src=\"https:\/\/dt-smart.com\/wp-content\/uploads\/2023\/11\/15-2.png\" alt=\"\" width=\"750\" height=\"921\" srcset=\"https:\/\/www.dt-smart.com\/wp-content\/uploads\/2023\/11\/15-2.png 750w, https:\/\/www.dt-smart.com\/wp-content\/uploads\/2023\/11\/15-2-300x368.png 300w, https:\/\/www.dt-smart.com\/wp-content\/uploads\/2023\/11\/15-2-150x184.png 150w, https:\/\/www.dt-smart.com\/wp-content\/uploads\/2023\/11\/15-2-600x737.png 600w, https:\/\/www.dt-smart.com\/wp-content\/uploads\/2023\/11\/15-2-244x300.png 244w, https:\/\/www.dt-smart.com\/wp-content\/uploads\/2023\/11\/15-2-10x12.png 10w\" sizes=\"(max-width: 750px) 100vw, 750px\" \/><\/p>","protected":false},"excerpt":{"rendered":"<p><span style=\"font-family: arial, helvetica, sans-serif; font-size: 8pt;\">Beispiellose Pr\u00e4zision: Unsere hochmoderne Lasertechnologie garantiert h\u00f6chste Genauigkeit bei der Bildschirmdemontage und -markierung. Verabschieden Sie sich von Ungenauigkeiten und begr\u00fc\u00dfen Sie Perfektion.<\/span><br \/>\n<span style=\"font-family: arial, helvetica, sans-serif; font-size: 8pt;\">Effizienz neu definiert: Das vollautomatische System von TPK beschleunigt Ihre Produktionslinie und spart Ihnen Zeit und Geld. Erzielen Sie einen h\u00f6heren Durchsatz ohne Qualit\u00e4tseinbu\u00dfen.<\/span><br \/>\n<span style=\"font-family: arial, helvetica, sans-serif; font-size: 8pt;\">Maximale Vielseitigkeit: Unsere Maschine ist an verschiedene Bildschirmgr\u00f6\u00dfen und -typen anpassbar und eignet sich daher f\u00fcr ein breites Anwendungsspektrum, von Smartphones bis hin zu gr\u00f6\u00dferen Displays.<\/span><br \/>\n<span style=\"font-family: arial, helvetica, sans-serif; font-size: 8pt;\">Qualit\u00e4tssicherung: Die fortschrittliche Technologie von TPK garantiert bei jeder Markierung eine hochwertige Verarbeitung und steigert so den Wert und die Langlebigkeit Ihrer Produkte.<\/span><br \/>\n<span style=\"font-family: arial, helvetica, sans-serif; font-size: 8pt;\">Nachhaltigkeit ist wichtig: Die von uns eingesetzte Lasertechnologie ist umweltfreundlich und reduziert Abfall, was sie zu einer verantwortungsvollen Wahl f\u00fcr Ihr Unternehmen macht.<\/span><br \/>\n<span style=\"font-family: arial, helvetica, sans-serif; font-size: 8pt;\">Intuitive Bedienung: Unsere benutzerfreundliche Oberfl\u00e4che sorgt daf\u00fcr, dass sich Ihr Team schnell einarbeiten kann, wodurch Schulungszeiten und Bedienungsfehler minimiert werden.<\/span><br \/>\n<span style=\"font-family: arial, helvetica, sans-serif; font-size: 8pt;\">Bleiben Sie der Konkurrenz einen Schritt voraus: Setzen Sie auf Innovation und sichern Sie sich Ihren Erfolg im wettbewerbsintensiven Markt. Die vollautomatische Laser-Siebdemontage- und Markierungsmaschine von TPK ist Ihr Schl\u00fcssel zum Erfolg.<\/span><\/p>","protected":false},"featured_media":10422,"comment_status":"open","ping_status":"closed","template":"","meta":[],"product_brand":[],"product_cat":[1179],"product_tag":[],"class_list":{"0":"post-4038","1":"product","2":"type-product","3":"status-publish","4":"has-post-thumbnail","6":"product_cat-tbk-958f","8":"first","9":"instock","10":"taxable","11":"shipping-taxable","12":"purchasable","13":"product-type-simple"},"yoast_head":"<!-- This site is optimized with the Yoast SEO plugin v27.4 - https:\/\/yoast.com\/product\/yoast-seo-wordpress\/ -->\n<title>TBK 958F Automatic Dismantling Screen Machine - Professional Touch Screen Separator for Phone &amp; Tablet Repair - High-Speed Heating &amp; Smart System - Industrial Grade - Fast Shipping - InsurePart<\/title>\n<meta name=\"description\" content=\"TBK 958F Automatic Dismantling Screen Machine - Professional Touch Screen Separator for Phone &amp; Tablet Repair - High-Speed Heating &amp; Smart System - Industrial Grade - Fast Shipping\" \/>\n<meta name=\"robots\" content=\"index, follow, max-snippet:-1, max-image-preview:large, max-video-preview:-1\" \/>\n<link rel=\"canonical\" href=\"https:\/\/www.dt-smart.com\/de\/produkt\/tpk-958f-automatic-dismantling-screen-machine\/\" \/>\n<meta property=\"og:locale\" content=\"de_DE\" \/>\n<meta property=\"og:type\" content=\"article\" \/>\n<meta property=\"og:title\" content=\"TBK 958F Automatic Dismantling Screen Machine - Professional Touch Screen Separator for Phone &amp; Tablet Repair - High-Speed Heating &amp; Smart System - Industrial Grade - Fast Shipping - InsurePart\" \/>\n<meta property=\"og:description\" content=\"TBK 958F Automatic Dismantling Screen Machine - Professional Touch Screen Separator for Phone &amp; Tablet Repair - High-Speed Heating &amp; Smart System - Industrial Grade - Fast Shipping\" \/>\n<meta property=\"og:url\" content=\"https:\/\/www.dt-smart.com\/de\/produkt\/tpk-958f-automatic-dismantling-screen-machine\/\" \/>\n<meta property=\"og:site_name\" content=\"InsurePart\" \/>\n<meta property=\"article:publisher\" content=\"https:\/\/www.facebook.com\/anjinleeEva\" \/>\n<meta property=\"article:modified_time\" content=\"2025-12-29T08:31:12+00:00\" \/>\n<meta property=\"og:image\" content=\"https:\/\/www.dt-smart.com\/wp-content\/uploads\/2023\/12\/1-61.jpg\" \/>\n\t<meta property=\"og:image:width\" content=\"1000\" \/>\n\t<meta property=\"og:image:height\" content=\"1000\" \/>\n\t<meta property=\"og:image:type\" content=\"image\/jpeg\" \/>\n<meta name=\"twitter:card\" content=\"summary_large_image\" \/>\n<meta name=\"twitter:label1\" content=\"Gesch\u00e4tzte Lesezeit\" \/>\n\t<meta name=\"twitter:data1\" content=\"4\u00a0Minuten\" \/>\n<script type=\"application\/ld+json\" class=\"yoast-schema-graph\">{\"@context\":\"https:\\\/\\\/schema.org\",\"@graph\":[{\"@type\":\"WebPage\",\"@id\":\"https:\\\/\\\/www.dt-smart.com\\\/product\\\/tpk-958f-automatic-dismantling-screen-machine\\\/\",\"url\":\"https:\\\/\\\/www.dt-smart.com\\\/product\\\/tpk-958f-automatic-dismantling-screen-machine\\\/\",\"name\":\"TBK 958F Automatic Dismantling Screen Machine - Professional Touch Screen Separator for Phone & Tablet Repair - High-Speed Heating & Smart System - Industrial Grade - Fast Shipping - InsurePart\",\"isPartOf\":{\"@id\":\"https:\\\/\\\/www.dt-smart.com\\\/#website\"},\"primaryImageOfPage\":{\"@id\":\"https:\\\/\\\/www.dt-smart.com\\\/product\\\/tpk-958f-automatic-dismantling-screen-machine\\\/#primaryimage\"},\"image\":{\"@id\":\"https:\\\/\\\/www.dt-smart.com\\\/product\\\/tpk-958f-automatic-dismantling-screen-machine\\\/#primaryimage\"},\"thumbnailUrl\":\"https:\\\/\\\/www.dt-smart.com\\\/wp-content\\\/uploads\\\/2023\\\/12\\\/1-61.jpg\",\"datePublished\":\"2023-11-03T04:18:47+00:00\",\"dateModified\":\"2025-12-29T08:31:12+00:00\",\"description\":\"TBK 958F Automatic Dismantling Screen Machine - Professional Touch Screen Separator for Phone & Tablet Repair - High-Speed Heating & Smart System - Industrial Grade - Fast Shipping\",\"breadcrumb\":{\"@id\":\"https:\\\/\\\/www.dt-smart.com\\\/product\\\/tpk-958f-automatic-dismantling-screen-machine\\\/#breadcrumb\"},\"inLanguage\":\"de\",\"potentialAction\":[{\"@type\":\"ReadAction\",\"target\":[\"https:\\\/\\\/www.dt-smart.com\\\/product\\\/tpk-958f-automatic-dismantling-screen-machine\\\/\"]}]},{\"@type\":\"ImageObject\",\"inLanguage\":\"de\",\"@id\":\"https:\\\/\\\/www.dt-smart.com\\\/product\\\/tpk-958f-automatic-dismantling-screen-machine\\\/#primaryimage\",\"url\":\"https:\\\/\\\/www.dt-smart.com\\\/wp-content\\\/uploads\\\/2023\\\/12\\\/1-61.jpg\",\"contentUrl\":\"https:\\\/\\\/www.dt-smart.com\\\/wp-content\\\/uploads\\\/2023\\\/12\\\/1-61.jpg\",\"width\":1000,\"height\":1000},{\"@type\":\"BreadcrumbList\",\"@id\":\"https:\\\/\\\/www.dt-smart.com\\\/product\\\/tpk-958f-automatic-dismantling-screen-machine\\\/#breadcrumb\",\"itemListElement\":[{\"@type\":\"ListItem\",\"position\":1,\"name\":\"Home\",\"item\":\"https:\\\/\\\/www.dt-smart.com\\\/\"},{\"@type\":\"ListItem\",\"position\":2,\"name\":\"Product\",\"item\":\"https:\\\/\\\/www.dt-smart.com\\\/ru\\\/product\\\/\"},{\"@type\":\"ListItem\",\"position\":3,\"name\":\"TBK 958F Automatic Dismantling Screen Machine &#8211; Professional Touch Screen Separator for Phone &#038; Tablet Repair &#8211; High-Speed Heating &#038; Smart System &#8211; Industrial Grade &#8211; Fast Shipping\"}]},{\"@type\":\"WebSite\",\"@id\":\"https:\\\/\\\/www.dt-smart.com\\\/#website\",\"url\":\"https:\\\/\\\/www.dt-smart.com\\\/\",\"name\":\"InsurePart\",\"description\":\"Cell Phone Repair Parts; iPhone Parts Wholesale;Samsung Parts Supplier\",\"potentialAction\":[{\"@type\":\"SearchAction\",\"target\":{\"@type\":\"EntryPoint\",\"urlTemplate\":\"https:\\\/\\\/www.dt-smart.com\\\/?s={search_term_string}\"},\"query-input\":{\"@type\":\"PropertyValueSpecification\",\"valueRequired\":true,\"valueName\":\"search_term_string\"}}],\"inLanguage\":\"de\"}]}<\/script>\n<!-- \/ Yoast SEO plugin. -->","yoast_head_json":{"title":"TBK 958F Automatic Dismantling Screen Machine - Professional Touch Screen Separator for Phone & Tablet Repair - High-Speed Heating & Smart System - Industrial Grade - Fast Shipping - InsurePart","description":"TBK 958F Automatic Dismantling Screen Machine - Professional Touch Screen Separator for Phone & Tablet Repair - High-Speed Heating & Smart System - Industrial Grade - Fast Shipping","robots":{"index":"index","follow":"follow","max-snippet":"max-snippet:-1","max-image-preview":"max-image-preview:large","max-video-preview":"max-video-preview:-1"},"canonical":"https:\/\/www.dt-smart.com\/de\/produkt\/tpk-958f-automatic-dismantling-screen-machine\/","og_locale":"de_DE","og_type":"article","og_title":"TBK 958F Automatic Dismantling Screen Machine - Professional Touch Screen Separator for Phone & Tablet Repair - High-Speed Heating & Smart System - Industrial Grade - Fast Shipping - InsurePart","og_description":"TBK 958F Automatic Dismantling Screen Machine - Professional Touch Screen Separator for Phone & Tablet Repair - High-Speed Heating & Smart System - Industrial Grade - Fast Shipping","og_url":"https:\/\/www.dt-smart.com\/de\/produkt\/tpk-958f-automatic-dismantling-screen-machine\/","og_site_name":"InsurePart","article_publisher":"https:\/\/www.facebook.com\/anjinleeEva","article_modified_time":"2025-12-29T08:31:12+00:00","og_image":[{"width":1000,"height":1000,"url":"https:\/\/www.dt-smart.com\/wp-content\/uploads\/2023\/12\/1-61.jpg","type":"image\/jpeg"}],"twitter_card":"summary_large_image","twitter_misc":{"Gesch\u00e4tzte Lesezeit":"4\u00a0Minuten"},"schema":{"@context":"https:\/\/schema.org","@graph":[{"@type":"WebPage","@id":"https:\/\/www.dt-smart.com\/product\/tpk-958f-automatic-dismantling-screen-machine\/","url":"https:\/\/www.dt-smart.com\/product\/tpk-958f-automatic-dismantling-screen-machine\/","name":"TBK 958F Automatic Dismantling Screen Machine - Professional Touch Screen Separator for Phone & Tablet Repair - High-Speed Heating & Smart System - Industrial Grade - Fast Shipping - InsurePart","isPartOf":{"@id":"https:\/\/www.dt-smart.com\/#website"},"primaryImageOfPage":{"@id":"https:\/\/www.dt-smart.com\/product\/tpk-958f-automatic-dismantling-screen-machine\/#primaryimage"},"image":{"@id":"https:\/\/www.dt-smart.com\/product\/tpk-958f-automatic-dismantling-screen-machine\/#primaryimage"},"thumbnailUrl":"https:\/\/www.dt-smart.com\/wp-content\/uploads\/2023\/12\/1-61.jpg","datePublished":"2023-11-03T04:18:47+00:00","dateModified":"2025-12-29T08:31:12+00:00","description":"TBK 958F Automatic Dismantling Screen Machine - Professional Touch Screen Separator for Phone & Tablet Repair - High-Speed Heating & Smart System - Industrial Grade - Fast Shipping","breadcrumb":{"@id":"https:\/\/www.dt-smart.com\/product\/tpk-958f-automatic-dismantling-screen-machine\/#breadcrumb"},"inLanguage":"de","potentialAction":[{"@type":"ReadAction","target":["https:\/\/www.dt-smart.com\/product\/tpk-958f-automatic-dismantling-screen-machine\/"]}]},{"@type":"ImageObject","inLanguage":"de","@id":"https:\/\/www.dt-smart.com\/product\/tpk-958f-automatic-dismantling-screen-machine\/#primaryimage","url":"https:\/\/www.dt-smart.com\/wp-content\/uploads\/2023\/12\/1-61.jpg","contentUrl":"https:\/\/www.dt-smart.com\/wp-content\/uploads\/2023\/12\/1-61.jpg","width":1000,"height":1000},{"@type":"BreadcrumbList","@id":"https:\/\/www.dt-smart.com\/product\/tpk-958f-automatic-dismantling-screen-machine\/#breadcrumb","itemListElement":[{"@type":"ListItem","position":1,"name":"Home","item":"https:\/\/www.dt-smart.com\/"},{"@type":"ListItem","position":2,"name":"Product","item":"https:\/\/www.dt-smart.com\/ru\/product\/"},{"@type":"ListItem","position":3,"name":"TBK 958F Automatic Dismantling Screen Machine &#8211; Professional Touch Screen Separator for Phone &#038; Tablet Repair &#8211; High-Speed Heating &#038; Smart System &#8211; Industrial Grade &#8211; Fast Shipping"}]},{"@type":"WebSite","@id":"https:\/\/www.dt-smart.com\/#website","url":"https:\/\/www.dt-smart.com\/","name":"InsurePart","description":"Handy-Ersatzteile; iPhone-Ersatzteile im Gro\u00dfhandel; Samsung-Ersatzteillieferant","potentialAction":[{"@type":"SearchAction","target":{"@type":"EntryPoint","urlTemplate":"https:\/\/www.dt-smart.com\/?s={search_term_string}"},"query-input":{"@type":"PropertyValueSpecification","valueRequired":true,"valueName":"search_term_string"}}],"inLanguage":"de"}]}},"_links":{"self":[{"href":"https:\/\/www.dt-smart.com\/de\/wp-json\/wp\/v2\/product\/4038","targetHints":{"allow":["GET"]}}],"collection":[{"href":"https:\/\/www.dt-smart.com\/de\/wp-json\/wp\/v2\/product"}],"about":[{"href":"https:\/\/www.dt-smart.com\/de\/wp-json\/wp\/v2\/types\/product"}],"replies":[{"embeddable":true,"href":"https:\/\/www.dt-smart.com\/de\/wp-json\/wp\/v2\/comments?post=4038"}],"version-history":[{"count":3,"href":"https:\/\/www.dt-smart.com\/de\/wp-json\/wp\/v2\/product\/4038\/revisions"}],"predecessor-version":[{"id":23900,"href":"https:\/\/www.dt-smart.com\/de\/wp-json\/wp\/v2\/product\/4038\/revisions\/23900"}],"wp:featuredmedia":[{"embeddable":true,"href":"https:\/\/www.dt-smart.com\/de\/wp-json\/wp\/v2\/media\/10422"}],"wp:attachment":[{"href":"https:\/\/www.dt-smart.com\/de\/wp-json\/wp\/v2\/media?parent=4038"}],"wp:term":[{"taxonomy":"product_brand","embeddable":true,"href":"https:\/\/www.dt-smart.com\/de\/wp-json\/wp\/v2\/product_brand?post=4038"},{"taxonomy":"product_cat","embeddable":true,"href":"https:\/\/www.dt-smart.com\/de\/wp-json\/wp\/v2\/product_cat?post=4038"},{"taxonomy":"product_tag","embeddable":true,"href":"https:\/\/www.dt-smart.com\/de\/wp-json\/wp\/v2\/product_tag?post=4038"}],"curies":[{"name":"wp","href":"https:\/\/api.w.org\/{rel}","templated":true}]}}