{"id":4046,"date":"2023-11-03T12:27:28","date_gmt":"2023-11-03T04:27:28","guid":{"rendered":"https:\/\/dt-smart.com\/?post_type=product&#038;p=4046"},"modified":"2025-12-29T16:28:33","modified_gmt":"2025-12-29T08:28:33","slug":"tpk-958n-automatic-dismantling-screen-machine","status":"publish","type":"product","link":"https:\/\/www.dt-smart.com\/de\/produkt\/tpk-958n-automatic-dismantling-screen-machine\/","title":{"rendered":"Automatische Bildschirmdemontagemaschine TBK 958N \u2013 Professioneller Touchscreen-Separator f\u00fcr die Reparatur von Smartphones und Tablets \u2013 Schnelle Aufheizung und stabile Leistung der n\u00e4chsten Generation \u2013 Industriequalit\u00e4t \u2013 Schneller Versand"},"content":{"rendered":"<p><img fetchpriority=\"high\" decoding=\"async\" class=\"aligncenter size-full wp-image-4346\" src=\"https:\/\/dt-smart.com\/wp-content\/uploads\/2023\/11\/1.jpg\" alt=\"\" width=\"750\" height=\"1279\" srcset=\"https:\/\/www.dt-smart.com\/wp-content\/uploads\/2023\/11\/1.jpg 750w, https:\/\/www.dt-smart.com\/wp-content\/uploads\/2023\/11\/1-300x512.jpg 300w, https:\/\/www.dt-smart.com\/wp-content\/uploads\/2023\/11\/1-150x256.jpg 150w, https:\/\/www.dt-smart.com\/wp-content\/uploads\/2023\/11\/1-600x1024.jpg 600w, https:\/\/www.dt-smart.com\/wp-content\/uploads\/2023\/11\/1-176x300.jpg 176w, https:\/\/www.dt-smart.com\/wp-content\/uploads\/2023\/11\/1-7x12.jpg 7w\" sizes=\"(max-width: 750px) 100vw, 750px\" \/> <img decoding=\"async\" class=\"aligncenter size-full wp-image-4347\" src=\"https:\/\/dt-smart.com\/wp-content\/uploads\/2023\/11\/2.jpg\" alt=\"\" width=\"750\" height=\"1235\" srcset=\"https:\/\/www.dt-smart.com\/wp-content\/uploads\/2023\/11\/2.jpg 750w, https:\/\/www.dt-smart.com\/wp-content\/uploads\/2023\/11\/2-300x494.jpg 300w, https:\/\/www.dt-smart.com\/wp-content\/uploads\/2023\/11\/2-150x247.jpg 150w, https:\/\/www.dt-smart.com\/wp-content\/uploads\/2023\/11\/2-600x988.jpg 600w, https:\/\/www.dt-smart.com\/wp-content\/uploads\/2023\/11\/2-182x300.jpg 182w, https:\/\/www.dt-smart.com\/wp-content\/uploads\/2023\/11\/2-622x1024.jpg 622w, https:\/\/www.dt-smart.com\/wp-content\/uploads\/2023\/11\/2-7x12.jpg 7w\" sizes=\"(max-width: 750px) 100vw, 750px\" \/> <img decoding=\"async\" class=\"aligncenter size-full wp-image-4348\" src=\"https:\/\/dt-smart.com\/wp-content\/uploads\/2023\/11\/3.jpg\" alt=\"\" width=\"750\" height=\"1274\" srcset=\"https:\/\/www.dt-smart.com\/wp-content\/uploads\/2023\/11\/3.jpg 750w, https:\/\/www.dt-smart.com\/wp-content\/uploads\/2023\/11\/3-300x510.jpg 300w, https:\/\/www.dt-smart.com\/wp-content\/uploads\/2023\/11\/3-150x255.jpg 150w, https:\/\/www.dt-smart.com\/wp-content\/uploads\/2023\/11\/3-600x1019.jpg 600w, https:\/\/www.dt-smart.com\/wp-content\/uploads\/2023\/11\/3-177x300.jpg 177w, https:\/\/www.dt-smart.com\/wp-content\/uploads\/2023\/11\/3-603x1024.jpg 603w, https:\/\/www.dt-smart.com\/wp-content\/uploads\/2023\/11\/3-7x12.jpg 7w\" sizes=\"(max-width: 750px) 100vw, 750px\" \/> <img loading=\"lazy\" decoding=\"async\" class=\"aligncenter size-full wp-image-4349\" src=\"https:\/\/dt-smart.com\/wp-content\/uploads\/2023\/11\/4.jpg\" alt=\"\" width=\"750\" height=\"1447\" srcset=\"https:\/\/www.dt-smart.com\/wp-content\/uploads\/2023\/11\/4.jpg 750w, https:\/\/www.dt-smart.com\/wp-content\/uploads\/2023\/11\/4-300x579.jpg 300w, https:\/\/www.dt-smart.com\/wp-content\/uploads\/2023\/11\/4-150x289.jpg 150w, https:\/\/www.dt-smart.com\/wp-content\/uploads\/2023\/11\/4-600x1158.jpg 600w, https:\/\/www.dt-smart.com\/wp-content\/uploads\/2023\/11\/4-155x300.jpg 155w, https:\/\/www.dt-smart.com\/wp-content\/uploads\/2023\/11\/4-531x1024.jpg 531w, https:\/\/www.dt-smart.com\/wp-content\/uploads\/2023\/11\/4-6x12.jpg 6w\" sizes=\"(max-width: 750px) 100vw, 750px\" \/> <img loading=\"lazy\" decoding=\"async\" class=\"aligncenter size-full wp-image-4350\" src=\"https:\/\/dt-smart.com\/wp-content\/uploads\/2023\/11\/5.jpg\" alt=\"\" width=\"750\" height=\"1307\" srcset=\"https:\/\/www.dt-smart.com\/wp-content\/uploads\/2023\/11\/5.jpg 750w, https:\/\/www.dt-smart.com\/wp-content\/uploads\/2023\/11\/5-300x523.jpg 300w, https:\/\/www.dt-smart.com\/wp-content\/uploads\/2023\/11\/5-150x261.jpg 150w, https:\/\/www.dt-smart.com\/wp-content\/uploads\/2023\/11\/5-600x1046.jpg 600w, https:\/\/www.dt-smart.com\/wp-content\/uploads\/2023\/11\/5-172x300.jpg 172w, https:\/\/www.dt-smart.com\/wp-content\/uploads\/2023\/11\/5-588x1024.jpg 588w, https:\/\/www.dt-smart.com\/wp-content\/uploads\/2023\/11\/5-7x12.jpg 7w\" sizes=\"(max-width: 750px) 100vw, 750px\" \/> <img loading=\"lazy\" decoding=\"async\" class=\"aligncenter size-full wp-image-4351\" src=\"https:\/\/dt-smart.com\/wp-content\/uploads\/2023\/11\/6-1.jpg\" alt=\"\" width=\"750\" height=\"1274\" srcset=\"https:\/\/www.dt-smart.com\/wp-content\/uploads\/2023\/11\/6-1.jpg 750w, https:\/\/www.dt-smart.com\/wp-content\/uploads\/2023\/11\/6-1-300x510.jpg 300w, https:\/\/www.dt-smart.com\/wp-content\/uploads\/2023\/11\/6-1-150x255.jpg 150w, https:\/\/www.dt-smart.com\/wp-content\/uploads\/2023\/11\/6-1-600x1019.jpg 600w, https:\/\/www.dt-smart.com\/wp-content\/uploads\/2023\/11\/6-1-177x300.jpg 177w, https:\/\/www.dt-smart.com\/wp-content\/uploads\/2023\/11\/6-1-603x1024.jpg 603w, https:\/\/www.dt-smart.com\/wp-content\/uploads\/2023\/11\/6-1-7x12.jpg 7w\" sizes=\"(max-width: 750px) 100vw, 750px\" \/> <img loading=\"lazy\" decoding=\"async\" class=\"aligncenter size-full wp-image-4352\" src=\"https:\/\/dt-smart.com\/wp-content\/uploads\/2023\/11\/8-2.jpg\" alt=\"\" width=\"750\" height=\"1563\" srcset=\"https:\/\/www.dt-smart.com\/wp-content\/uploads\/2023\/11\/8-2.jpg 750w, https:\/\/www.dt-smart.com\/wp-content\/uploads\/2023\/11\/8-2-300x625.jpg 300w, https:\/\/www.dt-smart.com\/wp-content\/uploads\/2023\/11\/8-2-150x313.jpg 150w, https:\/\/www.dt-smart.com\/wp-content\/uploads\/2023\/11\/8-2-600x1250.jpg 600w, https:\/\/www.dt-smart.com\/wp-content\/uploads\/2023\/11\/8-2-144x300.jpg 144w, https:\/\/www.dt-smart.com\/wp-content\/uploads\/2023\/11\/8-2-491x1024.jpg 491w, https:\/\/www.dt-smart.com\/wp-content\/uploads\/2023\/11\/8-2-737x1536.jpg 737w, https:\/\/www.dt-smart.com\/wp-content\/uploads\/2023\/11\/8-2-6x12.jpg 6w\" sizes=\"(max-width: 750px) 100vw, 750px\" \/> <img loading=\"lazy\" decoding=\"async\" class=\"aligncenter size-full wp-image-4353\" src=\"https:\/\/dt-smart.com\/wp-content\/uploads\/2023\/11\/9-1.jpg\" alt=\"\" width=\"750\" height=\"1507\" srcset=\"https:\/\/www.dt-smart.com\/wp-content\/uploads\/2023\/11\/9-1.jpg 750w, https:\/\/www.dt-smart.com\/wp-content\/uploads\/2023\/11\/9-1-300x603.jpg 300w, https:\/\/www.dt-smart.com\/wp-content\/uploads\/2023\/11\/9-1-150x301.jpg 150w, https:\/\/www.dt-smart.com\/wp-content\/uploads\/2023\/11\/9-1-600x1206.jpg 600w, https:\/\/www.dt-smart.com\/wp-content\/uploads\/2023\/11\/9-1-149x300.jpg 149w, https:\/\/www.dt-smart.com\/wp-content\/uploads\/2023\/11\/9-1-510x1024.jpg 510w, https:\/\/www.dt-smart.com\/wp-content\/uploads\/2023\/11\/9-1-6x12.jpg 6w\" sizes=\"(max-width: 750px) 100vw, 750px\" \/> <img loading=\"lazy\" decoding=\"async\" class=\"aligncenter size-full wp-image-4354\" src=\"https:\/\/dt-smart.com\/wp-content\/uploads\/2023\/11\/10-1.jpg\" alt=\"\" width=\"750\" height=\"1099\" srcset=\"https:\/\/www.dt-smart.com\/wp-content\/uploads\/2023\/11\/10-1.jpg 750w, https:\/\/www.dt-smart.com\/wp-content\/uploads\/2023\/11\/10-1-300x440.jpg 300w, https:\/\/www.dt-smart.com\/wp-content\/uploads\/2023\/11\/10-1-150x220.jpg 150w, https:\/\/www.dt-smart.com\/wp-content\/uploads\/2023\/11\/10-1-600x879.jpg 600w, https:\/\/www.dt-smart.com\/wp-content\/uploads\/2023\/11\/10-1-205x300.jpg 205w, https:\/\/www.dt-smart.com\/wp-content\/uploads\/2023\/11\/10-1-699x1024.jpg 699w, https:\/\/www.dt-smart.com\/wp-content\/uploads\/2023\/11\/10-1-8x12.jpg 8w\" sizes=\"(max-width: 750px) 100vw, 750px\" \/> <img loading=\"lazy\" decoding=\"async\" class=\"aligncenter size-full wp-image-4355\" src=\"https:\/\/dt-smart.com\/wp-content\/uploads\/2023\/11\/11-2.jpg\" alt=\"\" width=\"750\" height=\"1434\" srcset=\"https:\/\/www.dt-smart.com\/wp-content\/uploads\/2023\/11\/11-2.jpg 750w, https:\/\/www.dt-smart.com\/wp-content\/uploads\/2023\/11\/11-2-300x574.jpg 300w, https:\/\/www.dt-smart.com\/wp-content\/uploads\/2023\/11\/11-2-150x287.jpg 150w, https:\/\/www.dt-smart.com\/wp-content\/uploads\/2023\/11\/11-2-600x1147.jpg 600w, https:\/\/www.dt-smart.com\/wp-content\/uploads\/2023\/11\/11-2-157x300.jpg 157w, https:\/\/www.dt-smart.com\/wp-content\/uploads\/2023\/11\/11-2-536x1024.jpg 536w, https:\/\/www.dt-smart.com\/wp-content\/uploads\/2023\/11\/11-2-6x12.jpg 6w\" sizes=\"(max-width: 750px) 100vw, 750px\" \/> <img loading=\"lazy\" decoding=\"async\" class=\"aligncenter size-full wp-image-4356\" src=\"https:\/\/dt-smart.com\/wp-content\/uploads\/2023\/11\/12-2.jpg\" alt=\"\" width=\"750\" height=\"1586\" srcset=\"https:\/\/www.dt-smart.com\/wp-content\/uploads\/2023\/11\/12-2.jpg 750w, https:\/\/www.dt-smart.com\/wp-content\/uploads\/2023\/11\/12-2-300x634.jpg 300w, https:\/\/www.dt-smart.com\/wp-content\/uploads\/2023\/11\/12-2-150x317.jpg 150w, https:\/\/www.dt-smart.com\/wp-content\/uploads\/2023\/11\/12-2-600x1269.jpg 600w, https:\/\/www.dt-smart.com\/wp-content\/uploads\/2023\/11\/12-2-142x300.jpg 142w, https:\/\/www.dt-smart.com\/wp-content\/uploads\/2023\/11\/12-2-484x1024.jpg 484w, https:\/\/www.dt-smart.com\/wp-content\/uploads\/2023\/11\/12-2-726x1536.jpg 726w, https:\/\/www.dt-smart.com\/wp-content\/uploads\/2023\/11\/12-2-6x12.jpg 6w\" sizes=\"(max-width: 750px) 100vw, 750px\" \/> <img loading=\"lazy\" decoding=\"async\" class=\"aligncenter size-full wp-image-4357\" src=\"https:\/\/dt-smart.com\/wp-content\/uploads\/2023\/11\/13-2.jpg\" alt=\"\" width=\"750\" height=\"1778\" srcset=\"https:\/\/www.dt-smart.com\/wp-content\/uploads\/2023\/11\/13-2.jpg 750w, https:\/\/www.dt-smart.com\/wp-content\/uploads\/2023\/11\/13-2-300x711.jpg 300w, https:\/\/www.dt-smart.com\/wp-content\/uploads\/2023\/11\/13-2-150x356.jpg 150w, https:\/\/www.dt-smart.com\/wp-content\/uploads\/2023\/11\/13-2-600x1422.jpg 600w, https:\/\/www.dt-smart.com\/wp-content\/uploads\/2023\/11\/13-2-127x300.jpg 127w, https:\/\/www.dt-smart.com\/wp-content\/uploads\/2023\/11\/13-2-432x1024.jpg 432w, https:\/\/www.dt-smart.com\/wp-content\/uploads\/2023\/11\/13-2-648x1536.jpg 648w, https:\/\/www.dt-smart.com\/wp-content\/uploads\/2023\/11\/13-2-5x12.jpg 5w\" sizes=\"(max-width: 750px) 100vw, 750px\" \/> <img loading=\"lazy\" decoding=\"async\" class=\"aligncenter size-full wp-image-4358\" src=\"https:\/\/dt-smart.com\/wp-content\/uploads\/2023\/11\/14-2.jpg\" alt=\"\" width=\"750\" height=\"831\" srcset=\"https:\/\/www.dt-smart.com\/wp-content\/uploads\/2023\/11\/14-2.jpg 750w, https:\/\/www.dt-smart.com\/wp-content\/uploads\/2023\/11\/14-2-300x332.jpg 300w, https:\/\/www.dt-smart.com\/wp-content\/uploads\/2023\/11\/14-2-150x166.jpg 150w, https:\/\/www.dt-smart.com\/wp-content\/uploads\/2023\/11\/14-2-600x665.jpg 600w, https:\/\/www.dt-smart.com\/wp-content\/uploads\/2023\/11\/14-2-271x300.jpg 271w, https:\/\/www.dt-smart.com\/wp-content\/uploads\/2023\/11\/14-2-11x12.jpg 11w\" sizes=\"(max-width: 750px) 100vw, 750px\" \/><\/p>\n<p><img loading=\"lazy\" decoding=\"async\" class=\"aligncenter size-full wp-image-4359\" src=\"https:\/\/dt-smart.com\/wp-content\/uploads\/2023\/11\/15-2.jpg\" alt=\"\" width=\"750\" height=\"1165\" srcset=\"https:\/\/www.dt-smart.com\/wp-content\/uploads\/2023\/11\/15-2.jpg 750w, https:\/\/www.dt-smart.com\/wp-content\/uploads\/2023\/11\/15-2-300x466.jpg 300w, https:\/\/www.dt-smart.com\/wp-content\/uploads\/2023\/11\/15-2-150x233.jpg 150w, https:\/\/www.dt-smart.com\/wp-content\/uploads\/2023\/11\/15-2-600x932.jpg 600w, https:\/\/www.dt-smart.com\/wp-content\/uploads\/2023\/11\/15-2-193x300.jpg 193w, https:\/\/www.dt-smart.com\/wp-content\/uploads\/2023\/11\/15-2-659x1024.jpg 659w, https:\/\/www.dt-smart.com\/wp-content\/uploads\/2023\/11\/15-2-8x12.jpg 8w\" sizes=\"(max-width: 750px) 100vw, 750px\" \/> <img loading=\"lazy\" decoding=\"async\" class=\"aligncenter size-full wp-image-4360\" src=\"https:\/\/dt-smart.com\/wp-content\/uploads\/2023\/11\/16-1.jpg\" alt=\"\" width=\"750\" height=\"1180\" srcset=\"https:\/\/www.dt-smart.com\/wp-content\/uploads\/2023\/11\/16-1.jpg 750w, https:\/\/www.dt-smart.com\/wp-content\/uploads\/2023\/11\/16-1-300x472.jpg 300w, https:\/\/www.dt-smart.com\/wp-content\/uploads\/2023\/11\/16-1-150x236.jpg 150w, https:\/\/www.dt-smart.com\/wp-content\/uploads\/2023\/11\/16-1-600x944.jpg 600w, https:\/\/www.dt-smart.com\/wp-content\/uploads\/2023\/11\/16-1-191x300.jpg 191w, https:\/\/www.dt-smart.com\/wp-content\/uploads\/2023\/11\/16-1-651x1024.jpg 651w, https:\/\/www.dt-smart.com\/wp-content\/uploads\/2023\/11\/16-1-8x12.jpg 8w\" sizes=\"(max-width: 750px) 100vw, 750px\" \/><\/p>\n<p>&nbsp;<\/p>","protected":false},"excerpt":{"rendered":"<p><span style=\"font-family: arial, helvetica, sans-serif; font-size: 8pt;\">Beispiellose Pr\u00e4zision: Unsere hochmoderne Lasertechnologie garantiert h\u00f6chste Genauigkeit bei der Bildschirmdemontage und -markierung. Verabschieden Sie sich von Ungenauigkeiten und begr\u00fc\u00dfen Sie Perfektion.<\/span><br \/>\n<span style=\"font-family: arial, helvetica, sans-serif; font-size: 8pt;\">Effizienz neu definiert: Das vollautomatische System von TPK beschleunigt Ihre Produktionslinie und spart Ihnen Zeit und Geld. Erzielen Sie einen h\u00f6heren Durchsatz ohne Qualit\u00e4tseinbu\u00dfen.<\/span><br \/>\n<span style=\"font-family: arial, helvetica, sans-serif; font-size: 8pt;\">Maximale Vielseitigkeit: Unsere Maschine ist an verschiedene Bildschirmgr\u00f6\u00dfen und -typen anpassbar und eignet sich daher f\u00fcr ein breites Anwendungsspektrum, von Smartphones bis hin zu gr\u00f6\u00dferen Displays.<\/span><br \/>\n<span style=\"font-family: arial, helvetica, sans-serif; font-size: 8pt;\">Qualit\u00e4tssicherung: Die fortschrittliche Technologie von TPK garantiert bei jeder Markierung eine hochwertige Verarbeitung und steigert so den Wert und die Langlebigkeit Ihrer Produkte.<\/span><br \/>\n<span style=\"font-family: arial, helvetica, sans-serif; font-size: 8pt;\">Nachhaltigkeit ist wichtig: Die von uns eingesetzte Lasertechnologie ist umweltfreundlich und reduziert Abfall, was sie zu einer verantwortungsvollen Wahl f\u00fcr Ihr Unternehmen macht.<\/span><br \/>\n<span style=\"font-family: arial, helvetica, sans-serif; font-size: 8pt;\">Intuitive Bedienung: Unsere benutzerfreundliche Oberfl\u00e4che sorgt daf\u00fcr, dass sich Ihr Team schnell einarbeiten kann, wodurch Schulungszeiten und Bedienungsfehler minimiert werden.<\/span><br \/>\n<span style=\"font-family: arial, helvetica, sans-serif; font-size: 8pt;\">Bleiben Sie der Konkurrenz einen Schritt voraus: Setzen Sie auf Innovation und sichern Sie sich Ihren Erfolg im wettbewerbsintensiven Markt. Die vollautomatische Laser-Siebdemontage- und Markierungsmaschine von TPK ist Ihr Schl\u00fcssel zum Erfolg.<\/span><\/p>","protected":false},"featured_media":10439,"comment_status":"open","ping_status":"closed","template":"","meta":[],"product_brand":[],"product_cat":[1176],"product_tag":[],"class_list":{"0":"post-4046","1":"product","2":"type-product","3":"status-publish","4":"has-post-thumbnail","6":"product_cat-tbk-958n","8":"first","9":"instock","10":"taxable","11":"shipping-taxable","12":"purchasable","13":"product-type-simple"},"yoast_head":"<!-- This site is optimized with the Yoast SEO plugin v27.4 - https:\/\/yoast.com\/product\/yoast-seo-wordpress\/ -->\n<title>TBK 958N Automatic Dismantling Screen Machine - Professional Touch Screen Separator for Phone &amp; Tablet Repair - Next-Gen Fast Heating &amp; Stable Performance - Industrial Grade - Fast Shipping - InsurePart<\/title>\n<meta name=\"description\" content=\"TBK 958N Automatic Dismantling Screen Machine - Professional Touch Screen Separator for Phone &amp; Tablet Repair - Next-Gen Fast Heating &amp; Stable Performance - Industrial Grade - Fast Shipping\" \/>\n<meta name=\"robots\" content=\"index, follow, max-snippet:-1, max-image-preview:large, max-video-preview:-1\" \/>\n<link rel=\"canonical\" href=\"https:\/\/www.dt-smart.com\/de\/produkt\/tpk-958n-automatic-dismantling-screen-machine\/\" \/>\n<meta property=\"og:locale\" content=\"de_DE\" \/>\n<meta property=\"og:type\" content=\"article\" \/>\n<meta property=\"og:title\" content=\"TBK 958N Automatic Dismantling Screen Machine - Professional Touch Screen Separator for Phone &amp; Tablet Repair - Next-Gen Fast Heating &amp; Stable Performance - Industrial Grade - Fast Shipping - InsurePart\" \/>\n<meta property=\"og:description\" content=\"TBK 958N Automatic Dismantling Screen Machine - Professional Touch Screen Separator for Phone &amp; Tablet Repair - Next-Gen Fast Heating &amp; Stable Performance - Industrial Grade - Fast Shipping\" \/>\n<meta property=\"og:url\" content=\"https:\/\/www.dt-smart.com\/de\/produkt\/tpk-958n-automatic-dismantling-screen-machine\/\" \/>\n<meta property=\"og:site_name\" content=\"InsurePart\" \/>\n<meta property=\"article:publisher\" content=\"https:\/\/www.facebook.com\/anjinleeEva\" \/>\n<meta property=\"article:modified_time\" content=\"2025-12-29T08:28:33+00:00\" \/>\n<meta property=\"og:image\" content=\"https:\/\/www.dt-smart.com\/wp-content\/uploads\/2023\/12\/1-64.jpg\" \/>\n\t<meta property=\"og:image:width\" content=\"1000\" \/>\n\t<meta property=\"og:image:height\" content=\"1000\" \/>\n\t<meta property=\"og:image:type\" content=\"image\/jpeg\" \/>\n<meta name=\"twitter:card\" content=\"summary_large_image\" \/>\n<meta name=\"twitter:label1\" content=\"Gesch\u00e4tzte Lesezeit\" \/>\n\t<meta name=\"twitter:data1\" content=\"4\u00a0Minuten\" \/>\n<script type=\"application\/ld+json\" class=\"yoast-schema-graph\">{\"@context\":\"https:\\\/\\\/schema.org\",\"@graph\":[{\"@type\":\"WebPage\",\"@id\":\"https:\\\/\\\/www.dt-smart.com\\\/product\\\/tpk-958n-automatic-dismantling-screen-machine\\\/\",\"url\":\"https:\\\/\\\/www.dt-smart.com\\\/product\\\/tpk-958n-automatic-dismantling-screen-machine\\\/\",\"name\":\"TBK 958N Automatic Dismantling Screen Machine - Professional Touch Screen Separator for Phone & Tablet Repair - Next-Gen Fast Heating & Stable Performance - Industrial Grade - Fast Shipping - InsurePart\",\"isPartOf\":{\"@id\":\"https:\\\/\\\/www.dt-smart.com\\\/#website\"},\"primaryImageOfPage\":{\"@id\":\"https:\\\/\\\/www.dt-smart.com\\\/product\\\/tpk-958n-automatic-dismantling-screen-machine\\\/#primaryimage\"},\"image\":{\"@id\":\"https:\\\/\\\/www.dt-smart.com\\\/product\\\/tpk-958n-automatic-dismantling-screen-machine\\\/#primaryimage\"},\"thumbnailUrl\":\"https:\\\/\\\/www.dt-smart.com\\\/wp-content\\\/uploads\\\/2023\\\/12\\\/1-64.jpg\",\"datePublished\":\"2023-11-03T04:27:28+00:00\",\"dateModified\":\"2025-12-29T08:28:33+00:00\",\"description\":\"TBK 958N Automatic Dismantling Screen Machine - Professional Touch Screen Separator for Phone & Tablet Repair - Next-Gen Fast Heating & Stable Performance - Industrial Grade - Fast Shipping\",\"breadcrumb\":{\"@id\":\"https:\\\/\\\/www.dt-smart.com\\\/product\\\/tpk-958n-automatic-dismantling-screen-machine\\\/#breadcrumb\"},\"inLanguage\":\"de\",\"potentialAction\":[{\"@type\":\"ReadAction\",\"target\":[\"https:\\\/\\\/www.dt-smart.com\\\/product\\\/tpk-958n-automatic-dismantling-screen-machine\\\/\"]}]},{\"@type\":\"ImageObject\",\"inLanguage\":\"de\",\"@id\":\"https:\\\/\\\/www.dt-smart.com\\\/product\\\/tpk-958n-automatic-dismantling-screen-machine\\\/#primaryimage\",\"url\":\"https:\\\/\\\/www.dt-smart.com\\\/wp-content\\\/uploads\\\/2023\\\/12\\\/1-64.jpg\",\"contentUrl\":\"https:\\\/\\\/www.dt-smart.com\\\/wp-content\\\/uploads\\\/2023\\\/12\\\/1-64.jpg\",\"width\":1000,\"height\":1000},{\"@type\":\"BreadcrumbList\",\"@id\":\"https:\\\/\\\/www.dt-smart.com\\\/product\\\/tpk-958n-automatic-dismantling-screen-machine\\\/#breadcrumb\",\"itemListElement\":[{\"@type\":\"ListItem\",\"position\":1,\"name\":\"Home\",\"item\":\"https:\\\/\\\/www.dt-smart.com\\\/\"},{\"@type\":\"ListItem\",\"position\":2,\"name\":\"Product\",\"item\":\"https:\\\/\\\/www.dt-smart.com\\\/ru\\\/product\\\/\"},{\"@type\":\"ListItem\",\"position\":3,\"name\":\"TBK 958N Automatic Dismantling Screen Machine &#8211; Professional Touch Screen Separator for Phone &#038; Tablet Repair &#8211; Next-Gen Fast Heating &#038; Stable Performance &#8211; Industrial Grade &#8211; Fast Shipping\"}]},{\"@type\":\"WebSite\",\"@id\":\"https:\\\/\\\/www.dt-smart.com\\\/#website\",\"url\":\"https:\\\/\\\/www.dt-smart.com\\\/\",\"name\":\"InsurePart\",\"description\":\"Cell Phone Repair Parts; iPhone Parts Wholesale;Samsung Parts Supplier\",\"potentialAction\":[{\"@type\":\"SearchAction\",\"target\":{\"@type\":\"EntryPoint\",\"urlTemplate\":\"https:\\\/\\\/www.dt-smart.com\\\/?s={search_term_string}\"},\"query-input\":{\"@type\":\"PropertyValueSpecification\",\"valueRequired\":true,\"valueName\":\"search_term_string\"}}],\"inLanguage\":\"de\"}]}<\/script>\n<!-- \/ Yoast SEO plugin. -->","yoast_head_json":{"title":"TBK 958N Automatic Dismantling Screen Machine - Professional Touch Screen Separator for Phone & Tablet Repair - Next-Gen Fast Heating & Stable Performance - Industrial Grade - Fast Shipping - InsurePart","description":"Automatische Bildschirmdemontagemaschine TBK 958N \u2013 Professioneller Touchscreen-Separator f\u00fcr die Reparatur von Smartphones und Tablets \u2013 Schnelle Aufheizung und stabile Leistung der n\u00e4chsten Generation \u2013 Industriequalit\u00e4t \u2013 Schneller Versand","robots":{"index":"index","follow":"follow","max-snippet":"max-snippet:-1","max-image-preview":"max-image-preview:large","max-video-preview":"max-video-preview:-1"},"canonical":"https:\/\/www.dt-smart.com\/de\/produkt\/tpk-958n-automatic-dismantling-screen-machine\/","og_locale":"de_DE","og_type":"article","og_title":"TBK 958N Automatic Dismantling Screen Machine - Professional Touch Screen Separator for Phone & Tablet Repair - Next-Gen Fast Heating & Stable Performance - Industrial Grade - Fast Shipping - InsurePart","og_description":"TBK 958N Automatic Dismantling Screen Machine - Professional Touch Screen Separator for Phone & Tablet Repair - Next-Gen Fast Heating & Stable Performance - Industrial Grade - Fast Shipping","og_url":"https:\/\/www.dt-smart.com\/de\/produkt\/tpk-958n-automatic-dismantling-screen-machine\/","og_site_name":"InsurePart","article_publisher":"https:\/\/www.facebook.com\/anjinleeEva","article_modified_time":"2025-12-29T08:28:33+00:00","og_image":[{"width":1000,"height":1000,"url":"https:\/\/www.dt-smart.com\/wp-content\/uploads\/2023\/12\/1-64.jpg","type":"image\/jpeg"}],"twitter_card":"summary_large_image","twitter_misc":{"Gesch\u00e4tzte Lesezeit":"4\u00a0Minuten"},"schema":{"@context":"https:\/\/schema.org","@graph":[{"@type":"WebPage","@id":"https:\/\/www.dt-smart.com\/product\/tpk-958n-automatic-dismantling-screen-machine\/","url":"https:\/\/www.dt-smart.com\/product\/tpk-958n-automatic-dismantling-screen-machine\/","name":"TBK 958N Automatic Dismantling Screen Machine - Professional Touch Screen Separator for Phone & Tablet Repair - Next-Gen Fast Heating & Stable Performance - Industrial Grade - Fast Shipping - InsurePart","isPartOf":{"@id":"https:\/\/www.dt-smart.com\/#website"},"primaryImageOfPage":{"@id":"https:\/\/www.dt-smart.com\/product\/tpk-958n-automatic-dismantling-screen-machine\/#primaryimage"},"image":{"@id":"https:\/\/www.dt-smart.com\/product\/tpk-958n-automatic-dismantling-screen-machine\/#primaryimage"},"thumbnailUrl":"https:\/\/www.dt-smart.com\/wp-content\/uploads\/2023\/12\/1-64.jpg","datePublished":"2023-11-03T04:27:28+00:00","dateModified":"2025-12-29T08:28:33+00:00","description":"Automatische Bildschirmdemontagemaschine TBK 958N \u2013 Professioneller Touchscreen-Separator f\u00fcr die Reparatur von Smartphones und Tablets \u2013 Schnelle Aufheizung und stabile Leistung der n\u00e4chsten Generation \u2013 Industriequalit\u00e4t \u2013 Schneller Versand","breadcrumb":{"@id":"https:\/\/www.dt-smart.com\/product\/tpk-958n-automatic-dismantling-screen-machine\/#breadcrumb"},"inLanguage":"de","potentialAction":[{"@type":"ReadAction","target":["https:\/\/www.dt-smart.com\/product\/tpk-958n-automatic-dismantling-screen-machine\/"]}]},{"@type":"ImageObject","inLanguage":"de","@id":"https:\/\/www.dt-smart.com\/product\/tpk-958n-automatic-dismantling-screen-machine\/#primaryimage","url":"https:\/\/www.dt-smart.com\/wp-content\/uploads\/2023\/12\/1-64.jpg","contentUrl":"https:\/\/www.dt-smart.com\/wp-content\/uploads\/2023\/12\/1-64.jpg","width":1000,"height":1000},{"@type":"BreadcrumbList","@id":"https:\/\/www.dt-smart.com\/product\/tpk-958n-automatic-dismantling-screen-machine\/#breadcrumb","itemListElement":[{"@type":"ListItem","position":1,"name":"Home","item":"https:\/\/www.dt-smart.com\/"},{"@type":"ListItem","position":2,"name":"Product","item":"https:\/\/www.dt-smart.com\/ru\/product\/"},{"@type":"ListItem","position":3,"name":"TBK 958N Automatic Dismantling Screen Machine &#8211; Professional Touch Screen Separator for Phone &#038; Tablet Repair &#8211; Next-Gen Fast Heating &#038; Stable Performance &#8211; Industrial Grade &#8211; Fast Shipping"}]},{"@type":"WebSite","@id":"https:\/\/www.dt-smart.com\/#website","url":"https:\/\/www.dt-smart.com\/","name":"InsurePart","description":"Handy-Ersatzteile; iPhone-Ersatzteile im Gro\u00dfhandel; Samsung-Ersatzteillieferant","potentialAction":[{"@type":"SearchAction","target":{"@type":"EntryPoint","urlTemplate":"https:\/\/www.dt-smart.com\/?s={search_term_string}"},"query-input":{"@type":"PropertyValueSpecification","valueRequired":true,"valueName":"search_term_string"}}],"inLanguage":"de"}]}},"_links":{"self":[{"href":"https:\/\/www.dt-smart.com\/de\/wp-json\/wp\/v2\/product\/4046","targetHints":{"allow":["GET"]}}],"collection":[{"href":"https:\/\/www.dt-smart.com\/de\/wp-json\/wp\/v2\/product"}],"about":[{"href":"https:\/\/www.dt-smart.com\/de\/wp-json\/wp\/v2\/types\/product"}],"replies":[{"embeddable":true,"href":"https:\/\/www.dt-smart.com\/de\/wp-json\/wp\/v2\/comments?post=4046"}],"version-history":[{"count":3,"href":"https:\/\/www.dt-smart.com\/de\/wp-json\/wp\/v2\/product\/4046\/revisions"}],"predecessor-version":[{"id":23897,"href":"https:\/\/www.dt-smart.com\/de\/wp-json\/wp\/v2\/product\/4046\/revisions\/23897"}],"wp:featuredmedia":[{"embeddable":true,"href":"https:\/\/www.dt-smart.com\/de\/wp-json\/wp\/v2\/media\/10439"}],"wp:attachment":[{"href":"https:\/\/www.dt-smart.com\/de\/wp-json\/wp\/v2\/media?parent=4046"}],"wp:term":[{"taxonomy":"product_brand","embeddable":true,"href":"https:\/\/www.dt-smart.com\/de\/wp-json\/wp\/v2\/product_brand?post=4046"},{"taxonomy":"product_cat","embeddable":true,"href":"https:\/\/www.dt-smart.com\/de\/wp-json\/wp\/v2\/product_cat?post=4046"},{"taxonomy":"product_tag","embeddable":true,"href":"https:\/\/www.dt-smart.com\/de\/wp-json\/wp\/v2\/product_tag?post=4046"}],"curies":[{"name":"wp","href":"https:\/\/api.w.org\/{rel}","templated":true}]}}