{"id":4048,"date":"2023-11-03T12:28:55","date_gmt":"2023-11-03T04:28:55","guid":{"rendered":"https:\/\/dt-smart.com\/?post_type=product&#038;p=4048"},"modified":"2026-01-09T10:55:04","modified_gmt":"2026-01-09T02:55:04","slug":"tpk-958s-automatic-dismantling-screen-machine","status":"publish","type":"product","link":"https:\/\/www.dt-smart.com\/de\/produkt\/tpk-958s-automatic-dismantling-screen-machine\/","title":{"rendered":"Automatische Bildschirmdemontagemaschine TBK 958S \u2013 Professioneller Touchscreen-Separator f\u00fcr die Reparatur von Smartphones und Tablets \u2013 Intelligentes System &amp; superschnelle Aufheizung \u2013 Industriequalit\u00e4t \u2013 Schneller Versand"},"content":{"rendered":"<p><img fetchpriority=\"high\" decoding=\"async\" class=\"aligncenter size-full wp-image-4361\" src=\"https:\/\/dt-smart.com\/wp-content\/uploads\/2023\/11\/1-1.jpg\" alt=\"\" width=\"750\" height=\"1288\" srcset=\"https:\/\/www.dt-smart.com\/wp-content\/uploads\/2023\/11\/1-1.jpg 750w, https:\/\/www.dt-smart.com\/wp-content\/uploads\/2023\/11\/1-1-300x515.jpg 300w, https:\/\/www.dt-smart.com\/wp-content\/uploads\/2023\/11\/1-1-150x258.jpg 150w, https:\/\/www.dt-smart.com\/wp-content\/uploads\/2023\/11\/1-1-600x1030.jpg 600w, https:\/\/www.dt-smart.com\/wp-content\/uploads\/2023\/11\/1-1-175x300.jpg 175w, https:\/\/www.dt-smart.com\/wp-content\/uploads\/2023\/11\/1-1-596x1024.jpg 596w, https:\/\/www.dt-smart.com\/wp-content\/uploads\/2023\/11\/1-1-7x12.jpg 7w\" sizes=\"(max-width: 750px) 100vw, 750px\" \/> <img decoding=\"async\" class=\"aligncenter size-full wp-image-4362\" src=\"https:\/\/dt-smart.com\/wp-content\/uploads\/2023\/11\/2-1.jpg\" alt=\"\" width=\"750\" height=\"814\" srcset=\"https:\/\/www.dt-smart.com\/wp-content\/uploads\/2023\/11\/2-1.jpg 750w, https:\/\/www.dt-smart.com\/wp-content\/uploads\/2023\/11\/2-1-300x326.jpg 300w, https:\/\/www.dt-smart.com\/wp-content\/uploads\/2023\/11\/2-1-150x163.jpg 150w, https:\/\/www.dt-smart.com\/wp-content\/uploads\/2023\/11\/2-1-600x651.jpg 600w, https:\/\/www.dt-smart.com\/wp-content\/uploads\/2023\/11\/2-1-276x300.jpg 276w, https:\/\/www.dt-smart.com\/wp-content\/uploads\/2023\/11\/2-1-11x12.jpg 11w\" sizes=\"(max-width: 750px) 100vw, 750px\" \/> <img decoding=\"async\" class=\"aligncenter size-full wp-image-4363\" src=\"https:\/\/dt-smart.com\/wp-content\/uploads\/2023\/11\/3-1.jpg\" alt=\"\" width=\"750\" height=\"1147\" srcset=\"https:\/\/www.dt-smart.com\/wp-content\/uploads\/2023\/11\/3-1.jpg 750w, https:\/\/www.dt-smart.com\/wp-content\/uploads\/2023\/11\/3-1-300x459.jpg 300w, https:\/\/www.dt-smart.com\/wp-content\/uploads\/2023\/11\/3-1-150x229.jpg 150w, https:\/\/www.dt-smart.com\/wp-content\/uploads\/2023\/11\/3-1-600x918.jpg 600w, https:\/\/www.dt-smart.com\/wp-content\/uploads\/2023\/11\/3-1-196x300.jpg 196w, https:\/\/www.dt-smart.com\/wp-content\/uploads\/2023\/11\/3-1-670x1024.jpg 670w, https:\/\/www.dt-smart.com\/wp-content\/uploads\/2023\/11\/3-1-8x12.jpg 8w\" sizes=\"(max-width: 750px) 100vw, 750px\" \/> <img loading=\"lazy\" decoding=\"async\" class=\"aligncenter size-full wp-image-4364\" src=\"https:\/\/dt-smart.com\/wp-content\/uploads\/2023\/11\/4-1.jpg\" alt=\"\" width=\"750\" height=\"1303\" srcset=\"https:\/\/www.dt-smart.com\/wp-content\/uploads\/2023\/11\/4-1.jpg 750w, https:\/\/www.dt-smart.com\/wp-content\/uploads\/2023\/11\/4-1-300x521.jpg 300w, https:\/\/www.dt-smart.com\/wp-content\/uploads\/2023\/11\/4-1-150x261.jpg 150w, https:\/\/www.dt-smart.com\/wp-content\/uploads\/2023\/11\/4-1-600x1042.jpg 600w, https:\/\/www.dt-smart.com\/wp-content\/uploads\/2023\/11\/4-1-173x300.jpg 173w, https:\/\/www.dt-smart.com\/wp-content\/uploads\/2023\/11\/4-1-589x1024.jpg 589w, https:\/\/www.dt-smart.com\/wp-content\/uploads\/2023\/11\/4-1-7x12.jpg 7w\" sizes=\"(max-width: 750px) 100vw, 750px\" \/> <img loading=\"lazy\" decoding=\"async\" class=\"aligncenter size-full wp-image-4365\" src=\"https:\/\/dt-smart.com\/wp-content\/uploads\/2023\/11\/5-1.jpg\" alt=\"\" width=\"750\" height=\"1137\" srcset=\"https:\/\/www.dt-smart.com\/wp-content\/uploads\/2023\/11\/5-1.jpg 750w, https:\/\/www.dt-smart.com\/wp-content\/uploads\/2023\/11\/5-1-300x455.jpg 300w, https:\/\/www.dt-smart.com\/wp-content\/uploads\/2023\/11\/5-1-150x227.jpg 150w, https:\/\/www.dt-smart.com\/wp-content\/uploads\/2023\/11\/5-1-600x910.jpg 600w, https:\/\/www.dt-smart.com\/wp-content\/uploads\/2023\/11\/5-1-198x300.jpg 198w, https:\/\/www.dt-smart.com\/wp-content\/uploads\/2023\/11\/5-1-675x1024.jpg 675w, https:\/\/www.dt-smart.com\/wp-content\/uploads\/2023\/11\/5-1-8x12.jpg 8w\" sizes=\"(max-width: 750px) 100vw, 750px\" \/> <img loading=\"lazy\" decoding=\"async\" class=\"aligncenter size-full wp-image-4366\" src=\"https:\/\/dt-smart.com\/wp-content\/uploads\/2023\/11\/6-2.jpg\" alt=\"\" width=\"750\" height=\"936\" srcset=\"https:\/\/www.dt-smart.com\/wp-content\/uploads\/2023\/11\/6-2.jpg 750w, https:\/\/www.dt-smart.com\/wp-content\/uploads\/2023\/11\/6-2-300x374.jpg 300w, https:\/\/www.dt-smart.com\/wp-content\/uploads\/2023\/11\/6-2-150x187.jpg 150w, https:\/\/www.dt-smart.com\/wp-content\/uploads\/2023\/11\/6-2-600x749.jpg 600w, https:\/\/www.dt-smart.com\/wp-content\/uploads\/2023\/11\/6-2-240x300.jpg 240w, https:\/\/www.dt-smart.com\/wp-content\/uploads\/2023\/11\/6-2-10x12.jpg 10w\" sizes=\"(max-width: 750px) 100vw, 750px\" \/> <img loading=\"lazy\" decoding=\"async\" class=\"aligncenter size-full wp-image-4367\" src=\"https:\/\/dt-smart.com\/wp-content\/uploads\/2023\/11\/7-1.jpg\" alt=\"\" width=\"750\" height=\"704\" srcset=\"https:\/\/www.dt-smart.com\/wp-content\/uploads\/2023\/11\/7-1.jpg 750w, https:\/\/www.dt-smart.com\/wp-content\/uploads\/2023\/11\/7-1-300x282.jpg 300w, https:\/\/www.dt-smart.com\/wp-content\/uploads\/2023\/11\/7-1-150x141.jpg 150w, https:\/\/www.dt-smart.com\/wp-content\/uploads\/2023\/11\/7-1-600x563.jpg 600w, https:\/\/www.dt-smart.com\/wp-content\/uploads\/2023\/11\/7-1-13x12.jpg 13w\" sizes=\"(max-width: 750px) 100vw, 750px\" \/> <img loading=\"lazy\" decoding=\"async\" class=\"aligncenter size-full wp-image-4368\" src=\"https:\/\/dt-smart.com\/wp-content\/uploads\/2023\/11\/8-3.jpg\" alt=\"\" width=\"750\" height=\"1301\" srcset=\"https:\/\/www.dt-smart.com\/wp-content\/uploads\/2023\/11\/8-3.jpg 750w, https:\/\/www.dt-smart.com\/wp-content\/uploads\/2023\/11\/8-3-300x520.jpg 300w, https:\/\/www.dt-smart.com\/wp-content\/uploads\/2023\/11\/8-3-150x260.jpg 150w, https:\/\/www.dt-smart.com\/wp-content\/uploads\/2023\/11\/8-3-600x1041.jpg 600w, https:\/\/www.dt-smart.com\/wp-content\/uploads\/2023\/11\/8-3-173x300.jpg 173w, https:\/\/www.dt-smart.com\/wp-content\/uploads\/2023\/11\/8-3-590x1024.jpg 590w, https:\/\/www.dt-smart.com\/wp-content\/uploads\/2023\/11\/8-3-7x12.jpg 7w\" sizes=\"(max-width: 750px) 100vw, 750px\" \/> <img loading=\"lazy\" decoding=\"async\" class=\"aligncenter size-full wp-image-4369\" src=\"https:\/\/dt-smart.com\/wp-content\/uploads\/2023\/11\/9-2.jpg\" alt=\"\" width=\"750\" height=\"1182\" srcset=\"https:\/\/www.dt-smart.com\/wp-content\/uploads\/2023\/11\/9-2.jpg 750w, https:\/\/www.dt-smart.com\/wp-content\/uploads\/2023\/11\/9-2-300x473.jpg 300w, https:\/\/www.dt-smart.com\/wp-content\/uploads\/2023\/11\/9-2-150x236.jpg 150w, https:\/\/www.dt-smart.com\/wp-content\/uploads\/2023\/11\/9-2-600x946.jpg 600w, https:\/\/www.dt-smart.com\/wp-content\/uploads\/2023\/11\/9-2-190x300.jpg 190w, https:\/\/www.dt-smart.com\/wp-content\/uploads\/2023\/11\/9-2-650x1024.jpg 650w, https:\/\/www.dt-smart.com\/wp-content\/uploads\/2023\/11\/9-2-8x12.jpg 8w\" sizes=\"(max-width: 750px) 100vw, 750px\" \/> <img loading=\"lazy\" decoding=\"async\" class=\"aligncenter size-full wp-image-4370\" src=\"https:\/\/dt-smart.com\/wp-content\/uploads\/2023\/11\/10-2.jpg\" alt=\"\" width=\"750\" height=\"973\" srcset=\"https:\/\/www.dt-smart.com\/wp-content\/uploads\/2023\/11\/10-2.jpg 750w, https:\/\/www.dt-smart.com\/wp-content\/uploads\/2023\/11\/10-2-300x389.jpg 300w, https:\/\/www.dt-smart.com\/wp-content\/uploads\/2023\/11\/10-2-150x195.jpg 150w, https:\/\/www.dt-smart.com\/wp-content\/uploads\/2023\/11\/10-2-600x778.jpg 600w, https:\/\/www.dt-smart.com\/wp-content\/uploads\/2023\/11\/10-2-231x300.jpg 231w, https:\/\/www.dt-smart.com\/wp-content\/uploads\/2023\/11\/10-2-9x12.jpg 9w\" sizes=\"(max-width: 750px) 100vw, 750px\" \/> <img loading=\"lazy\" decoding=\"async\" class=\"aligncenter size-full wp-image-4371\" src=\"https:\/\/dt-smart.com\/wp-content\/uploads\/2023\/11\/11-3.jpg\" alt=\"\" width=\"750\" height=\"1317\" srcset=\"https:\/\/www.dt-smart.com\/wp-content\/uploads\/2023\/11\/11-3.jpg 750w, https:\/\/www.dt-smart.com\/wp-content\/uploads\/2023\/11\/11-3-300x527.jpg 300w, https:\/\/www.dt-smart.com\/wp-content\/uploads\/2023\/11\/11-3-150x263.jpg 150w, https:\/\/www.dt-smart.com\/wp-content\/uploads\/2023\/11\/11-3-600x1054.jpg 600w, https:\/\/www.dt-smart.com\/wp-content\/uploads\/2023\/11\/11-3-171x300.jpg 171w, https:\/\/www.dt-smart.com\/wp-content\/uploads\/2023\/11\/11-3-583x1024.jpg 583w, https:\/\/www.dt-smart.com\/wp-content\/uploads\/2023\/11\/11-3-7x12.jpg 7w\" sizes=\"(max-width: 750px) 100vw, 750px\" \/> <img loading=\"lazy\" decoding=\"async\" class=\"aligncenter size-full wp-image-4372\" src=\"https:\/\/dt-smart.com\/wp-content\/uploads\/2023\/11\/12-3.jpg\" alt=\"\" width=\"750\" height=\"1219\" srcset=\"https:\/\/www.dt-smart.com\/wp-content\/uploads\/2023\/11\/12-3.jpg 750w, https:\/\/www.dt-smart.com\/wp-content\/uploads\/2023\/11\/12-3-300x488.jpg 300w, https:\/\/www.dt-smart.com\/wp-content\/uploads\/2023\/11\/12-3-150x244.jpg 150w, https:\/\/www.dt-smart.com\/wp-content\/uploads\/2023\/11\/12-3-600x975.jpg 600w, https:\/\/www.dt-smart.com\/wp-content\/uploads\/2023\/11\/12-3-185x300.jpg 185w, https:\/\/www.dt-smart.com\/wp-content\/uploads\/2023\/11\/12-3-630x1024.jpg 630w, https:\/\/www.dt-smart.com\/wp-content\/uploads\/2023\/11\/12-3-7x12.jpg 7w\" sizes=\"(max-width: 750px) 100vw, 750px\" \/> <img loading=\"lazy\" decoding=\"async\" class=\"aligncenter size-full wp-image-4373\" src=\"https:\/\/dt-smart.com\/wp-content\/uploads\/2023\/11\/13-3.jpg\" alt=\"\" width=\"750\" height=\"1001\" srcset=\"https:\/\/www.dt-smart.com\/wp-content\/uploads\/2023\/11\/13-3.jpg 750w, https:\/\/www.dt-smart.com\/wp-content\/uploads\/2023\/11\/13-3-300x400.jpg 300w, https:\/\/www.dt-smart.com\/wp-content\/uploads\/2023\/11\/13-3-150x200.jpg 150w, https:\/\/www.dt-smart.com\/wp-content\/uploads\/2023\/11\/13-3-600x801.jpg 600w, https:\/\/www.dt-smart.com\/wp-content\/uploads\/2023\/11\/13-3-225x300.jpg 225w, https:\/\/www.dt-smart.com\/wp-content\/uploads\/2023\/11\/13-3-9x12.jpg 9w\" sizes=\"(max-width: 750px) 100vw, 750px\" \/> <img loading=\"lazy\" decoding=\"async\" class=\"aligncenter size-full wp-image-4374\" src=\"https:\/\/dt-smart.com\/wp-content\/uploads\/2023\/11\/14-3.jpg\" alt=\"\" width=\"750\" height=\"1096\" srcset=\"https:\/\/www.dt-smart.com\/wp-content\/uploads\/2023\/11\/14-3.jpg 750w, https:\/\/www.dt-smart.com\/wp-content\/uploads\/2023\/11\/14-3-300x438.jpg 300w, https:\/\/www.dt-smart.com\/wp-content\/uploads\/2023\/11\/14-3-150x219.jpg 150w, https:\/\/www.dt-smart.com\/wp-content\/uploads\/2023\/11\/14-3-600x877.jpg 600w, https:\/\/www.dt-smart.com\/wp-content\/uploads\/2023\/11\/14-3-205x300.jpg 205w, https:\/\/www.dt-smart.com\/wp-content\/uploads\/2023\/11\/14-3-701x1024.jpg 701w, https:\/\/www.dt-smart.com\/wp-content\/uploads\/2023\/11\/14-3-8x12.jpg 8w\" sizes=\"(max-width: 750px) 100vw, 750px\" \/><\/p>\n<p><img loading=\"lazy\" decoding=\"async\" class=\"aligncenter size-full wp-image-4376\" src=\"https:\/\/dt-smart.com\/wp-content\/uploads\/2023\/11\/16-2.jpg\" alt=\"\" width=\"750\" height=\"1062\" srcset=\"https:\/\/www.dt-smart.com\/wp-content\/uploads\/2023\/11\/16-2.jpg 750w, https:\/\/www.dt-smart.com\/wp-content\/uploads\/2023\/11\/16-2-300x425.jpg 300w, https:\/\/www.dt-smart.com\/wp-content\/uploads\/2023\/11\/16-2-150x212.jpg 150w, https:\/\/www.dt-smart.com\/wp-content\/uploads\/2023\/11\/16-2-600x850.jpg 600w, https:\/\/www.dt-smart.com\/wp-content\/uploads\/2023\/11\/16-2-212x300.jpg 212w, https:\/\/www.dt-smart.com\/wp-content\/uploads\/2023\/11\/16-2-723x1024.jpg 723w, https:\/\/www.dt-smart.com\/wp-content\/uploads\/2023\/11\/16-2-8x12.jpg 8w\" sizes=\"(max-width: 750px) 100vw, 750px\" \/> <img loading=\"lazy\" decoding=\"async\" class=\"aligncenter size-full wp-image-4377\" src=\"https:\/\/dt-smart.com\/wp-content\/uploads\/2023\/11\/17-1.jpg\" alt=\"\" width=\"750\" height=\"601\" srcset=\"https:\/\/www.dt-smart.com\/wp-content\/uploads\/2023\/11\/17-1.jpg 750w, https:\/\/www.dt-smart.com\/wp-content\/uploads\/2023\/11\/17-1-300x240.jpg 300w, https:\/\/www.dt-smart.com\/wp-content\/uploads\/2023\/11\/17-1-150x120.jpg 150w, https:\/\/www.dt-smart.com\/wp-content\/uploads\/2023\/11\/17-1-600x481.jpg 600w, https:\/\/www.dt-smart.com\/wp-content\/uploads\/2023\/11\/17-1-15x12.jpg 15w\" sizes=\"(max-width: 750px) 100vw, 750px\" \/><\/p>","protected":false},"excerpt":{"rendered":"<p><span style=\"font-family: arial, helvetica, sans-serif; font-size: 8pt;\">Beispiellose Pr\u00e4zision: Unsere hochmoderne Lasertechnologie garantiert h\u00f6chste Genauigkeit bei der Bildschirmdemontage und -markierung. Verabschieden Sie sich von Ungenauigkeiten und begr\u00fc\u00dfen Sie Perfektion.<\/span><br \/>\n<span style=\"font-family: arial, helvetica, sans-serif; font-size: 8pt;\">Effizienz neu definiert: Das vollautomatische System von TPK beschleunigt Ihre Produktionslinie und spart Ihnen Zeit und Geld. Erzielen Sie einen h\u00f6heren Durchsatz ohne Qualit\u00e4tseinbu\u00dfen.<\/span><br \/>\n<span style=\"font-family: arial, helvetica, sans-serif; font-size: 8pt;\">Maximale Vielseitigkeit: Unsere Maschine ist an verschiedene Bildschirmgr\u00f6\u00dfen und -typen anpassbar und eignet sich daher f\u00fcr ein breites Anwendungsspektrum, von Smartphones bis hin zu gr\u00f6\u00dferen Displays.<\/span><br \/>\n<span style=\"font-family: arial, helvetica, sans-serif; font-size: 8pt;\">Qualit\u00e4tssicherung: Die fortschrittliche Technologie von TPK garantiert bei jeder Markierung eine hochwertige Verarbeitung und steigert so den Wert und die Langlebigkeit Ihrer Produkte.<\/span><br \/>\n<span style=\"font-family: arial, helvetica, sans-serif; font-size: 8pt;\">Nachhaltigkeit ist wichtig: Die von uns eingesetzte Lasertechnologie ist umweltfreundlich und reduziert Abfall, was sie zu einer verantwortungsvollen Wahl f\u00fcr Ihr Unternehmen macht.<\/span><br \/>\n<span style=\"font-family: arial, helvetica, sans-serif; font-size: 8pt;\">Intuitive Bedienung: Unsere benutzerfreundliche Oberfl\u00e4che sorgt daf\u00fcr, dass sich Ihr Team schnell einarbeiten kann, wodurch Schulungszeiten und Bedienungsfehler minimiert werden.<\/span><br \/>\n<span style=\"font-family: arial, helvetica, sans-serif; font-size: 8pt;\">Bleiben Sie der Konkurrenz einen Schritt voraus: Setzen Sie auf Innovation und sichern Sie sich Ihren Erfolg im wettbewerbsintensiven Markt. Die vollautomatische Laser-Siebdemontage- und Markierungsmaschine von TPK ist Ihr Schl\u00fcssel zum Erfolg.<\/span><\/p>","protected":false},"featured_media":10446,"comment_status":"open","ping_status":"closed","template":"","meta":[],"product_brand":[],"product_cat":[1175],"product_tag":[],"class_list":{"0":"post-4048","1":"product","2":"type-product","3":"status-publish","4":"has-post-thumbnail","6":"product_cat-tbk-958s","8":"first","9":"instock","10":"taxable","11":"shipping-taxable","12":"purchasable","13":"product-type-simple"},"yoast_head":"<!-- This site is optimized with the Yoast SEO plugin v27.4 - https:\/\/yoast.com\/product\/yoast-seo-wordpress\/ -->\n<title>TBK 958S Automatic Dismantling Screen Machine - Professional Touch Screen Separator for Phone &amp; Tablet Repair - Smart System &amp; Super-Fast Heating - Industrial Grade - Fast Shipping - InsurePart<\/title>\n<meta name=\"description\" content=\"TBK 958S Automatic Dismantling Screen Machine - Professional Touch Screen Separator for Phone &amp; Tablet Repair - Smart System &amp; Super-Fast Heating - Industrial Grade - Fast Shipping\" \/>\n<meta name=\"robots\" content=\"index, follow, max-snippet:-1, max-image-preview:large, max-video-preview:-1\" \/>\n<link rel=\"canonical\" href=\"https:\/\/www.dt-smart.com\/de\/produkt\/tpk-958s-automatic-dismantling-screen-machine\/\" \/>\n<meta property=\"og:locale\" content=\"de_DE\" \/>\n<meta property=\"og:type\" content=\"article\" \/>\n<meta property=\"og:title\" content=\"TBK 958S Automatic Dismantling Screen Machine - Professional Touch Screen Separator for Phone &amp; Tablet Repair - Smart System &amp; Super-Fast Heating - Industrial Grade - Fast Shipping - InsurePart\" \/>\n<meta property=\"og:description\" content=\"TBK 958S Automatic Dismantling Screen Machine - Professional Touch Screen Separator for Phone &amp; Tablet Repair - Smart System &amp; Super-Fast Heating - Industrial Grade - Fast Shipping\" \/>\n<meta property=\"og:url\" content=\"https:\/\/www.dt-smart.com\/de\/produkt\/tpk-958s-automatic-dismantling-screen-machine\/\" \/>\n<meta property=\"og:site_name\" content=\"InsurePart\" \/>\n<meta property=\"article:publisher\" content=\"https:\/\/www.facebook.com\/anjinleeEva\" \/>\n<meta property=\"article:modified_time\" content=\"2026-01-09T02:55:04+00:00\" \/>\n<meta property=\"og:image\" content=\"https:\/\/www.dt-smart.com\/wp-content\/uploads\/2023\/12\/1-65.jpg\" \/>\n\t<meta property=\"og:image:width\" content=\"1000\" \/>\n\t<meta property=\"og:image:height\" content=\"1000\" \/>\n\t<meta property=\"og:image:type\" content=\"image\/jpeg\" \/>\n<meta name=\"twitter:card\" content=\"summary_large_image\" \/>\n<meta name=\"twitter:label1\" content=\"Gesch\u00e4tzte Lesezeit\" \/>\n\t<meta name=\"twitter:data1\" content=\"4\u00a0Minuten\" \/>\n<script type=\"application\/ld+json\" class=\"yoast-schema-graph\">{\"@context\":\"https:\\\/\\\/schema.org\",\"@graph\":[{\"@type\":\"WebPage\",\"@id\":\"https:\\\/\\\/www.dt-smart.com\\\/product\\\/tpk-958s-automatic-dismantling-screen-machine\\\/\",\"url\":\"https:\\\/\\\/www.dt-smart.com\\\/product\\\/tpk-958s-automatic-dismantling-screen-machine\\\/\",\"name\":\"TBK 958S Automatic Dismantling Screen Machine - Professional Touch Screen Separator for Phone & Tablet Repair - Smart System & Super-Fast Heating - Industrial Grade - Fast Shipping - InsurePart\",\"isPartOf\":{\"@id\":\"https:\\\/\\\/www.dt-smart.com\\\/#website\"},\"primaryImageOfPage\":{\"@id\":\"https:\\\/\\\/www.dt-smart.com\\\/product\\\/tpk-958s-automatic-dismantling-screen-machine\\\/#primaryimage\"},\"image\":{\"@id\":\"https:\\\/\\\/www.dt-smart.com\\\/product\\\/tpk-958s-automatic-dismantling-screen-machine\\\/#primaryimage\"},\"thumbnailUrl\":\"https:\\\/\\\/www.dt-smart.com\\\/wp-content\\\/uploads\\\/2023\\\/12\\\/1-65.jpg\",\"datePublished\":\"2023-11-03T04:28:55+00:00\",\"dateModified\":\"2026-01-09T02:55:04+00:00\",\"description\":\"TBK 958S Automatic Dismantling Screen Machine - Professional Touch Screen Separator for Phone & Tablet Repair - Smart System & Super-Fast Heating - Industrial Grade - Fast Shipping\",\"breadcrumb\":{\"@id\":\"https:\\\/\\\/www.dt-smart.com\\\/product\\\/tpk-958s-automatic-dismantling-screen-machine\\\/#breadcrumb\"},\"inLanguage\":\"de\",\"potentialAction\":[{\"@type\":\"ReadAction\",\"target\":[\"https:\\\/\\\/www.dt-smart.com\\\/product\\\/tpk-958s-automatic-dismantling-screen-machine\\\/\"]}]},{\"@type\":\"ImageObject\",\"inLanguage\":\"de\",\"@id\":\"https:\\\/\\\/www.dt-smart.com\\\/product\\\/tpk-958s-automatic-dismantling-screen-machine\\\/#primaryimage\",\"url\":\"https:\\\/\\\/www.dt-smart.com\\\/wp-content\\\/uploads\\\/2023\\\/12\\\/1-65.jpg\",\"contentUrl\":\"https:\\\/\\\/www.dt-smart.com\\\/wp-content\\\/uploads\\\/2023\\\/12\\\/1-65.jpg\",\"width\":1000,\"height\":1000},{\"@type\":\"BreadcrumbList\",\"@id\":\"https:\\\/\\\/www.dt-smart.com\\\/product\\\/tpk-958s-automatic-dismantling-screen-machine\\\/#breadcrumb\",\"itemListElement\":[{\"@type\":\"ListItem\",\"position\":1,\"name\":\"Home\",\"item\":\"https:\\\/\\\/www.dt-smart.com\\\/\"},{\"@type\":\"ListItem\",\"position\":2,\"name\":\"Product\",\"item\":\"https:\\\/\\\/www.dt-smart.com\\\/ru\\\/product\\\/\"},{\"@type\":\"ListItem\",\"position\":3,\"name\":\"TBK 958S Automatic Dismantling Screen Machine &#8211; Professional Touch Screen Separator for Phone &#038; Tablet Repair &#8211; Smart System &#038; Super-Fast Heating &#8211; Industrial Grade &#8211; Fast Shipping\"}]},{\"@type\":\"WebSite\",\"@id\":\"https:\\\/\\\/www.dt-smart.com\\\/#website\",\"url\":\"https:\\\/\\\/www.dt-smart.com\\\/\",\"name\":\"InsurePart\",\"description\":\"Cell Phone Repair Parts; iPhone Parts Wholesale;Samsung Parts Supplier\",\"potentialAction\":[{\"@type\":\"SearchAction\",\"target\":{\"@type\":\"EntryPoint\",\"urlTemplate\":\"https:\\\/\\\/www.dt-smart.com\\\/?s={search_term_string}\"},\"query-input\":{\"@type\":\"PropertyValueSpecification\",\"valueRequired\":true,\"valueName\":\"search_term_string\"}}],\"inLanguage\":\"de\"}]}<\/script>\n<!-- \/ Yoast SEO plugin. -->","yoast_head_json":{"title":"TBK 958S Automatic Dismantling Screen Machine - Professional Touch Screen Separator for Phone & Tablet Repair - Smart System & Super-Fast Heating - Industrial Grade - Fast Shipping - InsurePart","description":"TBK 958S Automatic Dismantling Screen Machine - Professional Touch Screen Separator for Phone & Tablet Repair - Smart System & Super-Fast Heating - Industrial Grade - Fast Shipping","robots":{"index":"index","follow":"follow","max-snippet":"max-snippet:-1","max-image-preview":"max-image-preview:large","max-video-preview":"max-video-preview:-1"},"canonical":"https:\/\/www.dt-smart.com\/de\/produkt\/tpk-958s-automatic-dismantling-screen-machine\/","og_locale":"de_DE","og_type":"article","og_title":"TBK 958S Automatic Dismantling Screen Machine - Professional Touch Screen Separator for Phone & Tablet Repair - Smart System & Super-Fast Heating - Industrial Grade - Fast Shipping - InsurePart","og_description":"TBK 958S Automatic Dismantling Screen Machine - Professional Touch Screen Separator for Phone & Tablet Repair - Smart System & Super-Fast Heating - Industrial Grade - Fast Shipping","og_url":"https:\/\/www.dt-smart.com\/de\/produkt\/tpk-958s-automatic-dismantling-screen-machine\/","og_site_name":"InsurePart","article_publisher":"https:\/\/www.facebook.com\/anjinleeEva","article_modified_time":"2026-01-09T02:55:04+00:00","og_image":[{"width":1000,"height":1000,"url":"https:\/\/www.dt-smart.com\/wp-content\/uploads\/2023\/12\/1-65.jpg","type":"image\/jpeg"}],"twitter_card":"summary_large_image","twitter_misc":{"Gesch\u00e4tzte Lesezeit":"4\u00a0Minuten"},"schema":{"@context":"https:\/\/schema.org","@graph":[{"@type":"WebPage","@id":"https:\/\/www.dt-smart.com\/product\/tpk-958s-automatic-dismantling-screen-machine\/","url":"https:\/\/www.dt-smart.com\/product\/tpk-958s-automatic-dismantling-screen-machine\/","name":"TBK 958S Automatic Dismantling Screen Machine - Professional Touch Screen Separator for Phone & Tablet Repair - Smart System & Super-Fast Heating - Industrial Grade - Fast Shipping - InsurePart","isPartOf":{"@id":"https:\/\/www.dt-smart.com\/#website"},"primaryImageOfPage":{"@id":"https:\/\/www.dt-smart.com\/product\/tpk-958s-automatic-dismantling-screen-machine\/#primaryimage"},"image":{"@id":"https:\/\/www.dt-smart.com\/product\/tpk-958s-automatic-dismantling-screen-machine\/#primaryimage"},"thumbnailUrl":"https:\/\/www.dt-smart.com\/wp-content\/uploads\/2023\/12\/1-65.jpg","datePublished":"2023-11-03T04:28:55+00:00","dateModified":"2026-01-09T02:55:04+00:00","description":"TBK 958S Automatic Dismantling Screen Machine - Professional Touch Screen Separator for Phone & Tablet Repair - Smart System & Super-Fast Heating - Industrial Grade - Fast Shipping","breadcrumb":{"@id":"https:\/\/www.dt-smart.com\/product\/tpk-958s-automatic-dismantling-screen-machine\/#breadcrumb"},"inLanguage":"de","potentialAction":[{"@type":"ReadAction","target":["https:\/\/www.dt-smart.com\/product\/tpk-958s-automatic-dismantling-screen-machine\/"]}]},{"@type":"ImageObject","inLanguage":"de","@id":"https:\/\/www.dt-smart.com\/product\/tpk-958s-automatic-dismantling-screen-machine\/#primaryimage","url":"https:\/\/www.dt-smart.com\/wp-content\/uploads\/2023\/12\/1-65.jpg","contentUrl":"https:\/\/www.dt-smart.com\/wp-content\/uploads\/2023\/12\/1-65.jpg","width":1000,"height":1000},{"@type":"BreadcrumbList","@id":"https:\/\/www.dt-smart.com\/product\/tpk-958s-automatic-dismantling-screen-machine\/#breadcrumb","itemListElement":[{"@type":"ListItem","position":1,"name":"Home","item":"https:\/\/www.dt-smart.com\/"},{"@type":"ListItem","position":2,"name":"Product","item":"https:\/\/www.dt-smart.com\/ru\/product\/"},{"@type":"ListItem","position":3,"name":"TBK 958S Automatic Dismantling Screen Machine &#8211; Professional Touch Screen Separator for Phone &#038; Tablet Repair &#8211; Smart System &#038; Super-Fast Heating &#8211; Industrial Grade &#8211; Fast Shipping"}]},{"@type":"WebSite","@id":"https:\/\/www.dt-smart.com\/#website","url":"https:\/\/www.dt-smart.com\/","name":"InsurePart","description":"Handy-Ersatzteile; iPhone-Ersatzteile im Gro\u00dfhandel; Samsung-Ersatzteillieferant","potentialAction":[{"@type":"SearchAction","target":{"@type":"EntryPoint","urlTemplate":"https:\/\/www.dt-smart.com\/?s={search_term_string}"},"query-input":{"@type":"PropertyValueSpecification","valueRequired":true,"valueName":"search_term_string"}}],"inLanguage":"de"}]}},"_links":{"self":[{"href":"https:\/\/www.dt-smart.com\/de\/wp-json\/wp\/v2\/product\/4048","targetHints":{"allow":["GET"]}}],"collection":[{"href":"https:\/\/www.dt-smart.com\/de\/wp-json\/wp\/v2\/product"}],"about":[{"href":"https:\/\/www.dt-smart.com\/de\/wp-json\/wp\/v2\/types\/product"}],"replies":[{"embeddable":true,"href":"https:\/\/www.dt-smart.com\/de\/wp-json\/wp\/v2\/comments?post=4048"}],"version-history":[{"count":6,"href":"https:\/\/www.dt-smart.com\/de\/wp-json\/wp\/v2\/product\/4048\/revisions"}],"predecessor-version":[{"id":24489,"href":"https:\/\/www.dt-smart.com\/de\/wp-json\/wp\/v2\/product\/4048\/revisions\/24489"}],"wp:featuredmedia":[{"embeddable":true,"href":"https:\/\/www.dt-smart.com\/de\/wp-json\/wp\/v2\/media\/10446"}],"wp:attachment":[{"href":"https:\/\/www.dt-smart.com\/de\/wp-json\/wp\/v2\/media?parent=4048"}],"wp:term":[{"taxonomy":"product_brand","embeddable":true,"href":"https:\/\/www.dt-smart.com\/de\/wp-json\/wp\/v2\/product_brand?post=4048"},{"taxonomy":"product_cat","embeddable":true,"href":"https:\/\/www.dt-smart.com\/de\/wp-json\/wp\/v2\/product_cat?post=4048"},{"taxonomy":"product_tag","embeddable":true,"href":"https:\/\/www.dt-smart.com\/de\/wp-json\/wp\/v2\/product_tag?post=4048"}],"curies":[{"name":"wp","href":"https:\/\/api.w.org\/{rel}","templated":true}]}}