{"id":8408,"date":"2023-12-14T12:03:36","date_gmt":"2023-12-14T04:03:36","guid":{"rendered":"https:\/\/dt-smart.com\/?post_type=product&#038;p=8408"},"modified":"2026-01-08T16:30:25","modified_gmt":"2026-01-08T08:30:25","slug":"metal-disassembly-film","status":"publish","type":"product","link":"https:\/\/www.dt-smart.com\/de\/produkt\/metal-disassembly-film\/","title":{"rendered":"Reparaturklebeband f\u00fcr Metallrahmen \u2013 hitzebest\u00e4ndig f\u00fcr die Bildschirmentfernung, stabile Unterst\u00fctzung f\u00fcr die Ausrichtung. Schneller Versand."},"content":{"rendered":"<p><img fetchpriority=\"high\" decoding=\"async\" class=\"alignnone size-full wp-image-8209 aligncenter\" src=\"https:\/\/dt-smart.com\/wp-content\/uploads\/2023\/12\/20210812135647_74746.jpg\" alt=\"\" width=\"750\" height=\"1312\" srcset=\"https:\/\/www.dt-smart.com\/wp-content\/uploads\/2023\/12\/20210812135647_74746.jpg 750w, https:\/\/www.dt-smart.com\/wp-content\/uploads\/2023\/12\/20210812135647_74746-300x525.jpg 300w, https:\/\/www.dt-smart.com\/wp-content\/uploads\/2023\/12\/20210812135647_74746-150x262.jpg 150w, https:\/\/www.dt-smart.com\/wp-content\/uploads\/2023\/12\/20210812135647_74746-600x1050.jpg 600w, https:\/\/www.dt-smart.com\/wp-content\/uploads\/2023\/12\/20210812135647_74746-171x300.jpg 171w, https:\/\/www.dt-smart.com\/wp-content\/uploads\/2023\/12\/20210812135647_74746-585x1024.jpg 585w, https:\/\/www.dt-smart.com\/wp-content\/uploads\/2023\/12\/20210812135647_74746-7x12.jpg 7w\" sizes=\"(max-width: 750px) 100vw, 750px\" \/> <img decoding=\"async\" class=\"alignnone size-full wp-image-8210 aligncenter\" src=\"https:\/\/dt-smart.com\/wp-content\/uploads\/2023\/12\/20210812135650_86108.jpg\" alt=\"\" width=\"750\" height=\"1200\" srcset=\"https:\/\/www.dt-smart.com\/wp-content\/uploads\/2023\/12\/20210812135650_86108.jpg 750w, https:\/\/www.dt-smart.com\/wp-content\/uploads\/2023\/12\/20210812135650_86108-300x480.jpg 300w, https:\/\/www.dt-smart.com\/wp-content\/uploads\/2023\/12\/20210812135650_86108-150x240.jpg 150w, https:\/\/www.dt-smart.com\/wp-content\/uploads\/2023\/12\/20210812135650_86108-600x960.jpg 600w, https:\/\/www.dt-smart.com\/wp-content\/uploads\/2023\/12\/20210812135650_86108-188x300.jpg 188w, https:\/\/www.dt-smart.com\/wp-content\/uploads\/2023\/12\/20210812135650_86108-640x1024.jpg 640w, https:\/\/www.dt-smart.com\/wp-content\/uploads\/2023\/12\/20210812135650_86108-8x12.jpg 8w\" sizes=\"(max-width: 750px) 100vw, 750px\" \/> <img decoding=\"async\" class=\"alignnone size-full wp-image-8211 aligncenter\" src=\"https:\/\/dt-smart.com\/wp-content\/uploads\/2023\/12\/20210812135652_57042.jpg\" alt=\"\" width=\"750\" height=\"1431\" srcset=\"https:\/\/www.dt-smart.com\/wp-content\/uploads\/2023\/12\/20210812135652_57042.jpg 750w, https:\/\/www.dt-smart.com\/wp-content\/uploads\/2023\/12\/20210812135652_57042-300x572.jpg 300w, https:\/\/www.dt-smart.com\/wp-content\/uploads\/2023\/12\/20210812135652_57042-150x286.jpg 150w, https:\/\/www.dt-smart.com\/wp-content\/uploads\/2023\/12\/20210812135652_57042-600x1145.jpg 600w, https:\/\/www.dt-smart.com\/wp-content\/uploads\/2023\/12\/20210812135652_57042-157x300.jpg 157w, https:\/\/www.dt-smart.com\/wp-content\/uploads\/2023\/12\/20210812135652_57042-537x1024.jpg 537w, https:\/\/www.dt-smart.com\/wp-content\/uploads\/2023\/12\/20210812135652_57042-6x12.jpg 6w\" sizes=\"(max-width: 750px) 100vw, 750px\" \/> <img loading=\"lazy\" decoding=\"async\" class=\"alignnone size-full wp-image-8212 aligncenter\" src=\"https:\/\/dt-smart.com\/wp-content\/uploads\/2023\/12\/20210812135654_80824.jpg\" alt=\"\" width=\"750\" height=\"1200\" srcset=\"https:\/\/www.dt-smart.com\/wp-content\/uploads\/2023\/12\/20210812135654_80824.jpg 750w, https:\/\/www.dt-smart.com\/wp-content\/uploads\/2023\/12\/20210812135654_80824-300x480.jpg 300w, https:\/\/www.dt-smart.com\/wp-content\/uploads\/2023\/12\/20210812135654_80824-150x240.jpg 150w, https:\/\/www.dt-smart.com\/wp-content\/uploads\/2023\/12\/20210812135654_80824-600x960.jpg 600w, https:\/\/www.dt-smart.com\/wp-content\/uploads\/2023\/12\/20210812135654_80824-188x300.jpg 188w, https:\/\/www.dt-smart.com\/wp-content\/uploads\/2023\/12\/20210812135654_80824-640x1024.jpg 640w, https:\/\/www.dt-smart.com\/wp-content\/uploads\/2023\/12\/20210812135654_80824-8x12.jpg 8w\" sizes=\"(max-width: 750px) 100vw, 750px\" \/> <img loading=\"lazy\" decoding=\"async\" class=\"alignnone size-full wp-image-8213 aligncenter\" src=\"https:\/\/dt-smart.com\/wp-content\/uploads\/2023\/12\/20210812135656_42991.jpg\" alt=\"\" width=\"750\" height=\"1211\" srcset=\"https:\/\/www.dt-smart.com\/wp-content\/uploads\/2023\/12\/20210812135656_42991.jpg 750w, https:\/\/www.dt-smart.com\/wp-content\/uploads\/2023\/12\/20210812135656_42991-300x484.jpg 300w, https:\/\/www.dt-smart.com\/wp-content\/uploads\/2023\/12\/20210812135656_42991-150x242.jpg 150w, https:\/\/www.dt-smart.com\/wp-content\/uploads\/2023\/12\/20210812135656_42991-600x969.jpg 600w, https:\/\/www.dt-smart.com\/wp-content\/uploads\/2023\/12\/20210812135656_42991-186x300.jpg 186w, https:\/\/www.dt-smart.com\/wp-content\/uploads\/2023\/12\/20210812135656_42991-634x1024.jpg 634w, https:\/\/www.dt-smart.com\/wp-content\/uploads\/2023\/12\/20210812135656_42991-7x12.jpg 7w\" sizes=\"(max-width: 750px) 100vw, 750px\" \/> <img loading=\"lazy\" decoding=\"async\" class=\"alignnone size-full wp-image-8214 aligncenter\" src=\"https:\/\/dt-smart.com\/wp-content\/uploads\/2023\/12\/20210812135658_76772.jpg\" alt=\"\" width=\"750\" height=\"1532\" srcset=\"https:\/\/www.dt-smart.com\/wp-content\/uploads\/2023\/12\/20210812135658_76772.jpg 750w, https:\/\/www.dt-smart.com\/wp-content\/uploads\/2023\/12\/20210812135658_76772-300x613.jpg 300w, https:\/\/www.dt-smart.com\/wp-content\/uploads\/2023\/12\/20210812135658_76772-150x306.jpg 150w, https:\/\/www.dt-smart.com\/wp-content\/uploads\/2023\/12\/20210812135658_76772-600x1226.jpg 600w, https:\/\/www.dt-smart.com\/wp-content\/uploads\/2023\/12\/20210812135658_76772-147x300.jpg 147w, https:\/\/www.dt-smart.com\/wp-content\/uploads\/2023\/12\/20210812135658_76772-501x1024.jpg 501w, https:\/\/www.dt-smart.com\/wp-content\/uploads\/2023\/12\/20210812135658_76772-6x12.jpg 6w\" sizes=\"(max-width: 750px) 100vw, 750px\" \/> <img loading=\"lazy\" decoding=\"async\" class=\"alignnone size-full wp-image-8215 aligncenter\" src=\"https:\/\/dt-smart.com\/wp-content\/uploads\/2023\/12\/20210812135700_75910.jpg\" alt=\"\" width=\"750\" height=\"1211\" srcset=\"https:\/\/www.dt-smart.com\/wp-content\/uploads\/2023\/12\/20210812135700_75910.jpg 750w, https:\/\/www.dt-smart.com\/wp-content\/uploads\/2023\/12\/20210812135700_75910-300x484.jpg 300w, https:\/\/www.dt-smart.com\/wp-content\/uploads\/2023\/12\/20210812135700_75910-150x242.jpg 150w, https:\/\/www.dt-smart.com\/wp-content\/uploads\/2023\/12\/20210812135700_75910-600x969.jpg 600w, https:\/\/www.dt-smart.com\/wp-content\/uploads\/2023\/12\/20210812135700_75910-186x300.jpg 186w, https:\/\/www.dt-smart.com\/wp-content\/uploads\/2023\/12\/20210812135700_75910-634x1024.jpg 634w, https:\/\/www.dt-smart.com\/wp-content\/uploads\/2023\/12\/20210812135700_75910-7x12.jpg 7w\" sizes=\"(max-width: 750px) 100vw, 750px\" \/> <img loading=\"lazy\" decoding=\"async\" class=\"alignnone size-full wp-image-8216 aligncenter\" src=\"https:\/\/dt-smart.com\/wp-content\/uploads\/2023\/12\/20210812135702_45482.jpg\" alt=\"\" width=\"750\" height=\"1483\" srcset=\"https:\/\/www.dt-smart.com\/wp-content\/uploads\/2023\/12\/20210812135702_45482.jpg 750w, https:\/\/www.dt-smart.com\/wp-content\/uploads\/2023\/12\/20210812135702_45482-300x593.jpg 300w, https:\/\/www.dt-smart.com\/wp-content\/uploads\/2023\/12\/20210812135702_45482-150x297.jpg 150w, https:\/\/www.dt-smart.com\/wp-content\/uploads\/2023\/12\/20210812135702_45482-600x1186.jpg 600w, https:\/\/www.dt-smart.com\/wp-content\/uploads\/2023\/12\/20210812135702_45482-152x300.jpg 152w, https:\/\/www.dt-smart.com\/wp-content\/uploads\/2023\/12\/20210812135702_45482-518x1024.jpg 518w, https:\/\/www.dt-smart.com\/wp-content\/uploads\/2023\/12\/20210812135702_45482-6x12.jpg 6w\" sizes=\"(max-width: 750px) 100vw, 750px\" \/> <img loading=\"lazy\" decoding=\"async\" class=\"alignnone size-full wp-image-8217 aligncenter\" src=\"https:\/\/dt-smart.com\/wp-content\/uploads\/2023\/12\/20210812135702_50333.jpg\" alt=\"\" width=\"750\" height=\"1184\" srcset=\"https:\/\/www.dt-smart.com\/wp-content\/uploads\/2023\/12\/20210812135702_50333.jpg 750w, https:\/\/www.dt-smart.com\/wp-content\/uploads\/2023\/12\/20210812135702_50333-300x474.jpg 300w, https:\/\/www.dt-smart.com\/wp-content\/uploads\/2023\/12\/20210812135702_50333-150x237.jpg 150w, https:\/\/www.dt-smart.com\/wp-content\/uploads\/2023\/12\/20210812135702_50333-600x947.jpg 600w, https:\/\/www.dt-smart.com\/wp-content\/uploads\/2023\/12\/20210812135702_50333-190x300.jpg 190w, https:\/\/www.dt-smart.com\/wp-content\/uploads\/2023\/12\/20210812135702_50333-649x1024.jpg 649w, https:\/\/www.dt-smart.com\/wp-content\/uploads\/2023\/12\/20210812135702_50333-8x12.jpg 8w\" sizes=\"(max-width: 750px) 100vw, 750px\" \/> <img loading=\"lazy\" decoding=\"async\" class=\"alignnone size-full wp-image-8218 aligncenter\" src=\"https:\/\/dt-smart.com\/wp-content\/uploads\/2023\/12\/20210812135702_63212.jpg\" alt=\"\" width=\"750\" height=\"1148\" srcset=\"https:\/\/www.dt-smart.com\/wp-content\/uploads\/2023\/12\/20210812135702_63212.jpg 750w, https:\/\/www.dt-smart.com\/wp-content\/uploads\/2023\/12\/20210812135702_63212-300x459.jpg 300w, https:\/\/www.dt-smart.com\/wp-content\/uploads\/2023\/12\/20210812135702_63212-150x230.jpg 150w, https:\/\/www.dt-smart.com\/wp-content\/uploads\/2023\/12\/20210812135702_63212-600x918.jpg 600w, https:\/\/www.dt-smart.com\/wp-content\/uploads\/2023\/12\/20210812135702_63212-196x300.jpg 196w, https:\/\/www.dt-smart.com\/wp-content\/uploads\/2023\/12\/20210812135702_63212-669x1024.jpg 669w, https:\/\/www.dt-smart.com\/wp-content\/uploads\/2023\/12\/20210812135702_63212-8x12.jpg 8w\" sizes=\"(max-width: 750px) 100vw, 750px\" \/><\/p>","protected":false},"excerpt":{"rendered":"","protected":false},"featured_media":8206,"comment_status":"open","ping_status":"closed","template":"","meta":[],"product_brand":[],"product_cat":[1165],"product_tag":[],"class_list":{"0":"post-8408","1":"product","2":"type-product","3":"status-publish","4":"has-post-thumbnail","6":"product_cat-screen-pick","8":"first","9":"instock","10":"taxable","11":"shipping-taxable","12":"purchasable","13":"product-type-simple"},"yoast_head":"<!-- This site is optimized with the Yoast SEO plugin v27.4 - https:\/\/yoast.com\/product\/yoast-seo-wordpress\/ -->\n<title>Metal Frame Repair Tape - Heat-Resistant for Screen Removal, Rigid Support for Alignment. Fast Shipping - InsurePart<\/title>\n<meta name=\"robots\" content=\"index, follow, max-snippet:-1, max-image-preview:large, max-video-preview:-1\" \/>\n<link rel=\"canonical\" href=\"https:\/\/www.dt-smart.com\/de\/produkt\/metal-disassembly-film\/\" \/>\n<meta property=\"og:locale\" content=\"de_DE\" \/>\n<meta property=\"og:type\" content=\"article\" \/>\n<meta property=\"og:title\" content=\"Metal Frame Repair Tape - Heat-Resistant for Screen Removal, Rigid Support for Alignment. Fast Shipping - InsurePart\" \/>\n<meta property=\"og:url\" content=\"https:\/\/www.dt-smart.com\/de\/produkt\/metal-disassembly-film\/\" \/>\n<meta property=\"og:site_name\" content=\"InsurePart\" \/>\n<meta property=\"article:publisher\" content=\"https:\/\/www.facebook.com\/anjinleeEva\" \/>\n<meta property=\"article:modified_time\" content=\"2026-01-08T08:30:25+00:00\" \/>\n<meta property=\"og:image\" content=\"https:\/\/www.dt-smart.com\/wp-content\/uploads\/2023\/12\/3-6.jpg\" \/>\n\t<meta property=\"og:image:width\" content=\"1000\" \/>\n\t<meta property=\"og:image:height\" content=\"1000\" \/>\n\t<meta property=\"og:image:type\" content=\"image\/jpeg\" \/>\n<meta name=\"twitter:card\" content=\"summary_large_image\" \/>\n<meta name=\"twitter:label1\" content=\"Gesch\u00e4tzte Lesezeit\" \/>\n\t<meta name=\"twitter:data1\" content=\"3\u00a0Minuten\" \/>\n<script type=\"application\/ld+json\" class=\"yoast-schema-graph\">{\"@context\":\"https:\\\/\\\/schema.org\",\"@graph\":[{\"@type\":\"WebPage\",\"@id\":\"https:\\\/\\\/www.dt-smart.com\\\/product\\\/metal-disassembly-film\\\/\",\"url\":\"https:\\\/\\\/www.dt-smart.com\\\/product\\\/metal-disassembly-film\\\/\",\"name\":\"Metal Frame Repair Tape - Heat-Resistant for Screen Removal, Rigid Support for Alignment. Fast Shipping - InsurePart\",\"isPartOf\":{\"@id\":\"https:\\\/\\\/www.dt-smart.com\\\/#website\"},\"primaryImageOfPage\":{\"@id\":\"https:\\\/\\\/www.dt-smart.com\\\/product\\\/metal-disassembly-film\\\/#primaryimage\"},\"image\":{\"@id\":\"https:\\\/\\\/www.dt-smart.com\\\/product\\\/metal-disassembly-film\\\/#primaryimage\"},\"thumbnailUrl\":\"https:\\\/\\\/www.dt-smart.com\\\/wp-content\\\/uploads\\\/2023\\\/12\\\/3-6.jpg\",\"datePublished\":\"2023-12-14T04:03:36+00:00\",\"dateModified\":\"2026-01-08T08:30:25+00:00\",\"breadcrumb\":{\"@id\":\"https:\\\/\\\/www.dt-smart.com\\\/product\\\/metal-disassembly-film\\\/#breadcrumb\"},\"inLanguage\":\"de\",\"potentialAction\":[{\"@type\":\"ReadAction\",\"target\":[\"https:\\\/\\\/www.dt-smart.com\\\/product\\\/metal-disassembly-film\\\/\"]}]},{\"@type\":\"ImageObject\",\"inLanguage\":\"de\",\"@id\":\"https:\\\/\\\/www.dt-smart.com\\\/product\\\/metal-disassembly-film\\\/#primaryimage\",\"url\":\"https:\\\/\\\/www.dt-smart.com\\\/wp-content\\\/uploads\\\/2023\\\/12\\\/3-6.jpg\",\"contentUrl\":\"https:\\\/\\\/www.dt-smart.com\\\/wp-content\\\/uploads\\\/2023\\\/12\\\/3-6.jpg\",\"width\":1000,\"height\":1000},{\"@type\":\"BreadcrumbList\",\"@id\":\"https:\\\/\\\/www.dt-smart.com\\\/product\\\/metal-disassembly-film\\\/#breadcrumb\",\"itemListElement\":[{\"@type\":\"ListItem\",\"position\":1,\"name\":\"Home\",\"item\":\"https:\\\/\\\/www.dt-smart.com\\\/\"},{\"@type\":\"ListItem\",\"position\":2,\"name\":\"Product\",\"item\":\"https:\\\/\\\/www.dt-smart.com\\\/ru\\\/product\\\/\"},{\"@type\":\"ListItem\",\"position\":3,\"name\":\"Metal Frame Repair Tape &#8211; Heat-Resistant for Screen Removal, Rigid Support for Alignment. Fast Shipping\"}]},{\"@type\":\"WebSite\",\"@id\":\"https:\\\/\\\/www.dt-smart.com\\\/#website\",\"url\":\"https:\\\/\\\/www.dt-smart.com\\\/\",\"name\":\"InsurePart\",\"description\":\"Cell Phone Repair Parts; iPhone Parts Wholesale;Samsung Parts Supplier\",\"potentialAction\":[{\"@type\":\"SearchAction\",\"target\":{\"@type\":\"EntryPoint\",\"urlTemplate\":\"https:\\\/\\\/www.dt-smart.com\\\/?s={search_term_string}\"},\"query-input\":{\"@type\":\"PropertyValueSpecification\",\"valueRequired\":true,\"valueName\":\"search_term_string\"}}],\"inLanguage\":\"de\"}]}<\/script>\n<!-- \/ Yoast SEO plugin. -->","yoast_head_json":{"title":"Metal Frame Repair Tape - Heat-Resistant for Screen Removal, Rigid Support for Alignment. Fast Shipping - InsurePart","robots":{"index":"index","follow":"follow","max-snippet":"max-snippet:-1","max-image-preview":"max-image-preview:large","max-video-preview":"max-video-preview:-1"},"canonical":"https:\/\/www.dt-smart.com\/de\/produkt\/metal-disassembly-film\/","og_locale":"de_DE","og_type":"article","og_title":"Metal Frame Repair Tape - Heat-Resistant for Screen Removal, Rigid Support for Alignment. Fast Shipping - InsurePart","og_url":"https:\/\/www.dt-smart.com\/de\/produkt\/metal-disassembly-film\/","og_site_name":"InsurePart","article_publisher":"https:\/\/www.facebook.com\/anjinleeEva","article_modified_time":"2026-01-08T08:30:25+00:00","og_image":[{"width":1000,"height":1000,"url":"https:\/\/www.dt-smart.com\/wp-content\/uploads\/2023\/12\/3-6.jpg","type":"image\/jpeg"}],"twitter_card":"summary_large_image","twitter_misc":{"Gesch\u00e4tzte Lesezeit":"3\u00a0Minuten"},"schema":{"@context":"https:\/\/schema.org","@graph":[{"@type":"WebPage","@id":"https:\/\/www.dt-smart.com\/product\/metal-disassembly-film\/","url":"https:\/\/www.dt-smart.com\/product\/metal-disassembly-film\/","name":"Metal Frame Repair Tape - Heat-Resistant for Screen Removal, Rigid Support for Alignment. Fast Shipping - InsurePart","isPartOf":{"@id":"https:\/\/www.dt-smart.com\/#website"},"primaryImageOfPage":{"@id":"https:\/\/www.dt-smart.com\/product\/metal-disassembly-film\/#primaryimage"},"image":{"@id":"https:\/\/www.dt-smart.com\/product\/metal-disassembly-film\/#primaryimage"},"thumbnailUrl":"https:\/\/www.dt-smart.com\/wp-content\/uploads\/2023\/12\/3-6.jpg","datePublished":"2023-12-14T04:03:36+00:00","dateModified":"2026-01-08T08:30:25+00:00","breadcrumb":{"@id":"https:\/\/www.dt-smart.com\/product\/metal-disassembly-film\/#breadcrumb"},"inLanguage":"de","potentialAction":[{"@type":"ReadAction","target":["https:\/\/www.dt-smart.com\/product\/metal-disassembly-film\/"]}]},{"@type":"ImageObject","inLanguage":"de","@id":"https:\/\/www.dt-smart.com\/product\/metal-disassembly-film\/#primaryimage","url":"https:\/\/www.dt-smart.com\/wp-content\/uploads\/2023\/12\/3-6.jpg","contentUrl":"https:\/\/www.dt-smart.com\/wp-content\/uploads\/2023\/12\/3-6.jpg","width":1000,"height":1000},{"@type":"BreadcrumbList","@id":"https:\/\/www.dt-smart.com\/product\/metal-disassembly-film\/#breadcrumb","itemListElement":[{"@type":"ListItem","position":1,"name":"Home","item":"https:\/\/www.dt-smart.com\/"},{"@type":"ListItem","position":2,"name":"Product","item":"https:\/\/www.dt-smart.com\/ru\/product\/"},{"@type":"ListItem","position":3,"name":"Metal Frame Repair Tape &#8211; Heat-Resistant for Screen Removal, Rigid Support for Alignment. Fast Shipping"}]},{"@type":"WebSite","@id":"https:\/\/www.dt-smart.com\/#website","url":"https:\/\/www.dt-smart.com\/","name":"InsurePart","description":"Handy-Ersatzteile; iPhone-Ersatzteile im Gro\u00dfhandel; Samsung-Ersatzteillieferant","potentialAction":[{"@type":"SearchAction","target":{"@type":"EntryPoint","urlTemplate":"https:\/\/www.dt-smart.com\/?s={search_term_string}"},"query-input":{"@type":"PropertyValueSpecification","valueRequired":true,"valueName":"search_term_string"}}],"inLanguage":"de"}]}},"_links":{"self":[{"href":"https:\/\/www.dt-smart.com\/de\/wp-json\/wp\/v2\/product\/8408","targetHints":{"allow":["GET"]}}],"collection":[{"href":"https:\/\/www.dt-smart.com\/de\/wp-json\/wp\/v2\/product"}],"about":[{"href":"https:\/\/www.dt-smart.com\/de\/wp-json\/wp\/v2\/types\/product"}],"replies":[{"embeddable":true,"href":"https:\/\/www.dt-smart.com\/de\/wp-json\/wp\/v2\/comments?post=8408"}],"version-history":[{"count":2,"href":"https:\/\/www.dt-smart.com\/de\/wp-json\/wp\/v2\/product\/8408\/revisions"}],"predecessor-version":[{"id":24480,"href":"https:\/\/www.dt-smart.com\/de\/wp-json\/wp\/v2\/product\/8408\/revisions\/24480"}],"wp:featuredmedia":[{"embeddable":true,"href":"https:\/\/www.dt-smart.com\/de\/wp-json\/wp\/v2\/media\/8206"}],"wp:attachment":[{"href":"https:\/\/www.dt-smart.com\/de\/wp-json\/wp\/v2\/media?parent=8408"}],"wp:term":[{"taxonomy":"product_brand","embeddable":true,"href":"https:\/\/www.dt-smart.com\/de\/wp-json\/wp\/v2\/product_brand?post=8408"},{"taxonomy":"product_cat","embeddable":true,"href":"https:\/\/www.dt-smart.com\/de\/wp-json\/wp\/v2\/product_cat?post=8408"},{"taxonomy":"product_tag","embeddable":true,"href":"https:\/\/www.dt-smart.com\/de\/wp-json\/wp\/v2\/product_tag?post=8408"}],"curies":[{"name":"wp","href":"https:\/\/api.w.org\/{rel}","templated":true}]}}