{"id":12081,"date":"2024-01-23T16:03:59","date_gmt":"2024-01-23T08:03:59","guid":{"rendered":"https:\/\/dt-smart.com\/?page_id=12081"},"modified":"2025-12-23T12:10:26","modified_gmt":"2025-12-23T04:10:26","slug":"quality-standards","status":"publish","type":"page","link":"https:\/\/www.dt-smart.com\/es\/quality-standards\/","title":{"rendered":"Quality Standards-test one by one before shipping; 12-month warranty; worry-free after-sales service."},"content":{"rendered":"<div data-elementor-type=\"wp-page\" data-elementor-id=\"12081\" class=\"elementor elementor-12081\" data-elementor-post-type=\"page\">\n\t\t\t\t\t\t\t\t\t<section class=\"wd-negative-gap elementor-section elementor-top-section elementor-element elementor-element-3654f3c wd-section-stretch-content elementor-section-boxed elementor-section-height-default elementor-section-height-default\" data-id=\"3654f3c\" data-element_type=\"section\">\n\t\t\t\t\t\t<div class=\"elementor-container elementor-column-gap-no\">\n\t\t\t\t\t<div class=\"elementor-column elementor-col-100 elementor-top-column elementor-element elementor-element-fcd72fe\" data-id=\"fcd72fe\" data-element_type=\"column\">\n\t\t\t<div class=\"elementor-widget-wrap elementor-element-populated\">\n\t\t\t\t\t\t\t\t<div class=\"elementor-element elementor-element-19f4efa faqBanner elementor-widget elementor-widget-wd_banner\" data-id=\"19f4efa\" data-element_type=\"widget\" data-widget_type=\"wd_banner.default\">\n\t\t\t\t<div class=\"elementor-widget-container\">\n\t\t\t\t\t<div class=\"promo-banner-wrapper\">\n\t\t\t<div class=\"promo-banner banner-default banner-hover-none color-scheme- banner-btn-size-default banner-btn-style-default wd-with-link\">\n\t\t\t\t<div class=\"main-wrapp-img\">\n\t\t\t\t\t<div class=\"banner-image wd-without-height\">\n\t\t\t\t\t\t\t\t\t\t\t\t\t\t\t\t\t\t\t\t\t<img fetchpriority=\"high\" decoding=\"async\" width=\"1920\" height=\"500\" src=\"https:\/\/www.dt-smart.com\/wp-content\/uploads\/2024\/01\/5555.png\" class=\"attachment-full size-full\" alt=\"\" srcset=\"https:\/\/www.dt-smart.com\/wp-content\/uploads\/2024\/01\/5555.png 1920w, https:\/\/www.dt-smart.com\/wp-content\/uploads\/2024\/01\/5555-300x78.png 300w, https:\/\/www.dt-smart.com\/wp-content\/uploads\/2024\/01\/5555-150x39.png 150w, https:\/\/www.dt-smart.com\/wp-content\/uploads\/2024\/01\/5555-800x208.png 800w, https:\/\/www.dt-smart.com\/wp-content\/uploads\/2024\/01\/5555-1024x267.png 1024w, https:\/\/www.dt-smart.com\/wp-content\/uploads\/2024\/01\/5555-768x200.png 768w, https:\/\/www.dt-smart.com\/wp-content\/uploads\/2024\/01\/5555-1536x400.png 1536w, https:\/\/www.dt-smart.com\/wp-content\/uploads\/2024\/01\/5555-18x5.png 18w\" sizes=\"(max-width: 1920px) 100vw, 1920px\" \/>\t\t\t\t\t\t\t\t\t\t\t\t\t\t\t\t\t\t<\/div>\n\t\t\t\t<\/div>\n\n\t\t\t\t<div class=\"wrapper-content-banner wd-fill wd-items-middle wd-justify-center\">\n\t\t\t\t\t<div class=\"content-banner  text-center\">\n\t\t\t\t\t\t\n\t\t\t\t\t\t\n\t\t\t\t\t\t\n\t\t\t\t\t\t\n\t\t\t\t\t\t\t\t\t\t\t<\/div>\n\t\t\t\t<\/div>\n\n\t\t\t\t\t\t\t\t\t<a href=\"#\" class=\"wd-promo-banner-link wd-fill\" aria-label=\"Banner link\"><\/a>\n\t\t\t\t\t\t\t<\/div>\n\t\t<\/div>\n\t\t\t\t<\/div>\n\t\t\t\t<\/div>\n\t\t\t\t\t<\/div>\n\t\t<\/div>\n\t\t\t\t\t\t\t<\/div>\n\t\t<\/section>\n\t\t\t\t<section class=\"wd-negative-gap elementor-section elementor-top-section elementor-element elementor-element-94cc2cc elementor-section-boxed elementor-section-height-default elementor-section-height-default\" data-id=\"94cc2cc\" data-element_type=\"section\">\n\t\t\t\t\t\t<div class=\"elementor-container elementor-column-gap-default\">\n\t\t\t\t\t<div class=\"elementor-column elementor-col-25 elementor-top-column elementor-element elementor-element-04becaf\" data-id=\"04becaf\" data-element_type=\"column\">\n\t\t\t<div class=\"elementor-widget-wrap elementor-element-populated\">\n\t\t\t\t\t\t\t\t<div class=\"elementor-element elementor-element-ab0a22e elementor-widget__width-initial elementor-widget elementor-widget-wd_image_or_svg\" data-id=\"ab0a22e\" data-element_type=\"widget\" data-widget_type=\"wd_image_or_svg.default\">\n\t\t\t\t<div class=\"elementor-widget-container\">\n\t\t\t\n\t\t<div class=\"wd-image text-left\">\n\t\t\t\t\t\t\t\t<img decoding=\"async\" width=\"489\" height=\"381\" src=\"https:\/\/www.dt-smart.com\/wp-content\/uploads\/2024\/01\/OLED-6.png\" class=\"attachment-full size-full\" alt=\"\" srcset=\"https:\/\/www.dt-smart.com\/wp-content\/uploads\/2024\/01\/OLED-6.png 489w, https:\/\/www.dt-smart.com\/wp-content\/uploads\/2024\/01\/OLED-6-300x234.png 300w, https:\/\/www.dt-smart.com\/wp-content\/uploads\/2024\/01\/OLED-6-150x117.png 150w, https:\/\/www.dt-smart.com\/wp-content\/uploads\/2024\/01\/OLED-6-15x12.png 15w\" sizes=\"(max-width: 489px) 100vw, 489px\" \/>\t\t\t\t\t<\/div>\n\n\t\t\t\t<\/div>\n\t\t\t\t<\/div>\n\t\t\t\t\t<\/div>\n\t\t<\/div>\n\t\t\t\t<div class=\"elementor-column elementor-col-25 elementor-top-column elementor-element elementor-element-c25ba65\" data-id=\"c25ba65\" data-element_type=\"column\">\n\t\t\t<div class=\"elementor-widget-wrap elementor-element-populated\">\n\t\t\t\t\t\t\t\t<div class=\"elementor-element elementor-element-4022421 elementor-widget elementor-widget-wd_text_block\" data-id=\"4022421\" data-element_type=\"widget\" data-widget_type=\"wd_text_block.default\">\n\t\t\t\t<div class=\"elementor-widget-container\">\n\t\t\t\t\t<div class=\"wd-text-block reset-last-child text-left\">\n\t\t\t\n\t\t\t<p><strong>Calidad OLED<\/strong> El producto cumple con los m\u00e1s altos est\u00e1ndares de calidad, lo que equivale al nivel de calidad del original. La apariencia y el rendimiento funcional son 1:1 con respecto al original. Los productos Prime han pasado la prueba de especificaci\u00f3n de rendimiento m\u00e1s alta con tasas de defectos de producto extremadamente bajas. Prime est\u00e1 dise\u00f1ado para verse, durar y sentirse como la misma pieza que el dispositivo OEM del usuario final.<\/p>\n\t\t\t\t\t<\/div>\n\t\t\t\t<\/div>\n\t\t\t\t<\/div>\n\t\t\t\t\t<\/div>\n\t\t<\/div>\n\t\t\t\t<div class=\"elementor-column elementor-col-25 elementor-top-column elementor-element elementor-element-d8a3fc2\" data-id=\"d8a3fc2\" data-element_type=\"column\">\n\t\t\t<div class=\"elementor-widget-wrap elementor-element-populated\">\n\t\t\t\t\t\t\t\t<div class=\"elementor-element elementor-element-af8d6dd elementor-widget__width-initial elementor-widget elementor-widget-wd_image_or_svg\" data-id=\"af8d6dd\" data-element_type=\"widget\" data-widget_type=\"wd_image_or_svg.default\">\n\t\t\t\t<div class=\"elementor-widget-container\">\n\t\t\t\n\t\t<div class=\"wd-image text-left\">\n\t\t\t\t\t\t\t\t<img decoding=\"async\" width=\"489\" height=\"381\" src=\"https:\/\/www.dt-smart.com\/wp-content\/uploads\/2024\/01\/9999.png\" class=\"attachment-full size-full\" alt=\"\" srcset=\"https:\/\/www.dt-smart.com\/wp-content\/uploads\/2024\/01\/9999.png 489w, https:\/\/www.dt-smart.com\/wp-content\/uploads\/2024\/01\/9999-300x234.png 300w, https:\/\/www.dt-smart.com\/wp-content\/uploads\/2024\/01\/9999-150x117.png 150w, https:\/\/www.dt-smart.com\/wp-content\/uploads\/2024\/01\/9999-15x12.png 15w\" sizes=\"(max-width: 489px) 100vw, 489px\" \/>\t\t\t\t\t<\/div>\n\n\t\t\t\t<\/div>\n\t\t\t\t<\/div>\n\t\t\t\t\t<\/div>\n\t\t<\/div>\n\t\t\t\t<div class=\"elementor-column elementor-col-25 elementor-top-column elementor-element elementor-element-c396d00\" data-id=\"c396d00\" data-element_type=\"column\">\n\t\t\t<div class=\"elementor-widget-wrap elementor-element-populated\">\n\t\t\t\t\t\t\t\t<div class=\"elementor-element elementor-element-a4b0b52 elementor-widget__width-initial elementor-widget elementor-widget-wd_text_block\" data-id=\"a4b0b52\" data-element_type=\"widget\" data-widget_type=\"wd_text_block.default\">\n\t\t\t\t<div class=\"elementor-widget-container\">\n\t\t\t\t\t<div class=\"wd-text-block reset-last-child text-left\">\n\t\t\t\n\t\t\t<p><strong>DT+<\/strong> <strong>Calidad<\/strong> El producto consta de productos del mercado de accesorios que est\u00e1n cerca de la calidad OEM. La apariencia y el rendimiento funcional son muy similares al original. La diferencia entre un producto seleccionado y un dispositivo OEM es muy peque\u00f1a y los usuarios finales no la encontrar\u00e1n. La diferencia se produce en el tama\u00f1o o la estructura del producto, que debe ser probado por un especialista. Las funciones son perfectas y la tasa de defectos es mucho menor que la de la industria.<\/p>\n\t\t\t\t\t<\/div>\n\t\t\t\t<\/div>\n\t\t\t\t<\/div>\n\t\t\t\t\t<\/div>\n\t\t<\/div>\n\t\t\t\t\t\t\t<\/div>\n\t\t<\/section>\n\t\t\t\t<section class=\"wd-negative-gap elementor-section elementor-top-section elementor-element elementor-element-ee8302c elementor-section-boxed elementor-section-height-default elementor-section-height-default\" data-id=\"ee8302c\" data-element_type=\"section\">\n\t\t\t\t\t\t<div class=\"elementor-container elementor-column-gap-default\">\n\t\t\t\t\t<div class=\"elementor-column elementor-col-25 elementor-top-column elementor-element elementor-element-c72645c\" data-id=\"c72645c\" data-element_type=\"column\">\n\t\t\t<div class=\"elementor-widget-wrap elementor-element-populated\">\n\t\t\t\t\t\t\t\t<div class=\"elementor-element elementor-element-492a102 elementor-widget__width-initial elementor-widget elementor-widget-wd_image_or_svg\" data-id=\"492a102\" data-element_type=\"widget\" data-widget_type=\"wd_image_or_svg.default\">\n\t\t\t\t<div class=\"elementor-widget-container\">\n\t\t\t\n\t\t<div class=\"wd-image text-left\">\n\t\t\t\t\t\t\t\t<img loading=\"lazy\" decoding=\"async\" width=\"489\" height=\"381\" src=\"https:\/\/www.dt-smart.com\/wp-content\/uploads\/2024\/01\/Dt-12.png\" class=\"attachment-full size-full\" alt=\"\" srcset=\"https:\/\/www.dt-smart.com\/wp-content\/uploads\/2024\/01\/Dt-12.png 489w, https:\/\/www.dt-smart.com\/wp-content\/uploads\/2024\/01\/Dt-12-300x234.png 300w, https:\/\/www.dt-smart.com\/wp-content\/uploads\/2024\/01\/Dt-12-150x117.png 150w, https:\/\/www.dt-smart.com\/wp-content\/uploads\/2024\/01\/Dt-12-15x12.png 15w\" sizes=\"(max-width: 489px) 100vw, 489px\" \/>\t\t\t\t\t<\/div>\n\n\t\t\t\t<\/div>\n\t\t\t\t<\/div>\n\t\t\t\t\t<\/div>\n\t\t<\/div>\n\t\t\t\t<div class=\"elementor-column elementor-col-25 elementor-top-column elementor-element elementor-element-e709661\" data-id=\"e709661\" data-element_type=\"column\">\n\t\t\t<div class=\"elementor-widget-wrap elementor-element-populated\">\n\t\t\t\t\t\t\t\t<div class=\"elementor-element elementor-element-410cd39 elementor-widget elementor-widget-wd_text_block\" data-id=\"410cd39\" data-element_type=\"widget\" data-widget_type=\"wd_text_block.default\">\n\t\t\t\t<div class=\"elementor-widget-container\">\n\t\t\t\t\t<div class=\"wd-text-block reset-last-child text-left\">\n\t\t\t\n\t\t\t<p><strong>Calidad DT<\/strong> Los productos se destacan como la soluci\u00f3n definitiva de bajo costo en el mercado. Su relaci\u00f3n calidad-precio es incomparable y su apariencia y calidad de visualizaci\u00f3n no s\u00f3lo son dignas de elogio, sino que tambi\u00e9n contribuyen en gran medida a una rica experiencia de usuario. La belleza visual y el rendimiento de visualizaci\u00f3n de los productos DT Quality cumplen con los est\u00e1ndares de excelencia, lo que garantiza que los usuarios reciban productos que superen sus expectativas. La solidez de sus caracter\u00edsticas solidifica a\u00fan m\u00e1s su estatus como una opci\u00f3n confiable.<\/p>\n\t\t\t\t\t<\/div>\n\t\t\t\t<\/div>\n\t\t\t\t<\/div>\n\t\t\t\t\t<\/div>\n\t\t<\/div>\n\t\t\t\t<div class=\"elementor-column elementor-col-25 elementor-top-column elementor-element elementor-element-6920470\" data-id=\"6920470\" data-element_type=\"column\">\n\t\t\t<div class=\"elementor-widget-wrap elementor-element-populated\">\n\t\t\t\t\t\t\t\t<div class=\"elementor-element elementor-element-6ef0fd1 elementor-widget__width-initial elementor-widget elementor-widget-wd_image_or_svg\" data-id=\"6ef0fd1\" data-element_type=\"widget\" data-widget_type=\"wd_image_or_svg.default\">\n\t\t\t\t<div class=\"elementor-widget-container\">\n\t\t\t\n\t\t<div class=\"wd-image text-left\">\n\t\t\t\t\t\t\t\t<img loading=\"lazy\" decoding=\"async\" width=\"489\" height=\"381\" src=\"https:\/\/www.dt-smart.com\/wp-content\/uploads\/2024\/01\/JA-1.png\" class=\"attachment-full size-full\" alt=\"\" srcset=\"https:\/\/www.dt-smart.com\/wp-content\/uploads\/2024\/01\/JA-1.png 489w, https:\/\/www.dt-smart.com\/wp-content\/uploads\/2024\/01\/JA-1-300x234.png 300w, https:\/\/www.dt-smart.com\/wp-content\/uploads\/2024\/01\/JA-1-150x117.png 150w, https:\/\/www.dt-smart.com\/wp-content\/uploads\/2024\/01\/JA-1-15x12.png 15w\" sizes=\"(max-width: 489px) 100vw, 489px\" \/>\t\t\t\t\t<\/div>\n\n\t\t\t\t<\/div>\n\t\t\t\t<\/div>\n\t\t\t\t\t<\/div>\n\t\t<\/div>\n\t\t\t\t<div class=\"elementor-column elementor-col-25 elementor-top-column elementor-element elementor-element-4095746\" data-id=\"4095746\" data-element_type=\"column\">\n\t\t\t<div class=\"elementor-widget-wrap elementor-element-populated\">\n\t\t\t\t\t\t\t\t<div class=\"elementor-element elementor-element-3e1ffaf elementor-widget elementor-widget-wd_text_block\" data-id=\"3e1ffaf\" data-element_type=\"widget\" data-widget_type=\"wd_text_block.default\">\n\t\t\t\t<div class=\"elementor-widget-container\">\n\t\t\t\t\t<div class=\"wd-text-block reset-last-child text-left\">\n\t\t\t\n\t\t\t<p><strong>Calidad JA<\/strong> Las pantallas no s\u00f3lo son asequibles, sino tambi\u00e9n de excelente calidad y rendimiento.<br \/>Nuestras pantallas utilizan tecnolog\u00eda de \u00faltima generaci\u00f3n para garantizar una calidad de imagen y confiabilidad superiores. Su dise\u00f1o de alta resistencia lo hace m\u00e1s duradero y capaz de soportar un uso prolongado, brind\u00e1ndole una pantalla estable y confiable, y tambi\u00e9n le permite experimentar operaciones m\u00e1s fluidas al mirar videos o realizar tareas de oficina.<\/p>\n\t\t\t\t\t<\/div>\n\t\t\t\t<\/div>\n\t\t\t\t<\/div>\n\t\t\t\t\t<\/div>\n\t\t<\/div>\n\t\t\t\t\t\t\t<\/div>\n\t\t<\/section>\n\t\t\t\t<section class=\"wd-negative-gap elementor-section elementor-top-section elementor-element elementor-element-dc7a05d elementor-section-boxed elementor-section-height-default elementor-section-height-default\" data-id=\"dc7a05d\" data-element_type=\"section\">\n\t\t\t\t\t\t<div class=\"elementor-container elementor-column-gap-default\">\n\t\t\t\t\t<div class=\"elementor-column elementor-col-100 elementor-top-column elementor-element elementor-element-cd4f678\" data-id=\"cd4f678\" data-element_type=\"column\">\n\t\t\t<div class=\"elementor-widget-wrap elementor-element-populated\">\n\t\t\t\t\t\t\t\t<div class=\"elementor-element elementor-element-9574b86 elementor-widget elementor-widget-wd_image_or_svg\" data-id=\"9574b86\" data-element_type=\"widget\" data-widget_type=\"wd_image_or_svg.default\">\n\t\t\t\t<div class=\"elementor-widget-container\">\n\t\t\t\n\t\t<div class=\"wd-image text-left\">\n\t\t\t\t\t\t\t\t<img loading=\"lazy\" decoding=\"async\" width=\"1416\" height=\"958\" src=\"https:\/\/www.dt-smart.com\/wp-content\/uploads\/2024\/01\/222.png\" class=\"attachment-full size-full\" alt=\"\" srcset=\"https:\/\/www.dt-smart.com\/wp-content\/uploads\/2024\/01\/222.png 1416w, https:\/\/www.dt-smart.com\/wp-content\/uploads\/2024\/01\/222-300x203.png 300w, https:\/\/www.dt-smart.com\/wp-content\/uploads\/2024\/01\/222-150x101.png 150w, https:\/\/www.dt-smart.com\/wp-content\/uploads\/2024\/01\/222-800x541.png 800w, https:\/\/www.dt-smart.com\/wp-content\/uploads\/2024\/01\/222-1024x693.png 1024w, https:\/\/www.dt-smart.com\/wp-content\/uploads\/2024\/01\/222-768x520.png 768w, https:\/\/www.dt-smart.com\/wp-content\/uploads\/2024\/01\/222-18x12.png 18w\" sizes=\"(max-width: 1416px) 100vw, 1416px\" \/>\t\t\t\t\t<\/div>\n\n\t\t\t\t<\/div>\n\t\t\t\t<\/div>\n\t\t\t\t\t<\/div>\n\t\t<\/div>\n\t\t\t\t\t\t\t<\/div>\n\t\t<\/section>\n\t\t\t\t<section class=\"wd-negative-gap elementor-section elementor-top-section elementor-element elementor-element-1837b3e elementor-section-boxed elementor-section-height-default elementor-section-height-default\" data-id=\"1837b3e\" data-element_type=\"section\">\n\t\t\t\t\t\t<div class=\"elementor-container elementor-column-gap-default\">\n\t\t\t\t\t<div class=\"elementor-column elementor-col-100 elementor-top-column elementor-element elementor-element-b783691\" data-id=\"b783691\" data-element_type=\"column\">\n\t\t\t<div class=\"elementor-widget-wrap elementor-element-populated\">\n\t\t\t\t\t\t\t\t<div class=\"elementor-element elementor-element-68a6a76 elementor-widget elementor-widget-wd_image_or_svg\" data-id=\"68a6a76\" data-element_type=\"widget\" data-widget_type=\"wd_image_or_svg.default\">\n\t\t\t\t<div class=\"elementor-widget-container\">\n\t\t\t\n\t\t<div class=\"wd-image text-left\">\n\t\t\t\t\t\t\t\t<img loading=\"lazy\" decoding=\"async\" width=\"1416\" height=\"1583\" src=\"https:\/\/www.dt-smart.com\/wp-content\/uploads\/2024\/01\/3334242.png\" class=\"attachment-full size-full\" alt=\"\" srcset=\"https:\/\/www.dt-smart.com\/wp-content\/uploads\/2024\/01\/3334242.png 1416w, https:\/\/www.dt-smart.com\/wp-content\/uploads\/2024\/01\/3334242-300x335.png 300w, https:\/\/www.dt-smart.com\/wp-content\/uploads\/2024\/01\/3334242-150x168.png 150w, https:\/\/www.dt-smart.com\/wp-content\/uploads\/2024\/01\/3334242-800x894.png 800w, https:\/\/www.dt-smart.com\/wp-content\/uploads\/2024\/01\/3334242-268x300.png 268w, https:\/\/www.dt-smart.com\/wp-content\/uploads\/2024\/01\/3334242-916x1024.png 916w, https:\/\/www.dt-smart.com\/wp-content\/uploads\/2024\/01\/3334242-768x859.png 768w, https:\/\/www.dt-smart.com\/wp-content\/uploads\/2024\/01\/3334242-1374x1536.png 1374w, https:\/\/www.dt-smart.com\/wp-content\/uploads\/2024\/01\/3334242-11x12.png 11w\" sizes=\"(max-width: 1416px) 100vw, 1416px\" \/>\t\t\t\t\t<\/div>\n\n\t\t\t\t<\/div>\n\t\t\t\t<\/div>\n\t\t\t\t\t<\/div>\n\t\t<\/div>\n\t\t\t\t\t\t\t<\/div>\n\t\t<\/section>\n\t\t\t\t\t\t\t<\/div>","protected":false},"excerpt":{"rendered":"<p>OLED Quality product is meeting the highest quality standardsthat equals to the quality level of original.The appearance andfunctional performance is<\/p>","protected":false},"author":7,"featured_media":0,"parent":0,"menu_order":0,"comment_status":"closed","ping_status":"closed","template":"","meta":{"footnotes":""},"class_list":["post-12081","page","type-page","status-publish","hentry"],"yoast_head":"<!-- This site is optimized with the Yoast SEO plugin v27.5 - https:\/\/yoast.com\/product\/yoast-seo-wordpress\/ -->\n<title>Quality Standards-test one by one before shipping; 12-month warranty; worry-free after-sales service. - InsurePart<\/title>\n<meta name=\"robots\" content=\"index, follow, max-snippet:-1, max-image-preview:large, max-video-preview:-1\" \/>\n<link rel=\"canonical\" href=\"https:\/\/www.dt-smart.com\/es\/quality-standards\/\" \/>\n<meta property=\"og:locale\" content=\"es_ES\" \/>\n<meta property=\"og:type\" content=\"article\" \/>\n<meta property=\"og:title\" content=\"Quality Standards-test one by one before shipping; 12-month warranty; worry-free after-sales service. - InsurePart\" \/>\n<meta property=\"og:description\" content=\"OLED Quality product is meeting the highest quality standardsthat equals to the quality level of original.The appearance andfunctional performance is\" \/>\n<meta property=\"og:url\" content=\"https:\/\/www.dt-smart.com\/es\/quality-standards\/\" \/>\n<meta property=\"og:site_name\" content=\"InsurePart\" \/>\n<meta property=\"article:publisher\" content=\"https:\/\/www.facebook.com\/anjinleeEva\" \/>\n<meta property=\"article:modified_time\" content=\"2025-12-23T04:10:26+00:00\" \/>\n<meta property=\"og:image\" content=\"https:\/\/dt-smart.com\/wp-content\/uploads\/2024\/01\/5555.png\" \/>\n<meta name=\"twitter:card\" content=\"summary_large_image\" \/>\n<meta name=\"twitter:label1\" content=\"Tiempo de lectura\" \/>\n\t<meta name=\"twitter:data1\" content=\"3 minutos\" \/>\n<script type=\"application\/ld+json\" class=\"yoast-schema-graph\">{\"@context\":\"https:\\\/\\\/schema.org\",\"@graph\":[{\"@type\":\"WebPage\",\"@id\":\"https:\\\/\\\/www.dt-smart.com\\\/quality-standards\\\/\",\"url\":\"https:\\\/\\\/www.dt-smart.com\\\/quality-standards\\\/\",\"name\":\"Quality Standards-test one by one before shipping; 12-month warranty; worry-free after-sales service. - InsurePart\",\"isPartOf\":{\"@id\":\"https:\\\/\\\/www.dt-smart.com\\\/#website\"},\"primaryImageOfPage\":{\"@id\":\"https:\\\/\\\/www.dt-smart.com\\\/quality-standards\\\/#primaryimage\"},\"image\":{\"@id\":\"https:\\\/\\\/www.dt-smart.com\\\/quality-standards\\\/#primaryimage\"},\"thumbnailUrl\":\"https:\\\/\\\/dt-smart.com\\\/wp-content\\\/uploads\\\/2024\\\/01\\\/5555.png\",\"datePublished\":\"2024-01-23T08:03:59+00:00\",\"dateModified\":\"2025-12-23T04:10:26+00:00\",\"breadcrumb\":{\"@id\":\"https:\\\/\\\/www.dt-smart.com\\\/quality-standards\\\/#breadcrumb\"},\"inLanguage\":\"es\",\"potentialAction\":[{\"@type\":\"ReadAction\",\"target\":[\"https:\\\/\\\/www.dt-smart.com\\\/quality-standards\\\/\"]}]},{\"@type\":\"ImageObject\",\"inLanguage\":\"es\",\"@id\":\"https:\\\/\\\/www.dt-smart.com\\\/quality-standards\\\/#primaryimage\",\"url\":\"https:\\\/\\\/dt-smart.com\\\/wp-content\\\/uploads\\\/2024\\\/01\\\/5555.png\",\"contentUrl\":\"https:\\\/\\\/dt-smart.com\\\/wp-content\\\/uploads\\\/2024\\\/01\\\/5555.png\"},{\"@type\":\"BreadcrumbList\",\"@id\":\"https:\\\/\\\/www.dt-smart.com\\\/quality-standards\\\/#breadcrumb\",\"itemListElement\":[{\"@type\":\"ListItem\",\"position\":1,\"name\":\"Home\",\"item\":\"https:\\\/\\\/www.dt-smart.com\\\/\"},{\"@type\":\"ListItem\",\"position\":2,\"name\":\"Quality Standards-test one by one before shipping; 12-month warranty; worry-free after-sales service.\"}]},{\"@type\":\"WebSite\",\"@id\":\"https:\\\/\\\/www.dt-smart.com\\\/#website\",\"url\":\"https:\\\/\\\/www.dt-smart.com\\\/\",\"name\":\"InsurePart\",\"description\":\"Cell Phone Repair Parts; iPhone Parts Wholesale;Samsung Parts Supplier\",\"potentialAction\":[{\"@type\":\"SearchAction\",\"target\":{\"@type\":\"EntryPoint\",\"urlTemplate\":\"https:\\\/\\\/www.dt-smart.com\\\/?s={search_term_string}\"},\"query-input\":{\"@type\":\"PropertyValueSpecification\",\"valueRequired\":true,\"valueName\":\"search_term_string\"}}],\"inLanguage\":\"es\"}]}<\/script>\n<!-- \/ Yoast SEO plugin. -->","yoast_head_json":{"title":"Quality Standards-test one by one before shipping; 12-month warranty; worry-free after-sales service. - InsurePart","robots":{"index":"index","follow":"follow","max-snippet":"max-snippet:-1","max-image-preview":"max-image-preview:large","max-video-preview":"max-video-preview:-1"},"canonical":"https:\/\/www.dt-smart.com\/es\/quality-standards\/","og_locale":"es_ES","og_type":"article","og_title":"Quality Standards-test one by one before shipping; 12-month warranty; worry-free after-sales service. - InsurePart","og_description":"OLED Quality product is meeting the highest quality standardsthat equals to the quality level of original.The appearance andfunctional performance is","og_url":"https:\/\/www.dt-smart.com\/es\/quality-standards\/","og_site_name":"InsurePart","article_publisher":"https:\/\/www.facebook.com\/anjinleeEva","article_modified_time":"2025-12-23T04:10:26+00:00","og_image":[{"url":"https:\/\/dt-smart.com\/wp-content\/uploads\/2024\/01\/5555.png","type":"","width":"","height":""}],"twitter_card":"summary_large_image","twitter_misc":{"Tiempo de lectura":"3 minutos"},"schema":{"@context":"https:\/\/schema.org","@graph":[{"@type":"WebPage","@id":"https:\/\/www.dt-smart.com\/quality-standards\/","url":"https:\/\/www.dt-smart.com\/quality-standards\/","name":"Quality Standards-test one by one before shipping; 12-month warranty; worry-free after-sales service. - InsurePart","isPartOf":{"@id":"https:\/\/www.dt-smart.com\/#website"},"primaryImageOfPage":{"@id":"https:\/\/www.dt-smart.com\/quality-standards\/#primaryimage"},"image":{"@id":"https:\/\/www.dt-smart.com\/quality-standards\/#primaryimage"},"thumbnailUrl":"https:\/\/dt-smart.com\/wp-content\/uploads\/2024\/01\/5555.png","datePublished":"2024-01-23T08:03:59+00:00","dateModified":"2025-12-23T04:10:26+00:00","breadcrumb":{"@id":"https:\/\/www.dt-smart.com\/quality-standards\/#breadcrumb"},"inLanguage":"es","potentialAction":[{"@type":"ReadAction","target":["https:\/\/www.dt-smart.com\/quality-standards\/"]}]},{"@type":"ImageObject","inLanguage":"es","@id":"https:\/\/www.dt-smart.com\/quality-standards\/#primaryimage","url":"https:\/\/dt-smart.com\/wp-content\/uploads\/2024\/01\/5555.png","contentUrl":"https:\/\/dt-smart.com\/wp-content\/uploads\/2024\/01\/5555.png"},{"@type":"BreadcrumbList","@id":"https:\/\/www.dt-smart.com\/quality-standards\/#breadcrumb","itemListElement":[{"@type":"ListItem","position":1,"name":"Home","item":"https:\/\/www.dt-smart.com\/"},{"@type":"ListItem","position":2,"name":"Quality Standards-test one by one before shipping; 12-month warranty; worry-free after-sales service."}]},{"@type":"WebSite","@id":"https:\/\/www.dt-smart.com\/#website","url":"https:\/\/www.dt-smart.com\/","name":"Asegurar parte","description":"Repuestos para celulares; Venta al por mayor de repuestos para iPhone; Proveedor de repuestos para Samsung","potentialAction":[{"@type":"SearchAction","target":{"@type":"EntryPoint","urlTemplate":"https:\/\/www.dt-smart.com\/?s={search_term_string}"},"query-input":{"@type":"PropertyValueSpecification","valueRequired":true,"valueName":"search_term_string"}}],"inLanguage":"es"}]}},"_links":{"self":[{"href":"https:\/\/www.dt-smart.com\/es\/wp-json\/wp\/v2\/pages\/12081","targetHints":{"allow":["GET"]}}],"collection":[{"href":"https:\/\/www.dt-smart.com\/es\/wp-json\/wp\/v2\/pages"}],"about":[{"href":"https:\/\/www.dt-smart.com\/es\/wp-json\/wp\/v2\/types\/page"}],"author":[{"embeddable":true,"href":"https:\/\/www.dt-smart.com\/es\/wp-json\/wp\/v2\/users\/7"}],"replies":[{"embeddable":true,"href":"https:\/\/www.dt-smart.com\/es\/wp-json\/wp\/v2\/comments?post=12081"}],"version-history":[{"count":56,"href":"https:\/\/www.dt-smart.com\/es\/wp-json\/wp\/v2\/pages\/12081\/revisions"}],"predecessor-version":[{"id":23488,"href":"https:\/\/www.dt-smart.com\/es\/wp-json\/wp\/v2\/pages\/12081\/revisions\/23488"}],"wp:attachment":[{"href":"https:\/\/www.dt-smart.com\/es\/wp-json\/wp\/v2\/media?parent=12081"}],"curies":[{"name":"wp","href":"https:\/\/api.w.org\/{rel}","templated":true}]}}