{"id":13352,"date":"2024-02-28T15:21:32","date_gmt":"2024-02-28T07:21:32","guid":{"rendered":"https:\/\/dt-smart.com\/?post_type=product&#038;p=13352"},"modified":"2026-01-20T11:22:44","modified_gmt":"2026-01-20T03:22:44","slug":"for-iphone-12-front-camera","status":"publish","type":"product","link":"https:\/\/www.dt-smart.com\/es\/producto\/for-iphone-12-front-camera\/","title":{"rendered":"Accesorios para c\u00e1mara frontal ultra gran angular para iPhone 12 \u2013 Kit de im\u00e1genes de \u00faltima generaci\u00f3n \u2013 Campo de visi\u00f3n ampliado para fotos grupales y creativas \u2013 Para creadores de redes sociales y viajeros \u2013 Calidad OEM \u2013 Env\u00edo r\u00e1pido"},"content":{"rendered":"","protected":false},"excerpt":{"rendered":"<p><span style=\"font-family: arial, helvetica, sans-serif; font-size: 8pt;\">Rendimiento \u00f3ptico excepcional: nuestra maravilla de actualizaci\u00f3n de c\u00e1mara est\u00e1 equipada con lentes de alto rendimiento, mejorando efectivamente la claridad de la imagen y la reproducci\u00f3n del color. Ya sea capturando momentos cotidianos o creando fotograf\u00edas de calidad profesional, se adapta sin esfuerzo, asegurando que cada cuadro se destaque.<\/span><br \/>\n<span style=\"font-family: arial, helvetica, sans-serif; font-size: 8pt;\">Opciones de lentes vers\u00e1tiles: Esta c\u00e1mara mejorada incluye una variedad de lentes, como gran angular, teleobjetivo, macro y m\u00e1s. Captura f\u00e1cilmente im\u00e1genes impresionantes en diferentes escenarios, ya sean paisajes, retratos o el mundo microsc\u00f3pico. \u00a1Potencia tu visi\u00f3n creativa!<\/span><br \/>\n<span style=\"font-family: arial, helvetica, sans-serif; font-size: 8pt;\">Tecnolog\u00eda Inteligente de Estabilizaci\u00f3n de Imagen: \u00bfManos temblorosas arruinan tus fotos? Ya no. Nuestra maravilla mejorada cuenta con tecnolog\u00eda avanzada de estabilizaci\u00f3n de imagen, que reduce el movimiento al disparar c\u00e1mara en mano. Aseg\u00farate de que cada foto sea n\u00edtida y estable, sin importar las condiciones.<\/span><br \/>\n<span style=\"font-family: arial, helvetica, sans-serif; font-size: 8pt;\">Dise\u00f1o f\u00e1cil de usar: Dise\u00f1ado con la innovaci\u00f3n en mente, este accesorio para mejorar tu c\u00e1mara es ligero y port\u00e1til. Se conecta f\u00e1cilmente a tu smartphone sin necesidad de conocimientos especializados, mejorando r\u00e1pidamente tu equipo fotogr\u00e1fico.<\/span><\/p>","protected":false},"featured_media":13237,"comment_status":"open","ping_status":"closed","template":"","meta":[],"product_brand":[],"product_cat":[1186,99],"product_tag":[],"class_list":{"0":"post-13352","1":"product","2":"type-product","3":"status-publish","4":"has-post-thumbnail","6":"product_cat-camera","7":"product_cat-iphone-12","9":"first","10":"instock","11":"taxable","12":"shipping-taxable","13":"purchasable","14":"product-type-simple"},"yoast_head":"<!-- This site is optimized with the Yoast SEO plugin v27.4 - https:\/\/yoast.com\/product\/yoast-seo-wordpress\/ -->\n<title>iPhone 12 Ultra-Wide Front Camera Accessories - Next-Gen Imaging Kit - Expanded Field of View for Group &amp; Creative Shots - For Social Media Creators &amp; Travelers - OEM Grade - Fast Shipping - InsurePart<\/title>\n<meta name=\"description\" content=\"iPhone 12 Ultra-Wide Front Camera Accessories - Next-Gen Imaging Kit - Expanded Field of View for Group &amp; Creative Shots - For Social Media Creators &amp; Travelers - OEM Grade - Fast Shipping\" \/>\n<meta name=\"robots\" content=\"index, follow, max-snippet:-1, max-image-preview:large, max-video-preview:-1\" \/>\n<link rel=\"canonical\" href=\"https:\/\/www.dt-smart.com\/es\/producto\/for-iphone-12-front-camera\/\" \/>\n<meta property=\"og:locale\" content=\"es_ES\" \/>\n<meta property=\"og:type\" content=\"article\" \/>\n<meta property=\"og:title\" content=\"iPhone 12 Ultra-Wide Front Camera Accessories - Next-Gen Imaging Kit - Expanded Field of View for Group &amp; Creative Shots - For Social Media Creators &amp; Travelers - OEM Grade - Fast Shipping - InsurePart\" \/>\n<meta property=\"og:description\" content=\"iPhone 12 Ultra-Wide Front Camera Accessories - Next-Gen Imaging Kit - Expanded Field of View for Group &amp; Creative Shots - For Social Media Creators &amp; Travelers - OEM Grade - Fast Shipping\" \/>\n<meta property=\"og:url\" content=\"https:\/\/www.dt-smart.com\/es\/producto\/for-iphone-12-front-camera\/\" \/>\n<meta property=\"og:site_name\" content=\"InsurePart\" \/>\n<meta property=\"article:publisher\" content=\"https:\/\/www.facebook.com\/anjinleeEva\" \/>\n<meta property=\"article:modified_time\" content=\"2026-01-20T03:22:44+00:00\" \/>\n<meta property=\"og:image\" content=\"https:\/\/www.dt-smart.com\/wp-content\/uploads\/2024\/02\/4-46.jpg\" \/>\n\t<meta property=\"og:image:width\" content=\"800\" \/>\n\t<meta property=\"og:image:height\" content=\"800\" \/>\n\t<meta property=\"og:image:type\" content=\"image\/jpeg\" \/>\n<meta name=\"twitter:card\" content=\"summary_large_image\" \/>\n<meta name=\"twitter:label1\" content=\"Tiempo de lectura\" \/>\n\t<meta name=\"twitter:data1\" content=\"1 minuto\" \/>\n<script type=\"application\/ld+json\" class=\"yoast-schema-graph\">{\"@context\":\"https:\\\/\\\/schema.org\",\"@graph\":[{\"@type\":\"WebPage\",\"@id\":\"https:\\\/\\\/www.dt-smart.com\\\/es\\\/producto\\\/for-iphone-12-front-camera\\\/\",\"url\":\"https:\\\/\\\/www.dt-smart.com\\\/es\\\/producto\\\/for-iphone-12-front-camera\\\/\",\"name\":\"iPhone 12 Ultra-Wide Front Camera Accessories - Next-Gen Imaging Kit - Expanded Field of View for Group & Creative Shots - For Social Media Creators & Travelers - OEM Grade - Fast Shipping - InsurePart\",\"isPartOf\":{\"@id\":\"https:\\\/\\\/www.dt-smart.com\\\/#website\"},\"primaryImageOfPage\":{\"@id\":\"https:\\\/\\\/www.dt-smart.com\\\/es\\\/producto\\\/for-iphone-12-front-camera\\\/#primaryimage\"},\"image\":{\"@id\":\"https:\\\/\\\/www.dt-smart.com\\\/es\\\/producto\\\/for-iphone-12-front-camera\\\/#primaryimage\"},\"thumbnailUrl\":\"https:\\\/\\\/www.dt-smart.com\\\/wp-content\\\/uploads\\\/2024\\\/02\\\/4-46.jpg\",\"datePublished\":\"2024-02-28T07:21:32+00:00\",\"dateModified\":\"2026-01-20T03:22:44+00:00\",\"description\":\"iPhone 12 Ultra-Wide Front Camera Accessories - Next-Gen Imaging Kit - Expanded Field of View for Group & Creative Shots - For Social Media Creators & Travelers - OEM Grade - Fast Shipping\",\"breadcrumb\":{\"@id\":\"https:\\\/\\\/www.dt-smart.com\\\/es\\\/producto\\\/for-iphone-12-front-camera\\\/#breadcrumb\"},\"inLanguage\":\"es\",\"potentialAction\":[{\"@type\":\"ReadAction\",\"target\":[\"https:\\\/\\\/www.dt-smart.com\\\/es\\\/producto\\\/for-iphone-12-front-camera\\\/\"]}]},{\"@type\":\"ImageObject\",\"inLanguage\":\"es\",\"@id\":\"https:\\\/\\\/www.dt-smart.com\\\/es\\\/producto\\\/for-iphone-12-front-camera\\\/#primaryimage\",\"url\":\"https:\\\/\\\/www.dt-smart.com\\\/wp-content\\\/uploads\\\/2024\\\/02\\\/4-46.jpg\",\"contentUrl\":\"https:\\\/\\\/www.dt-smart.com\\\/wp-content\\\/uploads\\\/2024\\\/02\\\/4-46.jpg\",\"width\":800,\"height\":800},{\"@type\":\"BreadcrumbList\",\"@id\":\"https:\\\/\\\/www.dt-smart.com\\\/es\\\/producto\\\/for-iphone-12-front-camera\\\/#breadcrumb\",\"itemListElement\":[{\"@type\":\"ListItem\",\"position\":1,\"name\":\"Home\",\"item\":\"https:\\\/\\\/www.dt-smart.com\\\/\"},{\"@type\":\"ListItem\",\"position\":2,\"name\":\"Product\",\"item\":\"https:\\\/\\\/www.dt-smart.com\\\/ru\\\/product\\\/\"},{\"@type\":\"ListItem\",\"position\":3,\"name\":\"iPhone 12 Ultra-Wide Front Camera Accessories &#8211; Next-Gen Imaging Kit &#8211; Expanded Field of View for Group &#038; Creative Shots &#8211; For Social Media Creators &#038; Travelers &#8211; OEM Grade &#8211; Fast Shipping\"}]},{\"@type\":\"WebSite\",\"@id\":\"https:\\\/\\\/www.dt-smart.com\\\/#website\",\"url\":\"https:\\\/\\\/www.dt-smart.com\\\/\",\"name\":\"InsurePart\",\"description\":\"Cell Phone Repair Parts; iPhone Parts Wholesale;Samsung Parts Supplier\",\"potentialAction\":[{\"@type\":\"SearchAction\",\"target\":{\"@type\":\"EntryPoint\",\"urlTemplate\":\"https:\\\/\\\/www.dt-smart.com\\\/?s={search_term_string}\"},\"query-input\":{\"@type\":\"PropertyValueSpecification\",\"valueRequired\":true,\"valueName\":\"search_term_string\"}}],\"inLanguage\":\"es\"}]}<\/script>\n<!-- \/ Yoast SEO plugin. -->","yoast_head_json":{"title":"iPhone 12 Ultra-Wide Front Camera Accessories - Next-Gen Imaging Kit - Expanded Field of View for Group & Creative Shots - For Social Media Creators & Travelers - OEM Grade - Fast Shipping - InsurePart","description":"iPhone 12 Ultra-Wide Front Camera Accessories - Next-Gen Imaging Kit - Expanded Field of View for Group & Creative Shots - For Social Media Creators & Travelers - OEM Grade - Fast Shipping","robots":{"index":"index","follow":"follow","max-snippet":"max-snippet:-1","max-image-preview":"max-image-preview:large","max-video-preview":"max-video-preview:-1"},"canonical":"https:\/\/www.dt-smart.com\/es\/producto\/for-iphone-12-front-camera\/","og_locale":"es_ES","og_type":"article","og_title":"iPhone 12 Ultra-Wide Front Camera Accessories - Next-Gen Imaging Kit - Expanded Field of View for Group & Creative Shots - For Social Media Creators & Travelers - OEM Grade - Fast Shipping - InsurePart","og_description":"iPhone 12 Ultra-Wide Front Camera Accessories - Next-Gen Imaging Kit - Expanded Field of View for Group & Creative Shots - For Social Media Creators & Travelers - OEM Grade - Fast Shipping","og_url":"https:\/\/www.dt-smart.com\/es\/producto\/for-iphone-12-front-camera\/","og_site_name":"InsurePart","article_publisher":"https:\/\/www.facebook.com\/anjinleeEva","article_modified_time":"2026-01-20T03:22:44+00:00","og_image":[{"width":800,"height":800,"url":"https:\/\/www.dt-smart.com\/wp-content\/uploads\/2024\/02\/4-46.jpg","type":"image\/jpeg"}],"twitter_card":"summary_large_image","twitter_misc":{"Tiempo de lectura":"1 minuto"},"schema":{"@context":"https:\/\/schema.org","@graph":[{"@type":"WebPage","@id":"https:\/\/www.dt-smart.com\/es\/producto\/for-iphone-12-front-camera\/","url":"https:\/\/www.dt-smart.com\/es\/producto\/for-iphone-12-front-camera\/","name":"iPhone 12 Ultra-Wide Front Camera Accessories - Next-Gen Imaging Kit - Expanded Field of View for Group & Creative Shots - For Social Media Creators & Travelers - OEM Grade - Fast Shipping - InsurePart","isPartOf":{"@id":"https:\/\/www.dt-smart.com\/#website"},"primaryImageOfPage":{"@id":"https:\/\/www.dt-smart.com\/es\/producto\/for-iphone-12-front-camera\/#primaryimage"},"image":{"@id":"https:\/\/www.dt-smart.com\/es\/producto\/for-iphone-12-front-camera\/#primaryimage"},"thumbnailUrl":"https:\/\/www.dt-smart.com\/wp-content\/uploads\/2024\/02\/4-46.jpg","datePublished":"2024-02-28T07:21:32+00:00","dateModified":"2026-01-20T03:22:44+00:00","description":"iPhone 12 Ultra-Wide Front Camera Accessories - Next-Gen Imaging Kit - Expanded Field of View for Group & Creative Shots - For Social Media Creators & Travelers - OEM Grade - Fast Shipping","breadcrumb":{"@id":"https:\/\/www.dt-smart.com\/es\/producto\/for-iphone-12-front-camera\/#breadcrumb"},"inLanguage":"es","potentialAction":[{"@type":"ReadAction","target":["https:\/\/www.dt-smart.com\/es\/producto\/for-iphone-12-front-camera\/"]}]},{"@type":"ImageObject","inLanguage":"es","@id":"https:\/\/www.dt-smart.com\/es\/producto\/for-iphone-12-front-camera\/#primaryimage","url":"https:\/\/www.dt-smart.com\/wp-content\/uploads\/2024\/02\/4-46.jpg","contentUrl":"https:\/\/www.dt-smart.com\/wp-content\/uploads\/2024\/02\/4-46.jpg","width":800,"height":800},{"@type":"BreadcrumbList","@id":"https:\/\/www.dt-smart.com\/es\/producto\/for-iphone-12-front-camera\/#breadcrumb","itemListElement":[{"@type":"ListItem","position":1,"name":"Home","item":"https:\/\/www.dt-smart.com\/"},{"@type":"ListItem","position":2,"name":"Product","item":"https:\/\/www.dt-smart.com\/ru\/product\/"},{"@type":"ListItem","position":3,"name":"iPhone 12 Ultra-Wide Front Camera Accessories &#8211; Next-Gen Imaging Kit &#8211; Expanded Field of View for Group &#038; Creative Shots &#8211; For Social Media Creators &#038; Travelers &#8211; OEM Grade &#8211; Fast Shipping"}]},{"@type":"WebSite","@id":"https:\/\/www.dt-smart.com\/#website","url":"https:\/\/www.dt-smart.com\/","name":"Asegurar parte","description":"Repuestos para celulares; Venta al por mayor de repuestos para iPhone; Proveedor de repuestos para Samsung","potentialAction":[{"@type":"SearchAction","target":{"@type":"EntryPoint","urlTemplate":"https:\/\/www.dt-smart.com\/?s={search_term_string}"},"query-input":{"@type":"PropertyValueSpecification","valueRequired":true,"valueName":"search_term_string"}}],"inLanguage":"es"}]}},"_links":{"self":[{"href":"https:\/\/www.dt-smart.com\/es\/wp-json\/wp\/v2\/product\/13352","targetHints":{"allow":["GET"]}}],"collection":[{"href":"https:\/\/www.dt-smart.com\/es\/wp-json\/wp\/v2\/product"}],"about":[{"href":"https:\/\/www.dt-smart.com\/es\/wp-json\/wp\/v2\/types\/product"}],"replies":[{"embeddable":true,"href":"https:\/\/www.dt-smart.com\/es\/wp-json\/wp\/v2\/comments?post=13352"}],"version-history":[{"count":5,"href":"https:\/\/www.dt-smart.com\/es\/wp-json\/wp\/v2\/product\/13352\/revisions"}],"predecessor-version":[{"id":24980,"href":"https:\/\/www.dt-smart.com\/es\/wp-json\/wp\/v2\/product\/13352\/revisions\/24980"}],"wp:featuredmedia":[{"embeddable":true,"href":"https:\/\/www.dt-smart.com\/es\/wp-json\/wp\/v2\/media\/13237"}],"wp:attachment":[{"href":"https:\/\/www.dt-smart.com\/es\/wp-json\/wp\/v2\/media?parent=13352"}],"wp:term":[{"taxonomy":"product_brand","embeddable":true,"href":"https:\/\/www.dt-smart.com\/es\/wp-json\/wp\/v2\/product_brand?post=13352"},{"taxonomy":"product_cat","embeddable":true,"href":"https:\/\/www.dt-smart.com\/es\/wp-json\/wp\/v2\/product_cat?post=13352"},{"taxonomy":"product_tag","embeddable":true,"href":"https:\/\/www.dt-smart.com\/es\/wp-json\/wp\/v2\/product_tag?post=13352"}],"curies":[{"name":"wp","href":"https:\/\/api.w.org\/{rel}","templated":true}]}}