{"id":15971,"date":"2024-09-29T10:42:44","date_gmt":"2024-09-29T02:42:44","guid":{"rendered":"https:\/\/insurepart.com\/?post_type=product&#038;p=15971"},"modified":"2026-01-12T16:26:48","modified_gmt":"2026-01-12T08:26:48","slug":"vivo-y85-lcd-true-colors-upgrade-your-vivo-y85-display-for-brighter-sharper-imagery","status":"publish","type":"product","link":"https:\/\/www.dt-smart.com\/es\/producto\/vivo-y85-lcd-true-colors-upgrade-your-vivo-y85-display-for-brighter-sharper-imagery\/","title":{"rendered":"Actualizaci\u00f3n de pantalla LCD para Vivo Y85: colores aut\u00e9nticos para im\u00e1genes m\u00e1s brillantes y n\u00edtidas, pantalla n\u00edtida, experiencia visual mejorada, calidad garantizada, env\u00edo r\u00e1pido"},"content":{"rendered":"<p><img fetchpriority=\"high\" decoding=\"async\" class=\"size-full wp-image-15567 aligncenter\" src=\"https:\/\/insurepart.com\/wp-content\/uploads\/2024\/08\/\u4e3a\u4ec0\u4e48\u9009\u62e9\u6211\u4eec22.webp\" alt=\"\" width=\"1000\" height=\"786\" srcset=\"https:\/\/www.dt-smart.com\/wp-content\/uploads\/2024\/08\/\u4e3a\u4ec0\u4e48\u9009\u62e9\u6211\u4eec22.webp 1000w, https:\/\/www.dt-smart.com\/wp-content\/uploads\/2024\/08\/\u4e3a\u4ec0\u4e48\u9009\u62e9\u6211\u4eec22-300x236.webp 300w, https:\/\/www.dt-smart.com\/wp-content\/uploads\/2024\/08\/\u4e3a\u4ec0\u4e48\u9009\u62e9\u6211\u4eec22-150x118.webp 150w, https:\/\/www.dt-smart.com\/wp-content\/uploads\/2024\/08\/\u4e3a\u4ec0\u4e48\u9009\u62e9\u6211\u4eec22-800x629.webp 800w, https:\/\/www.dt-smart.com\/wp-content\/uploads\/2024\/08\/\u4e3a\u4ec0\u4e48\u9009\u62e9\u6211\u4eec22-768x604.webp 768w, https:\/\/www.dt-smart.com\/wp-content\/uploads\/2024\/08\/\u4e3a\u4ec0\u4e48\u9009\u62e9\u6211\u4eec22-15x12.webp 15w\" sizes=\"(max-width: 1000px) 100vw, 1000px\" \/><\/p>","protected":false},"excerpt":{"rendered":"<p><span style=\"font-family: arial, helvetica, sans-serif; font-size: 10pt;\">\u2022 Dise\u00f1ado para reemplazar conjuntos de LCD rotos o que no responden en Vivo Y85, este reemplazo de alta calidad garantiza una experiencia de pantalla t\u00e1ctil perfecta.<\/span><br \/>\n<span style=\"font-family: arial, helvetica, sans-serif; font-size: 10pt;\">\u2022 La pantalla con calidad Retina proporciona im\u00e1genes claras y vibrantes, reduciendo la pixelaci\u00f3n para una mejor experiencia del usuario.<\/span><br \/>\n<span style=\"font-family: arial, helvetica, sans-serif; font-size: 10pt;\">\u2022 Capaz de manejar gestos multit\u00e1ctiles, esta pantalla garantiza una respuesta t\u00e1ctil fluida.<\/span><br \/>\n<span style=\"font-family: arial, helvetica, sans-serif; font-size: 10pt;\">\u2022 Para mantener un rendimiento \u00f3ptimo y evitar posibles da\u00f1os, se recomienda una instalaci\u00f3n profesional.<\/span><br \/>\n<span style=\"font-family: arial, helvetica, sans-serif; font-size: 10pt;\">\u2022 Dise\u00f1ado con materiales de alta calidad para un ajuste preciso y una durabilidad duradera.<\/span><\/p>","protected":false},"featured_media":16507,"comment_status":"open","ping_status":"closed","template":"","meta":[],"product_brand":[],"product_cat":[378,936,424],"product_tag":[],"class_list":{"0":"post-15971","1":"product","2":"type-product","3":"status-publish","4":"has-post-thumbnail","6":"product_cat-vivo","7":"product_cat-vivo-y85","8":"product_cat-y-series","10":"first","11":"instock","12":"taxable","13":"shipping-taxable","14":"purchasable","15":"product-type-simple"},"yoast_head":"<!-- This site is optimized with the Yoast SEO plugin v27.4 - https:\/\/yoast.com\/product\/yoast-seo-wordpress\/ -->\n<title>Vivo Y85 LCD Display Upgrade - True Colors for Brighter &amp; Sharper Imagery - Crystal Clear Display - Enhanced Visual Experience - Quality Guaranteed - Fast Shipping - InsurePart<\/title>\n<meta name=\"description\" content=\"Vivo Y85 LCD Display Upgrade - True Colors for Brighter &amp; Sharper Imagery - Crystal Clear Display - Enhanced Visual Experience - Quality Guaranteed - Fast Shipping\" \/>\n<meta name=\"robots\" content=\"index, follow, max-snippet:-1, max-image-preview:large, max-video-preview:-1\" \/>\n<link rel=\"canonical\" href=\"https:\/\/www.dt-smart.com\/es\/producto\/vivo-y85-lcd-true-colors-upgrade-your-vivo-y85-display-for-brighter-sharper-imagery\/\" \/>\n<meta property=\"og:locale\" content=\"es_ES\" \/>\n<meta property=\"og:type\" content=\"article\" \/>\n<meta property=\"og:title\" content=\"Vivo Y85 LCD Display Upgrade - True Colors for Brighter &amp; Sharper Imagery - Crystal Clear Display - Enhanced Visual Experience - Quality Guaranteed - Fast Shipping - InsurePart\" \/>\n<meta property=\"og:description\" content=\"Vivo Y85 LCD Display Upgrade - True Colors for Brighter &amp; Sharper Imagery - Crystal Clear Display - Enhanced Visual Experience - Quality Guaranteed - Fast Shipping\" \/>\n<meta property=\"og:url\" content=\"https:\/\/www.dt-smart.com\/es\/producto\/vivo-y85-lcd-true-colors-upgrade-your-vivo-y85-display-for-brighter-sharper-imagery\/\" \/>\n<meta property=\"og:site_name\" content=\"InsurePart\" \/>\n<meta property=\"article:publisher\" content=\"https:\/\/www.facebook.com\/anjinleeEva\" \/>\n<meta property=\"article:modified_time\" content=\"2026-01-12T08:26:48+00:00\" \/>\n<meta property=\"og:image\" content=\"https:\/\/www.dt-smart.com\/wp-content\/uploads\/2024\/10\/Y85\u4e3b\u65b0.webp\" \/>\n\t<meta property=\"og:image:width\" content=\"1000\" \/>\n\t<meta property=\"og:image:height\" content=\"1000\" \/>\n\t<meta property=\"og:image:type\" content=\"image\/webp\" \/>\n<meta name=\"twitter:card\" content=\"summary_large_image\" \/>\n<meta name=\"twitter:label1\" content=\"Tiempo de lectura\" \/>\n\t<meta name=\"twitter:data1\" content=\"1 minuto\" \/>\n<script type=\"application\/ld+json\" class=\"yoast-schema-graph\">{\"@context\":\"https:\\\/\\\/schema.org\",\"@graph\":[{\"@type\":\"WebPage\",\"@id\":\"https:\\\/\\\/www.dt-smart.com\\\/ru\\\/product\\\/vivo-y85-lcd-true-colors-upgrade-your-vivo-y85-display-for-brighter-sharper-imagery\\\/\",\"url\":\"https:\\\/\\\/www.dt-smart.com\\\/ru\\\/product\\\/vivo-y85-lcd-true-colors-upgrade-your-vivo-y85-display-for-brighter-sharper-imagery\\\/\",\"name\":\"Vivo Y85 LCD Display Upgrade - True Colors for Brighter & Sharper Imagery - Crystal Clear Display - Enhanced Visual Experience - Quality Guaranteed - Fast Shipping - InsurePart\",\"isPartOf\":{\"@id\":\"https:\\\/\\\/www.dt-smart.com\\\/#website\"},\"primaryImageOfPage\":{\"@id\":\"https:\\\/\\\/www.dt-smart.com\\\/ru\\\/product\\\/vivo-y85-lcd-true-colors-upgrade-your-vivo-y85-display-for-brighter-sharper-imagery\\\/#primaryimage\"},\"image\":{\"@id\":\"https:\\\/\\\/www.dt-smart.com\\\/ru\\\/product\\\/vivo-y85-lcd-true-colors-upgrade-your-vivo-y85-display-for-brighter-sharper-imagery\\\/#primaryimage\"},\"thumbnailUrl\":\"https:\\\/\\\/www.dt-smart.com\\\/wp-content\\\/uploads\\\/2024\\\/10\\\/Y85\u4e3b\u65b0.webp\",\"datePublished\":\"2024-09-29T02:42:44+00:00\",\"dateModified\":\"2026-01-12T08:26:48+00:00\",\"description\":\"Vivo Y85 LCD Display Upgrade - True Colors for Brighter & Sharper Imagery - Crystal Clear Display - Enhanced Visual Experience - Quality Guaranteed - Fast Shipping\",\"breadcrumb\":{\"@id\":\"https:\\\/\\\/www.dt-smart.com\\\/ru\\\/product\\\/vivo-y85-lcd-true-colors-upgrade-your-vivo-y85-display-for-brighter-sharper-imagery\\\/#breadcrumb\"},\"inLanguage\":\"es\",\"potentialAction\":[{\"@type\":\"ReadAction\",\"target\":[\"https:\\\/\\\/www.dt-smart.com\\\/ru\\\/product\\\/vivo-y85-lcd-true-colors-upgrade-your-vivo-y85-display-for-brighter-sharper-imagery\\\/\"]}]},{\"@type\":\"ImageObject\",\"inLanguage\":\"es\",\"@id\":\"https:\\\/\\\/www.dt-smart.com\\\/ru\\\/product\\\/vivo-y85-lcd-true-colors-upgrade-your-vivo-y85-display-for-brighter-sharper-imagery\\\/#primaryimage\",\"url\":\"https:\\\/\\\/www.dt-smart.com\\\/wp-content\\\/uploads\\\/2024\\\/10\\\/Y85\u4e3b\u65b0.webp\",\"contentUrl\":\"https:\\\/\\\/www.dt-smart.com\\\/wp-content\\\/uploads\\\/2024\\\/10\\\/Y85\u4e3b\u65b0.webp\",\"width\":1000,\"height\":1000},{\"@type\":\"BreadcrumbList\",\"@id\":\"https:\\\/\\\/www.dt-smart.com\\\/ru\\\/product\\\/vivo-y85-lcd-true-colors-upgrade-your-vivo-y85-display-for-brighter-sharper-imagery\\\/#breadcrumb\",\"itemListElement\":[{\"@type\":\"ListItem\",\"position\":1,\"name\":\"Home\",\"item\":\"https:\\\/\\\/www.dt-smart.com\\\/\"},{\"@type\":\"ListItem\",\"position\":2,\"name\":\"Product\",\"item\":\"https:\\\/\\\/www.dt-smart.com\\\/ru\\\/product\\\/\"},{\"@type\":\"ListItem\",\"position\":3,\"name\":\"Vivo Y85 LCD Display Upgrade &#8211; True Colors for Brighter &#038; Sharper Imagery &#8211; Crystal Clear Display &#8211; Enhanced Visual Experience &#8211; Quality Guaranteed &#8211; Fast Shipping\"}]},{\"@type\":\"WebSite\",\"@id\":\"https:\\\/\\\/www.dt-smart.com\\\/#website\",\"url\":\"https:\\\/\\\/www.dt-smart.com\\\/\",\"name\":\"InsurePart\",\"description\":\"Cell Phone Repair Parts; iPhone Parts Wholesale;Samsung Parts Supplier\",\"potentialAction\":[{\"@type\":\"SearchAction\",\"target\":{\"@type\":\"EntryPoint\",\"urlTemplate\":\"https:\\\/\\\/www.dt-smart.com\\\/?s={search_term_string}\"},\"query-input\":{\"@type\":\"PropertyValueSpecification\",\"valueRequired\":true,\"valueName\":\"search_term_string\"}}],\"inLanguage\":\"es\"}]}<\/script>\n<!-- \/ Yoast SEO plugin. -->","yoast_head_json":{"title":"Vivo Y85 LCD Display Upgrade - True Colors for Brighter & Sharper Imagery - Crystal Clear Display - Enhanced Visual Experience - Quality Guaranteed - Fast Shipping - InsurePart","description":"Actualizaci\u00f3n de pantalla LCD para Vivo Y85: colores reales para im\u00e1genes m\u00e1s brillantes y n\u00edtidas, pantalla cristalina, experiencia visual mejorada, calidad garantizada, env\u00edo r\u00e1pido.","robots":{"index":"index","follow":"follow","max-snippet":"max-snippet:-1","max-image-preview":"max-image-preview:large","max-video-preview":"max-video-preview:-1"},"canonical":"https:\/\/www.dt-smart.com\/es\/producto\/vivo-y85-lcd-true-colors-upgrade-your-vivo-y85-display-for-brighter-sharper-imagery\/","og_locale":"es_ES","og_type":"article","og_title":"Vivo Y85 LCD Display Upgrade - True Colors for Brighter & Sharper Imagery - Crystal Clear Display - Enhanced Visual Experience - Quality Guaranteed - Fast Shipping - InsurePart","og_description":"Vivo Y85 LCD Display Upgrade - True Colors for Brighter & Sharper Imagery - Crystal Clear Display - Enhanced Visual Experience - Quality Guaranteed - Fast Shipping","og_url":"https:\/\/www.dt-smart.com\/es\/producto\/vivo-y85-lcd-true-colors-upgrade-your-vivo-y85-display-for-brighter-sharper-imagery\/","og_site_name":"InsurePart","article_publisher":"https:\/\/www.facebook.com\/anjinleeEva","article_modified_time":"2026-01-12T08:26:48+00:00","og_image":[{"width":1000,"height":1000,"url":"https:\/\/www.dt-smart.com\/wp-content\/uploads\/2024\/10\/Y85\u4e3b\u65b0.webp","type":"image\/webp"}],"twitter_card":"summary_large_image","twitter_misc":{"Tiempo de lectura":"1 minuto"},"schema":{"@context":"https:\/\/schema.org","@graph":[{"@type":"WebPage","@id":"https:\/\/www.dt-smart.com\/ru\/product\/vivo-y85-lcd-true-colors-upgrade-your-vivo-y85-display-for-brighter-sharper-imagery\/","url":"https:\/\/www.dt-smart.com\/ru\/product\/vivo-y85-lcd-true-colors-upgrade-your-vivo-y85-display-for-brighter-sharper-imagery\/","name":"Vivo Y85 LCD Display Upgrade - True Colors for Brighter & Sharper Imagery - Crystal Clear Display - Enhanced Visual Experience - Quality Guaranteed - Fast Shipping - InsurePart","isPartOf":{"@id":"https:\/\/www.dt-smart.com\/#website"},"primaryImageOfPage":{"@id":"https:\/\/www.dt-smart.com\/ru\/product\/vivo-y85-lcd-true-colors-upgrade-your-vivo-y85-display-for-brighter-sharper-imagery\/#primaryimage"},"image":{"@id":"https:\/\/www.dt-smart.com\/ru\/product\/vivo-y85-lcd-true-colors-upgrade-your-vivo-y85-display-for-brighter-sharper-imagery\/#primaryimage"},"thumbnailUrl":"https:\/\/www.dt-smart.com\/wp-content\/uploads\/2024\/10\/Y85\u4e3b\u65b0.webp","datePublished":"2024-09-29T02:42:44+00:00","dateModified":"2026-01-12T08:26:48+00:00","description":"Actualizaci\u00f3n de pantalla LCD para Vivo Y85: colores reales para im\u00e1genes m\u00e1s brillantes y n\u00edtidas, pantalla cristalina, experiencia visual mejorada, calidad garantizada, env\u00edo r\u00e1pido.","breadcrumb":{"@id":"https:\/\/www.dt-smart.com\/ru\/product\/vivo-y85-lcd-true-colors-upgrade-your-vivo-y85-display-for-brighter-sharper-imagery\/#breadcrumb"},"inLanguage":"es","potentialAction":[{"@type":"ReadAction","target":["https:\/\/www.dt-smart.com\/ru\/product\/vivo-y85-lcd-true-colors-upgrade-your-vivo-y85-display-for-brighter-sharper-imagery\/"]}]},{"@type":"ImageObject","inLanguage":"es","@id":"https:\/\/www.dt-smart.com\/ru\/product\/vivo-y85-lcd-true-colors-upgrade-your-vivo-y85-display-for-brighter-sharper-imagery\/#primaryimage","url":"https:\/\/www.dt-smart.com\/wp-content\/uploads\/2024\/10\/Y85\u4e3b\u65b0.webp","contentUrl":"https:\/\/www.dt-smart.com\/wp-content\/uploads\/2024\/10\/Y85\u4e3b\u65b0.webp","width":1000,"height":1000},{"@type":"BreadcrumbList","@id":"https:\/\/www.dt-smart.com\/ru\/product\/vivo-y85-lcd-true-colors-upgrade-your-vivo-y85-display-for-brighter-sharper-imagery\/#breadcrumb","itemListElement":[{"@type":"ListItem","position":1,"name":"Home","item":"https:\/\/www.dt-smart.com\/"},{"@type":"ListItem","position":2,"name":"Product","item":"https:\/\/www.dt-smart.com\/ru\/product\/"},{"@type":"ListItem","position":3,"name":"Vivo Y85 LCD Display Upgrade &#8211; True Colors for Brighter &#038; Sharper Imagery &#8211; Crystal Clear Display &#8211; Enhanced Visual Experience &#8211; Quality Guaranteed &#8211; Fast Shipping"}]},{"@type":"WebSite","@id":"https:\/\/www.dt-smart.com\/#website","url":"https:\/\/www.dt-smart.com\/","name":"Asegurar parte","description":"Repuestos para celulares; Venta al por mayor de repuestos para iPhone; Proveedor de repuestos para Samsung","potentialAction":[{"@type":"SearchAction","target":{"@type":"EntryPoint","urlTemplate":"https:\/\/www.dt-smart.com\/?s={search_term_string}"},"query-input":{"@type":"PropertyValueSpecification","valueRequired":true,"valueName":"search_term_string"}}],"inLanguage":"es"}]}},"_links":{"self":[{"href":"https:\/\/www.dt-smart.com\/es\/wp-json\/wp\/v2\/product\/15971","targetHints":{"allow":["GET"]}}],"collection":[{"href":"https:\/\/www.dt-smart.com\/es\/wp-json\/wp\/v2\/product"}],"about":[{"href":"https:\/\/www.dt-smart.com\/es\/wp-json\/wp\/v2\/types\/product"}],"replies":[{"embeddable":true,"href":"https:\/\/www.dt-smart.com\/es\/wp-json\/wp\/v2\/comments?post=15971"}],"version-history":[{"count":5,"href":"https:\/\/www.dt-smart.com\/es\/wp-json\/wp\/v2\/product\/15971\/revisions"}],"predecessor-version":[{"id":24576,"href":"https:\/\/www.dt-smart.com\/es\/wp-json\/wp\/v2\/product\/15971\/revisions\/24576"}],"wp:featuredmedia":[{"embeddable":true,"href":"https:\/\/www.dt-smart.com\/es\/wp-json\/wp\/v2\/media\/16507"}],"wp:attachment":[{"href":"https:\/\/www.dt-smart.com\/es\/wp-json\/wp\/v2\/media?parent=15971"}],"wp:term":[{"taxonomy":"product_brand","embeddable":true,"href":"https:\/\/www.dt-smart.com\/es\/wp-json\/wp\/v2\/product_brand?post=15971"},{"taxonomy":"product_cat","embeddable":true,"href":"https:\/\/www.dt-smart.com\/es\/wp-json\/wp\/v2\/product_cat?post=15971"},{"taxonomy":"product_tag","embeddable":true,"href":"https:\/\/www.dt-smart.com\/es\/wp-json\/wp\/v2\/product_tag?post=15971"}],"curies":[{"name":"wp","href":"https:\/\/api.w.org\/{rel}","templated":true}]}}