{"id":16142,"date":"2024-10-14T15:04:17","date_gmt":"2024-10-14T07:04:17","guid":{"rendered":"https:\/\/www.insurepart.com\/?post_type=product&#038;p=16142"},"modified":"2026-01-13T09:56:52","modified_gmt":"2026-01-13T01:56:52","slug":"redmi-11-prime-stunning-display-with-enhanced-color-and-clarity","status":"publish","type":"product","link":"https:\/\/www.dt-smart.com\/es\/producto\/redmi-11-prime-stunning-display-with-enhanced-color-and-clarity\/","title":{"rendered":"Reemplazo de pantalla LCD original para Redmi 11 Prime: gama de colores mejorada y pantalla de alta claridad. Garant\u00eda de 1 a\u00f1o, env\u00edo r\u00e1pido."},"content":{"rendered":"<p style=\"text-align: center;\"><img fetchpriority=\"high\" decoding=\"async\" class=\"alignnone size-full wp-image-15567\" src=\"https:\/\/insurepart.com\/wp-content\/uploads\/2024\/08\/\u4e3a\u4ec0\u4e48\u9009\u62e9\u6211\u4eec22.webp\" alt=\"\" width=\"1000\" height=\"786\" srcset=\"https:\/\/www.dt-smart.com\/wp-content\/uploads\/2024\/08\/\u4e3a\u4ec0\u4e48\u9009\u62e9\u6211\u4eec22.webp 1000w, https:\/\/www.dt-smart.com\/wp-content\/uploads\/2024\/08\/\u4e3a\u4ec0\u4e48\u9009\u62e9\u6211\u4eec22-300x236.webp 300w, https:\/\/www.dt-smart.com\/wp-content\/uploads\/2024\/08\/\u4e3a\u4ec0\u4e48\u9009\u62e9\u6211\u4eec22-150x118.webp 150w, https:\/\/www.dt-smart.com\/wp-content\/uploads\/2024\/08\/\u4e3a\u4ec0\u4e48\u9009\u62e9\u6211\u4eec22-800x629.webp 800w, https:\/\/www.dt-smart.com\/wp-content\/uploads\/2024\/08\/\u4e3a\u4ec0\u4e48\u9009\u62e9\u6211\u4eec22-768x604.webp 768w, https:\/\/www.dt-smart.com\/wp-content\/uploads\/2024\/08\/\u4e3a\u4ec0\u4e48\u9009\u62e9\u6211\u4eec22-15x12.webp 15w\" sizes=\"(max-width: 1000px) 100vw, 1000px\" \/><\/p>","protected":false},"excerpt":{"rendered":"<p><span style=\"font-family: arial, helvetica, sans-serif; font-size: 10pt;\">El Redmi 1l Prime ofrece una pantalla amplia que garantiza colores vibrantes y una claridad cristalina., <\/span><br \/>\n<span style=\"font-family: arial, helvetica, sans-serif; font-size: 10pt;\">lo que lo hace perfecto para todo, desde jugar videojuegos hasta ver pel\u00edculas. El alto brillo de la pantalla permite una f\u00e1cil lectura, <\/span><br \/>\n<span style=\"font-family: arial, helvetica, sans-serif; font-size: 10pt;\">Incluso bajo la luz del sol brillante. Ofrece una reproducci\u00f3n crom\u00e1tica mejorada, proporcionando im\u00e1genes m\u00e1s realistas en cualquier situaci\u00f3n. <\/span><br \/>\n<span style=\"font-family: arial, helvetica, sans-serif; font-size: 10pt;\">La pantalla es excepcionalmente delgada y elegante, lo que contribuye al dise\u00f1o moderno del tel\u00e9fono. Sin p\u00edxeles muertos,<\/span><br \/>\n<span style=\"font-family: arial, helvetica, sans-serif; font-size: 10pt;\">Puede esperar un rendimiento de pantalla impecable, lo que garantiza una calidad visual constante.<\/span><\/p>","protected":false},"featured_media":16084,"comment_status":"open","ping_status":"closed","template":"","meta":[],"product_brand":[],"product_cat":[864,869],"product_tag":[],"class_list":{"0":"post-16142","1":"product","2":"type-product","3":"status-publish","4":"has-post-thumbnail","6":"product_cat-redmi-11-prime","7":"product_cat-redmi-series","9":"first","10":"instock","11":"taxable","12":"shipping-taxable","13":"purchasable","14":"product-type-simple"},"yoast_head":"<!-- This site is optimized with the Yoast SEO plugin v27.4 - https:\/\/yoast.com\/product\/yoast-seo-wordpress\/ -->\n<title>Redmi 11 Prime Original LCD Screen Replacement - Enhanced Color Gamut &amp; High Clarity Display. 1-Year Warranty, Fast Shipping - InsurePart<\/title>\n<meta name=\"description\" content=\"Redmi 11 Prime Original LCD Screen Replacement - Enhanced Color Gamut &amp; High Clarity Display. 1-Year Warranty, Fast Shipping\" \/>\n<meta name=\"robots\" content=\"index, follow, max-snippet:-1, max-image-preview:large, max-video-preview:-1\" \/>\n<link rel=\"canonical\" href=\"https:\/\/www.dt-smart.com\/es\/producto\/redmi-11-prime-stunning-display-with-enhanced-color-and-clarity\/\" \/>\n<meta property=\"og:locale\" content=\"es_ES\" \/>\n<meta property=\"og:type\" content=\"article\" \/>\n<meta property=\"og:title\" content=\"Redmi 11 Prime Original LCD Screen Replacement - Enhanced Color Gamut &amp; High Clarity Display. 1-Year Warranty, Fast Shipping - InsurePart\" \/>\n<meta property=\"og:description\" content=\"Redmi 11 Prime Original LCD Screen Replacement - Enhanced Color Gamut &amp; High Clarity Display. 1-Year Warranty, Fast Shipping\" \/>\n<meta property=\"og:url\" content=\"https:\/\/www.dt-smart.com\/es\/producto\/redmi-11-prime-stunning-display-with-enhanced-color-and-clarity\/\" \/>\n<meta property=\"og:site_name\" content=\"InsurePart\" \/>\n<meta property=\"article:publisher\" content=\"https:\/\/www.facebook.com\/anjinleeEva\" \/>\n<meta property=\"article:modified_time\" content=\"2026-01-13T01:56:52+00:00\" \/>\n<meta property=\"og:image\" content=\"https:\/\/www.dt-smart.com\/wp-content\/uploads\/2024\/10\/11-Prime-5G\u4e3b.webp\" \/>\n\t<meta property=\"og:image:width\" content=\"800\" \/>\n\t<meta property=\"og:image:height\" content=\"1000\" \/>\n\t<meta property=\"og:image:type\" content=\"image\/webp\" \/>\n<meta name=\"twitter:card\" content=\"summary_large_image\" \/>\n<meta name=\"twitter:label1\" content=\"Tiempo de lectura\" \/>\n\t<meta name=\"twitter:data1\" content=\"1 minuto\" \/>\n<script type=\"application\/ld+json\" class=\"yoast-schema-graph\">{\"@context\":\"https:\\\/\\\/schema.org\",\"@graph\":[{\"@type\":\"WebPage\",\"@id\":\"https:\\\/\\\/www.dt-smart.com\\\/ja\\\/product\\\/redmi-11-prime-stunning-display-with-enhanced-color-and-clarity\\\/\",\"url\":\"https:\\\/\\\/www.dt-smart.com\\\/ja\\\/product\\\/redmi-11-prime-stunning-display-with-enhanced-color-and-clarity\\\/\",\"name\":\"Redmi 11 Prime Original LCD Screen Replacement - Enhanced Color Gamut & High Clarity Display. 1-Year Warranty, Fast Shipping - InsurePart\",\"isPartOf\":{\"@id\":\"https:\\\/\\\/www.dt-smart.com\\\/#website\"},\"primaryImageOfPage\":{\"@id\":\"https:\\\/\\\/www.dt-smart.com\\\/ja\\\/product\\\/redmi-11-prime-stunning-display-with-enhanced-color-and-clarity\\\/#primaryimage\"},\"image\":{\"@id\":\"https:\\\/\\\/www.dt-smart.com\\\/ja\\\/product\\\/redmi-11-prime-stunning-display-with-enhanced-color-and-clarity\\\/#primaryimage\"},\"thumbnailUrl\":\"https:\\\/\\\/www.dt-smart.com\\\/wp-content\\\/uploads\\\/2024\\\/10\\\/11-Prime-5G\u4e3b.webp\",\"datePublished\":\"2024-10-14T07:04:17+00:00\",\"dateModified\":\"2026-01-13T01:56:52+00:00\",\"description\":\"Redmi 11 Prime Original LCD Screen Replacement - Enhanced Color Gamut & High Clarity Display. 1-Year Warranty, Fast Shipping\",\"breadcrumb\":{\"@id\":\"https:\\\/\\\/www.dt-smart.com\\\/ja\\\/product\\\/redmi-11-prime-stunning-display-with-enhanced-color-and-clarity\\\/#breadcrumb\"},\"inLanguage\":\"es\",\"potentialAction\":[{\"@type\":\"ReadAction\",\"target\":[\"https:\\\/\\\/www.dt-smart.com\\\/ja\\\/product\\\/redmi-11-prime-stunning-display-with-enhanced-color-and-clarity\\\/\"]}]},{\"@type\":\"ImageObject\",\"inLanguage\":\"es\",\"@id\":\"https:\\\/\\\/www.dt-smart.com\\\/ja\\\/product\\\/redmi-11-prime-stunning-display-with-enhanced-color-and-clarity\\\/#primaryimage\",\"url\":\"https:\\\/\\\/www.dt-smart.com\\\/wp-content\\\/uploads\\\/2024\\\/10\\\/11-Prime-5G\u4e3b.webp\",\"contentUrl\":\"https:\\\/\\\/www.dt-smart.com\\\/wp-content\\\/uploads\\\/2024\\\/10\\\/11-Prime-5G\u4e3b.webp\",\"width\":800,\"height\":1000},{\"@type\":\"BreadcrumbList\",\"@id\":\"https:\\\/\\\/www.dt-smart.com\\\/ja\\\/product\\\/redmi-11-prime-stunning-display-with-enhanced-color-and-clarity\\\/#breadcrumb\",\"itemListElement\":[{\"@type\":\"ListItem\",\"position\":1,\"name\":\"Home\",\"item\":\"https:\\\/\\\/www.dt-smart.com\\\/\"},{\"@type\":\"ListItem\",\"position\":2,\"name\":\"Product\",\"item\":\"https:\\\/\\\/www.dt-smart.com\\\/ru\\\/product\\\/\"},{\"@type\":\"ListItem\",\"position\":3,\"name\":\"Redmi 11 Prime Original LCD Screen Replacement &#8211; Enhanced Color Gamut &#038; High Clarity Display. 1-Year Warranty, Fast Shipping\"}]},{\"@type\":\"WebSite\",\"@id\":\"https:\\\/\\\/www.dt-smart.com\\\/#website\",\"url\":\"https:\\\/\\\/www.dt-smart.com\\\/\",\"name\":\"InsurePart\",\"description\":\"Cell Phone Repair Parts; iPhone Parts Wholesale;Samsung Parts Supplier\",\"potentialAction\":[{\"@type\":\"SearchAction\",\"target\":{\"@type\":\"EntryPoint\",\"urlTemplate\":\"https:\\\/\\\/www.dt-smart.com\\\/?s={search_term_string}\"},\"query-input\":{\"@type\":\"PropertyValueSpecification\",\"valueRequired\":true,\"valueName\":\"search_term_string\"}}],\"inLanguage\":\"es\"}]}<\/script>\n<!-- \/ Yoast SEO plugin. -->","yoast_head_json":{"title":"Redmi 11 Prime Original LCD Screen Replacement - Enhanced Color Gamut & High Clarity Display. 1-Year Warranty, Fast Shipping - InsurePart","description":"Pantalla LCD original de repuesto para Redmi 11 Prime: gama de colores mejorada y pantalla de alta nitidez. 1 a\u00f1o de garant\u00eda, env\u00edo r\u00e1pido.","robots":{"index":"index","follow":"follow","max-snippet":"max-snippet:-1","max-image-preview":"max-image-preview:large","max-video-preview":"max-video-preview:-1"},"canonical":"https:\/\/www.dt-smart.com\/es\/producto\/redmi-11-prime-stunning-display-with-enhanced-color-and-clarity\/","og_locale":"es_ES","og_type":"article","og_title":"Redmi 11 Prime Original LCD Screen Replacement - Enhanced Color Gamut & High Clarity Display. 1-Year Warranty, Fast Shipping - InsurePart","og_description":"Redmi 11 Prime Original LCD Screen Replacement - Enhanced Color Gamut & High Clarity Display. 1-Year Warranty, Fast Shipping","og_url":"https:\/\/www.dt-smart.com\/es\/producto\/redmi-11-prime-stunning-display-with-enhanced-color-and-clarity\/","og_site_name":"InsurePart","article_publisher":"https:\/\/www.facebook.com\/anjinleeEva","article_modified_time":"2026-01-13T01:56:52+00:00","og_image":[{"width":800,"height":1000,"url":"https:\/\/www.dt-smart.com\/wp-content\/uploads\/2024\/10\/11-Prime-5G\u4e3b.webp","type":"image\/webp"}],"twitter_card":"summary_large_image","twitter_misc":{"Tiempo de lectura":"1 minuto"},"schema":{"@context":"https:\/\/schema.org","@graph":[{"@type":"WebPage","@id":"https:\/\/www.dt-smart.com\/ja\/product\/redmi-11-prime-stunning-display-with-enhanced-color-and-clarity\/","url":"https:\/\/www.dt-smart.com\/ja\/product\/redmi-11-prime-stunning-display-with-enhanced-color-and-clarity\/","name":"Redmi 11 Prime Original LCD Screen Replacement - Enhanced Color Gamut & High Clarity Display. 1-Year Warranty, Fast Shipping - InsurePart","isPartOf":{"@id":"https:\/\/www.dt-smart.com\/#website"},"primaryImageOfPage":{"@id":"https:\/\/www.dt-smart.com\/ja\/product\/redmi-11-prime-stunning-display-with-enhanced-color-and-clarity\/#primaryimage"},"image":{"@id":"https:\/\/www.dt-smart.com\/ja\/product\/redmi-11-prime-stunning-display-with-enhanced-color-and-clarity\/#primaryimage"},"thumbnailUrl":"https:\/\/www.dt-smart.com\/wp-content\/uploads\/2024\/10\/11-Prime-5G\u4e3b.webp","datePublished":"2024-10-14T07:04:17+00:00","dateModified":"2026-01-13T01:56:52+00:00","description":"Pantalla LCD original de repuesto para Redmi 11 Prime: gama de colores mejorada y pantalla de alta nitidez. 1 a\u00f1o de garant\u00eda, env\u00edo r\u00e1pido.","breadcrumb":{"@id":"https:\/\/www.dt-smart.com\/ja\/product\/redmi-11-prime-stunning-display-with-enhanced-color-and-clarity\/#breadcrumb"},"inLanguage":"es","potentialAction":[{"@type":"ReadAction","target":["https:\/\/www.dt-smart.com\/ja\/product\/redmi-11-prime-stunning-display-with-enhanced-color-and-clarity\/"]}]},{"@type":"ImageObject","inLanguage":"es","@id":"https:\/\/www.dt-smart.com\/ja\/product\/redmi-11-prime-stunning-display-with-enhanced-color-and-clarity\/#primaryimage","url":"https:\/\/www.dt-smart.com\/wp-content\/uploads\/2024\/10\/11-Prime-5G\u4e3b.webp","contentUrl":"https:\/\/www.dt-smart.com\/wp-content\/uploads\/2024\/10\/11-Prime-5G\u4e3b.webp","width":800,"height":1000},{"@type":"BreadcrumbList","@id":"https:\/\/www.dt-smart.com\/ja\/product\/redmi-11-prime-stunning-display-with-enhanced-color-and-clarity\/#breadcrumb","itemListElement":[{"@type":"ListItem","position":1,"name":"Home","item":"https:\/\/www.dt-smart.com\/"},{"@type":"ListItem","position":2,"name":"Product","item":"https:\/\/www.dt-smart.com\/ru\/product\/"},{"@type":"ListItem","position":3,"name":"Redmi 11 Prime Original LCD Screen Replacement &#8211; Enhanced Color Gamut &#038; High Clarity Display. 1-Year Warranty, Fast Shipping"}]},{"@type":"WebSite","@id":"https:\/\/www.dt-smart.com\/#website","url":"https:\/\/www.dt-smart.com\/","name":"Asegurar parte","description":"Repuestos para celulares; Venta al por mayor de repuestos para iPhone; Proveedor de repuestos para Samsung","potentialAction":[{"@type":"SearchAction","target":{"@type":"EntryPoint","urlTemplate":"https:\/\/www.dt-smart.com\/?s={search_term_string}"},"query-input":{"@type":"PropertyValueSpecification","valueRequired":true,"valueName":"search_term_string"}}],"inLanguage":"es"}]}},"_links":{"self":[{"href":"https:\/\/www.dt-smart.com\/es\/wp-json\/wp\/v2\/product\/16142","targetHints":{"allow":["GET"]}}],"collection":[{"href":"https:\/\/www.dt-smart.com\/es\/wp-json\/wp\/v2\/product"}],"about":[{"href":"https:\/\/www.dt-smart.com\/es\/wp-json\/wp\/v2\/types\/product"}],"replies":[{"embeddable":true,"href":"https:\/\/www.dt-smart.com\/es\/wp-json\/wp\/v2\/comments?post=16142"}],"version-history":[{"count":4,"href":"https:\/\/www.dt-smart.com\/es\/wp-json\/wp\/v2\/product\/16142\/revisions"}],"predecessor-version":[{"id":24592,"href":"https:\/\/www.dt-smart.com\/es\/wp-json\/wp\/v2\/product\/16142\/revisions\/24592"}],"wp:featuredmedia":[{"embeddable":true,"href":"https:\/\/www.dt-smart.com\/es\/wp-json\/wp\/v2\/media\/16084"}],"wp:attachment":[{"href":"https:\/\/www.dt-smart.com\/es\/wp-json\/wp\/v2\/media?parent=16142"}],"wp:term":[{"taxonomy":"product_brand","embeddable":true,"href":"https:\/\/www.dt-smart.com\/es\/wp-json\/wp\/v2\/product_brand?post=16142"},{"taxonomy":"product_cat","embeddable":true,"href":"https:\/\/www.dt-smart.com\/es\/wp-json\/wp\/v2\/product_cat?post=16142"},{"taxonomy":"product_tag","embeddable":true,"href":"https:\/\/www.dt-smart.com\/es\/wp-json\/wp\/v2\/product_tag?post=16142"}],"curies":[{"name":"wp","href":"https:\/\/api.w.org\/{rel}","templated":true}]}}