{"id":16605,"date":"2024-10-23T16:39:58","date_gmt":"2024-10-23T08:39:58","guid":{"rendered":"https:\/\/insurepart.com\/?post_type=product&#038;p=16605"},"modified":"2026-01-12T17:30:43","modified_gmt":"2026-01-12T09:30:43","slug":"ultra-clear-high-brightness-display-for-redmi-k40-pro-plus-with-superior-touch-sensitivity","status":"publish","type":"product","link":"https:\/\/www.dt-smart.com\/es\/producto\/ultra-clear-high-brightness-display-for-redmi-k40-pro-plus-with-superior-touch-sensitivity\/","title":{"rendered":"Pantalla de repuesto ultraclara y de alto brillo para Redmi K40 Pro Plus: sensibilidad t\u00e1ctil superior y colores vivos, resistente a ara\u00f1azos y de alta compatibilidad, calidad OEM, garant\u00eda de calidad y env\u00edo r\u00e1pido."},"content":{"rendered":"<p style=\"text-align: center;\"><img fetchpriority=\"high\" decoding=\"async\" class=\"alignnone size-full wp-image-15567\" src=\"https:\/\/insurepart.com\/wp-content\/uploads\/2024\/08\/\u4e3a\u4ec0\u4e48\u9009\u62e9\u6211\u4eec22.webp\" alt=\"\" width=\"1000\" height=\"786\" srcset=\"https:\/\/www.dt-smart.com\/wp-content\/uploads\/2024\/08\/\u4e3a\u4ec0\u4e48\u9009\u62e9\u6211\u4eec22.webp 1000w, https:\/\/www.dt-smart.com\/wp-content\/uploads\/2024\/08\/\u4e3a\u4ec0\u4e48\u9009\u62e9\u6211\u4eec22-300x236.webp 300w, https:\/\/www.dt-smart.com\/wp-content\/uploads\/2024\/08\/\u4e3a\u4ec0\u4e48\u9009\u62e9\u6211\u4eec22-150x118.webp 150w, https:\/\/www.dt-smart.com\/wp-content\/uploads\/2024\/08\/\u4e3a\u4ec0\u4e48\u9009\u62e9\u6211\u4eec22-800x629.webp 800w, https:\/\/www.dt-smart.com\/wp-content\/uploads\/2024\/08\/\u4e3a\u4ec0\u4e48\u9009\u62e9\u6211\u4eec22-768x604.webp 768w, https:\/\/www.dt-smart.com\/wp-content\/uploads\/2024\/08\/\u4e3a\u4ec0\u4e48\u9009\u62e9\u6211\u4eec22-15x12.webp 15w\" sizes=\"(max-width: 1000px) 100vw, 1000px\" \/><\/p>","protected":false},"excerpt":{"rendered":"<p><span style=\"font-size: 10pt;\">Esta pantalla de repuesto para Redmi K40 Pro Plus cuenta con una pantalla ultraclara y de alto brillo,<\/span><br \/>\n<span style=\"font-size: 10pt;\">Ofrece una experiencia visual superior. La sensibilidad t\u00e1ctil est\u00e1 finamente ajustada, lo que garantiza una respuesta precisa.<\/span><br \/>\n<span style=\"font-size: 10pt;\">Retroalimentaci\u00f3n en cada interacci\u00f3n. Dise\u00f1ada para durar, esta pantalla ofrece una visualizaci\u00f3n clara y vibrante.<\/span><br \/>\n<span style=\"font-size: 10pt;\">una experiencia sin concesiones.<\/span><\/p>","protected":false},"featured_media":16575,"comment_status":"open","ping_status":"closed","template":"","meta":[],"product_brand":[],"product_cat":[829,839],"product_tag":[],"class_list":{"0":"post-16605","1":"product","2":"type-product","3":"status-publish","4":"has-post-thumbnail","6":"product_cat-k-series-redmi-series","7":"product_cat-redmi-k40-pro-plus","9":"first","10":"instock","11":"taxable","12":"shipping-taxable","13":"purchasable","14":"product-type-variable"},"yoast_head":"<!-- This site is optimized with the Yoast SEO plugin v27.4 - https:\/\/yoast.com\/product\/yoast-seo-wordpress\/ -->\n<title>Redmi K40 Pro Plus Ultra-Clear High-Brightness Display Replacement - Superior Touch Sensitivity &amp; Vivid Colors - Scratch Resistance &amp; High Compatibility - OEM Grade - Quality Guaranteed - Fast Shipping - InsurePart<\/title>\n<meta name=\"description\" content=\"Redmi K40 Pro Plus Ultra-Clear High-Brightness Display Replacement - Superior Touch Sensitivity &amp; Vivid Colors - Scratch Resistance &amp; High Compatibility - OEM Grade - Quality Guaranteed - Fast Shipping\" \/>\n<meta name=\"robots\" content=\"index, follow, max-snippet:-1, max-image-preview:large, max-video-preview:-1\" \/>\n<link rel=\"canonical\" href=\"https:\/\/www.dt-smart.com\/es\/producto\/ultra-clear-high-brightness-display-for-redmi-k40-pro-plus-with-superior-touch-sensitivity\/\" \/>\n<meta property=\"og:locale\" content=\"es_ES\" \/>\n<meta property=\"og:type\" content=\"article\" \/>\n<meta property=\"og:title\" content=\"Redmi K40 Pro Plus Ultra-Clear High-Brightness Display Replacement - Superior Touch Sensitivity &amp; Vivid Colors - Scratch Resistance &amp; High Compatibility - OEM Grade - Quality Guaranteed - Fast Shipping - InsurePart\" \/>\n<meta property=\"og:description\" content=\"Redmi K40 Pro Plus Ultra-Clear High-Brightness Display Replacement - Superior Touch Sensitivity &amp; Vivid Colors - Scratch Resistance &amp; High Compatibility - OEM Grade - Quality Guaranteed - Fast Shipping\" \/>\n<meta property=\"og:url\" content=\"https:\/\/www.dt-smart.com\/es\/producto\/ultra-clear-high-brightness-display-for-redmi-k40-pro-plus-with-superior-touch-sensitivity\/\" \/>\n<meta property=\"og:site_name\" content=\"InsurePart\" \/>\n<meta property=\"article:publisher\" content=\"https:\/\/www.facebook.com\/anjinleeEva\" \/>\n<meta property=\"article:modified_time\" content=\"2026-01-12T09:30:43+00:00\" \/>\n<meta property=\"og:image\" content=\"https:\/\/www.dt-smart.com\/wp-content\/uploads\/2024\/10\/k40-k40Pro\u4e3b-1.webp\" \/>\n\t<meta property=\"og:image:width\" content=\"1000\" \/>\n\t<meta property=\"og:image:height\" content=\"1000\" \/>\n\t<meta property=\"og:image:type\" content=\"image\/webp\" \/>\n<meta name=\"twitter:card\" content=\"summary_large_image\" \/>\n<meta name=\"twitter:label1\" content=\"Tiempo de lectura\" \/>\n\t<meta name=\"twitter:data1\" content=\"1 minuto\" \/>\n<script type=\"application\/ld+json\" class=\"yoast-schema-graph\">{\"@context\":\"https:\\\/\\\/schema.org\",\"@graph\":[{\"@type\":\"WebPage\",\"@id\":\"https:\\\/\\\/www.dt-smart.com\\\/ru\\\/product\\\/ultra-clear-high-brightness-display-for-redmi-k40-pro-plus-with-superior-touch-sensitivity\\\/\",\"url\":\"https:\\\/\\\/www.dt-smart.com\\\/ru\\\/product\\\/ultra-clear-high-brightness-display-for-redmi-k40-pro-plus-with-superior-touch-sensitivity\\\/\",\"name\":\"Redmi K40 Pro Plus Ultra-Clear High-Brightness Display Replacement - Superior Touch Sensitivity & Vivid Colors - Scratch Resistance & High Compatibility - OEM Grade - Quality Guaranteed - Fast Shipping - InsurePart\",\"isPartOf\":{\"@id\":\"https:\\\/\\\/www.dt-smart.com\\\/#website\"},\"primaryImageOfPage\":{\"@id\":\"https:\\\/\\\/www.dt-smart.com\\\/ru\\\/product\\\/ultra-clear-high-brightness-display-for-redmi-k40-pro-plus-with-superior-touch-sensitivity\\\/#primaryimage\"},\"image\":{\"@id\":\"https:\\\/\\\/www.dt-smart.com\\\/ru\\\/product\\\/ultra-clear-high-brightness-display-for-redmi-k40-pro-plus-with-superior-touch-sensitivity\\\/#primaryimage\"},\"thumbnailUrl\":\"https:\\\/\\\/www.dt-smart.com\\\/wp-content\\\/uploads\\\/2024\\\/10\\\/k40-k40Pro\u4e3b-1.webp\",\"datePublished\":\"2024-10-23T08:39:58+00:00\",\"dateModified\":\"2026-01-12T09:30:43+00:00\",\"description\":\"Redmi K40 Pro Plus Ultra-Clear High-Brightness Display Replacement - Superior Touch Sensitivity & Vivid Colors - Scratch Resistance & High Compatibility - OEM Grade - Quality Guaranteed - Fast Shipping\",\"breadcrumb\":{\"@id\":\"https:\\\/\\\/www.dt-smart.com\\\/ru\\\/product\\\/ultra-clear-high-brightness-display-for-redmi-k40-pro-plus-with-superior-touch-sensitivity\\\/#breadcrumb\"},\"inLanguage\":\"es\",\"potentialAction\":[{\"@type\":\"ReadAction\",\"target\":[\"https:\\\/\\\/www.dt-smart.com\\\/ru\\\/product\\\/ultra-clear-high-brightness-display-for-redmi-k40-pro-plus-with-superior-touch-sensitivity\\\/\"]}]},{\"@type\":\"ImageObject\",\"inLanguage\":\"es\",\"@id\":\"https:\\\/\\\/www.dt-smart.com\\\/ru\\\/product\\\/ultra-clear-high-brightness-display-for-redmi-k40-pro-plus-with-superior-touch-sensitivity\\\/#primaryimage\",\"url\":\"https:\\\/\\\/www.dt-smart.com\\\/wp-content\\\/uploads\\\/2024\\\/10\\\/k40-k40Pro\u4e3b-1.webp\",\"contentUrl\":\"https:\\\/\\\/www.dt-smart.com\\\/wp-content\\\/uploads\\\/2024\\\/10\\\/k40-k40Pro\u4e3b-1.webp\",\"width\":1000,\"height\":1000},{\"@type\":\"BreadcrumbList\",\"@id\":\"https:\\\/\\\/www.dt-smart.com\\\/ru\\\/product\\\/ultra-clear-high-brightness-display-for-redmi-k40-pro-plus-with-superior-touch-sensitivity\\\/#breadcrumb\",\"itemListElement\":[{\"@type\":\"ListItem\",\"position\":1,\"name\":\"Home\",\"item\":\"https:\\\/\\\/www.dt-smart.com\\\/\"},{\"@type\":\"ListItem\",\"position\":2,\"name\":\"Product\",\"item\":\"https:\\\/\\\/www.dt-smart.com\\\/ru\\\/product\\\/\"},{\"@type\":\"ListItem\",\"position\":3,\"name\":\"Redmi K40 Pro Plus Ultra-Clear High-Brightness Display Replacement &#8211; Superior Touch Sensitivity &#038; Vivid Colors &#8211; Scratch Resistance &#038; High Compatibility &#8211; OEM Grade &#8211; Quality Guaranteed &#8211; Fast Shipping\"}]},{\"@type\":\"WebSite\",\"@id\":\"https:\\\/\\\/www.dt-smart.com\\\/#website\",\"url\":\"https:\\\/\\\/www.dt-smart.com\\\/\",\"name\":\"InsurePart\",\"description\":\"Cell Phone Repair Parts; iPhone Parts Wholesale;Samsung Parts Supplier\",\"potentialAction\":[{\"@type\":\"SearchAction\",\"target\":{\"@type\":\"EntryPoint\",\"urlTemplate\":\"https:\\\/\\\/www.dt-smart.com\\\/?s={search_term_string}\"},\"query-input\":{\"@type\":\"PropertyValueSpecification\",\"valueRequired\":true,\"valueName\":\"search_term_string\"}}],\"inLanguage\":\"es\"}]}<\/script>\n<!-- \/ Yoast SEO plugin. -->","yoast_head_json":{"title":"Redmi K40 Pro Plus Ultra-Clear High-Brightness Display Replacement - Superior Touch Sensitivity & Vivid Colors - Scratch Resistance & High Compatibility - OEM Grade - Quality Guaranteed - Fast Shipping - InsurePart","description":"Redmi K40 Pro Plus Ultra-Clear High-Brightness Display Replacement - Superior Touch Sensitivity & Vivid Colors - Scratch Resistance & High Compatibility - OEM Grade - Quality Guaranteed - Fast Shipping","robots":{"index":"index","follow":"follow","max-snippet":"max-snippet:-1","max-image-preview":"max-image-preview:large","max-video-preview":"max-video-preview:-1"},"canonical":"https:\/\/www.dt-smart.com\/es\/producto\/ultra-clear-high-brightness-display-for-redmi-k40-pro-plus-with-superior-touch-sensitivity\/","og_locale":"es_ES","og_type":"article","og_title":"Redmi K40 Pro Plus Ultra-Clear High-Brightness Display Replacement - Superior Touch Sensitivity & Vivid Colors - Scratch Resistance & High Compatibility - OEM Grade - Quality Guaranteed - Fast Shipping - InsurePart","og_description":"Redmi K40 Pro Plus Ultra-Clear High-Brightness Display Replacement - Superior Touch Sensitivity & Vivid Colors - Scratch Resistance & High Compatibility - OEM Grade - Quality Guaranteed - Fast Shipping","og_url":"https:\/\/www.dt-smart.com\/es\/producto\/ultra-clear-high-brightness-display-for-redmi-k40-pro-plus-with-superior-touch-sensitivity\/","og_site_name":"InsurePart","article_publisher":"https:\/\/www.facebook.com\/anjinleeEva","article_modified_time":"2026-01-12T09:30:43+00:00","og_image":[{"width":1000,"height":1000,"url":"https:\/\/www.dt-smart.com\/wp-content\/uploads\/2024\/10\/k40-k40Pro\u4e3b-1.webp","type":"image\/webp"}],"twitter_card":"summary_large_image","twitter_misc":{"Tiempo de lectura":"1 minuto"},"schema":{"@context":"https:\/\/schema.org","@graph":[{"@type":"WebPage","@id":"https:\/\/www.dt-smart.com\/ru\/product\/ultra-clear-high-brightness-display-for-redmi-k40-pro-plus-with-superior-touch-sensitivity\/","url":"https:\/\/www.dt-smart.com\/ru\/product\/ultra-clear-high-brightness-display-for-redmi-k40-pro-plus-with-superior-touch-sensitivity\/","name":"Redmi K40 Pro Plus Ultra-Clear High-Brightness Display Replacement - Superior Touch Sensitivity & Vivid Colors - Scratch Resistance & High Compatibility - OEM Grade - Quality Guaranteed - Fast Shipping - InsurePart","isPartOf":{"@id":"https:\/\/www.dt-smart.com\/#website"},"primaryImageOfPage":{"@id":"https:\/\/www.dt-smart.com\/ru\/product\/ultra-clear-high-brightness-display-for-redmi-k40-pro-plus-with-superior-touch-sensitivity\/#primaryimage"},"image":{"@id":"https:\/\/www.dt-smart.com\/ru\/product\/ultra-clear-high-brightness-display-for-redmi-k40-pro-plus-with-superior-touch-sensitivity\/#primaryimage"},"thumbnailUrl":"https:\/\/www.dt-smart.com\/wp-content\/uploads\/2024\/10\/k40-k40Pro\u4e3b-1.webp","datePublished":"2024-10-23T08:39:58+00:00","dateModified":"2026-01-12T09:30:43+00:00","description":"Redmi K40 Pro Plus Ultra-Clear High-Brightness Display Replacement - Superior Touch Sensitivity & Vivid Colors - Scratch Resistance & High Compatibility - OEM Grade - Quality Guaranteed - Fast Shipping","breadcrumb":{"@id":"https:\/\/www.dt-smart.com\/ru\/product\/ultra-clear-high-brightness-display-for-redmi-k40-pro-plus-with-superior-touch-sensitivity\/#breadcrumb"},"inLanguage":"es","potentialAction":[{"@type":"ReadAction","target":["https:\/\/www.dt-smart.com\/ru\/product\/ultra-clear-high-brightness-display-for-redmi-k40-pro-plus-with-superior-touch-sensitivity\/"]}]},{"@type":"ImageObject","inLanguage":"es","@id":"https:\/\/www.dt-smart.com\/ru\/product\/ultra-clear-high-brightness-display-for-redmi-k40-pro-plus-with-superior-touch-sensitivity\/#primaryimage","url":"https:\/\/www.dt-smart.com\/wp-content\/uploads\/2024\/10\/k40-k40Pro\u4e3b-1.webp","contentUrl":"https:\/\/www.dt-smart.com\/wp-content\/uploads\/2024\/10\/k40-k40Pro\u4e3b-1.webp","width":1000,"height":1000},{"@type":"BreadcrumbList","@id":"https:\/\/www.dt-smart.com\/ru\/product\/ultra-clear-high-brightness-display-for-redmi-k40-pro-plus-with-superior-touch-sensitivity\/#breadcrumb","itemListElement":[{"@type":"ListItem","position":1,"name":"Home","item":"https:\/\/www.dt-smart.com\/"},{"@type":"ListItem","position":2,"name":"Product","item":"https:\/\/www.dt-smart.com\/ru\/product\/"},{"@type":"ListItem","position":3,"name":"Redmi K40 Pro Plus Ultra-Clear High-Brightness Display Replacement &#8211; Superior Touch Sensitivity &#038; Vivid Colors &#8211; Scratch Resistance &#038; High Compatibility &#8211; OEM Grade &#8211; Quality Guaranteed &#8211; Fast Shipping"}]},{"@type":"WebSite","@id":"https:\/\/www.dt-smart.com\/#website","url":"https:\/\/www.dt-smart.com\/","name":"Asegurar parte","description":"Repuestos para celulares; Venta al por mayor de repuestos para iPhone; Proveedor de repuestos para Samsung","potentialAction":[{"@type":"SearchAction","target":{"@type":"EntryPoint","urlTemplate":"https:\/\/www.dt-smart.com\/?s={search_term_string}"},"query-input":{"@type":"PropertyValueSpecification","valueRequired":true,"valueName":"search_term_string"}}],"inLanguage":"es"}]}},"_links":{"self":[{"href":"https:\/\/www.dt-smart.com\/es\/wp-json\/wp\/v2\/product\/16605","targetHints":{"allow":["GET"]}}],"collection":[{"href":"https:\/\/www.dt-smart.com\/es\/wp-json\/wp\/v2\/product"}],"about":[{"href":"https:\/\/www.dt-smart.com\/es\/wp-json\/wp\/v2\/types\/product"}],"replies":[{"embeddable":true,"href":"https:\/\/www.dt-smart.com\/es\/wp-json\/wp\/v2\/comments?post=16605"}],"version-history":[{"count":4,"href":"https:\/\/www.dt-smart.com\/es\/wp-json\/wp\/v2\/product\/16605\/revisions"}],"predecessor-version":[{"id":24090,"href":"https:\/\/www.dt-smart.com\/es\/wp-json\/wp\/v2\/product\/16605\/revisions\/24090"}],"wp:featuredmedia":[{"embeddable":true,"href":"https:\/\/www.dt-smart.com\/es\/wp-json\/wp\/v2\/media\/16575"}],"wp:attachment":[{"href":"https:\/\/www.dt-smart.com\/es\/wp-json\/wp\/v2\/media?parent=16605"}],"wp:term":[{"taxonomy":"product_brand","embeddable":true,"href":"https:\/\/www.dt-smart.com\/es\/wp-json\/wp\/v2\/product_brand?post=16605"},{"taxonomy":"product_cat","embeddable":true,"href":"https:\/\/www.dt-smart.com\/es\/wp-json\/wp\/v2\/product_cat?post=16605"},{"taxonomy":"product_tag","embeddable":true,"href":"https:\/\/www.dt-smart.com\/es\/wp-json\/wp\/v2\/product_tag?post=16605"}],"curies":[{"name":"wp","href":"https:\/\/api.w.org\/{rel}","templated":true}]}}