{"id":17286,"date":"2024-11-28T09:42:11","date_gmt":"2024-11-28T01:42:11","guid":{"rendered":"https:\/\/insurepart.com\/?post_type=product&#038;p=17286"},"modified":"2026-01-08T16:04:41","modified_gmt":"2026-01-08T08:04:41","slug":"premium-6-6-inch-amoled-screen-replacement-for-realme-12-pro-plus-vibrant-colors-and-crystal-clear-clarity","status":"publish","type":"product","link":"https:\/\/www.dt-smart.com\/es\/producto\/premium-6-6-inch-amoled-screen-replacement-for-realme-12-pro-plus-vibrant-colors-and-crystal-clear-clarity\/","title":{"rendered":"Pantalla AMOLED de 6.6 pulgadas para Realme 12 Pro Plus: certificaci\u00f3n HDR10+, colores y claridad realistas. Garant\u00eda de 1 a\u00f1o. Env\u00edo r\u00e1pido."},"content":{"rendered":"","protected":false},"excerpt":{"rendered":"<p>Renueva tu Realme 12 Pro Plus con este repuesto premium de pantalla AMOLED de 6.6 pulgadas. Si la pantalla de tu tel\u00e9fono est\u00e1 rayada,<br \/>\nGrietas o decoloraci\u00f3n, este reemplazo ofrece una claridad excepcional, negros profundos y colores brillantes. Dise\u00f1ado para cumplir con los altos est\u00e1ndares de la pantalla original.,<br \/>\nGarantiza una sensibilidad t\u00e1ctil \u00f3ptima y una experiencia visual inmersiva. Recupere la est\u00e9tica y funcionalidad de su dispositivo con facilidad y confianza.<br \/>\nAjuste perfecto y calidad garantizada para tu Realme 12 Pro Plus.<\/p>","protected":false},"featured_media":17249,"comment_status":"open","ping_status":"closed","template":"","meta":[],"product_brand":[],"product_cat":[379,1217,1219],"product_tag":[],"class_list":{"0":"post-17286","1":"product","2":"type-product","3":"status-publish","4":"has-post-thumbnail","6":"product_cat-oppo","7":"product_cat-1217","8":"product_cat-realme-12-pro-plus","10":"first","11":"instock","12":"taxable","13":"shipping-taxable","14":"purchasable","15":"product-type-simple"},"yoast_head":"<!-- This site is optimized with the Yoast SEO plugin v27.4 - https:\/\/yoast.com\/product\/yoast-seo-wordpress\/ -->\n<title>Realme 12 Pro Plus 6.6-inch AMOLED Replacement - HDR10+ Certified, True-to-Life Color &amp; Clarity. 1-Year Warranty, Fast Shipping - InsurePart<\/title>\n<meta name=\"robots\" content=\"index, follow, max-snippet:-1, max-image-preview:large, max-video-preview:-1\" \/>\n<link rel=\"canonical\" href=\"https:\/\/www.dt-smart.com\/es\/producto\/premium-6-6-inch-amoled-screen-replacement-for-realme-12-pro-plus-vibrant-colors-and-crystal-clear-clarity\/\" \/>\n<meta property=\"og:locale\" content=\"es_ES\" \/>\n<meta property=\"og:type\" content=\"article\" \/>\n<meta property=\"og:title\" content=\"Realme 12 Pro Plus 6.6-inch AMOLED Replacement - HDR10+ Certified, True-to-Life Color &amp; Clarity. 1-Year Warranty, Fast Shipping - InsurePart\" \/>\n<meta property=\"og:description\" content=\"Upgrade your Realme 12 Pro Plus with this premium 6.6-inch AMOLED screen replacement. If your phone\u2019s display has suffered from scratches, cracks, or color fading, this replacement offers exceptional clarity, deep blacks, and bright colors. Designed to meet the high standards of the original display, it ensures optimal touch sensitivity and an immersive viewing experience. Restore your device&#039;s aesthetics and functionality with ease and confidence. Perfect fit and quality guaranteed for your Realme 12 Pro Plus.\" \/>\n<meta property=\"og:url\" content=\"https:\/\/www.dt-smart.com\/es\/producto\/premium-6-6-inch-amoled-screen-replacement-for-realme-12-pro-plus-vibrant-colors-and-crystal-clear-clarity\/\" \/>\n<meta property=\"og:site_name\" content=\"InsurePart\" \/>\n<meta property=\"article:publisher\" content=\"https:\/\/www.facebook.com\/anjinleeEva\" \/>\n<meta property=\"article:modified_time\" content=\"2026-01-08T08:04:41+00:00\" \/>\n<meta property=\"og:image\" content=\"https:\/\/www.dt-smart.com\/wp-content\/uploads\/2024\/11\/rl-12PM\u4e3b.webp\" \/>\n\t<meta property=\"og:image:width\" content=\"1000\" \/>\n\t<meta property=\"og:image:height\" content=\"1000\" \/>\n\t<meta property=\"og:image:type\" content=\"image\/webp\" \/>\n<meta name=\"twitter:card\" content=\"summary_large_image\" \/>\n<meta name=\"twitter:label1\" content=\"Tiempo de lectura\" \/>\n\t<meta name=\"twitter:data1\" content=\"1 minuto\" \/>\n<script type=\"application\/ld+json\" class=\"yoast-schema-graph\">{\"@context\":\"https:\\\/\\\/schema.org\",\"@graph\":[{\"@type\":\"WebPage\",\"@id\":\"https:\\\/\\\/www.dt-smart.com\\\/ru\\\/product\\\/premium-6-6-inch-amoled-screen-replacement-for-realme-12-pro-plus-vibrant-colors-and-crystal-clear-clarity\\\/\",\"url\":\"https:\\\/\\\/www.dt-smart.com\\\/ru\\\/product\\\/premium-6-6-inch-amoled-screen-replacement-for-realme-12-pro-plus-vibrant-colors-and-crystal-clear-clarity\\\/\",\"name\":\"Realme 12 Pro Plus 6.6-inch AMOLED Replacement - HDR10+ Certified, True-to-Life Color & Clarity. 1-Year Warranty, Fast Shipping - InsurePart\",\"isPartOf\":{\"@id\":\"https:\\\/\\\/www.dt-smart.com\\\/#website\"},\"primaryImageOfPage\":{\"@id\":\"https:\\\/\\\/www.dt-smart.com\\\/ru\\\/product\\\/premium-6-6-inch-amoled-screen-replacement-for-realme-12-pro-plus-vibrant-colors-and-crystal-clear-clarity\\\/#primaryimage\"},\"image\":{\"@id\":\"https:\\\/\\\/www.dt-smart.com\\\/ru\\\/product\\\/premium-6-6-inch-amoled-screen-replacement-for-realme-12-pro-plus-vibrant-colors-and-crystal-clear-clarity\\\/#primaryimage\"},\"thumbnailUrl\":\"https:\\\/\\\/www.dt-smart.com\\\/wp-content\\\/uploads\\\/2024\\\/11\\\/rl-12PM\u4e3b.webp\",\"datePublished\":\"2024-11-28T01:42:11+00:00\",\"dateModified\":\"2026-01-08T08:04:41+00:00\",\"breadcrumb\":{\"@id\":\"https:\\\/\\\/www.dt-smart.com\\\/ru\\\/product\\\/premium-6-6-inch-amoled-screen-replacement-for-realme-12-pro-plus-vibrant-colors-and-crystal-clear-clarity\\\/#breadcrumb\"},\"inLanguage\":\"es\",\"potentialAction\":[{\"@type\":\"ReadAction\",\"target\":[\"https:\\\/\\\/www.dt-smart.com\\\/ru\\\/product\\\/premium-6-6-inch-amoled-screen-replacement-for-realme-12-pro-plus-vibrant-colors-and-crystal-clear-clarity\\\/\"]}]},{\"@type\":\"ImageObject\",\"inLanguage\":\"es\",\"@id\":\"https:\\\/\\\/www.dt-smart.com\\\/ru\\\/product\\\/premium-6-6-inch-amoled-screen-replacement-for-realme-12-pro-plus-vibrant-colors-and-crystal-clear-clarity\\\/#primaryimage\",\"url\":\"https:\\\/\\\/www.dt-smart.com\\\/wp-content\\\/uploads\\\/2024\\\/11\\\/rl-12PM\u4e3b.webp\",\"contentUrl\":\"https:\\\/\\\/www.dt-smart.com\\\/wp-content\\\/uploads\\\/2024\\\/11\\\/rl-12PM\u4e3b.webp\",\"width\":1000,\"height\":1000},{\"@type\":\"BreadcrumbList\",\"@id\":\"https:\\\/\\\/www.dt-smart.com\\\/ru\\\/product\\\/premium-6-6-inch-amoled-screen-replacement-for-realme-12-pro-plus-vibrant-colors-and-crystal-clear-clarity\\\/#breadcrumb\",\"itemListElement\":[{\"@type\":\"ListItem\",\"position\":1,\"name\":\"Home\",\"item\":\"https:\\\/\\\/www.dt-smart.com\\\/\"},{\"@type\":\"ListItem\",\"position\":2,\"name\":\"Product\",\"item\":\"https:\\\/\\\/www.dt-smart.com\\\/ru\\\/product\\\/\"},{\"@type\":\"ListItem\",\"position\":3,\"name\":\"Realme 12 Pro Plus 6.6-inch AMOLED Replacement &#8211; HDR10+ Certified, True-to-Life Color &#038; Clarity. 1-Year Warranty, Fast Shipping\"}]},{\"@type\":\"WebSite\",\"@id\":\"https:\\\/\\\/www.dt-smart.com\\\/#website\",\"url\":\"https:\\\/\\\/www.dt-smart.com\\\/\",\"name\":\"InsurePart\",\"description\":\"Cell Phone Repair Parts; iPhone Parts Wholesale;Samsung Parts Supplier\",\"potentialAction\":[{\"@type\":\"SearchAction\",\"target\":{\"@type\":\"EntryPoint\",\"urlTemplate\":\"https:\\\/\\\/www.dt-smart.com\\\/?s={search_term_string}\"},\"query-input\":{\"@type\":\"PropertyValueSpecification\",\"valueRequired\":true,\"valueName\":\"search_term_string\"}}],\"inLanguage\":\"es\"}]}<\/script>\n<!-- \/ Yoast SEO plugin. -->","yoast_head_json":{"title":"Realme 12 Pro Plus 6.6-inch AMOLED Replacement - HDR10+ Certified, True-to-Life Color & Clarity. 1-Year Warranty, Fast Shipping - InsurePart","robots":{"index":"index","follow":"follow","max-snippet":"max-snippet:-1","max-image-preview":"max-image-preview:large","max-video-preview":"max-video-preview:-1"},"canonical":"https:\/\/www.dt-smart.com\/es\/producto\/premium-6-6-inch-amoled-screen-replacement-for-realme-12-pro-plus-vibrant-colors-and-crystal-clear-clarity\/","og_locale":"es_ES","og_type":"article","og_title":"Realme 12 Pro Plus 6.6-inch AMOLED Replacement - HDR10+ Certified, True-to-Life Color & Clarity. 1-Year Warranty, Fast Shipping - InsurePart","og_description":"Upgrade your Realme 12 Pro Plus with this premium 6.6-inch AMOLED screen replacement. If your phone\u2019s display has suffered from scratches, cracks, or color fading, this replacement offers exceptional clarity, deep blacks, and bright colors. Designed to meet the high standards of the original display, it ensures optimal touch sensitivity and an immersive viewing experience. Restore your device's aesthetics and functionality with ease and confidence. Perfect fit and quality guaranteed for your Realme 12 Pro Plus.","og_url":"https:\/\/www.dt-smart.com\/es\/producto\/premium-6-6-inch-amoled-screen-replacement-for-realme-12-pro-plus-vibrant-colors-and-crystal-clear-clarity\/","og_site_name":"InsurePart","article_publisher":"https:\/\/www.facebook.com\/anjinleeEva","article_modified_time":"2026-01-08T08:04:41+00:00","og_image":[{"width":1000,"height":1000,"url":"https:\/\/www.dt-smart.com\/wp-content\/uploads\/2024\/11\/rl-12PM\u4e3b.webp","type":"image\/webp"}],"twitter_card":"summary_large_image","twitter_misc":{"Tiempo de lectura":"1 minuto"},"schema":{"@context":"https:\/\/schema.org","@graph":[{"@type":"WebPage","@id":"https:\/\/www.dt-smart.com\/ru\/product\/premium-6-6-inch-amoled-screen-replacement-for-realme-12-pro-plus-vibrant-colors-and-crystal-clear-clarity\/","url":"https:\/\/www.dt-smart.com\/ru\/product\/premium-6-6-inch-amoled-screen-replacement-for-realme-12-pro-plus-vibrant-colors-and-crystal-clear-clarity\/","name":"Realme 12 Pro Plus 6.6-inch AMOLED Replacement - HDR10+ Certified, True-to-Life Color & Clarity. 1-Year Warranty, Fast Shipping - InsurePart","isPartOf":{"@id":"https:\/\/www.dt-smart.com\/#website"},"primaryImageOfPage":{"@id":"https:\/\/www.dt-smart.com\/ru\/product\/premium-6-6-inch-amoled-screen-replacement-for-realme-12-pro-plus-vibrant-colors-and-crystal-clear-clarity\/#primaryimage"},"image":{"@id":"https:\/\/www.dt-smart.com\/ru\/product\/premium-6-6-inch-amoled-screen-replacement-for-realme-12-pro-plus-vibrant-colors-and-crystal-clear-clarity\/#primaryimage"},"thumbnailUrl":"https:\/\/www.dt-smart.com\/wp-content\/uploads\/2024\/11\/rl-12PM\u4e3b.webp","datePublished":"2024-11-28T01:42:11+00:00","dateModified":"2026-01-08T08:04:41+00:00","breadcrumb":{"@id":"https:\/\/www.dt-smart.com\/ru\/product\/premium-6-6-inch-amoled-screen-replacement-for-realme-12-pro-plus-vibrant-colors-and-crystal-clear-clarity\/#breadcrumb"},"inLanguage":"es","potentialAction":[{"@type":"ReadAction","target":["https:\/\/www.dt-smart.com\/ru\/product\/premium-6-6-inch-amoled-screen-replacement-for-realme-12-pro-plus-vibrant-colors-and-crystal-clear-clarity\/"]}]},{"@type":"ImageObject","inLanguage":"es","@id":"https:\/\/www.dt-smart.com\/ru\/product\/premium-6-6-inch-amoled-screen-replacement-for-realme-12-pro-plus-vibrant-colors-and-crystal-clear-clarity\/#primaryimage","url":"https:\/\/www.dt-smart.com\/wp-content\/uploads\/2024\/11\/rl-12PM\u4e3b.webp","contentUrl":"https:\/\/www.dt-smart.com\/wp-content\/uploads\/2024\/11\/rl-12PM\u4e3b.webp","width":1000,"height":1000},{"@type":"BreadcrumbList","@id":"https:\/\/www.dt-smart.com\/ru\/product\/premium-6-6-inch-amoled-screen-replacement-for-realme-12-pro-plus-vibrant-colors-and-crystal-clear-clarity\/#breadcrumb","itemListElement":[{"@type":"ListItem","position":1,"name":"Home","item":"https:\/\/www.dt-smart.com\/"},{"@type":"ListItem","position":2,"name":"Product","item":"https:\/\/www.dt-smart.com\/ru\/product\/"},{"@type":"ListItem","position":3,"name":"Realme 12 Pro Plus 6.6-inch AMOLED Replacement &#8211; HDR10+ Certified, True-to-Life Color &#038; Clarity. 1-Year Warranty, Fast Shipping"}]},{"@type":"WebSite","@id":"https:\/\/www.dt-smart.com\/#website","url":"https:\/\/www.dt-smart.com\/","name":"Asegurar parte","description":"Repuestos para celulares; Venta al por mayor de repuestos para iPhone; Proveedor de repuestos para Samsung","potentialAction":[{"@type":"SearchAction","target":{"@type":"EntryPoint","urlTemplate":"https:\/\/www.dt-smart.com\/?s={search_term_string}"},"query-input":{"@type":"PropertyValueSpecification","valueRequired":true,"valueName":"search_term_string"}}],"inLanguage":"es"}]}},"_links":{"self":[{"href":"https:\/\/www.dt-smart.com\/es\/wp-json\/wp\/v2\/product\/17286","targetHints":{"allow":["GET"]}}],"collection":[{"href":"https:\/\/www.dt-smart.com\/es\/wp-json\/wp\/v2\/product"}],"about":[{"href":"https:\/\/www.dt-smart.com\/es\/wp-json\/wp\/v2\/types\/product"}],"replies":[{"embeddable":true,"href":"https:\/\/www.dt-smart.com\/es\/wp-json\/wp\/v2\/comments?post=17286"}],"version-history":[{"count":2,"href":"https:\/\/www.dt-smart.com\/es\/wp-json\/wp\/v2\/product\/17286\/revisions"}],"predecessor-version":[{"id":24465,"href":"https:\/\/www.dt-smart.com\/es\/wp-json\/wp\/v2\/product\/17286\/revisions\/24465"}],"wp:featuredmedia":[{"embeddable":true,"href":"https:\/\/www.dt-smart.com\/es\/wp-json\/wp\/v2\/media\/17249"}],"wp:attachment":[{"href":"https:\/\/www.dt-smart.com\/es\/wp-json\/wp\/v2\/media?parent=17286"}],"wp:term":[{"taxonomy":"product_brand","embeddable":true,"href":"https:\/\/www.dt-smart.com\/es\/wp-json\/wp\/v2\/product_brand?post=17286"},{"taxonomy":"product_cat","embeddable":true,"href":"https:\/\/www.dt-smart.com\/es\/wp-json\/wp\/v2\/product_cat?post=17286"},{"taxonomy":"product_tag","embeddable":true,"href":"https:\/\/www.dt-smart.com\/es\/wp-json\/wp\/v2\/product_tag?post=17286"}],"curies":[{"name":"wp","href":"https:\/\/api.w.org\/{rel}","templated":true}]}}