{"id":17293,"date":"2024-11-28T09:55:00","date_gmt":"2024-11-28T01:55:00","guid":{"rendered":"https:\/\/insurepart.com\/?post_type=product&#038;p=17293"},"modified":"2026-01-08T16:00:48","modified_gmt":"2026-01-08T08:00:48","slug":"genuine-6-5-inch-amoled-display-for-realme-11-pro-restore-your-devices-original-brilliant-colors","status":"publish","type":"product","link":"https:\/\/www.dt-smart.com\/es\/producto\/genuine-6-5-inch-amoled-display-for-realme-11-pro-restore-your-devices-original-brilliant-colors\/","title":{"rendered":"Reemplazo de pantalla AMOLED de 6.5 pulgadas para Realme 11 Pro: pantalla profesional de 90 Hz, calibraci\u00f3n de color real. Garant\u00eda de 1 a\u00f1o, env\u00edo r\u00e1pido."},"content":{"rendered":"","protected":false},"excerpt":{"rendered":"<p>Restore your Realme 11 Pro with this genuine 6.5-inch AMOLED display replacement that provides vivid colors, sharp details,<br \/>\nand fluid touch performance. If your phone screen is cracked, dim, or unresponsive, this premium quality screen ensures your<br \/>\ndevice\u2019s visuals are brought back to their original brilliance. The high-definition resolution and true-to-life color reproduction<br \/>\nmake this display a perfect match for your Realme 11 Pro. With simple installation and long-lasting durability, you\u2019ll experience<br \/>\nseamless functionality and an upgraded viewing experience.<\/p>","protected":false},"featured_media":17238,"comment_status":"open","ping_status":"closed","template":"","meta":[],"product_brand":[],"product_cat":[379,1217,1223],"product_tag":[],"class_list":{"0":"post-17293","1":"product","2":"type-product","3":"status-publish","4":"has-post-thumbnail","6":"product_cat-oppo","7":"product_cat-1217","8":"product_cat-realme-11-pro","10":"first","11":"instock","12":"taxable","13":"shipping-taxable","14":"purchasable","15":"product-type-simple"},"yoast_head":"<!-- This site is optimized with the Yoast SEO plugin v27.4 - https:\/\/yoast.com\/product\/yoast-seo-wordpress\/ -->\n<title>Realme 11 Pro 6.5-inch AMOLED Replacement - 90Hz Pro-Level Display, True Color Calibration. 1-Year Warranty, Fast Shipping - InsurePart<\/title>\n<meta name=\"robots\" content=\"index, follow, max-snippet:-1, max-image-preview:large, max-video-preview:-1\" \/>\n<link rel=\"canonical\" href=\"https:\/\/www.dt-smart.com\/es\/producto\/genuine-6-5-inch-amoled-display-for-realme-11-pro-restore-your-devices-original-brilliant-colors\/\" \/>\n<meta property=\"og:locale\" content=\"es_ES\" \/>\n<meta property=\"og:type\" content=\"article\" \/>\n<meta property=\"og:title\" content=\"Realme 11 Pro 6.5-inch AMOLED Replacement - 90Hz Pro-Level Display, True Color Calibration. 1-Year Warranty, Fast Shipping - InsurePart\" \/>\n<meta property=\"og:description\" content=\"Restore your Realme 11 Pro with this genuine 6.5-inch AMOLED display replacement that provides vivid colors, sharp details, and fluid touch performance. If your phone screen is cracked, dim, or unresponsive, this premium quality screen ensures your device\u2019s visuals are brought back to their original brilliance. The high-definition resolution and true-to-life color reproduction make this display a perfect match for your Realme 11 Pro. With simple installation and long-lasting durability, you\u2019ll experience seamless functionality and an upgraded viewing experience.\" \/>\n<meta property=\"og:url\" content=\"https:\/\/www.dt-smart.com\/es\/producto\/genuine-6-5-inch-amoled-display-for-realme-11-pro-restore-your-devices-original-brilliant-colors\/\" \/>\n<meta property=\"og:site_name\" content=\"InsurePart\" \/>\n<meta property=\"article:publisher\" content=\"https:\/\/www.facebook.com\/anjinleeEva\" \/>\n<meta property=\"article:modified_time\" content=\"2026-01-08T08:00:48+00:00\" \/>\n<meta property=\"og:image\" content=\"https:\/\/www.dt-smart.com\/wp-content\/uploads\/2024\/11\/rl-11Pro\u4e3b.webp\" \/>\n\t<meta property=\"og:image:width\" content=\"1000\" \/>\n\t<meta property=\"og:image:height\" content=\"1000\" \/>\n\t<meta property=\"og:image:type\" content=\"image\/webp\" \/>\n<meta name=\"twitter:card\" content=\"summary_large_image\" \/>\n<meta name=\"twitter:label1\" content=\"Tiempo de lectura\" \/>\n\t<meta name=\"twitter:data1\" content=\"1 minuto\" \/>\n<script type=\"application\/ld+json\" class=\"yoast-schema-graph\">{\"@context\":\"https:\\\/\\\/schema.org\",\"@graph\":[{\"@type\":\"WebPage\",\"@id\":\"https:\\\/\\\/www.dt-smart.com\\\/es\\\/producto\\\/genuine-6-5-inch-amoled-display-for-realme-11-pro-restore-your-devices-original-brilliant-colors\\\/\",\"url\":\"https:\\\/\\\/www.dt-smart.com\\\/es\\\/producto\\\/genuine-6-5-inch-amoled-display-for-realme-11-pro-restore-your-devices-original-brilliant-colors\\\/\",\"name\":\"Realme 11 Pro 6.5-inch AMOLED Replacement - 90Hz Pro-Level Display, True Color Calibration. 1-Year Warranty, Fast Shipping - InsurePart\",\"isPartOf\":{\"@id\":\"https:\\\/\\\/www.dt-smart.com\\\/#website\"},\"primaryImageOfPage\":{\"@id\":\"https:\\\/\\\/www.dt-smart.com\\\/es\\\/producto\\\/genuine-6-5-inch-amoled-display-for-realme-11-pro-restore-your-devices-original-brilliant-colors\\\/#primaryimage\"},\"image\":{\"@id\":\"https:\\\/\\\/www.dt-smart.com\\\/es\\\/producto\\\/genuine-6-5-inch-amoled-display-for-realme-11-pro-restore-your-devices-original-brilliant-colors\\\/#primaryimage\"},\"thumbnailUrl\":\"https:\\\/\\\/www.dt-smart.com\\\/wp-content\\\/uploads\\\/2024\\\/11\\\/rl-11Pro\u4e3b.webp\",\"datePublished\":\"2024-11-28T01:55:00+00:00\",\"dateModified\":\"2026-01-08T08:00:48+00:00\",\"breadcrumb\":{\"@id\":\"https:\\\/\\\/www.dt-smart.com\\\/es\\\/producto\\\/genuine-6-5-inch-amoled-display-for-realme-11-pro-restore-your-devices-original-brilliant-colors\\\/#breadcrumb\"},\"inLanguage\":\"es\",\"potentialAction\":[{\"@type\":\"ReadAction\",\"target\":[\"https:\\\/\\\/www.dt-smart.com\\\/es\\\/producto\\\/genuine-6-5-inch-amoled-display-for-realme-11-pro-restore-your-devices-original-brilliant-colors\\\/\"]}]},{\"@type\":\"ImageObject\",\"inLanguage\":\"es\",\"@id\":\"https:\\\/\\\/www.dt-smart.com\\\/es\\\/producto\\\/genuine-6-5-inch-amoled-display-for-realme-11-pro-restore-your-devices-original-brilliant-colors\\\/#primaryimage\",\"url\":\"https:\\\/\\\/www.dt-smart.com\\\/wp-content\\\/uploads\\\/2024\\\/11\\\/rl-11Pro\u4e3b.webp\",\"contentUrl\":\"https:\\\/\\\/www.dt-smart.com\\\/wp-content\\\/uploads\\\/2024\\\/11\\\/rl-11Pro\u4e3b.webp\",\"width\":1000,\"height\":1000},{\"@type\":\"BreadcrumbList\",\"@id\":\"https:\\\/\\\/www.dt-smart.com\\\/es\\\/producto\\\/genuine-6-5-inch-amoled-display-for-realme-11-pro-restore-your-devices-original-brilliant-colors\\\/#breadcrumb\",\"itemListElement\":[{\"@type\":\"ListItem\",\"position\":1,\"name\":\"Home\",\"item\":\"https:\\\/\\\/www.dt-smart.com\\\/\"},{\"@type\":\"ListItem\",\"position\":2,\"name\":\"Product\",\"item\":\"https:\\\/\\\/www.dt-smart.com\\\/ru\\\/product\\\/\"},{\"@type\":\"ListItem\",\"position\":3,\"name\":\"Realme 11 Pro 6.5-inch AMOLED Replacement &#8211; 90Hz Pro-Level Display, True Color Calibration. 1-Year Warranty, Fast Shipping\"}]},{\"@type\":\"WebSite\",\"@id\":\"https:\\\/\\\/www.dt-smart.com\\\/#website\",\"url\":\"https:\\\/\\\/www.dt-smart.com\\\/\",\"name\":\"InsurePart\",\"description\":\"Cell Phone Repair Parts; iPhone Parts Wholesale;Samsung Parts Supplier\",\"potentialAction\":[{\"@type\":\"SearchAction\",\"target\":{\"@type\":\"EntryPoint\",\"urlTemplate\":\"https:\\\/\\\/www.dt-smart.com\\\/?s={search_term_string}\"},\"query-input\":{\"@type\":\"PropertyValueSpecification\",\"valueRequired\":true,\"valueName\":\"search_term_string\"}}],\"inLanguage\":\"es\"}]}<\/script>\n<!-- \/ Yoast SEO plugin. -->","yoast_head_json":{"title":"Realme 11 Pro 6.5-inch AMOLED Replacement - 90Hz Pro-Level Display, True Color Calibration. 1-Year Warranty, Fast Shipping - InsurePart","robots":{"index":"index","follow":"follow","max-snippet":"max-snippet:-1","max-image-preview":"max-image-preview:large","max-video-preview":"max-video-preview:-1"},"canonical":"https:\/\/www.dt-smart.com\/es\/producto\/genuine-6-5-inch-amoled-display-for-realme-11-pro-restore-your-devices-original-brilliant-colors\/","og_locale":"es_ES","og_type":"article","og_title":"Realme 11 Pro 6.5-inch AMOLED Replacement - 90Hz Pro-Level Display, True Color Calibration. 1-Year Warranty, Fast Shipping - InsurePart","og_description":"Restore your Realme 11 Pro with this genuine 6.5-inch AMOLED display replacement that provides vivid colors, sharp details, and fluid touch performance. If your phone screen is cracked, dim, or unresponsive, this premium quality screen ensures your device\u2019s visuals are brought back to their original brilliance. The high-definition resolution and true-to-life color reproduction make this display a perfect match for your Realme 11 Pro. With simple installation and long-lasting durability, you\u2019ll experience seamless functionality and an upgraded viewing experience.","og_url":"https:\/\/www.dt-smart.com\/es\/producto\/genuine-6-5-inch-amoled-display-for-realme-11-pro-restore-your-devices-original-brilliant-colors\/","og_site_name":"InsurePart","article_publisher":"https:\/\/www.facebook.com\/anjinleeEva","article_modified_time":"2026-01-08T08:00:48+00:00","og_image":[{"width":1000,"height":1000,"url":"https:\/\/www.dt-smart.com\/wp-content\/uploads\/2024\/11\/rl-11Pro\u4e3b.webp","type":"image\/webp"}],"twitter_card":"summary_large_image","twitter_misc":{"Tiempo de lectura":"1 minuto"},"schema":{"@context":"https:\/\/schema.org","@graph":[{"@type":"WebPage","@id":"https:\/\/www.dt-smart.com\/es\/producto\/genuine-6-5-inch-amoled-display-for-realme-11-pro-restore-your-devices-original-brilliant-colors\/","url":"https:\/\/www.dt-smart.com\/es\/producto\/genuine-6-5-inch-amoled-display-for-realme-11-pro-restore-your-devices-original-brilliant-colors\/","name":"Realme 11 Pro 6.5-inch AMOLED Replacement - 90Hz Pro-Level Display, True Color Calibration. 1-Year Warranty, Fast Shipping - InsurePart","isPartOf":{"@id":"https:\/\/www.dt-smart.com\/#website"},"primaryImageOfPage":{"@id":"https:\/\/www.dt-smart.com\/es\/producto\/genuine-6-5-inch-amoled-display-for-realme-11-pro-restore-your-devices-original-brilliant-colors\/#primaryimage"},"image":{"@id":"https:\/\/www.dt-smart.com\/es\/producto\/genuine-6-5-inch-amoled-display-for-realme-11-pro-restore-your-devices-original-brilliant-colors\/#primaryimage"},"thumbnailUrl":"https:\/\/www.dt-smart.com\/wp-content\/uploads\/2024\/11\/rl-11Pro\u4e3b.webp","datePublished":"2024-11-28T01:55:00+00:00","dateModified":"2026-01-08T08:00:48+00:00","breadcrumb":{"@id":"https:\/\/www.dt-smart.com\/es\/producto\/genuine-6-5-inch-amoled-display-for-realme-11-pro-restore-your-devices-original-brilliant-colors\/#breadcrumb"},"inLanguage":"es","potentialAction":[{"@type":"ReadAction","target":["https:\/\/www.dt-smart.com\/es\/producto\/genuine-6-5-inch-amoled-display-for-realme-11-pro-restore-your-devices-original-brilliant-colors\/"]}]},{"@type":"ImageObject","inLanguage":"es","@id":"https:\/\/www.dt-smart.com\/es\/producto\/genuine-6-5-inch-amoled-display-for-realme-11-pro-restore-your-devices-original-brilliant-colors\/#primaryimage","url":"https:\/\/www.dt-smart.com\/wp-content\/uploads\/2024\/11\/rl-11Pro\u4e3b.webp","contentUrl":"https:\/\/www.dt-smart.com\/wp-content\/uploads\/2024\/11\/rl-11Pro\u4e3b.webp","width":1000,"height":1000},{"@type":"BreadcrumbList","@id":"https:\/\/www.dt-smart.com\/es\/producto\/genuine-6-5-inch-amoled-display-for-realme-11-pro-restore-your-devices-original-brilliant-colors\/#breadcrumb","itemListElement":[{"@type":"ListItem","position":1,"name":"Home","item":"https:\/\/www.dt-smart.com\/"},{"@type":"ListItem","position":2,"name":"Product","item":"https:\/\/www.dt-smart.com\/ru\/product\/"},{"@type":"ListItem","position":3,"name":"Realme 11 Pro 6.5-inch AMOLED Replacement &#8211; 90Hz Pro-Level Display, True Color Calibration. 1-Year Warranty, Fast Shipping"}]},{"@type":"WebSite","@id":"https:\/\/www.dt-smart.com\/#website","url":"https:\/\/www.dt-smart.com\/","name":"Asegurar parte","description":"Repuestos para celulares; Venta al por mayor de repuestos para iPhone; Proveedor de repuestos para Samsung","potentialAction":[{"@type":"SearchAction","target":{"@type":"EntryPoint","urlTemplate":"https:\/\/www.dt-smart.com\/?s={search_term_string}"},"query-input":{"@type":"PropertyValueSpecification","valueRequired":true,"valueName":"search_term_string"}}],"inLanguage":"es"}]}},"_links":{"self":[{"href":"https:\/\/www.dt-smart.com\/es\/wp-json\/wp\/v2\/product\/17293","targetHints":{"allow":["GET"]}}],"collection":[{"href":"https:\/\/www.dt-smart.com\/es\/wp-json\/wp\/v2\/product"}],"about":[{"href":"https:\/\/www.dt-smart.com\/es\/wp-json\/wp\/v2\/types\/product"}],"replies":[{"embeddable":true,"href":"https:\/\/www.dt-smart.com\/es\/wp-json\/wp\/v2\/comments?post=17293"}],"version-history":[{"count":2,"href":"https:\/\/www.dt-smart.com\/es\/wp-json\/wp\/v2\/product\/17293\/revisions"}],"predecessor-version":[{"id":24461,"href":"https:\/\/www.dt-smart.com\/es\/wp-json\/wp\/v2\/product\/17293\/revisions\/24461"}],"wp:featuredmedia":[{"embeddable":true,"href":"https:\/\/www.dt-smart.com\/es\/wp-json\/wp\/v2\/media\/17238"}],"wp:attachment":[{"href":"https:\/\/www.dt-smart.com\/es\/wp-json\/wp\/v2\/media?parent=17293"}],"wp:term":[{"taxonomy":"product_brand","embeddable":true,"href":"https:\/\/www.dt-smart.com\/es\/wp-json\/wp\/v2\/product_brand?post=17293"},{"taxonomy":"product_cat","embeddable":true,"href":"https:\/\/www.dt-smart.com\/es\/wp-json\/wp\/v2\/product_cat?post=17293"},{"taxonomy":"product_tag","embeddable":true,"href":"https:\/\/www.dt-smart.com\/es\/wp-json\/wp\/v2\/product_tag?post=17293"}],"curies":[{"name":"wp","href":"https:\/\/api.w.org\/{rel}","templated":true}]}}