{"id":17299,"date":"2024-11-28T10:09:18","date_gmt":"2024-11-28T02:09:18","guid":{"rendered":"https:\/\/insurepart.com\/?post_type=product&#038;p=17299"},"modified":"2026-01-08T15:55:26","modified_gmt":"2026-01-08T07:55:26","slug":"reliable-6-5-inch-lcd-display-replacement-for-realme-10-restore-clear-bright-and-vibrant-visuals","status":"publish","type":"product","link":"https:\/\/www.dt-smart.com\/es\/producto\/reliable-6-5-inch-lcd-display-replacement-for-realme-10-restore-clear-bright-and-vibrant-visuals\/","title":{"rendered":"Pantalla LCD de repuesto de 6.5 pulgadas para Realme 10: modo de alto brillo, ajuste de colores vibrantes, im\u00e1genes n\u00edtidas en HD+. Garant\u00eda de 1 a\u00f1o, env\u00edo r\u00e1pido."},"content":{"rendered":"","protected":false},"excerpt":{"rendered":"","protected":false},"featured_media":17227,"comment_status":"open","ping_status":"closed","template":"","meta":[],"product_brand":[],"product_cat":[379,1217,1233],"product_tag":[],"class_list":{"0":"post-17299","1":"product","2":"type-product","3":"status-publish","4":"has-post-thumbnail","6":"product_cat-oppo","7":"product_cat-1217","8":"product_cat-realme-10-","10":"first","11":"instock","12":"taxable","13":"shipping-taxable","14":"purchasable","15":"product-type-simple"},"yoast_head":"<!-- This site is optimized with the Yoast SEO plugin v27.4 - https:\/\/yoast.com\/product\/yoast-seo-wordpress\/ -->\n<title>Realme 10 6.5-inch LCD Replacement Screen - High Brightness Mode, Vibrant Color Tuning, Clear HD+ Visuals. 1-Year Warranty, Fast Shipping - InsurePart<\/title>\n<meta name=\"robots\" content=\"index, follow, max-snippet:-1, max-image-preview:large, max-video-preview:-1\" \/>\n<link rel=\"canonical\" href=\"https:\/\/www.dt-smart.com\/es\/producto\/reliable-6-5-inch-lcd-display-replacement-for-realme-10-restore-clear-bright-and-vibrant-visuals\/\" \/>\n<meta property=\"og:locale\" content=\"es_ES\" \/>\n<meta property=\"og:type\" content=\"article\" \/>\n<meta property=\"og:title\" content=\"Realme 10 6.5-inch LCD Replacement Screen - High Brightness Mode, Vibrant Color Tuning, Clear HD+ Visuals. 1-Year Warranty, Fast Shipping - InsurePart\" \/>\n<meta property=\"og:url\" content=\"https:\/\/www.dt-smart.com\/es\/producto\/reliable-6-5-inch-lcd-display-replacement-for-realme-10-restore-clear-bright-and-vibrant-visuals\/\" \/>\n<meta property=\"og:site_name\" content=\"InsurePart\" \/>\n<meta property=\"article:publisher\" content=\"https:\/\/www.facebook.com\/anjinleeEva\" \/>\n<meta property=\"article:modified_time\" content=\"2026-01-08T07:55:26+00:00\" \/>\n<meta property=\"og:image\" content=\"https:\/\/www.dt-smart.com\/wp-content\/uploads\/2024\/11\/rl-10\u4e3b.webp\" \/>\n\t<meta property=\"og:image:width\" content=\"1000\" \/>\n\t<meta property=\"og:image:height\" content=\"1000\" \/>\n\t<meta property=\"og:image:type\" content=\"image\/webp\" \/>\n<meta name=\"twitter:card\" content=\"summary_large_image\" \/>\n<meta name=\"twitter:label1\" content=\"Tiempo de lectura\" \/>\n\t<meta name=\"twitter:data1\" content=\"1 minuto\" \/>\n<script type=\"application\/ld+json\" class=\"yoast-schema-graph\">{\"@context\":\"https:\\\/\\\/schema.org\",\"@graph\":[{\"@type\":\"WebPage\",\"@id\":\"https:\\\/\\\/www.dt-smart.com\\\/es\\\/producto\\\/reliable-6-5-inch-lcd-display-replacement-for-realme-10-restore-clear-bright-and-vibrant-visuals\\\/\",\"url\":\"https:\\\/\\\/www.dt-smart.com\\\/es\\\/producto\\\/reliable-6-5-inch-lcd-display-replacement-for-realme-10-restore-clear-bright-and-vibrant-visuals\\\/\",\"name\":\"Realme 10 6.5-inch LCD Replacement Screen - High Brightness Mode, Vibrant Color Tuning, Clear HD+ Visuals. 1-Year Warranty, Fast Shipping - InsurePart\",\"isPartOf\":{\"@id\":\"https:\\\/\\\/www.dt-smart.com\\\/#website\"},\"primaryImageOfPage\":{\"@id\":\"https:\\\/\\\/www.dt-smart.com\\\/es\\\/producto\\\/reliable-6-5-inch-lcd-display-replacement-for-realme-10-restore-clear-bright-and-vibrant-visuals\\\/#primaryimage\"},\"image\":{\"@id\":\"https:\\\/\\\/www.dt-smart.com\\\/es\\\/producto\\\/reliable-6-5-inch-lcd-display-replacement-for-realme-10-restore-clear-bright-and-vibrant-visuals\\\/#primaryimage\"},\"thumbnailUrl\":\"https:\\\/\\\/www.dt-smart.com\\\/wp-content\\\/uploads\\\/2024\\\/11\\\/rl-10\u4e3b.webp\",\"datePublished\":\"2024-11-28T02:09:18+00:00\",\"dateModified\":\"2026-01-08T07:55:26+00:00\",\"breadcrumb\":{\"@id\":\"https:\\\/\\\/www.dt-smart.com\\\/es\\\/producto\\\/reliable-6-5-inch-lcd-display-replacement-for-realme-10-restore-clear-bright-and-vibrant-visuals\\\/#breadcrumb\"},\"inLanguage\":\"es\",\"potentialAction\":[{\"@type\":\"ReadAction\",\"target\":[\"https:\\\/\\\/www.dt-smart.com\\\/es\\\/producto\\\/reliable-6-5-inch-lcd-display-replacement-for-realme-10-restore-clear-bright-and-vibrant-visuals\\\/\"]}]},{\"@type\":\"ImageObject\",\"inLanguage\":\"es\",\"@id\":\"https:\\\/\\\/www.dt-smart.com\\\/es\\\/producto\\\/reliable-6-5-inch-lcd-display-replacement-for-realme-10-restore-clear-bright-and-vibrant-visuals\\\/#primaryimage\",\"url\":\"https:\\\/\\\/www.dt-smart.com\\\/wp-content\\\/uploads\\\/2024\\\/11\\\/rl-10\u4e3b.webp\",\"contentUrl\":\"https:\\\/\\\/www.dt-smart.com\\\/wp-content\\\/uploads\\\/2024\\\/11\\\/rl-10\u4e3b.webp\",\"width\":1000,\"height\":1000},{\"@type\":\"BreadcrumbList\",\"@id\":\"https:\\\/\\\/www.dt-smart.com\\\/es\\\/producto\\\/reliable-6-5-inch-lcd-display-replacement-for-realme-10-restore-clear-bright-and-vibrant-visuals\\\/#breadcrumb\",\"itemListElement\":[{\"@type\":\"ListItem\",\"position\":1,\"name\":\"Home\",\"item\":\"https:\\\/\\\/www.dt-smart.com\\\/\"},{\"@type\":\"ListItem\",\"position\":2,\"name\":\"Product\",\"item\":\"https:\\\/\\\/www.dt-smart.com\\\/ru\\\/product\\\/\"},{\"@type\":\"ListItem\",\"position\":3,\"name\":\"Realme 10 6.5-inch LCD Replacement Screen &#8211; High Brightness Mode, Vibrant Color Tuning, Clear HD+ Visuals. 1-Year Warranty, Fast Shipping\"}]},{\"@type\":\"WebSite\",\"@id\":\"https:\\\/\\\/www.dt-smart.com\\\/#website\",\"url\":\"https:\\\/\\\/www.dt-smart.com\\\/\",\"name\":\"InsurePart\",\"description\":\"Cell Phone Repair Parts; iPhone Parts Wholesale;Samsung Parts Supplier\",\"potentialAction\":[{\"@type\":\"SearchAction\",\"target\":{\"@type\":\"EntryPoint\",\"urlTemplate\":\"https:\\\/\\\/www.dt-smart.com\\\/?s={search_term_string}\"},\"query-input\":{\"@type\":\"PropertyValueSpecification\",\"valueRequired\":true,\"valueName\":\"search_term_string\"}}],\"inLanguage\":\"es\"}]}<\/script>\n<!-- \/ Yoast SEO plugin. -->","yoast_head_json":{"title":"Realme 10 6.5-inch LCD Replacement Screen - High Brightness Mode, Vibrant Color Tuning, Clear HD+ Visuals. 1-Year Warranty, Fast Shipping - InsurePart","robots":{"index":"index","follow":"follow","max-snippet":"max-snippet:-1","max-image-preview":"max-image-preview:large","max-video-preview":"max-video-preview:-1"},"canonical":"https:\/\/www.dt-smart.com\/es\/producto\/reliable-6-5-inch-lcd-display-replacement-for-realme-10-restore-clear-bright-and-vibrant-visuals\/","og_locale":"es_ES","og_type":"article","og_title":"Realme 10 6.5-inch LCD Replacement Screen - High Brightness Mode, Vibrant Color Tuning, Clear HD+ Visuals. 1-Year Warranty, Fast Shipping - InsurePart","og_url":"https:\/\/www.dt-smart.com\/es\/producto\/reliable-6-5-inch-lcd-display-replacement-for-realme-10-restore-clear-bright-and-vibrant-visuals\/","og_site_name":"InsurePart","article_publisher":"https:\/\/www.facebook.com\/anjinleeEva","article_modified_time":"2026-01-08T07:55:26+00:00","og_image":[{"width":1000,"height":1000,"url":"https:\/\/www.dt-smart.com\/wp-content\/uploads\/2024\/11\/rl-10\u4e3b.webp","type":"image\/webp"}],"twitter_card":"summary_large_image","twitter_misc":{"Tiempo de lectura":"1 minuto"},"schema":{"@context":"https:\/\/schema.org","@graph":[{"@type":"WebPage","@id":"https:\/\/www.dt-smart.com\/es\/producto\/reliable-6-5-inch-lcd-display-replacement-for-realme-10-restore-clear-bright-and-vibrant-visuals\/","url":"https:\/\/www.dt-smart.com\/es\/producto\/reliable-6-5-inch-lcd-display-replacement-for-realme-10-restore-clear-bright-and-vibrant-visuals\/","name":"Realme 10 6.5-inch LCD Replacement Screen - High Brightness Mode, Vibrant Color Tuning, Clear HD+ Visuals. 1-Year Warranty, Fast Shipping - InsurePart","isPartOf":{"@id":"https:\/\/www.dt-smart.com\/#website"},"primaryImageOfPage":{"@id":"https:\/\/www.dt-smart.com\/es\/producto\/reliable-6-5-inch-lcd-display-replacement-for-realme-10-restore-clear-bright-and-vibrant-visuals\/#primaryimage"},"image":{"@id":"https:\/\/www.dt-smart.com\/es\/producto\/reliable-6-5-inch-lcd-display-replacement-for-realme-10-restore-clear-bright-and-vibrant-visuals\/#primaryimage"},"thumbnailUrl":"https:\/\/www.dt-smart.com\/wp-content\/uploads\/2024\/11\/rl-10\u4e3b.webp","datePublished":"2024-11-28T02:09:18+00:00","dateModified":"2026-01-08T07:55:26+00:00","breadcrumb":{"@id":"https:\/\/www.dt-smart.com\/es\/producto\/reliable-6-5-inch-lcd-display-replacement-for-realme-10-restore-clear-bright-and-vibrant-visuals\/#breadcrumb"},"inLanguage":"es","potentialAction":[{"@type":"ReadAction","target":["https:\/\/www.dt-smart.com\/es\/producto\/reliable-6-5-inch-lcd-display-replacement-for-realme-10-restore-clear-bright-and-vibrant-visuals\/"]}]},{"@type":"ImageObject","inLanguage":"es","@id":"https:\/\/www.dt-smart.com\/es\/producto\/reliable-6-5-inch-lcd-display-replacement-for-realme-10-restore-clear-bright-and-vibrant-visuals\/#primaryimage","url":"https:\/\/www.dt-smart.com\/wp-content\/uploads\/2024\/11\/rl-10\u4e3b.webp","contentUrl":"https:\/\/www.dt-smart.com\/wp-content\/uploads\/2024\/11\/rl-10\u4e3b.webp","width":1000,"height":1000},{"@type":"BreadcrumbList","@id":"https:\/\/www.dt-smart.com\/es\/producto\/reliable-6-5-inch-lcd-display-replacement-for-realme-10-restore-clear-bright-and-vibrant-visuals\/#breadcrumb","itemListElement":[{"@type":"ListItem","position":1,"name":"Home","item":"https:\/\/www.dt-smart.com\/"},{"@type":"ListItem","position":2,"name":"Product","item":"https:\/\/www.dt-smart.com\/ru\/product\/"},{"@type":"ListItem","position":3,"name":"Realme 10 6.5-inch LCD Replacement Screen &#8211; High Brightness Mode, Vibrant Color Tuning, Clear HD+ Visuals. 1-Year Warranty, Fast Shipping"}]},{"@type":"WebSite","@id":"https:\/\/www.dt-smart.com\/#website","url":"https:\/\/www.dt-smart.com\/","name":"Asegurar parte","description":"Repuestos para celulares; Venta al por mayor de repuestos para iPhone; Proveedor de repuestos para Samsung","potentialAction":[{"@type":"SearchAction","target":{"@type":"EntryPoint","urlTemplate":"https:\/\/www.dt-smart.com\/?s={search_term_string}"},"query-input":{"@type":"PropertyValueSpecification","valueRequired":true,"valueName":"search_term_string"}}],"inLanguage":"es"}]}},"_links":{"self":[{"href":"https:\/\/www.dt-smart.com\/es\/wp-json\/wp\/v2\/product\/17299","targetHints":{"allow":["GET"]}}],"collection":[{"href":"https:\/\/www.dt-smart.com\/es\/wp-json\/wp\/v2\/product"}],"about":[{"href":"https:\/\/www.dt-smart.com\/es\/wp-json\/wp\/v2\/types\/product"}],"replies":[{"embeddable":true,"href":"https:\/\/www.dt-smart.com\/es\/wp-json\/wp\/v2\/comments?post=17299"}],"version-history":[{"count":2,"href":"https:\/\/www.dt-smart.com\/es\/wp-json\/wp\/v2\/product\/17299\/revisions"}],"predecessor-version":[{"id":24458,"href":"https:\/\/www.dt-smart.com\/es\/wp-json\/wp\/v2\/product\/17299\/revisions\/24458"}],"wp:featuredmedia":[{"embeddable":true,"href":"https:\/\/www.dt-smart.com\/es\/wp-json\/wp\/v2\/media\/17227"}],"wp:attachment":[{"href":"https:\/\/www.dt-smart.com\/es\/wp-json\/wp\/v2\/media?parent=17299"}],"wp:term":[{"taxonomy":"product_brand","embeddable":true,"href":"https:\/\/www.dt-smart.com\/es\/wp-json\/wp\/v2\/product_brand?post=17299"},{"taxonomy":"product_cat","embeddable":true,"href":"https:\/\/www.dt-smart.com\/es\/wp-json\/wp\/v2\/product_cat?post=17299"},{"taxonomy":"product_tag","embeddable":true,"href":"https:\/\/www.dt-smart.com\/es\/wp-json\/wp\/v2\/product_tag?post=17299"}],"curies":[{"name":"wp","href":"https:\/\/api.w.org\/{rel}","templated":true}]}}