{"id":17359,"date":"2024-11-29T10:03:21","date_gmt":"2024-11-29T02:03:21","guid":{"rendered":"https:\/\/insurepart.com\/?post_type=product&#038;p=17359"},"modified":"2026-01-08T15:51:55","modified_gmt":"2026-01-08T07:51:55","slug":"premium-realme-c33-replacement-screen-for-clear-display-and-reliable-touch-response","status":"publish","type":"product","link":"https:\/\/www.dt-smart.com\/es\/producto\/premium-realme-c33-replacement-screen-for-clear-display-and-reliable-touch-response\/","title":{"rendered":"Pantalla LCD de repuesto para Realme C33: alta claridad y sensibilidad t\u00e1ctil. Garant\u00eda de 1 a\u00f1o. Env\u00edo r\u00e1pido."},"content":{"rendered":"","protected":false},"excerpt":{"rendered":"<p>Elevate your Realme C33 with this high-quality replacement screen, tailored for vivid display and precise touch responsiveness.<br \/>\nDesigned with durability in mind, this screen offers long-lasting performance, making it perfect for restoring your device to like-new condition.<br \/>\nEasy installation and flawless fit ensure a hassle-free repair process, letting you enjoy uninterrupted use of your smartphone.<\/p>","protected":false},"featured_media":17333,"comment_status":"open","ping_status":"closed","template":"","meta":[],"product_brand":[],"product_cat":[379,1217,1234],"product_tag":[],"class_list":{"0":"post-17359","1":"product","2":"type-product","3":"status-publish","4":"has-post-thumbnail","6":"product_cat-oppo","7":"product_cat-1217","8":"product_cat-realme-c33","10":"first","11":"instock","12":"taxable","13":"shipping-taxable","14":"product-type-simple"},"yoast_head":"<!-- This site is optimized with the Yoast SEO plugin v27.4 - https:\/\/yoast.com\/product\/yoast-seo-wordpress\/ -->\n<title>Realme C33 Replacement LCD Screen - High Clarity Display, Responsive Touch Sensitivity. 1-Year Warranty, Fast Shipping - InsurePart<\/title>\n<meta name=\"robots\" content=\"index, follow, max-snippet:-1, max-image-preview:large, max-video-preview:-1\" \/>\n<link rel=\"canonical\" href=\"https:\/\/www.dt-smart.com\/es\/producto\/premium-realme-c33-replacement-screen-for-clear-display-and-reliable-touch-response\/\" \/>\n<meta property=\"og:locale\" content=\"es_ES\" \/>\n<meta property=\"og:type\" content=\"article\" \/>\n<meta property=\"og:title\" content=\"Realme C33 Replacement LCD Screen - High Clarity Display, Responsive Touch Sensitivity. 1-Year Warranty, Fast Shipping - InsurePart\" \/>\n<meta property=\"og:description\" content=\"Elevate your Realme C33 with this high-quality replacement screen, tailored for vivid display and precise touch responsiveness. Designed with durability in mind, this screen offers long-lasting performance, making it perfect for restoring your device to like-new condition. Easy installation and flawless fit ensure a hassle-free repair process, letting you enjoy uninterrupted use of your smartphone.\" \/>\n<meta property=\"og:url\" content=\"https:\/\/www.dt-smart.com\/es\/producto\/premium-realme-c33-replacement-screen-for-clear-display-and-reliable-touch-response\/\" \/>\n<meta property=\"og:site_name\" content=\"InsurePart\" \/>\n<meta property=\"article:publisher\" content=\"https:\/\/www.facebook.com\/anjinleeEva\" \/>\n<meta property=\"article:modified_time\" content=\"2026-01-08T07:51:55+00:00\" \/>\n<meta property=\"og:image\" content=\"https:\/\/www.dt-smart.com\/wp-content\/uploads\/2024\/11\/rl-C33\u4e3b.webp\" \/>\n\t<meta property=\"og:image:width\" content=\"1000\" \/>\n\t<meta property=\"og:image:height\" content=\"1000\" \/>\n\t<meta property=\"og:image:type\" content=\"image\/webp\" \/>\n<meta name=\"twitter:card\" content=\"summary_large_image\" \/>\n<script type=\"application\/ld+json\" class=\"yoast-schema-graph\">{\"@context\":\"https:\\\/\\\/schema.org\",\"@graph\":[{\"@type\":\"WebPage\",\"@id\":\"https:\\\/\\\/www.dt-smart.com\\\/es\\\/producto\\\/premium-realme-c33-replacement-screen-for-clear-display-and-reliable-touch-response\\\/\",\"url\":\"https:\\\/\\\/www.dt-smart.com\\\/es\\\/producto\\\/premium-realme-c33-replacement-screen-for-clear-display-and-reliable-touch-response\\\/\",\"name\":\"Realme C33 Replacement LCD Screen - High Clarity Display, Responsive Touch Sensitivity. 1-Year Warranty, Fast Shipping - InsurePart\",\"isPartOf\":{\"@id\":\"https:\\\/\\\/www.dt-smart.com\\\/#website\"},\"primaryImageOfPage\":{\"@id\":\"https:\\\/\\\/www.dt-smart.com\\\/es\\\/producto\\\/premium-realme-c33-replacement-screen-for-clear-display-and-reliable-touch-response\\\/#primaryimage\"},\"image\":{\"@id\":\"https:\\\/\\\/www.dt-smart.com\\\/es\\\/producto\\\/premium-realme-c33-replacement-screen-for-clear-display-and-reliable-touch-response\\\/#primaryimage\"},\"thumbnailUrl\":\"https:\\\/\\\/www.dt-smart.com\\\/wp-content\\\/uploads\\\/2024\\\/11\\\/rl-C33\u4e3b.webp\",\"datePublished\":\"2024-11-29T02:03:21+00:00\",\"dateModified\":\"2026-01-08T07:51:55+00:00\",\"breadcrumb\":{\"@id\":\"https:\\\/\\\/www.dt-smart.com\\\/es\\\/producto\\\/premium-realme-c33-replacement-screen-for-clear-display-and-reliable-touch-response\\\/#breadcrumb\"},\"inLanguage\":\"es\",\"potentialAction\":[{\"@type\":\"ReadAction\",\"target\":[\"https:\\\/\\\/www.dt-smart.com\\\/es\\\/producto\\\/premium-realme-c33-replacement-screen-for-clear-display-and-reliable-touch-response\\\/\"]}]},{\"@type\":\"ImageObject\",\"inLanguage\":\"es\",\"@id\":\"https:\\\/\\\/www.dt-smart.com\\\/es\\\/producto\\\/premium-realme-c33-replacement-screen-for-clear-display-and-reliable-touch-response\\\/#primaryimage\",\"url\":\"https:\\\/\\\/www.dt-smart.com\\\/wp-content\\\/uploads\\\/2024\\\/11\\\/rl-C33\u4e3b.webp\",\"contentUrl\":\"https:\\\/\\\/www.dt-smart.com\\\/wp-content\\\/uploads\\\/2024\\\/11\\\/rl-C33\u4e3b.webp\",\"width\":1000,\"height\":1000},{\"@type\":\"BreadcrumbList\",\"@id\":\"https:\\\/\\\/www.dt-smart.com\\\/es\\\/producto\\\/premium-realme-c33-replacement-screen-for-clear-display-and-reliable-touch-response\\\/#breadcrumb\",\"itemListElement\":[{\"@type\":\"ListItem\",\"position\":1,\"name\":\"Home\",\"item\":\"https:\\\/\\\/www.dt-smart.com\\\/\"},{\"@type\":\"ListItem\",\"position\":2,\"name\":\"Product\",\"item\":\"https:\\\/\\\/www.dt-smart.com\\\/ru\\\/product\\\/\"},{\"@type\":\"ListItem\",\"position\":3,\"name\":\"Realme C33 Replacement LCD Screen &#8211; High Clarity Display, Responsive Touch Sensitivity. 1-Year Warranty, Fast Shipping\"}]},{\"@type\":\"WebSite\",\"@id\":\"https:\\\/\\\/www.dt-smart.com\\\/#website\",\"url\":\"https:\\\/\\\/www.dt-smart.com\\\/\",\"name\":\"InsurePart\",\"description\":\"Cell Phone Repair Parts; iPhone Parts Wholesale;Samsung Parts Supplier\",\"potentialAction\":[{\"@type\":\"SearchAction\",\"target\":{\"@type\":\"EntryPoint\",\"urlTemplate\":\"https:\\\/\\\/www.dt-smart.com\\\/?s={search_term_string}\"},\"query-input\":{\"@type\":\"PropertyValueSpecification\",\"valueRequired\":true,\"valueName\":\"search_term_string\"}}],\"inLanguage\":\"es\"}]}<\/script>\n<!-- \/ Yoast SEO plugin. -->","yoast_head_json":{"title":"Realme C33 Replacement LCD Screen - High Clarity Display, Responsive Touch Sensitivity. 1-Year Warranty, Fast Shipping - InsurePart","robots":{"index":"index","follow":"follow","max-snippet":"max-snippet:-1","max-image-preview":"max-image-preview:large","max-video-preview":"max-video-preview:-1"},"canonical":"https:\/\/www.dt-smart.com\/es\/producto\/premium-realme-c33-replacement-screen-for-clear-display-and-reliable-touch-response\/","og_locale":"es_ES","og_type":"article","og_title":"Realme C33 Replacement LCD Screen - High Clarity Display, Responsive Touch Sensitivity. 1-Year Warranty, Fast Shipping - InsurePart","og_description":"Elevate your Realme C33 with this high-quality replacement screen, tailored for vivid display and precise touch responsiveness. Designed with durability in mind, this screen offers long-lasting performance, making it perfect for restoring your device to like-new condition. Easy installation and flawless fit ensure a hassle-free repair process, letting you enjoy uninterrupted use of your smartphone.","og_url":"https:\/\/www.dt-smart.com\/es\/producto\/premium-realme-c33-replacement-screen-for-clear-display-and-reliable-touch-response\/","og_site_name":"InsurePart","article_publisher":"https:\/\/www.facebook.com\/anjinleeEva","article_modified_time":"2026-01-08T07:51:55+00:00","og_image":[{"width":1000,"height":1000,"url":"https:\/\/www.dt-smart.com\/wp-content\/uploads\/2024\/11\/rl-C33\u4e3b.webp","type":"image\/webp"}],"twitter_card":"summary_large_image","schema":{"@context":"https:\/\/schema.org","@graph":[{"@type":"WebPage","@id":"https:\/\/www.dt-smart.com\/es\/producto\/premium-realme-c33-replacement-screen-for-clear-display-and-reliable-touch-response\/","url":"https:\/\/www.dt-smart.com\/es\/producto\/premium-realme-c33-replacement-screen-for-clear-display-and-reliable-touch-response\/","name":"Realme C33 Replacement LCD Screen - High Clarity Display, Responsive Touch Sensitivity. 1-Year Warranty, Fast Shipping - InsurePart","isPartOf":{"@id":"https:\/\/www.dt-smart.com\/#website"},"primaryImageOfPage":{"@id":"https:\/\/www.dt-smart.com\/es\/producto\/premium-realme-c33-replacement-screen-for-clear-display-and-reliable-touch-response\/#primaryimage"},"image":{"@id":"https:\/\/www.dt-smart.com\/es\/producto\/premium-realme-c33-replacement-screen-for-clear-display-and-reliable-touch-response\/#primaryimage"},"thumbnailUrl":"https:\/\/www.dt-smart.com\/wp-content\/uploads\/2024\/11\/rl-C33\u4e3b.webp","datePublished":"2024-11-29T02:03:21+00:00","dateModified":"2026-01-08T07:51:55+00:00","breadcrumb":{"@id":"https:\/\/www.dt-smart.com\/es\/producto\/premium-realme-c33-replacement-screen-for-clear-display-and-reliable-touch-response\/#breadcrumb"},"inLanguage":"es","potentialAction":[{"@type":"ReadAction","target":["https:\/\/www.dt-smart.com\/es\/producto\/premium-realme-c33-replacement-screen-for-clear-display-and-reliable-touch-response\/"]}]},{"@type":"ImageObject","inLanguage":"es","@id":"https:\/\/www.dt-smart.com\/es\/producto\/premium-realme-c33-replacement-screen-for-clear-display-and-reliable-touch-response\/#primaryimage","url":"https:\/\/www.dt-smart.com\/wp-content\/uploads\/2024\/11\/rl-C33\u4e3b.webp","contentUrl":"https:\/\/www.dt-smart.com\/wp-content\/uploads\/2024\/11\/rl-C33\u4e3b.webp","width":1000,"height":1000},{"@type":"BreadcrumbList","@id":"https:\/\/www.dt-smart.com\/es\/producto\/premium-realme-c33-replacement-screen-for-clear-display-and-reliable-touch-response\/#breadcrumb","itemListElement":[{"@type":"ListItem","position":1,"name":"Home","item":"https:\/\/www.dt-smart.com\/"},{"@type":"ListItem","position":2,"name":"Product","item":"https:\/\/www.dt-smart.com\/ru\/product\/"},{"@type":"ListItem","position":3,"name":"Realme C33 Replacement LCD Screen &#8211; High Clarity Display, Responsive Touch Sensitivity. 1-Year Warranty, Fast Shipping"}]},{"@type":"WebSite","@id":"https:\/\/www.dt-smart.com\/#website","url":"https:\/\/www.dt-smart.com\/","name":"Asegurar parte","description":"Repuestos para celulares; Venta al por mayor de repuestos para iPhone; Proveedor de repuestos para Samsung","potentialAction":[{"@type":"SearchAction","target":{"@type":"EntryPoint","urlTemplate":"https:\/\/www.dt-smart.com\/?s={search_term_string}"},"query-input":{"@type":"PropertyValueSpecification","valueRequired":true,"valueName":"search_term_string"}}],"inLanguage":"es"}]}},"_links":{"self":[{"href":"https:\/\/www.dt-smart.com\/es\/wp-json\/wp\/v2\/product\/17359","targetHints":{"allow":["GET"]}}],"collection":[{"href":"https:\/\/www.dt-smart.com\/es\/wp-json\/wp\/v2\/product"}],"about":[{"href":"https:\/\/www.dt-smart.com\/es\/wp-json\/wp\/v2\/types\/product"}],"replies":[{"embeddable":true,"href":"https:\/\/www.dt-smart.com\/es\/wp-json\/wp\/v2\/comments?post=17359"}],"version-history":[{"count":1,"href":"https:\/\/www.dt-smart.com\/es\/wp-json\/wp\/v2\/product\/17359\/revisions"}],"predecessor-version":[{"id":24451,"href":"https:\/\/www.dt-smart.com\/es\/wp-json\/wp\/v2\/product\/17359\/revisions\/24451"}],"wp:featuredmedia":[{"embeddable":true,"href":"https:\/\/www.dt-smart.com\/es\/wp-json\/wp\/v2\/media\/17333"}],"wp:attachment":[{"href":"https:\/\/www.dt-smart.com\/es\/wp-json\/wp\/v2\/media?parent=17359"}],"wp:term":[{"taxonomy":"product_brand","embeddable":true,"href":"https:\/\/www.dt-smart.com\/es\/wp-json\/wp\/v2\/product_brand?post=17359"},{"taxonomy":"product_cat","embeddable":true,"href":"https:\/\/www.dt-smart.com\/es\/wp-json\/wp\/v2\/product_cat?post=17359"},{"taxonomy":"product_tag","embeddable":true,"href":"https:\/\/www.dt-smart.com\/es\/wp-json\/wp\/v2\/product_tag?post=17359"}],"curies":[{"name":"wp","href":"https:\/\/api.w.org\/{rel}","templated":true}]}}