{"id":17494,"date":"2024-12-05T10:44:17","date_gmt":"2024-12-05T02:44:17","guid":{"rendered":"https:\/\/insurepart.com\/?post_type=product&#038;p=17494"},"modified":"2026-01-05T15:11:27","modified_gmt":"2026-01-05T07:11:27","slug":"high-brightness-replacement-screen-for-google-pixel-8-pro-vivid-colors-and-sharp-resolution","status":"publish","type":"product","link":"https:\/\/www.dt-smart.com\/es\/producto\/high-brightness-replacement-screen-for-google-pixel-8-pro-vivid-colors-and-sharp-resolution\/","title":{"rendered":"Pantalla de repuesto para Google Pixel 8 Pro: pantalla de alto brillo con colores vivos y resoluci\u00f3n n\u00edtida, LTPO ultrasuave de 120 Hz, calidad OEM, garant\u00eda de calidad, env\u00edo r\u00e1pido."},"content":{"rendered":"<p><img fetchpriority=\"high\" decoding=\"async\" class=\"size-full wp-image-15567 aligncenter\" src=\"https:\/\/insurepart.com\/wp-content\/uploads\/2024\/08\/\u4e3a\u4ec0\u4e48\u9009\u62e9\u6211\u4eec22.webp\" alt=\"\" width=\"1000\" height=\"786\" srcset=\"https:\/\/www.dt-smart.com\/wp-content\/uploads\/2024\/08\/\u4e3a\u4ec0\u4e48\u9009\u62e9\u6211\u4eec22.webp 1000w, https:\/\/www.dt-smart.com\/wp-content\/uploads\/2024\/08\/\u4e3a\u4ec0\u4e48\u9009\u62e9\u6211\u4eec22-300x236.webp 300w, https:\/\/www.dt-smart.com\/wp-content\/uploads\/2024\/08\/\u4e3a\u4ec0\u4e48\u9009\u62e9\u6211\u4eec22-150x118.webp 150w, https:\/\/www.dt-smart.com\/wp-content\/uploads\/2024\/08\/\u4e3a\u4ec0\u4e48\u9009\u62e9\u6211\u4eec22-800x629.webp 800w, https:\/\/www.dt-smart.com\/wp-content\/uploads\/2024\/08\/\u4e3a\u4ec0\u4e48\u9009\u62e9\u6211\u4eec22-768x604.webp 768w, https:\/\/www.dt-smart.com\/wp-content\/uploads\/2024\/08\/\u4e3a\u4ec0\u4e48\u9009\u62e9\u6211\u4eec22-15x12.webp 15w\" sizes=\"(max-width: 1000px) 100vw, 1000px\" \/><\/p>","protected":false},"excerpt":{"rendered":"<p>The high-brightness replacement screen for Google Pixel 8 Pro ensures that your screen remains visible even in challenging lighting conditions, such as direct sunlight. It features vivid color reproduction, allowing every image to pop with lifelike colors that are rich and true to what the creator intended. The resolution of this screen is optimized for maximum clarity, ensuring that text and images are sharp and easily readable. With enhanced contrast, this screen assembly enhances the overall depth and richness of the image, making blacks deeper and whites brighter, creating a more immersive and engaging viewing experience. The high brightness and vivid colors make this screen assembly perfect for enjoying multimedia content like videos, games, and photos. Whether you are outdoors or in a dimly lit room, the screen provides an exceptional visual experience.<\/p>","protected":false},"featured_media":17468,"comment_status":"open","ping_status":"closed","template":"","meta":[],"product_brand":[],"product_cat":[1243,1256],"product_tag":[],"class_list":{"0":"post-17494","1":"product","2":"type-product","3":"status-publish","4":"has-post-thumbnail","6":"product_cat-google","7":"product_cat-pixel-8pro","9":"first","10":"instock","11":"taxable","12":"shipping-taxable","13":"purchasable","14":"product-type-simple"},"yoast_head":"<!-- This site is optimized with the Yoast SEO plugin v27.4 - https:\/\/yoast.com\/product\/yoast-seo-wordpress\/ -->\n<title>Google Pixel 8 Pro Replacement Screen - High-Brightness Display with Vivid Colors &amp; Sharp Resolution - Ultra Smooth 120Hz LTPO - OEM Grade - Quality Guaranteed - Fast Shipping - InsurePart<\/title>\n<meta name=\"description\" content=\"Google Pixel 8 Pro Replacement Screen - High-Brightness Display with Vivid Colors &amp; Sharp Resolution - Ultra Smooth 120Hz LTPO - OEM Grade - Quality Guaranteed - Fast Shipping\" \/>\n<meta name=\"robots\" content=\"index, follow, max-snippet:-1, max-image-preview:large, max-video-preview:-1\" \/>\n<link rel=\"canonical\" href=\"https:\/\/www.dt-smart.com\/es\/producto\/high-brightness-replacement-screen-for-google-pixel-8-pro-vivid-colors-and-sharp-resolution\/\" \/>\n<meta property=\"og:locale\" content=\"es_ES\" \/>\n<meta property=\"og:type\" content=\"article\" \/>\n<meta property=\"og:title\" content=\"Google Pixel 8 Pro Replacement Screen - High-Brightness Display with Vivid Colors &amp; Sharp Resolution - Ultra Smooth 120Hz LTPO - OEM Grade - Quality Guaranteed - Fast Shipping - InsurePart\" \/>\n<meta property=\"og:description\" content=\"Google Pixel 8 Pro Replacement Screen - High-Brightness Display with Vivid Colors &amp; Sharp Resolution - Ultra Smooth 120Hz LTPO - OEM Grade - Quality Guaranteed - Fast Shipping\" \/>\n<meta property=\"og:url\" content=\"https:\/\/www.dt-smart.com\/es\/producto\/high-brightness-replacement-screen-for-google-pixel-8-pro-vivid-colors-and-sharp-resolution\/\" \/>\n<meta property=\"og:site_name\" content=\"InsurePart\" \/>\n<meta property=\"article:publisher\" content=\"https:\/\/www.facebook.com\/anjinleeEva\" \/>\n<meta property=\"article:modified_time\" content=\"2026-01-05T07:11:27+00:00\" \/>\n<meta property=\"og:image\" content=\"https:\/\/www.dt-smart.com\/wp-content\/uploads\/2024\/12\/pix-8pro\u526f1.webp\" \/>\n\t<meta property=\"og:image:width\" content=\"1000\" \/>\n\t<meta property=\"og:image:height\" content=\"1000\" \/>\n\t<meta property=\"og:image:type\" content=\"image\/webp\" \/>\n<meta name=\"twitter:card\" content=\"summary_large_image\" \/>\n<meta name=\"twitter:label1\" content=\"Tiempo de lectura\" \/>\n\t<meta name=\"twitter:data1\" content=\"1 minuto\" \/>\n<script type=\"application\/ld+json\" class=\"yoast-schema-graph\">{\"@context\":\"https:\\\/\\\/schema.org\",\"@graph\":[{\"@type\":\"WebPage\",\"@id\":\"https:\\\/\\\/www.dt-smart.com\\\/ja\\\/product\\\/high-brightness-replacement-screen-for-google-pixel-8-pro-vivid-colors-and-sharp-resolution\\\/\",\"url\":\"https:\\\/\\\/www.dt-smart.com\\\/ja\\\/product\\\/high-brightness-replacement-screen-for-google-pixel-8-pro-vivid-colors-and-sharp-resolution\\\/\",\"name\":\"Google Pixel 8 Pro Replacement Screen - High-Brightness Display with Vivid Colors & Sharp Resolution - Ultra Smooth 120Hz LTPO - OEM Grade - Quality Guaranteed - Fast Shipping - InsurePart\",\"isPartOf\":{\"@id\":\"https:\\\/\\\/www.dt-smart.com\\\/#website\"},\"primaryImageOfPage\":{\"@id\":\"https:\\\/\\\/www.dt-smart.com\\\/ja\\\/product\\\/high-brightness-replacement-screen-for-google-pixel-8-pro-vivid-colors-and-sharp-resolution\\\/#primaryimage\"},\"image\":{\"@id\":\"https:\\\/\\\/www.dt-smart.com\\\/ja\\\/product\\\/high-brightness-replacement-screen-for-google-pixel-8-pro-vivid-colors-and-sharp-resolution\\\/#primaryimage\"},\"thumbnailUrl\":\"https:\\\/\\\/www.dt-smart.com\\\/wp-content\\\/uploads\\\/2024\\\/12\\\/pix-8pro\u526f1.webp\",\"datePublished\":\"2024-12-05T02:44:17+00:00\",\"dateModified\":\"2026-01-05T07:11:27+00:00\",\"description\":\"Google Pixel 8 Pro Replacement Screen - High-Brightness Display with Vivid Colors & Sharp Resolution - Ultra Smooth 120Hz LTPO - OEM Grade - Quality Guaranteed - Fast Shipping\",\"breadcrumb\":{\"@id\":\"https:\\\/\\\/www.dt-smart.com\\\/ja\\\/product\\\/high-brightness-replacement-screen-for-google-pixel-8-pro-vivid-colors-and-sharp-resolution\\\/#breadcrumb\"},\"inLanguage\":\"es\",\"potentialAction\":[{\"@type\":\"ReadAction\",\"target\":[\"https:\\\/\\\/www.dt-smart.com\\\/ja\\\/product\\\/high-brightness-replacement-screen-for-google-pixel-8-pro-vivid-colors-and-sharp-resolution\\\/\"]}]},{\"@type\":\"ImageObject\",\"inLanguage\":\"es\",\"@id\":\"https:\\\/\\\/www.dt-smart.com\\\/ja\\\/product\\\/high-brightness-replacement-screen-for-google-pixel-8-pro-vivid-colors-and-sharp-resolution\\\/#primaryimage\",\"url\":\"https:\\\/\\\/www.dt-smart.com\\\/wp-content\\\/uploads\\\/2024\\\/12\\\/pix-8pro\u526f1.webp\",\"contentUrl\":\"https:\\\/\\\/www.dt-smart.com\\\/wp-content\\\/uploads\\\/2024\\\/12\\\/pix-8pro\u526f1.webp\",\"width\":1000,\"height\":1000},{\"@type\":\"BreadcrumbList\",\"@id\":\"https:\\\/\\\/www.dt-smart.com\\\/ja\\\/product\\\/high-brightness-replacement-screen-for-google-pixel-8-pro-vivid-colors-and-sharp-resolution\\\/#breadcrumb\",\"itemListElement\":[{\"@type\":\"ListItem\",\"position\":1,\"name\":\"Home\",\"item\":\"https:\\\/\\\/www.dt-smart.com\\\/\"},{\"@type\":\"ListItem\",\"position\":2,\"name\":\"Product\",\"item\":\"https:\\\/\\\/www.dt-smart.com\\\/ru\\\/product\\\/\"},{\"@type\":\"ListItem\",\"position\":3,\"name\":\"Google Pixel 8 Pro Replacement Screen &#8211; High-Brightness Display with Vivid Colors &#038; Sharp Resolution &#8211; Ultra Smooth 120Hz LTPO &#8211; OEM Grade &#8211; Quality Guaranteed &#8211; Fast Shipping\"}]},{\"@type\":\"WebSite\",\"@id\":\"https:\\\/\\\/www.dt-smart.com\\\/#website\",\"url\":\"https:\\\/\\\/www.dt-smart.com\\\/\",\"name\":\"InsurePart\",\"description\":\"Cell Phone Repair Parts; iPhone Parts Wholesale;Samsung Parts Supplier\",\"potentialAction\":[{\"@type\":\"SearchAction\",\"target\":{\"@type\":\"EntryPoint\",\"urlTemplate\":\"https:\\\/\\\/www.dt-smart.com\\\/?s={search_term_string}\"},\"query-input\":{\"@type\":\"PropertyValueSpecification\",\"valueRequired\":true,\"valueName\":\"search_term_string\"}}],\"inLanguage\":\"es\"}]}<\/script>\n<!-- \/ Yoast SEO plugin. -->","yoast_head_json":{"title":"Google Pixel 8 Pro Replacement Screen - High-Brightness Display with Vivid Colors & Sharp Resolution - Ultra Smooth 120Hz LTPO - OEM Grade - Quality Guaranteed - Fast Shipping - InsurePart","description":"Google Pixel 8 Pro Replacement Screen - High-Brightness Display with Vivid Colors & Sharp Resolution - Ultra Smooth 120Hz LTPO - OEM Grade - Quality Guaranteed - Fast Shipping","robots":{"index":"index","follow":"follow","max-snippet":"max-snippet:-1","max-image-preview":"max-image-preview:large","max-video-preview":"max-video-preview:-1"},"canonical":"https:\/\/www.dt-smart.com\/es\/producto\/high-brightness-replacement-screen-for-google-pixel-8-pro-vivid-colors-and-sharp-resolution\/","og_locale":"es_ES","og_type":"article","og_title":"Google Pixel 8 Pro Replacement Screen - High-Brightness Display with Vivid Colors & Sharp Resolution - Ultra Smooth 120Hz LTPO - OEM Grade - Quality Guaranteed - Fast Shipping - InsurePart","og_description":"Google Pixel 8 Pro Replacement Screen - High-Brightness Display with Vivid Colors & Sharp Resolution - Ultra Smooth 120Hz LTPO - OEM Grade - Quality Guaranteed - Fast Shipping","og_url":"https:\/\/www.dt-smart.com\/es\/producto\/high-brightness-replacement-screen-for-google-pixel-8-pro-vivid-colors-and-sharp-resolution\/","og_site_name":"InsurePart","article_publisher":"https:\/\/www.facebook.com\/anjinleeEva","article_modified_time":"2026-01-05T07:11:27+00:00","og_image":[{"width":1000,"height":1000,"url":"https:\/\/www.dt-smart.com\/wp-content\/uploads\/2024\/12\/pix-8pro\u526f1.webp","type":"image\/webp"}],"twitter_card":"summary_large_image","twitter_misc":{"Tiempo de lectura":"1 minuto"},"schema":{"@context":"https:\/\/schema.org","@graph":[{"@type":"WebPage","@id":"https:\/\/www.dt-smart.com\/ja\/product\/high-brightness-replacement-screen-for-google-pixel-8-pro-vivid-colors-and-sharp-resolution\/","url":"https:\/\/www.dt-smart.com\/ja\/product\/high-brightness-replacement-screen-for-google-pixel-8-pro-vivid-colors-and-sharp-resolution\/","name":"Google Pixel 8 Pro Replacement Screen - High-Brightness Display with Vivid Colors & Sharp Resolution - Ultra Smooth 120Hz LTPO - OEM Grade - Quality Guaranteed - Fast Shipping - InsurePart","isPartOf":{"@id":"https:\/\/www.dt-smart.com\/#website"},"primaryImageOfPage":{"@id":"https:\/\/www.dt-smart.com\/ja\/product\/high-brightness-replacement-screen-for-google-pixel-8-pro-vivid-colors-and-sharp-resolution\/#primaryimage"},"image":{"@id":"https:\/\/www.dt-smart.com\/ja\/product\/high-brightness-replacement-screen-for-google-pixel-8-pro-vivid-colors-and-sharp-resolution\/#primaryimage"},"thumbnailUrl":"https:\/\/www.dt-smart.com\/wp-content\/uploads\/2024\/12\/pix-8pro\u526f1.webp","datePublished":"2024-12-05T02:44:17+00:00","dateModified":"2026-01-05T07:11:27+00:00","description":"Google Pixel 8 Pro Replacement Screen - High-Brightness Display with Vivid Colors & Sharp Resolution - Ultra Smooth 120Hz LTPO - OEM Grade - Quality Guaranteed - Fast Shipping","breadcrumb":{"@id":"https:\/\/www.dt-smart.com\/ja\/product\/high-brightness-replacement-screen-for-google-pixel-8-pro-vivid-colors-and-sharp-resolution\/#breadcrumb"},"inLanguage":"es","potentialAction":[{"@type":"ReadAction","target":["https:\/\/www.dt-smart.com\/ja\/product\/high-brightness-replacement-screen-for-google-pixel-8-pro-vivid-colors-and-sharp-resolution\/"]}]},{"@type":"ImageObject","inLanguage":"es","@id":"https:\/\/www.dt-smart.com\/ja\/product\/high-brightness-replacement-screen-for-google-pixel-8-pro-vivid-colors-and-sharp-resolution\/#primaryimage","url":"https:\/\/www.dt-smart.com\/wp-content\/uploads\/2024\/12\/pix-8pro\u526f1.webp","contentUrl":"https:\/\/www.dt-smart.com\/wp-content\/uploads\/2024\/12\/pix-8pro\u526f1.webp","width":1000,"height":1000},{"@type":"BreadcrumbList","@id":"https:\/\/www.dt-smart.com\/ja\/product\/high-brightness-replacement-screen-for-google-pixel-8-pro-vivid-colors-and-sharp-resolution\/#breadcrumb","itemListElement":[{"@type":"ListItem","position":1,"name":"Home","item":"https:\/\/www.dt-smart.com\/"},{"@type":"ListItem","position":2,"name":"Product","item":"https:\/\/www.dt-smart.com\/ru\/product\/"},{"@type":"ListItem","position":3,"name":"Google Pixel 8 Pro Replacement Screen &#8211; High-Brightness Display with Vivid Colors &#038; Sharp Resolution &#8211; Ultra Smooth 120Hz LTPO &#8211; OEM Grade &#8211; Quality Guaranteed &#8211; Fast Shipping"}]},{"@type":"WebSite","@id":"https:\/\/www.dt-smart.com\/#website","url":"https:\/\/www.dt-smart.com\/","name":"Asegurar parte","description":"Repuestos para celulares; Venta al por mayor de repuestos para iPhone; Proveedor de repuestos para Samsung","potentialAction":[{"@type":"SearchAction","target":{"@type":"EntryPoint","urlTemplate":"https:\/\/www.dt-smart.com\/?s={search_term_string}"},"query-input":{"@type":"PropertyValueSpecification","valueRequired":true,"valueName":"search_term_string"}}],"inLanguage":"es"}]}},"_links":{"self":[{"href":"https:\/\/www.dt-smart.com\/es\/wp-json\/wp\/v2\/product\/17494","targetHints":{"allow":["GET"]}}],"collection":[{"href":"https:\/\/www.dt-smart.com\/es\/wp-json\/wp\/v2\/product"}],"about":[{"href":"https:\/\/www.dt-smart.com\/es\/wp-json\/wp\/v2\/types\/product"}],"replies":[{"embeddable":true,"href":"https:\/\/www.dt-smart.com\/es\/wp-json\/wp\/v2\/comments?post=17494"}],"version-history":[{"count":2,"href":"https:\/\/www.dt-smart.com\/es\/wp-json\/wp\/v2\/product\/17494\/revisions"}],"predecessor-version":[{"id":23425,"href":"https:\/\/www.dt-smart.com\/es\/wp-json\/wp\/v2\/product\/17494\/revisions\/23425"}],"wp:featuredmedia":[{"embeddable":true,"href":"https:\/\/www.dt-smart.com\/es\/wp-json\/wp\/v2\/media\/17468"}],"wp:attachment":[{"href":"https:\/\/www.dt-smart.com\/es\/wp-json\/wp\/v2\/media?parent=17494"}],"wp:term":[{"taxonomy":"product_brand","embeddable":true,"href":"https:\/\/www.dt-smart.com\/es\/wp-json\/wp\/v2\/product_brand?post=17494"},{"taxonomy":"product_cat","embeddable":true,"href":"https:\/\/www.dt-smart.com\/es\/wp-json\/wp\/v2\/product_cat?post=17494"},{"taxonomy":"product_tag","embeddable":true,"href":"https:\/\/www.dt-smart.com\/es\/wp-json\/wp\/v2\/product_tag?post=17494"}],"curies":[{"name":"wp","href":"https:\/\/api.w.org\/{rel}","templated":true}]}}